{"id":14115,"date":"2023-11-08T15:54:40","date_gmt":"2023-11-08T15:54:40","guid":{"rendered":"https:\/\/moverdb.com\/freight-forwarder\/freight-forwarding-uk\/denny-freight-forwarder\/"},"modified":"2026-01-08T14:56:04","modified_gmt":"2026-01-08T14:56:04","slug":"denny-freight-forwarder","status":"publish","type":"page","link":"https:\/\/moverdb.com\/lt\/freight-forwarder\/freight-forwarding-uk\/denny-freight-forwarder\/","title":{"rendered":"2 geriausios \"Denny\" krovini\u0173 ekspedijavimo \u012fmon\u0117s (2023 m.)"},"content":{"rendered":"<p>Toliau ap\u017evelgsime 2 <em>\"geriausias\"<\/em> Krovini\u0173 ekspedijavimo \u012fmon\u0117s Denny mieste i\u0161 2.<\/p>\n<p>Nor\u0117dami su\u017einoti daugiau apie tai, kaip atrinkome geriausius, \u017er. pabaigoje esant\u012f DUK skyri\u0173.<\/p>\n<p><em>Atkreipkite d\u0117mes\u012f, kad toliau pateikti s\u0105ra\u0161ai n\u0117ra i\u0161d\u0117styti tam tikra tvarka ir mes nerekomenduojame jokios konkre\u010dios \u012fmon\u0117s.<\/em><\/p>\n<h2>Professional Direct Logistics UK Ltd.<\/h2>\n<p><img decoding=\"async\" src=\"https:\/\/moverdb.com\/wp-content\/uploads\/AF1QipPOth2vGRmSchhkRx8MuVj7mWfkzJ_rQq2N5ip_w427-h240-k-no.jpg\" alt='Professional Direct Logistics UK Ltd.' class=\"aligncenter\"><\/p>\n<p><strong>Verslo apra\u0161ymas: <\/strong>PDL buvo \u012fkurta 1996 m. kaip kurjeri\u0173 bendrov\u0117 ir i\u0161 esm\u0117s i\u0161augo \u012f labai profesionali\u0105 tarptautin\u0117s logistikos ir transporto paslaug\u0173 teik\u0117j\u0105.<\/p>\n<p> PDL yra Vidurio \u0160kotijoje, viduryje kelio tarp <a href=\"\" data-internallinksmanager029f6b8e52c=\"44\" title=\"Edinburgas\">Edinburgas<\/a> ir <a href=\"\" data-internallinksmanager029f6b8e52c=\"46\" title=\"Glazgas\">Glazgas<\/a>.<\/p>\n<p> M\u016bs\u0173 verslo etosas visada buvo si\u016blyti klientams profesionalias paslaugas u\u017e konkurencing\u0105 kain\u0105, o tai yra pagrindinis m\u016bs\u0173 \u012fmon\u0117s nuolatin\u0117s s\u0117km\u0117s veiksnys.<\/p>\n<p> PDL teikia veiksmingas platinimo ir surinkimo paslaugas savo klientams visoje \u0160kotijoje.<\/p>\n<p> M\u016bs\u0173 Europos grupinio krovini\u0173 ve\u017eimo paslauga apima nuo ma\u017e\u0173 mikroautobus\u0173 iki 44 t sunkve\u017eimi\u0173, o i\u0161vykimas vyksta kas dvi savaites.<\/p>\n<p><strong>Papildomos paslaugos:<\/strong><\/p>\n<p>Kurjeri\u0173 paslaugos<\/p>\n<p>Platinimo paslauga<\/p>\n<p>Generalinis rangovas<\/p>\n<p>Logistikos paslaugos<\/p>\n<p>Pristatymo paslauga<\/p>\n<p>Saugykla<\/p>\n<p>Transporto paslaugos<\/p>\n<p>Sunkve\u017eimi\u0173 bendrov\u0117<\/p>\n<p>Sand\u0117lis<\/p>\n<p><strong>Adresas:<\/strong> 1, Winchester Court, Denny FK6 6QR<\/p>\n<p><a href=\"https:\/\/professional-direct-logistics-uk-ltd.business.site\/\" target=\"_new\" rel=\"noopener\">\"Professional Direct Logistics UK Ltd.\" svetain\u0117<\/a><\/p>\n<p><strong>Ap\u017evalgos rezultatas: <\/strong>4.4<br \/> <strong>Atsiliepim\u0173 skai\u010dius:<\/strong> 14<br \/><a href=\"https:\/\/www.google.co.uk\/maps?cid=15794844380641143676&#038;hl=en&#038;gl=GB\" target=\"_new\" rel=\"noopener\">Skaityti atsiliepimus<\/a><\/p>\n<h2>\"IFS Worldwide Ltd<\/h2>\n<p><img decoding=\"async\" src=\"https:\/\/moverdb.com\/wp-content\/uploads\/thumbnailpanoidJPXawOYBvfcLAUhvTF6JxAcb_clientsearch.gws-prod.gpsw408h240yaw144.jpg\" alt='&quot;IFS Worldwide Ltd' class=\"aligncenter\"><\/p>\n<p><strong>Verslo apra\u0161ymas: <\/strong>Nepateikta<\/p>\n<p><strong>Papildomos paslaugos:<\/strong><\/p>\n<p>Pristatymo \u012fmon\u0117<\/p>\n<p><strong>Adresas:<\/strong> Winchester Ct, Denny FK6 6QR<\/p>\n<p><a href=\"http:\/\/www.ifsww.co.uk\/\" target=\"_new\" rel=\"noopener\">\"IFS Worldwide Ltd\" svetain\u0117<\/a><\/p>\n<p><strong>Ap\u017evalgos rezultatas: <\/strong>4.8<br \/> <strong>Atsiliepim\u0173 skai\u010dius:<\/strong> 12<br \/><a href=\"https:\/\/www.google.co.uk\/maps?cid=1496819135681390890&#038;hl=en&#038;gl=GB\" target=\"_new\" rel=\"noopener\">Skaityti atsiliepimus<\/a><\/p>\n<h2>Kaip i\u0161rinkome geriausias Denny krovini\u0173 ekspedijavimo \u012fmones<\/h2>\n<p>Prad\u0117jome nuo 2 Denio krovini\u0173 ekspedijavimo \u012fmoni\u0173, kurias gal\u0117jome rasti naudodamiesi \"Google Maps\", duomen\u0173 rinkinio ir susiaurinome j\u012f iki 2 geriausi\u0173.<\/p>\n<p>Nor\u0117dami tai padaryti, pa\u0161alinome visas \u012fmones, kurios:<\/p>\n<ul>\n<li> Netur\u0117jo interneto svetain\u0117s<\/li>\n<li> Netur\u0117jo joki\u0173 atsiliepim\u0173<\/li>\n<li> Tur\u0117jo vidutin\u012f ap\u017evalgos \u012fvertinim\u0105, ma\u017eesn\u012f nei 2,0 balo<\/li>\n<\/ul>\n<p>\u0160iuo metu, jei tur\u0117jome 17 ar ma\u017eiau ekspeditori\u0173, \u012f s\u0105ra\u0161\u0105 \u012ftrauk\u0117me visus.<\/p>\n<p>Miestuose, kuriuose liko daugiau nei 17 ekspeditori\u0173, atlikome tolesnius pakeitimus: padidinome reikalaujam\u0105 per\u017ei\u016bros bal\u0105 (pvz., nuo ma\u017eiausiai 2,0 iki 4,0) ir (arba) padidinome reikalaujam\u0105 ma\u017eiausi\u0105 per\u017ei\u016br\u0173 skai\u010di\u0173 (pvz., nuo ma\u017eiausiai 1 per\u017ei\u016bros iki ma\u017eiausiai 10).<\/p>\n<p>Atkreipkite d\u0117mes\u012f, kad naudojome tik \"Google\" \u017eem\u0117lapi\u0173, o ne kit\u0173 tre\u010di\u0173j\u0173 \u0161ali\u0173 svetaini\u0173 per\u017ei\u016bros duomenis.<\/p>\n<p>Daugiau miest\u0173:<\/p>\n<p><a href=\"https:\/\/moverdb.com\/lt\/ekspeditorius\/freight-forwarding-uk\/bordon-freight-forwarder\/\">Bordono krovini\u0173 ekspeditorius<\/a><br \/><a href=\"https:\/\/moverdb.com\/lt\/ekspeditorius\/freight-forwarding-uk\/pudsey-freight-forwarder\/\">Pudsey krovini\u0173 ekspeditorius<\/a><br \/><a href=\"https:\/\/moverdb.com\/lt\/ekspeditorius\/freight-forwarding-uk\/horley-freight-forwarder\/\">Horley krovini\u0173 ekspeditorius<\/a><br \/><a href=\"https:\/\/moverdb.com\/lt\/ekspeditorius\/freight-forwarding-uk\/enfield-freight-forwarder\/\">Enfildas Krovini\u0173 ekspeditorius<\/a><br \/><a href=\"https:\/\/moverdb.com\/lt\/ekspeditorius\/freight-forwarding-uk\/sutton-coldfield-freight-forwarder\/\">Sutton Coldfield Krovini\u0173 ekspeditorius<\/a><\/p>","protected":false},"excerpt":{"rendered":"<p>Below we look at the 2 &#8220;best&#8221; Freight Forwarding companies in Denny out of 2. To learn more about how we chose the best please consult our FAQ section at the end. Please not the following listings are in no particular order and we are not making any recommendations for any particular company. Professional Direct [&hellip;]<\/p>\n","protected":false},"author":1,"featured_media":0,"parent":13427,"menu_order":0,"comment_status":"open","ping_status":"open","template":"","meta":{"_genesis_hide_title":false,"_genesis_hide_breadcrumbs":false,"_genesis_hide_singular_image":false,"_genesis_hide_footer_widgets":false,"_genesis_custom_body_class":"","_genesis_custom_post_class":"","_genesis_layout":"","footnotes":""},"class_list":{"0":"post-14115","1":"page","2":"type-page","3":"status-publish","5":"entry"},"_links":{"self":[{"href":"https:\/\/moverdb.com\/lt\/wp-json\/wp\/v2\/pages\/14115","targetHints":{"allow":["GET"]}}],"collection":[{"href":"https:\/\/moverdb.com\/lt\/wp-json\/wp\/v2\/pages"}],"about":[{"href":"https:\/\/moverdb.com\/lt\/wp-json\/wp\/v2\/types\/page"}],"author":[{"embeddable":true,"href":"https:\/\/moverdb.com\/lt\/wp-json\/wp\/v2\/users\/1"}],"replies":[{"embeddable":true,"href":"https:\/\/moverdb.com\/lt\/wp-json\/wp\/v2\/comments?post=14115"}],"version-history":[{"count":1,"href":"https:\/\/moverdb.com\/lt\/wp-json\/wp\/v2\/pages\/14115\/revisions"}],"predecessor-version":[{"id":15714,"href":"https:\/\/moverdb.com\/lt\/wp-json\/wp\/v2\/pages\/14115\/revisions\/15714"}],"up":[{"embeddable":true,"href":"https:\/\/moverdb.com\/lt\/wp-json\/wp\/v2\/pages\/13427"}],"wp:attachment":[{"href":"https:\/\/moverdb.com\/lt\/wp-json\/wp\/v2\/media?parent=14115"}],"curies":[{"name":"wp","href":"https:\/\/api.w.org\/{rel}","templated":true}]}}