{"id":14107,"date":"2023-11-08T15:54:40","date_gmt":"2023-11-08T15:54:40","guid":{"rendered":"https:\/\/moverdb.com\/freight-forwarder\/freight-forwarding-uk\/burntwood-freight-forwarder\/"},"modified":"2026-01-08T14:55:57","modified_gmt":"2026-01-08T14:55:57","slug":"burntwood-freight-forwarder","status":"publish","type":"page","link":"https:\/\/moverdb.com\/lt\/freight-forwarder\/freight-forwarding-uk\/burntwood-freight-forwarder\/","title":{"rendered":"2 geriausios Burntwoodo krovini\u0173 ekspedijavimo \u012fmon\u0117s (2023 m.)"},"content":{"rendered":"<p>Toliau ap\u017evelgsime 2 <em>\"geriausias\"<\/em> Krovini\u0173 ekspedijavimo \u012fmon\u0117s Burntvude i\u0161 3.<\/p>\n<p>Nor\u0117dami su\u017einoti daugiau apie tai, kaip atrinkome geriausius, \u017er. pabaigoje esant\u012f DUK skyri\u0173.<\/p>\n<p><em>Atkreipkite d\u0117mes\u012f, kad toliau pateikti s\u0105ra\u0161ai n\u0117ra i\u0161d\u0117styti tam tikra tvarka ir mes nerekomenduojame jokios konkre\u010dios \u012fmon\u0117s.<\/em><\/p>\n<h2>\"Espace Europe\" krovini\u0173 ekspeditoriai<\/h2>\n<p><img decoding=\"async\" src=\"https:\/\/moverdb.com\/wp-content\/uploads\/AF1QipPpgB30xdOP3akbAjFx7dwqzfHkVsoV07XVd7Xmw446-h240-k-no.jpg\" alt='&quot;Espace Europe&quot; krovini\u0173 ekspeditoriai' class=\"aligncenter\"><\/p>\n<p><strong>Verslo apra\u0161ymas: <\/strong>\"Espace\" yra apdovanojimus peln\u0119, darbuotojams priklausantys krovini\u0173 ve\u017eimo specialistai, turintys gerai i\u0161vystyt\u0105 <a href=\"https:\/\/moverdb.com\/lt\/moving-to-the-uk\/\" data-internallinksmanager029f6b8e52c=\"93\" title=\"Persik\u0117limas \u012f Jungtin\u0119 Karalyst\u0119? 2022 Gyvenimo i\u0161laidos ir persikraustymo patarimai\">JK<\/a>, Europos ir pasaulio tinklas.<\/p>\n<p> Teikdami pirmaujan\u010dias skubios skubios skubios siuntos, keli\u0173, oro ir j\u016br\u0173 transporto paslaugas, klientams teikiame vertingus tiekimo grandin\u0117s sprendimus, orientuotus \u012f kain\u0105 ir aptarnavimo lyg\u012f.<\/p>\n<p> M\u016bs\u0173 ilgamet\u0117 kvalifikuot\u0173 krovini\u0173 ve\u017e\u0117j\u0173 komanda r\u016bpinasi klient\u0173 poreikiais.<\/p>\n<p> Esame tokie atsidav\u0119, kad esame vienintel\u0117 krovini\u0173 gabenimo \u012fmon\u0117, si\u016blanti pinig\u0173 gr\u0105\u017einimo garantij\u0105 standartiniam krovini\u0173 gabenimui.<\/p>\n<p> \"Espace\" - s\u0117kmingai veikianti, gerai vertinama ir savo vertyb\u0117ms i\u0161tikima ekspedijavimo \u012fmon\u0117.<\/p>\n<p><strong>Papildomos paslaugos:<\/strong><\/p>\n<p>Kurjeri\u0173 paslaugos<\/p>\n<p>Pristatymo \u012fmon\u0117<\/p>\n<p>Transporto paslaugos<\/p>\n<p><strong>Adresas:<\/strong> 5, Newlands Court, Attwood Rd, Burntwood WS7 3GF<\/p>\n<p><a href=\"https:\/\/www.espaceglobalfreight.com\/\" target=\"_new\" rel=\"noopener\">\"Espace Europe Freight Forwarders\" svetain\u0117<\/a><\/p>\n<p><strong>Ap\u017evalgos rezultatas: <\/strong>4.9<br \/> <strong>Atsiliepim\u0173 skai\u010dius:<\/strong> 34<br \/><a href=\"https:\/\/www.google.co.uk\/maps?cid=10863475497294295640&#038;hl=en&#038;gl=GB\" target=\"_new\" rel=\"noopener\">Skaityti atsiliepimus<\/a><\/p>\n<h2>\"World Cargo Logistics Limited<\/h2>\n<p><img decoding=\"async\" src=\"https:\/\/moverdb.com\/wp-content\/uploads\/thumbnailpanoidqzNItEmnCV8WvtqPVgNLYAcb_clientsearch.gws-prod.gpsw408h240yaw20.jpg\" alt='&quot;World Cargo Logistics Limited' class=\"aligncenter\"><\/p>\n<p><strong>Verslo apra\u0161ymas: <\/strong>\"World Cargo Logistics\" yra privati Did\u017eiosios Britanijos \u012fmon\u0117, nuo 2000 m. teikianti krovini\u0173 ve\u017eimo paslaugas visame pasaulyje.<\/p>\n<p>Tur\u0117dami 8 biurus visoje \u0161alyje, esame viena i\u0161 pirmaujan\u010di\u0173 krovini\u0173 ekspeditori\u0173 Jungtin\u0117je Karalyst\u0117je, ta\u010diau vis dar teikiame labai asmeni\u0161kas paslaugas.<\/p>\n<p><strong>Papildomos paslaugos:<\/strong><\/p>\n<p>Pristatymo \u012fmon\u0117<\/p>\n<p><strong>Adresas:<\/strong> Spear House, Cobbett Rd, Chase Terrace, Burntwood WS7 3GL<\/p>\n<p><a href=\"http:\/\/worldcargologistics.co.uk\/\" target=\"_new\" rel=\"noopener\">\"World Cargo Logistics Limited\" svetain\u0117<\/a><\/p>\n<p><strong>Ap\u017evalgos rezultatas: <\/strong>5<br \/> <strong>Atsiliepim\u0173 skai\u010dius:<\/strong> 2<br \/><a href=\"https:\/\/www.google.co.uk\/maps?cid=14132311081089606715&#038;hl=en&#038;gl=GB\" target=\"_new\" rel=\"noopener\">Skaityti atsiliepimus<\/a><\/p>\n<h2>Kaip i\u0161rinkome geriausias Burntwoodo krovini\u0173 ekspedijavimo \u012fmones<\/h2>\n<p>Prad\u0117jome nuo 3 Burntuodo krovini\u0173 ekspedijavimo \u012fmoni\u0173, kurias gal\u0117jome rasti naudodamiesi \"Google Maps\", duomen\u0173 rinkinio ir susiaurinome j\u012f iki 2 geriausi\u0173.<\/p>\n<p>Nor\u0117dami tai padaryti, pa\u0161alinome visas \u012fmones, kurios:<\/p>\n<ul>\n<li> Netur\u0117jo interneto svetain\u0117s<\/li>\n<li> Netur\u0117jo joki\u0173 atsiliepim\u0173<\/li>\n<li> Tur\u0117jo vidutin\u012f ap\u017evalgos \u012fvertinim\u0105, ma\u017eesn\u012f nei 2,0 balo<\/li>\n<\/ul>\n<p>\u0160iuo metu, jei tur\u0117jome 17 ar ma\u017eiau ekspeditori\u0173, \u012f s\u0105ra\u0161\u0105 \u012ftrauk\u0117me visus.<\/p>\n<p>Miestuose, kuriuose liko daugiau nei 17 ekspeditori\u0173, atlikome tolesnius pakeitimus: padidinome reikalaujam\u0105 per\u017ei\u016bros bal\u0105 (pvz., nuo ma\u017eiausiai 2,0 iki 4,0) ir (arba) padidinome reikalaujam\u0105 ma\u017eiausi\u0105 per\u017ei\u016br\u0173 skai\u010di\u0173 (pvz., nuo ma\u017eiausiai 1 per\u017ei\u016bros iki ma\u017eiausiai 10).<\/p>\n<p>Atkreipkite d\u0117mes\u012f, kad naudojome tik \"Google\" \u017eem\u0117lapi\u0173, o ne kit\u0173 tre\u010di\u0173j\u0173 \u0161ali\u0173 svetaini\u0173 per\u017ei\u016bros duomenis.<\/p>\n<p>Daugiau miest\u0173:<\/p>\n<p><a href=\"https:\/\/moverdb.com\/lt\/ekspeditorius\/freight-forwarding-uk\/prescot-freight-forwarder\/\">Prescot Krovini\u0173 ekspeditorius<\/a><br \/><a href=\"https:\/\/moverdb.com\/lt\/ekspeditorius\/freight-forwarding-uk\/bury-saint-edmunds-freight-forwarder\/\">Bury Saint Edmunds Krovini\u0173 ekspeditorius<\/a><br \/><a href=\"https:\/\/moverdb.com\/lt\/ekspeditorius\/freight-forwarding-uk\/denny-freight-forwarder\/\">\"Denny Freight Forwarder<\/a><br \/><a href=\"https:\/\/moverdb.com\/lt\/ekspeditorius\/freight-forwarding-uk\/bordon-freight-forwarder\/\">Bordono krovini\u0173 ekspeditorius<\/a><br \/><a href=\"https:\/\/moverdb.com\/lt\/ekspeditorius\/freight-forwarding-uk\/pudsey-freight-forwarder\/\">Pudsey krovini\u0173 ekspeditorius<\/a><\/p>","protected":false},"excerpt":{"rendered":"<p>Below we look at the 2 &#8220;best&#8221; Freight Forwarding companies in Burntwood out of 3. To learn more about how we chose the best please consult our FAQ section at the end. Please not the following listings are in no particular order and we are not making any recommendations for any particular company. Espace Europe [&hellip;]<\/p>\n","protected":false},"author":1,"featured_media":0,"parent":13427,"menu_order":0,"comment_status":"open","ping_status":"open","template":"","meta":{"_genesis_hide_title":false,"_genesis_hide_breadcrumbs":false,"_genesis_hide_singular_image":false,"_genesis_hide_footer_widgets":false,"_genesis_custom_body_class":"","_genesis_custom_post_class":"","_genesis_layout":"","footnotes":""},"class_list":{"0":"post-14107","1":"page","2":"type-page","3":"status-publish","5":"entry"},"_links":{"self":[{"href":"https:\/\/moverdb.com\/lt\/wp-json\/wp\/v2\/pages\/14107","targetHints":{"allow":["GET"]}}],"collection":[{"href":"https:\/\/moverdb.com\/lt\/wp-json\/wp\/v2\/pages"}],"about":[{"href":"https:\/\/moverdb.com\/lt\/wp-json\/wp\/v2\/types\/page"}],"author":[{"embeddable":true,"href":"https:\/\/moverdb.com\/lt\/wp-json\/wp\/v2\/users\/1"}],"replies":[{"embeddable":true,"href":"https:\/\/moverdb.com\/lt\/wp-json\/wp\/v2\/comments?post=14107"}],"version-history":[{"count":1,"href":"https:\/\/moverdb.com\/lt\/wp-json\/wp\/v2\/pages\/14107\/revisions"}],"predecessor-version":[{"id":15707,"href":"https:\/\/moverdb.com\/lt\/wp-json\/wp\/v2\/pages\/14107\/revisions\/15707"}],"up":[{"embeddable":true,"href":"https:\/\/moverdb.com\/lt\/wp-json\/wp\/v2\/pages\/13427"}],"wp:attachment":[{"href":"https:\/\/moverdb.com\/lt\/wp-json\/wp\/v2\/media?parent=14107"}],"curies":[{"name":"wp","href":"https:\/\/api.w.org\/{rel}","templated":true}]}}