{"id":14043,"date":"2023-11-08T15:54:18","date_gmt":"2023-11-08T15:54:18","guid":{"rendered":"https:\/\/moverdb.com\/freight-forwarder\/freight-forwarding-uk\/wembley-freight-forwarder\/"},"modified":"2026-01-08T14:58:43","modified_gmt":"2026-01-08T14:58:43","slug":"wembley-freight-forwarder","status":"publish","type":"page","link":"https:\/\/moverdb.com\/lt\/freight-forwarder\/freight-forwarding-uk\/wembley-freight-forwarder\/","title":{"rendered":"2 geriausios Vemblio krovini\u0173 ekspedijavimo \u012fmon\u0117s (2023 m.)"},"content":{"rendered":"<p>Toliau ap\u017evelgsime 2 <em>\"geriausias\"<\/em> Krovini\u0173 ekspedijavimo \u012fmon\u0117s Vemblyje i\u0161 8.<\/p>\n<p>Nor\u0117dami su\u017einoti daugiau apie tai, kaip atrinkome geriausius, \u017er. pabaigoje esant\u012f DUK skyri\u0173.<\/p>\n<p><em>Atkreipkite d\u0117mes\u012f, kad toliau pateikti s\u0105ra\u0161ai n\u0117ra i\u0161d\u0117styti tam tikra tvarka ir mes nerekomenduojame jokios konkre\u010dios \u012fmon\u0117s.<\/em><\/p>\n<h2>\"Air Cargo Global Kenya\" (www.Kenya-AirCargo.com)<\/h2>\n<p><img decoding=\"async\" src=\"https:\/\/moverdb.com\/wp-content\/uploads\/AF1QipOJY_kDodVzmgJtYC-sWixwmPVY3CyvwDW6i-MZw426-h240-k-no.jpg\" alt='&quot;Air Cargo Global Kenya&quot; (www.Kenya-AirCargo.com)' class=\"aligncenter\"><\/p>\n<p><strong>Verslo apra\u0161ymas: <\/strong>\"Air Cargo Global <a href=\"https:\/\/moverdb.com\/lt\/moving-companies\/moving-companies-kenya\/\" data-internallinksmanager029f6b8e52c=\"305\" title=\"4 Geriausios tarptautin\u0117s perkraustymo \u012fmon\u0117s Kenijoje\">Kenija<\/a> teikiame pirmaujan\u010dias krovini\u0173 gabenimo \u012f Kenij\u0105 paslaugas, kurios yra ekonomi\u0161kos ir saugios.<\/p>\n<p> Did\u017eiuojam\u0117s gal\u0117dami pasi\u016blyti krovini\u0173 gabenimo \u012f Kenij\u0105 paslaugas nuo dur\u0173 iki dur\u0173, nepriklausomai nuo to, ar jums reikia oro ar j\u016br\u0173 krovini\u0173 personalo daiktams, internetin\u0117ms parduotuv\u0117ms, pertekliniam baga\u017eui ar komerciniams kroviniams.<\/p>\n<p>Si\u016blome:<\/p>\n<p>Krovini\u0173 gabenimas \u012f Kenij\u0105<br \/>\nKrovini\u0173 gabenimas \u012f Zimbabv\u0119<br \/>\nKrovini\u0173 gabenimas \u012f Ugand\u0105<br \/>\nKrovini\u0173 gabenimas \u012f Somal\u012f<br \/>\nKrovini\u0173 gabenimas \u012f Afrik\u0105<br \/>\nKrovini\u0173 gabenimas \u012f Ruand\u0105<br \/>\nKrovini\u0173 gabenimas oro transportu \u012f Angol\u0105<br \/>\nKrovini\u0173 gabenimas oro transportu \u012f <a href=\"https:\/\/moverdb.com\/lt\/moving-companies\/burkina-faso-moving-companies\/\" data-internallinksmanager029f6b8e52c=\"221\" title=\"Geriausios tarptautin\u0117s perkraustymo bendrov\u0117s Burkina Fase\">Burkina Fasas<\/a><br \/>\nKrovini\u0173 gabenimas oro transportu \u012f Benin\u0105<br \/>\nKrovini\u0173 gabenimas oro transportu \u012f <a href=\"https:\/\/moverdb.com\/lt\/moving-companies\/botswana-moving-companies\/\" data-internallinksmanager029f6b8e52c=\"167\" title=\"Geriausios tarptautin\u0117s perkraustymo \u012fmon\u0117s Botsvanoje\">Botsvana<\/a><br \/>\nKrovini\u0173 gabenimas oro transportu \u012f Centrin\u0117s Afrikos Respublik\u0105<br \/>\nKrovini\u0173 gabenimas oro transportu \u012f Dramblio Kaulo Krant\u0105<br \/>\nKrovini\u0173 gabenimas oro transportu \u012f <a href=\"https:\/\/moverdb.com\/lt\/moving-companies\/cameroon-moving-companies\/\" data-internallinksmanager029f6b8e52c=\"222\" title=\"Geriausios tarptautin\u0117s perkraustymo bendrov\u0117s Kamer\u016bne\">Kamer\u016bnas<\/a><br \/>\nKrovini\u0173 gabenimas oro transportu \u012f <a href=\"https:\/\/moverdb.com\/lt\/moving-companies\/algeria\/\" data-internallinksmanager029f6b8e52c=\"166\" title=\"3 Geriausios tarptautin\u0117s perkraustymo \u012fmon\u0117s Al\u017eyre\">Al\u017eyras<\/a><br \/>\nKrovini\u0173 gabenimas oro transportu \u012f <a href=\"https:\/\/moverdb.com\/lt\/moving-companies\/egypt-moving-companies\/\" data-internallinksmanager029f6b8e52c=\"200\" title=\"11 Geriausios tarptautin\u0117s perkraustymo \u012fmon\u0117s Egipte\">Egiptas<\/a><br \/>\nKrovini\u0173 gabenimas oro transportu \u012f Vakar\u0173 Sachar\u0105<br \/>\nKrovini\u0173 gabenimas oro transportu \u012f <a href=\"https:\/\/moverdb.com\/lt\/moving-companies\/moving-companies-ethiopia\/\" data-internallinksmanager029f6b8e52c=\"214\" title=\"5 Geriausios tarptautin\u0117s perkraustymo \u012fmon\u0117s Etiopijoje\">Etiopija<\/a><br \/>\nKrovini\u0173 gabenimas oro transportu \u012f Gabon\u0105<br \/>\nKrovini\u0173 gabenimas oro transportu \u012f <a href=\"https:\/\/moverdb.com\/lt\/moving-companies\/moving-companies-ghana\/\" data-internallinksmanager029f6b8e52c=\"228\" title=\"2 Geriausios tarptautin\u0117s perkraustymo \u012fmon\u0117s Ganoje\">Gana<\/a><br \/>\nKrovini\u0173 gabenimas oro transportu \u012f Gambij\u0105<\/p>\n<p><strong>Papildomos paslaugos:<\/strong><\/p>\n<p>Kurjeri\u0173 paslaugos<\/p>\n<p><strong>Adresas:<\/strong> Wembley Park Business Centre, Access, First Way, Wembley HA9 0JD<\/p>\n<p><a href=\"http:\/\/www.kenya-aircargo.com\/\" target=\"_new\" rel=\"noopener\">\"Air Cargo Global Kenya\" (www.Kenya-AirCargo.com) svetain\u0117<\/a><\/p>\n<p><strong>Ap\u017evalgos rezultatas: <\/strong>4.3<br \/> <strong>Atsiliepim\u0173 skai\u010dius:<\/strong> 11<br \/><a href=\"https:\/\/www.google.co.uk\/maps?cid=18136524815790858633&#038;hl=en&#038;gl=GB\" target=\"_new\" rel=\"noopener\">Skaityti atsiliepimus<\/a><\/p>\n<h2>Arab Africa Cargo Ltd (DHL Express, kroviniai \u012f Artimuosius Rytus, Afrik\u0105 )<\/h2>\n<p><img decoding=\"async\" src=\"https:\/\/moverdb.com\/wp-content\/uploads\/AF1QipMecEC7NKx9s8WtQBwD4kH-jRmke_zzboxdmd5-w648-h240-k-no.jpg\" alt='Arab Africa Cargo Ltd (DHL Express, kroviniai \u012f Artimuosius Rytus, Afrik\u0105 )' class=\"aligncenter\"><\/p>\n<p><strong>Verslo apra\u0161ymas: <\/strong>\"Arab Africa cargo\" teikia greitas ir saugias krovini\u0173 gabenimo oro transportu ir \"DHL Express\" paslaugas i\u0161 <a href=\"https:\/\/moverdb.com\/lt\/moving-to-the-uk\/\" data-internallinksmanager029f6b8e52c=\"93\" title=\"Persik\u0117limas \u012f Jungtin\u0119 Karalyst\u0119? 2022 Gyvenimo i\u0161laidos ir persikraustymo patarimai\">JK<\/a> i\u0161 Europos \u012f Vidurio Rytus, Afrik\u0105, Azij\u0105 ir kitas pasaulio \u0161alis.<\/p>\n<p> Teikiame visapusi\u0161kas paslaugas visais mar\u0161rutais, \u012fskaitant greituosius ir tiesioginius.<\/p>\n<p> Ta\u010diau, kai laikas neleid\u017eia, mes taip pat galime pasi\u016blyti alternatyvius sprendimus, pavyzd\u017eiui, atid\u0117tas ir konsoliduotas paslaugas, kad s\u0105naudos atitikt\u0173 terminus.<\/p>\n<p>Padedame savo klientams perve\u017eti asmeninius ir komercinius krovinius, nesvarbu, ar tai b\u016bt\u0173 perteklinis baga\u017eas, ar palet\u0117s, oro transportu \u012f kitas pasaulio \u0161alis.<\/p>\n<p>+442030027757<\/p>\n<p><strong>Papildomos paslaugos:<\/strong><\/p>\n<p>Kurjeri\u0173 paslaugos<\/p>\n<p><strong>Adresas:<\/strong> Access Business Centre, First Way, Wembley HA9 0JD<\/p>\n<p><a href=\"http:\/\/arabafricacargo.com\/\" target=\"_new\" rel=\"noopener\">Arab Africa Cargo Ltd (DHL Express, kroviniai \u012f Artimuosius Rytus, Afrik\u0105 ) interneto svetain\u0117<\/a><\/p>\n<p><strong>Ap\u017evalgos rezultatas: <\/strong>4.5<br \/> <strong>Atsiliepim\u0173 skai\u010dius:<\/strong> 8<br \/><a href=\"https:\/\/www.google.co.uk\/maps?cid=2013360732440905948&#038;hl=en&#038;gl=GB\" target=\"_new\" rel=\"noopener\">Skaityti atsiliepimus<\/a><\/p>\n<h2>Kaip i\u0161rinkome geriausias Wembley krovini\u0173 ekspedijavimo \u012fmones<\/h2>\n<p>Prad\u0117jome nuo 8 Vemblio krovini\u0173 ekspedijavimo \u012fmoni\u0173, kurias gal\u0117jome rasti naudodamiesi \"Google Maps\", duomen\u0173 rinkinio ir susiaurinome j\u012f iki 2 geriausi\u0173.<\/p>\n<p>Nor\u0117dami tai padaryti, pa\u0161alinome visas \u012fmones, kurios:<\/p>\n<ul>\n<li> Netur\u0117jo interneto svetain\u0117s<\/li>\n<li> Netur\u0117jo joki\u0173 atsiliepim\u0173<\/li>\n<li> Tur\u0117jo vidutin\u012f ap\u017evalgos \u012fvertinim\u0105, ma\u017eesn\u012f nei 2,0 balo<\/li>\n<\/ul>\n<p>\u0160iuo metu, jei tur\u0117jome 17 ar ma\u017eiau ekspeditori\u0173, \u012f s\u0105ra\u0161\u0105 \u012ftrauk\u0117me visus.<\/p>\n<p>Miestuose, kuriuose liko daugiau nei 17 ekspeditori\u0173, atlikome tolesnius pakeitimus: padidinome reikalaujam\u0105 per\u017ei\u016bros bal\u0105 (pvz., nuo ma\u017eiausiai 2,0 iki 4,0) ir (arba) padidinome reikalaujam\u0105 ma\u017eiausi\u0105 per\u017ei\u016br\u0173 skai\u010di\u0173 (pvz., nuo ma\u017eiausiai 1 per\u017ei\u016bros iki ma\u017eiausiai 10).<\/p>\n<p>Atkreipkite d\u0117mes\u012f, kad naudojome tik \"Google\" \u017eem\u0117lapi\u0173, o ne kit\u0173 tre\u010di\u0173j\u0173 \u0161ali\u0173 svetaini\u0173 per\u017ei\u016bros duomenis.<\/p>\n<p>Daugiau miest\u0173:<\/p>\n<p><a href=\"https:\/\/moverdb.com\/lt\/ekspeditorius\/freight-forwarding-uk\/hockley-freight-forwarder\/\">Hoklio krovini\u0173 ekspeditorius<\/a><br \/><a href=\"https:\/\/moverdb.com\/lt\/ekspeditorius\/freight-forwarding-uk\/fareham-freight-forwarder\/\">Farehamo krovini\u0173 ekspeditorius<\/a><br \/><a href=\"https:\/\/moverdb.com\/lt\/ekspeditorius\/freight-forwarding-uk\/normanton-freight-forwarder\/\">Normantono krovini\u0173 ekspeditorius<\/a><br \/><a href=\"https:\/\/moverdb.com\/lt\/ekspeditorius\/freight-forwarding-uk\/solihull-freight-forwarder\/\">Solihull Krovini\u0173 ekspeditorius<\/a><br \/><a href=\"https:\/\/moverdb.com\/lt\/ekspeditorius\/freight-forwarding-uk\/cleckheaton-freight-forwarder\/\">Klekheatono krovini\u0173 ekspeditorius<\/a><\/p>","protected":false},"excerpt":{"rendered":"<p>Below we look at the 2 &#8220;best&#8221; Freight Forwarding companies in Wembley out of 8. To learn more about how we chose the best please consult our FAQ section at the end. Please not the following listings are in no particular order and we are not making any recommendations for any particular company. Air Cargo [&hellip;]<\/p>\n","protected":false},"author":1,"featured_media":0,"parent":13427,"menu_order":0,"comment_status":"open","ping_status":"open","template":"","meta":{"_genesis_hide_title":false,"_genesis_hide_breadcrumbs":false,"_genesis_hide_singular_image":false,"_genesis_hide_footer_widgets":false,"_genesis_custom_body_class":"","_genesis_custom_post_class":"","_genesis_layout":"","footnotes":""},"class_list":{"0":"post-14043","1":"page","2":"type-page","3":"status-publish","5":"entry"},"_links":{"self":[{"href":"https:\/\/moverdb.com\/lt\/wp-json\/wp\/v2\/pages\/14043","targetHints":{"allow":["GET"]}}],"collection":[{"href":"https:\/\/moverdb.com\/lt\/wp-json\/wp\/v2\/pages"}],"about":[{"href":"https:\/\/moverdb.com\/lt\/wp-json\/wp\/v2\/types\/page"}],"author":[{"embeddable":true,"href":"https:\/\/moverdb.com\/lt\/wp-json\/wp\/v2\/users\/1"}],"replies":[{"embeddable":true,"href":"https:\/\/moverdb.com\/lt\/wp-json\/wp\/v2\/comments?post=14043"}],"version-history":[{"count":1,"href":"https:\/\/moverdb.com\/lt\/wp-json\/wp\/v2\/pages\/14043\/revisions"}],"predecessor-version":[{"id":15756,"href":"https:\/\/moverdb.com\/lt\/wp-json\/wp\/v2\/pages\/14043\/revisions\/15756"}],"up":[{"embeddable":true,"href":"https:\/\/moverdb.com\/lt\/wp-json\/wp\/v2\/pages\/13427"}],"wp:attachment":[{"href":"https:\/\/moverdb.com\/lt\/wp-json\/wp\/v2\/media?parent=14043"}],"curies":[{"name":"wp","href":"https:\/\/api.w.org\/{rel}","templated":true}]}}