{"id":14026,"date":"2023-11-08T15:53:54","date_gmt":"2023-11-08T15:53:54","guid":{"rendered":"https:\/\/moverdb.com\/freight-forwarder\/freight-forwarding-uk\/wisbech-freight-forwarder\/"},"modified":"2026-01-08T14:58:45","modified_gmt":"2026-01-08T14:58:45","slug":"wisbech-freight-forwarder","status":"publish","type":"page","link":"https:\/\/moverdb.com\/lt\/freight-forwarder\/freight-forwarding-uk\/wisbech-freight-forwarder\/","title":{"rendered":"2 geriausios Wisbech krovini\u0173 ekspedijavimo \u012fmon\u0117s (2023 m.)"},"content":{"rendered":"<p>Toliau ap\u017evelgsime 2 <em>\"geriausias\"<\/em> Krovini\u0173 ekspedijavimo \u012fmon\u0117s Wisbech mieste i\u0161 3.<\/p>\n<p>Nor\u0117dami su\u017einoti daugiau apie tai, kaip atrinkome geriausius, \u017er. pabaigoje esant\u012f DUK skyri\u0173.<\/p>\n<p><em>Atkreipkite d\u0117mes\u012f, kad toliau pateikti s\u0105ra\u0161ai n\u0117ra i\u0161d\u0117styti tam tikra tvarka ir mes nerekomenduojame jokios konkre\u010dios \u012fmon\u0117s.<\/em><\/p>\n<h2>\"Port Of Wisbech Ltd<\/h2>\n<p><img decoding=\"async\" src=\"https:\/\/moverdb.com\/wp-content\/uploads\/AF1QipPOoiMw80OHFihI_SpoxOmhKZo5WGYmoFGFI1CFw408-h544-k-no.jpg\" alt='&quot;Port Of Wisbech Ltd' class=\"aligncenter\"><\/p>\n<p><strong>Verslo apra\u0161ymas: <\/strong>Nepateikta<\/p>\n<p><strong>Papildomos paslaugos:<\/strong><\/p>\n<p><a href=\"https:\/\/moverdb.com\/lt\/top-49-container-ports\/\" data-internallinksmanager029f6b8e52c=\"80\" title=\"49 did\u017eiausi ir labiausiai apkrauti konteineri\u0173 uostai 2025 m.\">Uostas<\/a><\/p>\n<p>Pristatymo \u012fmon\u0117<\/p>\n<p><strong>Adresas:<\/strong> Nene Parade, Wisbech PE13 3BB<\/p>\n<p><a href=\"http:\/\/www.portofwisbech.co.uk\/\" target=\"_new\" rel=\"noopener\">\"Port Of Wisbech Ltd\" svetain\u0117<\/a><\/p>\n<p><strong>Ap\u017evalgos rezultatas: <\/strong>4.2<br \/> <strong>Atsiliepim\u0173 skai\u010dius:<\/strong> 78<br \/><a href=\"https:\/\/www.google.co.uk\/maps?cid=8561414560230707035&#038;hl=en&#038;gl=GB\" target=\"_new\" rel=\"noopener\">Skaityti atsiliepimus<\/a><\/p>\n<h2>\"Woolner Freight Ltd<\/h2>\n<p><img decoding=\"async\" src=\"https:\/\/moverdb.com\/wp-content\/uploads\/AF1QipMNK0_pPK7C4gV8YVmW-9h4VTfVJ9mLf3CnwOimw426-h240-k-no.jpg\" alt='&quot;Woolner Freight Ltd' class=\"aligncenter\"><\/p>\n<p><strong>Verslo apra\u0161ymas: <\/strong>\"Woolner Freight\" yra \u0161eimos valdoma pad\u0117kl\u0173 platinimo \u012fmon\u0117, kurios vertyb\u0117s - puikus klient\u0173 aptarnavimas.<\/p>\n<p> Esame vietinio, nacionalinio ir tarptautinio pristatymo galimybi\u0173 specialistai.<\/p>\n<p> Laikas yra pinigai, o mes galime sutaupyti j\u0173 abiej\u0173!<\/p>\n<p><strong>Papildomos paslaugos:<\/strong><\/p>\n<p>Platinimo paslauga<\/p>\n<p>Transporto paslaugos<\/p>\n<p><strong>Adresas:<\/strong> The New Barn, 195 Smeeth Rd, Marshland St James, Wisbech PE14 8JB<\/p>\n<p><a href=\"https:\/\/woolnerfreight.co.uk\/\" target=\"_new\" rel=\"noopener\">\"Woolner Freight Ltd\" svetain\u0117<\/a><\/p>\n<p><strong>Ap\u017evalgos rezultatas: <\/strong>4.2<br \/> <strong>Atsiliepim\u0173 skai\u010dius:<\/strong> 12<br \/><a href=\"https:\/\/www.google.co.uk\/maps?cid=10985679123709776891&#038;hl=en&#038;gl=GB\" target=\"_new\" rel=\"noopener\">Skaityti atsiliepimus<\/a><\/p>\n<h2>Kaip i\u0161rinkome geriausias Wisbech krovini\u0173 ekspedijavimo \u012fmones<\/h2>\n<p>Prad\u0117jome nuo 3 Wisbech krovini\u0173 ekspedijavimo \u012fmoni\u0173, kurias gal\u0117jome rasti naudodamiesi \"Google Maps\", duomen\u0173 rinkinio ir susiaurinome j\u012f iki 2 geriausi\u0173.<\/p>\n<p>Nor\u0117dami tai padaryti, pa\u0161alinome visas \u012fmones, kurios:<\/p>\n<ul>\n<li> Netur\u0117jo interneto svetain\u0117s<\/li>\n<li> Netur\u0117jo joki\u0173 atsiliepim\u0173<\/li>\n<li> Tur\u0117jo vidutin\u012f ap\u017evalgos \u012fvertinim\u0105, ma\u017eesn\u012f nei 2,0 balo<\/li>\n<\/ul>\n<p>\u0160iuo metu, jei tur\u0117jome 17 ar ma\u017eiau ekspeditori\u0173, \u012f s\u0105ra\u0161\u0105 \u012ftrauk\u0117me visus.<\/p>\n<p>Miestuose, kuriuose liko daugiau nei 17 ekspeditori\u0173, atlikome tolesnius pakeitimus: padidinome reikalaujam\u0105 per\u017ei\u016bros bal\u0105 (pvz., nuo ma\u017eiausiai 2,0 iki 4,0) ir (arba) padidinome reikalaujam\u0105 ma\u017eiausi\u0105 per\u017ei\u016br\u0173 skai\u010di\u0173 (pvz., nuo ma\u017eiausiai 1 per\u017ei\u016bros iki ma\u017eiausiai 10).<\/p>\n<p>Atkreipkite d\u0117mes\u012f, kad naudojome tik \"Google\" \u017eem\u0117lapi\u0173, o ne kit\u0173 tre\u010di\u0173j\u0173 \u0161ali\u0173 svetaini\u0173 per\u017ei\u016bros duomenis.<\/p>\n<p>Daugiau miest\u0173:<\/p>\n<p><a href=\"https:\/\/moverdb.com\/lt\/ekspeditorius\/freight-forwarding-uk\/east-cowes-freight-forwarder\/\">East Cowes Krovini\u0173 ekspeditorius<\/a><br \/><a href=\"https:\/\/moverdb.com\/lt\/ekspeditorius\/freight-forwarding-uk\/bury-freight-forwarder\/\">Bury Krovini\u0173 ekspeditorius<\/a><br \/><a href=\"https:\/\/moverdb.com\/lt\/ekspeditorius\/freight-forwarding-uk\/newcastle-upon-tyne-freight-forwarder\/\">Niukaslio prie Taino krovini\u0173 ekspeditorius<\/a><br \/><a href=\"https:\/\/moverdb.com\/lt\/ekspeditorius\/freight-forwarding-uk\/great-yarmouth-freight-forwarder\/\">Great Yarmouth Krovini\u0173 ekspeditorius<\/a><br \/><a href=\"https:\/\/moverdb.com\/lt\/ekspeditorius\/freight-forwarding-uk\/newport-freight-forwarder\/\">\"Newport Freight Forwarder<\/a><\/p>","protected":false},"excerpt":{"rendered":"<p>Below we look at the 2 &#8220;best&#8221; Freight Forwarding companies in Wisbech out of 3. To learn more about how we chose the best please consult our FAQ section at the end. Please not the following listings are in no particular order and we are not making any recommendations for any particular company. Port Of [&hellip;]<\/p>\n","protected":false},"author":1,"featured_media":0,"parent":13427,"menu_order":0,"comment_status":"open","ping_status":"open","template":"","meta":{"_genesis_hide_title":false,"_genesis_hide_breadcrumbs":false,"_genesis_hide_singular_image":false,"_genesis_hide_footer_widgets":false,"_genesis_custom_body_class":"","_genesis_custom_post_class":"","_genesis_layout":"","footnotes":""},"class_list":{"0":"post-14026","1":"page","2":"type-page","3":"status-publish","5":"entry"},"_links":{"self":[{"href":"https:\/\/moverdb.com\/lt\/wp-json\/wp\/v2\/pages\/14026","targetHints":{"allow":["GET"]}}],"collection":[{"href":"https:\/\/moverdb.com\/lt\/wp-json\/wp\/v2\/pages"}],"about":[{"href":"https:\/\/moverdb.com\/lt\/wp-json\/wp\/v2\/types\/page"}],"author":[{"embeddable":true,"href":"https:\/\/moverdb.com\/lt\/wp-json\/wp\/v2\/users\/1"}],"replies":[{"embeddable":true,"href":"https:\/\/moverdb.com\/lt\/wp-json\/wp\/v2\/comments?post=14026"}],"version-history":[{"count":1,"href":"https:\/\/moverdb.com\/lt\/wp-json\/wp\/v2\/pages\/14026\/revisions"}],"predecessor-version":[{"id":15758,"href":"https:\/\/moverdb.com\/lt\/wp-json\/wp\/v2\/pages\/14026\/revisions\/15758"}],"up":[{"embeddable":true,"href":"https:\/\/moverdb.com\/lt\/wp-json\/wp\/v2\/pages\/13427"}],"wp:attachment":[{"href":"https:\/\/moverdb.com\/lt\/wp-json\/wp\/v2\/media?parent=14026"}],"curies":[{"name":"wp","href":"https:\/\/api.w.org\/{rel}","templated":true}]}}