{"id":14001,"date":"2023-11-08T15:53:54","date_gmt":"2023-11-08T15:53:54","guid":{"rendered":"https:\/\/moverdb.com\/freight-forwarder\/freight-forwarding-uk\/middlesbrough-freight-forwarder\/"},"modified":"2026-01-08T13:17:38","modified_gmt":"2026-01-08T13:17:38","slug":"middlesbrough-freight-forwarder","status":"publish","type":"page","link":"https:\/\/moverdb.com\/lt\/freight-forwarder\/freight-forwarding-uk\/middlesbrough-freight-forwarder\/","title":{"rendered":"3 geriausios Middlesbro krovini\u0173 ekspedijavimo \u012fmon\u0117s (2023 m.)"},"content":{"rendered":"<p>Toliau ap\u017evelgsime 3 <em>\"geriausias\"<\/em> Krovini\u0173 ekspedijavimo \u012fmon\u0117s Middlesbroughe i\u0161 6.<\/p>\n<p>Nor\u0117dami su\u017einoti daugiau apie tai, kaip atrinkome geriausius, \u017er. pabaigoje esant\u012f DUK skyri\u0173.<\/p>\n<p><em>Atkreipkite d\u0117mes\u012f, kad toliau pateikti s\u0105ra\u0161ai n\u0117ra i\u0161d\u0117styti tam tikra tvarka ir mes nerekomenduojame jokios konkre\u010dios \u012fmon\u0117s.<\/em><\/p>\n<div id=\"ez-toc-container\" class=\"ez-toc-v2_0_82_2 ez-toc-wrap-left counter-hierarchy ez-toc-counter ez-toc-transparent ez-toc-container-direction\">\n<div class=\"ez-toc-title-container\">\n<p class=\"ez-toc-title\" style=\"cursor:inherit\">Skyriai<\/p>\n<span class=\"ez-toc-title-toggle\"><a href=\"#\" class=\"ez-toc-pull-right ez-toc-btn ez-toc-btn-xs ez-toc-btn-default ez-toc-toggle\" aria-label=\"Perjungti turinio lentel\u0119\"><span class=\"ez-toc-js-icon-con\"><span class=\"\"><span class=\"eztoc-hide\" style=\"display:none;\">Perjungti<\/span><span class=\"ez-toc-icon-toggle-span\"><svg style=\"fill: #999;color:#999\" xmlns=\"http:\/\/www.w3.org\/2000\/svg\" class=\"list-377408\" width=\"20px\" height=\"20px\" viewbox=\"0 0 24 24\" fill=\"none\"><path d=\"M6 6H4v2h2V6zm14 0H8v2h12V6zM4 11h2v2H4v-2zm16 0H8v2h12v-2zM4 16h2v2H4v-2zm16 0H8v2h12v-2z\" fill=\"currentColor\"><\/path><\/svg><svg style=\"fill: #999;color:#999\" class=\"arrow-unsorted-368013\" xmlns=\"http:\/\/www.w3.org\/2000\/svg\" width=\"10px\" height=\"10px\" viewbox=\"0 0 24 24\" version=\"1.2\" baseprofile=\"tiny\"><path d=\"M18.2 9.3l-6.2-6.3-6.2 6.3c-.2.2-.3.4-.3.7s.1.5.3.7c.2.2.4.3.7.3h11c.3 0 .5-.1.7-.3.2-.2.3-.5.3-.7s-.1-.5-.3-.7zM5.8 14.7l6.2 6.3 6.2-6.3c.2-.2.3-.5.3-.7s-.1-.5-.3-.7c-.2-.2-.4-.3-.7-.3h-11c-.3 0-.5.1-.7.3-.2.2-.3.5-.3.7s.1.5.3.7z\"\/><\/svg><\/span><\/span><\/span><\/a><\/span><\/div>\n<nav><ul class='ez-toc-list ez-toc-list-level-1 eztoc-toggle-hide-by-default' ><li class='ez-toc-page-1 ez-toc-heading-level-2'><a class=\"ez-toc-link ez-toc-heading-1\" href=\"https:\/\/moverdb.com\/lt\/freight-forwarder\/freight-forwarding-uk\/middlesbrough-freight-forwarder\/#InstaCargo_Ltd\" >\"InstaCargo Ltd<\/a><\/li><li class='ez-toc-page-1 ez-toc-heading-level-2'><a class=\"ez-toc-link ez-toc-heading-2\" href=\"https:\/\/moverdb.com\/lt\/freight-forwarder\/freight-forwarding-uk\/middlesbrough-freight-forwarder\/#Evolution_Forwarding\" >\"Evolution Forwarding<\/a><\/li><li class='ez-toc-page-1 ez-toc-heading-level-2'><a class=\"ez-toc-link ez-toc-heading-3\" href=\"https:\/\/moverdb.com\/lt\/freight-forwarder\/freight-forwarding-uk\/middlesbrough-freight-forwarder\/#Johnson_Partners_Ltd\" >\"Johnson Partners Ltd<\/a><\/li><li class='ez-toc-page-1 ez-toc-heading-level-2'><a class=\"ez-toc-link ez-toc-heading-4\" href=\"https:\/\/moverdb.com\/lt\/freight-forwarder\/freight-forwarding-uk\/middlesbrough-freight-forwarder\/#How_we_picked_the_best_Middlesbrough_Freight_Forwarding_Companies\" >Kaip i\u0161rinkome geriausias Midlsbrougho krovini\u0173 ekspedijavimo \u012fmones<\/a><\/li><\/ul><\/nav><\/div>\n<h2><span class=\"ez-toc-section\" id=\"InstaCargo_Ltd\"><\/span>\"InstaCargo Ltd<span class=\"ez-toc-section-end\"><\/span><\/h2>\n<p><img decoding=\"async\" src=\"https:\/\/moverdb.com\/wp-content\/uploads\/thumbnailpanoidBdnaOper1igm1iTb8bZB7Acb_clientsearch.gws-prod.gpsw408h240yaw39.jpg\" alt='&quot;InstaCargo Ltd' class=\"aligncenter\"><\/p>\n<p><strong>Verslo apra\u0161ymas: <\/strong>\"InstaCargo Ltd\" yra \u012fsipareigojusi teikti logistikos paslaugas bet kam, bet kur ir bet kam!<br \/>\nNIEKAS<br \/>\nNesvarbu, ar esate didel\u0117 organizacija, ar ma\u017ea \u012fmon\u0117, gal tik pradedanti veikl\u0105, ar turite vienkartin\u0119 siunt\u0105, kreipkit\u0117s \u012f <a href=\"https:\/\/moverdb.com\/lt\/moving-to-the-united-states\/\" data-internallinksmanager029f6b8e52c=\"94\" title=\"Persik\u0117limas \u012f Jungtines Amerikos Valstijas? 2022 Gyvenimo i\u0161laidos ir persik\u0117limo patarimai\">mus<\/a>.<\/p>\n<p> Turime jums tinkam\u0173 variant\u0173!<br \/>\nANYWHERE<br \/>\nN\u0117 viena vieta n\u0117ra draud\u017eiama.<\/p>\n<p> M\u016bs\u0173 pasauliniai ry\u0161iai suteikia galimyb\u0119 surinkti ir pristatyti visus krovinius.<\/p>\n<p>VISKAS<br \/>\nNuo ma\u017e\u0173 kurjeri\u0173 siunt\u0173 iki nestandartini\u0173 siunt\u0173, projektini\u0173 krovini\u0173, konteineri\u0173 siunt\u0173 ir skubaus gabenimo - mes \u010dia laukiame ir mielai pad\u0117sime!<\/p>\n<p><strong>Papildomos paslaugos:<\/strong><\/p>\n<p>N\u0117ra \u012f s\u0105ra\u0161\u0105 \u012ftraukt\u0173<\/p>\n<p><strong>Adresas:<\/strong> Unit 3A High Force Rd, Riverside Park Industrial Estate, Middlesbrough TS2 1RH<\/p>\n<p><a href=\"http:\/\/www.instacargoltd.co.uk\/\" target=\"_new\" rel=\"noopener\">\"InstaCargo Ltd\" svetain\u0117<\/a><\/p>\n<p><strong>Ap\u017evalgos rezultatas: <\/strong>5<br \/> <strong>Atsiliepim\u0173 skai\u010dius:<\/strong> 3<br \/><a href=\"https:\/\/www.google.co.uk\/maps?cid=543061409013876172&#038;hl=en&#038;gl=GB\" target=\"_new\" rel=\"noopener\">Skaityti atsiliepimus<\/a><\/p>\n<h2><span class=\"ez-toc-section\" id=\"Evolution_Forwarding\"><\/span>\"Evolution Forwarding<span class=\"ez-toc-section-end\"><\/span><\/h2>\n<p><img decoding=\"async\" src=\"https:\/\/moverdb.com\/wp-content\/uploads\/AF1QipNuCGpKcw506tRyB0Uk8-31EOk0wcVd0SSwcQHBw408-h544-k-no.jpg\" alt='&quot;Evolution Forwarding' class=\"aligncenter\"><\/p>\n<p><strong>Verslo apra\u0161ymas: <\/strong>Nepateikta<\/p>\n<p><strong>Papildomos paslaugos:<\/strong><\/p>\n<p>Tarptautin\u0117s prekybos konsultantas<\/p>\n<p>Pakavimo rangovai ir paslaugos<\/p>\n<p>Pakuo\u010di\u0173 tiekimo parduotuv\u0117<\/p>\n<p>Pristatymo \u012fmon\u0117<\/p>\n<p>Transporto paslaugos<\/p>\n<p><strong>Adresas:<\/strong> Skippers Lane Industrial Estate, 37 Metcalfe Rd, Middlesbrough TS6 6PT<\/p>\n<p><a href=\"http:\/\/www.evolutionforwarding.com\/\" target=\"_new\" rel=\"noopener\">\"Evolution Forwarding\" svetain\u0117<\/a><\/p>\n<p><strong>Ap\u017evalgos rezultatas: <\/strong>5<br \/> <strong>Atsiliepim\u0173 skai\u010dius:<\/strong> 1<br \/><a href=\"https:\/\/www.google.co.uk\/maps?cid=10721676880161420298&#038;hl=en&#038;gl=GB\" target=\"_new\" rel=\"noopener\">Skaityti atsiliepimus<\/a><\/p>\n<h2><span class=\"ez-toc-section\" id=\"Johnson_Partners_Ltd\"><\/span>\"Johnson Partners Ltd<span class=\"ez-toc-section-end\"><\/span><\/h2>\n<p><img decoding=\"async\" src=\"https:\/\/moverdb.com\/wp-content\/uploads\/AF1QipMpELKdZQijzhOo-vvsfD7BqNjFLknQWjB18Tqvw408-h306-k-no.jpg\" alt='&quot;Johnson Partners Ltd' class=\"aligncenter\"><\/p>\n<p><strong>Verslo apra\u0161ymas: <\/strong>2004 m. \u012fkurta bendrov\u0117 \"Johnson Partners\" u\u017esibr\u0117\u017e\u0117 tiksl\u0105 teikti asmenines, profesionalias ir kompetentingas krovini\u0173 ekspedijavimo paslaugas.<\/p>\n<p> R\u016bpindamiesi visais krovini\u0173 gabenimo ir ekspedijavimo reikalavimais, leid\u017eiame klientams sutelkti d\u0117mes\u012f \u012f savo pagrindin\u0119 veikl\u0105.<\/p>\n<p>Dirbdami tiek su tarptautin\u0117mis bendrov\u0117mis, tiek su ma\u017eesn\u0117mis \u012fmon\u0117mis, m\u016bs\u0173 klientai pasitiki, kad pasir\u016bpinsime j\u0173 vertingais kroviniais.<\/p>\n<p> Turime patirties tvarkant gabaritinius krovinius, ne\u012fprastus krovinius ir projektinius krovinius, bendradarbiaudami su klientais nuo planavimo etapo iki u\u017ebaigimo.<\/p>\n<p>#teamjpl<\/p>\n<p><strong>Papildomos paslaugos:<\/strong><\/p>\n<p>Pristatymo \u012fmon\u0117<\/p>\n<p><strong>Adresas:<\/strong> 7 River Court, Brighouse Business Village, Brighouse Road, Middlesbrough TS2 1RT<\/p>\n<p><a href=\"http:\/\/www.johnsonpartners.co.uk\/\" target=\"_new\" rel=\"noopener\">\"Johnson Partners Ltd\" svetain\u0117<\/a><\/p>\n<p><strong>Ap\u017evalgos rezultatas: <\/strong>5<br \/> <strong>Atsiliepim\u0173 skai\u010dius:<\/strong> 7<br \/><a href=\"https:\/\/www.google.co.uk\/maps?cid=17648057514071181519&#038;hl=en&#038;gl=GB\" target=\"_new\" rel=\"noopener\">Skaityti atsiliepimus<\/a><\/p>\n<h2><span class=\"ez-toc-section\" id=\"How_we_picked_the_best_Middlesbrough_Freight_Forwarding_Companies\"><\/span>Kaip i\u0161rinkome geriausias Midlsbrougho krovini\u0173 ekspedijavimo \u012fmones<span class=\"ez-toc-section-end\"><\/span><\/h2>\n<p>Prad\u0117jome nuo 6 Midlsbrougho krovini\u0173 ekspedijavimo \u012fmoni\u0173, kurias gal\u0117jome rasti naudodamiesi \"Google Maps\", duomen\u0173 rinkinio ir susiaurinome j\u012f iki 3 geriausi\u0173.<\/p>\n<p>Nor\u0117dami tai padaryti, pa\u0161alinome visas \u012fmones, kurios:<\/p>\n<ul>\n<li> Netur\u0117jo interneto svetain\u0117s<\/li>\n<li> Netur\u0117jo joki\u0173 atsiliepim\u0173<\/li>\n<li> Tur\u0117jo vidutin\u012f ap\u017evalgos \u012fvertinim\u0105, ma\u017eesn\u012f nei 2,0 balo<\/li>\n<\/ul>\n<p>\u0160iuo metu, jei tur\u0117jome 17 ar ma\u017eiau ekspeditori\u0173, \u012f s\u0105ra\u0161\u0105 \u012ftrauk\u0117me visus.<\/p>\n<p>Miestuose, kuriuose liko daugiau nei 17 ekspeditori\u0173, atlikome tolesnius pakeitimus: padidinome reikalaujam\u0105 per\u017ei\u016bros bal\u0105 (pvz., nuo ma\u017eiausiai 2,0 iki 4,0) ir (arba) padidinome reikalaujam\u0105 ma\u017eiausi\u0105 per\u017ei\u016br\u0173 skai\u010di\u0173 (pvz., nuo ma\u017eiausiai 1 per\u017ei\u016bros iki ma\u017eiausiai 10).<\/p>\n<p>Atkreipkite d\u0117mes\u012f, kad naudojome tik \"Google\" \u017eem\u0117lapi\u0173, o ne kit\u0173 tre\u010di\u0173j\u0173 \u0161ali\u0173 svetaini\u0173 per\u017ei\u016bros duomenis.<\/p>\n<p>Daugiau miest\u0173:<\/p>\n<p><a href=\"https:\/\/moverdb.com\/lt\/ekspeditorius\/freight-forwarding-uk\/hessle-freight-forwarder\/\">Heslio krovini\u0173 ekspeditorius<\/a><br \/><a href=\"https:\/\/moverdb.com\/lt\/ekspeditorius\/freight-forwarding-uk\/newtownabbey-freight-forwarder\/\">Newtownabbey krovini\u0173 ekspeditorius<\/a><br \/><a href=\"https:\/\/moverdb.com\/lt\/ekspeditorius\/freight-forwarding-uk\/preston-freight-forwarder\/\">Prestono krovini\u0173 ekspeditorius<\/a><br \/><a href=\"https:\/\/moverdb.com\/lt\/ekspeditorius\/freight-forwarding-uk\/skelmersdale-freight-forwarder\/\">Skelmersdeilo krovini\u0173 ekspeditorius<\/a><br \/><a href=\"https:\/\/moverdb.com\/lt\/ekspeditorius\/freight-forwarding-uk\/walsall-freight-forwarder\/\">Walsall Krovini\u0173 ekspeditorius<\/a><\/p>","protected":false},"excerpt":{"rendered":"<p>Below we look at the 3 &#8220;best&#8221; Freight Forwarding companies in Middlesbrough out of 6. To learn more about how we chose the best please consult our FAQ section at the end. Please not the following listings are in no particular order and we are not making any recommendations for any particular company. InstaCargo Ltd [&hellip;]<\/p>\n","protected":false},"author":1,"featured_media":0,"parent":13427,"menu_order":0,"comment_status":"open","ping_status":"open","template":"","meta":{"_genesis_hide_title":false,"_genesis_hide_breadcrumbs":false,"_genesis_hide_singular_image":false,"_genesis_hide_footer_widgets":false,"_genesis_custom_body_class":"","_genesis_custom_post_class":"","_genesis_layout":"","footnotes":""},"class_list":{"0":"post-14001","1":"page","2":"type-page","3":"status-publish","5":"entry"},"_links":{"self":[{"href":"https:\/\/moverdb.com\/lt\/wp-json\/wp\/v2\/pages\/14001","targetHints":{"allow":["GET"]}}],"collection":[{"href":"https:\/\/moverdb.com\/lt\/wp-json\/wp\/v2\/pages"}],"about":[{"href":"https:\/\/moverdb.com\/lt\/wp-json\/wp\/v2\/types\/page"}],"author":[{"embeddable":true,"href":"https:\/\/moverdb.com\/lt\/wp-json\/wp\/v2\/users\/1"}],"replies":[{"embeddable":true,"href":"https:\/\/moverdb.com\/lt\/wp-json\/wp\/v2\/comments?post=14001"}],"version-history":[{"count":1,"href":"https:\/\/moverdb.com\/lt\/wp-json\/wp\/v2\/pages\/14001\/revisions"}],"predecessor-version":[{"id":15771,"href":"https:\/\/moverdb.com\/lt\/wp-json\/wp\/v2\/pages\/14001\/revisions\/15771"}],"up":[{"embeddable":true,"href":"https:\/\/moverdb.com\/lt\/wp-json\/wp\/v2\/pages\/13427"}],"wp:attachment":[{"href":"https:\/\/moverdb.com\/lt\/wp-json\/wp\/v2\/media?parent=14001"}],"curies":[{"name":"wp","href":"https:\/\/api.w.org\/{rel}","templated":true}]}}