{"id":13926,"date":"2023-11-08T15:53:26","date_gmt":"2023-11-08T15:53:26","guid":{"rendered":"https:\/\/moverdb.com\/freight-forwarder\/freight-forwarding-uk\/milton-keynes-freight-forwarder\/"},"modified":"2026-01-08T13:17:53","modified_gmt":"2026-01-08T13:17:53","slug":"milton-keynes-freight-forwarder","status":"publish","type":"page","link":"https:\/\/moverdb.com\/lt\/freight-forwarder\/freight-forwarding-uk\/milton-keynes-freight-forwarder\/","title":{"rendered":"4 geriausios Milton Keinso krovini\u0173 ekspedijavimo \u012fmon\u0117s (2023 m.)"},"content":{"rendered":"<p>Toliau ap\u017evelgsime 4 <em>\"geriausias\"<\/em> Krovini\u0173 ekspedijavimo \u012fmon\u0117s Milton Keynes mieste i\u0161 15.<\/p>\n<p>Nor\u0117dami su\u017einoti daugiau apie tai, kaip atrinkome geriausius, \u017er. pabaigoje esant\u012f DUK skyri\u0173.<\/p>\n<p><em>Atkreipkite d\u0117mes\u012f, kad toliau pateikti s\u0105ra\u0161ai n\u0117ra i\u0161d\u0117styti tam tikra tvarka ir mes nerekomenduojame jokios konkre\u010dios \u012fmon\u0117s.<\/em><\/p>\n<div id=\"ez-toc-container\" class=\"ez-toc-v2_0_82_2 ez-toc-wrap-left counter-hierarchy ez-toc-counter ez-toc-transparent ez-toc-container-direction\">\n<div class=\"ez-toc-title-container\">\n<p class=\"ez-toc-title\" style=\"cursor:inherit\">Skyriai<\/p>\n<span class=\"ez-toc-title-toggle\"><a href=\"#\" class=\"ez-toc-pull-right ez-toc-btn ez-toc-btn-xs ez-toc-btn-default ez-toc-toggle\" aria-label=\"Perjungti turinio lentel\u0119\"><span class=\"ez-toc-js-icon-con\"><span class=\"\"><span class=\"eztoc-hide\" style=\"display:none;\">Perjungti<\/span><span class=\"ez-toc-icon-toggle-span\"><svg style=\"fill: #999;color:#999\" xmlns=\"http:\/\/www.w3.org\/2000\/svg\" class=\"list-377408\" width=\"20px\" height=\"20px\" viewbox=\"0 0 24 24\" fill=\"none\"><path d=\"M6 6H4v2h2V6zm14 0H8v2h12V6zM4 11h2v2H4v-2zm16 0H8v2h12v-2zM4 16h2v2H4v-2zm16 0H8v2h12v-2z\" fill=\"currentColor\"><\/path><\/svg><svg style=\"fill: #999;color:#999\" class=\"arrow-unsorted-368013\" xmlns=\"http:\/\/www.w3.org\/2000\/svg\" width=\"10px\" height=\"10px\" viewbox=\"0 0 24 24\" version=\"1.2\" baseprofile=\"tiny\"><path d=\"M18.2 9.3l-6.2-6.3-6.2 6.3c-.2.2-.3.4-.3.7s.1.5.3.7c.2.2.4.3.7.3h11c.3 0 .5-.1.7-.3.2-.2.3-.5.3-.7s-.1-.5-.3-.7zM5.8 14.7l6.2 6.3 6.2-6.3c.2-.2.3-.5.3-.7s-.1-.5-.3-.7c-.2-.2-.4-.3-.7-.3h-11c-.3 0-.5.1-.7.3-.2.2-.3.5-.3.7s.1.5.3.7z\"\/><\/svg><\/span><\/span><\/span><\/a><\/span><\/div>\n<nav><ul class='ez-toc-list ez-toc-list-level-1 eztoc-toggle-hide-by-default' ><li class='ez-toc-page-1 ez-toc-heading-level-2'><a class=\"ez-toc-link ez-toc-heading-1\" href=\"https:\/\/moverdb.com\/lt\/freight-forwarder\/freight-forwarding-uk\/milton-keynes-freight-forwarder\/#FNC_Network_Ltd\" >FNC Network Ltd<\/a><\/li><li class='ez-toc-page-1 ez-toc-heading-level-2'><a class=\"ez-toc-link ez-toc-heading-2\" href=\"https:\/\/moverdb.com\/lt\/freight-forwarder\/freight-forwarding-uk\/milton-keynes-freight-forwarder\/#Intercargo_Ltd\" >\"Intercargo Ltd<\/a><\/li><li class='ez-toc-page-1 ez-toc-heading-level-2'><a class=\"ez-toc-link ez-toc-heading-3\" href=\"https:\/\/moverdb.com\/lt\/freight-forwarder\/freight-forwarding-uk\/milton-keynes-freight-forwarder\/#UNIQUE_LINE_CARGO\" >UNIKALUS LINIJINIS KROVINYS<\/a><\/li><li class='ez-toc-page-1 ez-toc-heading-level-2'><a class=\"ez-toc-link ez-toc-heading-4\" href=\"https:\/\/moverdb.com\/lt\/freight-forwarder\/freight-forwarding-uk\/milton-keynes-freight-forwarder\/#MK_Logistics_Ltd\" >MK Logistics Ltd<\/a><\/li><li class='ez-toc-page-1 ez-toc-heading-level-2'><a class=\"ez-toc-link ez-toc-heading-5\" href=\"https:\/\/moverdb.com\/lt\/freight-forwarder\/freight-forwarding-uk\/milton-keynes-freight-forwarder\/#How_we_picked_the_best_Milton_Keynes_Freight_Forwarding_Companies\" >Kaip i\u0161rinkome geriausias Milton Keinso krovini\u0173 ekspedijavimo \u012fmones<\/a><\/li><\/ul><\/nav><\/div>\n<h2><span class=\"ez-toc-section\" id=\"FNC_Network_Ltd\"><\/span>FNC Network Ltd<span class=\"ez-toc-section-end\"><\/span><\/h2>\n<p><img decoding=\"async\" src=\"https:\/\/moverdb.com\/wp-content\/uploads\/AF1QipOV8jcFuLVMdfSg6cyIQQwDgS5nT2E50tnxeMNAw674-h240-k-no.png\" alt='FNC Network Ltd' class=\"aligncenter\"><\/p>\n<p><strong>Verslo apra\u0161ymas: <\/strong>FNC yra pasaulinis logistikos tinklas (<a href=\"https:\/\/moverdb.com\/lt\/freight-forwarder\/\" data-internallinksmanager029f6b8e52c=\"17\" title=\"Tarptautini\u0173 ekspeditori\u0173 ir NVOCC s\u0105naud\u0173 ir \u012fmoni\u0173 vadovas\">ekspeditorius<\/a> tinklas), kur\u012f sudaro daugiau nei 490 vidutinio dyd\u017eio ekspedijavimo ir logistikos \u012fmoni\u0173 daugiau nei 100 pasaulio \u0161ali\u0173.<\/p>\n<p> B\u016btent \u0161i unikali daugiadisciplinin\u0117 klient\u0173 aptarnavimo metodika daro FNC kitok\u012f.<\/p>\n<p><strong>Papildomos paslaugos:<\/strong><\/p>\n<p>N\u0117ra \u012f s\u0105ra\u0161\u0105 \u012ftraukt\u0173<\/p>\n<p><strong>Adresas:<\/strong> Nr. 26, Ruby House, Merrivale Mews, Milton Keynes MK9 2FD<\/p>\n<p><a href=\"https:\/\/www.fnc-group.com\/\" target=\"_new\" rel=\"noopener\">\"FNC Network Ltd\" svetain\u0117<\/a><\/p>\n<p><strong>Ap\u017evalgos rezultatas: <\/strong>4<br \/> <strong>Atsiliepim\u0173 skai\u010dius:<\/strong> 1<br \/><a href=\"https:\/\/www.google.co.uk\/maps?cid=12266208101070289601&#038;hl=en&#038;gl=GB\" target=\"_new\" rel=\"noopener\">Skaityti atsiliepimus<\/a><\/p>\n<h2><span class=\"ez-toc-section\" id=\"Intercargo_Ltd\"><\/span>\"Intercargo Ltd<span class=\"ez-toc-section-end\"><\/span><\/h2>\n<p><img decoding=\"async\" src=\"https:\/\/moverdb.com\/wp-content\/uploads\/thumbnailpanoidQKc-N1sbIDPjPfhNYN3elgcb_clientsearch.gws-prod.gpsw408h240yaw313.jpg\" alt='&quot;Intercargo Ltd' class=\"aligncenter\"><\/p>\n<p><strong>Verslo apra\u0161ymas: <\/strong>Nepateikta<\/p>\n<p><strong>Papildomos paslaugos:<\/strong><\/p>\n<p>Pristatymo \u012fmon\u0117<\/p>\n<p><strong>Adresas:<\/strong> 399 Silbury Blvd, Milton Keynes MK9 2AH<\/p>\n<p><a href=\"https:\/\/www.intercargo.co.uk\/\" target=\"_new\" rel=\"noopener\">\"Intercargo Ltd\" svetain\u0117<\/a><\/p>\n<p><strong>Ap\u017evalgos rezultatas: <\/strong>4<br \/> <strong>Atsiliepim\u0173 skai\u010dius:<\/strong> 5<br \/><a href=\"https:\/\/www.google.co.uk\/maps?cid=3103686203224116342&#038;hl=en&#038;gl=GB\" target=\"_new\" rel=\"noopener\">Skaityti atsiliepimus<\/a><\/p>\n<h2><span class=\"ez-toc-section\" id=\"UNIQUE_LINE_CARGO\"><\/span>UNIKALUS LINIJINIS KROVINYS<span class=\"ez-toc-section-end\"><\/span><\/h2>\n<p><img decoding=\"async\" src=\"https:\/\/moverdb.com\/wp-content\/uploads\/thumbnailpanoidqlJvOTHifna-W8rgWrF8kgcb_clientsearch.gws-prod.gpsw408h240yaw319.jpg\" alt='UNIKALUS LINIJINIS KROVINYS' class=\"aligncenter\"><\/p>\n<p><strong>Verslo apra\u0161ymas: <\/strong>\"Unique line cargo\" gali pasi\u016blyti j\u016bs\u0173 reikalavimus atitinkant\u012f sprendim\u0105.<\/p>\n<p> Specializuojam\u0117s krovini\u0173 gabenimo oro transportu, krovini\u0173 gabenimo vandenynu srityje<\/p>\n<p><strong>Papildomos paslaugos:<\/strong><\/p>\n<p>Logistikos paslaugos<\/p>\n<p><strong>Adresas:<\/strong> 3 Tranlands Brigg, Heelands, Milton Keynes MK13 7NS<\/p>\n<p><a href=\"http:\/\/uniquelinecargo.com\/\" target=\"_new\" rel=\"noopener\">UNIQUE LINE CARGO svetain\u0117<\/a><\/p>\n<p><strong>Ap\u017evalgos rezultatas: <\/strong>5<br \/> <strong>Atsiliepim\u0173 skai\u010dius:<\/strong> 2<br \/><a href=\"https:\/\/www.google.co.uk\/maps?cid=16355674871711643784&#038;hl=en&#038;gl=GB\" target=\"_new\" rel=\"noopener\">Skaityti atsiliepimus<\/a><\/p>\n<h2><span class=\"ez-toc-section\" id=\"MK_Logistics_Ltd\"><\/span>MK Logistics Ltd<span class=\"ez-toc-section-end\"><\/span><\/h2>\n<p><img decoding=\"async\" src=\"https:\/\/moverdb.com\/wp-content\/uploads\/AF1QipPEv3SI-Z0F35JxhR5C0iLc1QcPd_yo2K5eKvkfw408-h544-k-no.jpg\" alt='MK Logistics Ltd' class=\"aligncenter\"><\/p>\n<p><strong>Verslo apra\u0161ymas: <\/strong>Nepateikta<\/p>\n<p><strong>Papildomos paslaugos:<\/strong><\/p>\n<p>N\u0117ra \u012f s\u0105ra\u0161\u0105 \u012ftraukt\u0173<\/p>\n<p><strong>Adresas:<\/strong> 16 Potters Ln, Kiln Farm, Milton Keynes MK11 3HF<\/p>\n<p><a href=\"http:\/\/mklogistics.co.uk\/\" target=\"_new\" rel=\"noopener\">\"MK Logistics Ltd\" svetain\u0117<\/a><\/p>\n<p><strong>Ap\u017evalgos rezultatas: <\/strong>3.2<br \/> <strong>Atsiliepim\u0173 skai\u010dius:<\/strong> 26<br \/><a href=\"https:\/\/www.google.co.uk\/maps?cid=10402364518129700822&#038;hl=en&#038;gl=GB\" target=\"_new\" rel=\"noopener\">Skaityti atsiliepimus<\/a><\/p>\n<h2><span class=\"ez-toc-section\" id=\"How_we_picked_the_best_Milton_Keynes_Freight_Forwarding_Companies\"><\/span>Kaip i\u0161rinkome geriausias Milton Keinso krovini\u0173 ekspedijavimo \u012fmones<span class=\"ez-toc-section-end\"><\/span><\/h2>\n<p>Prad\u0117jome nuo 15 Milton Keinso krovini\u0173 ekspedijavimo \u012fmoni\u0173, kurias gal\u0117jome rasti naudodamiesi \"Google Maps\", duomen\u0173 rinkinio ir susiaurinome j\u012f iki 4 geriausi\u0173.<\/p>\n<p>Nor\u0117dami tai padaryti, pa\u0161alinome visas \u012fmones, kurios:<\/p>\n<ul>\n<li> Netur\u0117jo interneto svetain\u0117s<\/li>\n<li> Netur\u0117jo joki\u0173 atsiliepim\u0173<\/li>\n<li> Tur\u0117jo vidutin\u012f ap\u017evalgos \u012fvertinim\u0105, ma\u017eesn\u012f nei 2,0 balo<\/li>\n<\/ul>\n<p>\u0160iuo metu, jei tur\u0117jome 17 ar ma\u017eiau ekspeditori\u0173, \u012f s\u0105ra\u0161\u0105 \u012ftrauk\u0117me visus.<\/p>\n<p>Miestuose, kuriuose liko daugiau nei 17 ekspeditori\u0173, atlikome tolesnius pakeitimus: padidinome reikalaujam\u0105 per\u017ei\u016bros bal\u0105 (pvz., nuo ma\u017eiausiai 2,0 iki 4,0) ir (arba) padidinome reikalaujam\u0105 ma\u017eiausi\u0105 per\u017ei\u016br\u0173 skai\u010di\u0173 (pvz., nuo ma\u017eiausiai 1 per\u017ei\u016bros iki ma\u017eiausiai 10).<\/p>\n<p>Atkreipkite d\u0117mes\u012f, kad naudojome tik \"Google\" \u017eem\u0117lapi\u0173, o ne kit\u0173 tre\u010di\u0173j\u0173 \u0161ali\u0173 svetaini\u0173 per\u017ei\u016bros duomenis.<\/p>\n<p>Daugiau miest\u0173:<\/p>\n<p><a href=\"https:\/\/moverdb.com\/lt\/ekspeditorius\/freight-forwarding-uk\/aberdeen-freight-forwarder\/\">Aberdyno krovini\u0173 ekspeditorius<\/a><br \/><a href=\"https:\/\/moverdb.com\/lt\/ekspeditorius\/freight-forwarding-uk\/heywood-freight-forwarder\/\">\"Heywood Freight Forwarder<\/a><br \/><a href=\"https:\/\/moverdb.com\/lt\/ekspeditorius\/freight-forwarding-uk\/edinburgh-freight-forwarder\/\">Edinburgo krovini\u0173 ekspeditorius<\/a><br \/><a href=\"https:\/\/moverdb.com\/lt\/ekspeditorius\/freight-forwarding-uk\/wakefield-freight-forwarder\/\">Veikfildo krovini\u0173 ekspeditorius<\/a><br \/><a href=\"https:\/\/moverdb.com\/lt\/ekspeditorius\/freight-forwarding-uk\/christchurch-freight-forwarder\/\">Christchurch krovini\u0173 ekspeditorius<\/a><\/p>","protected":false},"excerpt":{"rendered":"<p>Below we look at the 4 &#8220;best&#8221; Freight Forwarding companies in Milton Keynes out of 15. To learn more about how we chose the best please consult our FAQ section at the end. Please not the following listings are in no particular order and we are not making any recommendations for any particular company. FNC [&hellip;]<\/p>\n","protected":false},"author":1,"featured_media":0,"parent":13427,"menu_order":0,"comment_status":"open","ping_status":"open","template":"","meta":{"_genesis_hide_title":false,"_genesis_hide_breadcrumbs":false,"_genesis_hide_singular_image":false,"_genesis_hide_footer_widgets":false,"_genesis_custom_body_class":"","_genesis_custom_post_class":"","_genesis_layout":"","footnotes":""},"class_list":{"0":"post-13926","1":"page","2":"type-page","3":"status-publish","5":"entry"},"_links":{"self":[{"href":"https:\/\/moverdb.com\/lt\/wp-json\/wp\/v2\/pages\/13926","targetHints":{"allow":["GET"]}}],"collection":[{"href":"https:\/\/moverdb.com\/lt\/wp-json\/wp\/v2\/pages"}],"about":[{"href":"https:\/\/moverdb.com\/lt\/wp-json\/wp\/v2\/types\/page"}],"author":[{"embeddable":true,"href":"https:\/\/moverdb.com\/lt\/wp-json\/wp\/v2\/users\/1"}],"replies":[{"embeddable":true,"href":"https:\/\/moverdb.com\/lt\/wp-json\/wp\/v2\/comments?post=13926"}],"version-history":[{"count":1,"href":"https:\/\/moverdb.com\/lt\/wp-json\/wp\/v2\/pages\/13926\/revisions"}],"predecessor-version":[{"id":15786,"href":"https:\/\/moverdb.com\/lt\/wp-json\/wp\/v2\/pages\/13926\/revisions\/15786"}],"up":[{"embeddable":true,"href":"https:\/\/moverdb.com\/lt\/wp-json\/wp\/v2\/pages\/13427"}],"wp:attachment":[{"href":"https:\/\/moverdb.com\/lt\/wp-json\/wp\/v2\/media?parent=13926"}],"curies":[{"name":"wp","href":"https:\/\/api.w.org\/{rel}","templated":true}]}}