{"id":13902,"date":"2023-11-08T15:53:26","date_gmt":"2023-11-08T15:53:26","guid":{"rendered":"https:\/\/moverdb.com\/freight-forwarder\/freight-forwarding-uk\/crawley-freight-forwarder\/"},"modified":"2026-01-08T13:17:49","modified_gmt":"2026-01-08T13:17:49","slug":"crawley-freight-forwarder","status":"publish","type":"page","link":"https:\/\/moverdb.com\/lt\/freight-forwarder\/freight-forwarding-uk\/crawley-freight-forwarder\/","title":{"rendered":"4 geriausios Crawley krovini\u0173 ekspedijavimo \u012fmon\u0117s (2023 m.)"},"content":{"rendered":"<p>Toliau ap\u017evelgsime 4 <em>\"geriausias\"<\/em> Krovini\u0173 ekspedijavimo \u012fmon\u0117s Crawley mieste i\u0161 9.<\/p>\n<p>Nor\u0117dami su\u017einoti daugiau apie tai, kaip atrinkome geriausius, \u017er. pabaigoje esant\u012f DUK skyri\u0173.<\/p>\n<p><em>Atkreipkite d\u0117mes\u012f, kad toliau pateikti s\u0105ra\u0161ai n\u0117ra i\u0161d\u0117styti tam tikra tvarka ir mes nerekomenduojame jokios konkre\u010dios \u012fmon\u0117s.<\/em><\/p>\n<div id=\"ez-toc-container\" class=\"ez-toc-v2_0_82_2 ez-toc-wrap-left counter-hierarchy ez-toc-counter ez-toc-transparent ez-toc-container-direction\">\n<div class=\"ez-toc-title-container\">\n<p class=\"ez-toc-title\" style=\"cursor:inherit\">Skyriai<\/p>\n<span class=\"ez-toc-title-toggle\"><a href=\"#\" class=\"ez-toc-pull-right ez-toc-btn ez-toc-btn-xs ez-toc-btn-default ez-toc-toggle\" aria-label=\"Perjungti turinio lentel\u0119\"><span class=\"ez-toc-js-icon-con\"><span class=\"\"><span class=\"eztoc-hide\" style=\"display:none;\">Perjungti<\/span><span class=\"ez-toc-icon-toggle-span\"><svg style=\"fill: #999;color:#999\" xmlns=\"http:\/\/www.w3.org\/2000\/svg\" class=\"list-377408\" width=\"20px\" height=\"20px\" viewbox=\"0 0 24 24\" fill=\"none\"><path d=\"M6 6H4v2h2V6zm14 0H8v2h12V6zM4 11h2v2H4v-2zm16 0H8v2h12v-2zM4 16h2v2H4v-2zm16 0H8v2h12v-2z\" fill=\"currentColor\"><\/path><\/svg><svg style=\"fill: #999;color:#999\" class=\"arrow-unsorted-368013\" xmlns=\"http:\/\/www.w3.org\/2000\/svg\" width=\"10px\" height=\"10px\" viewbox=\"0 0 24 24\" version=\"1.2\" baseprofile=\"tiny\"><path d=\"M18.2 9.3l-6.2-6.3-6.2 6.3c-.2.2-.3.4-.3.7s.1.5.3.7c.2.2.4.3.7.3h11c.3 0 .5-.1.7-.3.2-.2.3-.5.3-.7s-.1-.5-.3-.7zM5.8 14.7l6.2 6.3 6.2-6.3c.2-.2.3-.5.3-.7s-.1-.5-.3-.7c-.2-.2-.4-.3-.7-.3h-11c-.3 0-.5.1-.7.3-.2.2-.3.5-.3.7s.1.5.3.7z\"\/><\/svg><\/span><\/span><\/span><\/a><\/span><\/div>\n<nav><ul class='ez-toc-list ez-toc-list-level-1 eztoc-toggle-hide-by-default' ><li class='ez-toc-page-1 ez-toc-heading-level-2'><a class=\"ez-toc-link ez-toc-heading-1\" href=\"https:\/\/moverdb.com\/lt\/freight-forwarder\/freight-forwarding-uk\/crawley-freight-forwarder\/#MED_Freight_Services\" >MED krovini\u0173 ve\u017eimo paslaugos<\/a><\/li><li class='ez-toc-page-1 ez-toc-heading-level-2'><a class=\"ez-toc-link ez-toc-heading-2\" href=\"https:\/\/moverdb.com\/lt\/freight-forwarder\/freight-forwarding-uk\/crawley-freight-forwarder\/#PBS_International_Freight_Limited\" >\"PBS International Freight Limited<\/a><\/li><li class='ez-toc-page-1 ez-toc-heading-level-2'><a class=\"ez-toc-link ez-toc-heading-3\" href=\"https:\/\/moverdb.com\/lt\/freight-forwarder\/freight-forwarding-uk\/crawley-freight-forwarder\/#Send2ChinaeEYeEa%C2%B8a%E2%80%BA%C2%BD\" >Send2China\u00e9\u20ac\u0178\u00e9\u20ac'\u00e4\u00b8\u00e5'\u00bd<\/a><\/li><li class='ez-toc-page-1 ez-toc-heading-level-2'><a class=\"ez-toc-link ez-toc-heading-4\" href=\"https:\/\/moverdb.com\/lt\/freight-forwarder\/freight-forwarding-uk\/crawley-freight-forwarder\/#Glenn_Freight_Services\" >\"Glenn Freight Services<\/a><\/li><li class='ez-toc-page-1 ez-toc-heading-level-2'><a class=\"ez-toc-link ez-toc-heading-5\" href=\"https:\/\/moverdb.com\/lt\/freight-forwarder\/freight-forwarding-uk\/crawley-freight-forwarder\/#How_we_picked_the_best_Crawley_Freight_Forwarding_Companies\" >Kaip i\u0161rinkome geriausias Crawley krovini\u0173 ekspedijavimo \u012fmones<\/a><\/li><\/ul><\/nav><\/div>\n<h2><span class=\"ez-toc-section\" id=\"MED_Freight_Services\"><\/span>MED krovini\u0173 ve\u017eimo paslaugos<span class=\"ez-toc-section-end\"><\/span><\/h2>\n<p><img decoding=\"async\" src=\"https:\/\/moverdb.com\/wp-content\/uploads\/thumbnailpanoidSf2kEENNHZqnKWQ4fg1YHQcb_clientsearch.gws-prod.gpsw408h240yaw331.jpg\" alt='MED krovini\u0173 ve\u017eimo paslaugos' class=\"aligncenter\"><\/p>\n<p><strong>Verslo apra\u0161ymas: <\/strong>Nepateikta<\/p>\n<p><strong>Papildomos paslaugos:<\/strong><\/p>\n<p>N\u0117ra \u012f s\u0105ra\u0161\u0105 \u012ftraukt\u0173<\/p>\n<p><strong>Adresas:<\/strong> 12, Forge Wood Industrial Estate, Gatwick Rd, Crawley RH10 9PG<\/p>\n<p><a href=\"https:\/\/find-and-update.company-information.service.gov.uk\/company\/08096138\" target=\"_new\" rel=\"noopener\">\"MED Freight Services\" svetain\u0117<\/a><\/p>\n<p><strong>Ap\u017evalgos rezultatas: <\/strong>5<br \/> <strong>Atsiliepim\u0173 skai\u010dius:<\/strong> 1<br \/><a href=\"https:\/\/www.google.co.uk\/maps?cid=18237951817802486207&#038;hl=en&#038;gl=GB\" target=\"_new\" rel=\"noopener\">Skaityti atsiliepimus<\/a><\/p>\n<h2><span class=\"ez-toc-section\" id=\"PBS_International_Freight_Limited\"><\/span>\"PBS International Freight Limited<span class=\"ez-toc-section-end\"><\/span><\/h2>\n<p><img decoding=\"async\" src=\"https:\/\/moverdb.com\/wp-content\/uploads\/AF1QipM70-ouQwJ7HIhjVIa_c5G281_Ui5KVbZWI2zMTw408-h254-k-no.jpg\" alt='&quot;PBS International Freight Limited' class=\"aligncenter\"><\/p>\n<p><strong>Verslo apra\u0161ymas: <\/strong>\"PBS International\" yra pasaulin\u0117 krovini\u0173 ekspedijavimo bendrov\u0117, kurios specializacija - krovini\u0173 gabenimas oru, j\u016bra, keliais ir specializuotos krovini\u0173 ve\u017eimo paslaugos.<\/p>\n<p>Si\u016blome plat\u0173 krovini\u0173 ekspedijavimo ir logistikos paslaug\u0173 asortiment\u0105, atitinkant\u012f visus biud\u017eetus ir terminus.<\/p>\n<p>Be to, teikiame sand\u0117liavimo paslaugas, \u012fskaitant pakavim\u0105, paskirstym\u0105, pa\u0117mim\u0105 ir pakavim\u0105 bei pakavimo med\u017eiag\u0173 tiekim\u0105.<\/p>\n<p>\"PBS International Freight\" taip pat gali pad\u0117ti gauti importo ir eksporto licencijas, ve\u017eti pavojingus krovinius ir asmeninius bei nam\u0173 apyvokos daiktus.<\/p>\n<p>Susisiekite ir su\u017einokite daugiau.<\/p>\n<p><strong>Papildomos paslaugos:<\/strong><\/p>\n<p>Importo eksporto \u012fmon\u0117<\/p>\n<p>Logistikos paslaugos<\/p>\n<p>Pristatymo \u012fmon\u0117<\/p>\n<p>Transporto paslaugos<\/p>\n<p><strong>Adresas:<\/strong> PBS House, Charlwood Rd, Lowfield Heath, Crawley RH11 0PT<\/p>\n<p><a href=\"https:\/\/www.pbs-int.co.uk\/\" target=\"_new\" rel=\"noopener\">\"PBS International Freight Limited\" svetain\u0117<\/a><\/p>\n<p><strong>Ap\u017evalgos rezultatas: <\/strong>4.5<br \/> <strong>Atsiliepim\u0173 skai\u010dius:<\/strong> 11<br \/><a href=\"https:\/\/www.google.co.uk\/maps?cid=9986257421367286698&#038;hl=en&#038;gl=GB\" target=\"_new\" rel=\"noopener\">Skaityti atsiliepimus<\/a><\/p>\n<h2><span class=\"ez-toc-section\" id=\"Send2ChinaeEYeEa%C2%B8a%E2%80%BA%C2%BD\"><\/span>Send2China\u00e9\u20ac\u0178\u00e9\u20ac'\u00e4\u00b8\u00e5'\u00bd<span class=\"ez-toc-section-end\"><\/span><\/h2>\n<p><img decoding=\"async\" src=\"https:\/\/moverdb.com\/wp-content\/uploads\/AF1QipN40isg5X7TM3yIj-q8UgIXbwVSBOmyw2EPzGAJw408-h306-k-no.jpg\" alt='Send2China\u00e9\u20ac\u0178\u00e9\u20ac&#039;\u00e4\u00b8\u00e5&#039;\u00bd' class=\"aligncenter\"><\/p>\n<p><strong>Verslo apra\u0161ymas: <\/strong>Send2China\u00e6\u02dc\u00af\u00e5\u2026\u00a8\u00e8\u2039\u00b1\u00e9\u00a2\u2020\u00e5\u2026\u02c6\u00e7\u0161\u201e\u00e8\u00b7\u00a8\u00e5\u00a2\u0192\u00e7\u2030\u00a9\u00e6\u00b5\u0081\u00e9\u00ab\u02dc\u00e7\u00a7\u2018\u00e6\u0160\u20ac\u00e5\u2026\u00ac\u00e5\u008f\u00b8\u00ef\u00bc\u0152\u00e5\u2026\u00ac\u00e5\u008f\u00b8\u00e4\u00ba\u017d2013\u00e5\u00b9\u00b4\u00e7\u201d\u00b1\u00e7\u00be\u017d\u00e5\u203a\u00bd\u00e7\u00a1\u2026\u00e8\u00b0\u00b7\u00e6\u0160\u2022\u00e8\u00b5\u201e\u00ef\u00bc\u0152\u00e6\u02c6\u0090\u00e7\u00ab\u2039\u00e4\u00ba\u017d\u00e8\u2039\u00b1\u00e5\u203a\u00bd\u00ef\u00bc\u0152\u00e4\u00b8\u201c\u00e6\u00b3\u00a8\u00e4\u00b8\u00ba\u00e6\u00b5\u00b7\u00e5\u2020\u2026\u00e5\u00a4\u2013\u00e5\u00ae\u00a2\u00e6\u02c6\u00b7\u00e6\u008f\u0090\u00e4\u00be\u203a\u00e5\u00ae\u2030\u00e5\u2026\u00a8\u00ef\u00bc\u0152\u00e5\u00bf\u00ab\u00e6\u008d\u00b7\u00ef\u00bc\u0152\u00e6\u2013\u00b9\u00e4\u00be\u00bf\u00e7\u0161\u201e\u00e7\u2030\u00a9\u00e6\u00b5\u0081\u00e8\u00a7\u00a3\u00e5\u2020\u00b3\u00e6\u2013\u00b9\u00e6\u00a1\u02c6\u00e3\u20ac\u201a<\/p>\n<p><strong>Papildomos paslaugos:<\/strong><\/p>\n<p>Kurjeri\u0173 paslaugos<\/p>\n<p>Baga\u017eo saugykla<\/p>\n<p><strong>Adresas:<\/strong> Unit 7, Gatwick Distribution Point, Church Rd, Lowfield Heath, Crawley RH11 0PJ<\/p>\n<p><a href=\"http:\/\/send2china.co.uk\/\" target=\"_new\" rel=\"noopener\">Send2China\u00e9\u20ac\u0178\u00e9\u20ac'\u00e4\u00b8\u00e5'\u00bd svetain\u0117<\/a><\/p>\n<p><strong>Ap\u017evalgos rezultatas: <\/strong>4.4<br \/> <strong>Atsiliepim\u0173 skai\u010dius:<\/strong> 52<br \/><a href=\"https:\/\/www.google.co.uk\/maps?cid=15445262590040213531&#038;hl=en&#038;gl=GB\" target=\"_new\" rel=\"noopener\">Skaityti atsiliepimus<\/a><\/p>\n<h2><span class=\"ez-toc-section\" id=\"Glenn_Freight_Services\"><\/span>\"Glenn Freight Services<span class=\"ez-toc-section-end\"><\/span><\/h2>\n<p><img decoding=\"async\" src=\"https:\/\/moverdb.com\/wp-content\/uploads\/thumbnailpanoidv-l43pYF8MNtWTpqKVj2Swcb_clientsearch.gws-prod.gpsw408h240yaw195.jpg\" alt='&quot;Glenn Freight Services' class=\"aligncenter\"><\/p>\n<p><strong>Verslo apra\u0161ymas: <\/strong>Nepateikta<\/p>\n<p><strong>Papildomos paslaugos:<\/strong><\/p>\n<p>N\u0117ra \u012f s\u0105ra\u0161\u0105 \u012ftraukt\u0173<\/p>\n<p><strong>Adresas:<\/strong> \"Global House\", Manor Court, Manor Royal, Crawley RH10 9PY<\/p>\n<p><a href=\"http:\/\/www.glennfreight.co.uk\/\" target=\"_new\" rel=\"noopener\">\"Glenn Freight Services\" svetain\u0117<\/a><\/p>\n<p><strong>Ap\u017evalgos rezultatas: <\/strong>3<br \/> <strong>Atsiliepim\u0173 skai\u010dius:<\/strong> 2<br \/><a href=\"https:\/\/www.google.co.uk\/maps?cid=2598308117992633691&#038;hl=en&#038;gl=GB\" target=\"_new\" rel=\"noopener\">Skaityti atsiliepimus<\/a><\/p>\n<h2><span class=\"ez-toc-section\" id=\"How_we_picked_the_best_Crawley_Freight_Forwarding_Companies\"><\/span>Kaip i\u0161rinkome geriausias Crawley krovini\u0173 ekspedijavimo \u012fmones<span class=\"ez-toc-section-end\"><\/span><\/h2>\n<p>Prad\u0117jome nuo 9 Crawley krovini\u0173 ekspedijavimo \u012fmoni\u0173, kurias gal\u0117jome rasti naudodamiesi \"Google Maps\", duomen\u0173 rinkinio ir susiaurinome j\u012f iki 4 geriausi\u0173.<\/p>\n<p>Nor\u0117dami tai padaryti, pa\u0161alinome visas \u012fmones, kurios:<\/p>\n<ul>\n<li> Netur\u0117jo interneto svetain\u0117s<\/li>\n<li> Netur\u0117jo joki\u0173 atsiliepim\u0173<\/li>\n<li> Tur\u0117jo vidutin\u012f ap\u017evalgos \u012fvertinim\u0105, ma\u017eesn\u012f nei 2,0 balo<\/li>\n<\/ul>\n<p>\u0160iuo metu, jei tur\u0117jome 17 ar ma\u017eiau ekspeditori\u0173, \u012f s\u0105ra\u0161\u0105 \u012ftrauk\u0117me visus.<\/p>\n<p>Miestuose, kuriuose liko daugiau nei 17 ekspeditori\u0173, atlikome tolesnius pakeitimus: padidinome reikalaujam\u0105 per\u017ei\u016bros bal\u0105 (pvz., nuo ma\u017eiausiai 2,0 iki 4,0) ir (arba) padidinome reikalaujam\u0105 ma\u017eiausi\u0105 per\u017ei\u016br\u0173 skai\u010di\u0173 (pvz., nuo ma\u017eiausiai 1 per\u017ei\u016bros iki ma\u017eiausiai 10).<\/p>\n<p>Atkreipkite d\u0117mes\u012f, kad naudojome tik \"Google\" \u017eem\u0117lapi\u0173, o ne kit\u0173 tre\u010di\u0173j\u0173 \u0161ali\u0173 svetaini\u0173 per\u017ei\u016bros duomenis.<\/p>\n<p>Daugiau miest\u0173:<\/p>\n<p><a href=\"https:\/\/moverdb.com\/lt\/ekspeditorius\/freight-forwarding-uk\/warrington-freight-forwarder\/\">Warringtono krovini\u0173 ekspeditorius<\/a><br \/><a href=\"https:\/\/moverdb.com\/lt\/ekspeditorius\/freight-forwarding-uk\/grimsby-freight-forwarder\/\">Grimsbio krovini\u0173 ekspeditorius<\/a><br \/><a href=\"https:\/\/moverdb.com\/lt\/ekspeditorius\/freight-forwarding-uk\/cardiff-freight-forwarder\/\">Kardifo krovini\u0173 ekspeditorius<\/a><br \/><a href=\"https:\/\/moverdb.com\/lt\/ekspeditorius\/freight-forwarding-uk\/luton-freight-forwarder\/\">Lutono krovini\u0173 ekspeditorius<\/a><br \/><a href=\"https:\/\/moverdb.com\/lt\/ekspeditorius\/freight-forwarding-uk\/milton-keynes-freight-forwarder\/\">Milton Keynes krovini\u0173 ekspeditorius<\/a><\/p>","protected":false},"excerpt":{"rendered":"<p>Below we look at the 4 &#8220;best&#8221; Freight Forwarding companies in Crawley out of 9. To learn more about how we chose the best please consult our FAQ section at the end. Please not the following listings are in no particular order and we are not making any recommendations for any particular company. MED Freight [&hellip;]<\/p>\n","protected":false},"author":1,"featured_media":0,"parent":13427,"menu_order":0,"comment_status":"open","ping_status":"open","template":"","meta":{"_genesis_hide_title":false,"_genesis_hide_breadcrumbs":false,"_genesis_hide_singular_image":false,"_genesis_hide_footer_widgets":false,"_genesis_custom_body_class":"","_genesis_custom_post_class":"","_genesis_layout":"","footnotes":""},"class_list":{"0":"post-13902","1":"page","2":"type-page","3":"status-publish","5":"entry"},"_links":{"self":[{"href":"https:\/\/moverdb.com\/lt\/wp-json\/wp\/v2\/pages\/13902","targetHints":{"allow":["GET"]}}],"collection":[{"href":"https:\/\/moverdb.com\/lt\/wp-json\/wp\/v2\/pages"}],"about":[{"href":"https:\/\/moverdb.com\/lt\/wp-json\/wp\/v2\/types\/page"}],"author":[{"embeddable":true,"href":"https:\/\/moverdb.com\/lt\/wp-json\/wp\/v2\/users\/1"}],"replies":[{"embeddable":true,"href":"https:\/\/moverdb.com\/lt\/wp-json\/wp\/v2\/comments?post=13902"}],"version-history":[{"count":1,"href":"https:\/\/moverdb.com\/lt\/wp-json\/wp\/v2\/pages\/13902\/revisions"}],"predecessor-version":[{"id":15782,"href":"https:\/\/moverdb.com\/lt\/wp-json\/wp\/v2\/pages\/13902\/revisions\/15782"}],"up":[{"embeddable":true,"href":"https:\/\/moverdb.com\/lt\/wp-json\/wp\/v2\/pages\/13427"}],"wp:attachment":[{"href":"https:\/\/moverdb.com\/lt\/wp-json\/wp\/v2\/media?parent=13902"}],"curies":[{"name":"wp","href":"https:\/\/api.w.org\/{rel}","templated":true}]}}