{"id":13877,"date":"2023-11-08T15:52:42","date_gmt":"2023-11-08T15:52:42","guid":{"rendered":"https:\/\/moverdb.com\/freight-forwarder\/freight-forwarding-uk\/rainham-freight-forwarder\/"},"modified":"2026-01-08T13:18:01","modified_gmt":"2026-01-08T13:18:01","slug":"rainham-freight-forwarder","status":"publish","type":"page","link":"https:\/\/moverdb.com\/lt\/freight-forwarder\/freight-forwarding-uk\/rainham-freight-forwarder\/","title":{"rendered":"5 geriausios Rainhamo krovini\u0173 ekspedijavimo \u012fmon\u0117s (2024)"},"content":{"rendered":"<p>Toliau ap\u017evelgsime 5 <em>\"geriausias\"<\/em> Krovini\u0173 ekspedijavimo \u012fmon\u0117s Rainhame i\u0161 12.<\/p>\n<p>Nor\u0117dami su\u017einoti daugiau apie tai, kaip atrinkome geriausius, \u017er. pabaigoje esant\u012f DUK skyri\u0173.<\/p>\n<p><em>Atkreipkite d\u0117mes\u012f, kad toliau pateikti s\u0105ra\u0161ai n\u0117ra i\u0161d\u0117styti tam tikra tvarka ir mes nerekomenduojame jokios konkre\u010dios \u012fmon\u0117s.<\/em><\/p>\n<div id=\"ez-toc-container\" class=\"ez-toc-v2_0_82_2 ez-toc-wrap-left counter-hierarchy ez-toc-counter ez-toc-transparent ez-toc-container-direction\">\n<div class=\"ez-toc-title-container\">\n<p class=\"ez-toc-title\" style=\"cursor:inherit\">Skyriai<\/p>\n<span class=\"ez-toc-title-toggle\"><a href=\"#\" class=\"ez-toc-pull-right ez-toc-btn ez-toc-btn-xs ez-toc-btn-default ez-toc-toggle\" aria-label=\"Perjungti turinio lentel\u0119\"><span class=\"ez-toc-js-icon-con\"><span class=\"\"><span class=\"eztoc-hide\" style=\"display:none;\">Perjungti<\/span><span class=\"ez-toc-icon-toggle-span\"><svg style=\"fill: #999;color:#999\" xmlns=\"http:\/\/www.w3.org\/2000\/svg\" class=\"list-377408\" width=\"20px\" height=\"20px\" viewbox=\"0 0 24 24\" fill=\"none\"><path d=\"M6 6H4v2h2V6zm14 0H8v2h12V6zM4 11h2v2H4v-2zm16 0H8v2h12v-2zM4 16h2v2H4v-2zm16 0H8v2h12v-2z\" fill=\"currentColor\"><\/path><\/svg><svg style=\"fill: #999;color:#999\" class=\"arrow-unsorted-368013\" xmlns=\"http:\/\/www.w3.org\/2000\/svg\" width=\"10px\" height=\"10px\" viewbox=\"0 0 24 24\" version=\"1.2\" baseprofile=\"tiny\"><path d=\"M18.2 9.3l-6.2-6.3-6.2 6.3c-.2.2-.3.4-.3.7s.1.5.3.7c.2.2.4.3.7.3h11c.3 0 .5-.1.7-.3.2-.2.3-.5.3-.7s-.1-.5-.3-.7zM5.8 14.7l6.2 6.3 6.2-6.3c.2-.2.3-.5.3-.7s-.1-.5-.3-.7c-.2-.2-.4-.3-.7-.3h-11c-.3 0-.5.1-.7.3-.2.2-.3.5-.3.7s.1.5.3.7z\"\/><\/svg><\/span><\/span><\/span><\/a><\/span><\/div>\n<nav><ul class='ez-toc-list ez-toc-list-level-1 eztoc-toggle-hide-by-default' ><li class='ez-toc-page-1 ez-toc-heading-level-2'><a class=\"ez-toc-link ez-toc-heading-1\" href=\"https:\/\/moverdb.com\/lt\/freight-forwarder\/freight-forwarding-uk\/rainham-freight-forwarder\/#Mds_Cargo_Freight_Services\" >\"Mds Cargo\" krovini\u0173 ve\u017eimo paslaugos<\/a><\/li><li class='ez-toc-page-1 ez-toc-heading-level-2'><a class=\"ez-toc-link ez-toc-heading-2\" href=\"https:\/\/moverdb.com\/lt\/freight-forwarder\/freight-forwarding-uk\/rainham-freight-forwarder\/#Tanganyika_Export_Services_Ltd\" >\"Tanganyika Export Services Ltd<\/a><\/li><li class='ez-toc-page-1 ez-toc-heading-level-2'><a class=\"ez-toc-link ez-toc-heading-3\" href=\"https:\/\/moverdb.com\/lt\/freight-forwarder\/freight-forwarding-uk\/rainham-freight-forwarder\/#Delamode_Anglia\" >Delamode Anglia<\/a><\/li><li class='ez-toc-page-1 ez-toc-heading-level-2'><a class=\"ez-toc-link ez-toc-heading-4\" href=\"https:\/\/moverdb.com\/lt\/freight-forwarder\/freight-forwarding-uk\/rainham-freight-forwarder\/#Maximum_Logistics_ltd\" >\"Maximum Logistics ltd<\/a><\/li><li class='ez-toc-page-1 ez-toc-heading-level-2'><a class=\"ez-toc-link ez-toc-heading-5\" href=\"https:\/\/moverdb.com\/lt\/freight-forwarder\/freight-forwarding-uk\/rainham-freight-forwarder\/#Eagle_Cargo_Services_Ltd\" >\"Eagle Cargo Services Ltd<\/a><\/li><li class='ez-toc-page-1 ez-toc-heading-level-2'><a class=\"ez-toc-link ez-toc-heading-6\" href=\"https:\/\/moverdb.com\/lt\/freight-forwarder\/freight-forwarding-uk\/rainham-freight-forwarder\/#How_we_picked_the_best_Rainham_Freight_Forwarding_Companies\" >Kaip i\u0161rinkome geriausias Rainhamo krovini\u0173 ekspedijavimo \u012fmones<\/a><\/li><\/ul><\/nav><\/div>\n<h2><span class=\"ez-toc-section\" id=\"Mds_Cargo_Freight_Services\"><\/span>\"Mds Cargo\" krovini\u0173 ve\u017eimo paslaugos<span class=\"ez-toc-section-end\"><\/span><\/h2>\n<p><img decoding=\"async\" src=\"https:\/\/moverdb.com\/wp-content\/uploads\/AF1QipNam006StLwo-uvfi2m6TlnqsgKrbZvBdoSX3P1w408-h544-k-no.jpg\" alt='&quot;Mds Cargo&quot; krovini\u0173 ve\u017eimo paslaugos' class=\"aligncenter\"><\/p>\n<p><strong>Verslo apra\u0161ymas: <\/strong>\"MDS Cargo\" teikia krovini\u0173 ekspedijavimo paslaugas <a href=\"https:\/\/moverdb.com\/lt\/moving-companies\/moving-companies-nigeria\/\" data-internallinksmanager029f6b8e52c=\"280\" title=\"10 Geriausias 10 Tarptautinis Perkraustymo \u012fmon\u0117s Nigerija\">Nigerija<\/a> , <a href=\"https:\/\/moverdb.com\/lt\/moving-companies\/moving-companies-ghana\/\" data-internallinksmanager029f6b8e52c=\"228\" title=\"2 Geriausios tarptautin\u0117s perkraustymo \u012fmon\u0117s Ganoje\">Gana<\/a> ir kitose Afrikos \u0161alyse.<\/p>\n<p> Mes specializuojam\u0117s importuojant ir eksportuojant prekes i\u0161 <a href=\"https:\/\/moverdb.com\/lt\/moving-to-the-uk\/\" data-internallinksmanager029f6b8e52c=\"93\" title=\"Persik\u0117limas \u012f Jungtin\u0119 Karalyst\u0119? 2022 Gyvenimo i\u0161laidos ir persikraustymo patarimai\">JK<\/a> , ES - Vakar\u0173 Afrikos \u0161alims.<\/p>\n<p> Galime pad\u0117ti teikiant \u0161ias paslaugas;<br \/>\n1.<\/p>\n<p> Preki\u0173 importas ir eksportas i\u0161 Jungtin\u0117s Karalyst\u0117s ES \u012f Nigerij\u0105 ir Gan\u0105 oro ir j\u016br\u0173 transportu.<\/p>\n<p> M\u016bs\u0173 j\u016br\u0173 kroviniai plaukia kart\u0105 per m\u0117nes\u012f, o oro kroviniai i\u0161vyksta kiekvien\u0105 penktadien\u012f.<\/p>\n<p>2.<\/p>\n<p> Klient\u0173 preki\u0173 pri\u0117mimas ir konsolidavimas.<\/p>\n<p> Mes galime nemokamai saugoti prekes klientams iki 20 dien\u0173 iki i\u0161siuntimo.<\/p>\n<p>3.<\/p>\n<p> Taip pat teikiame vie\u0161\u0173j\u0173 pirkim\u0173 ir siuntimo paslaugas ma\u017eoms ir didel\u0117ms \u012fmon\u0117ms.<br \/>\n4.<\/p>\n<p> Teikiame sand\u0117liavimo ir vis\u0173 r\u016b\u0161i\u0173 pakavimo med\u017eiagas saugiam siuntimui.<\/p>\n<p>Apsilankykite <a href=\"https:\/\/moverdb.com\/lt\/moving-to-the-united-states\/\" data-internallinksmanager029f6b8e52c=\"94\" title=\"Persik\u0117limas \u012f Jungtines Amerikos Valstijas? 2022 Gyvenimo i\u0161laidos ir persik\u0117limo patarimai\">mus<\/a> Rainhame | Orsettas | Basildonas<\/p>\n<p><strong>Papildomos paslaugos:<\/strong><\/p>\n<p>N\u0117ra \u012f s\u0105ra\u0161\u0105 \u012ftraukt\u0173<\/p>\n<p><strong>Adresas:<\/strong> \"MDS Cargo LCS LTD\", 5 Lamson Rd, Rainham RM13 9YY<\/p>\n<p><a href=\"http:\/\/www.mdscargo.com\/\" target=\"_new\" rel=\"noopener\">\"Mds Cargo Freight Services\" svetain\u0117<\/a><\/p>\n<p><strong>Ap\u017evalgos rezultatas: <\/strong>4.4<br \/> <strong>Atsiliepim\u0173 skai\u010dius:<\/strong> 19<br \/><a href=\"https:\/\/www.google.co.uk\/maps?cid=2770966211954205573&#038;hl=en&#038;gl=GB\" target=\"_new\" rel=\"noopener\">Skaityti atsiliepimus<\/a><\/p>\n<h2><span class=\"ez-toc-section\" id=\"Tanganyika_Export_Services_Ltd\"><\/span>\"Tanganyika Export Services Ltd<span class=\"ez-toc-section-end\"><\/span><\/h2>\n<p><img decoding=\"async\" src=\"https:\/\/moverdb.com\/wp-content\/uploads\/AF1QipOm7c1hAKSxC8qPip7BUkVOR5Ez0OBt3ImrhLtTw408-h725-k-no.jpg\" alt='&quot;Tanganyika Export Services Ltd' class=\"aligncenter\"><\/p>\n<p><strong>Verslo apra\u0161ymas: <\/strong>Nepateikta<\/p>\n<p><strong>Papildomos paslaugos:<\/strong><\/p>\n<p>Saugykla<\/p>\n<p><strong>Adresas:<\/strong> 11 padalinys, Noak Industrial Estate, New Rd, Rainham RM13 9EB<\/p>\n<p><a href=\"http:\/\/www.tanganyikaexport.com\/\" target=\"_new\" rel=\"noopener\">\"Tanganyika Export Services Ltd\" svetain\u0117<\/a><\/p>\n<p><strong>Ap\u017evalgos rezultatas: <\/strong>3.8<br \/> <strong>Atsiliepim\u0173 skai\u010dius:<\/strong> 14<br \/><a href=\"https:\/\/www.google.co.uk\/maps?cid=13320201533691965430&#038;hl=en&#038;gl=GB\" target=\"_new\" rel=\"noopener\">Skaityti atsiliepimus<\/a><\/p>\n<h2><span class=\"ez-toc-section\" id=\"Delamode_Anglia\"><\/span>Delamode Anglia<span class=\"ez-toc-section-end\"><\/span><\/h2>\n<p><img decoding=\"async\" src=\"\" alt=\"Delamode Anglia\" class=\"aligncenter\"><\/p>\n<p><strong>Verslo apra\u0161ymas: <\/strong>\"Delamode Anglia\", priklausanti \"Xpediator Plc Group\", yra j\u016bs\u0173 krovini\u0173 valdymo specialistai.<\/p>\n<p>Nesvarbu, kokio tiekimo grandin\u0117s paslaug\u0173 sprendimo reikia j\u016bs\u0173 \u012fmonei, gausite auk\u0161to lygio pa\u017eangi\u0105 kokyb\u0119 ir pramon\u0117s \u017einias bei neprilygstam\u0105 klient\u0173 aptarnavim\u0105.<\/p>\n<p><strong>Papildomos paslaugos:<\/strong><\/p>\n<p>N\u0117ra \u012f s\u0105ra\u0161\u0105 \u012ftraukt\u0173<\/p>\n<p><strong>Adresas:<\/strong> Anglia Centre, Fairview Industrial Park, Blackwater Cl, Rainham RM13 8UA<\/p>\n<p><a href=\"http:\/\/www.delamode-anglia.com\/\" target=\"_new\" rel=\"noopener\">\"Delamode Anglia\" svetain\u0117<\/a><\/p>\n<p><strong>Ap\u017evalgos rezultatas: <\/strong>2.3<br \/> <strong>Atsiliepim\u0173 skai\u010dius:<\/strong> 3<br \/><a href=\"https:\/\/www.google.co.uk\/maps?cid=17233713952928852100&#038;hl=en&#038;gl=GB\" target=\"_new\" rel=\"noopener\">Skaityti atsiliepimus<\/a><\/p>\n<h2><span class=\"ez-toc-section\" id=\"Maximum_Logistics_ltd\"><\/span>\"Maximum Logistics ltd<span class=\"ez-toc-section-end\"><\/span><\/h2>\n<p><img decoding=\"async\" src=\"https:\/\/moverdb.com\/wp-content\/uploads\/thumbnailpanoidUmRBfZFKQpmy4eWqKhQMZQcb_clientsearch.gws-prod.gpsw408h240yaw37.jpg\" alt='&quot;Maximum Logistics ltd' class=\"aligncenter\"><\/p>\n<p><strong>Verslo apra\u0161ymas: <\/strong>Nepateikta<\/p>\n<p><strong>Papildomos paslaugos:<\/strong><\/p>\n<p>Platinimo paslauga<\/p>\n<p>Logistikos paslaugos<\/p>\n<p><strong>Adresas:<\/strong> Unit 4 Salamons Way, Rainham RM13 9UL<\/p>\n<p><a href=\"https:\/\/www.facebook.com\/pages\/Maximum-Logistics\/271878739664967?fref=ts\" target=\"_new\" rel=\"noopener\">\"Maximum Logistics ltd\" svetain\u0117<\/a><\/p>\n<p><strong>Ap\u017evalgos rezultatas: <\/strong>3.2<br \/> <strong>Atsiliepim\u0173 skai\u010dius:<\/strong> 23<br \/><a href=\"https:\/\/www.google.co.uk\/maps?cid=7463031270613870319&#038;hl=en&#038;gl=GB\" target=\"_new\" rel=\"noopener\">Skaityti atsiliepimus<\/a><\/p>\n<h2><span class=\"ez-toc-section\" id=\"Eagle_Cargo_Services_Ltd\"><\/span>\"Eagle Cargo Services Ltd<span class=\"ez-toc-section-end\"><\/span><\/h2>\n<p><img decoding=\"async\" src=\"https:\/\/moverdb.com\/wp-content\/uploads\/AF1QipP_IKmjeYjnx5i7JUCbND_D89KNdXkrDJyVt0Esw408-h271-k-no.jpg\" alt='&quot;Eagle Cargo Services Ltd' class=\"aligncenter\"><\/p>\n<p><strong>Verslo apra\u0161ymas: <\/strong>Nepateikta<\/p>\n<p><strong>Papildomos paslaugos:<\/strong><\/p>\n<p>N\u0117ra \u012f s\u0105ra\u0161\u0105 \u012ftraukt\u0173<\/p>\n<p><strong>Adresas:<\/strong> 3B Lamson Rd, Rainham RM13 9YY<\/p>\n<p><a href=\"http:\/\/www.eaglecargoservices.com\/\" target=\"_new\" rel=\"noopener\">\"Eagle Cargo Services Ltd\" svetain\u0117<\/a><\/p>\n<p><strong>Ap\u017evalgos rezultatas: <\/strong>4.8<br \/> <strong>Atsiliepim\u0173 skai\u010dius:<\/strong> 54<br \/><a href=\"https:\/\/www.google.co.uk\/maps?cid=7344038607440430613&#038;hl=en&#038;gl=GB\" target=\"_new\" rel=\"noopener\">Skaityti atsiliepimus<\/a><\/p>\n<h2><span class=\"ez-toc-section\" id=\"How_we_picked_the_best_Rainham_Freight_Forwarding_Companies\"><\/span>Kaip i\u0161rinkome geriausias Rainhamo krovini\u0173 ekspedijavimo \u012fmones<span class=\"ez-toc-section-end\"><\/span><\/h2>\n<p>Prad\u0117jome nuo 12 Rainhamo krovini\u0173 ekspedijavimo \u012fmoni\u0173, kurias gal\u0117jome rasti naudodamiesi \"Google Maps\", duomen\u0173 rinkinio ir susiaurinome j\u012f iki 5 geriausi\u0173.<\/p>\n<p>Nor\u0117dami tai padaryti, pa\u0161alinome visas \u012fmones, kurios:<\/p>\n<ul>\n<li> Netur\u0117jo interneto svetain\u0117s<\/li>\n<li> Netur\u0117jo joki\u0173 atsiliepim\u0173<\/li>\n<li> Tur\u0117jo vidutin\u012f ap\u017evalgos \u012fvertinim\u0105, ma\u017eesn\u012f nei 2,0 balo<\/li>\n<\/ul>\n<p>\u0160iuo metu, jei tur\u0117jome 17 ar ma\u017eiau ekspeditori\u0173, \u012f s\u0105ra\u0161\u0105 \u012ftrauk\u0117me visus.<\/p>\n<p>Miestuose, kuriuose liko daugiau nei 17 ekspeditori\u0173, atlikome tolesnius pakeitimus: padidinome reikalaujam\u0105 per\u017ei\u016bros bal\u0105 (pvz., nuo ma\u017eiausiai 2,0 iki 4,0) ir (arba) padidinome reikalaujam\u0105 ma\u017eiausi\u0105 per\u017ei\u016br\u0173 skai\u010di\u0173 (pvz., nuo ma\u017eiausiai 1 per\u017ei\u016bros iki ma\u017eiausiai 10).<\/p>\n<p>Atkreipkite d\u0117mes\u012f, kad naudojome tik \"Google\" \u017eem\u0117lapi\u0173, o ne kit\u0173 tre\u010di\u0173j\u0173 \u0161ali\u0173 svetaini\u0173 per\u017ei\u016bros duomenis.<\/p>\n<p>Daugiau miest\u0173:<\/p>\n<p><a href=\"https:\/\/moverdb.com\/lt\/ekspeditorius\/freight-forwarding-uk\/gravesend-freight-forwarder\/\">Gravesendo krovini\u0173 ekspeditorius<\/a><br \/><a href=\"https:\/\/moverdb.com\/lt\/ekspeditorius\/freight-forwarding-uk\/harrow-freight-forwarder\/\">Harrow krovini\u0173 ekspeditorius<\/a><br \/><a href=\"https:\/\/moverdb.com\/lt\/ekspeditorius\/freight-forwarding-uk\/nottingham-freight-forwarder\/\">Notingemo krovini\u0173 ekspeditorius<\/a><br \/><a href=\"https:\/\/moverdb.com\/lt\/ekspeditorius\/freight-forwarding-uk\/rotherham-freight-forwarder\/\">Rotherhamo krovini\u0173 ekspeditorius<\/a><br \/><a href=\"https:\/\/moverdb.com\/lt\/ekspeditorius\/freight-forwarding-uk\/crawley-freight-forwarder\/\">Crawley krovini\u0173 ekspeditorius<\/a><\/p>","protected":false},"excerpt":{"rendered":"<p>Below we look at the 5 &#8220;best&#8221; Freight Forwarding companies in Rainham out of 12. To learn more about how we chose the best please consult our FAQ section at the end. Please not the following listings are in no particular order and we are not making any recommendations for any particular company. Mds Cargo [&hellip;]<\/p>\n","protected":false},"author":1,"featured_media":0,"parent":13427,"menu_order":0,"comment_status":"open","ping_status":"open","template":"","meta":{"_genesis_hide_title":false,"_genesis_hide_breadcrumbs":false,"_genesis_hide_singular_image":false,"_genesis_hide_footer_widgets":false,"_genesis_custom_body_class":"","_genesis_custom_post_class":"","_genesis_layout":"","footnotes":""},"class_list":{"0":"post-13877","1":"page","2":"type-page","3":"status-publish","5":"entry"},"_links":{"self":[{"href":"https:\/\/moverdb.com\/lt\/wp-json\/wp\/v2\/pages\/13877","targetHints":{"allow":["GET"]}}],"collection":[{"href":"https:\/\/moverdb.com\/lt\/wp-json\/wp\/v2\/pages"}],"about":[{"href":"https:\/\/moverdb.com\/lt\/wp-json\/wp\/v2\/types\/page"}],"author":[{"embeddable":true,"href":"https:\/\/moverdb.com\/lt\/wp-json\/wp\/v2\/users\/1"}],"replies":[{"embeddable":true,"href":"https:\/\/moverdb.com\/lt\/wp-json\/wp\/v2\/comments?post=13877"}],"version-history":[{"count":1,"href":"https:\/\/moverdb.com\/lt\/wp-json\/wp\/v2\/pages\/13877\/revisions"}],"predecessor-version":[{"id":15792,"href":"https:\/\/moverdb.com\/lt\/wp-json\/wp\/v2\/pages\/13877\/revisions\/15792"}],"up":[{"embeddable":true,"href":"https:\/\/moverdb.com\/lt\/wp-json\/wp\/v2\/pages\/13427"}],"wp:attachment":[{"href":"https:\/\/moverdb.com\/lt\/wp-json\/wp\/v2\/media?parent=13877"}],"curies":[{"name":"wp","href":"https:\/\/api.w.org\/{rel}","templated":true}]}}