{"id":13855,"date":"2023-11-08T15:52:42","date_gmt":"2023-11-08T15:52:42","guid":{"rendered":"https:\/\/moverdb.com\/freight-forwarder\/freight-forwarding-uk\/exeter-freight-forwarder\/"},"modified":"2026-01-08T13:17:59","modified_gmt":"2026-01-08T13:17:59","slug":"exeter-freight-forwarder","status":"publish","type":"page","link":"https:\/\/moverdb.com\/lt\/freight-forwarder\/freight-forwarding-uk\/exeter-freight-forwarder\/","title":{"rendered":"5 geriausios Ekseterio krovini\u0173 ekspedijavimo \u012fmon\u0117s (2024)"},"content":{"rendered":"<p>Toliau ap\u017evelgsime 5 <em>\"geriausias\"<\/em> Ekspedijavimo \u012fmon\u0117s Ekseteryje i\u0161 5.<\/p>\n<p>Nor\u0117dami su\u017einoti daugiau apie tai, kaip atrinkome geriausius, \u017er. pabaigoje esant\u012f DUK skyri\u0173.<\/p>\n<p><em>Atkreipkite d\u0117mes\u012f, kad toliau pateikti s\u0105ra\u0161ai n\u0117ra i\u0161d\u0117styti tam tikra tvarka ir mes nerekomenduojame jokios konkre\u010dios \u012fmon\u0117s.<\/em><\/p>\n<div id=\"ez-toc-container\" class=\"ez-toc-v2_0_82_2 ez-toc-wrap-left counter-hierarchy ez-toc-counter ez-toc-transparent ez-toc-container-direction\">\n<div class=\"ez-toc-title-container\">\n<p class=\"ez-toc-title\" style=\"cursor:inherit\">Skyriai<\/p>\n<span class=\"ez-toc-title-toggle\"><a href=\"#\" class=\"ez-toc-pull-right ez-toc-btn ez-toc-btn-xs ez-toc-btn-default ez-toc-toggle\" aria-label=\"Perjungti turinio lentel\u0119\"><span class=\"ez-toc-js-icon-con\"><span class=\"\"><span class=\"eztoc-hide\" style=\"display:none;\">Perjungti<\/span><span class=\"ez-toc-icon-toggle-span\"><svg style=\"fill: #999;color:#999\" xmlns=\"http:\/\/www.w3.org\/2000\/svg\" class=\"list-377408\" width=\"20px\" height=\"20px\" viewbox=\"0 0 24 24\" fill=\"none\"><path d=\"M6 6H4v2h2V6zm14 0H8v2h12V6zM4 11h2v2H4v-2zm16 0H8v2h12v-2zM4 16h2v2H4v-2zm16 0H8v2h12v-2z\" fill=\"currentColor\"><\/path><\/svg><svg style=\"fill: #999;color:#999\" class=\"arrow-unsorted-368013\" xmlns=\"http:\/\/www.w3.org\/2000\/svg\" width=\"10px\" height=\"10px\" viewbox=\"0 0 24 24\" version=\"1.2\" baseprofile=\"tiny\"><path d=\"M18.2 9.3l-6.2-6.3-6.2 6.3c-.2.2-.3.4-.3.7s.1.5.3.7c.2.2.4.3.7.3h11c.3 0 .5-.1.7-.3.2-.2.3-.5.3-.7s-.1-.5-.3-.7zM5.8 14.7l6.2 6.3 6.2-6.3c.2-.2.3-.5.3-.7s-.1-.5-.3-.7c-.2-.2-.4-.3-.7-.3h-11c-.3 0-.5.1-.7.3-.2.2-.3.5-.3.7s.1.5.3.7z\"\/><\/svg><\/span><\/span><\/span><\/a><\/span><\/div>\n<nav><ul class='ez-toc-list ez-toc-list-level-1 eztoc-toggle-hide-by-default' ><li class='ez-toc-page-1 ez-toc-heading-level-2'><a class=\"ez-toc-link ez-toc-heading-1\" href=\"https:\/\/moverdb.com\/lt\/freight-forwarder\/freight-forwarding-uk\/exeter-freight-forwarder\/#SWS_Global\" >SWS Global<\/a><\/li><li class='ez-toc-page-1 ez-toc-heading-level-2'><a class=\"ez-toc-link ez-toc-heading-2\" href=\"https:\/\/moverdb.com\/lt\/freight-forwarder\/freight-forwarding-uk\/exeter-freight-forwarder\/#Templar_Freight_Services\" >\"Templar Freight Services<\/a><\/li><li class='ez-toc-page-1 ez-toc-heading-level-2'><a class=\"ez-toc-link ez-toc-heading-3\" href=\"https:\/\/moverdb.com\/lt\/freight-forwarder\/freight-forwarding-uk\/exeter-freight-forwarder\/#Power_Packing_Export_Services_Ltd\" >\"Power Packing Export Services Ltd<\/a><\/li><li class='ez-toc-page-1 ez-toc-heading-level-2'><a class=\"ez-toc-link ez-toc-heading-4\" href=\"https:\/\/moverdb.com\/lt\/freight-forwarder\/freight-forwarding-uk\/exeter-freight-forwarder\/#UPakWeShip_UK\" >UPakWeShip Jungtin\u0117 Karalyst\u0117<\/a><\/li><li class='ez-toc-page-1 ez-toc-heading-level-2'><a class=\"ez-toc-link ez-toc-heading-5\" href=\"https:\/\/moverdb.com\/lt\/freight-forwarder\/freight-forwarding-uk\/exeter-freight-forwarder\/#Circle_Express\" >\"Circle Express<\/a><\/li><li class='ez-toc-page-1 ez-toc-heading-level-2'><a class=\"ez-toc-link ez-toc-heading-6\" href=\"https:\/\/moverdb.com\/lt\/freight-forwarder\/freight-forwarding-uk\/exeter-freight-forwarder\/#How_we_picked_the_best_Exeter_Freight_Forwarding_Companies\" >Kaip i\u0161rinkome geriausias Ekseterio krovini\u0173 ekspedijavimo \u012fmones<\/a><\/li><\/ul><\/nav><\/div>\n<h2><span class=\"ez-toc-section\" id=\"SWS_Global\"><\/span>SWS Global<span class=\"ez-toc-section-end\"><\/span><\/h2>\n<p><img decoding=\"async\" src=\"https:\/\/moverdb.com\/wp-content\/uploads\/thumbnailpanoidBHKMMYTeHpROsx0_n36KaQcb_clientsearch.gws-prod.gpsw408h240yaw44.jpg\" alt='SWS Global' class=\"aligncenter\"><\/p>\n<p><strong>Verslo apra\u0161ymas: <\/strong>Anks\u010diau veik\u0119 kaip \"South West Shipping\", mes ir toliau kaup\u0117me labai lojali\u0173 klient\u0173, kurie pasikliauja m\u016bs\u0173 auk\u0161tos kokyb\u0117s paslaugomis, \u017einiomis ir patirtimi, o prireikus - ir vis\u0105 par\u0105 dirban\u010di\u0173 klient\u0173 paslaugomis, portfel\u012f.<\/p>\n<p>Dirbdami visose pagrindin\u0117se prekybos rinkose, skraidiname, gabename ir sunkve\u017eimiais gabename nepaprastai \u012fvairius produktus - nuo dinozaur\u0173 kaul\u0173 iki biokuro konverteri\u0173.<\/p>\n<p> Tai darydama m\u016bs\u0173 fantasti\u0161ka komanda u\u017etikrina, kad kiekvienam klientui b\u016bt\u0173 skiriamas asmeninis d\u0117mesys ir aptarnavimas b\u016bt\u0173 \"baltosios pir\u0161tin\u0117s\".<\/p>\n<p><strong>Papildomos paslaugos:<\/strong><\/p>\n<p>Pristatymo \u012fmon\u0117<\/p>\n<p><strong>Adresas:<\/strong> kings wharf, HQ: \u012emon\u0117: The Generator Quay House The Gallery, The Quay, Exeter EX2 4AN<\/p>\n<p><a href=\"http:\/\/southwestshipping.com\/\" target=\"_new\" rel=\"noopener\">\"SWS Global\" svetain\u0117<\/a><\/p>\n<p><strong>Ap\u017evalgos rezultatas: <\/strong>5<br \/> <strong>Atsiliepim\u0173 skai\u010dius:<\/strong> 2<br \/><a href=\"https:\/\/www.google.co.uk\/maps?cid=5369720603877887539&#038;hl=en&#038;gl=GB\" target=\"_new\" rel=\"noopener\">Skaityti atsiliepimus<\/a><\/p>\n<h2><span class=\"ez-toc-section\" id=\"Templar_Freight_Services\"><\/span>\"Templar Freight Services<span class=\"ez-toc-section-end\"><\/span><\/h2>\n<p><img decoding=\"async\" src=\"https:\/\/moverdb.com\/wp-content\/uploads\/thumbnailpanoidie1uex8ZcP_WOvYSyT6K_wcb_clientsearch.gws-prod.gpsw408h240yaw215.jpg\" alt='&quot;Templar Freight Services' class=\"aligncenter\"><\/p>\n<p><strong>Verslo apra\u0161ymas: <\/strong>Nepateikta<\/p>\n<p><strong>Papildomos paslaugos:<\/strong><\/p>\n<p>N\u0117ra \u012f s\u0105ra\u0161\u0105 \u012ftraukt\u0173<\/p>\n<p><strong>Adresas:<\/strong> Queensgate House, 48 Queen St, Exeter EX4 3SR<\/p>\n<p><a href=\"http:\/\/www.templar-freight.co.uk\/\" target=\"_new\" rel=\"noopener\">\"Templar Freight Services\" svetain\u0117<\/a><\/p>\n<p><strong>Ap\u017evalgos rezultatas: <\/strong>3.8<br \/> <strong>Atsiliepim\u0173 skai\u010dius:<\/strong> 4<br \/><a href=\"https:\/\/www.google.co.uk\/maps?cid=6305628420204893757&#038;hl=en&#038;gl=GB\" target=\"_new\" rel=\"noopener\">Skaityti atsiliepimus<\/a><\/p>\n<h2><span class=\"ez-toc-section\" id=\"Power_Packing_Export_Services_Ltd\"><\/span>\"Power Packing Export Services Ltd<span class=\"ez-toc-section-end\"><\/span><\/h2>\n<p><img decoding=\"async\" src=\"https:\/\/moverdb.com\/wp-content\/uploads\/thumbnailpanoidCkbIsyBBkW-GTam9ln_IBgcb_clientsearch.gws-prod.gpsw408h240yaw357.jpg\" alt='&quot;Power Packing Export Services Ltd' class=\"aligncenter\"><\/p>\n<p><strong>Verslo apra\u0161ymas: <\/strong>Nepateikta<\/p>\n<p><strong>Papildomos paslaugos:<\/strong><\/p>\n<p>Pakavimo rangovai ir paslaugos<\/p>\n<p>Saugykla<\/p>\n<p><strong>Adresas:<\/strong> Power Ho\/Vennybridge, Exeter EX4 8JN<\/p>\n<p><a href=\"http:\/\/www.powerpacking.co.uk\/\" target=\"_new\" rel=\"noopener\">\"Power Packing Export Services Ltd\" svetain\u0117<\/a><\/p>\n<p><strong>Ap\u017evalgos rezultatas: <\/strong>5<br \/> <strong>Atsiliepim\u0173 skai\u010dius:<\/strong> 2<br \/><a href=\"https:\/\/www.google.co.uk\/maps?cid=10136241177451253717&#038;hl=en&#038;gl=GB\" target=\"_new\" rel=\"noopener\">Skaityti atsiliepimus<\/a><\/p>\n<h2><span class=\"ez-toc-section\" id=\"UPakWeShip_UK\"><\/span>UPakWeShip Jungtin\u0117 Karalyst\u0117<span class=\"ez-toc-section-end\"><\/span><\/h2>\n<p><img decoding=\"async\" src=\"https:\/\/moverdb.com\/wp-content\/uploads\/AF1QipODCjiiBBApj4ZO-EJlBopk1yG7TEtvMGo002YTw427-h240-k-no.png\" alt='UPakWeShip Jungtin\u0117 Karalyst\u0117' class=\"aligncenter\"><\/p>\n<p><strong>Verslo apra\u0161ymas: <\/strong>Nepateikta<\/p>\n<p><strong>Papildomos paslaugos:<\/strong><\/p>\n<p>N\u0117ra \u012f s\u0105ra\u0161\u0105 \u012ftraukt\u0173<\/p>\n<p><strong>Adresas:<\/strong> 43 Elm Cl, Broadclyst, Exeter EX5 3LT<\/p>\n<p><a href=\"https:\/\/upakweship.uk.com\/\" target=\"_new\" rel=\"noopener\">\"UPakWeShip UK\" svetain\u0117<\/a><\/p>\n<p><strong>Ap\u017evalgos rezultatas: <\/strong>4.7<br \/> <strong>Atsiliepim\u0173 skai\u010dius:<\/strong> 44<br \/><a href=\"https:\/\/www.google.co.uk\/maps?cid=2083311866746132313&#038;hl=en&#038;gl=GB\" target=\"_new\" rel=\"noopener\">Skaityti atsiliepimus<\/a><\/p>\n<h2><span class=\"ez-toc-section\" id=\"Circle_Express\"><\/span>\"Circle Express<span class=\"ez-toc-section-end\"><\/span><\/h2>\n<p><img decoding=\"async\" src=\"https:\/\/moverdb.com\/wp-content\/uploads\/AF1QipNUedaM38-b-KK2C4OJAoa6FYiSii4GQk80Ngi5w408-h306-k-no.jpg\" alt='&quot;Circle Express' class=\"aligncenter\"><\/p>\n<p><strong>Verslo apra\u0161ymas: <\/strong>Nepateikta<\/p>\n<p><strong>Papildomos paslaugos:<\/strong><\/p>\n<p>N\u0117ra \u012f s\u0105ra\u0161\u0105 \u012ftraukt\u0173<\/p>\n<p><strong>Adresas:<\/strong> Unit 6, 7 Lancaster Cl, Clyst Honiton, Exeter EX5 2DP<\/p>\n<p><a href=\"https:\/\/www.tvsscs.com\/specialist-logistics-services\/\" target=\"_new\" rel=\"noopener\">\"Circle Express\" svetain\u0117<\/a><\/p>\n<p><strong>Ap\u017evalgos rezultatas: <\/strong>4.1<br \/> <strong>Atsiliepim\u0173 skai\u010dius:<\/strong> 11<br \/><a href=\"https:\/\/www.google.co.uk\/maps?cid=85537528789077200&#038;hl=en&#038;gl=GB\" target=\"_new\" rel=\"noopener\">Skaityti atsiliepimus<\/a><\/p>\n<h2><span class=\"ez-toc-section\" id=\"How_we_picked_the_best_Exeter_Freight_Forwarding_Companies\"><\/span>Kaip i\u0161rinkome geriausias Ekseterio krovini\u0173 ekspedijavimo \u012fmones<span class=\"ez-toc-section-end\"><\/span><\/h2>\n<p>Prad\u0117jome nuo 5 Ekseterio krovini\u0173 ekspedijavimo \u012fmoni\u0173, kurias gal\u0117jome rasti naudodamiesi \"Google Maps\", duomen\u0173 rinkinio ir susiaurinome j\u012f iki 5 geriausi\u0173.<\/p>\n<p>Nor\u0117dami tai padaryti, pa\u0161alinome visas \u012fmones, kurios:<\/p>\n<ul>\n<li> Netur\u0117jo interneto svetain\u0117s<\/li>\n<li> Netur\u0117jo joki\u0173 atsiliepim\u0173<\/li>\n<li> Tur\u0117jo vidutin\u012f ap\u017evalgos \u012fvertinim\u0105, ma\u017eesn\u012f nei 2,0 balo<\/li>\n<\/ul>\n<p>\u0160iuo metu, jei tur\u0117jome 17 ar ma\u017eiau ekspeditori\u0173, \u012f s\u0105ra\u0161\u0105 \u012ftrauk\u0117me visus.<\/p>\n<p>Miestuose, kuriuose liko daugiau nei 17 ekspeditori\u0173, atlikome tolesnius pakeitimus: padidinome reikalaujam\u0105 per\u017ei\u016bros bal\u0105 (pvz., nuo ma\u017eiausiai 2,0 iki 4,0) ir (arba) padidinome reikalaujam\u0105 ma\u017eiausi\u0105 per\u017ei\u016br\u0173 skai\u010di\u0173 (pvz., nuo ma\u017eiausiai 1 per\u017ei\u016bros iki ma\u017eiausiai 10).<\/p>\n<p>Atkreipkite d\u0117mes\u012f, kad naudojome tik \"Google\" \u017eem\u0117lapi\u0173, o ne kit\u0173 tre\u010di\u0173j\u0173 \u0161ali\u0173 svetaini\u0173 per\u017ei\u016bros duomenis.<\/p>\n<p>Daugiau miest\u0173:<\/p>\n<p><a href=\"https:\/\/moverdb.com\/lt\/ekspeditorius\/freight-forwarding-uk\/tilbury-freight-forwarder\/\">Tilberio krovini\u0173 ekspeditorius<\/a><br \/><a href=\"https:\/\/moverdb.com\/lt\/ekspeditorius\/freight-forwarding-uk\/wickford-freight-forwarder\/\">Wickford Freight Forwarder<\/a><br \/><a href=\"https:\/\/moverdb.com\/lt\/ekspeditorius\/freight-forwarding-uk\/wolverhampton-freight-forwarder\/\">Wolverhamptono krovini\u0173 ekspeditorius<\/a><br \/><a href=\"https:\/\/moverdb.com\/lt\/ekspeditorius\/freight-forwarding-uk\/rainham-freight-forwarder\/\">Rainhamo krovini\u0173 ekspeditorius<\/a><br \/><a href=\"https:\/\/moverdb.com\/lt\/ekspeditorius\/freight-forwarding-uk\/gravesend-freight-forwarder\/\">Gravesendo krovini\u0173 ekspeditorius<\/a><\/p>","protected":false},"excerpt":{"rendered":"<p>Below we look at the 5 &#8220;best&#8221; Freight Forwarding companies in Exeter out of 5. To learn more about how we chose the best please consult our FAQ section at the end. Please not the following listings are in no particular order and we are not making any recommendations for any particular company. SWS Global [&hellip;]<\/p>\n","protected":false},"author":1,"featured_media":0,"parent":13427,"menu_order":0,"comment_status":"open","ping_status":"open","template":"","meta":{"_genesis_hide_title":false,"_genesis_hide_breadcrumbs":false,"_genesis_hide_singular_image":false,"_genesis_hide_footer_widgets":false,"_genesis_custom_body_class":"","_genesis_custom_post_class":"","_genesis_layout":"","footnotes":""},"class_list":{"0":"post-13855","1":"page","2":"type-page","3":"status-publish","5":"entry"},"_links":{"self":[{"href":"https:\/\/moverdb.com\/lt\/wp-json\/wp\/v2\/pages\/13855","targetHints":{"allow":["GET"]}}],"collection":[{"href":"https:\/\/moverdb.com\/lt\/wp-json\/wp\/v2\/pages"}],"about":[{"href":"https:\/\/moverdb.com\/lt\/wp-json\/wp\/v2\/types\/page"}],"author":[{"embeddable":true,"href":"https:\/\/moverdb.com\/lt\/wp-json\/wp\/v2\/users\/1"}],"replies":[{"embeddable":true,"href":"https:\/\/moverdb.com\/lt\/wp-json\/wp\/v2\/comments?post=13855"}],"version-history":[{"count":1,"href":"https:\/\/moverdb.com\/lt\/wp-json\/wp\/v2\/pages\/13855\/revisions"}],"predecessor-version":[{"id":15790,"href":"https:\/\/moverdb.com\/lt\/wp-json\/wp\/v2\/pages\/13855\/revisions\/15790"}],"up":[{"embeddable":true,"href":"https:\/\/moverdb.com\/lt\/wp-json\/wp\/v2\/pages\/13427"}],"wp:attachment":[{"href":"https:\/\/moverdb.com\/lt\/wp-json\/wp\/v2\/media?parent=13855"}],"curies":[{"name":"wp","href":"https:\/\/api.w.org\/{rel}","templated":true}]}}