{"id":13779,"date":"2023-11-08T15:52:42","date_gmt":"2023-11-08T15:52:42","guid":{"rendered":"https:\/\/moverdb.com\/freight-forwarder\/freight-forwarding-uk\/barking-freight-forwarder\/"},"modified":"2026-01-08T13:18:10","modified_gmt":"2026-01-08T13:18:10","slug":"barking-freight-forwarder","status":"publish","type":"page","link":"https:\/\/moverdb.com\/lt\/freight-forwarder\/freight-forwarding-uk\/barking-freight-forwarder\/","title":{"rendered":"8 geriausios Barkingo krovini\u0173 ekspedijavimo \u012fmon\u0117s (2023 m.)"},"content":{"rendered":"<p>Toliau ap\u017evelgsime 8 <em>\"geriausias\"<\/em> Krovini\u0173 ekspedijavimo \u012fmon\u0117s Barkinge i\u0161 14.<\/p>\n<p>Nor\u0117dami su\u017einoti daugiau apie tai, kaip atrinkome geriausius, \u017er. pabaigoje esant\u012f DUK skyri\u0173.<\/p>\n<p><em>Atkreipkite d\u0117mes\u012f, kad toliau pateikti s\u0105ra\u0161ai n\u0117ra i\u0161d\u0117styti tam tikra tvarka ir mes nerekomenduojame jokios konkre\u010dios \u012fmon\u0117s.<\/em><\/p>\n<div id=\"ez-toc-container\" class=\"ez-toc-v2_0_82_2 ez-toc-wrap-left counter-hierarchy ez-toc-counter ez-toc-transparent ez-toc-container-direction\">\n<div class=\"ez-toc-title-container\">\n<p class=\"ez-toc-title\" style=\"cursor:inherit\">Skyriai<\/p>\n<span class=\"ez-toc-title-toggle\"><a href=\"#\" class=\"ez-toc-pull-right ez-toc-btn ez-toc-btn-xs ez-toc-btn-default ez-toc-toggle\" aria-label=\"Perjungti turinio lentel\u0119\"><span class=\"ez-toc-js-icon-con\"><span class=\"\"><span class=\"eztoc-hide\" style=\"display:none;\">Perjungti<\/span><span class=\"ez-toc-icon-toggle-span\"><svg style=\"fill: #999;color:#999\" xmlns=\"http:\/\/www.w3.org\/2000\/svg\" class=\"list-377408\" width=\"20px\" height=\"20px\" viewbox=\"0 0 24 24\" fill=\"none\"><path d=\"M6 6H4v2h2V6zm14 0H8v2h12V6zM4 11h2v2H4v-2zm16 0H8v2h12v-2zM4 16h2v2H4v-2zm16 0H8v2h12v-2z\" fill=\"currentColor\"><\/path><\/svg><svg style=\"fill: #999;color:#999\" class=\"arrow-unsorted-368013\" xmlns=\"http:\/\/www.w3.org\/2000\/svg\" width=\"10px\" height=\"10px\" viewbox=\"0 0 24 24\" version=\"1.2\" baseprofile=\"tiny\"><path d=\"M18.2 9.3l-6.2-6.3-6.2 6.3c-.2.2-.3.4-.3.7s.1.5.3.7c.2.2.4.3.7.3h11c.3 0 .5-.1.7-.3.2-.2.3-.5.3-.7s-.1-.5-.3-.7zM5.8 14.7l6.2 6.3 6.2-6.3c.2-.2.3-.5.3-.7s-.1-.5-.3-.7c-.2-.2-.4-.3-.7-.3h-11c-.3 0-.5.1-.7.3-.2.2-.3.5-.3.7s.1.5.3.7z\"\/><\/svg><\/span><\/span><\/span><\/a><\/span><\/div>\n<nav><ul class='ez-toc-list ez-toc-list-level-1 eztoc-toggle-hide-by-default' ><li class='ez-toc-page-1 ez-toc-heading-level-2'><a class=\"ez-toc-link ez-toc-heading-1\" href=\"https:\/\/moverdb.com\/lt\/freight-forwarder\/freight-forwarding-uk\/barking-freight-forwarder\/#Miracle_Shipping_Cargo_Services\" >\"Miracle Shipping &amp; Cargo Services<\/a><\/li><li class='ez-toc-page-1 ez-toc-heading-level-2'><a class=\"ez-toc-link ez-toc-heading-2\" href=\"https:\/\/moverdb.com\/lt\/freight-forwarder\/freight-forwarding-uk\/barking-freight-forwarder\/#Uneek_Group\" >\"Uneek Group<\/a><\/li><li class='ez-toc-page-1 ez-toc-heading-level-2'><a class=\"ez-toc-link ez-toc-heading-3\" href=\"https:\/\/moverdb.com\/lt\/freight-forwarder\/freight-forwarding-uk\/barking-freight-forwarder\/#Uneek_Forwarding_Ltd\" >\"Uneek Forwarding Ltd<\/a><\/li><li class='ez-toc-page-1 ez-toc-heading-level-2'><a class=\"ez-toc-link ez-toc-heading-4\" href=\"https:\/\/moverdb.com\/lt\/freight-forwarder\/freight-forwarding-uk\/barking-freight-forwarder\/#Lontex_Exports_Ltd\" >Lontex Exports Ltd<\/a><\/li><li class='ez-toc-page-1 ez-toc-heading-level-2'><a class=\"ez-toc-link ez-toc-heading-5\" href=\"https:\/\/moverdb.com\/lt\/freight-forwarder\/freight-forwarding-uk\/barking-freight-forwarder\/#Trans_Marine_London_Ltd\" >\"Trans Marine (London) Ltd<\/a><\/li><li class='ez-toc-page-1 ez-toc-heading-level-2'><a class=\"ez-toc-link ez-toc-heading-6\" href=\"https:\/\/moverdb.com\/lt\/freight-forwarder\/freight-forwarding-uk\/barking-freight-forwarder\/#HGRent_Company_Highbury_Limited\" >\"H.G.Rent &amp; Company (Highbury) Limited<\/a><\/li><li class='ez-toc-page-1 ez-toc-heading-level-2'><a class=\"ez-toc-link ez-toc-heading-7\" href=\"https:\/\/moverdb.com\/lt\/freight-forwarder\/freight-forwarding-uk\/barking-freight-forwarder\/#Amba_Forwarding_London_Ltd\" >\"Amba Forwarding (London) Ltd<\/a><\/li><li class='ez-toc-page-1 ez-toc-heading-level-2'><a class=\"ez-toc-link ez-toc-heading-8\" href=\"https:\/\/moverdb.com\/lt\/freight-forwarder\/freight-forwarding-uk\/barking-freight-forwarder\/#West_Indies_FreightWI_Freight\" >Vakar\u0173 Indijos krovini\u0173 ve\u017eimas\/WI Freight<\/a><\/li><li class='ez-toc-page-1 ez-toc-heading-level-2'><a class=\"ez-toc-link ez-toc-heading-9\" href=\"https:\/\/moverdb.com\/lt\/freight-forwarder\/freight-forwarding-uk\/barking-freight-forwarder\/#How_we_picked_the_best_Barking_Freight_Forwarding_Companies\" >Kaip i\u0161rinkome geriausias Barkingo krovini\u0173 ekspedijavimo \u012fmones<\/a><\/li><\/ul><\/nav><\/div>\n<h2><span class=\"ez-toc-section\" id=\"Miracle_Shipping_Cargo_Services\"><\/span>\"Miracle Shipping &amp; Cargo Services<span class=\"ez-toc-section-end\"><\/span><\/h2>\n<p><img decoding=\"async\" src=\"https:\/\/moverdb.com\/wp-content\/uploads\/thumbnailpanoidkPhAIxuIw8m_97SdU9ieewcb_clientsearch.gws-prod.gpsw408h240yaw19.jpg\" alt='&quot;Miracle Shipping &amp; Cargo Services' class=\"aligncenter\"><\/p>\n<p><strong>Verslo apra\u0161ymas: <\/strong>\"Miracle Cargo\" yra patikima ekspedijavimo \u012fmon\u0117, kuri gali patenkinti visus j\u016bs\u0173 krovini\u0173 ekspedijavimo, logistikos ir krovini\u0173 gabenimo poreikius i\u0161 bet kurios pasaulio vietos. <a href=\"https:\/\/moverdb.com\/lt\/moving-to-the-uk\/\" data-internallinksmanager029f6b8e52c=\"93\" title=\"Persik\u0117limas \u012f Jungtin\u0119 Karalyst\u0119? 2022 Gyvenimo i\u0161laidos ir persikraustymo patarimai\">JK<\/a> \u012f <a href=\"https:\/\/moverdb.com\/lt\/moving-companies\/moving-companies-nigeria\/\" data-internallinksmanager029f6b8e52c=\"280\" title=\"10 Geriausias 10 Tarptautinis Perkraustymo \u012fmon\u0117s Nigerija\">Nigerija<\/a>.<\/p>\n<p> \"Miracle Cargo\" u\u017esitarnavo vienos i\u0161 patikimiausi\u0173 tarptautini\u0173 j\u016br\u0173 krovini\u0173 ekspeditori\u0173 reputacij\u0105 si\u016blydama plat\u0173 lanks\u010di\u0173 paslaug\u0173 spektr\u0105.<\/p>\n<p> M\u016bs\u0173 atsidav\u0119s ir profesionalus po\u017ei\u016bris u\u017etikrina, kad j\u016bs\u0173 krovinys b\u016bt\u0173 ve\u017eamas saugiai ir u\u017e konkurencing\u0105 kain\u0105.<\/p>\n<p><strong>Papildomos paslaugos:<\/strong><\/p>\n<p>N\u0117ra \u012f s\u0105ra\u0161\u0105 \u012ftraukt\u0173<\/p>\n<p><strong>Adresas:<\/strong> Nr. 5, Clockhouse Ave, Barking IG11 7RX<\/p>\n<p><a href=\"http:\/\/miraclecargo.co.uk\/\" target=\"_new\" rel=\"noopener\">Miracle Shipping &amp; Cargo Services svetain\u0117<\/a><\/p>\n<p><strong>Ap\u017evalgos rezultatas: <\/strong>3<br \/> <strong>Atsiliepim\u0173 skai\u010dius:<\/strong> 6<br \/><a href=\"https:\/\/www.google.co.uk\/maps?cid=7694554560746990111&#038;hl=en&#038;gl=GB\" target=\"_new\" rel=\"noopener\">Skaityti atsiliepimus<\/a><\/p>\n<h2><span class=\"ez-toc-section\" id=\"Uneek_Group\"><\/span>\"Uneek Group<span class=\"ez-toc-section-end\"><\/span><\/h2>\n<p><img decoding=\"async\" src=\"https:\/\/moverdb.com\/wp-content\/uploads\/AF1QipMIi16VQYaCkXdC8ogRKY1gmudBI2ajweHhqhvOw408-h408-k-no.jpg\" alt='&quot;Uneek Group' class=\"aligncenter\"><\/p>\n<p><strong>Verslo apra\u0161ymas: <\/strong>Nepateikta<\/p>\n<p><strong>Papildomos paslaugos:<\/strong><\/p>\n<p>N\u0117ra \u012f s\u0105ra\u0161\u0105 \u012ftraukt\u0173<\/p>\n<p><strong>Adresas:<\/strong> Renwick Industrial Estate, Renwick Rd, Barking IG11 0SD<\/p>\n<p><a href=\"http:\/\/www.uneek-group.com\/\" target=\"_new\" rel=\"noopener\">\"Uneek Group\" svetain\u0117<\/a><\/p>\n<p><strong>Ap\u017evalgos rezultatas: <\/strong>5<br \/> <strong>Atsiliepim\u0173 skai\u010dius:<\/strong> 1<br \/><a href=\"https:\/\/www.google.co.uk\/maps?cid=1474583292350769297&#038;hl=en&#038;gl=GB\" target=\"_new\" rel=\"noopener\">Skaityti atsiliepimus<\/a><\/p>\n<h2><span class=\"ez-toc-section\" id=\"Uneek_Forwarding_Ltd\"><\/span>\"Uneek Forwarding Ltd<span class=\"ez-toc-section-end\"><\/span><\/h2>\n<p><img decoding=\"async\" src=\"https:\/\/moverdb.com\/wp-content\/uploads\/AF1QipNaAYmBfg2yKln1VZX8UkK0BwB9FSJWVaa4jN9vw452-h240-k-no.jpg\" alt='&quot;Uneek Forwarding Ltd' class=\"aligncenter\"><\/p>\n<p><strong>Verslo apra\u0161ymas: <\/strong>\"Uneek Group\" si\u016blo patikimas ir profesionalias pasaulines krovini\u0173 ve\u017eimo paslaugas.<\/p>\n<p> Ve\u017edami savo vertingas prekes ir turt\u0105 po vis\u0105 pasaul\u012f, norite \u017einoti, kad juos tvarkys asmuo, turintis reikiam\u0173 \u017eini\u0173, kompetencijos ir patirties.<\/p>\n<p> Norite b\u016bti tikri, kad darbai bus atlikti efektyviai, patikimai ir profesionaliai per trumpiausi\u0105 \u012fmanom\u0105 laik\u0105.<\/p>\n<p><strong>Papildomos paslaugos:<\/strong><\/p>\n<p>Muitin\u0117s tarpininkas<\/p>\n<p>Muitin\u0117s sand\u0117lis<\/p>\n<p>Saugykla<\/p>\n<p>Sand\u0117lis<\/p>\n<p><strong>Adresas:<\/strong> 1-2, Renwick Industrial Estate, Renwick Rd, Barking IG11 0SD<\/p>\n<p><a href=\"http:\/\/www.uneek-group.com\/\" target=\"_new\" rel=\"noopener\">\"Uneek Forwarding Ltd\" svetain\u0117<\/a><\/p>\n<p><strong>Ap\u017evalgos rezultatas: <\/strong>4.7<br \/> <strong>Atsiliepim\u0173 skai\u010dius:<\/strong> 41<br \/><a href=\"https:\/\/www.google.co.uk\/maps?cid=1474583292350769297&#038;hl=en&#038;gl=GB\" target=\"_new\" rel=\"noopener\">Skaityti atsiliepimus<\/a><\/p>\n<h2><span class=\"ez-toc-section\" id=\"Lontex_Exports_Ltd\"><\/span>Lontex Exports Ltd<span class=\"ez-toc-section-end\"><\/span><\/h2>\n<p><img decoding=\"async\" src=\"https:\/\/moverdb.com\/wp-content\/uploads\/AF1QipNeyNOtlS_OpZ22Iay1-CQMn3nJI2pYvAWCPo4Tw408-h306-k-no.jpg\" alt='Lontex Exports Ltd' class=\"aligncenter\"><\/p>\n<p><strong>Verslo apra\u0161ymas: <\/strong>Nepateikta<\/p>\n<p><strong>Papildomos paslaugos:<\/strong><\/p>\n<p>Pristatymo \u012fmon\u0117<\/p>\n<p>Pristatymo paslauga<\/p>\n<p><a href=\"https:\/\/moverdb.com\/lt\/car-transport-shipping\/\" data-internallinksmanager029f6b8e52c=\"2\" title=\"2026 Tarptautinio automobili\u0173 transporto ir transporto priemoni\u0173 gabenimo citatos\">Transporto priemoni\u0173 gabenimas<\/a> agentas<\/p>\n<p><strong>Adresas:<\/strong> 2a Thames Rd, Barking IG11 0HZ<\/p>\n<p><a href=\"http:\/\/lontexcargo.com\/\" target=\"_new\" rel=\"noopener\">Lontex Exports Ltd svetain\u0117<\/a><\/p>\n<p><strong>Ap\u017evalgos rezultatas: <\/strong>4.7<br \/> <strong>Atsiliepim\u0173 skai\u010dius:<\/strong> 32<br \/><a href=\"https:\/\/www.google.co.uk\/maps?cid=4734165018320499719&#038;hl=en&#038;gl=GB\" target=\"_new\" rel=\"noopener\">Skaityti atsiliepimus<\/a><\/p>\n<h2><span class=\"ez-toc-section\" id=\"Trans_Marine_London_Ltd\"><\/span>\"Trans Marine (London) Ltd<span class=\"ez-toc-section-end\"><\/span><\/h2>\n<p><img decoding=\"async\" src=\"\" alt=\"&quot;Trans Marine (London) Ltd\" class=\"aligncenter\"><\/p>\n<p><strong>Verslo apra\u0161ymas: <\/strong>Nepateikta<\/p>\n<p><strong>Papildomos paslaugos:<\/strong><\/p>\n<p>N\u0117ra \u012f s\u0105ra\u0161\u0105 \u012ftraukt\u0173<\/p>\n<p><strong>Adresas:<\/strong> Pramon\u0117s parkas, 59-60 Alfreds Way, Barking IG11 0TJ<\/p>\n<p><a href=\"https:\/\/www.trans-marine.com\/\" target=\"_new\" rel=\"noopener\">\"Trans Marine (London) Ltd\" svetain\u0117<\/a><\/p>\n<p><strong>Ap\u017evalgos rezultatas: <\/strong>5<br \/> <strong>Atsiliepim\u0173 skai\u010dius:<\/strong> 2<br \/><a href=\"https:\/\/www.google.co.uk\/maps?cid=14491191066260530261&#038;hl=en&#038;gl=GB\" target=\"_new\" rel=\"noopener\">Skaityti atsiliepimus<\/a><\/p>\n<h2><span class=\"ez-toc-section\" id=\"HGRent_Company_Highbury_Limited\"><\/span>\"H.G.Rent &amp; Company (Highbury) Limited<span class=\"ez-toc-section-end\"><\/span><\/h2>\n<p><img decoding=\"async\" src=\"https:\/\/moverdb.com\/wp-content\/uploads\/thumbnailpanoidDV6YrzOYiGAmR_wrKQLjzQcb_clientsearch.gws-prod.gpsw408h240yaw156.jpg\" alt='&quot;H.G.Rent &amp; Company (Highbury) Limited' class=\"aligncenter\"><\/p>\n<p><strong>Verslo apra\u0161ymas: <\/strong>Nepateikta<\/p>\n<p><strong>Papildomos paslaugos:<\/strong><\/p>\n<p>Savaranki\u0161ka saugykla<\/p>\n<p>Pristatymo \u012fmon\u0117<\/p>\n<p>Pristatymo paslauga<\/p>\n<p>Sand\u0117lis<\/p>\n<p><strong>Adresas:<\/strong> Maybells Commercial Estate, Ripple Rd, Barking IG11 0TP<\/p>\n<p><a href=\"https:\/\/www.hgrent.com\/\" target=\"_new\" rel=\"noopener\">\"H.G.Rent &amp; Company (Highbury) Limited\" svetain\u0117<\/a><\/p>\n<p><strong>Ap\u017evalgos rezultatas: <\/strong>4<br \/> <strong>Atsiliepim\u0173 skai\u010dius:<\/strong> 10<br \/><a href=\"https:\/\/www.google.co.uk\/maps?cid=12251068360846409758&#038;hl=en&#038;gl=GB\" target=\"_new\" rel=\"noopener\">Skaityti atsiliepimus<\/a><\/p>\n<h2><span class=\"ez-toc-section\" id=\"Amba_Forwarding_London_Ltd\"><\/span>\"Amba Forwarding (London) Ltd<span class=\"ez-toc-section-end\"><\/span><\/h2>\n<p><img decoding=\"async\" src=\"https:\/\/moverdb.com\/wp-content\/uploads\/thumbnailpanoidaoqLjYt4SiM-TC0y9gqp-gcb_clientsearch.gws-prod.gpsw408h240yaw106.jpg\" alt='&quot;Amba Forwarding (London) Ltd' class=\"aligncenter\"><\/p>\n<p><strong>Verslo apra\u0161ymas: <\/strong>Nepateikta<\/p>\n<p><strong>Papildomos paslaugos:<\/strong><\/p>\n<p>N\u0117ra \u012f s\u0105ra\u0161\u0105 \u012ftraukt\u0173<\/p>\n<p><strong>Adresas:<\/strong> 77-87 River Rd., Barkingas IG11 0JU<\/p>\n<p><a href=\"http:\/\/www.ambaforwarding.com\/\" target=\"_new\" rel=\"noopener\">\"Amba Forwarding (London) Ltd\" svetain\u0117<\/a><\/p>\n<p><strong>Ap\u017evalgos rezultatas: <\/strong>4.3<br \/> <strong>Atsiliepim\u0173 skai\u010dius:<\/strong> 9<br \/><a href=\"https:\/\/www.google.co.uk\/maps?cid=13212541154013940074&#038;hl=en&#038;gl=GB\" target=\"_new\" rel=\"noopener\">Skaityti atsiliepimus<\/a><\/p>\n<h2><span class=\"ez-toc-section\" id=\"West_Indies_FreightWI_Freight\"><\/span>Vakar\u0173 Indijos krovini\u0173 ve\u017eimas\/WI Freight<span class=\"ez-toc-section-end\"><\/span><\/h2>\n<p><img decoding=\"async\" src=\"https:\/\/moverdb.com\/wp-content\/uploads\/AF1QipOC8DD4aml3itGkO7gNaRrA-lFm1UmlJvsyzA46w408-h306-k-no.jpg\" alt='Vakar\u0173 Indijos krovini\u0173 ve\u017eimas\/WI Freight' class=\"aligncenter\"><\/p>\n<p><strong>Verslo apra\u0161ymas: <\/strong>Nepateikta<\/p>\n<p><strong>Papildomos paslaugos:<\/strong><\/p>\n<p>Pristatymo paslauga<\/p>\n<p><strong>Adresas:<\/strong> Unit 2, Algor Wharf, 42 River Rd., Barking IG11 0DW<\/p>\n<p><a href=\"http:\/\/wifreight.com\/\" target=\"_new\" rel=\"noopener\">\"West Indies Freight\/WI Freight\" svetain\u0117<\/a><\/p>\n<p><strong>Ap\u017evalgos rezultatas: <\/strong>4.7<br \/> <strong>Atsiliepim\u0173 skai\u010dius:<\/strong> 42<br \/><a href=\"https:\/\/www.google.co.uk\/maps?cid=11354177762167069588&#038;hl=en&#038;gl=GB\" target=\"_new\" rel=\"noopener\">Skaityti atsiliepimus<\/a><\/p>\n<h2><span class=\"ez-toc-section\" id=\"How_we_picked_the_best_Barking_Freight_Forwarding_Companies\"><\/span>Kaip i\u0161rinkome geriausias Barkingo krovini\u0173 ekspedijavimo \u012fmones<span class=\"ez-toc-section-end\"><\/span><\/h2>\n<p>Prad\u0117jome nuo 14 Barkingo krovini\u0173 ekspedijavimo \u012fmoni\u0173, kurias gal\u0117jome rasti naudodamiesi \"Google Maps\", duomen\u0173 rinkinio ir susiaurinome j\u012f iki 8 geriausi\u0173.<\/p>\n<p>Nor\u0117dami tai padaryti, pa\u0161alinome visas \u012fmones, kurios:<\/p>\n<ul>\n<li> Netur\u0117jo interneto svetain\u0117s<\/li>\n<li> Netur\u0117jo joki\u0173 atsiliepim\u0173<\/li>\n<li> Tur\u0117jo vidutin\u012f ap\u017evalgos \u012fvertinim\u0105, ma\u017eesn\u012f nei 2,0 balo<\/li>\n<\/ul>\n<p>\u0160iuo metu, jei tur\u0117jome 17 ar ma\u017eiau ekspeditori\u0173, \u012f s\u0105ra\u0161\u0105 \u012ftrauk\u0117me visus.<\/p>\n<p>Miestuose, kuriuose liko daugiau nei 17 ekspeditori\u0173, atlikome tolesnius pakeitimus: padidinome reikalaujam\u0105 per\u017ei\u016bros bal\u0105 (pvz., nuo ma\u017eiausiai 2,0 iki 4,0) ir (arba) padidinome reikalaujam\u0105 ma\u017eiausi\u0105 per\u017ei\u016br\u0173 skai\u010di\u0173 (pvz., nuo ma\u017eiausiai 1 per\u017ei\u016bros iki ma\u017eiausiai 10).<\/p>\n<p>Atkreipkite d\u0117mes\u012f, kad naudojome tik \"Google\" \u017eem\u0117lapi\u0173, o ne kit\u0173 tre\u010di\u0173j\u0173 \u0161ali\u0173 svetaini\u0173 per\u017ei\u016bros duomenis.<\/p>\n<p>Daugiau miest\u0173:<\/p>\n<p><a href=\"https:\/\/moverdb.com\/lt\/ekspeditorius\/freight-forwarding-uk\/staines-freight-forwarder\/\">Staines krovini\u0173 ekspeditorius<\/a><br \/><a href=\"https:\/\/moverdb.com\/lt\/ekspeditorius\/freight-forwarding-uk\/leicester-freight-forwarder\/\">Lesterio krovini\u0173 ekspeditorius<\/a><br \/><a href=\"https:\/\/moverdb.com\/lt\/ekspeditorius\/freight-forwarding-uk\/dartford-freight-forwarder\/\">Dartfordo krovini\u0173 ekspeditorius<\/a><br \/><a href=\"https:\/\/moverdb.com\/lt\/ekspeditorius\/freight-forwarding-uk\/grays-freight-forwarder\/\">\"Grays\" krovini\u0173 ekspeditorius<\/a><br \/><a href=\"https:\/\/moverdb.com\/lt\/ekspeditorius\/freight-forwarding-uk\/sunbury-on-thames-freight-forwarder\/\">Sunbury-on-Thames krovini\u0173 ekspeditorius<\/a><\/p>","protected":false},"excerpt":{"rendered":"<p>Below we look at the 8 &#8220;best&#8221; Freight Forwarding companies in Barking out of 14. To learn more about how we chose the best please consult our FAQ section at the end. Please not the following listings are in no particular order and we are not making any recommendations for any particular company. Miracle Shipping [&hellip;]<\/p>\n","protected":false},"author":1,"featured_media":0,"parent":13427,"menu_order":0,"comment_status":"open","ping_status":"open","template":"","meta":{"_genesis_hide_title":false,"_genesis_hide_breadcrumbs":false,"_genesis_hide_singular_image":false,"_genesis_hide_footer_widgets":false,"_genesis_custom_body_class":"","_genesis_custom_post_class":"","_genesis_layout":"","footnotes":""},"class_list":{"0":"post-13779","1":"page","2":"type-page","3":"status-publish","5":"entry"},"_links":{"self":[{"href":"https:\/\/moverdb.com\/lt\/wp-json\/wp\/v2\/pages\/13779","targetHints":{"allow":["GET"]}}],"collection":[{"href":"https:\/\/moverdb.com\/lt\/wp-json\/wp\/v2\/pages"}],"about":[{"href":"https:\/\/moverdb.com\/lt\/wp-json\/wp\/v2\/types\/page"}],"author":[{"embeddable":true,"href":"https:\/\/moverdb.com\/lt\/wp-json\/wp\/v2\/users\/1"}],"replies":[{"embeddable":true,"href":"https:\/\/moverdb.com\/lt\/wp-json\/wp\/v2\/comments?post=13779"}],"version-history":[{"count":1,"href":"https:\/\/moverdb.com\/lt\/wp-json\/wp\/v2\/pages\/13779\/revisions"}],"predecessor-version":[{"id":15801,"href":"https:\/\/moverdb.com\/lt\/wp-json\/wp\/v2\/pages\/13779\/revisions\/15801"}],"up":[{"embeddable":true,"href":"https:\/\/moverdb.com\/lt\/wp-json\/wp\/v2\/pages\/13427"}],"wp:attachment":[{"href":"https:\/\/moverdb.com\/lt\/wp-json\/wp\/v2\/media?parent=13779"}],"curies":[{"name":"wp","href":"https:\/\/api.w.org\/{rel}","templated":true}]}}