{"id":13734,"date":"2023-11-08T15:52:42","date_gmt":"2023-11-08T15:52:42","guid":{"rendered":"https:\/\/moverdb.com\/freight-forwarder\/freight-forwarding-uk\/derby-freight-forwarder\/"},"modified":"2026-01-08T14:55:25","modified_gmt":"2026-01-08T14:55:25","slug":"derby-freight-forwarder","status":"publish","type":"page","link":"https:\/\/moverdb.com\/lt\/freight-forwarder\/freight-forwarding-uk\/derby-freight-forwarder\/","title":{"rendered":"10 geriausi\u0173 Derbio krovini\u0173 ekspedijavimo \u012fmoni\u0173 (2024)"},"content":{"rendered":"<p>Toliau ap\u017evelgsime 10 <em>\"geriausias\"<\/em> Krovini\u0173 ekspedijavimo \u012fmon\u0117s Derbyje i\u0161 18.<\/p>\n<p>Nor\u0117dami su\u017einoti daugiau apie tai, kaip atrinkome geriausius, \u017er. pabaigoje esant\u012f DUK skyri\u0173.<\/p>\n<p><em>Atkreipkite d\u0117mes\u012f, kad toliau pateikti s\u0105ra\u0161ai n\u0117ra i\u0161d\u0117styti tam tikra tvarka ir mes nerekomenduojame jokios konkre\u010dios \u012fmon\u0117s.<\/em><\/p>\n<div id=\"ez-toc-container\" class=\"ez-toc-v2_0_82_2 ez-toc-wrap-left counter-hierarchy ez-toc-counter ez-toc-transparent ez-toc-container-direction\">\n<div class=\"ez-toc-title-container\">\n<p class=\"ez-toc-title\" style=\"cursor:inherit\">Skyriai<\/p>\n<span class=\"ez-toc-title-toggle\"><a href=\"#\" class=\"ez-toc-pull-right ez-toc-btn ez-toc-btn-xs ez-toc-btn-default ez-toc-toggle\" aria-label=\"Perjungti turinio lentel\u0119\"><span class=\"ez-toc-js-icon-con\"><span class=\"\"><span class=\"eztoc-hide\" style=\"display:none;\">Perjungti<\/span><span class=\"ez-toc-icon-toggle-span\"><svg style=\"fill: #999;color:#999\" xmlns=\"http:\/\/www.w3.org\/2000\/svg\" class=\"list-377408\" width=\"20px\" height=\"20px\" viewbox=\"0 0 24 24\" fill=\"none\"><path d=\"M6 6H4v2h2V6zm14 0H8v2h12V6zM4 11h2v2H4v-2zm16 0H8v2h12v-2zM4 16h2v2H4v-2zm16 0H8v2h12v-2z\" fill=\"currentColor\"><\/path><\/svg><svg style=\"fill: #999;color:#999\" class=\"arrow-unsorted-368013\" xmlns=\"http:\/\/www.w3.org\/2000\/svg\" width=\"10px\" height=\"10px\" viewbox=\"0 0 24 24\" version=\"1.2\" baseprofile=\"tiny\"><path d=\"M18.2 9.3l-6.2-6.3-6.2 6.3c-.2.2-.3.4-.3.7s.1.5.3.7c.2.2.4.3.7.3h11c.3 0 .5-.1.7-.3.2-.2.3-.5.3-.7s-.1-.5-.3-.7zM5.8 14.7l6.2 6.3 6.2-6.3c.2-.2.3-.5.3-.7s-.1-.5-.3-.7c-.2-.2-.4-.3-.7-.3h-11c-.3 0-.5.1-.7.3-.2.2-.3.5-.3.7s.1.5.3.7z\"\/><\/svg><\/span><\/span><\/span><\/a><\/span><\/div>\n<nav><ul class='ez-toc-list ez-toc-list-level-1 eztoc-toggle-hide-by-default' ><li class='ez-toc-page-1 ez-toc-heading-level-2'><a class=\"ez-toc-link ez-toc-heading-1\" href=\"https:\/\/moverdb.com\/lt\/freight-forwarder\/freight-forwarding-uk\/derby-freight-forwarder\/#CH_Robinson\" >C. H. Robinsonas<\/a><\/li><li class='ez-toc-page-1 ez-toc-heading-level-2'><a class=\"ez-toc-link ez-toc-heading-2\" href=\"https:\/\/moverdb.com\/lt\/freight-forwarder\/freight-forwarding-uk\/derby-freight-forwarder\/#CCL_Logistics_Technology\" >CCL logistika ir technologijos<\/a><\/li><li class='ez-toc-page-1 ez-toc-heading-level-2'><a class=\"ez-toc-link ez-toc-heading-3\" href=\"https:\/\/moverdb.com\/lt\/freight-forwarder\/freight-forwarding-uk\/derby-freight-forwarder\/#Expeditors\" >Ekspeditoriai<\/a><\/li><li class='ez-toc-page-1 ez-toc-heading-level-2'><a class=\"ez-toc-link ez-toc-heading-4\" href=\"https:\/\/moverdb.com\/lt\/freight-forwarder\/freight-forwarding-uk\/derby-freight-forwarder\/#KWE_Kintetsu_World_Express_UK_Ltd_East_Midlands\" >KWE, Kintetsu World Express (JK) Ltd. East Midlands<\/a><\/li><li class='ez-toc-page-1 ez-toc-heading-level-2'><a class=\"ez-toc-link ez-toc-heading-5\" href=\"https:\/\/moverdb.com\/lt\/freight-forwarder\/freight-forwarding-uk\/derby-freight-forwarder\/#M_I_E_S_International_Ltd\" >M I E S International Ltd<\/a><\/li><li class='ez-toc-page-1 ez-toc-heading-level-2'><a class=\"ez-toc-link ez-toc-heading-6\" href=\"https:\/\/moverdb.com\/lt\/freight-forwarder\/freight-forwarding-uk\/derby-freight-forwarder\/#Evolution_Time_Critical\" >Evoliucijos laikas Kritinis<\/a><\/li><li class='ez-toc-page-1 ez-toc-heading-level-2'><a class=\"ez-toc-link ez-toc-heading-7\" href=\"https:\/\/moverdb.com\/lt\/freight-forwarder\/freight-forwarding-uk\/derby-freight-forwarder\/#Seabourne_Logistics_UK_Forwarding\" >\"Seabourne Logistics\" JK ekspedijavimas<\/a><\/li><li class='ez-toc-page-1 ez-toc-heading-level-2'><a class=\"ez-toc-link ez-toc-heading-8\" href=\"https:\/\/moverdb.com\/lt\/freight-forwarder\/freight-forwarding-uk\/derby-freight-forwarder\/#UPS_Supply_Chain_Solutions_Derby\" >UPS tiekimo grandin\u0117s sprendimai Derbis<\/a><\/li><li class='ez-toc-page-1 ez-toc-heading-level-2'><a class=\"ez-toc-link ez-toc-heading-9\" href=\"https:\/\/moverdb.com\/lt\/freight-forwarder\/freight-forwarding-uk\/derby-freight-forwarder\/#DHL_Freight_East_Midlands_Airport\" >\"DHL Freight\" Ryt\u0173 Midlandso oro uostas<\/a><\/li><li class='ez-toc-page-1 ez-toc-heading-level-2'><a class=\"ez-toc-link ez-toc-heading-10\" href=\"https:\/\/moverdb.com\/lt\/freight-forwarder\/freight-forwarding-uk\/derby-freight-forwarder\/#HAE_EMSA\" >HAE \/ EMSA<\/a><\/li><li class='ez-toc-page-1 ez-toc-heading-level-2'><a class=\"ez-toc-link ez-toc-heading-11\" href=\"https:\/\/moverdb.com\/lt\/freight-forwarder\/freight-forwarding-uk\/derby-freight-forwarder\/#How_we_picked_the_best_Derby_Freight_Forwarding_Companies\" >Kaip i\u0161rinkome geriausias Derbio krovini\u0173 ekspedijavimo \u012fmones<\/a><\/li><\/ul><\/nav><\/div>\n<h2><span class=\"ez-toc-section\" id=\"CH_Robinson\"><\/span>C. H. Robinsonas<span class=\"ez-toc-section-end\"><\/span><\/h2>\n<p><img decoding=\"async\" src=\"https:\/\/moverdb.com\/wp-content\/uploads\/AF1QipPhMz8-qlcS_nx0vOhLUx_nNtbR34mvf1h4zh4w408-h305-k-no.jpg\" alt='C. H. Robinsonas' class=\"aligncenter\"><\/p>\n<p><strong>Verslo apra\u0161ymas: <\/strong>Nepateikta<\/p>\n<p><strong>Papildomos paslaugos:<\/strong><\/p>\n<p>N\u0117ra \u012f s\u0105ra\u0161\u0105 \u012ftraukt\u0173<\/p>\n<p><strong>Adresas:<\/strong> Unit 1B Glencar Close, Derby Commercial Park, Derby DE21 7HZ<\/p>\n<p><a href=\"https:\/\/www.chrobinson.com\/en-uk\/\" target=\"_new\" rel=\"noopener\">C.H. Robinson svetain\u0117<\/a><\/p>\n<p><strong>Ap\u017evalgos rezultatas: <\/strong>4.6<br \/> <strong>Atsiliepim\u0173 skai\u010dius:<\/strong> 17<br \/><a href=\"https:\/\/www.google.co.uk\/maps?cid=14794037340248810420&#038;hl=en&#038;gl=GB\" target=\"_new\" rel=\"noopener\">Skaityti atsiliepimus<\/a><\/p>\n<h2><span class=\"ez-toc-section\" id=\"CCL_Logistics_Technology\"><\/span>CCL logistika ir technologijos<span class=\"ez-toc-section-end\"><\/span><\/h2>\n<p><img decoding=\"async\" src=\"https:\/\/moverdb.com\/wp-content\/uploads\/thumbnailpanoidKI8k-3CGLIos_UegyCrtrQcb_clientsearch.gws-prod.gpsw408h240yaw268.jpg\" alt='CCL logistika ir technologijos' class=\"aligncenter\"><\/p>\n<p><strong>Verslo apra\u0161ymas: <\/strong>Teikiame neprilygstamas logistikos paslaugas ir prid\u0117tin\u0117s vert\u0117s technologijas, padedan\u010dias gamintojams, platintojams, didmenininkams ir ma\u017emenininkams supaprastinti tiekimo grandin\u0119, padidinti na\u0161um\u0105 ir gerokai suma\u017einti bendras verslo s\u0105naudas.<\/p>\n<p><strong>Papildomos paslaugos:<\/strong><\/p>\n<p>N\u0117ra \u012f s\u0105ra\u0161\u0105 \u012ftraukt\u0173<\/p>\n<p><strong>Adresas:<\/strong> Willow Farm Business Park, Unit 6E, Boundary Court, Castle Donington DE74 2NN<\/p>\n<p><a href=\"https:\/\/www.ccl-logistics.com\/?utm_source=googlemaps&#038;utm_medium=derby\" target=\"_new\" rel=\"noopener\">CCL logistikos ir technologij\u0173 svetain\u0117<\/a><\/p>\n<p><strong>Ap\u017evalgos rezultatas: <\/strong>3.6<br \/> <strong>Atsiliepim\u0173 skai\u010dius:<\/strong> 9<br \/><a href=\"https:\/\/www.google.co.uk\/maps?cid=5270224964504635166&#038;hl=en&#038;gl=GB\" target=\"_new\" rel=\"noopener\">Skaityti atsiliepimus<\/a><\/p>\n<h2><span class=\"ez-toc-section\" id=\"Expeditors\"><\/span>Ekspeditoriai<span class=\"ez-toc-section-end\"><\/span><\/h2>\n<p><img decoding=\"async\" src=\"https:\/\/moverdb.com\/wp-content\/uploads\/AF1QipNWk4GOxW3zdlhHpgE7uIoJ_qTwoHHLqLfHLAshw426-h240-k-no.jpg\" alt='Ekspeditoriai' class=\"aligncenter\"><\/p>\n<p><strong>Verslo apra\u0161ymas: <\/strong>Nepateikta<\/p>\n<p><strong>Papildomos paslaugos:<\/strong><\/p>\n<p>N\u0117ra \u012f s\u0105ra\u0161\u0105 \u012ftraukt\u0173<\/p>\n<p><strong>Adresas:<\/strong> Willow Farm Business Park, Sills Rd, Castle Donington, Derby DE74 2US<\/p>\n<p><a href=\"http:\/\/www.expeditors.com\/\" target=\"_new\" rel=\"noopener\">Ekspeditori\u0173 svetain\u0117<\/a><\/p>\n<p><strong>Ap\u017evalgos rezultatas: <\/strong>4.1<br \/> <strong>Atsiliepim\u0173 skai\u010dius:<\/strong> 15<br \/><a href=\"https:\/\/www.google.co.uk\/maps?cid=12115655813888450581&#038;hl=en&#038;gl=GB\" target=\"_new\" rel=\"noopener\">Skaityti atsiliepimus<\/a><\/p>\n<h2><span class=\"ez-toc-section\" id=\"KWE_Kintetsu_World_Express_UK_Ltd_East_Midlands\"><\/span>KWE, Kintetsu World Express (JK) Ltd. East Midlands<span class=\"ez-toc-section-end\"><\/span><\/h2>\n<p><img decoding=\"async\" src=\"\" alt=\"KWE, Kintetsu World Express (JK) Ltd. East Midlands\" class=\"aligncenter\"><\/p>\n<p><strong>Verslo apra\u0161ymas: <\/strong>Pagrindin\u0117 b\u016bstin\u0117 Tokijuje, <a href=\"https:\/\/moverdb.com\/lt\/moving-to-japan\/\" data-internallinksmanager029f6b8e52c=\"342\" title=\"Persik\u0117limas \u012f Japonij\u0105? 2023 m. pragyvenimo i\u0161laidos ir persik\u0117limo patarimai\">Japonija<\/a>, KWE, \"Kintetsu World Express\" atsirado 1948 m. ir tapo 15 did\u017eiausi\u0173 pasaulini\u0173 logistikos pramon\u0117s \u017eaid\u0117j\u0173.<\/p>\n<p>Integruota pasaulin\u0117 logistikos partner\u0117, teikianti apdovanojimus pelniusias tiekimo grandin\u0117s valdymo paslaugas, pirkimus, tiek\u0117j\u0173 valdym\u0105, j\u016br\u0173 ir oro transporto ekspedijavim\u0105, 3pl sand\u0117liavim\u0105, transportavim\u0105 ir muitin\u012f \u012fforminim\u0105.<\/p>\n<p>KWE turi daugiau nei 18.<\/p>\n<p>000 darbuotoj\u0173, veikia 46 \u0161alyse, turi daugiau kaip 850 padalini\u0173.<\/p>\n<p>\"KWE\" specializuojasi automobili\u0173, farmacijos ir sveikatos prie\u017ei\u016bros, aviacijos, elektronikos ir ma\u017emenin\u0117s prekybos logistikos srityse.<\/p>\n<p>2015 m. gegu\u017e\u0119 KWE \u012fsigijo \"APL Logistics\", kuri dar labiau sustiprino logistikos paslaug\u0173 portfel\u012f.<\/p>\n<p><strong>Papildomos paslaugos:<\/strong><\/p>\n<p>Logistikos paslaugos<\/p>\n<p>Pristatymo \u012fmon\u0117<\/p>\n<p><strong>Adresas:<\/strong> B1 Maple Rd, Castle Donington, Derby DE74 2UT<\/p>\n<p><a href=\"http:\/\/www.kwe.com\/\" target=\"_new\" rel=\"noopener\">KWE, Kintetsu World Express (JK) Ltd. East Midlands svetain\u0117<\/a><\/p>\n<p><strong>Ap\u017evalgos rezultatas: <\/strong>4.8<br \/> <strong>Atsiliepim\u0173 skai\u010dius:<\/strong> 5<br \/><a href=\"https:\/\/www.google.co.uk\/maps?cid=1486898843947594172&#038;hl=en&#038;gl=GB\" target=\"_new\" rel=\"noopener\">Skaityti atsiliepimus<\/a><\/p>\n<h2><span class=\"ez-toc-section\" id=\"M_I_E_S_International_Ltd\"><\/span>M I E S International Ltd<span class=\"ez-toc-section-end\"><\/span><\/h2>\n<p><img decoding=\"async\" src=\"https:\/\/moverdb.com\/wp-content\/uploads\/thumbnailpanoid29xOmIIUK2IMXMPBD0ZePgcb_clientsearch.gws-prod.gpsw408h240yaw169.jpg\" alt='M I E S International Ltd' class=\"aligncenter\"><\/p>\n<p><strong>Verslo apra\u0161ymas: <\/strong>Nepateikta<\/p>\n<p><strong>Papildomos paslaugos:<\/strong><\/p>\n<p>N\u0117ra \u012f s\u0105ra\u0161\u0105 \u012ftraukt\u0173<\/p>\n<p><strong>Adresas:<\/strong> 1 Trent Ln, Castle Donington, Derby DE74 2PY<\/p>\n<p><a href=\"https:\/\/www.mies.co.uk\/\" target=\"_new\" rel=\"noopener\">\"M I E S International Ltd\" svetain\u0117<\/a><\/p>\n<p><strong>Ap\u017evalgos rezultatas: <\/strong>4.1<br \/> <strong>Atsiliepim\u0173 skai\u010dius:<\/strong> 8<br \/><a href=\"https:\/\/www.google.co.uk\/maps?cid=13175560030870517614&#038;hl=en&#038;gl=GB\" target=\"_new\" rel=\"noopener\">Skaityti atsiliepimus<\/a><\/p>\n<h2><span class=\"ez-toc-section\" id=\"Evolution_Time_Critical\"><\/span>Evoliucijos laikas Kritinis<span class=\"ez-toc-section-end\"><\/span><\/h2>\n<p><img decoding=\"async\" src=\"https:\/\/moverdb.com\/wp-content\/uploads\/thumbnailpanoiduB9YyRaWNRCF_7iK80WTvQcb_clientsearch.gws-prod.gpsw408h240yaw152.jpg\" alt='Evoliucijos laikas Kritinis' class=\"aligncenter\"><\/p>\n<p><strong>Verslo apra\u0161ymas: <\/strong>Nepateikta<\/p>\n<p><strong>Papildomos paslaugos:<\/strong><\/p>\n<p>Konsultantas<\/p>\n<p>Logistikos paslaugos<\/p>\n<p><strong>Adresas:<\/strong> Bezant House, Bradgate Pk Vw, Chellaston, Derby DE73 5UH<\/p>\n<p><a href=\"http:\/\/www.evolution-timecritical.com\/\" target=\"_new\" rel=\"noopener\">Evoliucijos laiko kritin\u0117 svetain\u0117<\/a><\/p>\n<p><strong>Ap\u017evalgos rezultatas: <\/strong>3.5<br \/> <strong>Atsiliepim\u0173 skai\u010dius:<\/strong> 4<br \/><a href=\"https:\/\/www.google.co.uk\/maps?cid=562191449095100638&#038;hl=en&#038;gl=GB\" target=\"_new\" rel=\"noopener\">Skaityti atsiliepimus<\/a><\/p>\n<h2><span class=\"ez-toc-section\" id=\"Seabourne_Logistics_UK_Forwarding\"><\/span>\"Seabourne Logistics\" JK ekspedijavimas<span class=\"ez-toc-section-end\"><\/span><\/h2>\n<p><img decoding=\"async\" src=\"https:\/\/lh5.googleusercontent.com\/p\/AF1QipPRz-XHZWUpwXBCEvlC1ustTASQMuSpHocwWZSq=w408-h291-k-no\" alt=\"&quot;Seabourne Logistics&quot; JK ekspedijavimas\" class=\"aligncenter\"><\/p>\n<p><strong>Verslo apra\u0161ymas: <\/strong>\"Seabourne Logistics\", pirmaujanti nepriklausoma logistikos operator\u0117, turinti biurus <a href=\"https:\/\/moverdb.com\/lt\/moving-to-the-uk\/\" data-internallinksmanager029f6b8e52c=\"93\" title=\"Persik\u0117limas \u012f Jungtin\u0119 Karalyst\u0119? 2022 Gyvenimo i\u0161laidos ir persikraustymo patarimai\">JK<\/a>, The <a href=\"https:\/\/moverdb.com\/lt\/moving-to-the-netherlands\/\" data-internallinksmanager029f6b8e52c=\"328\" title=\"Persik\u0117limas \u012f Nyderlandus? 2023 Gyvenimo i\u0161laidos ir persik\u0117limo patarimai\">Nyderlandai<\/a>, <a href=\"https:\/\/moverdb.com\/lt\/moving-to-france\/\" data-internallinksmanager029f6b8e52c=\"315\" title=\"Persik\u0117limas \u012f Pranc\u016bzij\u0105? 2023 Gyvenimo i\u0161laidos ir persik\u0117limo patarimai\">Pranc\u016bzija<\/a>, ir <a href=\"https:\/\/moverdb.com\/lt\/moving-to-south-africa\/\" data-internallinksmanager029f6b8e52c=\"347\" title=\"Persik\u0117limas \u012f Piet\u0173 Afrik\u0105? 2023 m. pragyvenimo i\u0161laidos ir persik\u0117limo patarimai\">Piet\u0173 Afrika<\/a> si\u016blanti holistinius pasaulinius sprendimus per savo 6 padalinius: sand\u0117liavimo, elektroninio pristatymo, kurjeri\u0173 paslaug\u0173, krovini\u0173 ve\u017eimo, pa\u0161to sprendim\u0173 ir muitin\u0117s paslaug\u0173.<\/p>\n<p> Jie gerai \u017einomi d\u0117l savo asmeninio ir praktinio po\u017ei\u016brio ir yra u\u017esitarnav\u0119 i\u0161skirtin\u0119 reputacij\u0105, nes j\u0173 darbo pagrindas - geras bendravimas, lankstumas ir atsidavimas.<\/p>\n<p> Jie si\u016blo ni\u0161ines kompetencijos sritis ir i\u0161samius, individualiems poreikiams pritaikytus tre\u010di\u0173j\u0173 \u0161ali\u0173 logistikos (3PL) sprendimus.<\/p>\n<p><strong>Papildomos paslaugos:<\/strong><\/p>\n<p>Logistikos paslaugos<\/p>\n<p><strong>Adresas:<\/strong> \"Regus House Herald Way\", Castle Donington, Derby DE74 2TZ<\/p>\n<p><a href=\"http:\/\/www.seabournelogistics.com\/\" target=\"_new\" rel=\"noopener\">\"Seabourne Logistics UK Forwarding\" svetain\u0117<\/a><\/p>\n<p><strong>Ap\u017evalgos rezultatas: <\/strong>5<br \/> <strong>Atsiliepim\u0173 skai\u010dius:<\/strong> 1<br \/><a href=\"https:\/\/www.google.co.uk\/maps?cid=11040171400694942647&#038;hl=en&#038;gl=GB\" target=\"_new\" rel=\"noopener\">Skaityti atsiliepimus<\/a><\/p>\n<h2><span class=\"ez-toc-section\" id=\"UPS_Supply_Chain_Solutions_Derby\"><\/span>UPS tiekimo grandin\u0117s sprendimai Derbis<span class=\"ez-toc-section-end\"><\/span><\/h2>\n<p><img decoding=\"async\" src=\"https:\/\/moverdb.com\/wp-content\/uploads\/AF1QipM2UF-9SW9bJsltV_sqSQ3iBj28hlxaLA866wilw426-h240-k-no.jpg\" alt='UPS tiekimo grandin\u0117s sprendimai Derbis' class=\"aligncenter\"><\/p>\n<p><strong>Verslo apra\u0161ymas: <\/strong>Nepateikta<\/p>\n<p><strong>Papildomos paslaugos:<\/strong><\/p>\n<p>Logistikos paslaugos<\/p>\n<p><strong>Adresas:<\/strong> Wincanton Close, Off Ascot Drive, Derby DE24 8NB<\/p>\n<p><a href=\"https:\/\/www.ups.com\/gb\/en\/services\/shipping\/freight.page\" target=\"_new\" rel=\"noopener\">UPS Supply Chain Solutions Derbio svetain\u0117<\/a><\/p>\n<p><strong>Ap\u017evalgos rezultatas: <\/strong>3.8<br \/> <strong>Atsiliepim\u0173 skai\u010dius:<\/strong> 98<br \/><a href=\"https:\/\/www.google.co.uk\/maps?cid=3053902978470391964&#038;hl=en&#038;gl=GB\" target=\"_new\" rel=\"noopener\">Skaityti atsiliepimus<\/a><\/p>\n<h2><span class=\"ez-toc-section\" id=\"DHL_Freight_East_Midlands_Airport\"><\/span>\"DHL Freight\" Ryt\u0173 Midlandso oro uostas<span class=\"ez-toc-section-end\"><\/span><\/h2>\n<p><img decoding=\"async\" src=\"https:\/\/moverdb.com\/wp-content\/uploads\/AF1QipOabvr0K6hA3_eLfcM7ASRDqa99A65XTv3vWGI6w408-h240-k-no-pi0-ya340-ro-0-fo100.jpg\" alt='&quot;DHL Freight&quot; Ryt\u0173 Midlandso oro uostas' class=\"aligncenter\"><\/p>\n<p><strong>Verslo apra\u0161ymas: <\/strong>Nepateikta<\/p>\n<p><strong>Papildomos paslaugos:<\/strong><\/p>\n<p>N\u0117ra \u012f s\u0105ra\u0161\u0105 \u012ftraukt\u0173<\/p>\n<p><strong>Adresas:<\/strong> Castle Donington, Derbis DE74 2SA<\/p>\n<p><a href=\"https:\/\/dhlguide.co.uk\/shipping-with-dhl\/dhl-express-service-centres\/\" target=\"_new\" rel=\"noopener\">\"DHL Freight East Midlands\" oro uosto svetain\u0117<\/a><\/p>\n<p><strong>Ap\u017evalgos rezultatas: <\/strong>4.5<br \/> <strong>Atsiliepim\u0173 skai\u010dius:<\/strong> 127<br \/><a href=\"https:\/\/www.google.co.uk\/maps?cid=3973794515770161131&#038;hl=en&#038;gl=GB\" target=\"_new\" rel=\"noopener\">Skaityti atsiliepimus<\/a><\/p>\n<h2><span class=\"ez-toc-section\" id=\"HAE_EMSA\"><\/span>HAE \/ EMSA<span class=\"ez-toc-section-end\"><\/span><\/h2>\n<p><img decoding=\"async\" src=\"https:\/\/moverdb.com\/wp-content\/uploads\/AF1QipMMx8p4WL2HiDiZ98g-3NbS60OR0vSAQyplqiDtw408-h544-k-no.jpg\" alt='HAE \/ EMSA' class=\"aligncenter\"><\/p>\n<p><strong>Verslo apra\u0161ymas: <\/strong>Nepateikta<\/p>\n<p><strong>Papildomos paslaugos:<\/strong><\/p>\n<p>N\u0117ra \u012f s\u0105ra\u0161\u0105 \u012ftraukt\u0173<\/p>\n<p><strong>Adresas:<\/strong> East Midlands oro uostas, Beverley Rd, Derbis DE74 2SA<\/p>\n<p><a href=\"http:\/\/www.haegroup.com\/\" target=\"_new\" rel=\"noopener\">HAE \/ EMSA svetain\u0117<\/a><\/p>\n<p><strong>Ap\u017evalgos rezultatas: <\/strong>3.7<br \/> <strong>Atsiliepim\u0173 skai\u010dius:<\/strong> 38<br \/><a href=\"https:\/\/www.google.co.uk\/maps?cid=1084884569409257823&#038;hl=en&#038;gl=GB\" target=\"_new\" rel=\"noopener\">Skaityti atsiliepimus<\/a><\/p>\n<h2><span class=\"ez-toc-section\" id=\"How_we_picked_the_best_Derby_Freight_Forwarding_Companies\"><\/span>Kaip i\u0161rinkome geriausias Derbio krovini\u0173 ekspedijavimo \u012fmones<span class=\"ez-toc-section-end\"><\/span><\/h2>\n<p>Prad\u0117jome nuo 18 Derbio krovini\u0173 ekspedijavimo \u012fmoni\u0173, kurias gal\u0117jome rasti naudodamiesi \"Google Maps\", duomen\u0173 rinkinio ir susiaurinome j\u012f iki 10 geriausi\u0173.<\/p>\n<p>Nor\u0117dami tai padaryti, pa\u0161alinome visas \u012fmones, kurios:<\/p>\n<ul>\n<li> Netur\u0117jo interneto svetain\u0117s<\/li>\n<li> Netur\u0117jo joki\u0173 atsiliepim\u0173<\/li>\n<li> Tur\u0117jo vidutin\u012f ap\u017evalgos \u012fvertinim\u0105, ma\u017eesn\u012f nei 2,0 balo<\/li>\n<\/ul>\n<p>\u0160iuo metu, jei tur\u0117jome 17 ar ma\u017eiau ekspeditori\u0173, \u012f s\u0105ra\u0161\u0105 \u012ftrauk\u0117me visus.<\/p>\n<p>Miestuose, kuriuose liko daugiau nei 17 ekspeditori\u0173, atlikome tolesnius pakeitimus: padidinome reikalaujam\u0105 per\u017ei\u016bros bal\u0105 (pvz., nuo ma\u017eiausiai 2,0 iki 4,0) ir (arba) padidinome reikalaujam\u0105 ma\u017eiausi\u0105 per\u017ei\u016br\u0173 skai\u010di\u0173 (pvz., nuo ma\u017eiausiai 1 per\u017ei\u016bros iki ma\u017eiausiai 10).<\/p>\n<p>Atkreipkite d\u0117mes\u012f, kad naudojome tik \"Google\" \u017eem\u0117lapi\u0173, o ne kit\u0173 tre\u010di\u0173j\u0173 \u0161ali\u0173 svetaini\u0173 per\u017ei\u016bros duomenis.<\/p>\n<p>Daugiau miest\u0173:<\/p>\n<p><a href=\"https:\/\/moverdb.com\/lt\/ekspeditorius\/freight-forwarding-uk\/southall-freight-forwarder\/\">Southall Krovini\u0173 ekspeditorius<\/a><br \/><a href=\"https:\/\/moverdb.com\/lt\/ekspeditorius\/freight-forwarding-uk\/coventry-freight-forwarder\/\">Koventrio krovini\u0173 ekspeditorius<\/a><br \/><a href=\"https:\/\/moverdb.com\/lt\/ekspeditorius\/freight-forwarding-uk\/west-drayton-freight-forwarder\/\">West Drayton Krovini\u0173 ekspeditorius<\/a><br \/><a href=\"https:\/\/moverdb.com\/lt\/ekspeditorius\/freight-forwarding-uk\/glasgow-freight-forwarder\/\">Glazgo krovini\u0173 ekspeditorius<\/a><br \/><a href=\"https:\/\/moverdb.com\/lt\/ekspeditorius\/freight-forwarding-uk\/barking-freight-forwarder\/\">Barkingo krovini\u0173 ekspeditorius<\/a><\/p>","protected":false},"excerpt":{"rendered":"<p>Below we look at the 10 &#8220;best&#8221; Freight Forwarding companies in Derby out of 18. To learn more about how we chose the best please consult our FAQ section at the end. Please not the following listings are in no particular order and we are not making any recommendations for any particular company. C.H. Robinson [&hellip;]<\/p>\n","protected":false},"author":1,"featured_media":0,"parent":13427,"menu_order":0,"comment_status":"open","ping_status":"open","template":"","meta":{"_genesis_hide_title":false,"_genesis_hide_breadcrumbs":false,"_genesis_hide_singular_image":false,"_genesis_hide_footer_widgets":false,"_genesis_custom_body_class":"","_genesis_custom_post_class":"","_genesis_layout":"","footnotes":""},"class_list":{"0":"post-13734","1":"page","2":"type-page","3":"status-publish","5":"entry"},"_links":{"self":[{"href":"https:\/\/moverdb.com\/lt\/wp-json\/wp\/v2\/pages\/13734","targetHints":{"allow":["GET"]}}],"collection":[{"href":"https:\/\/moverdb.com\/lt\/wp-json\/wp\/v2\/pages"}],"about":[{"href":"https:\/\/moverdb.com\/lt\/wp-json\/wp\/v2\/types\/page"}],"author":[{"embeddable":true,"href":"https:\/\/moverdb.com\/lt\/wp-json\/wp\/v2\/users\/1"}],"replies":[{"embeddable":true,"href":"https:\/\/moverdb.com\/lt\/wp-json\/wp\/v2\/comments?post=13734"}],"version-history":[{"count":1,"href":"https:\/\/moverdb.com\/lt\/wp-json\/wp\/v2\/pages\/13734\/revisions"}],"predecessor-version":[{"id":15679,"href":"https:\/\/moverdb.com\/lt\/wp-json\/wp\/v2\/pages\/13734\/revisions\/15679"}],"up":[{"embeddable":true,"href":"https:\/\/moverdb.com\/lt\/wp-json\/wp\/v2\/pages\/13427"}],"wp:attachment":[{"href":"https:\/\/moverdb.com\/lt\/wp-json\/wp\/v2\/media?parent=13734"}],"curies":[{"name":"wp","href":"https:\/\/api.w.org\/{rel}","templated":true}]}}