{"id":13725,"date":"2023-11-08T15:51:25","date_gmt":"2023-11-08T15:51:25","guid":{"rendered":"https:\/\/moverdb.com\/freight-forwarder\/freight-forwarding-uk\/bradford-freight-forwarder\/"},"modified":"2026-01-08T14:55:27","modified_gmt":"2026-01-08T14:55:27","slug":"bradford-freight-forwarder","status":"publish","type":"page","link":"https:\/\/moverdb.com\/lt\/freight-forwarder\/freight-forwarding-uk\/bradford-freight-forwarder\/","title":{"rendered":"11 geriausi\u0173 Bradfordo krovini\u0173 ekspedijavimo \u012fmoni\u0173 (2023 m.)"},"content":{"rendered":"<p>Toliau ap\u017evelgsime 11 <em>\"geriausias\"<\/em> Krovini\u0173 ekspedijavimo \u012fmon\u0117s Bradforde i\u0161 23.<\/p>\n<p>Nor\u0117dami su\u017einoti daugiau apie tai, kaip atrinkome geriausius, \u017er. pabaigoje esant\u012f DUK skyri\u0173.<\/p>\n<p><em>Atkreipkite d\u0117mes\u012f, kad toliau pateikti s\u0105ra\u0161ai n\u0117ra i\u0161d\u0117styti tam tikra tvarka ir mes nerekomenduojame jokios konkre\u010dios \u012fmon\u0117s.<\/em><\/p>\n<div id=\"ez-toc-container\" class=\"ez-toc-v2_0_82_2 ez-toc-wrap-left counter-hierarchy ez-toc-counter ez-toc-transparent ez-toc-container-direction\">\n<div class=\"ez-toc-title-container\">\n<p class=\"ez-toc-title\" style=\"cursor:inherit\">Skyriai<\/p>\n<span class=\"ez-toc-title-toggle\"><a href=\"#\" class=\"ez-toc-pull-right ez-toc-btn ez-toc-btn-xs ez-toc-btn-default ez-toc-toggle\" aria-label=\"Perjungti turinio lentel\u0119\"><span class=\"ez-toc-js-icon-con\"><span class=\"\"><span class=\"eztoc-hide\" style=\"display:none;\">Perjungti<\/span><span class=\"ez-toc-icon-toggle-span\"><svg style=\"fill: #999;color:#999\" xmlns=\"http:\/\/www.w3.org\/2000\/svg\" class=\"list-377408\" width=\"20px\" height=\"20px\" viewbox=\"0 0 24 24\" fill=\"none\"><path d=\"M6 6H4v2h2V6zm14 0H8v2h12V6zM4 11h2v2H4v-2zm16 0H8v2h12v-2zM4 16h2v2H4v-2zm16 0H8v2h12v-2z\" fill=\"currentColor\"><\/path><\/svg><svg style=\"fill: #999;color:#999\" class=\"arrow-unsorted-368013\" xmlns=\"http:\/\/www.w3.org\/2000\/svg\" width=\"10px\" height=\"10px\" viewbox=\"0 0 24 24\" version=\"1.2\" baseprofile=\"tiny\"><path d=\"M18.2 9.3l-6.2-6.3-6.2 6.3c-.2.2-.3.4-.3.7s.1.5.3.7c.2.2.4.3.7.3h11c.3 0 .5-.1.7-.3.2-.2.3-.5.3-.7s-.1-.5-.3-.7zM5.8 14.7l6.2 6.3 6.2-6.3c.2-.2.3-.5.3-.7s-.1-.5-.3-.7c-.2-.2-.4-.3-.7-.3h-11c-.3 0-.5.1-.7.3-.2.2-.3.5-.3.7s.1.5.3.7z\"\/><\/svg><\/span><\/span><\/span><\/a><\/span><\/div>\n<nav><ul class='ez-toc-list ez-toc-list-level-1 eztoc-toggle-hide-by-default' ><li class='ez-toc-page-1 ez-toc-heading-level-2'><a class=\"ez-toc-link ez-toc-heading-1\" href=\"https:\/\/moverdb.com\/lt\/freight-forwarder\/freight-forwarding-uk\/bradford-freight-forwarder\/#Rhenus_Logistics_Ltd\" >\"Rhenus Logistics Ltd<\/a><\/li><li class='ez-toc-page-1 ez-toc-heading-level-2'><a class=\"ez-toc-link ez-toc-heading-2\" href=\"https:\/\/moverdb.com\/lt\/freight-forwarder\/freight-forwarding-uk\/bradford-freight-forwarder\/#Vantage_Cargo\" >\"Vantage Cargo<\/a><\/li><li class='ez-toc-page-1 ez-toc-heading-level-2'><a class=\"ez-toc-link ez-toc-heading-3\" href=\"https:\/\/moverdb.com\/lt\/freight-forwarder\/freight-forwarding-uk\/bradford-freight-forwarder\/#A_H_SPRINTERS_LTD\" >A &amp; H SPRINTERS LTD<\/a><\/li><li class='ez-toc-page-1 ez-toc-heading-level-2'><a class=\"ez-toc-link ez-toc-heading-4\" href=\"https:\/\/moverdb.com\/lt\/freight-forwarder\/freight-forwarding-uk\/bradford-freight-forwarder\/#Uniexpress_Limited\" >\"Uniexpress Limited<\/a><\/li><li class='ez-toc-page-1 ez-toc-heading-level-2'><a class=\"ez-toc-link ez-toc-heading-5\" href=\"https:\/\/moverdb.com\/lt\/freight-forwarder\/freight-forwarding-uk\/bradford-freight-forwarder\/#Vantage_Trdaing_Ltd\" >\"Vantage Trdaing Ltd<\/a><\/li><li class='ez-toc-page-1 ez-toc-heading-level-2'><a class=\"ez-toc-link ez-toc-heading-6\" href=\"https:\/\/moverdb.com\/lt\/freight-forwarder\/freight-forwarding-uk\/bradford-freight-forwarder\/#Transmec_Bradford\" >Transmec Bradford<\/a><\/li><li class='ez-toc-page-1 ez-toc-heading-level-2'><a class=\"ez-toc-link ez-toc-heading-7\" href=\"https:\/\/moverdb.com\/lt\/freight-forwarder\/freight-forwarding-uk\/bradford-freight-forwarder\/#Circle_Express\" >\"Circle Express<\/a><\/li><li class='ez-toc-page-1 ez-toc-heading-level-2'><a class=\"ez-toc-link ez-toc-heading-8\" href=\"https:\/\/moverdb.com\/lt\/freight-forwarder\/freight-forwarding-uk\/bradford-freight-forwarder\/#CMI_Logistics_Ltd\" >\"CMI Logistics Ltd<\/a><\/li><li class='ez-toc-page-1 ez-toc-heading-level-2'><a class=\"ez-toc-link ez-toc-heading-9\" href=\"https:\/\/moverdb.com\/lt\/freight-forwarder\/freight-forwarding-uk\/bradford-freight-forwarder\/#MC_Logistics_Ltd\" >\"MC Logistics Ltd<\/a><\/li><li class='ez-toc-page-1 ez-toc-heading-level-2'><a class=\"ez-toc-link ez-toc-heading-10\" href=\"https:\/\/moverdb.com\/lt\/freight-forwarder\/freight-forwarding-uk\/bradford-freight-forwarder\/#PAK_Asia_Cargo_Services_Ltd\" >PAK Asia Cargo Services Ltd<\/a><\/li><li class='ez-toc-page-1 ez-toc-heading-level-2'><a class=\"ez-toc-link ez-toc-heading-11\" href=\"https:\/\/moverdb.com\/lt\/freight-forwarder\/freight-forwarding-uk\/bradford-freight-forwarder\/#Andante_Freight_Ltd\" >\"Andante Freight Ltd<\/a><\/li><li class='ez-toc-page-1 ez-toc-heading-level-2'><a class=\"ez-toc-link ez-toc-heading-12\" href=\"https:\/\/moverdb.com\/lt\/freight-forwarder\/freight-forwarding-uk\/bradford-freight-forwarder\/#How_we_picked_the_best_Bradford_Freight_Forwarding_Companies\" >Kaip i\u0161rinkome geriausias Bradfordo krovini\u0173 ekspedijavimo \u012fmones<\/a><\/li><\/ul><\/nav><\/div>\n<h2><span class=\"ez-toc-section\" id=\"Rhenus_Logistics_Ltd\"><\/span>\"Rhenus Logistics Ltd<span class=\"ez-toc-section-end\"><\/span><\/h2>\n<p><img decoding=\"async\" src=\"https:\/\/moverdb.com\/wp-content\/uploads\/AF1QipP8m7fh1rLI-Cdro-YIqDmbeTJrEh44sSMMzk_Ww408-h252-k-no.jpg\" alt='&quot;Rhenus Logistics Ltd' class=\"aligncenter\"><\/p>\n<p><strong>Verslo apra\u0161ymas: <\/strong>Si\u016blome auk\u0161tos kokyb\u0117s ir ekonomi\u0161kus krovini\u0173 logistikos sprendimus eksportuotojams ir importuotojams.<\/p>\n<p> Per 75 metus \u012frodyta, kad \"Rhenus Logistics\", siekianti rezultat\u0173, \u012fsitvirtino kaip pagrindinis operatorius, tiesiogiai vykdantis veikl\u0105 sausumos rinkose, o dabar teikiantis papildomas paslaugas \u012f \u012fvairias pasaulio \u0161alis.<\/p>\n<p> Turime pavyd\u0117tin\u0105 reputacij\u0105 d\u0117l greito, lankstaus, da\u017eno ir draugi\u0161ko aptarnavimo.<\/p>\n<p><strong>Papildomos paslaugos:<\/strong><\/p>\n<p>Platinimo paslauga<\/p>\n<p>Logistikos paslaugos<\/p>\n<p>Pristatymo \u012fmon\u0117<\/p>\n<p>Transporto paslaugos<\/p>\n<p><strong>Adresas:<\/strong> Brighouse Rd, Low Moor, Bradford BD12 0QF<\/p>\n<p><a href=\"https:\/\/www.rhenus.group\/uk\/en\/\" target=\"_new\" rel=\"noopener\">\"Rhenus Logistics Ltd\" svetain\u0117<\/a><\/p>\n<p><strong>Ap\u017evalgos rezultatas: <\/strong>3.4<br \/> <strong>Atsiliepim\u0173 skai\u010dius:<\/strong> 198<br \/><a href=\"https:\/\/www.google.co.uk\/maps?cid=7795098104302593572&#038;hl=en&#038;gl=GB\" target=\"_new\" rel=\"noopener\">Skaityti atsiliepimus<\/a><\/p>\n<h2><span class=\"ez-toc-section\" id=\"Vantage_Cargo\"><\/span>\"Vantage Cargo<span class=\"ez-toc-section-end\"><\/span><\/h2>\n<p><img decoding=\"async\" src=\"https:\/\/moverdb.com\/wp-content\/uploads\/AF1QipOMzSTB6Cz9m4OeigEXyPbKm33o5qiz1TdMdRMaw408-h306-k-no.jpg\" alt='&quot;Vantage Cargo' class=\"aligncenter\"><\/p>\n<p><strong>Verslo apra\u0161ymas: <\/strong>Nepateikta<\/p>\n<p><strong>Papildomos paslaugos:<\/strong><\/p>\n<p>N\u0117ra \u012f s\u0105ra\u0161\u0105 \u012ftraukt\u0173<\/p>\n<p><strong>Adresas:<\/strong> UNIT 55, Listerhills Science Park, Campus Road, Bradford BD7 1HR<\/p>\n<p><a href=\"http:\/\/www.vantagecargo.com\/\" target=\"_new\" rel=\"noopener\">\"Vantage Cargo\" svetain\u0117<\/a><\/p>\n<p><strong>Ap\u017evalgos rezultatas: <\/strong>4.8<br \/> <strong>Atsiliepim\u0173 skai\u010dius:<\/strong> 4<br \/><a href=\"https:\/\/www.google.co.uk\/maps?cid=7008974209818324067&#038;hl=en&#038;gl=GB\" target=\"_new\" rel=\"noopener\">Skaityti atsiliepimus<\/a><\/p>\n<h2><span class=\"ez-toc-section\" id=\"A_H_SPRINTERS_LTD\"><\/span>A &amp; H SPRINTERS LTD<span class=\"ez-toc-section-end\"><\/span><\/h2>\n<p><img decoding=\"async\" src=\"https:\/\/moverdb.com\/wp-content\/uploads\/thumbnailpanoidy9Te__xK62aTIaec47C1vgcb_clientsearch.gws-prod.gpsw408h240yaw83.jpg\" alt='A &amp; H SPRINTERS LTD' class=\"aligncenter\"><\/p>\n<p><strong>Verslo apra\u0161ymas: <\/strong>Specializuojam\u0117s teikdami tos pa\u010dios dienos ir kitos dienos kurjeri\u0173 paslaugas visoje <a href=\"https:\/\/moverdb.com\/lt\/moving-to-the-uk\/\" data-internallinksmanager029f6b8e52c=\"93\" title=\"Persik\u0117limas \u012f Jungtin\u0119 Karalyst\u0119? 2022 Gyvenimo i\u0161laidos ir persikraustymo patarimai\">JK<\/a> ir visoje \u0161alyje, aptarnaujame nuo b2b iki galutini\u0173 vartotoj\u0173.<\/p>\n<p>Visk\u0105, bet kada ir bet kur, galime tai padaryti vos paskambin\u0119.<\/p>\n<p><strong>Papildomos paslaugos:<\/strong><\/p>\n<p>N\u0117ra \u012f s\u0105ra\u0161\u0105 \u012ftraukt\u0173<\/p>\n<p><strong>Adresas:<\/strong> 5 Hedge Cl, Bradford BD8 0AB<\/p>\n<p><a href=\"http:\/\/www.anhsprinters.com\/\" target=\"_new\" rel=\"noopener\">\"A &amp; H SPRINTERS LTD\" svetain\u0117<\/a><\/p>\n<p><strong>Ap\u017evalgos rezultatas: <\/strong>5<br \/> <strong>Atsiliepim\u0173 skai\u010dius:<\/strong> 5<br \/><a href=\"https:\/\/www.google.co.uk\/maps?cid=16732559495961320132&#038;hl=en&#038;gl=GB\" target=\"_new\" rel=\"noopener\">Skaityti atsiliepimus<\/a><\/p>\n<h2><span class=\"ez-toc-section\" id=\"Uniexpress_Limited\"><\/span>\"Uniexpress Limited<span class=\"ez-toc-section-end\"><\/span><\/h2>\n<p><img decoding=\"async\" src=\"https:\/\/moverdb.com\/wp-content\/uploads\/AF1QipOq-OIQ5ff5uOldLm9v98W1tG4Prt8V98ZgmTtzw662-h240-k-no.jpg\" alt='&quot;Uniexpress Limited' class=\"aligncenter\"><\/p>\n<p><strong>Verslo apra\u0161ymas: <\/strong>Nepateikta<\/p>\n<p><strong>Papildomos paslaugos:<\/strong><\/p>\n<p>N\u0117ra \u012f s\u0105ra\u0161\u0105 \u012ftraukt\u0173<\/p>\n<p><strong>Adresas:<\/strong> Navigation Point, 30 North St, Bradford BD1 4EW<\/p>\n<p><a href=\"https:\/\/uniexpress.co.uk\/\" target=\"_new\" rel=\"noopener\">Uniexpress Limited svetain\u0117<\/a><\/p>\n<p><strong>Ap\u017evalgos rezultatas: <\/strong>3.7<br \/> <strong>Atsiliepim\u0173 skai\u010dius:<\/strong> 12<br \/><a href=\"https:\/\/www.google.co.uk\/maps?cid=5416788757439321935&#038;hl=en&#038;gl=GB\" target=\"_new\" rel=\"noopener\">Skaityti atsiliepimus<\/a><\/p>\n<h2><span class=\"ez-toc-section\" id=\"Vantage_Trdaing_Ltd\"><\/span>\"Vantage Trdaing Ltd<span class=\"ez-toc-section-end\"><\/span><\/h2>\n<p><img decoding=\"async\" src=\"https:\/\/moverdb.com\/wp-content\/uploads\/thumbnailpanoidVimcEANIeEE48O1E_Z0xpQcb_clientsearch.gws-prod.gpsw408h240yaw3.jpg\" alt='&quot;Vantage Trdaing Ltd' class=\"aligncenter\"><\/p>\n<p><strong>Verslo apra\u0161ymas: <\/strong>\"Vantage Tarding\", dar \u017einoma kaip \"Vantage Cargo\", yra patikimas tarptautini\u0173 krovini\u0173 ekspedijavimo ir muitin\u0117s formalum\u0173 atlikimo paslaug\u0173 teik\u0117jas.<\/p>\n<p> Padedame eksportuoti ir importuoti prekes, teikiame siuntimo ir muitin\u0117s paslaugas oro, j\u016br\u0173 ir keli\u0173 transportu.<\/p>\n<p><strong>Papildomos paslaugos:<\/strong><\/p>\n<p>Muitin\u0117s konsultantas<\/p>\n<p>Logistikos paslaugos<\/p>\n<p><strong>Adresas:<\/strong> Unit 55, Listerhills Science Park, Campus Rd, Bradford BD7 1HR<\/p>\n<p><a href=\"https:\/\/vantagecargo.com\/\" target=\"_new\" rel=\"noopener\">\"Vantage Trdaing Ltd\" svetain\u0117<\/a><\/p>\n<p><strong>Ap\u017evalgos rezultatas: <\/strong>5<br \/> <strong>Atsiliepim\u0173 skai\u010dius:<\/strong> 1<br \/><a href=\"https:\/\/www.google.co.uk\/maps?cid=8597106068897191230&#038;hl=en&#038;gl=GB\" target=\"_new\" rel=\"noopener\">Skaityti atsiliepimus<\/a><\/p>\n<h2><span class=\"ez-toc-section\" id=\"Transmec_Bradford\"><\/span>Transmec Bradford<span class=\"ez-toc-section-end\"><\/span><\/h2>\n<p><img decoding=\"async\" src=\"https:\/\/moverdb.com\/wp-content\/uploads\/AF1QipPBF2gPenbaUEb_Sh61s4APdtFNolsMP3bExFCZw700-h240-k-no.jpg\" alt='Transmec Bradford' class=\"aligncenter\"><\/p>\n<p><strong>Verslo apra\u0161ymas: <\/strong>Nepateikta<\/p>\n<p><strong>Papildomos paslaugos:<\/strong><\/p>\n<p>Logistikos paslaugos<\/p>\n<p>Pristatymo \u012fmon\u0117<\/p>\n<p>Sunkve\u017eimi\u0173 bendrov\u0117<\/p>\n<p><strong>Adresas:<\/strong> Woodroyd Industrial Estate, Dealburn Rd, Low Moor, Bradford BD12 0RG<\/p>\n<p><a href=\"http:\/\/www.transmecgroup.com\/\" target=\"_new\" rel=\"noopener\">\"Transmec Bradford\" svetain\u0117<\/a><\/p>\n<p><strong>Ap\u017evalgos rezultatas: <\/strong>4.6<br \/> <strong>Atsiliepim\u0173 skai\u010dius:<\/strong> 63<br \/><a href=\"https:\/\/www.google.co.uk\/maps?cid=15368583186989161569&#038;hl=en&#038;gl=GB\" target=\"_new\" rel=\"noopener\">Skaityti atsiliepimus<\/a><\/p>\n<h2><span class=\"ez-toc-section\" id=\"Circle_Express\"><\/span>\"Circle Express<span class=\"ez-toc-section-end\"><\/span><\/h2>\n<p><img decoding=\"async\" src=\"https:\/\/moverdb.com\/wp-content\/uploads\/thumbnailpanoidvlSehEvrEl7hsC1_SDqKywcb_clientsearch.gws-prod.gpsw408h240yaw240.jpg\" alt='&quot;Circle Express' class=\"aligncenter\"><\/p>\n<p><strong>Verslo apra\u0161ymas: <\/strong>Nepateikta<\/p>\n<p><strong>Papildomos paslaugos:<\/strong><\/p>\n<p>Logistika<\/p>\n<p><strong>Adresas:<\/strong> 8 Wharfedale Rd, Euroway Industrial Estate, Bradford BD4 6SG<\/p>\n<p><a href=\"https:\/\/www.circleexpress.co.uk\/\" target=\"_new\" rel=\"noopener\">\"Circle Express\" svetain\u0117<\/a><\/p>\n<p><strong>Ap\u017evalgos rezultatas: <\/strong>2.6<br \/> <strong>Atsiliepim\u0173 skai\u010dius:<\/strong> 5<br \/><a href=\"https:\/\/www.google.co.uk\/maps?cid=11390195525846399046&#038;hl=en&#038;gl=GB\" target=\"_new\" rel=\"noopener\">Skaityti atsiliepimus<\/a><\/p>\n<h2><span class=\"ez-toc-section\" id=\"CMI_Logistics_Ltd\"><\/span>\"CMI Logistics Ltd<span class=\"ez-toc-section-end\"><\/span><\/h2>\n<p><img decoding=\"async\" src=\"https:\/\/moverdb.com\/wp-content\/uploads\/AF1QipN2BTmrtNkRm59mHNRraJcrdIaG2ZqSk6Js9AWew408-h306-k-no.jpg\" alt='&quot;CMI Logistics Ltd' class=\"aligncenter\"><\/p>\n<p><strong>Verslo apra\u0161ymas: <\/strong>Tarptautinis <a href=\"https:\/\/moverdb.com\/lt\/freight-forwarder\/\" data-internallinksmanager029f6b8e52c=\"17\" title=\"Tarptautini\u0173 ekspeditori\u0173 ir NVOCC s\u0105naud\u0173 ir \u012fmoni\u0173 vadovas\">Krovini\u0173 ekspeditorius<\/a><\/p>\n<p><strong>Papildomos paslaugos:<\/strong><\/p>\n<p>Kurjeri\u0173 paslaugos<\/p>\n<p>Muitin\u0117s tarpininkas<\/p>\n<p>Importo eksporto \u012fmon\u0117<\/p>\n<p>Logistikos paslaugos<\/p>\n<p>Pristatymo \u012fmon\u0117<\/p>\n<p>Pristatymo paslauga<\/p>\n<p>Sand\u0117lis<\/p>\n<p><strong>Adresas:<\/strong> Sapphire House, Albion Rd, Greengates, Bradford BD10 9TQ<\/p>\n<p><a href=\"http:\/\/www.cmilogistics.co.uk\/\" target=\"_new\" rel=\"noopener\">\"CMI Logistics Ltd\" svetain\u0117<\/a><\/p>\n<p><strong>Ap\u017evalgos rezultatas: <\/strong>4.2<br \/> <strong>Atsiliepim\u0173 skai\u010dius:<\/strong> 11<br \/><a href=\"https:\/\/www.google.co.uk\/maps?cid=5455479875644729029&#038;hl=en&#038;gl=GB\" target=\"_new\" rel=\"noopener\">Skaityti atsiliepimus<\/a><\/p>\n<h2><span class=\"ez-toc-section\" id=\"MC_Logistics_Ltd\"><\/span>\"MC Logistics Ltd<span class=\"ez-toc-section-end\"><\/span><\/h2>\n<p><img decoding=\"async\" src=\"https:\/\/moverdb.com\/wp-content\/uploads\/AF1QipMCm8X_Y7UGF0mp1-QAdWai80hmi62wH09t-OWfw408-h306-k-no.jpg\" alt='&quot;MC Logistics Ltd' class=\"aligncenter\"><\/p>\n<p><strong>Verslo apra\u0161ymas: <\/strong>Nepateikta<\/p>\n<p><strong>Papildomos paslaugos:<\/strong><\/p>\n<p>Pakavimo rangovai ir paslaugos<\/p>\n<p>Pristatymo \u012fmon\u0117<\/p>\n<p><strong>Adresas:<\/strong> MacLean House, New Works Rd, Low Moor, Bradford BD12 0LZ<\/p>\n<p><a href=\"http:\/\/www.mc3logistics.com\/\" target=\"_new\" rel=\"noopener\">\"MC Logistics Ltd\" svetain\u0117<\/a><\/p>\n<p><strong>Ap\u017evalgos rezultatas: <\/strong>4<br \/> <strong>Atsiliepim\u0173 skai\u010dius:<\/strong> 3<br \/><a href=\"https:\/\/www.google.co.uk\/maps?cid=5476343764991484590&#038;hl=en&#038;gl=GB\" target=\"_new\" rel=\"noopener\">Skaityti atsiliepimus<\/a><\/p>\n<h2><span class=\"ez-toc-section\" id=\"PAK_Asia_Cargo_Services_Ltd\"><\/span>PAK Asia Cargo Services Ltd<span class=\"ez-toc-section-end\"><\/span><\/h2>\n<p><img decoding=\"async\" src=\"https:\/\/moverdb.com\/wp-content\/uploads\/AF1QipMJr3orvg_FkMHKiznDoJJ8VHIXtHIfDw3Fxf4yw426-h240-k-no.jpg\" alt='PAK Asia Cargo Services Ltd' class=\"aligncenter\"><\/p>\n<p><strong>Verslo apra\u0161ymas: <\/strong>krovinys \u012f Pakistan\u0105<\/p>\n<p><strong>Papildomos paslaugos:<\/strong><\/p>\n<p>N\u0117ra \u012f s\u0105ra\u0161\u0105 \u012ftraukt\u0173<\/p>\n<p><strong>Adresas:<\/strong> 74A Lumb Ln, Bradford BD8 8JZ<\/p>\n<p><a href=\"http:\/\/www.pakasiacargoservice.co.uk\/\" target=\"_new\" rel=\"noopener\">\"PAK Asia Cargo Services Ltd\" svetain\u0117<\/a><\/p>\n<p><strong>Ap\u017evalgos rezultatas: <\/strong>4<br \/> <strong>Atsiliepim\u0173 skai\u010dius:<\/strong> 4<br \/><a href=\"https:\/\/www.google.co.uk\/maps?cid=14078454204797251788&#038;hl=en&#038;gl=GB\" target=\"_new\" rel=\"noopener\">Skaityti atsiliepimus<\/a><\/p>\n<h2><span class=\"ez-toc-section\" id=\"Andante_Freight_Ltd\"><\/span>\"Andante Freight Ltd<span class=\"ez-toc-section-end\"><\/span><\/h2>\n<p><img decoding=\"async\" src=\"https:\/\/moverdb.com\/wp-content\/uploads\/thumbnailpanoidCDa-NU-iq_6I0XBrpsKeawcb_clientsearch.gws-prod.gpsw408h240yaw157.jpg\" alt='&quot;Andante Freight Ltd' class=\"aligncenter\"><\/p>\n<p><strong>Verslo apra\u0161ymas: <\/strong>Nepateikta<\/p>\n<p><strong>Papildomos paslaugos:<\/strong><\/p>\n<p>Pristatymo \u012fmon\u0117<\/p>\n<p>Transporto paslaugos<\/p>\n<p><strong>Adresas:<\/strong> 183 Thornton Rd, Bradford BD1 2JD<\/p>\n<p><a href=\"http:\/\/www.andantefreight.com\/\" target=\"_new\" rel=\"noopener\">\"Andante Freight Ltd\" svetain\u0117<\/a><\/p>\n<p><strong>Ap\u017evalgos rezultatas: <\/strong>4.1<br \/> <strong>Atsiliepim\u0173 skai\u010dius:<\/strong> 27<br \/><a href=\"https:\/\/www.google.co.uk\/maps?cid=15644654208551577984&#038;hl=en&#038;gl=GB\" target=\"_new\" rel=\"noopener\">Skaityti atsiliepimus<\/a><\/p>\n<h2><span class=\"ez-toc-section\" id=\"How_we_picked_the_best_Bradford_Freight_Forwarding_Companies\"><\/span>Kaip i\u0161rinkome geriausias Bradfordo krovini\u0173 ekspedijavimo \u012fmones<span class=\"ez-toc-section-end\"><\/span><\/h2>\n<p>Prad\u0117jome nuo 23 Bradfordo krovini\u0173 ekspedijavimo \u012fmoni\u0173, kurias gal\u0117jome rasti naudodamiesi \"Google Maps\", duomen\u0173 rinkinio ir susiaurinome j\u012f iki 11 geriausi\u0173.<\/p>\n<p>Nor\u0117dami tai padaryti, pa\u0161alinome visas \u012fmones, kurios:<\/p>\n<ul>\n<li> Netur\u0117jo interneto svetain\u0117s<\/li>\n<li> Netur\u0117jo joki\u0173 atsiliepim\u0173<\/li>\n<li> Tur\u0117jo vidutin\u012f ap\u017evalgos \u012fvertinim\u0105, ma\u017eesn\u012f nei 2,0 balo<\/li>\n<\/ul>\n<p>\u0160iuo metu, jei tur\u0117jome 17 ar ma\u017eiau ekspeditori\u0173, \u012f s\u0105ra\u0161\u0105 \u012ftrauk\u0117me visus.<\/p>\n<p>Miestuose, kuriuose liko daugiau nei 17 ekspeditori\u0173, atlikome tolesnius pakeitimus: padidinome reikalaujam\u0105 per\u017ei\u016bros bal\u0105 (pvz., nuo ma\u017eiausiai 2,0 iki 4,0) ir (arba) padidinome reikalaujam\u0105 ma\u017eiausi\u0105 per\u017ei\u016br\u0173 skai\u010di\u0173 (pvz., nuo ma\u017eiausiai 1 per\u017ei\u016bros iki ma\u017eiausiai 10).<\/p>\n<p>Atkreipkite d\u0117mes\u012f, kad naudojome tik \"Google\" \u017eem\u0117lapi\u0173, o ne kit\u0173 tre\u010di\u0173j\u0173 \u0161ali\u0173 svetaini\u0173 per\u017ei\u016bros duomenis.<\/p>\n<p>Daugiau miest\u0173:<\/p>\n<p><a href=\"https:\/\/moverdb.com\/lt\/ekspeditorius\/freight-forwarding-uk\/derby-freight-forwarder\/\">Derbio krovini\u0173 ekspeditorius<\/a><br \/><a href=\"https:\/\/moverdb.com\/lt\/ekspeditorius\/freight-forwarding-uk\/southall-freight-forwarder\/\">Southall Krovini\u0173 ekspeditorius<\/a><br \/><a href=\"https:\/\/moverdb.com\/lt\/ekspeditorius\/freight-forwarding-uk\/coventry-freight-forwarder\/\">Koventrio krovini\u0173 ekspeditorius<\/a><br \/><a href=\"https:\/\/moverdb.com\/lt\/ekspeditorius\/freight-forwarding-uk\/west-drayton-freight-forwarder\/\">West Drayton Krovini\u0173 ekspeditorius<\/a><br \/><a href=\"https:\/\/moverdb.com\/lt\/ekspeditorius\/freight-forwarding-uk\/glasgow-freight-forwarder\/\">Glazgo krovini\u0173 ekspeditorius<\/a><\/p>","protected":false},"excerpt":{"rendered":"<p>Below we look at the 11 &#8220;best&#8221; Freight Forwarding companies in Bradford out of 23. To learn more about how we chose the best please consult our FAQ section at the end. Please not the following listings are in no particular order and we are not making any recommendations for any particular company. Rhenus Logistics [&hellip;]<\/p>\n","protected":false},"author":1,"featured_media":0,"parent":13427,"menu_order":0,"comment_status":"open","ping_status":"open","template":"","meta":{"_genesis_hide_title":false,"_genesis_hide_breadcrumbs":false,"_genesis_hide_singular_image":false,"_genesis_hide_footer_widgets":false,"_genesis_custom_body_class":"","_genesis_custom_post_class":"","_genesis_layout":"","footnotes":""},"class_list":{"0":"post-13725","1":"page","2":"type-page","3":"status-publish","5":"entry"},"_links":{"self":[{"href":"https:\/\/moverdb.com\/lt\/wp-json\/wp\/v2\/pages\/13725","targetHints":{"allow":["GET"]}}],"collection":[{"href":"https:\/\/moverdb.com\/lt\/wp-json\/wp\/v2\/pages"}],"about":[{"href":"https:\/\/moverdb.com\/lt\/wp-json\/wp\/v2\/types\/page"}],"author":[{"embeddable":true,"href":"https:\/\/moverdb.com\/lt\/wp-json\/wp\/v2\/users\/1"}],"replies":[{"embeddable":true,"href":"https:\/\/moverdb.com\/lt\/wp-json\/wp\/v2\/comments?post=13725"}],"version-history":[{"count":1,"href":"https:\/\/moverdb.com\/lt\/wp-json\/wp\/v2\/pages\/13725\/revisions"}],"predecessor-version":[{"id":15681,"href":"https:\/\/moverdb.com\/lt\/wp-json\/wp\/v2\/pages\/13725\/revisions\/15681"}],"up":[{"embeddable":true,"href":"https:\/\/moverdb.com\/lt\/wp-json\/wp\/v2\/pages\/13427"}],"wp:attachment":[{"href":"https:\/\/moverdb.com\/lt\/wp-json\/wp\/v2\/media?parent=13725"}],"curies":[{"name":"wp","href":"https:\/\/api.w.org\/{rel}","templated":true}]}}