{"id":13691,"date":"2023-11-08T15:51:25","date_gmt":"2023-11-08T15:51:25","guid":{"rendered":"https:\/\/moverdb.com\/freight-forwarder\/freight-forwarding-uk\/leeds-freight-forwarder\/"},"modified":"2026-01-08T14:55:31","modified_gmt":"2026-01-08T14:55:31","slug":"leeds-freight-forwarder","status":"publish","type":"page","link":"https:\/\/moverdb.com\/lt\/freight-forwarder\/freight-forwarding-uk\/leeds-freight-forwarder\/","title":{"rendered":"11 geriausi\u0173 Lydso krovini\u0173 ekspedijavimo \u012fmoni\u0173 (2023 m.)"},"content":{"rendered":"<p>Toliau ap\u017evelgsime 11 <em>\"geriausias\"<\/em> Krovini\u0173 ekspedijavimo \u012fmon\u0117s <a href=\"\" data-internallinksmanager029f6b8e52c=\"48\" title=\"Lidso\">Lidso<\/a> i\u0161 28.<\/p>\n<p>Nor\u0117dami su\u017einoti daugiau apie tai, kaip atrinkome geriausius, \u017er. pabaigoje esant\u012f DUK skyri\u0173.<\/p>\n<p><em>Atkreipkite d\u0117mes\u012f, kad toliau pateikti s\u0105ra\u0161ai n\u0117ra i\u0161d\u0117styti tam tikra tvarka ir mes nerekomenduojame jokios konkre\u010dios \u012fmon\u0117s.<\/em><\/p>\n<div id=\"ez-toc-container\" class=\"ez-toc-v2_0_82_2 ez-toc-wrap-left counter-hierarchy ez-toc-counter ez-toc-transparent ez-toc-container-direction\">\n<div class=\"ez-toc-title-container\">\n<p class=\"ez-toc-title\" style=\"cursor:inherit\">Skyriai<\/p>\n<span class=\"ez-toc-title-toggle\"><a href=\"#\" class=\"ez-toc-pull-right ez-toc-btn ez-toc-btn-xs ez-toc-btn-default ez-toc-toggle\" aria-label=\"Perjungti turinio lentel\u0119\"><span class=\"ez-toc-js-icon-con\"><span class=\"\"><span class=\"eztoc-hide\" style=\"display:none;\">Perjungti<\/span><span class=\"ez-toc-icon-toggle-span\"><svg style=\"fill: #999;color:#999\" xmlns=\"http:\/\/www.w3.org\/2000\/svg\" class=\"list-377408\" width=\"20px\" height=\"20px\" viewbox=\"0 0 24 24\" fill=\"none\"><path d=\"M6 6H4v2h2V6zm14 0H8v2h12V6zM4 11h2v2H4v-2zm16 0H8v2h12v-2zM4 16h2v2H4v-2zm16 0H8v2h12v-2z\" fill=\"currentColor\"><\/path><\/svg><svg style=\"fill: #999;color:#999\" class=\"arrow-unsorted-368013\" xmlns=\"http:\/\/www.w3.org\/2000\/svg\" width=\"10px\" height=\"10px\" viewbox=\"0 0 24 24\" version=\"1.2\" baseprofile=\"tiny\"><path d=\"M18.2 9.3l-6.2-6.3-6.2 6.3c-.2.2-.3.4-.3.7s.1.5.3.7c.2.2.4.3.7.3h11c.3 0 .5-.1.7-.3.2-.2.3-.5.3-.7s-.1-.5-.3-.7zM5.8 14.7l6.2 6.3 6.2-6.3c.2-.2.3-.5.3-.7s-.1-.5-.3-.7c-.2-.2-.4-.3-.7-.3h-11c-.3 0-.5.1-.7.3-.2.2-.3.5-.3.7s.1.5.3.7z\"\/><\/svg><\/span><\/span><\/span><\/a><\/span><\/div>\n<nav><ul class='ez-toc-list ez-toc-list-level-1 eztoc-toggle-hide-by-default' ><li class='ez-toc-page-1 ez-toc-heading-level-2'><a class=\"ez-toc-link ez-toc-heading-1\" href=\"https:\/\/moverdb.com\/lt\/freight-forwarder\/freight-forwarding-uk\/leeds-freight-forwarder\/#Stagefreight_Ltd\" >\"Stagefreight Ltd<\/a><\/li><li class='ez-toc-page-1 ez-toc-heading-level-2'><a class=\"ez-toc-link ez-toc-heading-2\" href=\"https:\/\/moverdb.com\/lt\/freight-forwarder\/freight-forwarding-uk\/leeds-freight-forwarder\/#Noahs_Ark_to_Southern_Africa\" >Nojaus arka \u012f Piet\u0173 Afrik\u0105<\/a><\/li><li class='ez-toc-page-1 ez-toc-heading-level-2'><a class=\"ez-toc-link ez-toc-heading-3\" href=\"https:\/\/moverdb.com\/lt\/freight-forwarder\/freight-forwarding-uk\/leeds-freight-forwarder\/#Tudor_International_Freight_Limited\" >\"Tudor International Freight Limited<\/a><\/li><li class='ez-toc-page-1 ez-toc-heading-level-2'><a class=\"ez-toc-link ez-toc-heading-4\" href=\"https:\/\/moverdb.com\/lt\/freight-forwarder\/freight-forwarding-uk\/leeds-freight-forwarder\/#Kuehne_Nagel_Ltd\" >\"Kuehne &amp; Nagel Ltd<\/a><\/li><li class='ez-toc-page-1 ez-toc-heading-level-2'><a class=\"ez-toc-link ez-toc-heading-5\" href=\"https:\/\/moverdb.com\/lt\/freight-forwarder\/freight-forwarding-uk\/leeds-freight-forwarder\/#Quality_Freight_Services_Ltd\" >\"Quality Freight Services Ltd<\/a><\/li><li class='ez-toc-page-1 ez-toc-heading-level-2'><a class=\"ez-toc-link ez-toc-heading-6\" href=\"https:\/\/moverdb.com\/lt\/freight-forwarder\/freight-forwarding-uk\/leeds-freight-forwarder\/#Fusion_Freight_Ltd\" >\"Fusion Freight Ltd<\/a><\/li><li class='ez-toc-page-1 ez-toc-heading-level-2'><a class=\"ez-toc-link ez-toc-heading-7\" href=\"https:\/\/moverdb.com\/lt\/freight-forwarder\/freight-forwarding-uk\/leeds-freight-forwarder\/#Carry_Cargo_International_Freight_Forwarders\" >\"Carry Cargo\" tarptautiniai krovini\u0173 ekspeditoriai<\/a><\/li><li class='ez-toc-page-1 ez-toc-heading-level-2'><a class=\"ez-toc-link ez-toc-heading-8\" href=\"https:\/\/moverdb.com\/lt\/freight-forwarder\/freight-forwarding-uk\/leeds-freight-forwarder\/#Global_Freight_Managment\" >Pasaulinis krovini\u0173 valdymas<\/a><\/li><li class='ez-toc-page-1 ez-toc-heading-level-2'><a class=\"ez-toc-link ez-toc-heading-9\" href=\"https:\/\/moverdb.com\/lt\/freight-forwarder\/freight-forwarding-uk\/leeds-freight-forwarder\/#NF_Global_Logistics_Ltd\" >NF Global Logistics Ltd<\/a><\/li><li class='ez-toc-page-1 ez-toc-heading-level-2'><a class=\"ez-toc-link ez-toc-heading-10\" href=\"https:\/\/moverdb.com\/lt\/freight-forwarder\/freight-forwarding-uk\/leeds-freight-forwarder\/#Viamaster_International_Limited\" >\"Viamaster International Limited<\/a><\/li><li class='ez-toc-page-1 ez-toc-heading-level-2'><a class=\"ez-toc-link ez-toc-heading-11\" href=\"https:\/\/moverdb.com\/lt\/freight-forwarder\/freight-forwarding-uk\/leeds-freight-forwarder\/#Trafertir_Group\" >\"Trafertir Group<\/a><\/li><li class='ez-toc-page-1 ez-toc-heading-level-2'><a class=\"ez-toc-link ez-toc-heading-12\" href=\"https:\/\/moverdb.com\/lt\/freight-forwarder\/freight-forwarding-uk\/leeds-freight-forwarder\/#How_we_picked_the_best_Leeds_Freight_Forwarding_Companies\" >Kaip i\u0161rinkome geriausias Lydso krovini\u0173 ekspedijavimo \u012fmones<\/a><\/li><\/ul><\/nav><\/div>\n<h2><span class=\"ez-toc-section\" id=\"Stagefreight_Ltd\"><\/span>\"Stagefreight Ltd<span class=\"ez-toc-section-end\"><\/span><\/h2>\n<p><img decoding=\"async\" src=\"https:\/\/moverdb.com\/wp-content\/uploads\/thumbnailpanoidsJktWw5RLAFUCA7lS3M8gQcb_clientsearch.gws-prod.gpsw408h240yaw224.jpg\" alt='&quot;Stagefreight Ltd' class=\"aligncenter\"><\/p>\n<p><strong>Verslo apra\u0161ymas: <\/strong>Nepateikta<\/p>\n<p><strong>Papildomos paslaugos:<\/strong><\/p>\n<p>N\u0117ra \u012f s\u0105ra\u0161\u0105 \u012ftraukt\u0173<\/p>\n<p><strong>Adresas:<\/strong> 8 Evanston Ave, Burley, Leeds LS4 2HR<\/p>\n<p><a href=\"http:\/\/www.stagefreight.com\/\" target=\"_new\" rel=\"noopener\">\"Stagefreight Ltd\" svetain\u0117<\/a><\/p>\n<p><strong>Ap\u017evalgos rezultatas: <\/strong>4.7<br \/> <strong>Atsiliepim\u0173 skai\u010dius:<\/strong> 27<br \/><a href=\"https:\/\/www.google.co.uk\/maps?cid=9757600350515855313&#038;hl=en&#038;gl=GB\" target=\"_new\" rel=\"noopener\">Skaityti atsiliepimus<\/a><\/p>\n<h2><span class=\"ez-toc-section\" id=\"Noahs_Ark_to_Southern_Africa\"><\/span>Nojaus arka \u012f Piet\u0173 Afrik\u0105<span class=\"ez-toc-section-end\"><\/span><\/h2>\n<p><img decoding=\"async\" src=\"https:\/\/moverdb.com\/wp-content\/uploads\/AF1QipMvthLpRPbuH16UhBntAk7oZDa1ogf8hWs_8nhPw408-h306-k-no.jpg\" alt='Nojus's ark to southern africa\" class=\"aligncenter\"><\/p>\n<p><strong>Verslo apra\u0161ymas: <\/strong>Nepateikta<\/p>\n<p><strong>Papildomos paslaugos:<\/strong><\/p>\n<p>N\u0117ra \u012f s\u0105ra\u0161\u0105 \u012ftraukt\u0173<\/p>\n<p><strong>Adresas:<\/strong> 72 Nowell Mount, Harehills, Leeds LS9 6JH<\/p>\n<p><a href=\"https:\/\/noahsarktosouthernafrica.com\/\" target=\"_new\" rel=\"noopener\">\"Nojaus arkos\" \u012f Piet\u0173 Afrik\u0105 svetain\u0117<\/a><\/p>\n<p><strong>Ap\u017evalgos rezultatas: <\/strong>5<br \/> <strong>Atsiliepim\u0173 skai\u010dius:<\/strong> 1<br \/><a href=\"https:\/\/www.google.co.uk\/maps?cid=16036025965323173007&#038;hl=en&#038;gl=GB\" target=\"_new\" rel=\"noopener\">Skaityti atsiliepimus<\/a><\/p>\n<h2><span class=\"ez-toc-section\" id=\"Tudor_International_Freight_Limited\"><\/span>\"Tudor International Freight Limited<span class=\"ez-toc-section-end\"><\/span><\/h2>\n<p><img decoding=\"async\" src=\"https:\/\/moverdb.com\/wp-content\/uploads\/AF1QipMREhEK80k6eJRKoCmQbGise92eKOEQmH6Eb_Ghw408-h272-k-no.jpg\" alt='&quot;Tudor International Freight Limited' class=\"aligncenter\"><\/p>\n<p><strong>Verslo apra\u0161ymas: <\/strong>\"Tudor International Freight\" yra \u0161eimai priklausanti nepriklausoma <a href=\"https:\/\/moverdb.com\/lt\/freight-forwarder\/\" data-internallinksmanager029f6b8e52c=\"17\" title=\"Tarptautini\u0173 ekspeditori\u0173 ir NVOCC s\u0105naud\u0173 ir \u012fmoni\u0173 vadovas\">ekspeditorius<\/a> AEO status\u0105, tarptautiniu mastu pripa\u017eint\u0105 aitvar\u0173 \u017eenkl\u0105.<\/p>\n<p> Teikiame individualias paslaugas \u012fmon\u0117ms ir privatiems asmenims, kuriems reikalingas tarptautinis krovini\u0173 gabenimas.<\/p>\n<p>M\u016bs\u0173 dinami\u0161ka ir entuziastinga komanda turi 30 met\u0173 patirt\u012f gabenant vertingus krovinius visame pasaulyje, nesvarbu, ar tai b\u016bt\u0173 specializuota \u012franga, pavojingi kroviniai, negabaritiniai kroviniai, perteklinis baga\u017eas ar vertingi asmeniniai daiktai.<\/p>\n<p> Galime greitai, saugiai ir patikimai gabenti bet kokio dyd\u017eio krovinius \u012f bet kuri\u0105 pasaulio viet\u0105.<\/p>\n<p>Esame suk\u016br\u0119 pasaulin\u012f krovini\u0173 gabenimo kontakt\u0173 tinkl\u0105, kuris leid\u017eia <a href=\"https:\/\/moverdb.com\/lt\/moving-to-the-united-states\/\" data-internallinksmanager029f6b8e52c=\"94\" title=\"Persik\u0117limas \u012f Jungtines Amerikos Valstijas? 2022 Gyvenimo i\u0161laidos ir persik\u0117limo patarimai\">mus<\/a> pasi\u016blyti jums tikrai asmenin\u0119 patirt\u012f.<\/p>\n<p> Vis\u0105 laik\u0105 dirbsite su tuo pa\u010diu komandos nariu, kuris teiks paprastas ir patikimas paslaugas.<\/p>\n<p><strong>Papildomos paslaugos:<\/strong><\/p>\n<p>Logistikos paslaugos<\/p>\n<p>Pristatymo paslauga<\/p>\n<p><strong>Adresas:<\/strong> Low Hall, Business Park, Low Hall Rd, Horsforth, Leeds LS18 4EF<\/p>\n<p><a href=\"http:\/\/www.tudorfreight.com\/\" target=\"_new\" rel=\"noopener\">\"Tudor International Freight Limited\" svetain\u0117<\/a><\/p>\n<p><strong>Ap\u017evalgos rezultatas: <\/strong>4.4<br \/> <strong>Atsiliepim\u0173 skai\u010dius:<\/strong> 44<br \/><a href=\"https:\/\/www.google.co.uk\/maps?cid=8487732839538556092&#038;hl=en&#038;gl=GB\" target=\"_new\" rel=\"noopener\">Skaityti atsiliepimus<\/a><\/p>\n<h2><span class=\"ez-toc-section\" id=\"Kuehne_Nagel_Ltd\"><\/span>\"Kuehne &amp; Nagel Ltd<span class=\"ez-toc-section-end\"><\/span><\/h2>\n<p><img decoding=\"async\" src=\"https:\/\/moverdb.com\/wp-content\/uploads\/AF1QipP0zPGPwk7_marPNKRstoWkUfYjwaclwZGsPf4Lw408-h726-k-no.jpg\" alt='&quot;Kuehne &amp; Nagel Ltd' class=\"aligncenter\"><\/p>\n<p><strong>Verslo apra\u0161ymas: <\/strong>Nepateikta<\/p>\n<p><strong>Papildomos paslaugos:<\/strong><\/p>\n<p>N\u0117ra \u012f s\u0105ra\u0161\u0105 \u012ftraukt\u0173<\/p>\n<p><strong>Adresas:<\/strong> 1, Colton Mill, Bullerthorpe Ln, Colton, Leeds LS15 9JN<\/p>\n<p><a href=\"https:\/\/uk.kuehne-nagel.com\/\" target=\"_new\" rel=\"noopener\">\"Kuehne &amp; Nagel Ltd\" svetain\u0117<\/a><\/p>\n<p><strong>Ap\u017evalgos rezultatas: <\/strong>5<br \/> <strong>Atsiliepim\u0173 skai\u010dius:<\/strong> 4<br \/><a href=\"https:\/\/www.google.co.uk\/maps?cid=3787922263189969010&#038;hl=en&#038;gl=GB\" target=\"_new\" rel=\"noopener\">Skaityti atsiliepimus<\/a><\/p>\n<h2><span class=\"ez-toc-section\" id=\"Quality_Freight_Services_Ltd\"><\/span>\"Quality Freight Services Ltd<span class=\"ez-toc-section-end\"><\/span><\/h2>\n<p><img decoding=\"async\" src=\"https:\/\/moverdb.com\/wp-content\/uploads\/thumbnailpanoidBof9WTiHN4fkDqkDKk1hZwcb_clientsearch.gws-prod.gpsw408h240yaw334.jpg\" alt='&quot;Quality Freight Services Ltd' class=\"aligncenter\"><\/p>\n<p><strong>Verslo apra\u0161ymas: <\/strong>Nepateikta<\/p>\n<p><strong>Papildomos paslaugos:<\/strong><\/p>\n<p>N\u0117ra \u012f s\u0105ra\u0161\u0105 \u012ftraukt\u0173<\/p>\n<p><strong>Adresas:<\/strong> Suite E, Priestley House, 170 Elland Rd, Beeston, Leeds LS11 8BU<\/p>\n<p><a href=\"http:\/\/www.qualityfreight.co.uk\/\" target=\"_new\" rel=\"noopener\">\"Quality Freight Services Ltd\" svetain\u0117<\/a><\/p>\n<p><strong>Ap\u017evalgos rezultatas: <\/strong>5<br \/> <strong>Atsiliepim\u0173 skai\u010dius:<\/strong> 2<br \/><a href=\"https:\/\/www.google.co.uk\/maps?cid=8608667554999515229&#038;hl=en&#038;gl=GB\" target=\"_new\" rel=\"noopener\">Skaityti atsiliepimus<\/a><\/p>\n<h2><span class=\"ez-toc-section\" id=\"Fusion_Freight_Ltd\"><\/span>\"Fusion Freight Ltd<span class=\"ez-toc-section-end\"><\/span><\/h2>\n<p><img decoding=\"async\" src=\"https:\/\/moverdb.com\/wp-content\/uploads\/AF1QipPDMcV52CQ0kWzpt4GgAJSOLEn8NrVjmocyG5zmw408-h725-k-no.jpg\" alt='&quot;Fusion Freight Ltd' class=\"aligncenter\"><\/p>\n<p><strong>Verslo apra\u0161ymas: <\/strong>Nepateikta<\/p>\n<p><strong>Papildomos paslaugos:<\/strong><\/p>\n<p>N\u0117ra \u012f s\u0105ra\u0161\u0105 \u012ftraukt\u0173<\/p>\n<p><strong>Adresas:<\/strong> Unit 3, Kingsmark Court, Intercity Way, Leeds LS13 4PN<\/p>\n<p><a href=\"http:\/\/www.fusionfreight.com\/\" target=\"_new\" rel=\"noopener\">\"Fusion Freight Ltd\" svetain\u0117<\/a><\/p>\n<p><strong>Ap\u017evalgos rezultatas: <\/strong>4.5<br \/> <strong>Atsiliepim\u0173 skai\u010dius:<\/strong> 17<br \/><a href=\"https:\/\/www.google.co.uk\/maps?cid=15920323368237844885&#038;hl=en&#038;gl=GB\" target=\"_new\" rel=\"noopener\">Skaityti atsiliepimus<\/a><\/p>\n<h2><span class=\"ez-toc-section\" id=\"Carry_Cargo_International_Freight_Forwarders\"><\/span>\"Carry Cargo\" tarptautiniai krovini\u0173 ekspeditoriai<span class=\"ez-toc-section-end\"><\/span><\/h2>\n<p><img decoding=\"async\" src=\"https:\/\/moverdb.com\/wp-content\/uploads\/thumbnailpanoideABAuGLLncylD8Ubd7Rk2Qcb_clientsearch.gws-prod.gpsw408h240yaw122.jpg\" alt='&quot;Carry Cargo&quot; tarptautiniai krovini\u0173 ekspeditoriai' class=\"aligncenter\"><\/p>\n<p><strong>Verslo apra\u0161ymas: <\/strong>M\u016bs\u0173 misija - siekti, kad meistri\u0161kumas b\u016bt\u0173 standartas, o \u017einios ir ambicijos leist\u0173 pasiekti s\u0117km\u0119.<\/p>\n<p>Esame pasiry\u017e\u0119 pasi\u016blyti geriausi\u0105 sprendim\u0105, kaip saugiai, patikimai, laiku ir nevir\u0161ijant biud\u017eeto perve\u017eti j\u016bs\u0173 krovin\u012f i\u0161 kilm\u0117s vietos \u012f paskirties viet\u0105.<\/p>\n<p>\"Carry Cargo\" supranta, kad j\u016bs\u0173 krovinio vert\u0117 jums svarbi ne tik pinigais, bet ir laiku, emocijomis ir pasekm\u0117mis.<\/p>\n<p> Mes jus informuojame nuo pasi\u016blymo pateikimo iki pristatymo etapo, stebime j\u016bs\u0173 krovin\u012f naudodami naujausias technologijas, kad b\u016btum\u0117te visi\u0161kai ram\u016bs.<\/p>\n<p><strong>Papildomos paslaugos:<\/strong><\/p>\n<p>Logistikos paslaugos<\/p>\n<p>Pristatymo paslauga<\/p>\n<p><strong>Adresas:<\/strong> Ricketts House, Stourton Business Park, Wakefield Rd, Leeds LS10 1DS<\/p>\n<p><a href=\"https:\/\/www.carrycargo.com\/\" target=\"_new\" rel=\"noopener\">Tarptautini\u0173 krovini\u0173 ekspeditori\u0173 \"Carry Cargo\" svetain\u0117<\/a><\/p>\n<p><strong>Ap\u017evalgos rezultatas: <\/strong>4.6<br \/> <strong>Atsiliepim\u0173 skai\u010dius:<\/strong> 10<br \/><a href=\"https:\/\/www.google.co.uk\/maps?cid=18213844545272113774&#038;hl=en&#038;gl=GB\" target=\"_new\" rel=\"noopener\">Skaityti atsiliepimus<\/a><\/p>\n<h2><span class=\"ez-toc-section\" id=\"Global_Freight_Managment\"><\/span>Pasaulinis krovini\u0173 valdymas<span class=\"ez-toc-section-end\"><\/span><\/h2>\n<p><img decoding=\"async\" src=\"https:\/\/moverdb.com\/wp-content\/uploads\/AF1QipPkyTG4iVgIl4OSeFHzId74vxXlYbQcBnkU_Jg-w427-h240-k-no.png\" alt='Pasaulinis krovini\u0173 valdymas' class=\"aligncenter\"><\/p>\n<p><strong>Verslo apra\u0161ymas: <\/strong>pasaulyje pirmaujanti logistikos ir krovini\u0173 ekspedijavimo organizacija<\/p>\n<p><strong>Papildomos paslaugos:<\/strong><\/p>\n<p>N\u0117ra \u012f s\u0105ra\u0161\u0105 \u012ftraukt\u0173<\/p>\n<p><strong>Adresas:<\/strong> High St, Yeadon, Leeds LS19 7PP<\/p>\n<p><a href=\"http:\/\/www.gfmonline.co.uk\/\" target=\"_new\" rel=\"noopener\">\"Global Freight Managment\" svetain\u0117<\/a><\/p>\n<p><strong>Ap\u017evalgos rezultatas: <\/strong>2.3<br \/> <strong>Atsiliepim\u0173 skai\u010dius:<\/strong> 6<br \/><a href=\"https:\/\/www.google.co.uk\/maps?cid=656515835401224958&#038;hl=en&#038;gl=GB\" target=\"_new\" rel=\"noopener\">Skaityti atsiliepimus<\/a><\/p>\n<h2><span class=\"ez-toc-section\" id=\"NF_Global_Logistics_Ltd\"><\/span>NF Global Logistics Ltd<span class=\"ez-toc-section-end\"><\/span><\/h2>\n<p><img decoding=\"async\" src=\"https:\/\/moverdb.com\/wp-content\/uploads\/AF1QipOAcyJQVzFwLxPJmR6iWwjyM1ma2yGwCyCe5ioTw408-h544-k-no.jpg\" alt='NF Global Logistics Ltd' class=\"aligncenter\"><\/p>\n<p><strong>Verslo apra\u0161ymas: <\/strong>Krovini\u0173 ekspedijavimo paslaugos<\/p>\n<p><strong>Papildomos paslaugos:<\/strong><\/p>\n<p>Sand\u0117lis<\/p>\n<p><strong>Adresas:<\/strong> Hawthorne court, 7, Howley Park Rd, Morley LS27 0FD<\/p>\n<p><a href=\"http:\/\/www.nfglobal.co.uk\/\" target=\"_new\" rel=\"noopener\">\"NF Global Logistics Ltd\" svetain\u0117<\/a><\/p>\n<p><strong>Ap\u017evalgos rezultatas: <\/strong>4.9<br \/> <strong>Atsiliepim\u0173 skai\u010dius:<\/strong> 7<br \/><a href=\"https:\/\/www.google.co.uk\/maps?cid=9198514970112206911&#038;hl=en&#038;gl=GB\" target=\"_new\" rel=\"noopener\">Skaityti atsiliepimus<\/a><\/p>\n<h2><span class=\"ez-toc-section\" id=\"Viamaster_International_Limited\"><\/span>\"Viamaster International Limited<span class=\"ez-toc-section-end\"><\/span><\/h2>\n<p><img decoding=\"async\" src=\"https:\/\/moverdb.com\/wp-content\/uploads\/AF1QipPV1p95eNeHZw3qrswKb6XlZYsUHa_zWFSTY-SJw408-h272-k-no.jpg\" alt='&quot;Viamaster International Limited' class=\"aligncenter\"><\/p>\n<p><strong>Verslo apra\u0161ymas: <\/strong>Lanks\u010dios, draugi\u0161kos ir patikimos tarptautinio krovini\u0173 gabenimo ir logistikos paslaugos.<\/p>\n<p> Visapusi\u0161kas ir ekonomi\u0161kas ve\u017eimas keliais, j\u016bra ir oru, kuriuo visada galite pasitik\u0117ti.<\/p>\n<p><strong>Papildomos paslaugos:<\/strong><\/p>\n<p>Logistikos paslaugos<\/p>\n<p><strong>Adresas:<\/strong> Unit 10, 27 Industrial Estate, Bruntcliffe Ave, Morley, Leeds LS27 0LL<\/p>\n<p><a href=\"http:\/\/www.viamaster-intl.com\/\" target=\"_new\" rel=\"noopener\">\"Viamaster International Limited\" svetain\u0117<\/a><\/p>\n<p><strong>Ap\u017evalgos rezultatas: <\/strong>4.4<br \/> <strong>Atsiliepim\u0173 skai\u010dius:<\/strong> 74<br \/><a href=\"https:\/\/www.google.co.uk\/maps?cid=18239256683452347988&#038;hl=en&#038;gl=GB\" target=\"_new\" rel=\"noopener\">Skaityti atsiliepimus<\/a><\/p>\n<h2><span class=\"ez-toc-section\" id=\"Trafertir_Group\"><\/span>\"Trafertir Group<span class=\"ez-toc-section-end\"><\/span><\/h2>\n<p><img decoding=\"async\" src=\"https:\/\/moverdb.com\/wp-content\/uploads\/AF1QipOtPY6q4N7snJ6vm-KJ7gdS1xe8UbTP4Q7SC-Qxw408-h306-k-no.jpg\" alt='&quot;Trafertir Group' class=\"aligncenter\"><\/p>\n<p><strong>Verslo apra\u0161ymas: <\/strong>Nepateikta<\/p>\n<p><strong>Papildomos paslaugos:<\/strong><\/p>\n<p>Pristatymo \u012fmon\u0117<\/p>\n<p><strong>Adresas:<\/strong> Unit 4, Towngate Business Centre, Cross Green Vale, Leeds LS9 0SJ<\/p>\n<p><a href=\"http:\/\/www.trafertir.com\/\" target=\"_new\" rel=\"noopener\">\"Trafertir Group\" svetain\u0117<\/a><\/p>\n<p><strong>Ap\u017evalgos rezultatas: <\/strong>4.5<br \/> <strong>Atsiliepim\u0173 skai\u010dius:<\/strong> 6<br \/><a href=\"https:\/\/www.google.co.uk\/maps?cid=9097938560071127250&#038;hl=en&#038;gl=GB\" target=\"_new\" rel=\"noopener\">Skaityti atsiliepimus<\/a><\/p>\n<h2><span class=\"ez-toc-section\" id=\"How_we_picked_the_best_Leeds_Freight_Forwarding_Companies\"><\/span>Kaip i\u0161rinkome geriausias Lydso krovini\u0173 ekspedijavimo \u012fmones<span class=\"ez-toc-section-end\"><\/span><\/h2>\n<p>Prad\u0117jome nuo 28 Lydso krovini\u0173 ekspedijavimo \u012fmoni\u0173, kurias gal\u0117jome rasti naudodamiesi \"Google Maps\", duomen\u0173 rinkinio ir susiaurinome j\u012f iki 11 geriausi\u0173.<\/p>\n<p>Nor\u0117dami tai padaryti, pa\u0161alinome visas \u012fmones, kurios:<\/p>\n<ul>\n<li> Netur\u0117jo interneto svetain\u0117s<\/li>\n<li> Netur\u0117jo joki\u0173 atsiliepim\u0173<\/li>\n<li> Tur\u0117jo vidutin\u012f ap\u017evalgos \u012fvertinim\u0105, ma\u017eesn\u012f nei 2,0 balo<\/li>\n<\/ul>\n<p>\u0160iuo metu, jei tur\u0117jome 17 ar ma\u017eiau ekspeditori\u0173, \u012f s\u0105ra\u0161\u0105 \u012ftrauk\u0117me visus.<\/p>\n<p>Miestuose, kuriuose liko daugiau nei 17 ekspeditori\u0173, atlikome tolesnius pakeitimus: padidinome reikalaujam\u0105 per\u017ei\u016bros bal\u0105 (pvz., nuo ma\u017eiausiai 2,0 iki 4,0) ir (arba) padidinome reikalaujam\u0105 ma\u017eiausi\u0105 per\u017ei\u016br\u0173 skai\u010di\u0173 (pvz., nuo ma\u017eiausiai 1 per\u017ei\u016bros iki ma\u017eiausiai 10).<\/p>\n<p>Atkreipkite d\u0117mes\u012f, kad naudojome tik \"Google\" \u017eem\u0117lapi\u0173, o ne kit\u0173 tre\u010di\u0173j\u0173 \u0161ali\u0173 svetaini\u0173 per\u017ei\u016bros duomenis.<\/p>\n<p>Daugiau miest\u0173:<\/p>\n<p><a href=\"https:\/\/moverdb.com\/lt\/ekspeditorius\/freight-forwarding-uk\/belfast-freight-forwarder\/\">Belfasto krovini\u0173 ekspeditorius<\/a><br \/><a href=\"https:\/\/moverdb.com\/lt\/ekspeditorius\/freight-forwarding-uk\/hayes-freight-forwarder\/\">\"Hayes\" krovini\u0173 ekspeditorius<\/a><br \/><a href=\"https:\/\/moverdb.com\/lt\/ekspeditorius\/freight-forwarding-uk\/bradford-freight-forwarder\/\">Bradfordo krovini\u0173 ekspeditorius<\/a><br \/><a href=\"https:\/\/moverdb.com\/lt\/ekspeditorius\/freight-forwarding-uk\/derby-freight-forwarder\/\">Derbio krovini\u0173 ekspeditorius<\/a><br \/><a href=\"https:\/\/moverdb.com\/lt\/ekspeditorius\/freight-forwarding-uk\/southall-freight-forwarder\/\">Southall Krovini\u0173 ekspeditorius<\/a><\/p>","protected":false},"excerpt":{"rendered":"<p>Below we look at the 11 &#8220;best&#8221; Freight Forwarding companies in Leeds out of 28. To learn more about how we chose the best please consult our FAQ section at the end. Please not the following listings are in no particular order and we are not making any recommendations for any particular company. Stagefreight Ltd [&hellip;]<\/p>\n","protected":false},"author":1,"featured_media":0,"parent":13427,"menu_order":0,"comment_status":"open","ping_status":"open","template":"","meta":{"_genesis_hide_title":false,"_genesis_hide_breadcrumbs":false,"_genesis_hide_singular_image":false,"_genesis_hide_footer_widgets":false,"_genesis_custom_body_class":"","_genesis_custom_post_class":"","_genesis_layout":"","footnotes":""},"class_list":{"0":"post-13691","1":"page","2":"type-page","3":"status-publish","5":"entry"},"_links":{"self":[{"href":"https:\/\/moverdb.com\/lt\/wp-json\/wp\/v2\/pages\/13691","targetHints":{"allow":["GET"]}}],"collection":[{"href":"https:\/\/moverdb.com\/lt\/wp-json\/wp\/v2\/pages"}],"about":[{"href":"https:\/\/moverdb.com\/lt\/wp-json\/wp\/v2\/types\/page"}],"author":[{"embeddable":true,"href":"https:\/\/moverdb.com\/lt\/wp-json\/wp\/v2\/users\/1"}],"replies":[{"embeddable":true,"href":"https:\/\/moverdb.com\/lt\/wp-json\/wp\/v2\/comments?post=13691"}],"version-history":[{"count":1,"href":"https:\/\/moverdb.com\/lt\/wp-json\/wp\/v2\/pages\/13691\/revisions"}],"predecessor-version":[{"id":15684,"href":"https:\/\/moverdb.com\/lt\/wp-json\/wp\/v2\/pages\/13691\/revisions\/15684"}],"up":[{"embeddable":true,"href":"https:\/\/moverdb.com\/lt\/wp-json\/wp\/v2\/pages\/13427"}],"wp:attachment":[{"href":"https:\/\/moverdb.com\/lt\/wp-json\/wp\/v2\/media?parent=13691"}],"curies":[{"name":"wp","href":"https:\/\/api.w.org\/{rel}","templated":true}]}}