{"id":13679,"date":"2023-11-08T15:51:25","date_gmt":"2023-11-08T15:51:25","guid":{"rendered":"https:\/\/moverdb.com\/freight-forwarder\/freight-forwarding-uk\/egham-freight-forwarder\/"},"modified":"2026-01-08T14:55:28","modified_gmt":"2026-01-08T14:55:28","slug":"egham-freight-forwarder","status":"publish","type":"page","link":"https:\/\/moverdb.com\/lt\/freight-forwarder\/freight-forwarding-uk\/egham-freight-forwarder\/","title":{"rendered":"11 geriausi\u0173 Eghamo krovini\u0173 ekspedijavimo \u012fmoni\u0173 (2024)"},"content":{"rendered":"<p>Toliau ap\u017evelgsime 11 <em>\"geriausias\"<\/em> Krovini\u0173 ekspedijavimo \u012fmon\u0117s Eghame i\u0161 17.<\/p>\n<p>Nor\u0117dami su\u017einoti daugiau apie tai, kaip atrinkome geriausius, \u017er. pabaigoje esant\u012f DUK skyri\u0173.<\/p>\n<p><em>Atkreipkite d\u0117mes\u012f, kad toliau pateikti s\u0105ra\u0161ai n\u0117ra i\u0161d\u0117styti tam tikra tvarka ir mes nerekomenduojame jokios konkre\u010dios \u012fmon\u0117s.<\/em><\/p>\n<div id=\"ez-toc-container\" class=\"ez-toc-v2_0_82_2 ez-toc-wrap-left counter-hierarchy ez-toc-counter ez-toc-transparent ez-toc-container-direction\">\n<div class=\"ez-toc-title-container\">\n<p class=\"ez-toc-title\" style=\"cursor:inherit\">Skyriai<\/p>\n<span class=\"ez-toc-title-toggle\"><a href=\"#\" class=\"ez-toc-pull-right ez-toc-btn ez-toc-btn-xs ez-toc-btn-default ez-toc-toggle\" aria-label=\"Perjungti turinio lentel\u0119\"><span class=\"ez-toc-js-icon-con\"><span class=\"\"><span class=\"eztoc-hide\" style=\"display:none;\">Perjungti<\/span><span class=\"ez-toc-icon-toggle-span\"><svg style=\"fill: #999;color:#999\" xmlns=\"http:\/\/www.w3.org\/2000\/svg\" class=\"list-377408\" width=\"20px\" height=\"20px\" viewbox=\"0 0 24 24\" fill=\"none\"><path d=\"M6 6H4v2h2V6zm14 0H8v2h12V6zM4 11h2v2H4v-2zm16 0H8v2h12v-2zM4 16h2v2H4v-2zm16 0H8v2h12v-2z\" fill=\"currentColor\"><\/path><\/svg><svg style=\"fill: #999;color:#999\" class=\"arrow-unsorted-368013\" xmlns=\"http:\/\/www.w3.org\/2000\/svg\" width=\"10px\" height=\"10px\" viewbox=\"0 0 24 24\" version=\"1.2\" baseprofile=\"tiny\"><path d=\"M18.2 9.3l-6.2-6.3-6.2 6.3c-.2.2-.3.4-.3.7s.1.5.3.7c.2.2.4.3.7.3h11c.3 0 .5-.1.7-.3.2-.2.3-.5.3-.7s-.1-.5-.3-.7zM5.8 14.7l6.2 6.3 6.2-6.3c.2-.2.3-.5.3-.7s-.1-.5-.3-.7c-.2-.2-.4-.3-.7-.3h-11c-.3 0-.5.1-.7.3-.2.2-.3.5-.3.7s.1.5.3.7z\"\/><\/svg><\/span><\/span><\/span><\/a><\/span><\/div>\n<nav><ul class='ez-toc-list ez-toc-list-level-1 eztoc-toggle-hide-by-default' ><li class='ez-toc-page-1 ez-toc-heading-level-2'><a class=\"ez-toc-link ez-toc-heading-1\" href=\"https:\/\/moverdb.com\/lt\/freight-forwarder\/freight-forwarding-uk\/egham-freight-forwarder\/#MIQ_Logistics\" >MIQ Logistics<\/a><\/li><li class='ez-toc-page-1 ez-toc-heading-level-2'><a class=\"ez-toc-link ez-toc-heading-2\" href=\"https:\/\/moverdb.com\/lt\/freight-forwarder\/freight-forwarding-uk\/egham-freight-forwarder\/#Yes_2_Ship_Ltd\" >Taip 2 Ship Ltd<\/a><\/li><li class='ez-toc-page-1 ez-toc-heading-level-2'><a class=\"ez-toc-link ez-toc-heading-3\" href=\"https:\/\/moverdb.com\/lt\/freight-forwarder\/freight-forwarding-uk\/egham-freight-forwarder\/#AGS_Global_Forwarding_Ltd\" >AGS Global Forwarding Ltd<\/a><\/li><li class='ez-toc-page-1 ez-toc-heading-level-2'><a class=\"ez-toc-link ez-toc-heading-4\" href=\"https:\/\/moverdb.com\/lt\/freight-forwarder\/freight-forwarding-uk\/egham-freight-forwarder\/#ASG_Logistics_Ltd\" >ASG Logistics Ltd<\/a><\/li><li class='ez-toc-page-1 ez-toc-heading-level-2'><a class=\"ez-toc-link ez-toc-heading-5\" href=\"https:\/\/moverdb.com\/lt\/freight-forwarder\/freight-forwarding-uk\/egham-freight-forwarder\/#Cargo_Gateway\" >Krovini\u0173 vartai<\/a><\/li><li class='ez-toc-page-1 ez-toc-heading-level-2'><a class=\"ez-toc-link ez-toc-heading-6\" href=\"https:\/\/moverdb.com\/lt\/freight-forwarder\/freight-forwarding-uk\/egham-freight-forwarder\/#Active_Freight_Management_Ltd\" >\"Active Freight Management Ltd<\/a><\/li><li class='ez-toc-page-1 ez-toc-heading-level-2'><a class=\"ez-toc-link ez-toc-heading-7\" href=\"https:\/\/moverdb.com\/lt\/freight-forwarder\/freight-forwarding-uk\/egham-freight-forwarder\/#World_Cargo_Logistics\" >Pasaulin\u0117 krovini\u0173 logistika<\/a><\/li><li class='ez-toc-page-1 ez-toc-heading-level-2'><a class=\"ez-toc-link ez-toc-heading-8\" href=\"https:\/\/moverdb.com\/lt\/freight-forwarder\/freight-forwarding-uk\/egham-freight-forwarder\/#E_F_M_Global_Logistics\" >\"E F M Global Logistics<\/a><\/li><li class='ez-toc-page-1 ez-toc-heading-level-2'><a class=\"ez-toc-link ez-toc-heading-9\" href=\"https:\/\/moverdb.com\/lt\/freight-forwarder\/freight-forwarding-uk\/egham-freight-forwarder\/#Blackthorne\" >Blackthorne<\/a><\/li><li class='ez-toc-page-1 ez-toc-heading-level-2'><a class=\"ez-toc-link ez-toc-heading-10\" href=\"https:\/\/moverdb.com\/lt\/freight-forwarder\/freight-forwarding-uk\/egham-freight-forwarder\/#Connoisseur_International_Distribution_Ltd\" >\"Connoisseur International Distribution Ltd<\/a><\/li><li class='ez-toc-page-1 ez-toc-heading-level-2'><a class=\"ez-toc-link ez-toc-heading-11\" href=\"https:\/\/moverdb.com\/lt\/freight-forwarder\/freight-forwarding-uk\/egham-freight-forwarder\/#XPand_Logistics_Ltd_F_FA_Division_London\" >\"XPand Logistics Ltd\" F&amp;FA skyrius Londonas<\/a><\/li><li class='ez-toc-page-1 ez-toc-heading-level-2'><a class=\"ez-toc-link ez-toc-heading-12\" href=\"https:\/\/moverdb.com\/lt\/freight-forwarder\/freight-forwarding-uk\/egham-freight-forwarder\/#How_we_picked_the_best_Egham_Freight_Forwarding_Companies\" >Kaip i\u0161rinkome geriausias Eghamo krovini\u0173 ekspedijavimo \u012fmones<\/a><\/li><\/ul><\/nav><\/div>\n<h2><span class=\"ez-toc-section\" id=\"MIQ_Logistics\"><\/span>MIQ Logistics<span class=\"ez-toc-section-end\"><\/span><\/h2>\n<p><img decoding=\"async\" src=\"https:\/\/moverdb.com\/wp-content\/uploads\/AF1QipOSeo5W5dbelMsxZx8EbOq4iTE_N2C_UMmkI5A5w408-h271-k-no.jpg\" alt='MIQ Logistics' class=\"aligncenter\"><\/p>\n<p><strong>Verslo apra\u0161ymas: <\/strong>\"Noatum Logistics\" (buvusi \"MIQ Logistics\") kartu su savo pasauliniu partneri\u0173 tinklu teikia transporto paslaugas (vidaus krovini\u0173 ekspedijavimo ir krovini\u0173 gabenimo sunkve\u017eimiais paslaugas), platinimo paslaugas (logistikos paslaugas pagal sutartis ir sand\u0117li\u0173 valdym\u0105) ir pasaulines paslaugas (tarptautin\u012f krovini\u0173 ekspedijavim\u0105 ir muitin\u0117s tarpininkavim\u0105).<\/p>\n<p> \"MIQ Logistics\", naudodamasi \u017einiatinklio technologija ir pasauliniais logistikos valdymo paj\u0117gumais, aptarnauja klientus kasybos ir<\/p>\n<p><strong>Papildomos paslaugos:<\/strong><\/p>\n<p>N\u0117ra \u012f s\u0105ra\u0161\u0105 \u012ftraukt\u0173<\/p>\n<p><strong>Adresas:<\/strong> Thorpe Industrial Park, 1, Alpha Way, Egham TW20 8RZ<\/p>\n<p><a href=\"https:\/\/www.miq.com\/\" target=\"_new\" rel=\"noopener\">\"MIQ Logistics\" svetain\u0117<\/a><\/p>\n<p><strong>Ap\u017evalgos rezultatas: <\/strong>3.7<br \/> <strong>Atsiliepim\u0173 skai\u010dius:<\/strong> 23<br \/><a href=\"https:\/\/www.google.co.uk\/maps?cid=5562970237620117984&#038;hl=en&#038;gl=GB\" target=\"_new\" rel=\"noopener\">Skaityti atsiliepimus<\/a><\/p>\n<h2><span class=\"ez-toc-section\" id=\"Yes_2_Ship_Ltd\"><\/span>Taip 2 Ship Ltd<span class=\"ez-toc-section-end\"><\/span><\/h2>\n<p><img decoding=\"async\" src=\"https:\/\/moverdb.com\/wp-content\/uploads\/thumbnailpanoidi2hlSeWB-Y3XQQJMF3mWowcb_clientsearch.gws-prod.gpsw408h240yaw327.jpg\" alt='Taip 2 Ship Ltd' class=\"aligncenter\"><\/p>\n<p><strong>Verslo apra\u0161ymas: <\/strong>Logistikos ir tiekimo grandin\u0117s \u012fmon\u0117.<\/p>\n<p> Krovini\u0173 gabenimo ir muitinio \u012fforminimo paslaugos, taip pat perkraustymo ir asmenini\u0173 daikt\u0173 perve\u017eimo paslaugos, teikiamos oro, keli\u0173 ir j\u016br\u0173 transportu.<\/p>\n<p> DHL strateginis partneris.<\/p>\n<p> Teikiamos importo ir eksporto \u012fforminimo, T1, EORI, Carnet, FOB, ExWorks ir \"nuo dur\u0173 iki dur\u0173\" paslaugos.<\/p>\n<p> Siuntimo paslaugos: pavojing\u0173 krovini\u0173 gabenimas, li\u010dio baterij\u0173 gabenimas, automobili\u0173 gabenimas, veterinarijos ir arklini\u0173 gyv\u016bn\u0173 gabenimas.<\/p>\n<p> \"Yes 2 Ship\" glaud\u017eiai bendradarbiauja su farmacijos pramon\u0117s atstovais ir meno k\u016brini\u0173 gamybos \u012fmon\u0117mis.<\/p>\n<p> Papildomos paslaugos: nemokamos d\u0117\u017e\u0117s ir susitraukianti pl\u0117vel\u0117, pakavimas, \u012fpakavimas ir pristatymas sunkve\u017eimiais ir mikroautobusais.<\/p>\n<p> Taip pat teikiamos Europos tiesiogin\u0117s pavaros paslaugos.<\/p>\n<p> palengvinti visas pagrindines <a href=\"https:\/\/moverdb.com\/lt\/top-49-container-ports\/\" data-internallinksmanager029f6b8e52c=\"80\" title=\"49 did\u017eiausi ir labiausiai apkrauti konteineri\u0173 uostai 2025 m.\">prievadai<\/a> ir oro uost\u0173 visoje <a href=\"https:\/\/moverdb.com\/lt\/moving-to-the-uk\/\" data-internallinksmanager029f6b8e52c=\"93\" title=\"Persik\u0117limas \u012f Jungtin\u0119 Karalyst\u0119? 2022 Gyvenimo i\u0161laidos ir persikraustymo patarimai\">JK<\/a>.<\/p>\n<p> Pagrindiniai biurai: Pagrindiniai biurai: Hitrou, Aberdynas, Sautendas, <a href=\"\" data-internallinksmanager029f6b8e52c=\"52\" title=\"Man\u010desteris\">Man\u010desteris<\/a>, Southampton, Felixstowe.<\/p>\n<p><strong>Papildomos paslaugos:<\/strong><\/p>\n<p>N\u0117ra \u012f s\u0105ra\u0161\u0105 \u012ftraukt\u0173<\/p>\n<p><strong>Adresas:<\/strong> Unit 2, Eversley Way, Thorpe Industrial Estate, Egham TW20 8RG<\/p>\n<p><a href=\"http:\/\/www.yes2ship.com\/\" target=\"_new\" rel=\"noopener\">Taip 2 Ship Ltd svetain\u0117<\/a><\/p>\n<p><strong>Ap\u017evalgos rezultatas: <\/strong>4.3<br \/> <strong>Atsiliepim\u0173 skai\u010dius:<\/strong> 3<br \/><a href=\"https:\/\/www.google.co.uk\/maps?cid=11958752916968499684&#038;hl=en&#038;gl=GB\" target=\"_new\" rel=\"noopener\">Skaityti atsiliepimus<\/a><\/p>\n<h2><span class=\"ez-toc-section\" id=\"AGS_Global_Forwarding_Ltd\"><\/span>AGS Global Forwarding Ltd<span class=\"ez-toc-section-end\"><\/span><\/h2>\n<p><img decoding=\"async\" src=\"https:\/\/moverdb.com\/wp-content\/uploads\/AF1QipOkqaLI3fEcCDdE06bXZQPSFTuSwA_SDJZksWkgw408-h272-k-no.jpg\" alt='AGS Global Forwarding Ltd' class=\"aligncenter\"><\/p>\n<p><strong>Verslo apra\u0161ymas: <\/strong>Esame tarptautini\u0173 krovini\u0173 ekspedijavimo ir logistikos \u012fmon\u0117, kurios specializacija - komercini\u0173 krovini\u0173 gabenimas oro, j\u016br\u0173 ir keli\u0173 transportu.<\/p>\n<p><strong>Papildomos paslaugos:<\/strong><\/p>\n<p>N\u0117ra \u012f s\u0105ra\u0161\u0105 \u012ftraukt\u0173<\/p>\n<p><strong>Adresas:<\/strong> 01 Meadlake Place, Thorpe Lea Rd, Egham TW20 8HE<\/p>\n<p><a href=\"http:\/\/www.ags-global.co.uk\/\" target=\"_new\" rel=\"noopener\">\"AGS Global Forwarding Ltd\" svetain\u0117<\/a><\/p>\n<p><strong>Ap\u017evalgos rezultatas: <\/strong>3.7<br \/> <strong>Atsiliepim\u0173 skai\u010dius:<\/strong> 6<br \/><a href=\"https:\/\/www.google.co.uk\/maps?cid=9870884105096212840&#038;hl=en&#038;gl=GB\" target=\"_new\" rel=\"noopener\">Skaityti atsiliepimus<\/a><\/p>\n<h2><span class=\"ez-toc-section\" id=\"ASG_Logistics_Ltd\"><\/span>ASG Logistics Ltd<span class=\"ez-toc-section-end\"><\/span><\/h2>\n<p><img decoding=\"async\" src=\"https:\/\/moverdb.com\/wp-content\/uploads\/thumbnailpanoid3JBSMhHuPZdNblR9AJIbPgcb_clientsearch.gws-prod.gpsw408h240yaw175.jpg\" alt='ASG Logistics Ltd' class=\"aligncenter\"><\/p>\n<p><strong>Verslo apra\u0161ymas: <\/strong>Nepateikta<\/p>\n<p><strong>Papildomos paslaugos:<\/strong><\/p>\n<p>N\u0117ra \u012f s\u0105ra\u0161\u0105 \u012ftraukt\u0173<\/p>\n<p><strong>Adresas:<\/strong> 188 High St, Egham TW20 9ED, Jungtin\u0117 Karalyst\u0117<\/p>\n<p><a href=\"http:\/\/www.asglogistics.com\/\" target=\"_new\" rel=\"noopener\">\"ASG Logistics Ltd\" svetain\u0117<\/a><\/p>\n<p><strong>Ap\u017evalgos rezultatas: <\/strong>4.2<br \/> <strong>Atsiliepim\u0173 skai\u010dius:<\/strong> 5<br \/><a href=\"https:\/\/www.google.com.om\/maps?cid=9184323499148826419&#038;hl=en&#038;gl=OM\" target=\"_new\" rel=\"noopener\">Skaityti atsiliepimus<\/a><\/p>\n<h2><span class=\"ez-toc-section\" id=\"Cargo_Gateway\"><\/span>Krovini\u0173 vartai<span class=\"ez-toc-section-end\"><\/span><\/h2>\n<p><img decoding=\"async\" src=\"https:\/\/moverdb.com\/wp-content\/uploads\/AF1QipNzLo0oQLg_C55tPkOaoPCuX4tQK_qkgfvadEqSw426-h240-k-no.jpg\" alt='Krovini\u0173 vartai' class=\"aligncenter\"><\/p>\n<p><strong>Verslo apra\u0161ymas: <\/strong>Tarptautiniai ir vietiniai <a href=\"https:\/\/moverdb.com\/lt\/freight-forwarder\/\" data-internallinksmanager029f6b8e52c=\"17\" title=\"Tarptautini\u0173 ekspeditori\u0173 ir NVOCC s\u0105naud\u0173 ir \u012fmoni\u0173 vadovas\">Krovini\u0173 ekspeditorius<\/a><\/p>\n<p><strong>Papildomos paslaugos:<\/strong><\/p>\n<p>N\u0117ra \u012f s\u0105ra\u0161\u0105 \u012ftraukt\u0173<\/p>\n<p><strong>Adresas:<\/strong> 01 Meadlake Place, Thorpe Lea Rd, Egham TW20 8HE<\/p>\n<p><a href=\"https:\/\/cargo-gateway.business.site\/?utm_source=gmb&#038;utm_medium=referral\" target=\"_new\" rel=\"noopener\">\"Cargo Gateway\" svetain\u0117<\/a><\/p>\n<p><strong>Ap\u017evalgos rezultatas: <\/strong>5<br \/> <strong>Atsiliepim\u0173 skai\u010dius:<\/strong> 1<br \/><a href=\"https:\/\/www.google.co.uk\/maps?cid=16110619947648318940&#038;hl=en&#038;gl=GB\" target=\"_new\" rel=\"noopener\">Skaityti atsiliepimus<\/a><\/p>\n<h2><span class=\"ez-toc-section\" id=\"Active_Freight_Management_Ltd\"><\/span>\"Active Freight Management Ltd<span class=\"ez-toc-section-end\"><\/span><\/h2>\n<p><img decoding=\"async\" src=\"https:\/\/moverdb.com\/wp-content\/uploads\/AF1QipNmjcFHpyJwCdwSaejGmG82kmN7yOpkcziJ6XWAw426-h240-k-no.jpg\" alt='&quot;Active Freight Management Ltd' class=\"aligncenter\"><\/p>\n<p><strong>Verslo apra\u0161ymas: <\/strong>J\u016bs\u0173 vieno langelio sprendimas krovini\u0173 valdymui<\/p>\n<p><strong>Papildomos paslaugos:<\/strong><\/p>\n<p>Importo eksporto \u012fmon\u0117<\/p>\n<p>Pristatymo \u012fmon\u0117<\/p>\n<p><strong>Adresas:<\/strong> \"Crabtree Office Village\", \"Monarch House\", Eversley Way, Egham TW20 8RY<\/p>\n<p><a href=\"http:\/\/www.active-freight.com\/\" target=\"_new\" rel=\"noopener\">\"Active Freight Management Ltd\" svetain\u0117<\/a><\/p>\n<p><strong>Ap\u017evalgos rezultatas: <\/strong>5<br \/> <strong>Atsiliepim\u0173 skai\u010dius:<\/strong> 2<br \/><a href=\"https:\/\/www.google.co.uk\/maps?cid=3699698523008123537&#038;hl=en&#038;gl=GB\" target=\"_new\" rel=\"noopener\">Skaityti atsiliepimus<\/a><\/p>\n<h2><span class=\"ez-toc-section\" id=\"World_Cargo_Logistics\"><\/span>Pasaulin\u0117 krovini\u0173 logistika<span class=\"ez-toc-section-end\"><\/span><\/h2>\n<p><img decoding=\"async\" src=\"https:\/\/moverdb.com\/wp-content\/uploads\/thumbnailpanoidSSVwK9ZQ0ejIyasli8Fegwcb_clientsearch.gws-prod.gpsw408h240yaw355.jpg\" alt='Pasaulin\u0117 krovini\u0173 logistika' class=\"aligncenter\"><\/p>\n<p><strong>Verslo apra\u0161ymas: <\/strong>Nepateikta<\/p>\n<p><strong>Papildomos paslaugos:<\/strong><\/p>\n<p>N\u0117ra \u012f s\u0105ra\u0161\u0105 \u012ftraukt\u0173<\/p>\n<p><strong>Adresas:<\/strong> 5 padalinys \"Beta Way\", Egham TW20 8RE<\/p>\n<p><a href=\"http:\/\/worldcargologistics.co.uk\/\" target=\"_new\" rel=\"noopener\">\"World Cargo Logistics\" svetain\u0117<\/a><\/p>\n<p><strong>Ap\u017evalgos rezultatas: <\/strong>5<br \/> <strong>Atsiliepim\u0173 skai\u010dius:<\/strong> 1<br \/><a href=\"https:\/\/www.google.co.uk\/maps?cid=14974545255904536802&#038;hl=en&#038;gl=GB\" target=\"_new\" rel=\"noopener\">Skaityti atsiliepimus<\/a><\/p>\n<h2><span class=\"ez-toc-section\" id=\"E_F_M_Global_Logistics\"><\/span>\"E F M Global Logistics<span class=\"ez-toc-section-end\"><\/span><\/h2>\n<p><img decoding=\"async\" src=\"https:\/\/moverdb.com\/wp-content\/uploads\/AF1QipORc7VCsaq4UmjzP6IJaY3iNkVdGcEiL46zJWwMw408-h725-k-no.jpg\" alt='&quot;E F M Global Logistics' class=\"aligncenter\"><\/p>\n<p><strong>Verslo apra\u0161ymas: <\/strong>Nepateikta<\/p>\n<p><strong>Papildomos paslaugos:<\/strong><\/p>\n<p>N\u0117ra \u012f s\u0105ra\u0161\u0105 \u012ftraukt\u0173<\/p>\n<p><strong>Adresas:<\/strong> 3 Alpha Way Thorpe Industrial Park, Egham TW20 8RZ<\/p>\n<p><a href=\"http:\/\/www.efm.global\/\" target=\"_new\" rel=\"noopener\">\"E F M Global Logistics\" svetain\u0117<\/a><\/p>\n<p><strong>Ap\u017evalgos rezultatas: <\/strong>4.9<br \/> <strong>Atsiliepim\u0173 skai\u010dius:<\/strong> 15<br \/><a href=\"https:\/\/www.google.co.uk\/maps?cid=10224418366743576394&#038;hl=en&#038;gl=GB\" target=\"_new\" rel=\"noopener\">Skaityti atsiliepimus<\/a><\/p>\n<h2><span class=\"ez-toc-section\" id=\"Blackthorne\"><\/span>Blackthorne<span class=\"ez-toc-section-end\"><\/span><\/h2>\n<p><img decoding=\"async\" src=\"https:\/\/moverdb.com\/wp-content\/uploads\/AF1QipNMhlx2IHsQ_K9jhbeeqfHmBMWRacudcQlC1kH-w408-h306-k-no.jpg\" alt='Blackthorne' class=\"aligncenter\"><\/p>\n<p><strong>Verslo apra\u0161ymas: <\/strong>\"Blackthorne\" yra pirmaujanti pasaulin\u0117 tiekimo grandin\u0117s logistikos partner\u0117.<\/p>\n<p> Paprastai dirbame su technologij\u0173 bendrov\u0117mis, kurioms reikia vykdyti IT produkt\u0173 aptarnavimo ir remonto veikl\u0105 viso pasaulio rinkose.<\/p>\n<p>\"Blackthorne\" teikia \"nuo dur\u0173 iki dur\u0173\" paslaugas rizikos vengian\u010dioms technologij\u0173 bendrov\u0117ms, kurios reikalauja 100% atitikties, auk\u0161\u010diausi\u0173 pristatymo vykdymo standart\u0173 ir patyrusio partnerio visais pasaulin\u0117s tiekimo grandin\u0117s logistikos aspektais, u\u017etikrinan\u010dio tinkamo produkto pristatym\u0105 tinkamam gav\u0117jui laiku ir atitinkan\u010dio arba vir\u0161ijan\u010dio klient\u0173 l\u016bkes\u010dius.<\/p>\n<p>\u012era\u0161o importuotojas<br \/>\nJau daugiau nei 20 met\u0173 dirbame technologij\u0173 produktus parduodan\u010di\u0173 bendrovi\u0173 importuotojais.<\/p>\n<p><strong>Papildomos paslaugos:<\/strong><\/p>\n<p>N\u0117ra \u012f s\u0105ra\u0161\u0105 \u012ftraukt\u0173<\/p>\n<p><strong>Adresas:<\/strong> Unit 6, Sky Busines Park, Eversley Way, Thorpe TW20 8RF<\/p>\n<p><a href=\"https:\/\/blackthorneit.com\/\" target=\"_new\" rel=\"noopener\">Blackthorne svetain\u0117<\/a><\/p>\n<p><strong>Ap\u017evalgos rezultatas: <\/strong>4.7<br \/> <strong>Atsiliepim\u0173 skai\u010dius:<\/strong> 6<br \/><a href=\"https:\/\/www.google.co.uk\/maps?cid=10922239003545285032&#038;hl=en&#038;gl=GB\" target=\"_new\" rel=\"noopener\">Skaityti atsiliepimus<\/a><\/p>\n<h2><span class=\"ez-toc-section\" id=\"Connoisseur_International_Distribution_Ltd\"><\/span>\"Connoisseur International Distribution Ltd<span class=\"ez-toc-section-end\"><\/span><\/h2>\n<p><img decoding=\"async\" src=\"https:\/\/moverdb.com\/wp-content\/uploads\/AF1QipPd9XWMz1lgbYNiuvG6xskioC06SqeYGBLSjkzTw426-h240-k-no.jpg\" alt='&quot;Connoisseur International Distribution Ltd' class=\"aligncenter\"><\/p>\n<p><strong>Verslo apra\u0161ymas: <\/strong>\"Connoisseur International\" buvo \u012fregistruota 1997 m.<\/p>\n<p> Direktoriai, kuri\u0173 kiekvienas dirba daugiau nei 25 metus, dalijosi vizija sukurti multimodalin\u0119 ekspedijavimo ir logistikos bendrov\u0119 XXI am\u017eiuje.<\/p>\n<p> Pagrindiniai \u012fmon\u0117s principai - teikti klientams patyrusi\u0173, auk\u0161tos kokyb\u0117s paslaugas, pritaikytas prie klient\u0173 poreiki\u0173 ir l\u016bkes\u010di\u0173.<\/p>\n<p>Pasaulin\u0117s krovini\u0173 ve\u017eimo oro transportu paslaugos - eksportas ir importas<br \/>\nPasaulin\u0117s LCL\/FCL j\u016br\u0173 transporto paslaugos - eksportas ir importas<br \/>\nTIR sausumos keli\u0173 paslaugos \u012f Europ\u0105<br \/>\nExpress kurjeris nuo dur\u0173 iki dur\u0173<br \/>\nSiuntini\u0173 ir pale\u010di\u0173 pristatymas JK viduje<br \/>\nProjekt\u0173 kroviniai \/ frachtavimas \/ skubios pagalbos kroviniai \/ AOG \/ greitai gendantys produktai \/ nestandartiniai kroviniai \/ pavojingi kroviniai<br \/>\nPerk\u0117limas \/ perk\u0117limas<br \/>\nMuitin\u0117s tarpininkavimas \u012fmon\u0117je<br \/>\nSpecialus pakavimas (jei reikia, vietoje)<\/p>\n<p><strong>Papildomos paslaugos:<\/strong><\/p>\n<p>Importo eksporto \u012fmon\u0117<\/p>\n<p><strong>Adresas:<\/strong> Unit 9, Business Park, Ten Acre Ln, Egham TW20 8EY<\/p>\n<p><a href=\"https:\/\/cid.uk.com\/\" target=\"_new\" rel=\"noopener\">\"Connoisseur International Distribution Ltd\" svetain\u0117<\/a><\/p>\n<p><strong>Ap\u017evalgos rezultatas: <\/strong>4.3<br \/> <strong>Atsiliepim\u0173 skai\u010dius:<\/strong> 17<br \/><a href=\"https:\/\/www.google.co.uk\/maps?cid=7427439335860303979&#038;hl=en&#038;gl=GB\" target=\"_new\" rel=\"noopener\">Skaityti atsiliepimus<\/a><\/p>\n<h2><span class=\"ez-toc-section\" id=\"XPand_Logistics_Ltd_F_FA_Division_London\"><\/span>\"XPand Logistics Ltd\" F&amp;FA skyrius Londonas<span class=\"ez-toc-section-end\"><\/span><\/h2>\n<p><img decoding=\"async\" src=\"https:\/\/moverdb.com\/wp-content\/uploads\/AF1QipOLNmMwyY-6gL2NQCjvXfdc7gl9sewrnLTpDVSmw658-h240-k-no.jpg\" alt='&quot;XPand Logistics Ltd&quot; F&amp;FA skyrius Londonas' class=\"aligncenter\"><\/p>\n<p><strong>Verslo apra\u0161ymas: <\/strong>2000 m. \u012fkurta \"XPand Logistics Ltd\" dabar laikoma viena i\u0161 nedaugelio JK ekspeditori\u0173, kurios specializacija - tikras klient\u0173 aptarnavimas.<\/p>\n<p>Daugiau nei 20 met\u0173 dirbame su pagrindiniais ekspeditoriais ir oro linij\u0173 bendrov\u0117mis, teikiame profesionalias logistikos paslaugas \u012fmon\u0117ms visoje Jungtin\u0117je Karalyst\u0117je ir visame pasaulyje.<\/p>\n<p> Teikiamos \u0161ios paslaugos: Krovini\u0173 gabenimas oro transportu, krovini\u0173 gabenimas j\u016bra, krovini\u0173 gabenimas keliais, sutartin\u0117 logistika, muitin\u0117s tarpininkavimas, konsulin\u0117s paslaugos ir sand\u0117liavimas.<\/p>\n<p>Turime biurus Londone, Basildone, Vest Horndone, Man\u010desteryje ir <a href=\"\" data-internallinksmanager029f6b8e52c=\"46\" title=\"Glazgas\">Glazgas<\/a> teikiame i\u0161samius sprendimus visiems j\u016bs\u0173 transporto poreikiams.<\/p>\n<p><strong>Papildomos paslaugos:<\/strong><\/p>\n<p>Logistikos paslaugos<\/p>\n<p>Pristatymo paslauga<\/p>\n<p>Saugykla<\/p>\n<p><strong>Adresas:<\/strong> Unit 10, Business Park, Ten Acre Ln, Egham TW20 8EY<\/p>\n<p><a href=\"https:\/\/www.xpandlogistics.co.uk\/\" target=\"_new\" rel=\"noopener\">\"XPand Logistics Ltd\" F&amp;FA skyriaus Londono svetain\u0117<\/a><\/p>\n<p><strong>Ap\u017evalgos rezultatas: <\/strong>3<br \/> <strong>Atsiliepim\u0173 skai\u010dius:<\/strong> 2<br \/><a href=\"https:\/\/www.google.co.uk\/maps?cid=5572790693109703307&#038;hl=en&#038;gl=GB\" target=\"_new\" rel=\"noopener\">Skaityti atsiliepimus<\/a><\/p>\n<h2><span class=\"ez-toc-section\" id=\"How_we_picked_the_best_Egham_Freight_Forwarding_Companies\"><\/span>Kaip i\u0161rinkome geriausias Eghamo krovini\u0173 ekspedijavimo \u012fmones<span class=\"ez-toc-section-end\"><\/span><\/h2>\n<p>Prad\u0117jome nuo 17 Eghamo krovini\u0173 ekspedijavimo \u012fmoni\u0173, kurias gal\u0117jome rasti naudodamiesi \"Google Maps\", duomen\u0173 rinkinio ir susiaurinome j\u012f iki 11 geriausi\u0173.<\/p>\n<p>Nor\u0117dami tai padaryti, pa\u0161alinome visas \u012fmones, kurios:<\/p>\n<ul>\n<li> Netur\u0117jo interneto svetain\u0117s<\/li>\n<li> Netur\u0117jo joki\u0173 atsiliepim\u0173<\/li>\n<li> Tur\u0117jo vidutin\u012f ap\u017evalgos \u012fvertinim\u0105, ma\u017eesn\u012f nei 2,0 balo<\/li>\n<\/ul>\n<p>\u0160iuo metu, jei tur\u0117jome 17 ar ma\u017eiau ekspeditori\u0173, \u012f s\u0105ra\u0161\u0105 \u012ftrauk\u0117me visus.<\/p>\n<p>Miestuose, kuriuose liko daugiau nei 17 ekspeditori\u0173, atlikome tolesnius pakeitimus: padidinome reikalaujam\u0105 per\u017ei\u016bros bal\u0105 (pvz., nuo ma\u017eiausiai 2,0 iki 4,0) ir (arba) padidinome reikalaujam\u0105 ma\u017eiausi\u0105 per\u017ei\u016br\u0173 skai\u010di\u0173 (pvz., nuo ma\u017eiausiai 1 per\u017ei\u016bros iki ma\u017eiausiai 10).<\/p>\n<p>Atkreipkite d\u0117mes\u012f, kad naudojome tik \"Google\" \u017eem\u0117lapi\u0173, o ne kit\u0173 tre\u010di\u0173j\u0173 \u0161ali\u0173 svetaini\u0173 per\u017ei\u016bros duomenis.<\/p>\n<p>Daugiau miest\u0173:<\/p>\n<p><a href=\"https:\/\/moverdb.com\/lt\/ekspeditorius\/freight-forwarding-uk\/leeds-freight-forwarder\/\">Lydso krovini\u0173 ekspeditorius<\/a><br \/><a href=\"https:\/\/moverdb.com\/lt\/ekspeditorius\/freight-forwarding-uk\/belfast-freight-forwarder\/\">Belfasto krovini\u0173 ekspeditorius<\/a><br \/><a href=\"https:\/\/moverdb.com\/lt\/ekspeditorius\/freight-forwarding-uk\/hayes-freight-forwarder\/\">\"Hayes\" krovini\u0173 ekspeditorius<\/a><br \/><a href=\"https:\/\/moverdb.com\/lt\/ekspeditorius\/freight-forwarding-uk\/bradford-freight-forwarder\/\">Bradfordo krovini\u0173 ekspeditorius<\/a><br \/><a href=\"https:\/\/moverdb.com\/lt\/ekspeditorius\/freight-forwarding-uk\/derby-freight-forwarder\/\">Derbio krovini\u0173 ekspeditorius<\/a><\/p>","protected":false},"excerpt":{"rendered":"<p>Below we look at the 11 &#8220;best&#8221; Freight Forwarding companies in Egham out of 17. To learn more about how we chose the best please consult our FAQ section at the end. Please not the following listings are in no particular order and we are not making any recommendations for any particular company. MIQ Logistics [&hellip;]<\/p>\n","protected":false},"author":1,"featured_media":0,"parent":13427,"menu_order":0,"comment_status":"open","ping_status":"open","template":"","meta":{"_genesis_hide_title":false,"_genesis_hide_breadcrumbs":false,"_genesis_hide_singular_image":false,"_genesis_hide_footer_widgets":false,"_genesis_custom_body_class":"","_genesis_custom_post_class":"","_genesis_layout":"","footnotes":""},"class_list":{"0":"post-13679","1":"page","2":"type-page","3":"status-publish","5":"entry"},"_links":{"self":[{"href":"https:\/\/moverdb.com\/lt\/wp-json\/wp\/v2\/pages\/13679","targetHints":{"allow":["GET"]}}],"collection":[{"href":"https:\/\/moverdb.com\/lt\/wp-json\/wp\/v2\/pages"}],"about":[{"href":"https:\/\/moverdb.com\/lt\/wp-json\/wp\/v2\/types\/page"}],"author":[{"embeddable":true,"href":"https:\/\/moverdb.com\/lt\/wp-json\/wp\/v2\/users\/1"}],"replies":[{"embeddable":true,"href":"https:\/\/moverdb.com\/lt\/wp-json\/wp\/v2\/comments?post=13679"}],"version-history":[{"count":1,"href":"https:\/\/moverdb.com\/lt\/wp-json\/wp\/v2\/pages\/13679\/revisions"}],"predecessor-version":[{"id":15682,"href":"https:\/\/moverdb.com\/lt\/wp-json\/wp\/v2\/pages\/13679\/revisions\/15682"}],"up":[{"embeddable":true,"href":"https:\/\/moverdb.com\/lt\/wp-json\/wp\/v2\/pages\/13427"}],"wp:attachment":[{"href":"https:\/\/moverdb.com\/lt\/wp-json\/wp\/v2\/media?parent=13679"}],"curies":[{"name":"wp","href":"https:\/\/api.w.org\/{rel}","templated":true}]}}