{"id":13654,"date":"2023-11-08T15:51:25","date_gmt":"2023-11-08T15:51:25","guid":{"rendered":"https:\/\/moverdb.com\/freight-forwarder\/freight-forwarding-uk\/dover-freight-forwarder\/"},"modified":"2026-01-08T14:55:33","modified_gmt":"2026-01-08T14:55:33","slug":"dover-freight-forwarder","status":"publish","type":"page","link":"https:\/\/moverdb.com\/lt\/freight-forwarder\/freight-forwarding-uk\/dover-freight-forwarder\/","title":{"rendered":"12 geriausi\u0173 Doverio krovini\u0173 ekspedijavimo \u012fmoni\u0173 (2023 m.)"},"content":{"rendered":"<p>Toliau ap\u017evelgsime 12 <em>\"geriausias\"<\/em> Krovini\u0173 ekspedijavimo \u012fmon\u0117s Doveryje i\u0161 25.<\/p>\n<p>Nor\u0117dami su\u017einoti daugiau apie tai, kaip atrinkome geriausius, \u017er. pabaigoje esant\u012f DUK skyri\u0173.<\/p>\n<p><em>Atkreipkite d\u0117mes\u012f, kad toliau pateikti s\u0105ra\u0161ai n\u0117ra i\u0161d\u0117styti tam tikra tvarka ir mes nerekomenduojame jokios konkre\u010dios \u012fmon\u0117s.<\/em><\/p>\n<div id=\"ez-toc-container\" class=\"ez-toc-v2_0_82_2 ez-toc-wrap-left counter-hierarchy ez-toc-counter ez-toc-transparent ez-toc-container-direction\">\n<div class=\"ez-toc-title-container\">\n<p class=\"ez-toc-title\" style=\"cursor:inherit\">Skyriai<\/p>\n<span class=\"ez-toc-title-toggle\"><a href=\"#\" class=\"ez-toc-pull-right ez-toc-btn ez-toc-btn-xs ez-toc-btn-default ez-toc-toggle\" aria-label=\"Perjungti turinio lentel\u0119\"><span class=\"ez-toc-js-icon-con\"><span class=\"\"><span class=\"eztoc-hide\" style=\"display:none;\">Perjungti<\/span><span class=\"ez-toc-icon-toggle-span\"><svg style=\"fill: #999;color:#999\" xmlns=\"http:\/\/www.w3.org\/2000\/svg\" class=\"list-377408\" width=\"20px\" height=\"20px\" viewbox=\"0 0 24 24\" fill=\"none\"><path d=\"M6 6H4v2h2V6zm14 0H8v2h12V6zM4 11h2v2H4v-2zm16 0H8v2h12v-2zM4 16h2v2H4v-2zm16 0H8v2h12v-2z\" fill=\"currentColor\"><\/path><\/svg><svg style=\"fill: #999;color:#999\" class=\"arrow-unsorted-368013\" xmlns=\"http:\/\/www.w3.org\/2000\/svg\" width=\"10px\" height=\"10px\" viewbox=\"0 0 24 24\" version=\"1.2\" baseprofile=\"tiny\"><path d=\"M18.2 9.3l-6.2-6.3-6.2 6.3c-.2.2-.3.4-.3.7s.1.5.3.7c.2.2.4.3.7.3h11c.3 0 .5-.1.7-.3.2-.2.3-.5.3-.7s-.1-.5-.3-.7zM5.8 14.7l6.2 6.3 6.2-6.3c.2-.2.3-.5.3-.7s-.1-.5-.3-.7c-.2-.2-.4-.3-.7-.3h-11c-.3 0-.5.1-.7.3-.2.2-.3.5-.3.7s.1.5.3.7z\"\/><\/svg><\/span><\/span><\/span><\/a><\/span><\/div>\n<nav><ul class='ez-toc-list ez-toc-list-level-1 eztoc-toggle-hide-by-default' ><li class='ez-toc-page-1 ez-toc-heading-level-2'><a class=\"ez-toc-link ez-toc-heading-1\" href=\"https:\/\/moverdb.com\/lt\/freight-forwarder\/freight-forwarding-uk\/dover-freight-forwarder\/#DHL_Freight\" >\"DHL Freight<\/a><\/li><li class='ez-toc-page-1 ez-toc-heading-level-2'><a class=\"ez-toc-link ez-toc-heading-2\" href=\"https:\/\/moverdb.com\/lt\/freight-forwarder\/freight-forwarding-uk\/dover-freight-forwarder\/#Global_Freight_Connections_Ltd\" >\"Global Freight Connections Ltd<\/a><\/li><li class='ez-toc-page-1 ez-toc-heading-level-2'><a class=\"ez-toc-link ez-toc-heading-3\" href=\"https:\/\/moverdb.com\/lt\/freight-forwarder\/freight-forwarding-uk\/dover-freight-forwarder\/#JSA_GLOBAL_LTD_DOVER\" >JSA GLOBAL LTD DOVER<\/a><\/li><li class='ez-toc-page-1 ez-toc-heading-level-2'><a class=\"ez-toc-link ez-toc-heading-4\" href=\"https:\/\/moverdb.com\/lt\/freight-forwarder\/freight-forwarding-uk\/dover-freight-forwarder\/#Comfret_TTD_Ltd\" >\"Comfret TTD Ltd<\/a><\/li><li class='ez-toc-page-1 ez-toc-heading-level-2'><a class=\"ez-toc-link ez-toc-heading-5\" href=\"https:\/\/moverdb.com\/lt\/freight-forwarder\/freight-forwarding-uk\/dover-freight-forwarder\/#Freight_Direct_Ltd\" >\"Freight Direct Ltd<\/a><\/li><li class='ez-toc-page-1 ez-toc-heading-level-2'><a class=\"ez-toc-link ez-toc-heading-6\" href=\"https:\/\/moverdb.com\/lt\/freight-forwarder\/freight-forwarding-uk\/dover-freight-forwarder\/#Clearfr8_Ltd_Customs_Clearance_Logistics\" >\"Clearfr8 Ltd\" Muitinio \u012fforminimo ir logistikos paslaugos<\/a><\/li><li class='ez-toc-page-1 ez-toc-heading-level-2'><a class=\"ez-toc-link ez-toc-heading-7\" href=\"https:\/\/moverdb.com\/lt\/freight-forwarder\/freight-forwarding-uk\/dover-freight-forwarder\/#Eurolink_Services_Ltd\" >\"Eurolink Services Ltd<\/a><\/li><li class='ez-toc-page-1 ez-toc-heading-level-2'><a class=\"ez-toc-link ez-toc-heading-8\" href=\"https:\/\/moverdb.com\/lt\/freight-forwarder\/freight-forwarding-uk\/dover-freight-forwarder\/#FS_Mackenzie_Ltd\" >F.S. Mackenzie Ltd<\/a><\/li><li class='ez-toc-page-1 ez-toc-heading-level-2'><a class=\"ez-toc-link ez-toc-heading-9\" href=\"https:\/\/moverdb.com\/lt\/freight-forwarder\/freight-forwarding-uk\/dover-freight-forwarder\/#COYOTE_Logistics_UK\" >\"COYOTE Logistics\" (Jungtin\u0117 Karalyst\u0117)<\/a><\/li><li class='ez-toc-page-1 ez-toc-heading-level-2'><a class=\"ez-toc-link ez-toc-heading-10\" href=\"https:\/\/moverdb.com\/lt\/freight-forwarder\/freight-forwarding-uk\/dover-freight-forwarder\/#Clear_Fr8_Limited\" >Skaidrus Fr8 Limited<\/a><\/li><li class='ez-toc-page-1 ez-toc-heading-level-2'><a class=\"ez-toc-link ez-toc-heading-11\" href=\"https:\/\/moverdb.com\/lt\/freight-forwarder\/freight-forwarding-uk\/dover-freight-forwarder\/#Sitra_UK_Ltd\" >\"Sitra UK Ltd<\/a><\/li><li class='ez-toc-page-1 ez-toc-heading-level-2'><a class=\"ez-toc-link ez-toc-heading-12\" href=\"https:\/\/moverdb.com\/lt\/freight-forwarder\/freight-forwarding-uk\/dover-freight-forwarder\/#Priority_Freight\" >Prioritetinis krovini\u0173 ve\u017eimas<\/a><\/li><li class='ez-toc-page-1 ez-toc-heading-level-2'><a class=\"ez-toc-link ez-toc-heading-13\" href=\"https:\/\/moverdb.com\/lt\/freight-forwarder\/freight-forwarding-uk\/dover-freight-forwarder\/#How_we_picked_the_best_Dover_Freight_Forwarding_Companies\" >Kaip i\u0161rinkome geriausias Doverio krovini\u0173 ekspedijavimo \u012fmones<\/a><\/li><\/ul><\/nav><\/div>\n<h2><span class=\"ez-toc-section\" id=\"DHL_Freight\"><\/span>\"DHL Freight<span class=\"ez-toc-section-end\"><\/span><\/h2>\n<p><img decoding=\"async\" src=\"https:\/\/moverdb.com\/wp-content\/uploads\/thumbnailpanoidhyIMg0p_vRkaauSQ64sAmwcb_clientsearch.gws-prod.gpsw408h240yaw243.jpg\" alt='&quot;DHL Freight' class=\"aligncenter\"><\/p>\n<p><strong>Verslo apra\u0161ymas: <\/strong>Nepateikta<\/p>\n<p><strong>Papildomos paslaugos:<\/strong><\/p>\n<p>N\u0117ra \u012f s\u0105ra\u0161\u0105 \u012ftraukt\u0173<\/p>\n<p><strong>Adresas:<\/strong> Charlton House, Dour St, Dover CT16 1AT, <a href=\"https:\/\/moverdb.com\/lt\/moving-to-the-uk\/\" data-internallinksmanager029f6b8e52c=\"93\" title=\"Persik\u0117limas \u012f Jungtin\u0119 Karalyst\u0119? 2022 Gyvenimo i\u0161laidos ir persikraustymo patarimai\">Jungtin\u0117 Karalyst\u0117<\/a><\/p>\n<p><a href=\"http:\/\/www.dhl.co.uk\/freight\" target=\"_new\" rel=\"noopener\">\"DHL Freight\" svetain\u0117<\/a><\/p>\n<p><strong>Ap\u017evalgos rezultatas: <\/strong>5<br \/> <strong>Atsiliepim\u0173 skai\u010dius:<\/strong> 2<br \/><a href=\"https:\/\/www.google.fr\/maps?cid=8689316315570098281&#038;hl=en&#038;gl=FR\" target=\"_new\" rel=\"noopener\">Skaityti atsiliepimus<\/a><\/p>\n<h2><span class=\"ez-toc-section\" id=\"Global_Freight_Connections_Ltd\"><\/span>\"Global Freight Connections Ltd<span class=\"ez-toc-section-end\"><\/span><\/h2>\n<p><img decoding=\"async\" src=\"https:\/\/moverdb.com\/wp-content\/uploads\/AF1QipMGVrsQ6MvlRYJcMBYXdSS9D9g3rWx0v5MjAGilw408-h408-k-no.jpg\" alt='&quot;Global Freight Connections Ltd' class=\"aligncenter\"><\/p>\n<p><strong>Verslo apra\u0161ymas: <\/strong>2002 m. GFC \u012fk\u016br\u0117 generalinis direktorius Paulas Marshallas.<\/p>\n<p> Nuo \u012fk\u016brimo prad\u017eios i\u0161augome ir tapome pirmaujan\u010dia nepriklausoma <a href=\"https:\/\/moverdb.com\/lt\/freight-forwarder\/\" data-internallinksmanager029f6b8e52c=\"17\" title=\"Tarptautini\u0173 ekspeditori\u0173 ir NVOCC s\u0105naud\u0173 ir \u012fmoni\u0173 vadovas\">ekspeditorius<\/a> \u017einoma ir gerbiama visoje pramon\u0117s \u0161akoje d\u0117l teikiam\u0173 profesionali\u0173 ir patikim\u0173 paslaug\u0173, tuo pat metu palaikome svarbius asmeninius santykius su klientais.<\/p>\n<p>GFC s\u0117km\u0119 pasiek\u0117 labai patyrusi ir atsidavusi komanda, dirbanti kartu, kad i\u0161laikyt\u0173 auk\u0161tus standartus, kuri\u0173 tikisi m\u016bs\u0173 klientai, kartu su pasauliniu atrinkt\u0173 agent\u0173 ir partneri\u0173 tinklu. <a href=\"https:\/\/moverdb.com\/lt\/moving-to-the-united-states\/\" data-internallinksmanager029f6b8e52c=\"94\" title=\"Persik\u0117limas \u012f Jungtines Amerikos Valstijas? 2022 Gyvenimo i\u0161laidos ir persik\u0117limo patarimai\">mus<\/a> teikti auk\u0161\u010diausios klas\u0117s paslaugas visame pasaulyje.<\/p>\n<p><strong>Papildomos paslaugos:<\/strong><\/p>\n<p>N\u0117ra \u012f s\u0105ra\u0161\u0105 \u012ftraukt\u0173<\/p>\n<p><strong>Adresas:<\/strong> Poulton Business Park, Poulton Cl, Dover CT17 0HL<\/p>\n<p><a href=\"https:\/\/www.gfc-group.co.uk\/\" target=\"_new\" rel=\"noopener\">\"Global Freight Connections Ltd\" svetain\u0117<\/a><\/p>\n<p><strong>Ap\u017evalgos rezultatas: <\/strong>5<br \/> <strong>Atsiliepim\u0173 skai\u010dius:<\/strong> 1<br \/><a href=\"https:\/\/www.google.co.uk\/maps?cid=5202575149502542298&#038;hl=en&#038;gl=GB\" target=\"_new\" rel=\"noopener\">Skaityti atsiliepimus<\/a><\/p>\n<h2><span class=\"ez-toc-section\" id=\"JSA_GLOBAL_LTD_DOVER\"><\/span>JSA GLOBAL LTD DOVER<span class=\"ez-toc-section-end\"><\/span><\/h2>\n<p><img decoding=\"async\" src=\"https:\/\/moverdb.com\/wp-content\/uploads\/thumbnailpanoidej2wXG3j1YMIc4VZMkXnFQcb_clientsearch.gws-prod.gpsw408h240yaw84.jpg\" alt='JSA GLOBAL LTD DOVER' class=\"aligncenter\"><\/p>\n<p><strong>Verslo apra\u0161ymas: <\/strong>Nepateikta<\/p>\n<p><strong>Papildomos paslaugos:<\/strong><\/p>\n<p>N\u0117ra \u012f s\u0105ra\u0161\u0105 \u012ftraukt\u0173<\/p>\n<p><strong>Adresas:<\/strong> Lord Warden Square, Dover CT17 9EH<\/p>\n<p><a href=\"http:\/\/www.jsaglobal.com\/home\" target=\"_new\" rel=\"noopener\">JSA GLOBAL LTD DOVER svetain\u0117<\/a><\/p>\n<p><strong>Ap\u017evalgos rezultatas: <\/strong>4<br \/> <strong>Atsiliepim\u0173 skai\u010dius:<\/strong> 3<br \/><a href=\"https:\/\/www.google.co.uk\/maps?cid=8521773904523701803&#038;hl=en&#038;gl=GB\" target=\"_new\" rel=\"noopener\">Skaityti atsiliepimus<\/a><\/p>\n<h2><span class=\"ez-toc-section\" id=\"Comfret_TTD_Ltd\"><\/span>\"Comfret TTD Ltd<span class=\"ez-toc-section-end\"><\/span><\/h2>\n<p><img decoding=\"async\" src=\"https:\/\/moverdb.com\/wp-content\/uploads\/thumbnailpanoidAbR95c620APvNEPVFZYCnQcb_clientsearch.gws-prod.gpsw408h240yaw89.jpg\" alt='&quot;Comfret TTD Ltd' class=\"aligncenter\"><\/p>\n<p><strong>Verslo apra\u0161ymas: <\/strong>Nepateikta<\/p>\n<p><strong>Papildomos paslaugos:<\/strong><\/p>\n<p>N\u0117ra \u012f s\u0105ra\u0161\u0105 \u012ftraukt\u0173<\/p>\n<p><strong>Adresas:<\/strong> White Cliffs Business Centre, Honeywood Road, Whitfield, Dover CT16 3EH<\/p>\n<p><a href=\"https:\/\/www.comfret-ttd.com\/\" target=\"_new\" rel=\"noopener\">\"Comfret TTD Ltd\" svetain\u0117<\/a><\/p>\n<p><strong>Ap\u017evalgos rezultatas: <\/strong>5<br \/> <strong>Atsiliepim\u0173 skai\u010dius:<\/strong> 1<br \/><a href=\"https:\/\/www.google.co.uk\/maps?cid=11232541911890760340&#038;hl=en&#038;gl=GB\" target=\"_new\" rel=\"noopener\">Skaityti atsiliepimus<\/a><\/p>\n<h2><span class=\"ez-toc-section\" id=\"Freight_Direct_Ltd\"><\/span>\"Freight Direct Ltd<span class=\"ez-toc-section-end\"><\/span><\/h2>\n<p><img decoding=\"async\" src=\"https:\/\/moverdb.com\/wp-content\/uploads\/thumbnailpanoidS2dNWLK7C9yxbDvnlWEjEwcb_clientsearch.gws-prod.gpsw408h240yaw54.jpg\" alt='&quot;Freight Direct Ltd' class=\"aligncenter\"><\/p>\n<p><strong>Verslo apra\u0161ymas: <\/strong>Nepateikta<\/p>\n<p><strong>Papildomos paslaugos:<\/strong><\/p>\n<p>N\u0117ra \u012f s\u0105ra\u0161\u0105 \u012ftraukt\u0173<\/p>\n<p><strong>Adresas:<\/strong> Honeywood House, 1A, Honeywood Rd, Whitfield, Dover CT16 3EH<\/p>\n<p><a href=\"http:\/\/www.freightdirectuk.com\/\" target=\"_new\" rel=\"noopener\">\"Freight Direct Ltd\" svetain\u0117<\/a><\/p>\n<p><strong>Ap\u017evalgos rezultatas: <\/strong>5<br \/> <strong>Atsiliepim\u0173 skai\u010dius:<\/strong> 1<br \/><a href=\"https:\/\/www.google.co.uk\/maps?cid=14905862351930954093&#038;hl=en&#038;gl=GB\" target=\"_new\" rel=\"noopener\">Skaityti atsiliepimus<\/a><\/p>\n<h2><span class=\"ez-toc-section\" id=\"Clearfr8_Ltd_Customs_Clearance_Logistics\"><\/span>\"Clearfr8 Ltd\" Muitinio \u012fforminimo ir logistikos paslaugos<span class=\"ez-toc-section-end\"><\/span><\/h2>\n<p><img decoding=\"async\" src=\"https:\/\/moverdb.com\/wp-content\/uploads\/thumbnailpanoidAaLYoxrdlEiAML_EHwEfLgcb_clientsearch.gws-prod.gpsw408h240yaw274.jpg\" alt='&quot;Clearfr8 Ltd&quot; Muitinio \u012fforminimo ir logistikos paslaugos' class=\"aligncenter\"><\/p>\n<p><strong>Verslo apra\u0161ymas: <\/strong>Nepateikta<\/p>\n<p><strong>Papildomos paslaugos:<\/strong><\/p>\n<p>Muitin\u0117s tarpininkas<\/p>\n<p>Platinimo paslauga<\/p>\n<p>Sand\u0117lis<\/p>\n<p><strong>Adresas:<\/strong> \"Clear Fr8 Limited\", Hammond House, Limekiln St, Dover CT17 9EF<\/p>\n<p><a href=\"http:\/\/www.clearfr8.com\/\" target=\"_new\" rel=\"noopener\">\"Clearfr8 Ltd\" muitinio \u012fforminimo ir logistikos svetain\u0117<\/a><\/p>\n<p><strong>Ap\u017evalgos rezultatas: <\/strong>5<br \/> <strong>Atsiliepim\u0173 skai\u010dius:<\/strong> 1<br \/><a href=\"https:\/\/www.google.co.uk\/maps?cid=5654440680659315796&#038;hl=en&#038;gl=GB\" target=\"_new\" rel=\"noopener\">Skaityti atsiliepimus<\/a><\/p>\n<h2><span class=\"ez-toc-section\" id=\"Eurolink_Services_Ltd\"><\/span>\"Eurolink Services Ltd<span class=\"ez-toc-section-end\"><\/span><\/h2>\n<p><img decoding=\"async\" src=\"https:\/\/moverdb.com\/wp-content\/uploads\/thumbnailpanoidJBG7V8Fd5MK_7iAZ-38tNwcb_clientsearch.gws-prod.gpsw408h240yaw83.jpg\" alt='&quot;Eurolink Services Ltd' class=\"aligncenter\"><\/p>\n<p><strong>Verslo apra\u0161ymas: <\/strong>Nepateikta<\/p>\n<p><strong>Papildomos paslaugos:<\/strong><\/p>\n<p>N\u0117ra \u012f s\u0105ra\u0161\u0105 \u012ftraukt\u0173<\/p>\n<p><strong>Adresas:<\/strong> Mezzanine Floor, Lord Warden House, 22 24 Lord Warden Square, Dover CT17 9EQ<\/p>\n<p><a href=\"http:\/\/www.eurolinkservices.co.uk\/\" target=\"_new\" rel=\"noopener\">\"Eurolink Services Ltd\" svetain\u0117<\/a><\/p>\n<p><strong>Ap\u017evalgos rezultatas: <\/strong>5<br \/> <strong>Atsiliepim\u0173 skai\u010dius:<\/strong> 1<br \/><a href=\"https:\/\/www.google.co.uk\/maps?cid=4330724897310804793&#038;hl=en&#038;gl=GB\" target=\"_new\" rel=\"noopener\">Skaityti atsiliepimus<\/a><\/p>\n<h2><span class=\"ez-toc-section\" id=\"FS_Mackenzie_Ltd\"><\/span>F.S. Mackenzie Ltd<span class=\"ez-toc-section-end\"><\/span><\/h2>\n<p><img decoding=\"async\" src=\"https:\/\/moverdb.com\/wp-content\/uploads\/thumbnailpanoidQeKKdycD6JvMEUMtwmvKdgcb_clientsearch.gws-prod.gpsw408h240yaw207.jpg\" alt='F.S. Mackenzie Ltd' class=\"aligncenter\"><\/p>\n<p><strong>Verslo apra\u0161ymas: <\/strong>Krovini\u0173 ve\u017eimo sprendimai visame pasaulyje<\/p>\n<p><strong>Papildomos paslaugos:<\/strong><\/p>\n<p>N\u0117ra \u012f s\u0105ra\u0161\u0105 \u012ftraukt\u0173<\/p>\n<p><strong>Adresas:<\/strong> Poulton Cl, Dover CT17 0HL<\/p>\n<p><a href=\"http:\/\/www.fsmac.com\/\" target=\"_new\" rel=\"noopener\">\"F.S. Mackenzie Ltd\" svetain\u0117<\/a><\/p>\n<p><strong>Ap\u017evalgos rezultatas: <\/strong>5<br \/> <strong>Atsiliepim\u0173 skai\u010dius:<\/strong> 1<br \/><a href=\"https:\/\/www.google.co.uk\/maps?cid=11366469388786379796&#038;hl=en&#038;gl=GB\" target=\"_new\" rel=\"noopener\">Skaityti atsiliepimus<\/a><\/p>\n<h2><span class=\"ez-toc-section\" id=\"COYOTE_Logistics_UK\"><\/span>\"COYOTE Logistics\" (Jungtin\u0117 Karalyst\u0117)<span class=\"ez-toc-section-end\"><\/span><\/h2>\n<p><img decoding=\"async\" src=\"https:\/\/moverdb.com\/wp-content\/uploads\/AF1QipMgBiMHtiTU_WOBKJlCNciXJxwEO0sZDTZCWR6qw426-h240-k-no.jpg\" alt='&quot;COYOTE Logistics&quot; (Jungtin\u0117 Karalyst\u0117)' class=\"aligncenter\"><\/p>\n<p><strong>Verslo apra\u0161ymas: <\/strong>Nepateikta<\/p>\n<p><strong>Papildomos paslaugos:<\/strong><\/p>\n<p>N\u0117ra \u012f s\u0105ra\u0161\u0105 \u012ftraukt\u0173<\/p>\n<p><strong>Adresas:<\/strong> Penktasis auk\u0161tas Maybrook House, Queens Gardens, Dover CT17 9AH<\/p>\n<p><a href=\"https:\/\/www.coyotelogistics.com\/\" target=\"_new\" rel=\"noopener\">\"COYOTE Logistics\" (JK) svetain\u0117<\/a><\/p>\n<p><strong>Ap\u017evalgos rezultatas: <\/strong>4.2<br \/> <strong>Atsiliepim\u0173 skai\u010dius:<\/strong> 6<br \/><a href=\"https:\/\/www.google.co.uk\/maps?cid=6956996484917909858&#038;hl=en&#038;gl=GB\" target=\"_new\" rel=\"noopener\">Skaityti atsiliepimus<\/a><\/p>\n<h2><span class=\"ez-toc-section\" id=\"Clear_Fr8_Limited\"><\/span>Skaidrus Fr8 Limited<span class=\"ez-toc-section-end\"><\/span><\/h2>\n<p><img decoding=\"async\" src=\"https:\/\/moverdb.com\/wp-content\/uploads\/thumbnailpanoidDGHBrRu0t1iyy4EgzoEIwQcb_clientsearch.gws-prod.gpsw408h240yaw59.jpg\" alt='Skaidrus Fr8 Limited' class=\"aligncenter\"><\/p>\n<p><strong>Verslo apra\u0161ymas: <\/strong>\u012ekurta 2017 m., remiantis 50 met\u0173 patirtimi krovini\u0173, muitin\u0117s formalum\u0173 \u012fforminimo ir transporto srityje \"Clear Fr8 Limited\" yra saugi pora rank\u0173, galinti pasir\u016bpinti j\u016bs\u0173 ir j\u016bs\u0173 klient\u0173 poreikiais.<\/p>\n<p> Nesvarbu, ar tai b\u016bt\u0173 keli\u0173, j\u016br\u0173, oro ar gele\u017einkeli\u0173 transportas \"Clear Fr8 Limited\" i\u0161siskiria tuo, kad savo klientams teikia nemokamas ir ne\u0161ali\u0161kas konsultacijas visais klausimais, susijusiais su muitiniu \u012fforminimu, krovini\u0173 ekspedijavimu ar tiekimo grandin\u0117s sprendimais.<\/p>\n<p> Apima visus pagrindinius Jungtin\u0117s Karalyst\u0117s keli\u0173, j\u016br\u0173, oro ir gele\u017einkeli\u0173 kelius <a href=\"https:\/\/moverdb.com\/lt\/top-49-container-ports\/\" data-internallinksmanager029f6b8e52c=\"80\" title=\"49 did\u017eiausi ir labiausiai apkrauti konteineri\u0173 uostai 2025 m.\">prievadai<\/a> vis\u0105 par\u0105 veikian\u010diame biure, esan\u010diame netoli Doverio, Kente, suteikiame vietos \u017eini\u0173, kad j\u016bs\u0173 ar j\u016bs\u0173 klient\u0173 krovinys juos pasiekt\u0173 laiku ir laikantis muitin\u0117s taisykli\u0173.<\/p>\n<p><strong>Papildomos paslaugos:<\/strong><\/p>\n<p>N\u0117ra \u012f s\u0105ra\u0161\u0105 \u012ftraukt\u0173<\/p>\n<p><strong>Adresas:<\/strong> Hammond House, Limekiln St, Dover CT17 9EF<\/p>\n<p><a href=\"https:\/\/clearfr8.com\/\" target=\"_new\" rel=\"noopener\">\"Clear Fr8 Limited\" svetain\u0117<\/a><\/p>\n<p><strong>Ap\u017evalgos rezultatas: <\/strong>5<br \/> <strong>Atsiliepim\u0173 skai\u010dius:<\/strong> 4<br \/><a href=\"https:\/\/www.google.co.uk\/maps?cid=3034304738884427400&#038;hl=en&#038;gl=GB\" target=\"_new\" rel=\"noopener\">Skaityti atsiliepimus<\/a><\/p>\n<h2><span class=\"ez-toc-section\" id=\"Sitra_UK_Ltd\"><\/span>\"Sitra UK Ltd<span class=\"ez-toc-section-end\"><\/span><\/h2>\n<p><img decoding=\"async\" src=\"https:\/\/moverdb.com\/wp-content\/uploads\/AF1QipMwdG9b4UoI5D2KNqlDYX5p4ThRV66T5so8Fzoxw426-h240-k-no.jpg\" alt='&quot;Sitra UK Ltd' class=\"aligncenter\"><\/p>\n<p><strong>Verslo apra\u0161ymas: <\/strong>Nepateikta<\/p>\n<p><strong>Papildomos paslaugos:<\/strong><\/p>\n<p>N\u0117ra \u012f s\u0105ra\u0161\u0105 \u012ftraukt\u0173<\/p>\n<p><strong>Adresas:<\/strong> 2 Honeywood Cl, Whitfield, Dover CT16 3PX<\/p>\n<p><a href=\"https:\/\/www.sitra-group.com\/en\/\" target=\"_new\" rel=\"noopener\">\"Sitra UK Ltd\" svetain\u0117<\/a><\/p>\n<p><strong>Ap\u017evalgos rezultatas: <\/strong>3.9<br \/> <strong>Atsiliepim\u0173 skai\u010dius:<\/strong> 52<br \/><a href=\"https:\/\/www.google.co.uk\/maps?cid=14668402309509598013&#038;hl=en&#038;gl=GB\" target=\"_new\" rel=\"noopener\">Skaityti atsiliepimus<\/a><\/p>\n<h2><span class=\"ez-toc-section\" id=\"Priority_Freight\"><\/span>Prioritetinis krovini\u0173 ve\u017eimas<span class=\"ez-toc-section-end\"><\/span><\/h2>\n<p><img decoding=\"async\" src=\"https:\/\/moverdb.com\/wp-content\/uploads\/thumbnailpanoid81W6LbQTKvtEkULieMa29Qcb_clientsearch.gws-prod.gpsw408h240yaw319.jpg\" alt='Prioritetinis krovini\u0173 ve\u017eimas' class=\"aligncenter\"><\/p>\n<p><strong>Verslo apra\u0161ymas: <\/strong>Nepateikta<\/p>\n<p><strong>Papildomos paslaugos:<\/strong><\/p>\n<p>N\u0117ra \u012f s\u0105ra\u0161\u0105 \u012ftraukt\u0173<\/p>\n<p><strong>Adresas:<\/strong> Whitfield, Dover CT16 3NJ<\/p>\n<p><a href=\"https:\/\/priorityfreight.com\/\" target=\"_new\" rel=\"noopener\">\"Priority Freight\" svetain\u0117<\/a><\/p>\n<p><strong>Ap\u017evalgos rezultatas: <\/strong>5<br \/> <strong>Atsiliepim\u0173 skai\u010dius:<\/strong> 3<br \/><a href=\"https:\/\/www.google.co.uk\/maps?cid=5254570117316346898&#038;hl=en&#038;gl=GB\" target=\"_new\" rel=\"noopener\">Skaityti atsiliepimus<\/a><\/p>\n<h2><span class=\"ez-toc-section\" id=\"How_we_picked_the_best_Dover_Freight_Forwarding_Companies\"><\/span>Kaip i\u0161rinkome geriausias Doverio krovini\u0173 ekspedijavimo \u012fmones<span class=\"ez-toc-section-end\"><\/span><\/h2>\n<p>Prad\u0117jome nuo 25 \"Dover\" krovini\u0173 ekspedijavimo \u012fmoni\u0173, kurias gal\u0117jome rasti naudodamiesi \"Google Maps\", duomen\u0173 rinkinio ir susiaurinome j\u012f iki 12 geriausi\u0173.<\/p>\n<p>Nor\u0117dami tai padaryti, pa\u0161alinome visas \u012fmones, kurios:<\/p>\n<ul>\n<li> Netur\u0117jo interneto svetain\u0117s<\/li>\n<li> Netur\u0117jo joki\u0173 atsiliepim\u0173<\/li>\n<li> Tur\u0117jo vidutin\u012f ap\u017evalgos \u012fvertinim\u0105, ma\u017eesn\u012f nei 2,0 balo<\/li>\n<\/ul>\n<p>\u0160iuo metu, jei tur\u0117jome 17 ar ma\u017eiau ekspeditori\u0173, \u012f s\u0105ra\u0161\u0105 \u012ftrauk\u0117me visus.<\/p>\n<p>Miestuose, kuriuose liko daugiau nei 17 ekspeditori\u0173, atlikome tolesnius pakeitimus: padidinome reikalaujam\u0105 per\u017ei\u016bros bal\u0105 (pvz., nuo ma\u017eiausiai 2,0 iki 4,0) ir (arba) padidinome reikalaujam\u0105 ma\u017eiausi\u0105 per\u017ei\u016br\u0173 skai\u010di\u0173 (pvz., nuo ma\u017eiausiai 1 per\u017ei\u016bros iki ma\u017eiausiai 10).<\/p>\n<p>Atkreipkite d\u0117mes\u012f, kad naudojome tik \"Google\" \u017eem\u0117lapi\u0173, o ne kit\u0173 tre\u010di\u0173j\u0173 \u0161ali\u0173 svetaini\u0173 per\u017ei\u016bros duomenis.<\/p>\n<p>Daugiau miest\u0173:<\/p>\n<p><a href=\"https:\/\/moverdb.com\/lt\/ekspeditorius\/freight-forwarding-uk\/ashford-freight-forwarder\/\">A\u0161fordo krovini\u0173 ekspeditorius<\/a><br \/><a href=\"https:\/\/moverdb.com\/lt\/ekspeditorius\/freight-forwarding-uk\/egham-freight-forwarder\/\">Eghamo krovini\u0173 ekspeditorius<\/a><br \/><a href=\"https:\/\/moverdb.com\/lt\/ekspeditorius\/freight-forwarding-uk\/leeds-freight-forwarder\/\">Lydso krovini\u0173 ekspeditorius<\/a><br \/><a href=\"https:\/\/moverdb.com\/lt\/ekspeditorius\/freight-forwarding-uk\/belfast-freight-forwarder\/\">Belfasto krovini\u0173 ekspeditorius<\/a><br \/><a href=\"https:\/\/moverdb.com\/lt\/ekspeditorius\/freight-forwarding-uk\/hayes-freight-forwarder\/\">\"Hayes\" krovini\u0173 ekspeditorius<\/a><\/p>","protected":false},"excerpt":{"rendered":"<p>Below we look at the 12 &#8220;best&#8221; Freight Forwarding companies in Dover out of 25. To learn more about how we chose the best please consult our FAQ section at the end. Please not the following listings are in no particular order and we are not making any recommendations for any particular company. DHL Freight [&hellip;]<\/p>\n","protected":false},"author":1,"featured_media":0,"parent":13427,"menu_order":0,"comment_status":"open","ping_status":"open","template":"","meta":{"_genesis_hide_title":false,"_genesis_hide_breadcrumbs":false,"_genesis_hide_singular_image":false,"_genesis_hide_footer_widgets":false,"_genesis_custom_body_class":"","_genesis_custom_post_class":"","_genesis_layout":"","footnotes":""},"class_list":{"0":"post-13654","1":"page","2":"type-page","3":"status-publish","5":"entry"},"_links":{"self":[{"href":"https:\/\/moverdb.com\/lt\/wp-json\/wp\/v2\/pages\/13654","targetHints":{"allow":["GET"]}}],"collection":[{"href":"https:\/\/moverdb.com\/lt\/wp-json\/wp\/v2\/pages"}],"about":[{"href":"https:\/\/moverdb.com\/lt\/wp-json\/wp\/v2\/types\/page"}],"author":[{"embeddable":true,"href":"https:\/\/moverdb.com\/lt\/wp-json\/wp\/v2\/users\/1"}],"replies":[{"embeddable":true,"href":"https:\/\/moverdb.com\/lt\/wp-json\/wp\/v2\/comments?post=13654"}],"version-history":[{"count":1,"href":"https:\/\/moverdb.com\/lt\/wp-json\/wp\/v2\/pages\/13654\/revisions"}],"predecessor-version":[{"id":15686,"href":"https:\/\/moverdb.com\/lt\/wp-json\/wp\/v2\/pages\/13654\/revisions\/15686"}],"up":[{"embeddable":true,"href":"https:\/\/moverdb.com\/lt\/wp-json\/wp\/v2\/pages\/13427"}],"wp:attachment":[{"href":"https:\/\/moverdb.com\/lt\/wp-json\/wp\/v2\/media?parent=13654"}],"curies":[{"name":"wp","href":"https:\/\/api.w.org\/{rel}","templated":true}]}}