{"id":11807,"date":"2023-09-11T13:19:11","date_gmt":"2023-09-11T13:19:11","guid":{"rendered":"https:\/\/moverdb.com\/?page_id=11807"},"modified":"2026-01-08T14:46:00","modified_gmt":"2026-01-08T14:46:00","slug":"money-transfer-template","status":"publish","type":"page","link":"https:\/\/moverdb.com\/lt\/international-money-transfer-services\/money-transfer-template\/","title":{"rendered":"{{mpg_company_1}} vs {{mpg_company_2}}: Palyginti mokes\u010diai ir atsiliepimai"},"content":{"rendered":"<p>Tiek {{mpg_company_1}}, tiek {{mpg_company_2}} yra populiarios <a href=\"https:\/\/moverdb.com\/lt\/international-money-transfer-services\/\" data-internallinksmanager029f6b8e52c=\"239\" title=\"11 geriausi\u0173 tarptautini\u0173 pinig\u0173 pervedimo paslaug\u0173 2026 m.\">tarptautini\u0173 pinig\u0173 pervedimo paslaugos<\/a>. Bet kuris i\u0161 j\u0173 geresnis?<\/p>\n\n\n\n<p>\u017demiau lyginame j\u0173 mokes\u010dius ir atsiliepimus.<\/p>\n\n\n\n<div id=\"ez-toc-container\" class=\"ez-toc-v2_0_82_2 ez-toc-wrap-left counter-hierarchy ez-toc-counter ez-toc-transparent ez-toc-container-direction\">\n<div class=\"ez-toc-title-container\">\n<p class=\"ez-toc-title\" style=\"cursor:inherit\">Skyriai<\/p>\n<span class=\"ez-toc-title-toggle\"><a href=\"#\" class=\"ez-toc-pull-right ez-toc-btn ez-toc-btn-xs ez-toc-btn-default ez-toc-toggle\" aria-label=\"Perjungti turinio lentel\u0119\"><span class=\"ez-toc-js-icon-con\"><span class=\"\"><span class=\"eztoc-hide\" style=\"display:none;\">Perjungti<\/span><span class=\"ez-toc-icon-toggle-span\"><svg style=\"fill: #999;color:#999\" xmlns=\"http:\/\/www.w3.org\/2000\/svg\" class=\"list-377408\" width=\"20px\" height=\"20px\" viewbox=\"0 0 24 24\" fill=\"none\"><path d=\"M6 6H4v2h2V6zm14 0H8v2h12V6zM4 11h2v2H4v-2zm16 0H8v2h12v-2zM4 16h2v2H4v-2zm16 0H8v2h12v-2z\" fill=\"currentColor\"><\/path><\/svg><svg style=\"fill: #999;color:#999\" class=\"arrow-unsorted-368013\" xmlns=\"http:\/\/www.w3.org\/2000\/svg\" width=\"10px\" height=\"10px\" viewbox=\"0 0 24 24\" version=\"1.2\" baseprofile=\"tiny\"><path d=\"M18.2 9.3l-6.2-6.3-6.2 6.3c-.2.2-.3.4-.3.7s.1.5.3.7c.2.2.4.3.7.3h11c.3 0 .5-.1.7-.3.2-.2.3-.5.3-.7s-.1-.5-.3-.7zM5.8 14.7l6.2 6.3 6.2-6.3c.2-.2.3-.5.3-.7s-.1-.5-.3-.7c-.2-.2-.4-.3-.7-.3h-11c-.3 0-.5.1-.7.3-.2.2-.3.5-.3.7s.1.5.3.7z\"\/><\/svg><\/span><\/span><\/span><\/a><\/span><\/div>\n<nav><ul class='ez-toc-list ez-toc-list-level-1 eztoc-toggle-hide-by-default' ><li class='ez-toc-page-1 ez-toc-heading-level-2'><a class=\"ez-toc-link ez-toc-heading-1\" href=\"https:\/\/moverdb.com\/lt\/international-money-transfer-services\/money-transfer-template\/#Fees\" >Mokes\u010diai<\/a><\/li><li class='ez-toc-page-1 ez-toc-heading-level-2'><a class=\"ez-toc-link ez-toc-heading-2\" href=\"https:\/\/moverdb.com\/lt\/international-money-transfer-services\/money-transfer-template\/#Reviews\" >Ap\u017evalgos<\/a><\/li><li class='ez-toc-page-1 ez-toc-heading-level-2'><a class=\"ez-toc-link ez-toc-heading-3\" href=\"https:\/\/moverdb.com\/lt\/international-money-transfer-services\/money-transfer-template\/#Features\" >Funkcijos<\/a><\/li><li class='ez-toc-page-1 ez-toc-heading-level-2'><a class=\"ez-toc-link ez-toc-heading-4\" href=\"https:\/\/moverdb.com\/lt\/international-money-transfer-services\/money-transfer-template\/#Company_Comparison\" >\u012emoni\u0173 palyginimas<\/a><\/li><li class='ez-toc-page-1 ez-toc-heading-level-2'><a class=\"ez-toc-link ez-toc-heading-5\" href=\"https:\/\/moverdb.com\/lt\/international-money-transfer-services\/money-transfer-template\/#mpg_company_1_Pros_Cons\" >{{mpg_company_1}} Privalumai ir tr\u016bkumai<\/a><ul class='ez-toc-list-level-3' ><li class='ez-toc-heading-level-3'><a class=\"ez-toc-link ez-toc-heading-6\" href=\"https:\/\/moverdb.com\/lt\/international-money-transfer-services\/money-transfer-template\/#mpg_company_1_Pros\" >{{mpg_company_1}} Argumentai u\u017e<\/a><\/li><li class='ez-toc-page-1 ez-toc-heading-level-3'><a class=\"ez-toc-link ez-toc-heading-7\" href=\"https:\/\/moverdb.com\/lt\/international-money-transfer-services\/money-transfer-template\/#mpg_company_1_Cons\" >{{mpg_company_1}} Tr\u016bkumai<\/a><\/li><\/ul><\/li><li class='ez-toc-page-1 ez-toc-heading-level-2'><a class=\"ez-toc-link ez-toc-heading-8\" href=\"https:\/\/moverdb.com\/lt\/international-money-transfer-services\/money-transfer-template\/#mpg_company_2_Pros_Cons\" >{{mpg_company_2}} Privalumai ir tr\u016bkumai<\/a><ul class='ez-toc-list-level-3' ><li class='ez-toc-heading-level-3'><a class=\"ez-toc-link ez-toc-heading-9\" href=\"https:\/\/moverdb.com\/lt\/international-money-transfer-services\/money-transfer-template\/#mpg_company_2_Pros\" >{{mpg_company_2}} Argumentai u\u017e<\/a><\/li><li class='ez-toc-page-1 ez-toc-heading-level-3'><a class=\"ez-toc-link ez-toc-heading-10\" href=\"https:\/\/moverdb.com\/lt\/international-money-transfer-services\/money-transfer-template\/#mpg_company_2_Cons\" >{{mpg_company_2}} Tr\u016bkumai<\/a><\/li><\/ul><\/li><\/ul><\/nav><\/div>\n<h2 class=\"wp-block-heading\"><span class=\"ez-toc-section\" id=\"Fees\"><\/span>Mokes\u010diai<span class=\"ez-toc-section-end\"><\/span><\/h2>\n\n\n\n<figure class=\"wp-block-table\"><table><tbody><tr><td><\/td><td><strong><a href=\"\/lt\/{{mpg_url_1}}\/\" rel=\"nofollow\">{{mpg_company_1}}<\/a><\/strong><\/td><td><strong><a href=\"\/lt\/{{mpg_url_2}}\/\" rel=\"nofollow\">{{mpg_company_2}}<\/a><\/strong><\/td><\/tr><tr><td><strong>Prad\u017eia<\/strong><\/td><td><a href=\"\/lt\/{{mpg_url_1}}\/\" rel=\"nofollow\"><img decoding=\"async\" src=\"{{mpg_image_url_1}}\"><\/a><\/td><td><a href=\"\/lt\/{{mpg_url_2}}\/\" rel=\"nofollow\"><img decoding=\"async\" src=\"{{mpg_image_url_2}}\"><\/a><\/td><\/tr><tr><td><strong>Perdavimo mokestis<\/strong><\/td><td>{{mpg_transfer_fee_1}}<\/td><td>{{mpg_transfer_fee_2}}<\/td><\/tr><tr><td><strong>Vidutinis valiutos kurso antkainis<\/strong><\/td><td>{{{mpg_average_exchange_rate_markup_1}}<\/td><td>{{mpg_average_exchange_rate_markup_2}}<\/td><\/tr><tr><td><strong>Minimali pervedimo suma<\/strong><\/td><td>{{{mpg_minimum_transfer_amount_1}}<\/td><td>{{mpg_minimum_transfer_amount_2}}<\/td><\/tr><tr><td><strong>Did\u017eiausia pervedimo suma<\/strong><\/td><td>{{mpg_maximum_transfer_amount_1}}<\/td><td>{{mpg_maximum_transfer_amount_2}}<\/td><\/tr><\/tbody><\/table><figcaption class=\"wp-element-caption\"><em>Visa informacija paimta i\u0161 kiekvienos \u012fmon\u0117s svetain\u0117s, ta\u010diau v\u0117liau ji pasikeit\u0117.<\/em> <\/figcaption><\/figure>\n\n\n<div class=\"cg-box-layout-seven    cg-orange\"  data-bottom-arrow=\"true\"><div class=\"cg-our-top-pick\">Geriausiai \u012fvertinta pinig\u0173 pervedimo paslauga<\/div><div class=\"cg-layout-row\"><div class=\"cg-layout-img\"><a href=\"https:\/\/www.currenciesdirect.com\/aff\/v1\/moverdb.php\" target=\"_blank\" rel=\"nofollow noopener\" class=\"cg-aff-link\" data-post-title=\"Currencies Direct\" data-aff-link=\"https:\/\/www.currenciesdirect.com\/aff\/v1\/moverdb.php\" data-post-type=\"box\" data-post-id=\"153684\"><img decoding=\"async\" src=\"https:\/\/moverdb.com\/wp-content\/uploads\/currencies-direct-1.png\" class=\"cg-img-1\" alt=\"Valiutos tiesiogiai\"><\/a><\/div><div class=\"cg-layout-content\"><div class=\"cg-text\"><p><span style=\"font-size: 14pt;\"><strong><a href=\"https:\/\/moverdb.com\/lt\/international-money-transfer-services\/currencies-direct-review\/\" data-internallinksmanager029f6b8e52c=\"237\" title=\"Valiutos Tiesioginis tarptautinis pinig\u0173 pervedimas 2023 m. ap\u017evalga\">Valiutos tiesiogiai<\/a> <\/strong>yra geriausiai \u012fvertintos tarptautin\u0117s pinig\u0173 pervedimo paslaugos m\u016bs\u0173 s\u0105ra\u0161e.<\/span><\/p><ul><li><span style=\"font-size: 14pt;\"><strong>4,9 i\u0161 5 <\/strong>\"Trustpilot\", remiantis daugiau nei 8 000 atsiliepim\u0173 &nbsp;<\/span><\/li><li><span style=\"font-size: 14pt;\"><strong>Joki\u0173 pervedimo mokes\u010di\u0173<\/strong><\/span><\/li><li><span style=\"font-size: 14pt;\">Bank\u0173 \u012fkainiai<\/span><\/li><li><span style=\"font-size: 14pt;\">Apdovanojimus pelniusios paslaugos<\/span><\/li><li><span style=\"font-size: 14pt;\"><strong>I\u0161skirtinis \"Amazon\" dovan\u0173 kortel\u0117s pasi\u016blymas<\/strong> MoverDB.com naudotojams&nbsp;<\/span><\/li><\/ul><\/div><div class=\"cg-lc-button\"><span class='cta-copy'><a href=\"https:\/\/www.currenciesdirect.com\/aff\/v1\/moverdb.php\" class=\"cg-one-button cg-btn cg-red  cg-aff-link cg-btn-lg\" data-post-id=\"153684\" data-post-type=\"box\" data-aff-link=\"https:\/\/www.currenciesdirect.com\/aff\/v1\/moverdb.php\" data-style=\"default\" data-post-title=\"Currencies Direct\" data-extra=\"arrow\" style=\"\" target=\"\" rel=\"nofollow noopener\">Gaukite nemokam\u0105 pasi\u016blym\u0105 dabar!<\/a><\/span><\/span><\/div><\/div><div class=\"cg-bottom-arrow\"><\/div><\/div><\/div>\n\n\n\n\n\n<p><\/p>\n\n\n\n<h2 class=\"wp-block-heading\"><span class=\"ez-toc-section\" id=\"Reviews\"><\/span>Ap\u017evalgos<span class=\"ez-toc-section-end\"><\/span><\/h2>\n\n\n\n<figure class=\"wp-block-table\"><table><tbody><tr><td><\/td><td><strong><a href=\"\/lt\/{{mpg_url_1}}\/\" rel=\"nofollow\">{{mpg_company_1}}<\/a><\/strong><\/td><td><strong><a href=\"\/lt\/{{mpg_url_2}}\/\" rel=\"nofollow\">{{mpg_company_2}}<\/a><\/strong><\/td><\/tr><tr><td><strong>\"Trustpilot\" \u012fvertinimas<\/strong><\/td><td><a href=\"\/lt\/{{mpg_truspilot_url_1}}\/\" target=\"_new\" rel=\"noopener\">{{mpg_trustpilot_rating_1}}<\/a><\/td><td><a href=\"\/lt\/{{mpg_truspilot_url_2}}\/\" target=\"_new\" rel=\"noopener\">{{mpg_trustpilot_rating_2}}<\/a><\/td><\/tr><tr><td><strong>\"Trustpilot\" atsiliepim\u0173 skai\u010dius<\/strong><\/td><td>{{mpg_trustpilot_number_of_reviews_1}}<\/td><td>{{mpg_trustpilot_number_of_reviews_2}}<\/td><\/tr><tr><td><strong>\"iOS\" program\u0117l\u0117s \u012fvertinimas<\/strong><\/td><td><a href=\"\/lt\/{{mpg_ios_app_url_1}}\/\" target=\"_new\" rel=\"noopener\">{{mpg_ios_app_rating_1}}<\/a><\/td><td><a href=\"\/lt\/{{mpg_ios_app_url_2}}\/\" target=\"_new\" rel=\"noopener\">{{mpg_ios_app_rating_2}}<\/a><\/td><\/tr><tr><td><strong>\"iOS\" program\u0117li\u0173 ap\u017evalg\u0173 skai\u010dius<\/strong><\/td><td>{{mpg_ios_app_number_of_reviews_1}}<\/td><td>{{mpg_ios_app_number_of_reviews_2}}<\/td><\/tr><tr><td><strong>Program\u0117l\u0117s \"Android\" \u012fvertinimas<\/strong><\/td><td><a href=\"\/lt\/{{mpg_android_app_url_1}}\/\" target=\"_new\" rel=\"noopener\">{{mpg_android_app_rating_1}}<\/a><\/td><td><a href=\"\/lt\/{{mpg_android_app_url_2}}\/\" target=\"_new\" rel=\"noopener\">{{mpg_android_app_rating_2}}<\/a><\/td><\/tr><tr><td>\"Android\" program\u0117li\u0173 ap\u017evalg\u0173 skai\u010dius<\/td><td>{{mpg_android_app_number_of_reviews_1}}<\/td><td>{{mpg_android_app_number_of_reviews_2}}<\/td><\/tr><\/tbody><\/table><figcaption class=\"wp-element-caption\"><em>Duomenys paimti i\u0161 atitinkam\u0173 interneto svetaini\u0173 skelbimo metu. <\/em><\/figcaption><\/figure>\n\n\n\n<p><\/p>\n\n\n\n<h2 class=\"wp-block-heading\"><span class=\"ez-toc-section\" id=\"Features\"><\/span>Funkcijos<span class=\"ez-toc-section-end\"><\/span><\/h2>\n\n\n\n<figure class=\"wp-block-table\"><table><tbody><tr><td><\/td><td><strong><a href=\"\/lt\/{{mpg_url_1}}\/\" rel=\"nofollow\">{{mpg_company_1}}<\/a><\/strong><\/td><td><strong><a href=\"\/lt\/{{mpg_url_2}}\/\" rel=\"nofollow\">{{mpg_company_2}}<\/a><\/strong><\/td><\/tr><tr><td><strong>Program\u0117li\u0173 perk\u0117limai<\/strong><\/td><td>{{mpg_app_transfers_1}}<\/td><td>{{mpg_app_transfers_2}}<\/td><\/tr><tr><td><strong>Pervedimai internetu<\/strong><\/td><td>{{mpg_online_transfers_1}}<\/td><td>{{mpg_online_transfers_2}}<\/td><\/tr><tr><td><strong>Telefono pervedimai<\/strong><\/td><td>{{mpg_phone_transfers_1}}<\/td><td>{{mpg_phone_transfers_2}}<\/td><\/tr><tr><td><strong>Asmeniniai perk\u0117limai<\/strong><\/td><td>{{mpg_in-person_transfers_1}}<\/td><td>{{mpg_in-person_transfers_2}}<\/td><\/tr><tr><td><strong>Galimos \u0161alys<\/strong><\/td><td>{{mpg_available_countries_1}}<\/td><td>{{mpg_available_countries_2}}<\/td><\/tr><tr><td><strong>Valiut\u0173 skai\u010dius<\/strong><\/td><td>{{mpg_number_of_currencies_1}}<\/td><td>{{mpg_number_of_currencies_2}}<\/td><\/tr><tr><td><strong>Mok\u0117jimo b\u016bdai<\/strong><\/td><td>{{mpg_payment_methods_1}}<\/td><td>{{mpg_payment_methods_2}}<\/td><\/tr><tr><td><strong>Gavimo b\u016bdai<\/strong><\/td><td>{{mpg_receiving_methods_1}}<\/td><td>{{mpg_receiving_methods_2}}<\/td><\/tr><tr><td><strong>Gryn\u0173j\u0173 pinig\u0173 atsi\u0117mimo galimyb\u0117<\/strong><\/td><td>{{mpg_cash_pickup_option_1}}<\/td><td>{{mpg_cash_pickup_option_2}}<\/td><\/tr><tr><td><strong>Mok\u0117jim\u0173 lankstumas<\/strong><\/td><td>{{mpg_payments_flexibility_1}}<\/td><td>{{mpg_payments_flexibility_2}}<\/td><\/tr><tr><td><strong>Palaikomos kalbos<\/strong><\/td><td>{{mpg_supported_languages_1}}<\/td><td>{{mpg_supported_languages_2}}<\/td><\/tr><tr><td><strong>Perdavimo greitis<\/strong><\/td><td>{{mpg_transfer_speed_1}}<\/td><td>{{mpg_transfer_speed_2}}<\/td><\/tr><tr><td><strong>Specializuotas platintojas<\/strong><\/td><td>{{mpg_dedicated_dealer_1}}<\/td><td>{{mpg_dedicated_dealer_2}}<\/td><\/tr><tr><td><strong>Momentinis pasirinktinis citata<\/strong><\/td><td>{{mpg_instant_custom_quote_1}}<\/td><td>{{mpg_instant_custom_quote_2}}<\/td><\/tr><tr><td><strong>Verslo funkcijos<\/strong><\/td><td>{{mpg_business_features_1}}<\/td><td>{{mpg_business_features_2}}<\/td><\/tr><tr><td><strong>Debetin\u0117 kortel\u0117<\/strong><\/td><td>{{mpg_debit_card_1}}<\/td><td>{{mpg_debit_card_2}}<\/td><\/tr><tr><td><strong>At\u0161aukimo politika<\/strong><\/td><td>{{mpg_cancellation_policy_1}}<\/td><td>{{mpg_cancellation_policy_2}}<\/td><\/tr><tr><td><strong>Tinkamumas<\/strong><\/td><td>{{mpg_suitability_1}}<\/td><td>{{mpg_suitability_2}}<\/td><\/tr><\/tbody><\/table><\/figure>\n\n\n<div class=\"cg-box-layout-seven    cg-orange\"  data-bottom-arrow=\"true\"><div class=\"cg-our-top-pick\">Geriausiai \u012fvertinta pinig\u0173 pervedimo paslauga<\/div><div class=\"cg-layout-row\"><div class=\"cg-layout-img\"><a href=\"https:\/\/www.currenciesdirect.com\/aff\/v1\/moverdb.php\" target=\"_blank\" rel=\"nofollow noopener\" class=\"cg-aff-link\" data-post-title=\"Currencies Direct\" data-aff-link=\"https:\/\/www.currenciesdirect.com\/aff\/v1\/moverdb.php\" data-post-type=\"box\" data-post-id=\"153684\"><img decoding=\"async\" src=\"https:\/\/moverdb.com\/wp-content\/uploads\/currencies-direct-1.png\" class=\"cg-img-1\" alt=\"Valiutos tiesiogiai\"><\/a><\/div><div class=\"cg-layout-content\"><div class=\"cg-text\"><p><span style=\"font-size: 14pt;\"><strong>Valiutos tiesiogiai <\/strong>yra geriausiai \u012fvertintos tarptautin\u0117s pinig\u0173 pervedimo paslaugos m\u016bs\u0173 s\u0105ra\u0161e.<\/span><\/p><ul><li><span style=\"font-size: 14pt;\"><strong>4,9 i\u0161 5 <\/strong>\"Trustpilot\", remiantis daugiau nei 8 000 atsiliepim\u0173 &nbsp;<\/span><\/li><li><span style=\"font-size: 14pt;\"><strong>Joki\u0173 pervedimo mokes\u010di\u0173<\/strong><\/span><\/li><li><span style=\"font-size: 14pt;\">Bank\u0173 \u012fkainiai<\/span><\/li><li><span style=\"font-size: 14pt;\">Apdovanojimus pelniusios paslaugos<\/span><\/li><li><span style=\"font-size: 14pt;\"><strong>I\u0161skirtinis \"Amazon\" dovan\u0173 kortel\u0117s pasi\u016blymas<\/strong> MoverDB.com naudotojams&nbsp;<\/span><\/li><\/ul><\/div><div class=\"cg-lc-button\"><span class='cta-copy'><a href=\"https:\/\/www.currenciesdirect.com\/aff\/v1\/moverdb.php\" class=\"cg-one-button cg-btn cg-red  cg-aff-link cg-btn-lg\" data-post-id=\"153684\" data-post-type=\"box\" data-aff-link=\"https:\/\/www.currenciesdirect.com\/aff\/v1\/moverdb.php\" data-style=\"default\" data-post-title=\"Currencies Direct\" data-extra=\"arrow\" style=\"\" target=\"\" rel=\"nofollow noopener\">Gaukite nemokam\u0105 pasi\u016blym\u0105 dabar!<\/a><\/span><\/span><\/div><\/div><div class=\"cg-bottom-arrow\"><\/div><\/div><\/div>\n\n\n\n\n\n<h2 class=\"wp-block-heading\"><span class=\"ez-toc-section\" id=\"Company_Comparison\"><\/span>\u012emoni\u0173 palyginimas<span class=\"ez-toc-section-end\"><\/span><\/h2>\n\n\n\n<figure class=\"wp-block-table\"><table><tbody><tr><td><\/td><td><strong><a href=\"\/lt\/{{mpg_url_1}}\/\" rel=\"nofollow\">{{mpg_company_1}}<\/a><\/strong><\/td><td><strong><a href=\"https:\/\/moverdb.com\/wp-admin\/%7B%7Bmpg_url_2%7D%7D\">{{mpg_company_2}}<\/a><\/strong><\/td><\/tr><tr><td><strong>\u012esteigimo metai<\/strong><\/td><td>{{mpg_yead_founded_1}}<\/td><td>{{mpg_yead_founded_2}}<\/td><\/tr><tr><td><strong>Centrin\u0117 b\u016bstin\u0117<\/strong><\/td><td>{{mpg_headquarters_1}}<\/td><td>{{mpg_headquarters_2}}<\/td><\/tr><tr><td><strong>Kitos biuro vietos<\/strong><\/td><td>{{mpg_other_office_locations_locations_1}}<\/td><td>{{mpg_other_office_locations_2}}<\/td><\/tr><tr><td><strong>Metin\u0117 prekybos apimtis<\/strong><\/td><td>{{mpg_annual_trading_volume_1}}<\/td><td>{{mpg_annual_trading_volume_2}}<\/td><\/tr><tr><td><strong>Darbuotoj\u0173 skai\u010dius<\/strong><\/td><td>{{mpg_number_of_employees_1}}<\/td><td>{{mpg_number_of_employees_2}}<\/td><\/tr><tr><td><strong>Klient\u0173 skai\u010dius<\/strong><\/td><td>{{mpg_number_of_clients_1}}<\/td><td>{{mpg_number_of_clients_2}}<\/td><\/tr><tr><td><strong>Reguliavimo institucijos<\/strong><\/td><td>{{mpg_reguliavimo_institucija_1}}<\/td><td>{{mpg_reguliavimo_institucija_2}}<\/td><\/tr><tr><td><strong>Apdovanojimai<\/strong><\/td><td>{{mpg_awards_1}}<\/td><td>{{mpg_awards_2}}<\/td><\/tr><\/tbody><\/table><figcaption class=\"wp-element-caption\"><em>Duomenys, paimti i\u0161 \u012fmon\u0117s svetaini\u0173 ir kit\u0173 tre\u010di\u0173j\u0173 \u0161ali\u0173 svetaini\u0173. Manoma, kad paskelbimo metu jie buvo tiksl\u016bs, ta\u010diau v\u0117liau gal\u0117jo pasikeisti.<\/em><\/figcaption><\/figure>\n\n\n\n<h2 class=\"wp-block-heading\"><span class=\"ez-toc-section\" id=\"mpg_company_1_Pros_Cons\"><\/span>{{mpg_company_1}} Privalumai ir tr\u016bkumai<span class=\"ez-toc-section-end\"><\/span><\/h2>\n\n\n\n<p><a href=\"\/lt\/{{mpg_url_1}}\/\" rel=\"nofollow\"><img decoding=\"async\" src=\"{{mpg_image_url_1}}\"><\/a><\/p>\n\n\n\n<h3 class=\"wp-block-heading\" style=\"color: green\"><span class=\"ez-toc-section\" id=\"mpg_company_1_Pros\"><\/span>{{mpg_company_1}} Argumentai u\u017e<span class=\"ez-toc-section-end\"><\/span><\/h3>\n\n\n\n<p>{{mpg_pros_1}}<\/p>\n\n\n\n<h3 class=\"wp-block-heading\" style=\"color: red\"><span class=\"ez-toc-section\" id=\"mpg_company_1_Cons\"><\/span>{{mpg_company_1}} Tr\u016bkumai<span class=\"ez-toc-section-end\"><\/span><\/h3>\n\n\n\n<p>{{mpg_cons_1}}<\/p>\n\n\n\n<h2 class=\"wp-block-heading\"><span class=\"ez-toc-section\" id=\"mpg_company_2_Pros_Cons\"><\/span>{{mpg_company_2}} Privalumai ir tr\u016bkumai<span class=\"ez-toc-section-end\"><\/span><\/h2>\n\n\n\n<p><a href=\"\/lt\/{{mpg_url_2}}\/\" rel=\"nofollow\"><img decoding=\"async\" src=\"{{mpg_image_url_2}}\"><\/a><\/p>\n\n\n\n<h3 class=\"wp-block-heading\" style=\"color: green\"><span class=\"ez-toc-section\" id=\"mpg_company_2_Pros\"><\/span>{{mpg_company_2}} Argumentai u\u017e<span class=\"ez-toc-section-end\"><\/span><\/h3>\n\n\n\n<p>{{mpg_pros_2}}<\/p>\n\n\n\n<h3 class=\"wp-block-heading\" style=\"color: red\"><span class=\"ez-toc-section\" id=\"mpg_company_2_Cons\"><\/span>{{mpg_company_2}} Tr\u016bkumai<span class=\"ez-toc-section-end\"><\/span><\/h3>\n\n\n\n<p>{{mpg_cons_2}}<\/p>\n\n\n<div class=\"cg-box-layout-seven    cg-orange\"  data-bottom-arrow=\"true\"><div class=\"cg-our-top-pick\">Geriausiai \u012fvertinta pinig\u0173 pervedimo paslauga<\/div><div class=\"cg-layout-row\"><div class=\"cg-layout-img\"><a href=\"https:\/\/www.currenciesdirect.com\/aff\/v1\/moverdb.php\" target=\"_blank\" rel=\"nofollow noopener\" class=\"cg-aff-link\" data-post-title=\"Currencies Direct\" data-aff-link=\"https:\/\/www.currenciesdirect.com\/aff\/v1\/moverdb.php\" data-post-type=\"box\" data-post-id=\"153684\"><img decoding=\"async\" src=\"https:\/\/moverdb.com\/wp-content\/uploads\/currencies-direct-1.png\" class=\"cg-img-1\" alt=\"Valiutos tiesiogiai\"><\/a><\/div><div class=\"cg-layout-content\"><div class=\"cg-text\"><p><span style=\"font-size: 14pt;\"><strong>Valiutos tiesiogiai <\/strong>yra geriausiai \u012fvertintos tarptautin\u0117s pinig\u0173 pervedimo paslaugos m\u016bs\u0173 s\u0105ra\u0161e.<\/span><\/p><ul><li><span style=\"font-size: 14pt;\"><strong>4,9 i\u0161 5 <\/strong>\"Trustpilot\", remiantis daugiau nei 8 000 atsiliepim\u0173 &nbsp;<\/span><\/li><li><span style=\"font-size: 14pt;\"><strong>Joki\u0173 pervedimo mokes\u010di\u0173<\/strong><\/span><\/li><li><span style=\"font-size: 14pt;\">Bank\u0173 \u012fkainiai<\/span><\/li><li><span style=\"font-size: 14pt;\">Apdovanojimus pelniusios paslaugos<\/span><\/li><li><span style=\"font-size: 14pt;\"><strong>I\u0161skirtinis \"Amazon\" dovan\u0173 kortel\u0117s pasi\u016blymas<\/strong> MoverDB.com naudotojams&nbsp;<\/span><\/li><\/ul><\/div><div class=\"cg-lc-button\"><span class='cta-copy'><a href=\"https:\/\/www.currenciesdirect.com\/aff\/v1\/moverdb.php\" class=\"cg-one-button cg-btn cg-red  cg-aff-link cg-btn-lg\" data-post-id=\"153684\" data-post-type=\"box\" data-aff-link=\"https:\/\/www.currenciesdirect.com\/aff\/v1\/moverdb.php\" data-style=\"default\" data-post-title=\"Currencies Direct\" data-extra=\"arrow\" style=\"\" target=\"\" rel=\"nofollow noopener\">Gaukite nemokam\u0105 pasi\u016blym\u0105 dabar!<\/a><\/span><\/span><\/div><\/div><div class=\"cg-bottom-arrow\"><\/div><\/div><\/div>\n\n\n\n\n<\/p>\n<p>\u017di\u016br\u0117ti daugiau palyginim\u0173:<\/p>\n<p>{{mpg_link}}<\/p>\n\n\n<p><\/p>","protected":false},"excerpt":{"rendered":"<p>Both {{mpg_company_1}} and {{mpg_company_2}} are popular international money transfer services. But which one is better? Below we compare them on their fees and reviews. Fees {{mpg_company_1}} {{mpg_company_2}} Homepage Transfer Fee {{mpg_transfer_fee_1}} {{mpg_transfer_fee_2}} Average Exchange Rate Markup {{mpg_average_exchange_rate_markup_1}} {{mpg_average_exchange_rate_markup_2}} Minimum Transfer Amount {{mpg_minimum_transfer_amount_1}} {{mpg_minimum_transfer_amount_2}} Maximum Transfer Amount {{mpg_maximum_transfer_amount_1}} {{mpg_maximum_transfer_amount_2}} All information taken from each company&#8217;s website, [&hellip;]<\/p>\n","protected":false},"author":1,"featured_media":0,"parent":7319,"menu_order":0,"comment_status":"closed","ping_status":"closed","template":"","meta":{"_genesis_hide_title":false,"_genesis_hide_breadcrumbs":false,"_genesis_hide_singular_image":false,"_genesis_hide_footer_widgets":false,"_genesis_custom_body_class":"","_genesis_custom_post_class":"","_genesis_layout":"","footnotes":""},"class_list":{"0":"post-11807","1":"page","2":"type-page","3":"status-publish","5":"entry"},"_links":{"self":[{"href":"https:\/\/moverdb.com\/lt\/wp-json\/wp\/v2\/pages\/11807","targetHints":{"allow":["GET"]}}],"collection":[{"href":"https:\/\/moverdb.com\/lt\/wp-json\/wp\/v2\/pages"}],"about":[{"href":"https:\/\/moverdb.com\/lt\/wp-json\/wp\/v2\/types\/page"}],"author":[{"embeddable":true,"href":"https:\/\/moverdb.com\/lt\/wp-json\/wp\/v2\/users\/1"}],"replies":[{"embeddable":true,"href":"https:\/\/moverdb.com\/lt\/wp-json\/wp\/v2\/comments?post=11807"}],"version-history":[{"count":27,"href":"https:\/\/moverdb.com\/lt\/wp-json\/wp\/v2\/pages\/11807\/revisions"}],"predecessor-version":[{"id":15503,"href":"https:\/\/moverdb.com\/lt\/wp-json\/wp\/v2\/pages\/11807\/revisions\/15503"}],"up":[{"embeddable":true,"href":"https:\/\/moverdb.com\/lt\/wp-json\/wp\/v2\/pages\/7319"}],"wp:attachment":[{"href":"https:\/\/moverdb.com\/lt\/wp-json\/wp\/v2\/media?parent=11807"}],"curies":[{"name":"wp","href":"https:\/\/api.w.org\/{rel}","templated":true}]}}