{"id":11671,"date":"2023-11-29T10:19:29","date_gmt":"2023-11-29T10:19:29","guid":{"rendered":"https:\/\/moverdb.com\/?page_id=11671"},"modified":"2026-01-08T15:23:52","modified_gmt":"2026-01-08T15:23:52","slug":"moving-companies-us-utah","status":"publish","type":"page","link":"https:\/\/moverdb.com\/lt\/moving-companies\/moving-companies-us-utah\/","title":{"rendered":"2 Geriausios tarptautin\u0117s perkraustymo \u012fmon\u0117s Jutoje"},"content":{"rendered":"<p>Persikraustymas gali b\u016bti vienas i\u0161 did\u017eiausi\u0105 stres\u0105 kelian\u010di\u0173 laikotarpi\u0173 j\u016bs\u0173 gyvenime, tod\u0117l kod\u0117l nepasitelkus pagalbos i\u0161 <a href=\"https:\/\/moverdb.com\/lt\/moving-companies\/\" data-internallinksmanager029f6b8e52c=\"79\" title=\"Top 25 Tarptautin\u0117s perkraustymo \u012fmon\u0117s internete\">perkraustymo \u012fmon\u0117<\/a> suma\u017einti spaudim\u0105? Perkraustymo \u012fmon\u0117 gali suplanuoti j\u016bs\u0173 persikraustym\u0105, organizuoti transportavim\u0105 ir supakuoti j\u016bs\u0173 daiktus, taip pat sutvarkyti muitin\u0117s reikalus, jei persikraustoma \u012f kit\u0105 \u0161al\u012f. Toliau pateikiame s\u0105ra\u0161\u0105 <a href=\"https:\/\/moverdb.com\/lt\/moving-to-the-united-states\/moving-to-utah\/\" data-internallinksmanager029f6b8e52c=\"439\" title=\"Persik\u0117limas \u012f Jut\u0105? 2023 m. pragyvenimo i\u0161laidos ir persik\u0117limo patarimai\">Juta<\/a> remiantis <a href=\"https:\/\/moverdb.com\/lt\/international-removals\/\" data-internallinksmanager029f6b8e52c=\"27\" title=\"36 geriausios tarptautinio perkraustymo \u012fmon\u0117s Jungtin\u0117je Karalyst\u0117je\">perkraustymo \u012fmon\u0117s<\/a> kurie yra <a href=\"https:\/\/moverdb.com\/lt\/iam\/\" data-internallinksmanager029f6b8e52c=\"23\" title=\"Tarptautin\u0117s perkraustytoj\u0173 asociacijos (IAM) paai\u0161kinimai\">Tarptautin\u0117 perkraustytoj\u0173 asociacija<\/a> (IAM) ir (arba) <a href=\"https:\/\/moverdb.com\/lt\/fidi-faim\/\" data-internallinksmanager029f6b8e52c=\"16\" title=\"FIDI ir FAIM (FIDI akredituotas tarptautinis perve\u017e\u0117jas) paai\u0161kinimai\">FIDI<\/a> Akredituot\u0173 tarptautini\u0173 perkraustymo paslaug\u0173 teik\u0117j\u0173 (FAIM), kurie gal\u0117t\u0173 pad\u0117ti jums persikraustyti.<\/p>\n<h2><strong>1. Legacy Moving<\/strong><\/h2>\n<p><img loading=\"lazy\" decoding=\"async\" class=\"alignnone size-full wp-image-11363\" src=\"https:\/\/moverdb.com\/wp-content\/uploads\/Legacy-Moving-international-moving-company.png\" alt=\"Legacy Moving tarptautin\u0117 judanti \u012fmon\u0117\" width=\"1440\" height=\"675\" data-wp-pid=\"11363\" srcset=\"https:\/\/moverdb.com\/wp-content\/uploads\/Legacy-Moving-international-moving-company.png 1440w, https:\/\/moverdb.com\/wp-content\/uploads\/Legacy-Moving-international-moving-company-300x141.png 300w, https:\/\/moverdb.com\/wp-content\/uploads\/Legacy-Moving-international-moving-company-1024x480.png 1024w, https:\/\/moverdb.com\/wp-content\/uploads\/Legacy-Moving-international-moving-company-18x8.png 18w, https:\/\/moverdb.com\/wp-content\/uploads\/Legacy-Moving-international-moving-company-600x281.png 600w\" sizes=\"auto, (max-width: 1440px) 100vw, 1440px\" \/><\/p>\n<ul>\n<li>Nacionaliniai judesiai<\/li>\n<li>Tarptautiniai perkraustymai<\/li>\n<li>Gyvenam\u0173j\u0173 nam\u0173 perkraustymai<\/li>\n<li>Komercini\u0173 ir biuro patalp\u0173 perkraustymas<\/li>\n<li>Visapusi\u0161kos perkraustymo paslaugos<\/li>\n<li>Pakavimo paslauga<\/li>\n<li>Transportavimo organizavimas<\/li>\n<li>Patyr\u0119 konsultantai<\/li>\n<li>Apdraustas<\/li>\n<li>Saugus saugojimas<\/li>\n<\/ul>\n<p>\"Legacy Moving\" yra jud\u0117jimo ir saugojimo \u012fmon\u0117, \u012fsik\u016brusi Sent D\u017eord\u017ee. Ji yra IAM nar\u0117, turinti \u0161e\u0161eri\u0173 met\u0173 patirt\u012f, tod\u0117l turi nacionalin\u012f ir tarptautin\u012f perkraustymo \u012fmoni\u0173 tinkl\u0105.<\/p>\n<p>\"Legacy Moving\" si\u016blo gyvenam\u0173j\u0173, komercini\u0173 ir biuro patalp\u0173 perkraustym\u0105 dideliais atstumais ir tarptautiniu mastu. Jie si\u016blo pakavimo paslaug\u0105, kuri\u0105 teikia naudodami profesionalias pakavimo priemones ir apmokytus darbuotojus, kad j\u016bs\u0173 daiktai b\u016bt\u0173 saugiai supakuoti. Jie teikia patyrusius konsultantus, kurie pad\u0117s jums persikraustymo metu, o j\u0173 paslaugos yra licencijuotos ir apdraustos. Jie taip pat teikia saugias sand\u0117liavimo patalpas, jei jums j\u0173 prireikt\u0173 i\u0161sikraustant arba prie\u0161 \u012fsikraustant.<\/p>\n<p>Interneto svetain\u0117: <a href=\"https:\/\/legacymovingstgeorge.com\/\" target=\"_blank\" rel=\"noopener\">https:\/\/legacymovingstgeorge.com\/<\/a><\/p>\n<h2><strong>2. Mesa Moving &amp; Storage<\/strong><\/h2>\n<p><img loading=\"lazy\" decoding=\"async\" class=\"alignnone size-full wp-image-11375\" src=\"https:\/\/moverdb.com\/wp-content\/uploads\/Mesa-Moving-Storage-international-moving-company.png\" alt=\"&quot;Mesa Moving &amp; Storage&quot; tarptautin\u0117 perkraustymo \u012fmon\u0117\" width=\"1440\" height=\"678\" data-wp-pid=\"11375\" srcset=\"https:\/\/moverdb.com\/wp-content\/uploads\/Mesa-Moving-Storage-international-moving-company.png 1440w, https:\/\/moverdb.com\/wp-content\/uploads\/Mesa-Moving-Storage-international-moving-company-300x141.png 300w, https:\/\/moverdb.com\/wp-content\/uploads\/Mesa-Moving-Storage-international-moving-company-1024x482.png 1024w, https:\/\/moverdb.com\/wp-content\/uploads\/Mesa-Moving-Storage-international-moving-company-18x8.png 18w, https:\/\/moverdb.com\/wp-content\/uploads\/Mesa-Moving-Storage-international-moving-company-600x283.png 600w\" sizes=\"auto, (max-width: 1440px) 100vw, 1440px\" \/><\/p>\n<ul>\n<li>Vietiniai perkraustymai<\/li>\n<li>Tolimi perve\u017eimai<\/li>\n<li>Nam\u0173 \u016bkio perkraustymai<\/li>\n<li>Biur\u0173 ir komercini\u0173 patalp\u0173 perkraustymas<\/li>\n<li>Pakavimo paslauga<\/li>\n<li>Transporto priemon\u0117s<\/li>\n<li>Meno ir antikvarini\u0173 daikt\u0173 tvarkymas<\/li>\n<li><a href=\"https:\/\/moverdb.com\/lt\/car-transport-shipping\/\" data-internallinksmanager029f6b8e52c=\"2\" title=\"2026 Tarptautinio automobili\u0173 transporto ir transporto priemoni\u0173 gabenimo citatos\">Transporto priemoni\u0173 gabenimas<\/a><\/li>\n<li>Sand\u0117liavimo patalpos<\/li>\n<\/ul>\n<p>\"Mesa Moving &amp; Storage\" yra 1981 m. \u012fkurta jud\u0117jimo bendrov\u0117, turinti padalini\u0173 Solt Leik Sityje, <a href=\"https:\/\/moverdb.com\/lt\/moving-to-the-united-states\/moving-to-colorado\/\" data-internallinksmanager029f6b8e52c=\"399\" title=\"Persik\u0117limas \u012f Kolorad\u0105? 2023 Gyvenimo i\u0161laidos ir persik\u0117limo patarimai\">Koloradas<\/a> <a href=\"https:\/\/moverdb.com\/lt\/moving-to-the-united-states\/moving-to-idaho\/\" data-internallinksmanager029f6b8e52c=\"405\" title=\"Persik\u0117limas \u012f Aidaho? 2023 m. pragyvenimo i\u0161laidos ir persik\u0117limo patarimai\">Aidaho<\/a> ir <a href=\"https:\/\/moverdb.com\/lt\/moving-to-the-united-states\/moving-to-montana\/\" data-internallinksmanager029f6b8e52c=\"461\" title=\"Persik\u0117limas \u012f Montan\u0105? 2024 Gyvenimo i\u0161laidos ir persik\u0117limo patarimai\">Montana<\/a>. Jie yra \"United Van Lines\" agentai, tod\u0117l turi nacionalini\u0173 perkraustymo \u012fmoni\u0173 tinkl\u0105, su kuriuo gali dirbti. Jie yra IAM nariai, turintys 12 met\u0173 patirt\u012f ir akredituoti FIDI.<\/p>\n<p>\"Mesa Moving &amp; Storage\" teikia nam\u0173 ir biur\u0173 perkraustymo paslaugas vietos ir nacionaliniu mastu. Jie teikia profesionalias pakavimo paslaugas, o kvalifikuoti ir apmokyti perkraustytojai u\u017etikrins, kad j\u016bs\u0173 daiktai, nepriklausomai nuo j\u0173 formos ir dyd\u017eio, b\u016bt\u0173 tinkamai ir saugiai supakuoti perve\u017eimui.<\/p>\n<p>Interneto svetain\u0117: <a href=\"https:\/\/mesamoving.com\/\" target=\"_blank\" rel=\"noopener\">https:\/\/mesamoving.com\/<\/a><\/p>","protected":false},"excerpt":{"rendered":"<p>Moving can be one of the most stressful times in your life, so why not enlist the support of a moving company to reduce the pressure? A moving company can plan your move, arrange transportation and pack your belongings as well as handle customs if moving countries. Below we have compiled a list of Utah [&hellip;]<\/p>\n","protected":false},"author":4,"featured_media":11363,"parent":190,"menu_order":0,"comment_status":"closed","ping_status":"closed","template":"","meta":{"_genesis_hide_title":false,"_genesis_hide_breadcrumbs":false,"_genesis_hide_singular_image":false,"_genesis_hide_footer_widgets":false,"_genesis_custom_body_class":"","_genesis_custom_post_class":"","_genesis_layout":"","footnotes":""},"class_list":{"0":"post-11671","1":"page","2":"type-page","3":"status-publish","4":"has-post-thumbnail","6":"entry"},"_links":{"self":[{"href":"https:\/\/moverdb.com\/lt\/wp-json\/wp\/v2\/pages\/11671","targetHints":{"allow":["GET"]}}],"collection":[{"href":"https:\/\/moverdb.com\/lt\/wp-json\/wp\/v2\/pages"}],"about":[{"href":"https:\/\/moverdb.com\/lt\/wp-json\/wp\/v2\/types\/page"}],"author":[{"embeddable":true,"href":"https:\/\/moverdb.com\/lt\/wp-json\/wp\/v2\/users\/4"}],"replies":[{"embeddable":true,"href":"https:\/\/moverdb.com\/lt\/wp-json\/wp\/v2\/comments?post=11671"}],"version-history":[{"count":1,"href":"https:\/\/moverdb.com\/lt\/wp-json\/wp\/v2\/pages\/11671\/revisions"}],"predecessor-version":[{"id":11672,"href":"https:\/\/moverdb.com\/lt\/wp-json\/wp\/v2\/pages\/11671\/revisions\/11672"}],"up":[{"embeddable":true,"href":"https:\/\/moverdb.com\/lt\/wp-json\/wp\/v2\/pages\/190"}],"wp:featuredmedia":[{"embeddable":true,"href":"https:\/\/moverdb.com\/lt\/wp-json\/wp\/v2\/media\/11363"}],"wp:attachment":[{"href":"https:\/\/moverdb.com\/lt\/wp-json\/wp\/v2\/media?parent=11671"}],"curies":[{"name":"wp","href":"https:\/\/api.w.org\/{rel}","templated":true}]}}