{"id":11668,"date":"2023-11-29T10:49:05","date_gmt":"2023-11-29T10:49:05","guid":{"rendered":"https:\/\/moverdb.com\/?page_id=11668"},"modified":"2026-01-08T15:29:30","modified_gmt":"2026-01-08T15:29:30","slug":"moving-companies-us-texas","status":"publish","type":"page","link":"https:\/\/moverdb.com\/lt\/moving-companies\/moving-companies-us-texas\/","title":{"rendered":"7 Geriausios tarptautin\u0117s perkraustymo \u012fmon\u0117s Teksase"},"content":{"rendered":"<p>Persikraustymo planavimas gali kelti stres\u0105, tad kod\u0117l nepasitelkus \u012f pagalb\u0105 <a href=\"https:\/\/moverdb.com\/lt\/moving-companies\/\" data-internallinksmanager029f6b8e52c=\"79\" title=\"Top 25 Tarptautin\u0117s perkraustymo \u012fmon\u0117s internete\">perkraustymo \u012fmon\u0117<\/a> ap\u0161viesti savo krovin\u012f? Jie gali pad\u0117ti planuoti, supakuoti j\u016bs\u0173 daiktus, organizuoti transportavim\u0105 ir sutvarkyti muitin\u0117s reikalus, jei kraustot\u0117s tarptautiniu mastu. Toliau pateikiame s\u0105ra\u0161\u0105 <a href=\"https:\/\/moverdb.com\/lt\/moving-to-the-united-states\/moving-to-texas\/\" data-internallinksmanager029f6b8e52c=\"397\" title=\"Persik\u0117limas \u012f Teksas\u0105? 2023 m. gyvenimo i\u0161laidos ir persik\u0117limo patarimai\">Teksasas<\/a> remiantis <a href=\"https:\/\/moverdb.com\/lt\/international-removals\/\" data-internallinksmanager029f6b8e52c=\"27\" title=\"36 geriausios tarptautinio perkraustymo \u012fmon\u0117s Jungtin\u0117je Karalyst\u0117je\">perkraustymo \u012fmon\u0117s<\/a> kurie yra <a href=\"https:\/\/moverdb.com\/lt\/iam\/\" data-internallinksmanager029f6b8e52c=\"23\" title=\"Tarptautin\u0117s perkraustytoj\u0173 asociacijos (IAM) paai\u0161kinimai\">Tarptautin\u0117 perkraustytoj\u0173 asociacija<\/a> (IAM) ir (arba) <a href=\"https:\/\/moverdb.com\/lt\/fidi-faim\/\" data-internallinksmanager029f6b8e52c=\"16\" title=\"FIDI ir FAIM (FIDI akredituotas tarptautinis perve\u017e\u0117jas) paai\u0161kinimai\">FIDI<\/a> Akredituotas tarptautinis perkraustymas (FAIM), kuris gal\u0117t\u0173 pad\u0117ti jums persikraustyti.<\/p>\n<div id=\"ez-toc-container\" class=\"ez-toc-v2_0_82_2 ez-toc-wrap-left counter-hierarchy ez-toc-counter ez-toc-transparent ez-toc-container-direction\">\n<div class=\"ez-toc-title-container\">\n<p class=\"ez-toc-title\" style=\"cursor:inherit\">Skyriai<\/p>\n<span class=\"ez-toc-title-toggle\"><a href=\"#\" class=\"ez-toc-pull-right ez-toc-btn ez-toc-btn-xs ez-toc-btn-default ez-toc-toggle\" aria-label=\"Perjungti turinio lentel\u0119\"><span class=\"ez-toc-js-icon-con\"><span class=\"\"><span class=\"eztoc-hide\" style=\"display:none;\">Perjungti<\/span><span class=\"ez-toc-icon-toggle-span\"><svg style=\"fill: #999;color:#999\" xmlns=\"http:\/\/www.w3.org\/2000\/svg\" class=\"list-377408\" width=\"20px\" height=\"20px\" viewbox=\"0 0 24 24\" fill=\"none\"><path d=\"M6 6H4v2h2V6zm14 0H8v2h12V6zM4 11h2v2H4v-2zm16 0H8v2h12v-2zM4 16h2v2H4v-2zm16 0H8v2h12v-2z\" fill=\"currentColor\"><\/path><\/svg><svg style=\"fill: #999;color:#999\" class=\"arrow-unsorted-368013\" xmlns=\"http:\/\/www.w3.org\/2000\/svg\" width=\"10px\" height=\"10px\" viewbox=\"0 0 24 24\" version=\"1.2\" baseprofile=\"tiny\"><path d=\"M18.2 9.3l-6.2-6.3-6.2 6.3c-.2.2-.3.4-.3.7s.1.5.3.7c.2.2.4.3.7.3h11c.3 0 .5-.1.7-.3.2-.2.3-.5.3-.7s-.1-.5-.3-.7zM5.8 14.7l6.2 6.3 6.2-6.3c.2-.2.3-.5.3-.7s-.1-.5-.3-.7c-.2-.2-.4-.3-.7-.3h-11c-.3 0-.5.1-.7.3-.2.2-.3.5-.3.7s.1.5.3.7z\"\/><\/svg><\/span><\/span><\/span><\/a><\/span><\/div>\n<nav><ul class='ez-toc-list ez-toc-list-level-1 eztoc-toggle-hide-by-default' ><li class='ez-toc-page-1 ez-toc-heading-level-2'><a class=\"ez-toc-link ez-toc-heading-1\" href=\"https:\/\/moverdb.com\/lt\/moving-companies\/moving-companies-us-texas\/#1_A-1_Freeman_Moving_Group\" >1. \"A-1 Freeman Moving Group<\/a><\/li><li class='ez-toc-page-1 ez-toc-heading-level-2'><a class=\"ez-toc-link ez-toc-heading-2\" href=\"https:\/\/moverdb.com\/lt\/moving-companies\/moving-companies-us-texas\/#2_Central_Transportation_Systems\" >2. Centrin\u0117s transporto sistemos<\/a><\/li><li class='ez-toc-page-1 ez-toc-heading-level-2'><a class=\"ez-toc-link ez-toc-heading-3\" href=\"https:\/\/moverdb.com\/lt\/moving-companies\/moving-companies-us-texas\/#3_Daryl_Flood_Moving_Storage\" >3. Daryl Flood Moving &amp; Storage<\/a><\/li><li class='ez-toc-page-1 ez-toc-heading-level-2'><a class=\"ez-toc-link ez-toc-heading-4\" href=\"https:\/\/moverdb.com\/lt\/moving-companies\/moving-companies-us-texas\/#4_Firefighters_Finest_Moving_Storage\" >4. \"Firefighter's Finest Moving &amp; Storage<\/a><\/li><li class='ez-toc-page-1 ez-toc-heading-level-2'><a class=\"ez-toc-link ez-toc-heading-5\" href=\"https:\/\/moverdb.com\/lt\/moving-companies\/moving-companies-us-texas\/#5_Scobey_Moving_Storage\" >5. \"Scobey Moving &amp; Storage<\/a><\/li><li class='ez-toc-page-1 ez-toc-heading-level-2'><a class=\"ez-toc-link ez-toc-heading-6\" href=\"https:\/\/moverdb.com\/lt\/moving-companies\/moving-companies-us-texas\/#6_Trans_Global_Auto_Logistics\" >6. Trans Global Auto Logistics<\/a><\/li><li class='ez-toc-page-1 ez-toc-heading-level-2'><a class=\"ez-toc-link ez-toc-heading-7\" href=\"https:\/\/moverdb.com\/lt\/moving-companies\/moving-companies-us-texas\/#7_Transportation_Worldwide\" >7. Transportas visame pasaulyje<\/a><\/li><\/ul><\/nav><\/div>\n<h2><span class=\"ez-toc-section\" id=\"1_A-1_Freeman_Moving_Group\"><\/span><strong>1. \"A-1 Freeman Moving Group<\/strong><span class=\"ez-toc-section-end\"><\/span><\/h2>\n<p><img loading=\"lazy\" decoding=\"async\" class=\"alignnone size-full wp-image-11236\" src=\"https:\/\/moverdb.com\/wp-content\/uploads\/A1-Freeman-Moving-Group-international-moving-company.png\" alt=\"&quot;A1 Freeman Moving Group&quot; tarptautin\u0117 perkraustymo \u012fmon\u0117\" width=\"1440\" height=\"675\" data-wp-pid=\"11236\" srcset=\"https:\/\/moverdb.com\/wp-content\/uploads\/A1-Freeman-Moving-Group-international-moving-company.png 1440w, https:\/\/moverdb.com\/wp-content\/uploads\/A1-Freeman-Moving-Group-international-moving-company-300x141.png 300w, https:\/\/moverdb.com\/wp-content\/uploads\/A1-Freeman-Moving-Group-international-moving-company-1024x480.png 1024w, https:\/\/moverdb.com\/wp-content\/uploads\/A1-Freeman-Moving-Group-international-moving-company-18x8.png 18w, https:\/\/moverdb.com\/wp-content\/uploads\/A1-Freeman-Moving-Group-international-moving-company-600x281.png 600w\" sizes=\"auto, (max-width: 1440px) 100vw, 1440px\" \/><\/p>\n<ul>\n<li>Vietiniai ir tolimieji perve\u017eimai<\/li>\n<li>Tarptautiniai perkraustymai<\/li>\n<li>Gyvenam\u0173j\u0173 nam\u0173 perkraustymai<\/li>\n<li>Komerciniai perkraustymai<\/li>\n<li>\u012emoni\u0173 perk\u0117limai<\/li>\n<li>Pagalba prie\u0161 persikraustym\u0105<\/li>\n<li>Pakavimo parinktys<\/li>\n<li>Muitinis \u012fforminimas<\/li>\n<li>Transporto priemoni\u0173 transportavimas<\/li>\n<li>Sand\u0117liavimo patalpos<\/li>\n<\/ul>\n<p>\"A-1 Freeman Moving Group\" yra 1974 m. \u012fkurta jud\u0117jimo, perk\u0117limo ir transportavimo \u012fmon\u0117, turinti 12 padalini\u0173 visoje <a href=\"https:\/\/moverdb.com\/lt\/moving-to-the-united-states\/\" data-internallinksmanager029f6b8e52c=\"94\" title=\"Persik\u0117limas \u012f Jungtines Amerikos Valstijas? 2022 Gyvenimo i\u0161laidos ir persik\u0117limo patarimai\">JAV<\/a> \u012fskaitant \u0161e\u0161is Teksase <a href=\"https:\/\/moverdb.com\/lt\/moving-to-dallas\/\" data-internallinksmanager029f6b8e52c=\"41\" title=\"Persik\u0117limas \u012f Dalas\u0105? 2022 Gyvenimo i\u0161laidos ir persik\u0117limo patarimai\">Dalasas<\/a>, El Paso, <a href=\"https:\/\/moverdb.com\/lt\/moving-to-houston\/\" data-internallinksmanager029f6b8e52c=\"47\" title=\"Persik\u0117limas \u012f Hiuston\u0105? 2022 Gyvenimo i\u0161laidos ir persik\u0117limo patarimai\">Hiustonas<\/a>, San Antonio, Wichita Falls ir Nolanville. Jie yra \"North American Van Lines\" agentai, tod\u0117l turi perkraustymo agent\u0173 tinkl\u0105, su kuriuo gali dirbti. Jie yra IAM nariai, turintys 33 met\u0173 patirt\u012f.<\/p>\n<p>\"A-1 Freeman Moving Group\" si\u016blo nemokam\u0105 pasi\u016blym\u0105 ir suteiks i\u0161ankstinio planavimo pagalb\u0105. Jie turi visi\u0161kai apmokytas ir kvalifikuotas komandas, kurios teikia profesionalias ir individualias pakavimo paslaugas, si\u016blydami visas pakavimo paslaugas, tik trapi\u0173 daikt\u0173 pakavim\u0105 ir savaranki\u0161k\u0105 pakavim\u0105.<\/p>\n<p>Interneto svetain\u0117: <a href=\"https:\/\/www.a-1freeman.com\/\" target=\"_blank\" rel=\"noopener\">https:\/\/www.a-1freeman.com\/<\/a><\/p>\n<h2><span class=\"ez-toc-section\" id=\"2_Central_Transportation_Systems\"><\/span><strong>2. Centrin\u0117s transporto sistemos<\/strong><span class=\"ez-toc-section-end\"><\/span><\/h2>\n<p><img loading=\"lazy\" decoding=\"async\" class=\"alignnone size-full wp-image-11283\" src=\"https:\/\/moverdb.com\/wp-content\/uploads\/Central-Transportation-Systems-international-moving-company.png\" alt=\"&quot;Central Transportation Systems&quot; tarptautin\u0117 perkraustymo \u012fmon\u0117\" width=\"1440\" height=\"676\" data-wp-pid=\"11283\" srcset=\"https:\/\/moverdb.com\/wp-content\/uploads\/Central-Transportation-Systems-international-moving-company.png 1440w, https:\/\/moverdb.com\/wp-content\/uploads\/Central-Transportation-Systems-international-moving-company-300x141.png 300w, https:\/\/moverdb.com\/wp-content\/uploads\/Central-Transportation-Systems-international-moving-company-1024x481.png 1024w, https:\/\/moverdb.com\/wp-content\/uploads\/Central-Transportation-Systems-international-moving-company-18x8.png 18w, https:\/\/moverdb.com\/wp-content\/uploads\/Central-Transportation-Systems-international-moving-company-600x282.png 600w\" sizes=\"auto, (max-width: 1440px) 100vw, 1440px\" \/><\/p>\n<ul>\n<li>Vietiniai ir tolimieji perve\u017eimai<\/li>\n<li>Tarptautiniai perkraustymai<\/li>\n<li>Gyvenam\u0173j\u0173 nam\u0173 perkraustymai<\/li>\n<li>Komerciniai perkraustymai<\/li>\n<li>Paslauga \"nuo dur\u0173 iki dur\u0173<\/li>\n<li>Special\u016bs perkraustymo koordinatoriai<\/li>\n<li>Pakavimo paslauga<\/li>\n<li>Muitinis \u012fforminimas<\/li>\n<li>Vis\u0173 rizik\u0173 draudimas<\/li>\n<li>Trumpalaikis ir ilgalaikis saugojimas<\/li>\n<\/ul>\n<p>\"Central Transportation Systems\" yra perkraustymo ir saugojimo \u012fmon\u0117, turinti padalini\u0173 El Pase, Ostine, Kileene ir Vake. Ji yra \"United Van Lines\" agent\u0117 ir turi profesional\u0173 partneryst\u0117s tinkl\u0105, kuris teikia tre\u010di\u0173j\u0173 \u0161ali\u0173 logistikos paslaugas ir padeda joms teikti paslaugas. Jie yra IAM nariai, turintys 96 met\u0173 patirt\u012f.<\/p>\n<p>\"Central Transportation Systems\" si\u016blo perkraustymo nuo dur\u0173 iki dur\u0173 paslaugas ir kvalifikuot\u0105 perkraustymo koordinatori\u0173, kuris sudarys individual\u0173 perkraustymo plan\u0105, atitinkant\u012f j\u016bs\u0173 poreikius ir biud\u017eet\u0105. Jie si\u016blo visas perkraustymo paslaugas, o kvalifikuot\u0173 perkraustytoj\u0173 komanda kvalifikuotai supakuos ir supakuos j\u016bs\u0173 daiktus bei pasir\u016bpins muitin\u0117s formalumais.<\/p>\n<p>Interneto svetain\u0117: <a href=\"http:\/\/www.centralsystems.com\" target=\"_blank\" rel=\"noopener\">http:\/\/www.centralsystems.com<\/a><\/p>\n<h2><span class=\"ez-toc-section\" id=\"3_Daryl_Flood_Moving_Storage\"><\/span><strong>3. Daryl Flood Moving &amp; Storage<\/strong><span class=\"ez-toc-section-end\"><\/span><\/h2>\n<p><img loading=\"lazy\" decoding=\"async\" class=\"alignnone size-full wp-image-11303\" src=\"https:\/\/moverdb.com\/wp-content\/uploads\/Daryl-Flood-Moving-Storage-international-moving-company.png\" alt=\"Daryl Flood Moving &amp; Storage tarptautin\u0117 perkraustymo \u012fmon\u0117\" width=\"1440\" height=\"675\" data-wp-pid=\"11303\" srcset=\"https:\/\/moverdb.com\/wp-content\/uploads\/Daryl-Flood-Moving-Storage-international-moving-company.png 1440w, https:\/\/moverdb.com\/wp-content\/uploads\/Daryl-Flood-Moving-Storage-international-moving-company-300x141.png 300w, https:\/\/moverdb.com\/wp-content\/uploads\/Daryl-Flood-Moving-Storage-international-moving-company-1024x480.png 1024w, https:\/\/moverdb.com\/wp-content\/uploads\/Daryl-Flood-Moving-Storage-international-moving-company-18x8.png 18w, https:\/\/moverdb.com\/wp-content\/uploads\/Daryl-Flood-Moving-Storage-international-moving-company-600x281.png 600w\" sizes=\"auto, (max-width: 1440px) 100vw, 1440px\" \/><\/p>\n<ul>\n<li>Vietiniai ir tolimieji perve\u017eimai<\/li>\n<li>Tarptautiniai perkraustymai<\/li>\n<li>Gyvenam\u0173j\u0173 nam\u0173 perkraustymai<\/li>\n<li>Biuro perkraustymai<\/li>\n<li>Specialus tarptautini\u0173 perkraustym\u0173 koordinatorius<\/li>\n<li>Paslauga \"nuo dur\u0173 iki dur\u0173<\/li>\n<li>Pakavimo paslauga<\/li>\n<li>Muitin\u0117s pagalba<\/li>\n<li>\u012esik\u016brimo paslaugos<\/li>\n<li>Saugaus saugojimo paslaugos<\/li>\n<\/ul>\n<p>\"Daryl Flood Moving &amp; Storage\" yra 1982 m. \u012fkurta jud\u0117jimo \u012fmon\u0117, turinti padalinius Ostine ir Dalase, <a href=\"https:\/\/moverdb.com\/lt\/moving-to-fort-worth\/\" data-internallinksmanager029f6b8e52c=\"45\" title=\"Persikraustote \u012f Fort Vort\u0105? 2022 Gyvenimo i\u0161laidos ir persik\u0117limo patarimai\">Fort Vortas<\/a>, Hiustone ir San Antonijuje. Jie yra \"Mayflower Van Lines\" agentai, tod\u0117l turi platesn\u012f perkraustymo \u012fmoni\u0173 tinkl\u0105, su kuriuo gali bendradarbiauti visoje JAV ir teikti savo paslaugas. Jie yra akredituoti FIDI.<\/p>\n<p>\"Daryl Flood Moving &amp; Storage\" si\u016blo specialiai pritaikytas perkraustymo nuo dur\u0173 iki dur\u0173 paslaugas, kurias galima rinktis nuo visapusi\u0161k\u0173 paslaug\u0173 iki \"pasidaryk pats\" pakavimo variant\u0173. Jie teikia patikrintas ir apmokytas profesionalias perkraustymo komandas, kurios gali visi\u0161kai arba i\u0161 dalies supakuoti j\u016bs\u0173 daiktus naudodamos auk\u0161tos kokyb\u0117s pakavimo med\u017eiagas. Jie si\u016blo \u012fsik\u016brimo paslaugas, \u012fskaitant nam\u0173 ir mokykl\u0173 paie\u0161kas, orientavim\u0105 ir laikin\u0105 apgyvendinim\u0105.<\/p>\n<p>Interneto svetain\u0117: <a href=\"http:\/\/www.darylflood.com\" target=\"_blank\" rel=\"noopener\">http:\/\/www.darylflood.com<\/a><\/p>\n<h2><span class=\"ez-toc-section\" id=\"4_Firefighters_Finest_Moving_Storage\"><\/span><strong>4. \"Firefighter's Finest Moving &amp; Storage<\/strong><span class=\"ez-toc-section-end\"><\/span><\/h2>\n<p><img loading=\"lazy\" decoding=\"async\" class=\"alignnone size-full wp-image-11320\" src=\"https:\/\/moverdb.com\/wp-content\/uploads\/Firefightings-Finest-Moving-Storage-international-moving-company.png\" alt=\"Firefightings Finest Moving &amp; Storage tarptautin\u0117 perkraustymo \u012fmon\u0117\" width=\"1440\" height=\"676\" data-wp-pid=\"11320\" srcset=\"https:\/\/moverdb.com\/wp-content\/uploads\/Firefightings-Finest-Moving-Storage-international-moving-company.png 1440w, https:\/\/moverdb.com\/wp-content\/uploads\/Firefightings-Finest-Moving-Storage-international-moving-company-300x141.png 300w, https:\/\/moverdb.com\/wp-content\/uploads\/Firefightings-Finest-Moving-Storage-international-moving-company-1024x481.png 1024w, https:\/\/moverdb.com\/wp-content\/uploads\/Firefightings-Finest-Moving-Storage-international-moving-company-18x8.png 18w, https:\/\/moverdb.com\/wp-content\/uploads\/Firefightings-Finest-Moving-Storage-international-moving-company-600x282.png 600w\" sizes=\"auto, (max-width: 1440px) 100vw, 1440px\" \/><\/p>\n<ul>\n<li>Vietiniai perkraustymai<\/li>\n<li>Tolimi perve\u017eimai<\/li>\n<li>Nam\u0173 \u016bkio perkraustymai<\/li>\n<li>Verslo \u017eingsniai<\/li>\n<li>Nemokama s\u0105mata<\/li>\n<li>Pakavimo paslauga<\/li>\n<li>Transporto organizavimas<\/li>\n<li>Daili\u0173j\u0173 men\u0173 ir antikvarini\u0173 daikt\u0173 tvarkymas<\/li>\n<li>I\u0161pakavimo paslauga<\/li>\n<li>Ilgalaikis ir trumpalaikis saugojimas<\/li>\n<\/ul>\n<p>\"Firefighting's Finest Moving &amp; Storage\" - tai perkraustymo \u012fmon\u0117, kuri\u0105 2001 m. \u012fk\u016br\u0117 du neetatiniai ugniagesiai ir kuri i\u0161sipl\u0117t\u0117 iki Fort Vorto, Dalaso, Hiustono ir Ostino miest\u0173. Jie yra IAM nariai, turintys 19 met\u0173 patirt\u012f, kuri suteikia jiems galimyb\u0119 bendradarbiauti su perkraustymo \u012fmoni\u0173 tinklu.<\/p>\n<p>\"Firefighting's Finest Moving &amp; Storage\" si\u016blo nemokam\u0105 <a href=\"https:\/\/moverdb.com\/lt\/quotes\/\" data-internallinksmanager029f6b8e52c=\"26\" title=\"Tarptautinio perkraustymo citatos: 12 klausim\u0173, kuriuos reikia u\u017eduoti perve\u017eimo \u012fmonei: 12 klausim\u0173, kuriuos reikia u\u017eduoti perve\u017eimo \u012fmonei\">persikraustymo citata<\/a> ir jie pad\u0117s jums suplanuoti persikraustym\u0105. Jie turi auk\u0161tos kokyb\u0117s profesionalias perkraustymo brigadas, kurios pasir\u016bpins pamink\u0161tinimu, tempimo pl\u0117vele, ve\u017eim\u0117liais ir kita \u012franga, kad apsaugot\u0173 j\u016bs\u0173 gabenamus daiktus, ypa\u010d trapius daiktus.<\/p>\n<p>Interneto svetain\u0117: <a href=\"http:\/\/www.firefightermovers.com\" target=\"_blank\" rel=\"noopener\">http:\/\/www.firefightermovers.com<\/a><\/p>\n<h2><span class=\"ez-toc-section\" id=\"5_Scobey_Moving_Storage\"><\/span><strong>5. \"Scobey Moving &amp; Storage<\/strong><span class=\"ez-toc-section-end\"><\/span><\/h2>\n<p><img loading=\"lazy\" decoding=\"async\" class=\"alignnone size-full wp-image-11436\" src=\"https:\/\/moverdb.com\/wp-content\/uploads\/Scobey-Moving-Storage-international-moving-company.png\" alt=\"&quot;Scobey Moving &amp; Storage&quot; tarptautin\u0117 perkraustymo \u012fmon\u0117\" width=\"1440\" height=\"675\" data-wp-pid=\"11436\" srcset=\"https:\/\/moverdb.com\/wp-content\/uploads\/Scobey-Moving-Storage-international-moving-company.png 1440w, https:\/\/moverdb.com\/wp-content\/uploads\/Scobey-Moving-Storage-international-moving-company-300x141.png 300w, https:\/\/moverdb.com\/wp-content\/uploads\/Scobey-Moving-Storage-international-moving-company-1024x480.png 1024w, https:\/\/moverdb.com\/wp-content\/uploads\/Scobey-Moving-Storage-international-moving-company-18x8.png 18w, https:\/\/moverdb.com\/wp-content\/uploads\/Scobey-Moving-Storage-international-moving-company-600x281.png 600w\" sizes=\"auto, (max-width: 1440px) 100vw, 1440px\" \/><\/p>\n<ul>\n<li>Vietiniai ir tolimieji perve\u017eimai<\/li>\n<li>Tarptautiniai perkraustymai<\/li>\n<li>Nam\u0173 \u016bkio perkraustymai<\/li>\n<li>Komerciniai perkraustymai<\/li>\n<li>Kariuomen\u0117s ir vyriausyb\u0117s perk\u0117limai<\/li>\n<li>Individualiems poreikiams pritaikytos paslaugos<\/li>\n<li>Visapusi\u0161kos perkraustymo paslaugos<\/li>\n<li>\u012epakavimo variant\u0173 pasirinkimas<\/li>\n<li>Siuntos steb\u0117jimas<\/li>\n<li>Trumpalaikis ir ilgalaikis saugojimas<\/li>\n<\/ul>\n<p>\"Scobey Moving &amp; Storage\" yra jud\u0117jimo paslaug\u0173 \u012fmon\u0117, turinti padalinius Kileene, El Pase ir San Antonijuje. Ji yra susijusi su \"Mayflower Transit\" ir turi \u012fvair\u0173 perkraustymo \u012fmoni\u0173 tinkl\u0105, padedant\u012f teikti perkraustymo ir saugojimo paslaugas. Jie yra IAM nariai, turintys 110 met\u0173 patirt\u012f.<\/p>\n<p>\"Scobey Moving &amp; Storage\" si\u016blo asmenin\u0119 arba virtuali\u0105 apklaus\u0105, kad \u012fvertint\u0173 j\u016bs\u0173 poreikius ir pateikt\u0173 pasi\u016blym\u0105. Jie si\u016blo pakavimo paslaugas arba savaranki\u0161k\u0105 pakavim\u0105. Jie teikia asmenines perkraustymo nuo dur\u0173 iki dur\u0173 paslaugas, o jums padeda perkraustymo koordinatorius. Jie si\u016blo pakavimo paslaugas su nestandartiniu \u012fpakavimu \u012f d\u0117\u017ees ir visi\u0161ko pakeitimo vert\u0117s padengimu.<\/p>\n<p>Interneto svetain\u0117: <a href=\"http:\/\/www.scobeymoving.com\/\" target=\"_blank\" rel=\"noopener\">http:\/\/www.scobeymoving.com\/<\/a><\/p>\n<h2><span class=\"ez-toc-section\" id=\"6_Trans_Global_Auto_Logistics\"><\/span><strong>6. Trans Global Auto Logistics<\/strong><span class=\"ez-toc-section-end\"><\/span><\/h2>\n<p><img loading=\"lazy\" decoding=\"async\" class=\"alignnone size-full wp-image-11459\" src=\"https:\/\/moverdb.com\/wp-content\/uploads\/Trans-Global-Auto-Logistics-international-moving-company.png\" alt=\"&quot;Trans Global Auto Logistics&quot; tarptautin\u0117 perkraustymo \u012fmon\u0117\" width=\"1440\" height=\"655\" data-wp-pid=\"11459\" srcset=\"https:\/\/moverdb.com\/wp-content\/uploads\/Trans-Global-Auto-Logistics-international-moving-company.png 1440w, https:\/\/moverdb.com\/wp-content\/uploads\/Trans-Global-Auto-Logistics-international-moving-company-300x136.png 300w, https:\/\/moverdb.com\/wp-content\/uploads\/Trans-Global-Auto-Logistics-international-moving-company-1024x466.png 1024w, https:\/\/moverdb.com\/wp-content\/uploads\/Trans-Global-Auto-Logistics-international-moving-company-18x8.png 18w, https:\/\/moverdb.com\/wp-content\/uploads\/Trans-Global-Auto-Logistics-international-moving-company-600x273.png 600w\" sizes=\"auto, (max-width: 1440px) 100vw, 1440px\" \/><\/p>\n<ul>\n<li>Nacionaliniai judesiai<\/li>\n<li>Tarptautiniai perkraustymai<\/li>\n<li>Nam\u0173 \u016bkio perkraustymai<\/li>\n<li>Komerciniai perkraustymai<\/li>\n<li>Automobili\u0173 transportavimas<\/li>\n<li>Val\u010di\u0173 transportavimas<\/li>\n<li>Sunkiosios \u012frangos transportavimas<\/li>\n<li>Galimyb\u0117 rinktis atvir\u0105 arba u\u017edar\u0105 transportavim\u0105<\/li>\n<li>Krovini\u0173 ve\u017eimas sausuma, oru ir j\u016bra<\/li>\n<li>Muitinis \u012fforminimas<\/li>\n<\/ul>\n<p>\"Trans Global Auto Logistics\" yra automobili\u0173 logistikos ir sunkiasvori\u0173 krovini\u0173 <a href=\"https:\/\/moverdb.com\/lt\/shipping-companies\/\" data-internallinksmanager029f6b8e52c=\"4\" title=\"10 geriausi\u0173 tarptautini\u0173 konteineri\u0173 gabenimo bendrovi\u0173\">laivybos \u012fmon\u0117<\/a> kuris yra licencijuotas ir apdraustas bendrasis ve\u017e\u0117jas, kuriam nepriklauso laivas (angl.<a href=\"https:\/\/moverdb.com\/lt\/freight-forwarder\/\" data-internallinksmanager029f6b8e52c=\"17\" title=\"Tarptautini\u0173 ekspeditori\u0173 ir NVOCC s\u0105naud\u0173 ir \u012fmoni\u0173 vadovas\">NVOCC<\/a>), kurios padaliniai yra Arlingtone, Orlande, \u010carlstone, <a href=\"https:\/\/moverdb.com\/lt\/moving-to-the-united-states\/moving-to-new-jersey\/\" data-internallinksmanager029f6b8e52c=\"417\" title=\"Persik\u0117limas \u012f Nauj\u0105j\u012f D\u017eers\u012f? 2023 m. gyvenimo i\u0161laidos ir persik\u0117limo patarimai\">Naujasis D\u017eersis<\/a> ir Savana. Jie taip pat si\u016blo tik nam\u0173 apyvokos daikt\u0173 perve\u017eim\u0105. Jie yra IAM nariai.<\/p>\n<p>\"Trans Global Auto Logistics\" si\u016blo nemokam\u0105 pasi\u016blym\u0105 d\u0117l krovinio perve\u017eimo, o j\u0173 krovini\u0173 ve\u017eimo specialistai kartu su jumis i\u0161siai\u0161kins j\u016bs\u0173 reikalavimus ir pateiks tiksli\u0105 s\u0105mat\u0105. Jie gali perve\u017eti \u012fvairias transporto priemones - nuo klasikini\u0173 automobili\u0173 iki laiv\u0173 ir sunkiosios pramon\u0117s \u012frangos, pasirinkdami atvir\u0105 arba u\u017edar\u0105 transport\u0105.<\/p>\n<p>Interneto svetain\u0117: <a href=\"http:\/\/www.tgal.us\" target=\"_blank\" rel=\"noopener\">http:\/\/www.tgal.us<\/a><\/p>\n<h2><span class=\"ez-toc-section\" id=\"7_Transportation_Worldwide\"><\/span><strong>7. Transportas visame pasaulyje<\/strong><span class=\"ez-toc-section-end\"><\/span><\/h2>\n<p><img loading=\"lazy\" decoding=\"async\" class=\"alignnone size-full wp-image-11460\" src=\"https:\/\/moverdb.com\/wp-content\/uploads\/Transportation-Worldwide-international-moving-company.png\" alt=\"Transportas Visame pasaulyje tarptautinis jud\u0117jimo \u012fmon\u0117\" width=\"1440\" height=\"654\" data-wp-pid=\"11460\" srcset=\"https:\/\/moverdb.com\/wp-content\/uploads\/Transportation-Worldwide-international-moving-company.png 1440w, https:\/\/moverdb.com\/wp-content\/uploads\/Transportation-Worldwide-international-moving-company-300x136.png 300w, https:\/\/moverdb.com\/wp-content\/uploads\/Transportation-Worldwide-international-moving-company-1024x465.png 1024w, https:\/\/moverdb.com\/wp-content\/uploads\/Transportation-Worldwide-international-moving-company-18x8.png 18w, https:\/\/moverdb.com\/wp-content\/uploads\/Transportation-Worldwide-international-moving-company-600x273.png 600w\" sizes=\"auto, (max-width: 1440px) 100vw, 1440px\" \/><\/p>\n<ul>\n<li>Nacionaliniai judesiai<\/li>\n<li>Tarptautiniai perkraustymai<\/li>\n<li>Nam\u0173 \u016bkio perkraustymai<\/li>\n<li>\u012emoni\u0173 perk\u0117limai<\/li>\n<li>Vienas kontaktinis asmuo<\/li>\n<li>Perk\u0117limo valdymas<\/li>\n<li>Siuntos steb\u0117jimas<\/li>\n<li>Muitin\u0117s pagalba<\/li>\n<li>Saugus saugojimas<\/li>\n<\/ul>\n<p>\"Transportation Worldwide\" yra daugiau nei 30 met\u0173 patirt\u012f turinti perkraustymo ir perve\u017eimo \u012fmon\u0117, \u012fsik\u016brusi Katy mieste. Ji teikia tarptautinio perkraustymo paslaugas daugiau kaip 135 pasaulio \u0161alyse, kurias teikia bendradarbiaudama ir palaikydama kruop\u0161\u010diai u\u017emegztus ry\u0161ius. Ji yra IAM nar\u0117, turinti 36 met\u0173 patirt\u012f ir akredituota FIDI.<\/p>\n<p>\"Transportation Worldwide\" teikia pagalb\u0105 persikraustantiems asmenims ir \u012fmon\u0117ms, kurios perkelia savo darbuotojus, taip pat gali pad\u0117ti parengti politik\u0105, atlikti biud\u017eeto analiz\u0119, steb\u0117ti keli\u0173 persikraustym\u0173 eig\u0105 ir teikti ataskaitas. Jie padeda tarptautiniams perkraustytojams, tur\u0117dami daug \u017eini\u0173 ir patirties persikraustant \u012f \u012fvairias \u0161alis.<\/p>\n<p>Interneto svetain\u0117: <a href=\"https:\/\/www.twwmove.com\/\" target=\"_blank\" rel=\"noopener\">https:\/\/www.twwmove.com\/<\/a><\/p>","protected":false},"excerpt":{"rendered":"<p>Planning a move can be a stressful time, so why not enlist the help of a moving company to enlighten your load? They can assist with the planning, can pack your belongings and arrange transportation as well as deal with customs if moving internationally. Below we have compiled a list of Texas based removal companies [&hellip;]<\/p>\n","protected":false},"author":4,"featured_media":11236,"parent":190,"menu_order":0,"comment_status":"closed","ping_status":"closed","template":"","meta":{"_genesis_hide_title":false,"_genesis_hide_breadcrumbs":false,"_genesis_hide_singular_image":false,"_genesis_hide_footer_widgets":false,"_genesis_custom_body_class":"","_genesis_custom_post_class":"","_genesis_layout":"","footnotes":""},"class_list":{"0":"post-11668","1":"page","2":"type-page","3":"status-publish","4":"has-post-thumbnail","6":"entry"},"_links":{"self":[{"href":"https:\/\/moverdb.com\/lt\/wp-json\/wp\/v2\/pages\/11668","targetHints":{"allow":["GET"]}}],"collection":[{"href":"https:\/\/moverdb.com\/lt\/wp-json\/wp\/v2\/pages"}],"about":[{"href":"https:\/\/moverdb.com\/lt\/wp-json\/wp\/v2\/types\/page"}],"author":[{"embeddable":true,"href":"https:\/\/moverdb.com\/lt\/wp-json\/wp\/v2\/users\/4"}],"replies":[{"embeddable":true,"href":"https:\/\/moverdb.com\/lt\/wp-json\/wp\/v2\/comments?post=11668"}],"version-history":[{"count":2,"href":"https:\/\/moverdb.com\/lt\/wp-json\/wp\/v2\/pages\/11668\/revisions"}],"predecessor-version":[{"id":11670,"href":"https:\/\/moverdb.com\/lt\/wp-json\/wp\/v2\/pages\/11668\/revisions\/11670"}],"up":[{"embeddable":true,"href":"https:\/\/moverdb.com\/lt\/wp-json\/wp\/v2\/pages\/190"}],"wp:featuredmedia":[{"embeddable":true,"href":"https:\/\/moverdb.com\/lt\/wp-json\/wp\/v2\/media\/11236"}],"wp:attachment":[{"href":"https:\/\/moverdb.com\/lt\/wp-json\/wp\/v2\/media?parent=11668"}],"curies":[{"name":"wp","href":"https:\/\/api.w.org\/{rel}","templated":true}]}}