{"id":11654,"date":"2023-11-29T10:37:27","date_gmt":"2023-11-29T10:37:27","guid":{"rendered":"https:\/\/moverdb.com\/?page_id=11654"},"modified":"2026-01-08T15:24:52","modified_gmt":"2026-01-08T15:24:52","slug":"moving-companies-us-san-diego","status":"publish","type":"page","link":"https:\/\/moverdb.com\/lt\/moving-companies\/moving-companies-us-san-diego\/","title":{"rendered":"4 Geriausios tarptautin\u0117s perkraustymo \u012fmon\u0117s San Diege"},"content":{"rendered":"<p>Persikraustymas gali kelti stres\u0105 d\u0117l daugyb\u0117s dalyk\u0173, apie kuriuos reikia galvoti ir kuriuos reikia tvarkyti, tod\u0117l gaukite pagalb\u0105 i\u0161 <a href=\"https:\/\/moverdb.com\/lt\/moving-companies\/\" data-internallinksmanager029f6b8e52c=\"79\" title=\"Top 25 Tarptautin\u0117s perkraustymo \u012fmon\u0117s internete\">perkraustymo \u012fmon\u0117<\/a> i\u0161 ties\u0173 gali tur\u0117ti \u012ftakos. Galite pasitelkti perkraustymo \u012fmon\u0119, kad ji suplanuot\u0173 ir organizuot\u0173 perkraustym\u0105, supakuot\u0173 ir i\u0161pakuot\u0173 daiktus, taip pat sutvarkyt\u0173 muitin\u0117s proced\u016bras tarptautinio perkraustymo atveju. Toliau pateikiame San Diege \u012fsik\u016brusi\u0173 <a href=\"https:\/\/moverdb.com\/lt\/international-removals\/\" data-internallinksmanager029f6b8e52c=\"27\" title=\"36 geriausios tarptautinio perkraustymo \u012fmon\u0117s Jungtin\u0117je Karalyst\u0117je\">perkraustymo \u012fmon\u0117s<\/a> kurie yra <a href=\"https:\/\/moverdb.com\/lt\/iam\/\" data-internallinksmanager029f6b8e52c=\"23\" title=\"Tarptautin\u0117s perkraustytoj\u0173 asociacijos (IAM) paai\u0161kinimai\">Tarptautin\u0117 perkraustytoj\u0173 asociacija<\/a> (IAM) ir (arba) <a href=\"https:\/\/moverdb.com\/lt\/fidi-faim\/\" data-internallinksmanager029f6b8e52c=\"16\" title=\"FIDI ir FAIM (FIDI akredituotas tarptautinis perve\u017e\u0117jas) paai\u0161kinimai\">FIDI<\/a> Akredituot\u0173 tarptautini\u0173 perkraustymo paslaug\u0173 teik\u0117j\u0173 (FAIM), kurie gal\u0117t\u0173 pad\u0117ti jums persikraustyti.<\/p>\n<div id=\"ez-toc-container\" class=\"ez-toc-v2_0_82_2 ez-toc-wrap-left counter-hierarchy ez-toc-counter ez-toc-transparent ez-toc-container-direction\">\n<div class=\"ez-toc-title-container\">\n<p class=\"ez-toc-title\" style=\"cursor:inherit\">Skyriai<\/p>\n<span class=\"ez-toc-title-toggle\"><a href=\"#\" class=\"ez-toc-pull-right ez-toc-btn ez-toc-btn-xs ez-toc-btn-default ez-toc-toggle\" aria-label=\"Perjungti turinio lentel\u0119\"><span class=\"ez-toc-js-icon-con\"><span class=\"\"><span class=\"eztoc-hide\" style=\"display:none;\">Perjungti<\/span><span class=\"ez-toc-icon-toggle-span\"><svg style=\"fill: #999;color:#999\" xmlns=\"http:\/\/www.w3.org\/2000\/svg\" class=\"list-377408\" width=\"20px\" height=\"20px\" viewbox=\"0 0 24 24\" fill=\"none\"><path d=\"M6 6H4v2h2V6zm14 0H8v2h12V6zM4 11h2v2H4v-2zm16 0H8v2h12v-2zM4 16h2v2H4v-2zm16 0H8v2h12v-2z\" fill=\"currentColor\"><\/path><\/svg><svg style=\"fill: #999;color:#999\" class=\"arrow-unsorted-368013\" xmlns=\"http:\/\/www.w3.org\/2000\/svg\" width=\"10px\" height=\"10px\" viewbox=\"0 0 24 24\" version=\"1.2\" baseprofile=\"tiny\"><path d=\"M18.2 9.3l-6.2-6.3-6.2 6.3c-.2.2-.3.4-.3.7s.1.5.3.7c.2.2.4.3.7.3h11c.3 0 .5-.1.7-.3.2-.2.3-.5.3-.7s-.1-.5-.3-.7zM5.8 14.7l6.2 6.3 6.2-6.3c.2-.2.3-.5.3-.7s-.1-.5-.3-.7c-.2-.2-.4-.3-.7-.3h-11c-.3 0-.5.1-.7.3-.2.2-.3.5-.3.7s.1.5.3.7z\"\/><\/svg><\/span><\/span><\/span><\/a><\/span><\/div>\n<nav><ul class='ez-toc-list ez-toc-list-level-1 eztoc-toggle-hide-by-default' ><li class='ez-toc-page-1 ez-toc-heading-level-2'><a class=\"ez-toc-link ez-toc-heading-1\" href=\"https:\/\/moverdb.com\/lt\/moving-companies\/moving-companies-us-san-diego\/#1_ACE_Relocation_Systems\" >1. \"ACE Relocation Systems<\/a><\/li><li class='ez-toc-page-1 ez-toc-heading-level-2'><a class=\"ez-toc-link ez-toc-heading-2\" href=\"https:\/\/moverdb.com\/lt\/moving-companies\/moving-companies-us-san-diego\/#2_DeWitt_Move_Worldwide\" >2. \"DeWitt Move Worldwide<\/a><\/li><li class='ez-toc-page-1 ez-toc-heading-level-2'><a class=\"ez-toc-link ez-toc-heading-3\" href=\"https:\/\/moverdb.com\/lt\/moving-companies\/moving-companies-us-san-diego\/#3_Johnson_Storage_Moving\" >3. \"Johnson Storage &amp; Moving<\/a><\/li><li class='ez-toc-page-1 ez-toc-heading-level-2'><a class=\"ez-toc-link ez-toc-heading-4\" href=\"https:\/\/moverdb.com\/lt\/moving-companies\/moving-companies-us-san-diego\/#4_Sullivan_Moving_Storage\" >4. Sullivan Moving &amp; Storage<\/a><\/li><\/ul><\/nav><\/div>\n<h2><span class=\"ez-toc-section\" id=\"1_ACE_Relocation_Systems\"><\/span><strong>1. \"ACE Relocation Systems<\/strong><span class=\"ez-toc-section-end\"><\/span><\/h2>\n<p><img loading=\"lazy\" decoding=\"async\" class=\"alignnone size-full wp-image-11240\" src=\"https:\/\/moverdb.com\/wp-content\/uploads\/ACE-Relocation-Systems-international-moving-company.png\" alt=\"&quot;ACE Relocation Systems&quot; tarptautin\u0117 perkraustymo \u012fmon\u0117\" width=\"1440\" height=\"680\" data-wp-pid=\"11240\" srcset=\"https:\/\/moverdb.com\/wp-content\/uploads\/ACE-Relocation-Systems-international-moving-company.png 1440w, https:\/\/moverdb.com\/wp-content\/uploads\/ACE-Relocation-Systems-international-moving-company-300x142.png 300w, https:\/\/moverdb.com\/wp-content\/uploads\/ACE-Relocation-Systems-international-moving-company-1024x484.png 1024w, https:\/\/moverdb.com\/wp-content\/uploads\/ACE-Relocation-Systems-international-moving-company-18x9.png 18w, https:\/\/moverdb.com\/wp-content\/uploads\/ACE-Relocation-Systems-international-moving-company-600x283.png 600w\" sizes=\"auto, (max-width: 1440px) 100vw, 1440px\" \/><\/p>\n<ul>\n<li>Vietiniai ir tolimieji perve\u017eimai<\/li>\n<li>Tarptautiniai perkraustymai<\/li>\n<li>Gyvenam\u0173j\u0173 nam\u0173 perkraustymai<\/li>\n<li>Verslo \u017eingsniai<\/li>\n<li>\u012emoni\u0173 perk\u0117limai<\/li>\n<li>\u012epakavimo variant\u0173 asortimentas<\/li>\n<li>Transporto priemon\u0117s<\/li>\n<li>Transporto priemoni\u0173 transportavimas<\/li>\n<li>Draudimas<\/li>\n<li>Saugus trumpalaikis ir ilgalaikis saugojimas<\/li>\n<\/ul>\n<p>\"ACE Relocation Systems\" yra 1985 m. \u012fkurta perkraustymo, sand\u0117liavimo ir platinimo \u012fmon\u0117, kurios b\u016bstin\u0117 yra San Diege ir dar devyniose kitose vietov\u0117se. <a href=\"https:\/\/moverdb.com\/lt\/moving-to-the-united-states\/\" data-internallinksmanager029f6b8e52c=\"94\" title=\"Persik\u0117limas \u012f Jungtines Amerikos Valstijas? 2022 Gyvenimo i\u0161laidos ir persik\u0117limo patarimai\">JAV<\/a>. Jie yra \"Atlas Van Lines\" agentai, tod\u0117l gali naudotis pasauliniu agent\u0173 tinklu. Jie yra IAM nariai, turintys 55 met\u0173 patirt\u012f.<\/p>\n<p>\"ACE Relocation Systems\" si\u016blo specialiai pritaikytas perkraustymo paslaugas, kurios apima i\u0161samias pakavimo ir i\u0161pakavimo paslaugas, dalin\u012f pakavim\u0105 ir tik transportavim\u0105. Jie pasir\u016bpins j\u016bs\u0173 daikt\u0173 gabenimu oru arba konteineriais ir apdraus j\u016bs\u0173 daiktus perve\u017eimo metu. Jie taip pat gali pasir\u016bpinti \u012fvairi\u0173 transporto priemoni\u0173, \u012fskaitant automobilius ir laivus, perve\u017eimu.<\/p>\n<p>Interneto svetain\u0117: <a href=\"https:\/\/www.acerelocation.com\/\" target=\"_blank\" rel=\"noopener\">https:\/\/www.acerelocation.com\/<\/a><\/p>\n<h2><span class=\"ez-toc-section\" id=\"2_DeWitt_Move_Worldwide\"><\/span><strong>2. \"DeWitt Move Worldwide<\/strong><span class=\"ez-toc-section-end\"><\/span><\/h2>\n<p><img loading=\"lazy\" decoding=\"async\" class=\"alignnone size-full wp-image-11306\" src=\"https:\/\/moverdb.com\/wp-content\/uploads\/DeWitt-Move-Worldwide-international-moving-company.png\" alt=\"&quot;DeWitt Move Worldwide&quot; tarptautin\u0117 perkraustymo \u012fmon\u0117\" width=\"1440\" height=\"676\" data-wp-pid=\"11306\" srcset=\"https:\/\/moverdb.com\/wp-content\/uploads\/DeWitt-Move-Worldwide-international-moving-company.png 1440w, https:\/\/moverdb.com\/wp-content\/uploads\/DeWitt-Move-Worldwide-international-moving-company-300x141.png 300w, https:\/\/moverdb.com\/wp-content\/uploads\/DeWitt-Move-Worldwide-international-moving-company-1024x481.png 1024w, https:\/\/moverdb.com\/wp-content\/uploads\/DeWitt-Move-Worldwide-international-moving-company-18x8.png 18w, https:\/\/moverdb.com\/wp-content\/uploads\/DeWitt-Move-Worldwide-international-moving-company-600x282.png 600w\" sizes=\"auto, (max-width: 1440px) 100vw, 1440px\" \/><\/p>\n<ul>\n<li>Nacionaliniai judesiai<\/li>\n<li>Tarptautiniai perkraustymai<\/li>\n<li>Gyvenam\u0173j\u0173 nam\u0173 perkraustymai<\/li>\n<li>\u012emoni\u0173 perk\u0117limai<\/li>\n<li>Individualus jud\u0117jimo planas<\/li>\n<li>Pakavimo paslauga<\/li>\n<li>Muitinis \u012fforminimas<\/li>\n<li>Meno k\u016brini\u0173 tvarkymas<\/li>\n<li>Transporto priemoni\u0173 transportavimas<\/li>\n<li>Sand\u0117liavimo patalpos<\/li>\n<\/ul>\n<p>\"DeWitt Move Worldwide\" - 1927 m. \u012fkurta perkraustymo paslaug\u0173 \u012fmon\u0117, priklausanti \"The DeWitt Companies\" ir \u012fsik\u016brusi San Diege. Per savo patronuojam\u0105sias bendroves ji veikia daugiau kaip 100 \u0161ali\u0173 ir turi patikrint\u0173 tarptautini\u0173 partneri\u0173 tinkl\u0105. Jie yra IAM nariai, turintys 96 met\u0173 patirt\u012f.<\/p>\n<p>\"DeWitt Move Worldwide\" si\u016blo asmenin\u0119 arba virtuali\u0105 apklaus\u0105 prie\u0161 persikraustym\u0105, kad \u012fvertint\u0173 j\u016bs\u0173 persikraustymo reikalavimus, ir suteikia \"DeWitt Move Worldwide\" ekspert\u0105, kuris vadovaus j\u016bs\u0173 persikraustymui. Jie kartu su jumis nustatys geriausius perkraustymo variantus ir sudarys individual\u0173 perkraustymo plan\u0105, atitinkant\u012f j\u016bs\u0173 biud\u017eet\u0105.<\/p>\n<p>Interneto svetain\u0117: <a href=\"https:\/\/www.dewittmove.com\" target=\"_blank\" rel=\"noopener\">https:\/\/www.dewittmove.com<\/a><\/p>\n<h2><span class=\"ez-toc-section\" id=\"3_Johnson_Storage_Moving\"><\/span><strong>3. \"Johnson Storage &amp; Moving<\/strong><span class=\"ez-toc-section-end\"><\/span><\/h2>\n<p><img loading=\"lazy\" decoding=\"async\" class=\"alignnone size-full wp-image-11356\" src=\"https:\/\/moverdb.com\/wp-content\/uploads\/Johnson-Storage-Moving-international-moving-company.png\" alt=\"&quot;Johnson Storage &amp; Moving&quot; tarptautin\u0117 perkraustymo \u012fmon\u0117\" width=\"1440\" height=\"677\" data-wp-pid=\"11356\" srcset=\"https:\/\/moverdb.com\/wp-content\/uploads\/Johnson-Storage-Moving-international-moving-company.png 1440w, https:\/\/moverdb.com\/wp-content\/uploads\/Johnson-Storage-Moving-international-moving-company-300x141.png 300w, https:\/\/moverdb.com\/wp-content\/uploads\/Johnson-Storage-Moving-international-moving-company-1024x481.png 1024w, https:\/\/moverdb.com\/wp-content\/uploads\/Johnson-Storage-Moving-international-moving-company-18x8.png 18w, https:\/\/moverdb.com\/wp-content\/uploads\/Johnson-Storage-Moving-international-moving-company-600x282.png 600w\" sizes=\"auto, (max-width: 1440px) 100vw, 1440px\" \/><\/p>\n<ul>\n<li>Vietiniai ir tarpvalstybiniai perkraustymai<\/li>\n<li>Tarptautiniai perkraustymai<\/li>\n<li>Gyvenam\u0173j\u0173 nam\u0173 perkraustymai<\/li>\n<li>Komerciniai perkraustymai<\/li>\n<li>\u012emoni\u0173 perk\u0117limas<\/li>\n<li>Asmeninis persikraustymo konsultantas<\/li>\n<li>Pakavimo paslauga<\/li>\n<li>Transporto priemon\u0117s<\/li>\n<li>Muitinis \u012fforminimas<\/li>\n<li>Saugojimo sprendimai<\/li>\n<\/ul>\n<p>\"Johnson Storage &amp; Moving\" yra nuo 1900 m. veikianti perkraustymo \u012fmon\u0117, turinti 12 biur\u0173 visoje JAV, \u012fskaitant San Dieg\u0105. Jie turi pasaulin\u012f partneri\u0173 tinkl\u0105, kuris leid\u017eia gabenti daiktus \u012f daugiau kaip 200 pasaulio \u0161ali\u0173. Jie yra akredituoti FIDI.<\/p>\n<p>\"Johnson Storage &amp; Moving\" si\u016blo nemokam\u0105 pasi\u016blym\u0105 namuose arba virtual\u0173 pasi\u016blym\u0105, kuriame \u012fvertinama j\u016bs\u0173 perkraustymo apimtis. Jie suteikia asmenin\u012f persikraustymo konsultant\u0105, kuris pad\u0117s jums kiekviename persikraustymo \u017eingsnyje ir sudarys asmenin\u012f persikraustymo plan\u0105. Jie si\u016blo visas pakavimo paslaugas, kad u\u017etikrint\u0173 j\u016bs\u0173 krovinio saugum\u0105 ir apsaug\u0105, ir pasir\u016bpins muitin\u0117s formalumais.<\/p>\n<p>Interneto svetain\u0117: <a href=\"https:\/\/www.johnsonstorage.com\" target=\"_blank\" rel=\"noopener\">https:\/\/www.johnsonstorage.com<\/a><\/p>\n<h2><span class=\"ez-toc-section\" id=\"4_Sullivan_Moving_Storage\"><\/span><strong>4. Sullivan Moving &amp; Storage<\/strong><span class=\"ez-toc-section-end\"><\/span><\/h2>\n<p><img loading=\"lazy\" decoding=\"async\" class=\"alignnone size-full wp-image-11451\" src=\"https:\/\/moverdb.com\/wp-content\/uploads\/Sullivan-Moving-Storage-international-moving-company.png\" alt=\"&quot;Sullivan Moving &amp; Storage&quot; tarptautin\u0117 perkraustymo \u012fmon\u0117\" width=\"1440\" height=\"683\" data-wp-pid=\"11451\" srcset=\"https:\/\/moverdb.com\/wp-content\/uploads\/Sullivan-Moving-Storage-international-moving-company.png 1440w, https:\/\/moverdb.com\/wp-content\/uploads\/Sullivan-Moving-Storage-international-moving-company-300x142.png 300w, https:\/\/moverdb.com\/wp-content\/uploads\/Sullivan-Moving-Storage-international-moving-company-1024x486.png 1024w, https:\/\/moverdb.com\/wp-content\/uploads\/Sullivan-Moving-Storage-international-moving-company-18x9.png 18w, https:\/\/moverdb.com\/wp-content\/uploads\/Sullivan-Moving-Storage-international-moving-company-600x285.png 600w\" sizes=\"auto, (max-width: 1440px) 100vw, 1440px\" \/><\/p>\n<ul>\n<li>Vietiniai ir tolimieji perve\u017eimai<\/li>\n<li>Tarptautiniai perkraustymai<\/li>\n<li>Nam\u0173 \u016bkio perkraustymai<\/li>\n<li>Darbuotoj\u0173 perk\u0117limai<\/li>\n<li>Biuro perkraustymai<\/li>\n<li>Specialus perkraustymo koordinatorius<\/li>\n<li>Pakavimo paslauga<\/li>\n<li>Transportavimo organizavimas<\/li>\n<li>Muitinis \u012fforminimas<\/li>\n<li>Trumpalaikis ir ilgalaikis saugojimas<\/li>\n<\/ul>\n<p>\"Sullivan Moving &amp; Storage\" yra 1912 m. San Diege \u012fkurta perkraustymo \u012fmon\u0117, kuri yra \"United Van Lines\" steig\u0117ja. Ji turi pasaulin\u012f perkraustymo \u012fmoni\u0173 tinkl\u0105, tod\u0117l gali perve\u017eti klientus \u012f bet kuri\u0105 pasaulio viet\u0105. Jie yra IAM nariai, turintys 12 met\u0173 patirt\u012f ir akredituoti FIDI.<\/p>\n<p>\"Sullivan Moving &amp; Storage\" si\u016blo rinktis savitarnos ap\u017ei\u016br\u0105, virtuali\u0105 vaizdo ap\u017ei\u016br\u0105 arba ap\u017ei\u016br\u0105 namuose, kad \u012fvertint\u0173 j\u016bs\u0173 perkraustymo apimtis ir pateikt\u0173 pasi\u016blym\u0105. Jie suplanuos j\u016bs\u0173 perkraustym\u0105 ir suteiks special\u0173 perkraustymo koordinatori\u0173, kuris pad\u0117s jums kiekviename proceso etape. Jie si\u016blo pakavimo, transportavimo ir muitin\u0117s paslaugas.<\/p>\n<p>Interneto svetain\u0117: <a href=\"http:\/\/www.sullivanunited.com\" target=\"_blank\" rel=\"noopener\">http:\/\/www.sullivanunited.com<\/a><\/p>","protected":false},"excerpt":{"rendered":"<p>Moving can get stressful with so many things to think about and manage, so getting some help from a moving company can really make a difference. You can engage a moving company to plan and organise your move, pack and unpack, and manage customs procedures for international moves. Below we have compiled a list of [&hellip;]<\/p>\n","protected":false},"author":4,"featured_media":11240,"parent":190,"menu_order":0,"comment_status":"closed","ping_status":"closed","template":"","meta":{"_genesis_hide_title":false,"_genesis_hide_breadcrumbs":false,"_genesis_hide_singular_image":false,"_genesis_hide_footer_widgets":false,"_genesis_custom_body_class":"","_genesis_custom_post_class":"","_genesis_layout":"","footnotes":""},"class_list":{"0":"post-11654","1":"page","2":"type-page","3":"status-publish","4":"has-post-thumbnail","6":"entry"},"_links":{"self":[{"href":"https:\/\/moverdb.com\/lt\/wp-json\/wp\/v2\/pages\/11654","targetHints":{"allow":["GET"]}}],"collection":[{"href":"https:\/\/moverdb.com\/lt\/wp-json\/wp\/v2\/pages"}],"about":[{"href":"https:\/\/moverdb.com\/lt\/wp-json\/wp\/v2\/types\/page"}],"author":[{"embeddable":true,"href":"https:\/\/moverdb.com\/lt\/wp-json\/wp\/v2\/users\/4"}],"replies":[{"embeddable":true,"href":"https:\/\/moverdb.com\/lt\/wp-json\/wp\/v2\/comments?post=11654"}],"version-history":[{"count":1,"href":"https:\/\/moverdb.com\/lt\/wp-json\/wp\/v2\/pages\/11654\/revisions"}],"predecessor-version":[{"id":11655,"href":"https:\/\/moverdb.com\/lt\/wp-json\/wp\/v2\/pages\/11654\/revisions\/11655"}],"up":[{"embeddable":true,"href":"https:\/\/moverdb.com\/lt\/wp-json\/wp\/v2\/pages\/190"}],"wp:featuredmedia":[{"embeddable":true,"href":"https:\/\/moverdb.com\/lt\/wp-json\/wp\/v2\/media\/11240"}],"wp:attachment":[{"href":"https:\/\/moverdb.com\/lt\/wp-json\/wp\/v2\/media?parent=11654"}],"curies":[{"name":"wp","href":"https:\/\/api.w.org\/{rel}","templated":true}]}}