{"id":11651,"date":"2023-11-29T10:38:44","date_gmt":"2023-11-29T10:38:44","guid":{"rendered":"https:\/\/moverdb.com\/?page_id=11651"},"modified":"2026-01-08T15:24:50","modified_gmt":"2026-01-08T15:24:50","slug":"moving-companies-us-pennsylvania","status":"publish","type":"page","link":"https:\/\/moverdb.com\/lt\/moving-companies\/moving-companies-us-pennsylvania\/","title":{"rendered":"4 Geriausios tarptautin\u0117s perkraustymo \u012fmon\u0117s Pensilvanijoje"},"content":{"rendered":"<p>Kai persikraustote, turite daug k\u0105 padaryti, pavyzd\u017eiui, organizuoti, pakuoti, organizuoti transportavim\u0105 ir tvarkyti muitin\u0117s reikalus, jei persikraustote \u012f u\u017esien\u012f, ta\u010diau neprivalote to daryti vieni. A <a href=\"https:\/\/moverdb.com\/lt\/moving-companies\/\" data-internallinksmanager029f6b8e52c=\"79\" title=\"Top 25 Tarptautin\u0117s perkraustymo \u012fmon\u0117s internete\">perkraustymo \u012fmon\u0117<\/a> gali pad\u0117ti atlikti visas arba kai kurias i\u0161 \u0161i\u0173 u\u017eduo\u010di\u0173, kad persikraustymas b\u016bt\u0173 lengvesnis. Toliau pateikiame s\u0105ra\u0161\u0105 <a href=\"https:\/\/moverdb.com\/lt\/moving-to-the-united-states\/moving-to-pennsylvania\/\" data-internallinksmanager029f6b8e52c=\"404\" title=\"Persik\u0117limas \u012f Pensilvanij\u0105? 2023 Gyvenimo i\u0161laidos ir persik\u0117limo patarimai\">Pensilvanija<\/a> remiantis <a href=\"https:\/\/moverdb.com\/lt\/international-removals\/\" data-internallinksmanager029f6b8e52c=\"27\" title=\"36 geriausios tarptautinio perkraustymo \u012fmon\u0117s Jungtin\u0117je Karalyst\u0117je\">perkraustymo \u012fmon\u0117s<\/a> kurie yra <a href=\"https:\/\/moverdb.com\/lt\/iam\/\" data-internallinksmanager029f6b8e52c=\"23\" title=\"Tarptautin\u0117s perkraustytoj\u0173 asociacijos (IAM) paai\u0161kinimai\">Tarptautin\u0117 perkraustytoj\u0173 asociacija<\/a> (IAM) ir (arba) <a href=\"https:\/\/moverdb.com\/lt\/fidi-faim\/\" data-internallinksmanager029f6b8e52c=\"16\" title=\"FIDI ir FAIM (FIDI akredituotas tarptautinis perve\u017e\u0117jas) paai\u0161kinimai\">FIDI<\/a> Akredituotas tarptautinis perkraustymas (FAIM), kuris gal\u0117t\u0173 pad\u0117ti jums persikraustyti.<\/p>\n<div id=\"ez-toc-container\" class=\"ez-toc-v2_0_82_2 ez-toc-wrap-left counter-hierarchy ez-toc-counter ez-toc-transparent ez-toc-container-direction\">\n<div class=\"ez-toc-title-container\">\n<p class=\"ez-toc-title\" style=\"cursor:inherit\">Skyriai<\/p>\n<span class=\"ez-toc-title-toggle\"><a href=\"#\" class=\"ez-toc-pull-right ez-toc-btn ez-toc-btn-xs ez-toc-btn-default ez-toc-toggle\" aria-label=\"Perjungti turinio lentel\u0119\"><span class=\"ez-toc-js-icon-con\"><span class=\"\"><span class=\"eztoc-hide\" style=\"display:none;\">Perjungti<\/span><span class=\"ez-toc-icon-toggle-span\"><svg style=\"fill: #999;color:#999\" xmlns=\"http:\/\/www.w3.org\/2000\/svg\" class=\"list-377408\" width=\"20px\" height=\"20px\" viewbox=\"0 0 24 24\" fill=\"none\"><path d=\"M6 6H4v2h2V6zm14 0H8v2h12V6zM4 11h2v2H4v-2zm16 0H8v2h12v-2zM4 16h2v2H4v-2zm16 0H8v2h12v-2z\" fill=\"currentColor\"><\/path><\/svg><svg style=\"fill: #999;color:#999\" class=\"arrow-unsorted-368013\" xmlns=\"http:\/\/www.w3.org\/2000\/svg\" width=\"10px\" height=\"10px\" viewbox=\"0 0 24 24\" version=\"1.2\" baseprofile=\"tiny\"><path d=\"M18.2 9.3l-6.2-6.3-6.2 6.3c-.2.2-.3.4-.3.7s.1.5.3.7c.2.2.4.3.7.3h11c.3 0 .5-.1.7-.3.2-.2.3-.5.3-.7s-.1-.5-.3-.7zM5.8 14.7l6.2 6.3 6.2-6.3c.2-.2.3-.5.3-.7s-.1-.5-.3-.7c-.2-.2-.4-.3-.7-.3h-11c-.3 0-.5.1-.7.3-.2.2-.3.5-.3.7s.1.5.3.7z\"\/><\/svg><\/span><\/span><\/span><\/a><\/span><\/div>\n<nav><ul class='ez-toc-list ez-toc-list-level-1 eztoc-toggle-hide-by-default' ><li class='ez-toc-page-1 ez-toc-heading-level-2'><a class=\"ez-toc-link ez-toc-heading-1\" href=\"https:\/\/moverdb.com\/lt\/moving-companies\/moving-companies-us-pennsylvania\/#1_Aires\" >1. Aires<\/a><\/li><li class='ez-toc-page-1 ez-toc-heading-level-2'><a class=\"ez-toc-link ez-toc-heading-2\" href=\"https:\/\/moverdb.com\/lt\/moving-companies\/moving-companies-us-pennsylvania\/#2_Champion_International_Moving\" >2. Champion International Moving<\/a><\/li><li class='ez-toc-page-1 ez-toc-heading-level-2'><a class=\"ez-toc-link ez-toc-heading-3\" href=\"https:\/\/moverdb.com\/lt\/moving-companies\/moving-companies-us-pennsylvania\/#3_Movers_Specialty_Service\" >3. Perkraustytojai Specialyb\u0117s paslaugos<\/a><\/li><li class='ez-toc-page-1 ez-toc-heading-level-2'><a class=\"ez-toc-link ez-toc-heading-4\" href=\"https:\/\/moverdb.com\/lt\/moving-companies\/moving-companies-us-pennsylvania\/#4_Reads_Moving_Systems\" >4. Skaitymo sistemos<\/a><\/li><\/ul><\/nav><\/div>\n<h2><span class=\"ez-toc-section\" id=\"1_Aires\"><\/span><strong>1. Aires<\/strong><span class=\"ez-toc-section-end\"><\/span><\/h2>\n<p><img loading=\"lazy\" decoding=\"async\" class=\"alignnone size-full wp-image-11247\" src=\"https:\/\/moverdb.com\/wp-content\/uploads\/Aires-international-moving-company.png\" alt=\"Aires tarptautin\u0117 jud\u0117jimo \u012fmon\u0117\" width=\"1440\" height=\"678\" data-wp-pid=\"11247\" srcset=\"https:\/\/moverdb.com\/wp-content\/uploads\/Aires-international-moving-company.png 1440w, https:\/\/moverdb.com\/wp-content\/uploads\/Aires-international-moving-company-300x141.png 300w, https:\/\/moverdb.com\/wp-content\/uploads\/Aires-international-moving-company-1024x482.png 1024w, https:\/\/moverdb.com\/wp-content\/uploads\/Aires-international-moving-company-18x8.png 18w, https:\/\/moverdb.com\/wp-content\/uploads\/Aires-international-moving-company-600x283.png 600w\" sizes=\"auto, (max-width: 1440px) 100vw, 1440px\" \/><\/p>\n<ul>\n<li>Nacionaliniai perk\u0117limai<\/li>\n<li>Tarptautiniai perk\u0117limai<\/li>\n<li>Nam\u0173 \u016bki\u0173 perk\u0117limas<\/li>\n<li>Darbuotoj\u0173 perk\u0117limai<\/li>\n<li>I\u0161vykimo paslaugos<\/li>\n<li>Paskirties ir \u012fsik\u016brimo paslaugos<\/li>\n<li>Imigracijos paslaugos<\/li>\n<li>Nekilnojamojo turto paslaugos<\/li>\n<li>Mokykl\u0173 paie\u0161ka<\/li>\n<li>Kult\u016bros ir kalbos mokymas<\/li>\n<\/ul>\n<p>\"Aires\" yra 1981 m. \u012fkurta perkraustymo ir krovini\u0173 ekspedijavimo \u012fmon\u0117, kurios b\u016bstin\u0117 yra Pitsburge ir dar penkiose \u0161alyse. <a href=\"https:\/\/moverdb.com\/lt\/moving-to-the-united-states\/\" data-internallinksmanager029f6b8e52c=\"94\" title=\"Persik\u0117limas \u012f Jungtines Amerikos Valstijas? 2022 Gyvenimo i\u0161laidos ir persik\u0117limo patarimai\">JAV<\/a> biurai ir tarptautiniai biurai <a href=\"https:\/\/moverdb.com\/lt\/moving-to-hong-kong\/\" data-internallinksmanager029f6b8e52c=\"350\" title=\"Persikraustote \u012f Honkong\u0105? 2023 Gyvenimo i\u0161laidos ir persik\u0117limo patarimai\">Honkongas<\/a>, Londonas, <a href=\"https:\/\/moverdb.com\/lt\/moving-to-singapore\/\" data-internallinksmanager029f6b8e52c=\"68\" title=\"Persik\u0117limas \u012f Singap\u016br\u0105? 2023 m. Gyvenimo i\u0161laidos ir persik\u0117limo patarimai\">Singap\u016bras<\/a>, \u0160anchajuje ir Mumbajuje. Jie turi plat\u0173 patikim\u0173 paslaug\u0173 teik\u0117j\u0173 tinkl\u0105, kuris jiems padeda. Jie yra IAM nariai, turintys 42 met\u0173 patirt\u012f ir akredituoti FIDI.<\/p>\n<p>\"Aires\" specializuojasi pad\u0117dama \u012fmon\u0117ms perkelti darbuotojus ir teikia \u012fvairias paslaugas, kad pad\u0117t\u0173 darbuotojams persikelti ir \u012fsikurti naujuose namuose. Jos paslaugos apima i\u0161vykimo paslaugas, pavyzd\u017eiui, persikraustymo ir imigracijos, ir atvykimo paslaugas, pavyzd\u017eiui, nam\u0173 ir mokyklos paie\u0161kos paslaugas.<\/p>\n<p>Interneto svetain\u0117: <a href=\"https:\/\/www.aires.com\/\" target=\"_blank\" rel=\"noopener\">https:\/\/www.aires.com\/<\/a><\/p>\n<h2><span class=\"ez-toc-section\" id=\"2_Champion_International_Moving\"><\/span><strong>2. Champion International Moving<\/strong><span class=\"ez-toc-section-end\"><\/span><\/h2>\n<p><img loading=\"lazy\" decoding=\"async\" class=\"alignnone size-full wp-image-11285\" src=\"https:\/\/moverdb.com\/wp-content\/uploads\/Champion-International-Moving-company.png\" alt=\"Tarptautin\u0117 perkraustymo bendrov\u0117 &quot;Champion\" width=\"1440\" height=\"676\" data-wp-pid=\"11285\" srcset=\"https:\/\/moverdb.com\/wp-content\/uploads\/Champion-International-Moving-company.png 1440w, https:\/\/moverdb.com\/wp-content\/uploads\/Champion-International-Moving-company-300x141.png 300w, https:\/\/moverdb.com\/wp-content\/uploads\/Champion-International-Moving-company-1024x481.png 1024w, https:\/\/moverdb.com\/wp-content\/uploads\/Champion-International-Moving-company-18x8.png 18w, https:\/\/moverdb.com\/wp-content\/uploads\/Champion-International-Moving-company-600x282.png 600w\" sizes=\"auto, (max-width: 1440px) 100vw, 1440px\" \/><\/p>\n<ul>\n<li>Nacionaliniai judesiai<\/li>\n<li>Tarptautiniai perkraustymai<\/li>\n<li>Gyvenam\u0173j\u0173 nam\u0173 perkraustymai<\/li>\n<li>Verslo \u017eingsniai<\/li>\n<li>Specializuotas perk\u0117limo specialistas<\/li>\n<li>Pakavimo paslauga<\/li>\n<li>Gyv\u016bn\u0173 augintini\u0173 judesiai<\/li>\n<li>Transporto priemoni\u0173 transportavimas<\/li>\n<li>Draudimas<\/li>\n<li>Saugojimo paslaugos<\/li>\n<\/ul>\n<p>\"Champion International Moving\" yra 1991 m. \u012fkurta perkraustymo valdymo \u012fmon\u0117, \u012fsik\u016brusi Pitsburge. Ji priklauso <a href=\"https:\/\/moverdb.com\/lt\/harmony-relocation-network\/\" data-internallinksmanager029f6b8e52c=\"20\" title=\"Paai\u0161kinta apie &quot;Harmony Relocation Network&quot; (HRN)\">Harmonijos perk\u0117limo tinklas<\/a> tai rei\u0161kia, kad jie veikia socialiai atsakingai ir turi tinkl\u0105 perkraustymo \u012fmoni\u0173, su kuriomis bendradarbiauja taip pat. Jie yra IAM nariai, turintys 32 met\u0173 patirt\u012f ir akredituoti FIDI.<\/p>\n<p>\"Champion International Moving\" si\u016blo nacionalinius ir tarptautinius perkraustymus gyvenamiesiems ir verslo klientams, kuriuos aptarnauja vienas kontaktinis asmuo - specialus perkraustymo specialistas. Jie teikia pakavimo paslaug\u0105, kad apsaugot\u0173 j\u016bs\u0173 daiktus, pasir\u016bpins perve\u017eimu, o atvykus i\u0161kraus.<\/p>\n<p>Interneto svetain\u0117: <a href=\"http:\/\/www.champmove.com\" target=\"_blank\" rel=\"noopener\">http:\/\/www.champmove.com<\/a><\/p>\n<h2><span class=\"ez-toc-section\" id=\"3_Movers_Specialty_Service\"><\/span><strong>3. Perkraustytojai Specialyb\u0117s paslaugos<\/strong><span class=\"ez-toc-section-end\"><\/span><\/h2>\n<p><img loading=\"lazy\" decoding=\"async\" class=\"alignnone size-full wp-image-11384\" src=\"https:\/\/moverdb.com\/wp-content\/uploads\/Movers-Specialty-Service-international-moving-company.png\" alt=\"Movers Speciality Service tarptautinis jud\u0117jimas kompanija\" width=\"1440\" height=\"677\" data-wp-pid=\"11384\" srcset=\"https:\/\/moverdb.com\/wp-content\/uploads\/Movers-Specialty-Service-international-moving-company.png 1440w, https:\/\/moverdb.com\/wp-content\/uploads\/Movers-Specialty-Service-international-moving-company-300x141.png 300w, https:\/\/moverdb.com\/wp-content\/uploads\/Movers-Specialty-Service-international-moving-company-1024x481.png 1024w, https:\/\/moverdb.com\/wp-content\/uploads\/Movers-Specialty-Service-international-moving-company-18x8.png 18w, https:\/\/moverdb.com\/wp-content\/uploads\/Movers-Specialty-Service-international-moving-company-600x282.png 600w\" sizes=\"auto, (max-width: 1440px) 100vw, 1440px\" \/><\/p>\n<ul>\n<li>Nacionalin\u0117s paslaugos<\/li>\n<li>Nam\u0173 \u016bkio perkraustymo paslaugos<\/li>\n<li>Komercin\u0117s perkraustymo paslaugos<\/li>\n<li>Perkraustymo valdymas vietoje<\/li>\n<li>\u012epakavimo paslaugos<\/li>\n<li>Daili\u0173j\u0173 men\u0173 tvarkymas<\/li>\n<li>I\u0161ardyti ir surinkti baldus<\/li>\n<li>I\u0161ve\u017eimo ir montavimo paslaugos<\/li>\n<li>Specializuotos daikt\u0173 perve\u017eimo paslaugos<\/li>\n<li>Kambarin\u0117s paslaugos<\/li>\n<\/ul>\n<p>\"Movers Specialty Service\" - tai 1978 m. \u012fsteigta tre\u010diosios \u0161alies perkraustymo paslaug\u0173 \u012fmon\u0117, \u012fsik\u016brusi Montgomeryvilyje. Ji teikia paslaugas visoje JAV, naudodamasi kruop\u0161\u010diai kuruojamu kvalifikuot\u0173 specialist\u0173 tinklu. Jie yra IAM nariai, turintys 45 met\u0173 patirt\u012f.<\/p>\n<p>\"Movers Specialty Service\" teikia specializuotas pagalbos paslaugas perkraustytojams ir perkraustymo \u012fmon\u0117ms j\u0173 kilm\u0117s ar paskirties vietoje JAV. Jie si\u016blo specializuotas perkraustymo paslaugas, kurios apima prietais\u0173 atjungim\u0105 ir (arba) prijungim\u0105, \u012frangos ir bald\u0173 i\u0161montavim\u0105 ir (arba) surinkim\u0105, televizori\u0173 i\u0161montavim\u0105 ir (arba) sumontavim\u0105, \u0161viestuv\u0173 nu\u0117mim\u0105 ir (arba) sumontavim\u0105 bei krovini\u0173 \u012fpakavim\u0105. Jie taip pat gali perve\u017eti trapius ir dideli\u0173 gabarit\u0173 daiktus, pavyzd\u017eiui, pianinus ir seneli\u0173 laikrod\u017eius.<\/p>\n<p>Interneto svetain\u0117: <a href=\"http:\/\/mss1.com\" target=\"_blank\" rel=\"noopener\">http:\/\/mss1.com<\/a><\/p>\n<h2><span class=\"ez-toc-section\" id=\"4_Reads_Moving_Systems\"><\/span><strong>4. Skaitymo sistemos<\/strong><span class=\"ez-toc-section-end\"><\/span><\/h2>\n<p><img loading=\"lazy\" decoding=\"async\" class=\"alignnone size-full wp-image-11418\" src=\"https:\/\/moverdb.com\/wp-content\/uploads\/Reads-Moving-Systems-international-moving-company.png\" alt=\"Skaitiniai Moving Systems tarptautin\u0117 jud\u0117jimo \u012fmon\u0117\" width=\"1440\" height=\"677\" data-wp-pid=\"11418\" srcset=\"https:\/\/moverdb.com\/wp-content\/uploads\/Reads-Moving-Systems-international-moving-company.png 1440w, https:\/\/moverdb.com\/wp-content\/uploads\/Reads-Moving-Systems-international-moving-company-300x141.png 300w, https:\/\/moverdb.com\/wp-content\/uploads\/Reads-Moving-Systems-international-moving-company-1024x481.png 1024w, https:\/\/moverdb.com\/wp-content\/uploads\/Reads-Moving-Systems-international-moving-company-18x8.png 18w, https:\/\/moverdb.com\/wp-content\/uploads\/Reads-Moving-Systems-international-moving-company-600x282.png 600w\" sizes=\"auto, (max-width: 1440px) 100vw, 1440px\" \/><\/p>\n<ul>\n<li>Vietiniai perkraustymai<\/li>\n<li>Tarptautiniai perkraustymai<\/li>\n<li>Nam\u0173 \u016bkio perkraustymai<\/li>\n<li>Biur\u0173 ir pramonini\u0173 objekt\u0173 perkraustymas<\/li>\n<li>Planavimas prie\u0161 persikraustym\u0105<\/li>\n<li>Pakavimo paslauga<\/li>\n<li>Krep\u0161elis<\/li>\n<li>Transportavimo organizavimas<\/li>\n<li>Kilm\u0117s ir paskirties vietos paslaugos<\/li>\n<li>Sand\u0117liavimo patalpos<\/li>\n<\/ul>\n<p>\"Reads Moving Systems\" yra 1937 m. \u012fkurta jud\u0117jimo ir sand\u0117liavimo \u012fmon\u0117, \u012fsik\u016brusi Huntingdon Valley, taip pat turinti padalini\u0173 <a href=\"https:\/\/moverdb.com\/lt\/moving-to-the-united-states\/moving-to-florida\/\" data-internallinksmanager029f6b8e52c=\"331\" title=\"Persik\u0117limas \u012f Florid\u0105? 2023 m. gyvenimo i\u0161laidos ir persik\u0117limo patarimai\">Florida<\/a> ir <a href=\"https:\/\/moverdb.com\/lt\/moving-to-the-united-states\/moving-to-georgia\/\" data-internallinksmanager029f6b8e52c=\"402\" title=\"Persik\u0117limas \u012f Gruzij\u0105? 2023 m. Gyvenimo i\u0161laidos ir persik\u0117limo patarimai\">Gruzija<\/a>. Jie yra \"Atlas Van Lines\" agentai, tod\u0117l turi judan\u010di\u0173 \u012fmoni\u0173 tinkl\u0105, su kuriuo gali dirbti. Jie yra IAM nariai, turintys 50 met\u0173 patirt\u012f.<\/p>\n<p>\"Reads Moving Systems\" si\u016blo konkurencingas perkraustymo paslaug\u0173 kainas. Prie\u0161 persikraustym\u0105 jie teikia persikraustymo planavimo paslaugas, kurias teikia savo persikraustymo valdymo koordinatoriams, kad jie gal\u0117t\u0173 pasir\u016bpinti j\u016bs\u0173 persikraustymu. Jie si\u016blo pakavimo ir pakavimo paslaugas, kad apsaugot\u0173 j\u016bs\u0173 daiktus, o tarptautinio perkraustymo atveju pakraus juos \u012f konteiner\u012f.<\/p>\n<p>Interneto svetain\u0117: <a href=\"http:\/\/www.readsmoving.com\" target=\"_blank\" rel=\"noopener\">http:\/\/www.readsmoving.com<\/a><\/p>","protected":false},"excerpt":{"rendered":"<p>When you are moving there is so much to do like organising, packing, arranging transportation and managing customs if moving abroad, but you don\u2019t have to do this alone. A moving company can help with all or some of these tasks to make moving easier. Below we have compiled a list of Pennsylvania based removal [&hellip;]<\/p>\n","protected":false},"author":4,"featured_media":11247,"parent":190,"menu_order":0,"comment_status":"closed","ping_status":"closed","template":"","meta":{"_genesis_hide_title":false,"_genesis_hide_breadcrumbs":false,"_genesis_hide_singular_image":false,"_genesis_hide_footer_widgets":false,"_genesis_custom_body_class":"","_genesis_custom_post_class":"","_genesis_layout":"","footnotes":""},"class_list":{"0":"post-11651","1":"page","2":"type-page","3":"status-publish","4":"has-post-thumbnail","6":"entry"},"_links":{"self":[{"href":"https:\/\/moverdb.com\/lt\/wp-json\/wp\/v2\/pages\/11651","targetHints":{"allow":["GET"]}}],"collection":[{"href":"https:\/\/moverdb.com\/lt\/wp-json\/wp\/v2\/pages"}],"about":[{"href":"https:\/\/moverdb.com\/lt\/wp-json\/wp\/v2\/types\/page"}],"author":[{"embeddable":true,"href":"https:\/\/moverdb.com\/lt\/wp-json\/wp\/v2\/users\/4"}],"replies":[{"embeddable":true,"href":"https:\/\/moverdb.com\/lt\/wp-json\/wp\/v2\/comments?post=11651"}],"version-history":[{"count":2,"href":"https:\/\/moverdb.com\/lt\/wp-json\/wp\/v2\/pages\/11651\/revisions"}],"predecessor-version":[{"id":11653,"href":"https:\/\/moverdb.com\/lt\/wp-json\/wp\/v2\/pages\/11651\/revisions\/11653"}],"up":[{"embeddable":true,"href":"https:\/\/moverdb.com\/lt\/wp-json\/wp\/v2\/pages\/190"}],"wp:featuredmedia":[{"embeddable":true,"href":"https:\/\/moverdb.com\/lt\/wp-json\/wp\/v2\/media\/11247"}],"wp:attachment":[{"href":"https:\/\/moverdb.com\/lt\/wp-json\/wp\/v2\/media?parent=11651"}],"curies":[{"name":"wp","href":"https:\/\/api.w.org\/{rel}","templated":true}]}}