{"id":11645,"date":"2023-11-29T10:51:46","date_gmt":"2023-11-29T10:51:46","guid":{"rendered":"https:\/\/moverdb.com\/?page_id=11645"},"modified":"2026-01-08T15:29:00","modified_gmt":"2026-01-08T15:29:00","slug":"moving-companies-us-north-carolina","status":"publish","type":"page","link":"https:\/\/moverdb.com\/lt\/moving-companies\/moving-companies-us-north-carolina\/","title":{"rendered":"5 Geriausios tarptautin\u0117s perkraustymo \u012fmon\u0117s \u0160iaur\u0117s Karolinoje"},"content":{"rendered":"<p>Persikraustymas gali b\u016bti vienas i\u0161 did\u017eiausi\u0105 stres\u0105 kelian\u010di\u0173 gyvenimo etap\u0173, tad kod\u0117l gi nesuma\u017einus \u012ftampos pasitelkus <a href=\"https:\/\/moverdb.com\/lt\/moving-companies\/\" data-internallinksmanager029f6b8e52c=\"79\" title=\"Top 25 Tarptautin\u0117s perkraustymo \u012fmon\u0117s internete\">perkraustymo \u012fmon\u0117<\/a> atlikti dal\u012f darbo u\u017e jus? Tai gali b\u016bti persikraustymo planavimas, daikt\u0173 pakavimas, transporto organizavimas ir muitin\u0117s proced\u016bros. Toliau pateikiame s\u0105ra\u0161\u0105 <a href=\"https:\/\/moverdb.com\/lt\/moving-to-the-united-states\/moving-to-north-carolina\/\" data-internallinksmanager029f6b8e52c=\"411\" title=\"Persik\u0117limas \u012f \u0160iaur\u0117s Karolin\u0105? 2023 m. gyvenimo i\u0161laidos ir persik\u0117limo patarimai\">\u0160iaur\u0117s Karolina<\/a> remiantis <a href=\"https:\/\/moverdb.com\/lt\/international-removals\/\" data-internallinksmanager029f6b8e52c=\"27\" title=\"36 geriausios tarptautinio perkraustymo \u012fmon\u0117s Jungtin\u0117je Karalyst\u0117je\">perkraustymo \u012fmon\u0117s<\/a> kurie yra <a href=\"https:\/\/moverdb.com\/lt\/iam\/\" data-internallinksmanager029f6b8e52c=\"23\" title=\"Tarptautin\u0117s perkraustytoj\u0173 asociacijos (IAM) paai\u0161kinimai\">Tarptautin\u0117 perkraustytoj\u0173 asociacija<\/a> (IAM) ir (arba) <a href=\"https:\/\/moverdb.com\/lt\/fidi-faim\/\" data-internallinksmanager029f6b8e52c=\"16\" title=\"FIDI ir FAIM (FIDI akredituotas tarptautinis perve\u017e\u0117jas) paai\u0161kinimai\">FIDI<\/a> Akredituot\u0173 tarptautini\u0173 perkraustymo paslaug\u0173 teik\u0117j\u0173 (FAIM), kurie gal\u0117t\u0173 pad\u0117ti jums persikraustyti.<\/p>\n<div id=\"ez-toc-container\" class=\"ez-toc-v2_0_82_2 ez-toc-wrap-left counter-hierarchy ez-toc-counter ez-toc-transparent ez-toc-container-direction\">\n<div class=\"ez-toc-title-container\">\n<p class=\"ez-toc-title\" style=\"cursor:inherit\">Skyriai<\/p>\n<span class=\"ez-toc-title-toggle\"><a href=\"#\" class=\"ez-toc-pull-right ez-toc-btn ez-toc-btn-xs ez-toc-btn-default ez-toc-toggle\" aria-label=\"Perjungti turinio lentel\u0119\"><span class=\"ez-toc-js-icon-con\"><span class=\"\"><span class=\"eztoc-hide\" style=\"display:none;\">Perjungti<\/span><span class=\"ez-toc-icon-toggle-span\"><svg style=\"fill: #999;color:#999\" xmlns=\"http:\/\/www.w3.org\/2000\/svg\" class=\"list-377408\" width=\"20px\" height=\"20px\" viewbox=\"0 0 24 24\" fill=\"none\"><path d=\"M6 6H4v2h2V6zm14 0H8v2h12V6zM4 11h2v2H4v-2zm16 0H8v2h12v-2zM4 16h2v2H4v-2zm16 0H8v2h12v-2z\" fill=\"currentColor\"><\/path><\/svg><svg style=\"fill: #999;color:#999\" class=\"arrow-unsorted-368013\" xmlns=\"http:\/\/www.w3.org\/2000\/svg\" width=\"10px\" height=\"10px\" viewbox=\"0 0 24 24\" version=\"1.2\" baseprofile=\"tiny\"><path d=\"M18.2 9.3l-6.2-6.3-6.2 6.3c-.2.2-.3.4-.3.7s.1.5.3.7c.2.2.4.3.7.3h11c.3 0 .5-.1.7-.3.2-.2.3-.5.3-.7s-.1-.5-.3-.7zM5.8 14.7l6.2 6.3 6.2-6.3c.2-.2.3-.5.3-.7s-.1-.5-.3-.7c-.2-.2-.4-.3-.7-.3h-11c-.3 0-.5.1-.7.3-.2.2-.3.5-.3.7s.1.5.3.7z\"\/><\/svg><\/span><\/span><\/span><\/a><\/span><\/div>\n<nav><ul class='ez-toc-list ez-toc-list-level-1 eztoc-toggle-hide-by-default' ><li class='ez-toc-page-1 ez-toc-heading-level-2'><a class=\"ez-toc-link ez-toc-heading-1\" href=\"https:\/\/moverdb.com\/lt\/moving-companies\/moving-companies-us-north-carolina\/#1_All_American_Relocation\" >1. All American Relocation<\/a><\/li><li class='ez-toc-page-1 ez-toc-heading-level-2'><a class=\"ez-toc-link ez-toc-heading-2\" href=\"https:\/\/moverdb.com\/lt\/moving-companies\/moving-companies-us-north-carolina\/#2_Hilldrup\" >2. Hilldrup<\/a><\/li><li class='ez-toc-page-1 ez-toc-heading-level-2'><a class=\"ez-toc-link ez-toc-heading-3\" href=\"https:\/\/moverdb.com\/lt\/moving-companies\/moving-companies-us-north-carolina\/#3_Sandhills_Moving_Storage\" >3. Sandhills Moving &amp; Storage<\/a><\/li><li class='ez-toc-page-1 ez-toc-heading-level-2'><a class=\"ez-toc-link ez-toc-heading-4\" href=\"https:\/\/moverdb.com\/lt\/moving-companies\/moving-companies-us-north-carolina\/#4_Seacorp\" >4. Seacorp<\/a><\/li><li class='ez-toc-page-1 ez-toc-heading-level-2'><a class=\"ez-toc-link ez-toc-heading-5\" href=\"https:\/\/moverdb.com\/lt\/moving-companies\/moving-companies-us-north-carolina\/#5_Zippy_Shell\" >5. \"Zippy Shell<\/a><\/li><\/ul><\/nav><\/div>\n<h2><span class=\"ez-toc-section\" id=\"1_All_American_Relocation\"><\/span><strong>1. All American Relocation<\/strong><span class=\"ez-toc-section-end\"><\/span><\/h2>\n<p><img loading=\"lazy\" decoding=\"async\" class=\"alignnone size-full wp-image-11251\" src=\"https:\/\/moverdb.com\/wp-content\/uploads\/All-American-Relocation-international-moving-company.png\" alt=\"&quot;All American Relocation&quot; tarptautin\u0117 perkraustymo \u012fmon\u0117\" width=\"1440\" height=\"675\" data-wp-pid=\"11251\" srcset=\"https:\/\/moverdb.com\/wp-content\/uploads\/All-American-Relocation-international-moving-company.png 1440w, https:\/\/moverdb.com\/wp-content\/uploads\/All-American-Relocation-international-moving-company-300x141.png 300w, https:\/\/moverdb.com\/wp-content\/uploads\/All-American-Relocation-international-moving-company-1024x480.png 1024w, https:\/\/moverdb.com\/wp-content\/uploads\/All-American-Relocation-international-moving-company-18x8.png 18w, https:\/\/moverdb.com\/wp-content\/uploads\/All-American-Relocation-international-moving-company-600x281.png 600w\" sizes=\"auto, (max-width: 1440px) 100vw, 1440px\" \/><\/p>\n<ul>\n<li>Vietiniai ir tolimieji perve\u017eimai<\/li>\n<li>Tarptautiniai perkraustymai<\/li>\n<li>Gyvenam\u0173j\u0173 nam\u0173 perkraustymai<\/li>\n<li>Biuro perkraustymai<\/li>\n<li>Darbuotoj\u0173 perk\u0117limas<\/li>\n<li>Paslauga \"nuo dur\u0173 iki dur\u0173<\/li>\n<li>Pakavimo paslauga<\/li>\n<li>Transportas oru, vandenynu ir sausuma<\/li>\n<li><a href=\"https:\/\/moverdb.com\/lt\/car-transport-shipping\/\" data-internallinksmanager029f6b8e52c=\"2\" title=\"2026 Tarptautinio automobili\u0173 transporto ir transporto priemoni\u0173 gabenimo citatos\">Transporto priemoni\u0173 gabenimas<\/a><\/li>\n<li>Trumpalaikis ir ilgalaikis saugojimas<\/li>\n<\/ul>\n<p>\"All American Relocation\" yra visapusi\u0161k\u0173 paslaug\u0173 \u012fmon\u0117, teikianti perkraustymo paslaugas Rayleigh ir \u0160arlot\u0117je. Jie yra \"Mayflower\" agentai, o tai jiems suteikia galimyb\u0119 dirbti su perkraustymo agent\u0173 tinklu. Jie yra IAM nariai, turintys 25 met\u0173 patirt\u012f.<\/p>\n<p>\"All American Relocation\" si\u016blo nemokam\u0105 <a href=\"https:\/\/moverdb.com\/lt\/quotes\/\" data-internallinksmanager029f6b8e52c=\"26\" title=\"Tarptautinio perkraustymo citatos: 12 klausim\u0173, kuriuos reikia u\u017eduoti perve\u017eimo \u012fmonei: 12 klausim\u0173, kuriuos reikia u\u017eduoti perve\u017eimo \u012fmonei\">persikraustymo citata<\/a> ir vaizdo apklaus\u0105, kad \u012fvertintum\u0117te savo poreikius. Jie teikia \"nuo dur\u0173 iki dur\u0173\" paslaugas, o j\u016bs\u0173 perkraustymui vadovauja specialus koordinatorius. Jie teikia apmokyt\u0105 pakavimo komand\u0105, kuri naudoja auk\u0161\u010diausios kokyb\u0117s pakavimo med\u017eiagas, atitinkan\u010dias tarptautinius standartus. Jie taip pat si\u016blo transporto priemoni\u0173 gabenimo, kilm\u0117s ir paskirties vietos paslaugas \u0160iaur\u0117s Karolinoje ir sand\u0117liavimo patalpas.<\/p>\n<p>Interneto svetain\u0117: <a href=\"http:\/\/www.aarelocation.com\" target=\"_blank\" rel=\"noopener\">http:\/\/www.aarelocation.com<\/a><\/p>\n<h2><span class=\"ez-toc-section\" id=\"2_Hilldrup\"><\/span><strong>2. Hilldrup<\/strong><span class=\"ez-toc-section-end\"><\/span><\/h2>\n<p><img loading=\"lazy\" decoding=\"async\" class=\"alignnone size-full wp-image-11339\" src=\"https:\/\/moverdb.com\/wp-content\/uploads\/Hilldrup-international-moving-company.png\" alt=\"Hilldrup tarptautin\u0117 jud\u0117jimo \u012fmon\u0117\" width=\"1440\" height=\"674\" data-wp-pid=\"11339\" srcset=\"https:\/\/moverdb.com\/wp-content\/uploads\/Hilldrup-international-moving-company.png 1440w, https:\/\/moverdb.com\/wp-content\/uploads\/Hilldrup-international-moving-company-300x140.png 300w, https:\/\/moverdb.com\/wp-content\/uploads\/Hilldrup-international-moving-company-1024x479.png 1024w, https:\/\/moverdb.com\/wp-content\/uploads\/Hilldrup-international-moving-company-18x8.png 18w, https:\/\/moverdb.com\/wp-content\/uploads\/Hilldrup-international-moving-company-600x281.png 600w\" sizes=\"auto, (max-width: 1440px) 100vw, 1440px\" \/><\/p>\n<ul>\n<li>Vietiniai ir tolimieji perve\u017eimai<\/li>\n<li>Tarptautiniai perk\u0117limai<\/li>\n<li>Gyvenam\u0173j\u0173 nam\u0173 perkraustymai<\/li>\n<li>Komercini\u0173 ir biuro patalp\u0173 perkraustymas<\/li>\n<li>Darbuotoj\u0173 perk\u0117limai<\/li>\n<li>Specialus persikraustymo konsultantas<\/li>\n<li>Virtuali apklausa<\/li>\n<li>Pakavimo paslauga<\/li>\n<li>Apsaugokite savo namus<\/li>\n<li>Trumpalaikis ir ilgalaikis saugojimas<\/li>\n<\/ul>\n<p>\"Hilldrup\" yra 1903 m. \u012fkurta perkraustymo, sand\u0117liavimo ir logistikos \u012fmon\u0117, turinti 10 filial\u0173, \u012fskaitant \u0160arlot\u0119 ir Garner\u012f \u0160iaur\u0117s Karolinoje. Ji yra susijusi su \"United Van Lines\" ir \"Mayflower Transit\", tod\u0117l turi plat\u0173 agent\u0173 tinkl\u0105. Jie yra IAM nariai, turintys 120 met\u0173 patirt\u012f ir akredituoti FIDI.<\/p>\n<p>\"Hilldrup\" si\u016blo j\u016bs\u0173 poreikiams pritaikytus perkraustymo sprendimus ir \u012fvairias paslaugas, \u012fskaitant visas pakavimo paslaugas ir \"pasidaryk pats\" galimybes. Jie teikia persikraustymo konsultanto paslaugas, kuris yra vienintelis kontaktinis asmuo viso persikraustymo metu. Teikiant pakavimo paslaugas naudojamos geriausios pakavimo med\u017eiagos, o trap\u016bs daiktai supakuojami ir supakuojami \u012f d\u0117\u017ees pagal u\u017esakym\u0105.<\/p>\n<p>Interneto svetain\u0117: <a href=\"https:\/\/www.hilldrup.com\/\" target=\"_blank\" rel=\"noopener\">https:\/\/www.hilldrup.com\/\/<\/a><\/p>\n<h2><span class=\"ez-toc-section\" id=\"3_Sandhills_Moving_Storage\"><\/span><strong>3. Sandhills Moving &amp; Storage<\/strong><span class=\"ez-toc-section-end\"><\/span><\/h2>\n<p><img loading=\"lazy\" decoding=\"async\" class=\"alignnone size-full wp-image-11433\" src=\"https:\/\/moverdb.com\/wp-content\/uploads\/Sandhill-Moving-Storage-international-moving-company.png\" alt=\"&quot;Sandhill Moving &amp; Storage&quot; tarptautin\u0117 perkraustymo \u012fmon\u0117\" width=\"1440\" height=\"676\" data-wp-pid=\"11433\" srcset=\"https:\/\/moverdb.com\/wp-content\/uploads\/Sandhill-Moving-Storage-international-moving-company.png 1440w, https:\/\/moverdb.com\/wp-content\/uploads\/Sandhill-Moving-Storage-international-moving-company-300x141.png 300w, https:\/\/moverdb.com\/wp-content\/uploads\/Sandhill-Moving-Storage-international-moving-company-1024x481.png 1024w, https:\/\/moverdb.com\/wp-content\/uploads\/Sandhill-Moving-Storage-international-moving-company-18x8.png 18w, https:\/\/moverdb.com\/wp-content\/uploads\/Sandhill-Moving-Storage-international-moving-company-600x282.png 600w\" sizes=\"auto, (max-width: 1440px) 100vw, 1440px\" \/><\/p>\n<ul>\n<li>Vietiniai ir tolimieji perve\u017eimai<\/li>\n<li>Tarptautiniai perkraustymai<\/li>\n<li>Gyvenam\u0173j\u0173 nam\u0173 perkraustymai<\/li>\n<li>Komercini\u0173 ir biuro patalp\u0173 perkraustymas<\/li>\n<li>Asmeninis persikraustymo koordinatorius<\/li>\n<li>Pakavimo paslauga<\/li>\n<li>Transporto priemon\u0117s<\/li>\n<li>Muitin\u0117s pagalba<\/li>\n<li>Siuntos steb\u0117jimas<\/li>\n<li>Sand\u0117liavimo patalpos<\/li>\n<\/ul>\n<p>\"Sandhills Moving &amp; Storage\" yra perkraustymo \u012fmon\u0117, kurios specializacija - perve\u017eimas ir saugojimas ir kurios padaliniai yra Southern Pines, Sanford ir Pittsboro miestuose. Ji yra \"Mayflower\" perkraustymo bendrov\u0117, teikianti visas paslaugas, tod\u0117l gali naudotis tarptautiniu perkraustymo agent\u0173 tinklu daugiau nei 180 \u0161ali\u0173 ir yra IAM nar\u0117.<\/p>\n<p>\"Sandhills Moving &amp; Storage\" si\u016blo visapusi\u0161kas perkraustymo valdymo paslaugas ir paskiria asmenin\u012f perkraustymo koordinatori\u0173, kuris pad\u0117s jums viso perkraustymo metu. Jie si\u016blo individualiai pritaikytas perkraustymo paslaugas, kurios apima pakavimo paslaugas, transportavimo organizavim\u0105 ir dokument\u0173 bei muitin\u0117s formalum\u0173 tvarkym\u0105. Jie taip pat si\u016blo trumpalaikio saugojimo galimybes.<\/p>\n<p>Interneto svetain\u0117: <a href=\"http:\/\/www.sandhillsmoving.com\" target=\"_blank\" rel=\"noopener\">http:\/\/www.sandhillsmoving.com<\/a><\/p>\n<h2><span class=\"ez-toc-section\" id=\"4_Seacorp\"><\/span><strong>4. Seacorp<\/strong><span class=\"ez-toc-section-end\"><\/span><\/h2>\n<p><img loading=\"lazy\" decoding=\"async\" class=\"alignnone size-full wp-image-11438\" src=\"https:\/\/moverdb.com\/wp-content\/uploads\/Seacorp-international-moving-company.png\" alt=\"&quot;Seacorp&quot; tarptautin\u0117 perkraustymo \u012fmon\u0117\" width=\"1440\" height=\"676\" data-wp-pid=\"11438\" srcset=\"https:\/\/moverdb.com\/wp-content\/uploads\/Seacorp-international-moving-company.png 1440w, https:\/\/moverdb.com\/wp-content\/uploads\/Seacorp-international-moving-company-300x141.png 300w, https:\/\/moverdb.com\/wp-content\/uploads\/Seacorp-international-moving-company-1024x481.png 1024w, https:\/\/moverdb.com\/wp-content\/uploads\/Seacorp-international-moving-company-18x8.png 18w, https:\/\/moverdb.com\/wp-content\/uploads\/Seacorp-international-moving-company-600x282.png 600w\" sizes=\"auto, (max-width: 1440px) 100vw, 1440px\" \/><\/p>\n<ul>\n<li>Nacionalinis krovini\u0173 ve\u017eimas<\/li>\n<li>Tarptautinis krovini\u0173 gabenimas<\/li>\n<li>Logistika \"nuo dur\u0173 iki dur\u0173<\/li>\n<li>Laivybos valdymas<\/li>\n<li>\u012ed\u0117jimas \u012f d\u0117\u017ees ir pad\u0117kl\u0173 sud\u0117jimas ant pad\u0117kl\u0173<\/li>\n<li>Oro, j\u016br\u0173 ir sunkve\u017eimi\u0173 transportas<\/li>\n<li>Siuntos steb\u0117jimas<\/li>\n<li>Muitinis \u012fforminimas<\/li>\n<li>Importo ir eksporto tvarkymas<\/li>\n<li>Draudimas<\/li>\n<\/ul>\n<p>\"Seacorp\" yra 1998 m. \u012fsteigta logistikos bendrov\u0117, \u012fsik\u016brusi Linkolntone, \u0160iaur\u0117s Karolinoje. Ji turi plat\u0173 pasaulin\u012f agent\u0173 tinkl\u0105, padedant\u012f teikti paslaugas visame pasaulyje. Jie yra IAM nariai, turintys 25 met\u0173 patirt\u012f.<\/p>\n<p>\"Seacorp\" ie\u0161kos konkurencingiausi\u0173 tarif\u0173 ir geriausio tranzito laiko j\u016bs\u0173 siuntai. Jie gali organizuoti gabenim\u0105 oro, j\u016br\u0173 ar sunkve\u017eimi\u0173 transportu. Jie gali rinktis i\u0161 \u012fvairi\u0173 konteineri\u0173 variant\u0173, \u012fskaitant pilnus konteinerius ir ma\u017eesnius nei pilni konteineriai. J\u0173 paslaugos apima eksporto \u012fforminim\u0105 ir j\u016br\u0173 draudim\u0105.<\/p>\n<p>Interneto svetain\u0117: <a href=\"http:\/\/www.seacorpnc.com\" target=\"_blank\" rel=\"noopener\">http:\/\/www.seacorpnc.com<\/a><\/p>\n<h2><span class=\"ez-toc-section\" id=\"5_Zippy_Shell\"><\/span><strong>5. \"Zippy Shell<\/strong><span class=\"ez-toc-section-end\"><\/span><\/h2>\n<p><img loading=\"lazy\" decoding=\"async\" class=\"alignnone size-full wp-image-11483\" src=\"https:\/\/moverdb.com\/wp-content\/uploads\/Zippy-Shell-international-moving-company.png\" alt=\"&quot;Zippy Shell&quot; tarptautin\u0117 perkraustymo \u012fmon\u0117\" width=\"1440\" height=\"676\" data-wp-pid=\"11483\" srcset=\"https:\/\/moverdb.com\/wp-content\/uploads\/Zippy-Shell-international-moving-company.png 1440w, https:\/\/moverdb.com\/wp-content\/uploads\/Zippy-Shell-international-moving-company-300x141.png 300w, https:\/\/moverdb.com\/wp-content\/uploads\/Zippy-Shell-international-moving-company-1024x481.png 1024w, https:\/\/moverdb.com\/wp-content\/uploads\/Zippy-Shell-international-moving-company-18x8.png 18w, https:\/\/moverdb.com\/wp-content\/uploads\/Zippy-Shell-international-moving-company-600x282.png 600w\" sizes=\"auto, (max-width: 1440px) 100vw, 1440px\" \/><\/p>\n<ul>\n<li>Vietiniai perkraustymai<\/li>\n<li>Tolimi perve\u017eimai<\/li>\n<li>Gyvenam\u0173j\u0173 nam\u0173 perkraustymai<\/li>\n<li>\u012emoni\u0173 perk\u0117limai<\/li>\n<li>Vienas kontaktinis asmuo<\/li>\n<li>Paslauga \"nuo dur\u0173 iki dur\u0173<\/li>\n<li>Pakavimo paslaugos per tre\u010di\u0105j\u0105 \u0161al\u012f<\/li>\n<li>Sunkve\u017eimi\u0173 pristatymas<\/li>\n<li>Automobili\u0173 transportavimas<\/li>\n<li>Saug\u016bs saugojimo sprendimai<\/li>\n<\/ul>\n<p>\"Zippy Shell\" yra jud\u0117jimo ir saugojimo \u012fmon\u0117, \u012fsik\u016brusi Veik Foreste. Ji si\u016blo vietinius ir tolimus perkraustymo ir saugojimo sprendimus <a href=\"https:\/\/moverdb.com\/lt\/moving-to-the-united-states\/\" data-internallinksmanager029f6b8e52c=\"94\" title=\"Persik\u0117limas \u012f Jungtines Amerikos Valstijas? 2022 Gyvenimo i\u0161laidos ir persik\u0117limo patarimai\">JAV<\/a> naudodami savo sunkve\u017eimius ir konteinerius. Jie yra IAM nariai, turintys 14 met\u0173 patirt\u012f.<\/p>\n<p>\"Zippy Shell\" si\u016blo unikalius ir ne\u0161iojamus perkraustymo ir saugojimo sprendimus, nes pristato jums ne\u0161iojam\u0105j\u012f konteiner\u012f ir leid\u017eia iki trij\u0173 dien\u0173 j\u012f supakuoti patiems arba pasinaudoti tre\u010di\u0173j\u0173 \u0161ali\u0173 pakavimo paslaugomis. Jie surinks kilnojam\u0105j\u012f konteiner\u012f ir nugabens j\u012f \u012f j\u016bs\u0173 paskirties viet\u0105 arba trumpam ar ilgam laikui laikys savo saugiose patalpose visoje \u0161alyje.<\/p>\n<p>Interneto svetain\u0117: <a href=\"http:\/\/zippyshell.com\" target=\"_blank\" rel=\"noopener\">http:\/\/zippyshell.com<\/a><\/p>","protected":false},"excerpt":{"rendered":"<p>Moving can be one of the most stressful times in your life so why not reduce the pressure by employing a moving company to do some of the work for you? This can include planning the move, packing your belongings, arranging transport and handling customs. Below we have compiled a list of North Carolina based [&hellip;]<\/p>\n","protected":false},"author":4,"featured_media":11251,"parent":190,"menu_order":0,"comment_status":"closed","ping_status":"closed","template":"","meta":{"_genesis_hide_title":false,"_genesis_hide_breadcrumbs":false,"_genesis_hide_singular_image":false,"_genesis_hide_footer_widgets":false,"_genesis_custom_body_class":"","_genesis_custom_post_class":"","_genesis_layout":"","footnotes":""},"class_list":{"0":"post-11645","1":"page","2":"type-page","3":"status-publish","4":"has-post-thumbnail","6":"entry"},"_links":{"self":[{"href":"https:\/\/moverdb.com\/lt\/wp-json\/wp\/v2\/pages\/11645","targetHints":{"allow":["GET"]}}],"collection":[{"href":"https:\/\/moverdb.com\/lt\/wp-json\/wp\/v2\/pages"}],"about":[{"href":"https:\/\/moverdb.com\/lt\/wp-json\/wp\/v2\/types\/page"}],"author":[{"embeddable":true,"href":"https:\/\/moverdb.com\/lt\/wp-json\/wp\/v2\/users\/4"}],"replies":[{"embeddable":true,"href":"https:\/\/moverdb.com\/lt\/wp-json\/wp\/v2\/comments?post=11645"}],"version-history":[{"count":2,"href":"https:\/\/moverdb.com\/lt\/wp-json\/wp\/v2\/pages\/11645\/revisions"}],"predecessor-version":[{"id":11647,"href":"https:\/\/moverdb.com\/lt\/wp-json\/wp\/v2\/pages\/11645\/revisions\/11647"}],"up":[{"embeddable":true,"href":"https:\/\/moverdb.com\/lt\/wp-json\/wp\/v2\/pages\/190"}],"wp:featuredmedia":[{"embeddable":true,"href":"https:\/\/moverdb.com\/lt\/wp-json\/wp\/v2\/media\/11251"}],"wp:attachment":[{"href":"https:\/\/moverdb.com\/lt\/wp-json\/wp\/v2\/media?parent=11645"}],"curies":[{"name":"wp","href":"https:\/\/api.w.org\/{rel}","templated":true}]}}