{"id":11630,"date":"2023-11-30T14:08:07","date_gmt":"2023-11-30T14:08:07","guid":{"rendered":"https:\/\/moverdb.com\/?page_id=11630"},"modified":"2026-01-08T15:30:26","modified_gmt":"2026-01-08T15:30:26","slug":"moving-company-us-new-mexico","status":"publish","type":"page","link":"https:\/\/moverdb.com\/lt\/moving-companies\/moving-company-us-new-mexico\/","title":{"rendered":"Geriausia tarptautinio perkraustymo kompanija Naujojoje Meksikoje"},"content":{"rendered":"<p>Kai persikraustote namo, planavimas, pakavimas, transportavimas ir dokument\u0173 reikalavimai, jei persikraustote \u012f u\u017esien\u012f, gali kelti stres\u0105. Tad kod\u0117l gi neleidus <a href=\"https:\/\/moverdb.com\/lt\/moving-companies\/\" data-internallinksmanager029f6b8e52c=\"79\" title=\"Top 25 Tarptautin\u0117s perkraustymo \u012fmon\u0117s internete\">perkraustymo \u012fmon\u0117<\/a> atlikti daug sunkaus darbo u\u017e jus? Toliau pateikiame s\u0105ra\u0161\u0105 <a href=\"https:\/\/moverdb.com\/lt\/moving-to-the-united-states\/moving-to-new-mexico\/\" data-internallinksmanager029f6b8e52c=\"455\" title=\"Persik\u0117limas \u012f Nauj\u0105j\u0105 Meksik\u0105? 2024 Gyvenimo i\u0161laidos ir persik\u0117limo patarimai\">Naujoji Meksika<\/a> remiantis <a href=\"https:\/\/moverdb.com\/lt\/international-removals\/\" data-internallinksmanager029f6b8e52c=\"27\" title=\"36 geriausios tarptautinio perkraustymo \u012fmon\u0117s Jungtin\u0117je Karalyst\u0117je\">perkraustymo \u012fmon\u0117s<\/a> kurie yra <a href=\"https:\/\/moverdb.com\/lt\/iam\/\" data-internallinksmanager029f6b8e52c=\"23\" title=\"Tarptautin\u0117s perkraustytoj\u0173 asociacijos (IAM) paai\u0161kinimai\">Tarptautin\u0117 perkraustytoj\u0173 asociacija<\/a> (IAM) ir (arba) <a href=\"https:\/\/moverdb.com\/lt\/fidi-faim\/\" data-internallinksmanager029f6b8e52c=\"16\" title=\"FIDI ir FAIM (FIDI akredituotas tarptautinis perve\u017e\u0117jas) paai\u0161kinimai\">FIDI<\/a> Akredituotas tarptautinis perkraustymas (FAIM), kuris gal\u0117t\u0173 pad\u0117ti jums persikraustyti.<\/p>\n<h2><strong>\"Johnson\" saugojimas ir jud\u0117jimas<\/strong><\/h2>\n<p><img loading=\"lazy\" decoding=\"async\" class=\"alignnone size-full wp-image-11356\" src=\"https:\/\/moverdb.com\/wp-content\/uploads\/Johnson-Storage-Moving-international-moving-company.png\" alt=\"&quot;Johnson Storage &amp; Moving&quot; tarptautin\u0117 perkraustymo \u012fmon\u0117\" width=\"1440\" height=\"677\" data-wp-pid=\"11356\" srcset=\"https:\/\/moverdb.com\/wp-content\/uploads\/Johnson-Storage-Moving-international-moving-company.png 1440w, https:\/\/moverdb.com\/wp-content\/uploads\/Johnson-Storage-Moving-international-moving-company-300x141.png 300w, https:\/\/moverdb.com\/wp-content\/uploads\/Johnson-Storage-Moving-international-moving-company-1024x481.png 1024w, https:\/\/moverdb.com\/wp-content\/uploads\/Johnson-Storage-Moving-international-moving-company-18x8.png 18w, https:\/\/moverdb.com\/wp-content\/uploads\/Johnson-Storage-Moving-international-moving-company-600x282.png 600w\" sizes=\"auto, (max-width: 1440px) 100vw, 1440px\" \/><\/p>\n<ul>\n<li>Vietiniai ir tarpvalstybiniai perkraustymai<\/li>\n<li>Tarptautiniai perkraustymai<\/li>\n<li>Nam\u0173 \u016bkio perkraustymai<\/li>\n<li>Komerciniai perkraustymai<\/li>\n<li>\u012emoni\u0173 perk\u0117limai<\/li>\n<li>Specialus persikraustymo konsultantas<\/li>\n<li>Pakavimo paslauga<\/li>\n<li>Transporto organizavimas<\/li>\n<li>Muitinis \u012fforminimas<\/li>\n<li>Sand\u0117liavimo patalpos<\/li>\n<\/ul>\n<p>\"Johnson Storage &amp; Moving\" yra 1900 m. \u012fkurta jud\u0117jimo bendrov\u0117, turinti 12 biur\u0173 visoje <a href=\"https:\/\/moverdb.com\/lt\/moving-to-the-united-states\/\" data-internallinksmanager029f6b8e52c=\"94\" title=\"Persik\u0117limas \u012f Jungtines Amerikos Valstijas? 2022 Gyvenimo i\u0161laidos ir persik\u0117limo patarimai\">JAV<\/a> \u012fskaitant viet\u0105 Albukerk\u0117je. Jie bendradarbiauja su pasauliniu partneri\u0173 tinklu, kuris leid\u017eia veikti daugiau kaip 200 pasaulio \u0161ali\u0173, ir yra akredituoti FIDI.<\/p>\n<p>\"Johnson Storage &amp; Moving\" \u012fvertins j\u016bs\u0173 perkraustymo poreikius, atliks nemokam\u0105 virtuali\u0105 apklaus\u0105 arba ap\u017ei\u016br\u0105 namuose ir pateiks pasi\u016blym\u0105. Viso persikraustymo metu jums pad\u0117s specialus persikraustymo konsultantas ir sudarys persikraustymo plan\u0105. Jie si\u016blo visas pakavimo paslaugas ir pasir\u016bpins perve\u017eimu su muitin\u0117s formalumais.<\/p>\n<p>Interneto svetain\u0117: <a href=\"https:\/\/johnsonstorage.com\/\" target=\"_blank\" rel=\"noopener\">https:\/\/johnsonstorage.com\/<\/a><\/p>","protected":false},"excerpt":{"rendered":"<p>When you are moving home it can be a stressful time with all the planning, packing, transportation arrangements and documentation requirements if you are moving abroad. So why not let a moving company do a lot of the hard work for you? Below we have compiled a list of New Mexico based removal companies that [&hellip;]<\/p>\n","protected":false},"author":4,"featured_media":11356,"parent":190,"menu_order":0,"comment_status":"closed","ping_status":"closed","template":"","meta":{"_genesis_hide_title":false,"_genesis_hide_breadcrumbs":false,"_genesis_hide_singular_image":false,"_genesis_hide_footer_widgets":false,"_genesis_custom_body_class":"","_genesis_custom_post_class":"","_genesis_layout":"","footnotes":""},"class_list":{"0":"post-11630","1":"page","2":"type-page","3":"status-publish","4":"has-post-thumbnail","6":"entry"},"_links":{"self":[{"href":"https:\/\/moverdb.com\/lt\/wp-json\/wp\/v2\/pages\/11630","targetHints":{"allow":["GET"]}}],"collection":[{"href":"https:\/\/moverdb.com\/lt\/wp-json\/wp\/v2\/pages"}],"about":[{"href":"https:\/\/moverdb.com\/lt\/wp-json\/wp\/v2\/types\/page"}],"author":[{"embeddable":true,"href":"https:\/\/moverdb.com\/lt\/wp-json\/wp\/v2\/users\/4"}],"replies":[{"embeddable":true,"href":"https:\/\/moverdb.com\/lt\/wp-json\/wp\/v2\/comments?post=11630"}],"version-history":[{"count":1,"href":"https:\/\/moverdb.com\/lt\/wp-json\/wp\/v2\/pages\/11630\/revisions"}],"predecessor-version":[{"id":11631,"href":"https:\/\/moverdb.com\/lt\/wp-json\/wp\/v2\/pages\/11630\/revisions\/11631"}],"up":[{"embeddable":true,"href":"https:\/\/moverdb.com\/lt\/wp-json\/wp\/v2\/pages\/190"}],"wp:featuredmedia":[{"embeddable":true,"href":"https:\/\/moverdb.com\/lt\/wp-json\/wp\/v2\/media\/11356"}],"wp:attachment":[{"href":"https:\/\/moverdb.com\/lt\/wp-json\/wp\/v2\/media?parent=11630"}],"curies":[{"name":"wp","href":"https:\/\/api.w.org\/{rel}","templated":true}]}}