{"id":11624,"date":"2023-11-22T15:50:03","date_gmt":"2023-11-22T15:50:03","guid":{"rendered":"https:\/\/moverdb.com\/?page_id=11624"},"modified":"2026-01-08T15:30:12","modified_gmt":"2026-01-08T15:30:12","slug":"moving-companies-nevada","status":"publish","type":"page","link":"https:\/\/moverdb.com\/lt\/moving-companies\/moving-companies-nevada\/","title":{"rendered":"Geriausios tarptautin\u0117s perkraustymo \u012fmon\u0117s Nevadoje"},"content":{"rendered":"<p>Persikraustymas gali b\u016bti vienas i\u0161 did\u017eiausi\u0105 stres\u0105 kelian\u010di\u0173 laikotarpi\u0173 j\u016bs\u0173 gyvenime, tad kam stengtis visk\u0105 atlikti patiems? A <a href=\"https:\/\/moverdb.com\/lt\/moving-companies\/\" data-internallinksmanager029f6b8e52c=\"79\" title=\"Top 25 Tarptautin\u0117s perkraustymo \u012fmon\u0117s internete\">perkraustymo \u012fmon\u0117<\/a> gali imtis daugelio u\u017eduo\u010di\u0173, pavyzd\u017eiui, organizuoti persikraustym\u0105, organizuoti transport\u0105, pakuoti ir pildyti dokumentus. Toliau pateikiame s\u0105ra\u0161\u0105 <a href=\"https:\/\/moverdb.com\/lt\/moving-to-the-united-states\/moving-to-nevada\/\" data-internallinksmanager029f6b8e52c=\"457\" title=\"Persik\u0117limas \u012f Nevad\u0105? 2024 Gyvenimo i\u0161laidos ir persik\u0117limo patarimai\">Nevada<\/a> remiantis <a href=\"https:\/\/moverdb.com\/lt\/international-removals\/\" data-internallinksmanager029f6b8e52c=\"27\" title=\"36 geriausios tarptautinio perkraustymo \u012fmon\u0117s Jungtin\u0117je Karalyst\u0117je\">perkraustymo \u012fmon\u0117s<\/a> kurie yra <a href=\"https:\/\/moverdb.com\/lt\/iam\/\" data-internallinksmanager029f6b8e52c=\"23\" title=\"Tarptautin\u0117s perkraustytoj\u0173 asociacijos (IAM) paai\u0161kinimai\">Tarptautin\u0117 perkraustytoj\u0173 asociacija<\/a> (IAM) ir (arba) <a href=\"https:\/\/moverdb.com\/lt\/fidi-faim\/\" data-internallinksmanager029f6b8e52c=\"16\" title=\"FIDI ir FAIM (FIDI akredituotas tarptautinis perve\u017e\u0117jas) paai\u0161kinimai\">FIDI<\/a> Akredituotas tarptautinis perkraustymas (FAIM), kuris gal\u0117t\u0173 pad\u0117ti jums persikraustyti.<\/p>\n<h2><strong>RenoRelo<\/strong><\/h2>\n<p><img loading=\"lazy\" decoding=\"async\" class=\"alignnone size-full wp-image-11423\" src=\"https:\/\/moverdb.com\/wp-content\/uploads\/RenoRelo-international-moving-company.png\" alt=\"&quot;RenoRelo&quot; tarptautin\u0117 perkraustymo \u012fmon\u0117\" width=\"1440\" height=\"679\" data-wp-pid=\"11423\" srcset=\"https:\/\/moverdb.com\/wp-content\/uploads\/RenoRelo-international-moving-company.png 1440w, https:\/\/moverdb.com\/wp-content\/uploads\/RenoRelo-international-moving-company-300x141.png 300w, https:\/\/moverdb.com\/wp-content\/uploads\/RenoRelo-international-moving-company-1024x483.png 1024w, https:\/\/moverdb.com\/wp-content\/uploads\/RenoRelo-international-moving-company-18x8.png 18w, https:\/\/moverdb.com\/wp-content\/uploads\/RenoRelo-international-moving-company-600x283.png 600w\" sizes=\"auto, (max-width: 1440px) 100vw, 1440px\" \/><\/p>\n<ul>\n<li>Vietiniai ir nacionaliniai perkraustymai<\/li>\n<li>Perk\u0117limai visame pasaulyje<\/li>\n<li>Gyvenam\u0173j\u0173 nam\u0173 perkraustymai<\/li>\n<li>Komercini\u0173 ir biuro patalp\u0173 perkraustymas<\/li>\n<li>\u012emoni\u0173 perk\u0117limai<\/li>\n<li>Visapusi\u0161k\u0173 paslaug\u0173 sprendimai<\/li>\n<li>Pakavimo paslauga<\/li>\n<li>Krep\u0161elis<\/li>\n<li>Transporto priemon\u0117s<\/li>\n<li>Sand\u0117liavimo patalpos<\/li>\n<\/ul>\n<p>\"RenoRelo\" yra visapusi\u0161k\u0173 paslaug\u0173 \u012fmon\u0117, teikianti perkraustymo paslaugas Reno, Spokane ir Boise. Ji yra \"United Van Lines\" agent\u0117, tod\u0117l turi perkraustymo \u012fmoni\u0173 tinkl\u0105, su kuriuo gali bendradarbiauti teikdama paslaugas u\u017e savo veiklos teritorijos rib\u0173. Jie yra IAM nariai, turintys penkeri\u0173 met\u0173 patirt\u012f.<\/p>\n<p>\"RenoRelo\" si\u016blo i\u0161samius gyvenam\u0173j\u0173, komercini\u0173 ir biuro patalp\u0173 perkraustymo sprendimus, taip pat \u012fmoni\u0173 perk\u0117lim\u0105 \u012f kit\u0105 viet\u0105. <a href=\"https:\/\/moverdb.com\/lt\/moving-to-the-united-states\/\" data-internallinksmanager029f6b8e52c=\"94\" title=\"Persik\u0117limas \u012f Jungtines Amerikos Valstijas? 2022 Gyvenimo i\u0161laidos ir persik\u0117limo patarimai\">JAV<\/a> ir tarptautiniu mastu. Jie teikia pakavimo ir \u012fpakavimo paslaugas, kad apsaugot\u0173 j\u016bs\u0173 daiktus perve\u017eimo metu. Jie pasir\u016bpins j\u016bs\u0173 daikt\u0173 perve\u017eimu ir koordinuos j\u0173 pristatym\u0105 \u012f paskirties viet\u0105 su tre\u010diosiomis \u0161alimis.<\/p>\n<p>Interneto svetain\u0117: <a href=\"http:\/\/renoreloww.com\" target=\"_blank\" rel=\"noopener\">http:\/\/renoreloww.com<\/a><\/p>\n<h2>Kiti naudingi Jungtini\u0173 Amerikos Valstij\u0173 gidai<\/h2>\n<ul>\n<li> <a href=\"https:\/\/moverdb.com\/lt\/persikelimas-i-vienuomenes-valstybes-2022-gyvenimo-kastai-persikelimo-patarimai\/moving-to-las-vegas\/\">Persikraustote \u012f Las Vegas\u0105? 2024 Gyvenimo i\u0161laidos ir persik\u0117limo patarimai<\/a><\/li>\n<li> <a href=\"https:\/\/moverdb.com\/lt\/persikelimas-i-vienuomenes-valstybes-2022-gyvenimo-kastai-persikelimo-patarimai\/moving-to-nevada\/\">Persik\u0117limas \u012f Nevad\u0105? 2024 Gyvenimo i\u0161laidos ir persik\u0117limo patarimai<\/a><\/li>\n<li> <a href=\"https:\/\/moverdb.com\/lt\/persikelimas-i-vienuomenes-valstybes-2022-gyvenimo-kastai-persikelimo-patarimai\/movers-cost\/\">Kiek kainuoja samdyti perkraustytojus? 2024 m. JAV taupymo vadovas<\/a><\/li>\n<li> <a href=\"https:\/\/moverdb.com\/lt\/persikelimas-i-vienuomenes-valstybes-2022-gyvenimo-kastai-persikelimo-patarimai\/\">Keliaujate \u012f Jungtines Amerikos Valstijas? 2022 Gyvenimo i\u0161laidos ir persik\u0117limo patarimai<\/a><\/li>\n<li> <a href=\"https:\/\/moverdb.com\/lt\/persikelimas-i-vienuomenes-valstybes-2022-gyvenimo-kastai-persikelimo-patarimai\/places-to-live-in-the-us\/\">13 geriausi\u0173 viet\u0173 gyventi Jungtin\u0117se Amerikos Valstijose<\/a><\/li>\n<li> <a href=\"https:\/\/moverdb.com\/lt\/persikelimas-i-vienuomenes-valstybes-2022-gyvenimo-kastai-persikelimo-patarimai\/gyvenamoji-2\/\">21 paslaptis apie gyvenim\u0105 JAV, kurias reikia \u017einoti prie\u0161 persikeliant<\/a><\/li>\n<\/ul>","protected":false},"excerpt":{"rendered":"<p>Moving can be one of the most stressful times in your life so why try to do it all by yourself? A moving company can take on many of the tasks such as organising the move, arranging transport, packing and completing paperwork. Below we have compiled a list of Nevada based removal companies that are [&hellip;]<\/p>\n","protected":false},"author":4,"featured_media":11423,"parent":190,"menu_order":0,"comment_status":"closed","ping_status":"closed","template":"","meta":{"_genesis_hide_title":false,"_genesis_hide_breadcrumbs":false,"_genesis_hide_singular_image":false,"_genesis_hide_footer_widgets":false,"_genesis_custom_body_class":"","_genesis_custom_post_class":"","_genesis_layout":"","footnotes":""},"class_list":{"0":"post-11624","1":"page","2":"type-page","3":"status-publish","4":"has-post-thumbnail","6":"entry"},"_links":{"self":[{"href":"https:\/\/moverdb.com\/lt\/wp-json\/wp\/v2\/pages\/11624","targetHints":{"allow":["GET"]}}],"collection":[{"href":"https:\/\/moverdb.com\/lt\/wp-json\/wp\/v2\/pages"}],"about":[{"href":"https:\/\/moverdb.com\/lt\/wp-json\/wp\/v2\/types\/page"}],"author":[{"embeddable":true,"href":"https:\/\/moverdb.com\/lt\/wp-json\/wp\/v2\/users\/4"}],"replies":[{"embeddable":true,"href":"https:\/\/moverdb.com\/lt\/wp-json\/wp\/v2\/comments?post=11624"}],"version-history":[{"count":4,"href":"https:\/\/moverdb.com\/lt\/wp-json\/wp\/v2\/pages\/11624\/revisions"}],"predecessor-version":[{"id":17660,"href":"https:\/\/moverdb.com\/lt\/wp-json\/wp\/v2\/pages\/11624\/revisions\/17660"}],"up":[{"embeddable":true,"href":"https:\/\/moverdb.com\/lt\/wp-json\/wp\/v2\/pages\/190"}],"wp:featuredmedia":[{"embeddable":true,"href":"https:\/\/moverdb.com\/lt\/wp-json\/wp\/v2\/media\/11423"}],"wp:attachment":[{"href":"https:\/\/moverdb.com\/lt\/wp-json\/wp\/v2\/media?parent=11624"}],"curies":[{"name":"wp","href":"https:\/\/api.w.org\/{rel}","templated":true}]}}