{"id":11622,"date":"2023-11-22T15:49:11","date_gmt":"2023-11-22T15:49:11","guid":{"rendered":"https:\/\/moverdb.com\/?page_id=11622"},"modified":"2026-01-08T15:30:09","modified_gmt":"2026-01-08T15:30:09","slug":"moving-companies-montana","status":"publish","type":"page","link":"https:\/\/moverdb.com\/lt\/moving-companies\/moving-companies-montana\/","title":{"rendered":"Geriausios tarptautin\u0117s perkraustymo \u012fmon\u0117s Montanoje"},"content":{"rendered":"<p>Galvojate apie persikraustym\u0105? Tuomet pasitelkite <a href=\"https:\/\/moverdb.com\/lt\/moving-companies\/\" data-internallinksmanager029f6b8e52c=\"79\" title=\"Top 25 Tarptautin\u0117s perkraustymo \u012fmon\u0117s internete\">perkraustymo \u012fmon\u0117<\/a> gali pad\u0117ti suma\u017einti su persikraustymu susijus\u012f spaudim\u0105, nes jie gali atlikti daug darb\u0173 u\u017e jus. Tai gali b\u016bti persikraustymo planavimas, saugus daikt\u0173 pakavimas ir j\u0173 perve\u017eimas \u012f paskirties viet\u0105, \u012fskaitant vis\u0173 dokument\u0173 tvarkym\u0105. Toliau pateikiame s\u0105ra\u0161\u0105 <a href=\"https:\/\/moverdb.com\/lt\/moving-to-the-united-states\/moving-to-montana\/\" data-internallinksmanager029f6b8e52c=\"461\" title=\"Persik\u0117limas \u012f Montan\u0105? 2024 Gyvenimo i\u0161laidos ir persik\u0117limo patarimai\">Montana<\/a> remiantis <a href=\"https:\/\/moverdb.com\/lt\/international-removals\/\" data-internallinksmanager029f6b8e52c=\"27\" title=\"36 geriausios tarptautinio perkraustymo \u012fmon\u0117s Jungtin\u0117je Karalyst\u0117je\">perkraustymo \u012fmon\u0117s<\/a> kurie yra <a href=\"https:\/\/moverdb.com\/lt\/iam\/\" data-internallinksmanager029f6b8e52c=\"23\" title=\"Tarptautin\u0117s perkraustytoj\u0173 asociacijos (IAM) paai\u0161kinimai\">Tarptautin\u0117 perkraustytoj\u0173 asociacija<\/a> (IAM) ir (arba) <a href=\"https:\/\/moverdb.com\/lt\/fidi-faim\/\" data-internallinksmanager029f6b8e52c=\"16\" title=\"FIDI ir FAIM (FIDI akredituotas tarptautinis perve\u017e\u0117jas) paai\u0161kinimai\">FIDI<\/a> Akredituot\u0173 tarptautini\u0173 perkraustymo paslaug\u0173 teik\u0117j\u0173 (FAIM), kurie gal\u0117t\u0173 pad\u0117ti jums persikraustyti.<\/p>\n<h2><strong>\"Hi-Line\" perkraustymo paslaugos<\/strong><\/h2>\n<p><img loading=\"lazy\" decoding=\"async\" class=\"alignnone size-full wp-image-11338\" src=\"https:\/\/moverdb.com\/wp-content\/uploads\/Hi-Line-Moving-Services-international-moving-company.png\" alt=\"&quot;Hi Line Moving Services&quot; tarptautin\u0117 perkraustymo \u012fmon\u0117\" width=\"1440\" height=\"671\" data-wp-pid=\"11338\" srcset=\"https:\/\/moverdb.com\/wp-content\/uploads\/Hi-Line-Moving-Services-international-moving-company.png 1440w, https:\/\/moverdb.com\/wp-content\/uploads\/Hi-Line-Moving-Services-international-moving-company-300x140.png 300w, https:\/\/moverdb.com\/wp-content\/uploads\/Hi-Line-Moving-Services-international-moving-company-1024x477.png 1024w, https:\/\/moverdb.com\/wp-content\/uploads\/Hi-Line-Moving-Services-international-moving-company-18x8.png 18w, https:\/\/moverdb.com\/wp-content\/uploads\/Hi-Line-Moving-Services-international-moving-company-600x280.png 600w\" sizes=\"auto, (max-width: 1440px) 100vw, 1440px\" \/><\/p>\n<ul>\n<li>Vietiniai ir tolimieji perve\u017eimai<\/li>\n<li>Tarptautiniai perkraustymai<\/li>\n<li>Nam\u0173 \u016bkio perkraustymai<\/li>\n<li>Komercinis krovini\u0173 ve\u017eimas<\/li>\n<li>\u012emoni\u0173 perk\u0117limai<\/li>\n<li>Paslauga \"nuo dur\u0173 iki dur\u0173<\/li>\n<li>Transporto priemon\u0117s<\/li>\n<li>Siuntos dyd\u017eio pasirinkimas<\/li>\n<li>Siuntos steb\u0117jimas<\/li>\n<\/ul>\n<p>\"Hi-Line Moving Services\" yra jud\u0117jimo \u012fmon\u0117, \u012fsik\u016brusi Great Falls mieste. Ji bendradarbiauja su \u012fvairiomis \"Van Line\" bendrov\u0117mis ir kruop\u0161\u010diai atrinktomis tre\u010di\u0173j\u0173 \u0161ali\u0173 perkraustymo paslaugomis, kad gal\u0117t\u0173 teikti paslaugas nacionaliniu ir tarptautiniu mastu. Jie yra IAM nariai, turintys 34 met\u0173 patirt\u012f.<\/p>\n<p>\"Hi-Line Moving Services\" si\u016blo individualiai pritaikytas perkraustymo paslaugas ir suplanuos j\u016bs\u0173 perkraustym\u0105, pasirinkdami j\u016bs\u0173 biud\u017eet\u0105 atitinkan\u010dius variantus. Jie specializuojasi perkraustymo \u012f <a href=\"https:\/\/moverdb.com\/lt\/moving-to-the-united-states\/moving-to-alaska\/\" data-internallinksmanager029f6b8e52c=\"384\" title=\"Persik\u0117limas \u012f Aliask\u0105? 2023 m. pragyvenimo i\u0161laidos ir persik\u0117limo patarimai\">Aliaska<\/a> nors jie teikia paslaugas, susijusias su perkraustymu Montanoje, tarp valstij\u0173 ir tarptautiniu mastu. Jie teikia perkraustymo nuo dur\u0173 iki dur\u0173 paslaugas, kai perve\u017ea j\u016bs\u0173 daiktus ir seka siuntos jud\u0117jim\u0105.<\/p>\n<p>Interneto svetain\u0117: <a href=\"http:\/\/www.hilinemoving.com\" target=\"_blank\" rel=\"noopener\">http:\/\/www.hilinemoving.com<\/a><\/p>","protected":false},"excerpt":{"rendered":"<p>Are you thinking of moving? Then engaging a moving company might help reduce the pressure of the move as they can do a lot of the work for you. This can include planning the move, packing your belongings safely and moving them to your destination including any paperwork. Below we have compiled a list of [&hellip;]<\/p>\n","protected":false},"author":4,"featured_media":11338,"parent":190,"menu_order":0,"comment_status":"closed","ping_status":"closed","template":"","meta":{"_genesis_hide_title":false,"_genesis_hide_breadcrumbs":false,"_genesis_hide_singular_image":false,"_genesis_hide_footer_widgets":false,"_genesis_custom_body_class":"","_genesis_custom_post_class":"","_genesis_layout":"","footnotes":""},"class_list":{"0":"post-11622","1":"page","2":"type-page","3":"status-publish","4":"has-post-thumbnail","6":"entry"},"_links":{"self":[{"href":"https:\/\/moverdb.com\/lt\/wp-json\/wp\/v2\/pages\/11622","targetHints":{"allow":["GET"]}}],"collection":[{"href":"https:\/\/moverdb.com\/lt\/wp-json\/wp\/v2\/pages"}],"about":[{"href":"https:\/\/moverdb.com\/lt\/wp-json\/wp\/v2\/types\/page"}],"author":[{"embeddable":true,"href":"https:\/\/moverdb.com\/lt\/wp-json\/wp\/v2\/users\/4"}],"replies":[{"embeddable":true,"href":"https:\/\/moverdb.com\/lt\/wp-json\/wp\/v2\/comments?post=11622"}],"version-history":[{"count":2,"href":"https:\/\/moverdb.com\/lt\/wp-json\/wp\/v2\/pages\/11622\/revisions"}],"predecessor-version":[{"id":11627,"href":"https:\/\/moverdb.com\/lt\/wp-json\/wp\/v2\/pages\/11622\/revisions\/11627"}],"up":[{"embeddable":true,"href":"https:\/\/moverdb.com\/lt\/wp-json\/wp\/v2\/pages\/190"}],"wp:featuredmedia":[{"embeddable":true,"href":"https:\/\/moverdb.com\/lt\/wp-json\/wp\/v2\/media\/11338"}],"wp:attachment":[{"href":"https:\/\/moverdb.com\/lt\/wp-json\/wp\/v2\/media?parent=11622"}],"curies":[{"name":"wp","href":"https:\/\/api.w.org\/{rel}","templated":true}]}}