{"id":11619,"date":"2023-11-29T10:52:33","date_gmt":"2023-11-29T10:52:33","guid":{"rendered":"https:\/\/moverdb.com\/?page_id=11619"},"modified":"2026-01-08T15:28:59","modified_gmt":"2026-01-08T15:28:59","slug":"moving-companies-us-missouri","status":"publish","type":"page","link":"https:\/\/moverdb.com\/lt\/moving-companies\/moving-companies-us-missouri\/","title":{"rendered":"5 Geriausios tarptautin\u0117s perkraustymo \u012fmon\u0117s Mis\u016brio valstijoje"},"content":{"rendered":"<p>Kai planuojate persikraustym\u0105, ar visk\u0105 darysite patys, ar sulauksite pagalbos i\u0161 <a href=\"https:\/\/moverdb.com\/lt\/moving-companies\/\" data-internallinksmanager029f6b8e52c=\"79\" title=\"Top 25 Tarptautin\u0117s perkraustymo \u012fmon\u0117s internete\">perkraustymo \u012fmon\u0117<\/a>? Jie gali pad\u0117ti supakuoti, transportuoti ir pateikti dokumentus, kad jums tekt\u0173 ma\u017eiau r\u016bpes\u010di\u0173. Toliau pateikiame s\u0105ra\u0161\u0105 <a href=\"https:\/\/moverdb.com\/lt\/moving-to-the-united-states\/moving-to-missouri\/\" data-internallinksmanager029f6b8e52c=\"460\" title=\"Persik\u0117limas \u012f Mis\u016br\u012f? 2024 Gyvenimo i\u0161laidos ir persik\u0117limo patarimai\">Mis\u016bris<\/a> remiantis <a href=\"https:\/\/moverdb.com\/lt\/international-removals\/\" data-internallinksmanager029f6b8e52c=\"27\" title=\"36 geriausios tarptautinio perkraustymo \u012fmon\u0117s Jungtin\u0117je Karalyst\u0117je\">perkraustymo \u012fmon\u0117s<\/a> kurie yra <a href=\"https:\/\/moverdb.com\/lt\/iam\/\" data-internallinksmanager029f6b8e52c=\"23\" title=\"Tarptautin\u0117s perkraustytoj\u0173 asociacijos (IAM) paai\u0161kinimai\">Tarptautin\u0117 perkraustytoj\u0173 asociacija<\/a> (IAM) ir (arba) <a href=\"https:\/\/moverdb.com\/lt\/fidi-faim\/\" data-internallinksmanager029f6b8e52c=\"16\" title=\"FIDI ir FAIM (FIDI akredituotas tarptautinis perve\u017e\u0117jas) paai\u0161kinimai\">FIDI<\/a> Akredituot\u0173 tarptautini\u0173 perkraustymo paslaug\u0173 teik\u0117j\u0173 (FAIM), kurie gal\u0117t\u0173 pad\u0117ti jums persikraustyti.<\/p>\n<div id=\"ez-toc-container\" class=\"ez-toc-v2_0_82_2 ez-toc-wrap-left counter-hierarchy ez-toc-counter ez-toc-transparent ez-toc-container-direction\">\n<div class=\"ez-toc-title-container\">\n<p class=\"ez-toc-title\" style=\"cursor:inherit\">Skyriai<\/p>\n<span class=\"ez-toc-title-toggle\"><a href=\"#\" class=\"ez-toc-pull-right ez-toc-btn ez-toc-btn-xs ez-toc-btn-default ez-toc-toggle\" aria-label=\"Perjungti turinio lentel\u0119\"><span class=\"ez-toc-js-icon-con\"><span class=\"\"><span class=\"eztoc-hide\" style=\"display:none;\">Perjungti<\/span><span class=\"ez-toc-icon-toggle-span\"><svg style=\"fill: #999;color:#999\" xmlns=\"http:\/\/www.w3.org\/2000\/svg\" class=\"list-377408\" width=\"20px\" height=\"20px\" viewbox=\"0 0 24 24\" fill=\"none\"><path d=\"M6 6H4v2h2V6zm14 0H8v2h12V6zM4 11h2v2H4v-2zm16 0H8v2h12v-2zM4 16h2v2H4v-2zm16 0H8v2h12v-2z\" fill=\"currentColor\"><\/path><\/svg><svg style=\"fill: #999;color:#999\" class=\"arrow-unsorted-368013\" xmlns=\"http:\/\/www.w3.org\/2000\/svg\" width=\"10px\" height=\"10px\" viewbox=\"0 0 24 24\" version=\"1.2\" baseprofile=\"tiny\"><path d=\"M18.2 9.3l-6.2-6.3-6.2 6.3c-.2.2-.3.4-.3.7s.1.5.3.7c.2.2.4.3.7.3h11c.3 0 .5-.1.7-.3.2-.2.3-.5.3-.7s-.1-.5-.3-.7zM5.8 14.7l6.2 6.3 6.2-6.3c.2-.2.3-.5.3-.7s-.1-.5-.3-.7c-.2-.2-.4-.3-.7-.3h-11c-.3 0-.5.1-.7.3-.2.2-.3.5-.3.7s.1.5.3.7z\"\/><\/svg><\/span><\/span><\/span><\/a><\/span><\/div>\n<nav><ul class='ez-toc-list ez-toc-list-level-1 eztoc-toggle-hide-by-default' ><li class='ez-toc-page-1 ez-toc-heading-level-2'><a class=\"ez-toc-link ez-toc-heading-1\" href=\"https:\/\/moverdb.com\/lt\/moving-companies\/moving-companies-us-missouri\/#1_Compass_Moving\" >1. Kompaso jud\u0117jimas<\/a><\/li><li class='ez-toc-page-1 ez-toc-heading-level-2'><a class=\"ez-toc-link ez-toc-heading-2\" href=\"https:\/\/moverdb.com\/lt\/moving-companies\/moving-companies-us-missouri\/#2_Day_Transfer_Company\" >2. Dienos perve\u017eimo \u012fmon\u0117<\/a><\/li><li class='ez-toc-page-1 ez-toc-heading-level-2'><a class=\"ez-toc-link ez-toc-heading-3\" href=\"https:\/\/moverdb.com\/lt\/moving-companies\/moving-companies-us-missouri\/#3_Mayflower\" >3. Mayflower<\/a><\/li><li class='ez-toc-page-1 ez-toc-heading-level-2'><a class=\"ez-toc-link ez-toc-heading-4\" href=\"https:\/\/moverdb.com\/lt\/moving-companies\/moving-companies-us-missouri\/#4_The_Cartwright_Co\" >4. The Cartwright Co.<\/a><\/li><li class='ez-toc-page-1 ez-toc-heading-level-2'><a class=\"ez-toc-link ez-toc-heading-5\" href=\"https:\/\/moverdb.com\/lt\/moving-companies\/moving-companies-us-missouri\/#5_United_Van_Lines\" >5. \"United Van Lines<\/a><\/li><\/ul><\/nav><\/div>\n<h2><span class=\"ez-toc-section\" id=\"1_Compass_Moving\"><\/span><strong>1. Kompaso jud\u0117jimas<\/strong><span class=\"ez-toc-section-end\"><\/span><\/h2>\n<p><img loading=\"lazy\" decoding=\"async\" class=\"alignnone size-full wp-image-11290\" src=\"https:\/\/moverdb.com\/wp-content\/uploads\/Compass-Moving-international-moving-company.png\" alt=\"&quot;Compass Moving&quot; tarptautin\u0117 perkraustymo \u012fmon\u0117\" width=\"1440\" height=\"676\" data-wp-pid=\"11290\" srcset=\"https:\/\/moverdb.com\/wp-content\/uploads\/Compass-Moving-international-moving-company.png 1440w, https:\/\/moverdb.com\/wp-content\/uploads\/Compass-Moving-international-moving-company-300x141.png 300w, https:\/\/moverdb.com\/wp-content\/uploads\/Compass-Moving-international-moving-company-1024x481.png 1024w, https:\/\/moverdb.com\/wp-content\/uploads\/Compass-Moving-international-moving-company-18x8.png 18w, https:\/\/moverdb.com\/wp-content\/uploads\/Compass-Moving-international-moving-company-600x282.png 600w\" sizes=\"auto, (max-width: 1440px) 100vw, 1440px\" \/><\/p>\n<ul>\n<li>Nacionaliniai judesiai<\/li>\n<li>Tarptautiniai perkraustymai<\/li>\n<li>Gyvenam\u0173j\u0173 nam\u0173 perkraustymai<\/li>\n<li>Kariniai veiksmai<\/li>\n<li>Visapusi\u0161kas paslaug\u0173 teikimas<\/li>\n<li>Pakavimo paslauga<\/li>\n<li>Sausumos ir j\u016br\u0173 transportas<\/li>\n<li><a href=\"https:\/\/moverdb.com\/lt\/top-49-container-ports\/\" data-internallinksmanager029f6b8e52c=\"80\" title=\"49 did\u017eiausi ir labiausiai apkrauti konteineri\u0173 uostai 2025 m.\">Uostas<\/a> paslaugos<\/li>\n<li><a href=\"https:\/\/moverdb.com\/lt\/car-transport-shipping\/\" data-internallinksmanager029f6b8e52c=\"2\" title=\"2026 Tarptautinio automobili\u0173 transporto ir transporto priemoni\u0173 gabenimo citatos\">Transporto priemoni\u0173 gabenimas<\/a><\/li>\n<li>Draudimas<\/li>\n<\/ul>\n<p>\"Compass Moving\" yra 1982 m. \u012fkurta ir Grandv\u0117juje \u012fsik\u016brusi visapusi\u0161k\u0173 paslaug\u0173 \u012fmon\u0117. Ji yra IAM nar\u0117, turinti 41 met\u0173 patirt\u012f, tod\u0117l gali naudotis tarptautiniu perkraustymo agent\u0173 tinklu.<\/p>\n<p>\"Compass Moving\" si\u016blo i\u0161sami\u0105 <a href=\"https:\/\/moverdb.com\/lt\/quotes\/\" data-internallinksmanager029f6b8e52c=\"26\" title=\"Tarptautinio perkraustymo citatos: 12 klausim\u0173, kuriuos reikia u\u017eduoti perve\u017eimo \u012fmonei: 12 klausim\u0173, kuriuos reikia u\u017eduoti perve\u017eimo \u012fmonei\">judan\u010dios citatos<\/a> be joki\u0173 pasl\u0117pt\u0173 mokes\u010di\u0173. Jie teikia profesionalias pakavimo namuose paslaugas, kad saugiai supakuot\u0173 j\u016bs\u0173 daiktus perve\u017eimui \u012f sandarius konteinerius. Jie pasir\u016bpins daikt\u0173 gabenimu sunkve\u017eimiais ir j\u016br\u0173 transportu, jei kraustomasi tarptautiniu mastu. Jie sutvarkys visas uosto proced\u016bras, o visos i\u0161laidos \u012fskai\u010diuotos \u012f kain\u0105, taip pat \u012fskai\u010diuotas pagrindinis draudimas.<\/p>\n<p>Interneto svetain\u0117: <a href=\"http:\/\/www.compassmoving.com\" target=\"_blank\" rel=\"noopener\">http:\/\/www.compassmoving.com<\/a><\/p>\n<h2><span class=\"ez-toc-section\" id=\"2_Day_Transfer_Company\"><\/span><strong>2. Dienos perve\u017eimo \u012fmon\u0117<\/strong><span class=\"ez-toc-section-end\"><\/span><\/h2>\n<p><img loading=\"lazy\" decoding=\"async\" class=\"alignnone size-full wp-image-11304\" src=\"https:\/\/moverdb.com\/wp-content\/uploads\/Day-Transfer-Moving-Storage-international-moving-company.png\" alt=\"&quot;Day Transfer Moving &amp; Storage&quot; tarptautin\u0117 perkraustymo \u012fmon\u0117\" width=\"1440\" height=\"677\" data-wp-pid=\"11304\" srcset=\"https:\/\/moverdb.com\/wp-content\/uploads\/Day-Transfer-Moving-Storage-international-moving-company.png 1440w, https:\/\/moverdb.com\/wp-content\/uploads\/Day-Transfer-Moving-Storage-international-moving-company-300x141.png 300w, https:\/\/moverdb.com\/wp-content\/uploads\/Day-Transfer-Moving-Storage-international-moving-company-1024x481.png 1024w, https:\/\/moverdb.com\/wp-content\/uploads\/Day-Transfer-Moving-Storage-international-moving-company-18x8.png 18w, https:\/\/moverdb.com\/wp-content\/uploads\/Day-Transfer-Moving-Storage-international-moving-company-600x282.png 600w\" sizes=\"auto, (max-width: 1440px) 100vw, 1440px\" \/><\/p>\n<ul>\n<li>Vietiniai perkraustymai<\/li>\n<li>Tolimi perve\u017eimai<\/li>\n<li>Gyvenam\u0173j\u0173 nam\u0173 perkraustymai<\/li>\n<li>Biuro perkraustymai<\/li>\n<li>\u012emoni\u0173 perk\u0117limai<\/li>\n<li>Perk\u0117limo konsultantas<\/li>\n<li>Pakavimo paslaugos<\/li>\n<li>Transporto priemon\u0117s<\/li>\n<li>Draudimas<\/li>\n<li>Ilgalaikis ir laikinas saugojimas<\/li>\n<\/ul>\n<p>\"Day Transfer Company\" yra visapusi\u0161k\u0173 paslaug\u0173 \u012fmon\u0117, teikianti perkraustymo paslaugas Cape Girardeau, Clarksville, Fayetteville ir Montgomery miestuose. Ji yra \"National Van Lines\" tarpvalstybin\u0117 agent\u0117, tod\u0117l teikdama savo paslaugas gali naudotis perkraustymo \u012fmoni\u0173 tinklu. Jie yra IAM nariai, turintys 90 met\u0173 patirt\u012f.<\/p>\n<p>\"Day Transfer Company\" si\u016blo visas perkraustymo paslaugas su persikraustymo konsultantu, kuris jums pad\u0117s, arba si\u016blo atskiras pakavimo paslaugas. Jie si\u016blo pakavimo paslaugas su profesionaliai apmokyta pakavimo brigada, kuri apsaugos j\u016bs\u0173 daiktus, kad jie b\u016bt\u0173 paruo\u0161ti perve\u017eimui, ir u\u017etikrins draudimo apsaug\u0105, kad gal\u0117tum\u0117te b\u016bti ram\u016bs. Jie taip pat i\u0161pakuos daiktus atvykus.<\/p>\n<p>Interneto svetain\u0117: <a href=\"http:\/\/www.daytransferco.com\" target=\"_blank\" rel=\"noopener\">http:\/\/www.daytransferco.com<\/a><\/p>\n<h2><span class=\"ez-toc-section\" id=\"3_Mayflower\"><\/span><strong>3. Mayflower<\/strong><span class=\"ez-toc-section-end\"><\/span><\/h2>\n<p><img loading=\"lazy\" decoding=\"async\" class=\"alignnone size-full wp-image-11372\" src=\"https:\/\/moverdb.com\/wp-content\/uploads\/Mayflower-international-moving-company.png\" alt=\"&quot;Mayflower&quot; tarptautin\u0117 perkraustymo \u012fmon\u0117\" width=\"1440\" height=\"680\" data-wp-pid=\"11372\" srcset=\"https:\/\/moverdb.com\/wp-content\/uploads\/Mayflower-international-moving-company.png 1440w, https:\/\/moverdb.com\/wp-content\/uploads\/Mayflower-international-moving-company-300x142.png 300w, https:\/\/moverdb.com\/wp-content\/uploads\/Mayflower-international-moving-company-1024x484.png 1024w, https:\/\/moverdb.com\/wp-content\/uploads\/Mayflower-international-moving-company-18x9.png 18w, https:\/\/moverdb.com\/wp-content\/uploads\/Mayflower-international-moving-company-600x283.png 600w\" sizes=\"auto, (max-width: 1440px) 100vw, 1440px\" \/><\/p>\n<ul>\n<li>Vietiniai ir nacionaliniai perkraustymai<\/li>\n<li>Tarptautiniai perkraustymai<\/li>\n<li>Nam\u0173 \u016bkio perkraustymai<\/li>\n<li>\u012emoni\u0173 perk\u0117limai<\/li>\n<li>Asmeninis persikraustymo koordinatorius<\/li>\n<li>Pakavimo paslauga<\/li>\n<li>Transportas sausuma, j\u016bra ir oru<\/li>\n<li>Muitinis \u012fforminimas<\/li>\n<li>Transporto priemoni\u0173 gabenimas<\/li>\n<li>Trumpalaikis ir ilgalaikis saugojimas<\/li>\n<\/ul>\n<p>\"Mayflower\" yra 1927 m. \u012fkurta perkraustymo ir perk\u0117limo bendrov\u0117, priklausanti \"UniGroup\". Ji turi visoje \u0161alyje veikiant\u012f agent\u0173 tinkl\u0105, padedant\u012f teikti perkraustymo paslaugas, taip pat tarptautinius partnerius, teikian\u010dius paslaugas visame pasaulyje daugiau kaip 150 \u0161ali\u0173. Ji yra IAM nar\u0117, turinti 37 met\u0173 patirt\u012f.<\/p>\n<p>\"Mayflower\" asmeninis persikraustymo koordinatorius pad\u0117s jums suplanuoti persikraustym\u0105 ir pad\u0117s priimti sprendimus d\u0117l j\u016bs\u0173 individualiai pritaikyto persikraustymo persikraustymo plano. Jie si\u016blo visas pakavimo paslaugas, kad apsaugot\u0173 j\u016bs\u0173 daiktus ir supaprastint\u0173 muitin\u0117s proced\u016bras. Jei pakuojate patys, jie atliks patikrinim\u0105, kad \u012fsitikint\u0173, jog tarp j\u0173 n\u0117ra draud\u017eiam\u0173 daikt\u0173.<\/p>\n<p>Interneto svetain\u0117: <a href=\"https:\/\/www.mayflower.com\/\" target=\"_blank\" rel=\"noopener\">https:\/\/www.mayflower.com\/<\/a><\/p>\n<h2><span class=\"ez-toc-section\" id=\"4_The_Cartwright_Co\"><\/span><strong>4. The Cartwright Co.<\/strong><span class=\"ez-toc-section-end\"><\/span><\/h2>\n<p><img loading=\"lazy\" decoding=\"async\" class=\"alignnone size-full wp-image-11454\" src=\"https:\/\/moverdb.com\/wp-content\/uploads\/The-Cartwright-Co-international-moving-company.png\" alt=\"&quot;The Cartwright Co&quot; tarptautin\u0117 perkraustymo \u012fmon\u0117\" width=\"1440\" height=\"679\" data-wp-pid=\"11454\" srcset=\"https:\/\/moverdb.com\/wp-content\/uploads\/The-Cartwright-Co-international-moving-company.png 1440w, https:\/\/moverdb.com\/wp-content\/uploads\/The-Cartwright-Co-international-moving-company-300x141.png 300w, https:\/\/moverdb.com\/wp-content\/uploads\/The-Cartwright-Co-international-moving-company-1024x483.png 1024w, https:\/\/moverdb.com\/wp-content\/uploads\/The-Cartwright-Co-international-moving-company-18x8.png 18w, https:\/\/moverdb.com\/wp-content\/uploads\/The-Cartwright-Co-international-moving-company-600x283.png 600w\" sizes=\"auto, (max-width: 1440px) 100vw, 1440px\" \/><\/p>\n<ul>\n<li>Nacionaliniai judesiai<\/li>\n<li>Tarptautiniai perkraustymai<\/li>\n<li>Nam\u0173 \u016bkio perkraustymai<\/li>\n<li>Verslo \u017eingsniai<\/li>\n<li>\u012emoni\u0173 perk\u0117limai<\/li>\n<li>Galutiniai judesiai<\/li>\n<li>Perk\u0117limo valdymas<\/li>\n<li>Gyv\u016bn\u0173 jud\u0117jimas<\/li>\n<li>Transporto priemoni\u0173 transportavimas<\/li>\n<li>Paskirties paslaugos<\/li>\n<\/ul>\n<p>\"The Cartwright Co\" yra 1934 m. prad\u0117jusi veikti pasaulin\u0117 mobilumo, perk\u0117limo ir perkraustymo \u012fmon\u0117, \u012fsik\u016brusi Grandv\u0117juje. Jos \u012fmon\u0117ms priklauso \"AmWorld Transport\", \"Cox Moving\", \"Foremost Forwarders\" ir \"Domestic Military Services\". Jie yra IAM nariai, turintys 55 met\u0173 patirt\u012f.<\/p>\n<p>\"Cartwright Co\" aptarnauja 187 \u0161alis, specializuojasi \u012fmoni\u0173 ir vyriausybi\u0173, \u012fskaitant karin\u012f personal\u0105, aptarnavimo srityje, taip pat teikia priva\u010di\u0173 nam\u0173 \u016bki\u0173 perkraustymo paslaugas. Jie si\u016blo lanks\u010dius, j\u016bs\u0173 poreikiams pritaikytus perkraustymo sprendimus, kurie gali apimti pakavimo, transportavimo ir paskirties vietos paslaugas. Papildomos paslaugos apima gyv\u016bn\u0173 perk\u0117lim\u0105, transporto priemoni\u0173 gabenim\u0105, laikin\u0105 apgyvendinim\u0105, mokykl\u0173 paie\u0161k\u0105 ir konsjer\u017eo paslaugas.<\/p>\n<p>Interneto svetain\u0117: <a href=\"https:\/\/cartwrightcompanies.com\" target=\"_blank\" rel=\"noopener\">https:\/\/cartwrightcompanies.com<\/a><\/p>\n<h2><span class=\"ez-toc-section\" id=\"5_United_Van_Lines\"><\/span><strong>5. \"United Van Lines<\/strong><span class=\"ez-toc-section-end\"><\/span><\/h2>\n<p><img loading=\"lazy\" decoding=\"async\" class=\"alignnone size-full wp-image-11468\" src=\"https:\/\/moverdb.com\/wp-content\/uploads\/United-Van-Lines-US-international-moving-company.png\" alt=\"&quot;United Van Lines&quot; JAV tarptautin\u0117 perkraustymo \u012fmon\u0117\" width=\"1440\" height=\"678\" data-wp-pid=\"11468\" srcset=\"https:\/\/moverdb.com\/wp-content\/uploads\/United-Van-Lines-US-international-moving-company.png 1440w, https:\/\/moverdb.com\/wp-content\/uploads\/United-Van-Lines-US-international-moving-company-300x141.png 300w, https:\/\/moverdb.com\/wp-content\/uploads\/United-Van-Lines-US-international-moving-company-1024x482.png 1024w, https:\/\/moverdb.com\/wp-content\/uploads\/United-Van-Lines-US-international-moving-company-18x8.png 18w, https:\/\/moverdb.com\/wp-content\/uploads\/United-Van-Lines-US-international-moving-company-600x283.png 600w\" sizes=\"auto, (max-width: 1440px) 100vw, 1440px\" \/><\/p>\n<ul>\n<li>Vietiniai ir tolimieji perve\u017eimai<\/li>\n<li>Tarptautiniai perkraustymai<\/li>\n<li>Gyvenam\u0173j\u0173 nam\u0173 perkraustymai<\/li>\n<li>\u012emoni\u0173 perkraustymai<\/li>\n<li>Individualus aptarnavimas<\/li>\n<li>Asmeninis persikraustymo koordinatorius<\/li>\n<li>Pakavimo paslauga<\/li>\n<li>Automobili\u0173 gabenimas<\/li>\n<li>Draudimas<\/li>\n<li>Trumpalaikis ir ilgalaikis saugojimas<\/li>\n<\/ul>\n<p>\"United Van Lines\" yra Fentone \u012fsik\u016brusi perkraustymo \u012fmoni\u0173 grup\u0117, si\u016blanti individualiai pritaikytas paslaugas. Platus j\u0173 perkraustymo agent\u0173 tinklas leid\u017eia teikti paslaugas nacionaliniu ir tarptautiniu mastu. Jie yra IAM nariai, turintys 81 met\u0173 patirt\u012f ir akredituoti FIDI.<\/p>\n<p>\"United Van Lines\" teikia visapusi\u0161kas perkraustymo paslaugas, kurios apima asmenin\u012f perkraustymo koordinatori\u0173 ir visapusi\u0161k\u0105 j\u016bs\u0173 daikt\u0173 apsaug\u0105. Jie taip pat si\u016blo individual\u0173 po\u017ei\u016br\u012f, leid\u017eiant\u012f pasirinkti, kokias perkraustymo paslaugas norite gauti.  Jie si\u016blo individualiai pritaikytas pakavimo paslaugas, kad pad\u0117t\u0173 apsaugoti j\u016bs\u0173 daiktus, ir gali pad\u0117ti i\u0161pakuoti daiktus atvykus.<\/p>\n<p>Interneto svetain\u0117: <a href=\"https:\/\/www.unitedvanlines.com\" target=\"_blank\" rel=\"noopener\">https:\/\/www.unitedvanlines.com<\/a><\/p>","protected":false},"excerpt":{"rendered":"<p>When you are planning your move will you do everything yourself or will you get some help from a moving company? They can help with packing, transportation and documentation to reduce the pressure on you. Below we have compiled a list of Missouri based removal companies that are members of the International Association of Movers [&hellip;]<\/p>\n","protected":false},"author":4,"featured_media":11290,"parent":190,"menu_order":0,"comment_status":"closed","ping_status":"closed","template":"","meta":{"_genesis_hide_title":false,"_genesis_hide_breadcrumbs":false,"_genesis_hide_singular_image":false,"_genesis_hide_footer_widgets":false,"_genesis_custom_body_class":"","_genesis_custom_post_class":"","_genesis_layout":"","footnotes":""},"class_list":{"0":"post-11619","1":"page","2":"type-page","3":"status-publish","4":"has-post-thumbnail","6":"entry"},"_links":{"self":[{"href":"https:\/\/moverdb.com\/lt\/wp-json\/wp\/v2\/pages\/11619","targetHints":{"allow":["GET"]}}],"collection":[{"href":"https:\/\/moverdb.com\/lt\/wp-json\/wp\/v2\/pages"}],"about":[{"href":"https:\/\/moverdb.com\/lt\/wp-json\/wp\/v2\/types\/page"}],"author":[{"embeddable":true,"href":"https:\/\/moverdb.com\/lt\/wp-json\/wp\/v2\/users\/4"}],"replies":[{"embeddable":true,"href":"https:\/\/moverdb.com\/lt\/wp-json\/wp\/v2\/comments?post=11619"}],"version-history":[{"count":2,"href":"https:\/\/moverdb.com\/lt\/wp-json\/wp\/v2\/pages\/11619\/revisions"}],"predecessor-version":[{"id":11621,"href":"https:\/\/moverdb.com\/lt\/wp-json\/wp\/v2\/pages\/11619\/revisions\/11621"}],"up":[{"embeddable":true,"href":"https:\/\/moverdb.com\/lt\/wp-json\/wp\/v2\/pages\/190"}],"wp:featuredmedia":[{"embeddable":true,"href":"https:\/\/moverdb.com\/lt\/wp-json\/wp\/v2\/media\/11290"}],"wp:attachment":[{"href":"https:\/\/moverdb.com\/lt\/wp-json\/wp\/v2\/media?parent=11619"}],"curies":[{"name":"wp","href":"https:\/\/api.w.org\/{rel}","templated":true}]}}