{"id":11617,"date":"2023-11-29T10:32:37","date_gmt":"2023-11-29T10:32:37","guid":{"rendered":"https:\/\/moverdb.com\/?page_id=11617"},"modified":"2026-01-08T15:24:23","modified_gmt":"2026-01-08T15:24:23","slug":"moving-companies-us-minnesota","status":"publish","type":"page","link":"https:\/\/moverdb.com\/lt\/moving-companies\/moving-companies-us-minnesota\/","title":{"rendered":"3 Geriausios tarptautin\u0117s perkraustymo \u012fmon\u0117s Minesotoje"},"content":{"rendered":"<p>Persikraustymas gali b\u016bti didelis sukr\u0117timas, reikia daug k\u0105 sutvarkyti, tad kod\u0117l gi nesuma\u017einus spaudimo ir neleidus <a href=\"https:\/\/moverdb.com\/lt\/moving-companies\/\" data-internallinksmanager029f6b8e52c=\"79\" title=\"Top 25 Tarptautin\u0117s perkraustymo \u012fmon\u0117s internete\">perkraustymo \u012fmon\u0117<\/a> tvarkyti j\u016bs\u0173 daiktus? Jie gali pasir\u016bpinti j\u016bs\u0173 persikraustymo logistika, pakuot\u0117mis ir, jei reikia, sutvarkyti muitin\u0117s reikalus. Toliau pateikiame s\u0105ra\u0161\u0105 <a href=\"https:\/\/moverdb.com\/lt\/moving-to-the-united-states\/moving-to-minnesota\/\" data-internallinksmanager029f6b8e52c=\"443\" title=\"Persik\u0117limas \u012f Minesot\u0105? 2023 m. gyvenimo i\u0161laidos ir persik\u0117limo patarimai\">Minesota<\/a> remiantis <a href=\"https:\/\/moverdb.com\/lt\/international-removals\/\" data-internallinksmanager029f6b8e52c=\"27\" title=\"36 geriausios tarptautinio perkraustymo \u012fmon\u0117s Jungtin\u0117je Karalyst\u0117je\">perkraustymo \u012fmon\u0117s<\/a> kurie yra <a href=\"https:\/\/moverdb.com\/lt\/iam\/\" data-internallinksmanager029f6b8e52c=\"23\" title=\"Tarptautin\u0117s perkraustytoj\u0173 asociacijos (IAM) paai\u0161kinimai\">Tarptautin\u0117 perkraustytoj\u0173 asociacija<\/a> (IAM) ir (arba) <a href=\"https:\/\/moverdb.com\/lt\/fidi-faim\/\" data-internallinksmanager029f6b8e52c=\"16\" title=\"FIDI ir FAIM (FIDI akredituotas tarptautinis perve\u017e\u0117jas) paai\u0161kinimai\">FIDI<\/a> Akredituot\u0173 tarptautini\u0173 perkraustymo paslaug\u0173 teik\u0117j\u0173 (FAIM), kurie gal\u0117t\u0173 pad\u0117ti jums persikraustyti.<\/p>\n<h2><strong>1. Veiksmo perkraustymo paslaugos<\/strong><\/h2>\n<p><img loading=\"lazy\" decoding=\"async\" class=\"alignnone size-full wp-image-11242\" src=\"https:\/\/moverdb.com\/wp-content\/uploads\/Action-Moving-Services-international-moving-company.png\" alt=\"Veiksmo perkraustymo paslaugos tarptautin\u0117 perkraustymo \u012fmon\u0117\" width=\"1440\" height=\"678\" data-wp-pid=\"11242\" srcset=\"https:\/\/moverdb.com\/wp-content\/uploads\/Action-Moving-Services-international-moving-company.png 1440w, https:\/\/moverdb.com\/wp-content\/uploads\/Action-Moving-Services-international-moving-company-300x141.png 300w, https:\/\/moverdb.com\/wp-content\/uploads\/Action-Moving-Services-international-moving-company-1024x482.png 1024w, https:\/\/moverdb.com\/wp-content\/uploads\/Action-Moving-Services-international-moving-company-18x8.png 18w, https:\/\/moverdb.com\/wp-content\/uploads\/Action-Moving-Services-international-moving-company-600x283.png 600w\" sizes=\"auto, (max-width: 1440px) 100vw, 1440px\" \/><\/p>\n<ul>\n<li>Vietiniai ir tolimieji perve\u017eimai<\/li>\n<li>Tarptautiniai perkraustymai<\/li>\n<li>Nam\u0173 \u016bkio perkraustymai<\/li>\n<li>Biur\u0173 ir pramonini\u0173 objekt\u0173 perkraustymas<\/li>\n<li>\u012emoni\u0173 perk\u0117limai<\/li>\n<li>Kompleksiniai sprendimai<\/li>\n<li>Pakavimo paslauga<\/li>\n<li>Muitin\u0117s pagalba<\/li>\n<li>Meno k\u016brini\u0173 tvarkymas<\/li>\n<li>Saugojimo paslaugos<\/li>\n<\/ul>\n<p>\"Action Moving Services\" yra vietinio ir tarptautinio perkraustymo \u012fmon\u0117, \u012fsik\u016brusi Piet\u0173 Burnsvilyje. Ji yra \"Atlas Van Lines\" tarpvalstybinis agentas, tod\u0117l turi nacionalin\u012f ir tarptautin\u012f perkraustymo agent\u0173 tinkl\u0105. Jie yra IAM nariai, turintys 42 met\u0173 patirt\u012f.<\/p>\n<p>\"Action Moving Services\" si\u016blo kompleksines perkraustymo ir perk\u0117limo paslaugas, kurios pasir\u016bpins visais j\u016bs\u0173 persikraustymo aspektais. J\u0173 paslaugos apima saug\u0173 j\u016bs\u0173 daikt\u0173 supakavim\u0105 perve\u017eimui ir i\u0161pakavim\u0105 atvykus \u012f paskirties viet\u0105. Jie pasir\u016bpins j\u016bs\u0173 daikt\u0173 perve\u017eimu ir pad\u0117s sutvarkyti muitin\u0117s formalumus.<\/p>\n<p>Interneto svetain\u0117: <a href=\"http:\/\/actionmoving.com\/\" target=\"_blank\" rel=\"noopener\">http:\/\/actionmoving.com\/<\/a><\/p>\n<h2><strong>2. Beltmann Moving &amp; Storage<\/strong><\/h2>\n<p><img loading=\"lazy\" decoding=\"async\" class=\"alignnone size-full wp-image-11269\" src=\"https:\/\/moverdb.com\/wp-content\/uploads\/Beltmann-Relocation-Group-international-moving-company.png\" alt=\"&quot;Beltmann Relocation Group&quot; tarptautin\u0117 perkraustymo \u012fmon\u0117\" width=\"1440\" height=\"682\" data-wp-pid=\"11269\" srcset=\"https:\/\/moverdb.com\/wp-content\/uploads\/Beltmann-Relocation-Group-international-moving-company.png 1440w, https:\/\/moverdb.com\/wp-content\/uploads\/Beltmann-Relocation-Group-international-moving-company-300x142.png 300w, https:\/\/moverdb.com\/wp-content\/uploads\/Beltmann-Relocation-Group-international-moving-company-1024x485.png 1024w, https:\/\/moverdb.com\/wp-content\/uploads\/Beltmann-Relocation-Group-international-moving-company-18x9.png 18w, https:\/\/moverdb.com\/wp-content\/uploads\/Beltmann-Relocation-Group-international-moving-company-600x284.png 600w\" sizes=\"auto, (max-width: 1440px) 100vw, 1440px\" \/><\/p>\n<ul>\n<li>Vietiniai ir nacionaliniai perkraustymai<\/li>\n<li>Tarptautiniai perkraustymai<\/li>\n<li>Gyvenam\u0173j\u0173 nam\u0173 perkraustymai<\/li>\n<li>Biuro perkraustymai<\/li>\n<li>\u012emoni\u0173 perk\u0117limai<\/li>\n<li>Perk\u0117limo koordinatorius<\/li>\n<li>Pakavimo paslauga<\/li>\n<li>Transporto organizavimas<\/li>\n<li>Muitin\u0117s tvarkymas<\/li>\n<li>Saugus trumpalaikis ir ilgalaikis saugojimas<\/li>\n<\/ul>\n<p>\"Beltmann Moving &amp; Storage\" yra nuo 1923 m. veikianti perkraustymo \u012fmon\u0117, turinti 11 padalini\u0173 visoje <a href=\"https:\/\/moverdb.com\/lt\/moving-to-the-united-states\/\" data-internallinksmanager029f6b8e52c=\"94\" title=\"Persik\u0117limas \u012f Jungtines Amerikos Valstijas? 2022 Gyvenimo i\u0161laidos ir persik\u0117limo patarimai\">JAV<\/a> \u012fskaitant Rosevil\u012f. Jie yra \"North American Van Lines\" agentai, tod\u0117l turi prieig\u0105 prie pasaulinio perkraustymo ir sand\u0117liavimo \u012fmoni\u0173 tinklo. Jie yra IAM nariai, turintys 25 met\u0173 patirt\u012f.<\/p>\n<p>\"Beltmann Moving &amp; Storage\" pad\u0117s supaprastinti j\u016bs\u0173 persikraustym\u0105, pradedant nemokamu persikraustymo s\u0105matos planavimu. Jie teikia jums pagalb\u0105 persikraustymo koordinatoriaus pagalba ir pritaiko savo paslaugas j\u016bs\u0173 poreikiams. Jie teikia pakavimo paslaug\u0105, kuri apima bald\u0173 i\u0161ardym\u0105 ir surinkim\u0105 bei i\u0161pakavim\u0105 atvykus.<\/p>\n<p>Interneto svetain\u0117: <a href=\"http:\/\/www.beltmann.com\" target=\"_blank\" rel=\"noopener\">http:\/\/www.beltmann.com<\/a><\/p>\n<h2><strong>3. \"Berger Moving &amp; Storage<\/strong><\/h2>\n<p><img loading=\"lazy\" decoding=\"async\" class=\"alignnone size-full wp-image-11270\" src=\"https:\/\/moverdb.com\/wp-content\/uploads\/Berger-Moving-Storage-international-moving-company.png\" alt=\"&quot;Berger Moving &amp; Storage&quot; tarptautin\u0117 perkraustymo \u012fmon\u0117\" width=\"1440\" height=\"677\" data-wp-pid=\"11270\" srcset=\"https:\/\/moverdb.com\/wp-content\/uploads\/Berger-Moving-Storage-international-moving-company.png 1440w, https:\/\/moverdb.com\/wp-content\/uploads\/Berger-Moving-Storage-international-moving-company-300x141.png 300w, https:\/\/moverdb.com\/wp-content\/uploads\/Berger-Moving-Storage-international-moving-company-1024x481.png 1024w, https:\/\/moverdb.com\/wp-content\/uploads\/Berger-Moving-Storage-international-moving-company-18x8.png 18w, https:\/\/moverdb.com\/wp-content\/uploads\/Berger-Moving-Storage-international-moving-company-600x282.png 600w\" sizes=\"auto, (max-width: 1440px) 100vw, 1440px\" \/><\/p>\n<ul>\n<li>Vietiniai ir tolimieji perve\u017eimai<\/li>\n<li>Tarptautiniai perkraustymai<\/li>\n<li>Nam\u0173 \u016bkio perkraustymai<\/li>\n<li>Komerciniai perkraustymai<\/li>\n<li>Perk\u0117limo koordinatorius<\/li>\n<li>Pakavimo paslauga<\/li>\n<li>Preki\u0173 inventorizacija<\/li>\n<li>Transporto organizavimas<\/li>\n<li>Muitinis \u012fforminimas<\/li>\n<li>Trumpalaikis saugojimas<\/li>\n<\/ul>\n<p>\"Berger Moving &amp; Storage\" yra 1910 m. \u012fkurta transporto paslaug\u0173 \u012fmon\u0117, \u012fsik\u016brusi Sent Paule ir turinti 16 padalini\u0173 visoje \u0161alyje. Ji yra tarptautinio perkraustymo agent\u0173 tinklo \"Allied Van Lines\" agent\u0117. Jie yra IAM nariai, turintys 113 met\u0173 patirt\u012f.<\/p>\n<p>\"Berger Moving &amp; Storage\" si\u016blo nemokam\u0105 tarptautinio perkraustymo konsultanto s\u0105mat\u0105 namuose arba virtuali\u0105 perkraustymo s\u0105mat\u0105. Persikraustymo koordinatorius pad\u0117s jums pereiti vis\u0105 proces\u0105 ir nustatyti, koki\u0173 dokument\u0173 reikia. J\u0173 pakavimo tarnyba naudoja tarptautinius pakavimo metodus ir med\u017eiagas, kad apsaugot\u0173 j\u016bs\u0173 daiktus, ir sudarys inventori\u0173.<\/p>\n<p>Interneto svetain\u0117: <a href=\"https:\/\/www.bergerallied.com\" target=\"_blank\" rel=\"noopener\">https:\/\/www.bergerallied.com<\/a><\/p>","protected":false},"excerpt":{"rendered":"<p>Moving can be a big upheaval and there is a lot to arrange, so why not take some of the pressure off by letting a moving company handle your belongings? They can organise the logistics of your move as well as packing and deal with customs if needed. Below we have compiled a list of [&hellip;]<\/p>\n","protected":false},"author":4,"featured_media":11242,"parent":190,"menu_order":0,"comment_status":"closed","ping_status":"closed","template":"","meta":{"_genesis_hide_title":false,"_genesis_hide_breadcrumbs":false,"_genesis_hide_singular_image":false,"_genesis_hide_footer_widgets":false,"_genesis_custom_body_class":"","_genesis_custom_post_class":"","_genesis_layout":"","footnotes":""},"class_list":{"0":"post-11617","1":"page","2":"type-page","3":"status-publish","4":"has-post-thumbnail","6":"entry"},"_links":{"self":[{"href":"https:\/\/moverdb.com\/lt\/wp-json\/wp\/v2\/pages\/11617","targetHints":{"allow":["GET"]}}],"collection":[{"href":"https:\/\/moverdb.com\/lt\/wp-json\/wp\/v2\/pages"}],"about":[{"href":"https:\/\/moverdb.com\/lt\/wp-json\/wp\/v2\/types\/page"}],"author":[{"embeddable":true,"href":"https:\/\/moverdb.com\/lt\/wp-json\/wp\/v2\/users\/4"}],"replies":[{"embeddable":true,"href":"https:\/\/moverdb.com\/lt\/wp-json\/wp\/v2\/comments?post=11617"}],"version-history":[{"count":1,"href":"https:\/\/moverdb.com\/lt\/wp-json\/wp\/v2\/pages\/11617\/revisions"}],"predecessor-version":[{"id":11618,"href":"https:\/\/moverdb.com\/lt\/wp-json\/wp\/v2\/pages\/11617\/revisions\/11618"}],"up":[{"embeddable":true,"href":"https:\/\/moverdb.com\/lt\/wp-json\/wp\/v2\/pages\/190"}],"wp:featuredmedia":[{"embeddable":true,"href":"https:\/\/moverdb.com\/lt\/wp-json\/wp\/v2\/media\/11242"}],"wp:attachment":[{"href":"https:\/\/moverdb.com\/lt\/wp-json\/wp\/v2\/media?parent=11617"}],"curies":[{"name":"wp","href":"https:\/\/api.w.org\/{rel}","templated":true}]}}