{"id":11602,"date":"2023-11-29T10:33:42","date_gmt":"2023-11-29T10:33:42","guid":{"rendered":"https:\/\/moverdb.com\/?page_id=11602"},"modified":"2026-01-08T15:24:17","modified_gmt":"2026-01-08T15:24:17","slug":"moving-companies-us-jacksonville","status":"publish","type":"page","link":"https:\/\/moverdb.com\/lt\/moving-companies\/moving-companies-us-jacksonville\/","title":{"rendered":"3 Geriausios tarptautin\u0117s perkraustymo \u012fmon\u0117s D\u017eeksonvilyje"},"content":{"rendered":"<p>Jei planuojate persikraustyti \u012f D\u017eeksonvil\u012f arba i\u0161 jo vietiniu, nacionaliniu ar tarptautiniu mastu, jums gali prireikti pagalbos. <a href=\"https:\/\/moverdb.com\/lt\/moving-companies\/\" data-internallinksmanager029f6b8e52c=\"79\" title=\"Top 25 Tarptautin\u0117s perkraustymo \u012fmon\u0117s internete\">Perkraustymo \u012fmon\u0117s<\/a> si\u016blo \u012fvairi\u0105 pagalb\u0105, \u012fskaitant planavimo, pakavimo, transportavimo, muitin\u0117s tvarkymo ir i\u0161pakavimo paslaugas. \u017demiau pateikiame D\u017eeksonvilyje \u012fsik\u016brusi\u0173 <a href=\"https:\/\/moverdb.com\/lt\/international-removals\/\" data-internallinksmanager029f6b8e52c=\"27\" title=\"36 geriausios tarptautinio perkraustymo \u012fmon\u0117s Jungtin\u0117je Karalyst\u0117je\">perkraustymo \u012fmon\u0117s<\/a> kurie yra <a href=\"https:\/\/moverdb.com\/lt\/iam\/\" data-internallinksmanager029f6b8e52c=\"23\" title=\"Tarptautin\u0117s perkraustytoj\u0173 asociacijos (IAM) paai\u0161kinimai\">Tarptautin\u0117 perkraustytoj\u0173 asociacija<\/a> (IAM) ir (arba) <a href=\"https:\/\/moverdb.com\/lt\/fidi-faim\/\" data-internallinksmanager029f6b8e52c=\"16\" title=\"FIDI ir FAIM (FIDI akredituotas tarptautinis perve\u017e\u0117jas) paai\u0161kinimai\">FIDI<\/a> Akredituot\u0173 tarptautini\u0173 perkraustymo paslaug\u0173 teik\u0117j\u0173 (FAIM), kurie gal\u0117t\u0173 pad\u0117ti jums persikraustyti.<\/p>\n<h2><strong>1. Conser Moving &amp; Storage<\/strong><\/h2>\n<p><img loading=\"lazy\" decoding=\"async\" class=\"alignnone size-full wp-image-11292\" src=\"https:\/\/moverdb.com\/wp-content\/uploads\/Conser-Moving-Storage-international-moving-company.png\" alt=\"&quot;Conser Moving &amp; Storage&quot; tarptautin\u0117 perkraustymo \u012fmon\u0117\" width=\"1440\" height=\"681\" data-wp-pid=\"11292\" srcset=\"https:\/\/moverdb.com\/wp-content\/uploads\/Conser-Moving-Storage-international-moving-company.png 1440w, https:\/\/moverdb.com\/wp-content\/uploads\/Conser-Moving-Storage-international-moving-company-300x142.png 300w, https:\/\/moverdb.com\/wp-content\/uploads\/Conser-Moving-Storage-international-moving-company-1024x484.png 1024w, https:\/\/moverdb.com\/wp-content\/uploads\/Conser-Moving-Storage-international-moving-company-18x9.png 18w, https:\/\/moverdb.com\/wp-content\/uploads\/Conser-Moving-Storage-international-moving-company-600x284.png 600w\" sizes=\"auto, (max-width: 1440px) 100vw, 1440px\" \/><\/p>\n<ul>\n<li>Vietiniai perkraustymai<\/li>\n<li>Tolimi perve\u017eimai<\/li>\n<li>Gyvenam\u0173j\u0173 nam\u0173 perkraustymai<\/li>\n<li>Biuro perkraustymai<\/li>\n<li>Individualizuotos paslaugos<\/li>\n<li>Perk\u0117limo parink\u010di\u0173 pasirinkimas<\/li>\n<li>Perk\u0117limo valdymas<\/li>\n<li>Transporto organizavimas<\/li>\n<li>Apsauga nuo perk\u0117limo<\/li>\n<li>Sand\u0117liavimo patalpos<\/li>\n<\/ul>\n<p>\"Conser Moving &amp; Storage\" yra persikraustymo ir perk\u0117limo \u012fmon\u0117, kuri specializuojasi vietini\u0173 ir karini\u0173 perkraustym\u0173 srityje ir yra \u012fsik\u016brusi D\u017eeksonvilyje. Jie yra \"Mayflower Transit\", kuri perkraustymo paslaugas teikia jau daugiau kaip 90 met\u0173, agentai. Jie yra IAM nariai, turintys 11 met\u0173 patirt\u012f.<\/p>\n<p>\"Conser Moving &amp; Storage\" suteiks jums vis\u0105 reikiam\u0105 pagalb\u0105 persikraustymo metu ir sudarys persikraustymo plan\u0105 su pritaikomomis reikiam\u0173 paslaug\u0173 parinktimis. Jie pad\u0117s rasti tinkam\u0105 persikraustymo plan\u0105, atitinkant\u012f j\u016bs\u0173 poreikius, biud\u017eet\u0105 ir tvarkara\u0161t\u012f.<\/p>\n<p>Interneto svetain\u0117: <a href=\"https:\/\/consermoving.com\" target=\"_blank\" rel=\"noopener\">https:\/\/consermoving.com<\/a><\/p>\n<h2><strong>2. DN Van Lines<\/strong><\/h2>\n<p><img loading=\"lazy\" decoding=\"async\" class=\"alignnone size-full wp-image-11307\" src=\"https:\/\/moverdb.com\/wp-content\/uploads\/DN-Van-Lines-international-moving-company.png\" alt=\"&quot;DN Van Lines&quot; tarptautin\u0117 perkraustymo \u012fmon\u0117\" width=\"1440\" height=\"670\" data-wp-pid=\"11307\" srcset=\"https:\/\/moverdb.com\/wp-content\/uploads\/DN-Van-Lines-international-moving-company.png 1440w, https:\/\/moverdb.com\/wp-content\/uploads\/DN-Van-Lines-international-moving-company-300x140.png 300w, https:\/\/moverdb.com\/wp-content\/uploads\/DN-Van-Lines-international-moving-company-1024x476.png 1024w, https:\/\/moverdb.com\/wp-content\/uploads\/DN-Van-Lines-international-moving-company-18x8.png 18w, https:\/\/moverdb.com\/wp-content\/uploads\/DN-Van-Lines-international-moving-company-600x279.png 600w\" sizes=\"auto, (max-width: 1440px) 100vw, 1440px\" \/><\/p>\n<ul>\n<li>Vietiniai ir tarpvalstybiniai perkraustymai<\/li>\n<li>Tarptautiniai perkraustymai<\/li>\n<li>Nam\u0173 \u016bkio perkraustymai<\/li>\n<li>Biur\u0173 ir komercini\u0173 patalp\u0173 perkraustymas<\/li>\n<li>Asmeninis perk\u0117limo vadybininkas<\/li>\n<li>Pakavimo paslaugos<\/li>\n<li>Atsarg\u0173 valdymas<\/li>\n<li>Transporto organizavimas<\/li>\n<li>Draudimas<\/li>\n<li>Saugojimo paslaugos<\/li>\n<\/ul>\n<p>\"DN Van Lines\" yra 2001 m. \u012fkurta perkraustymo ir sand\u0117liavimo \u012fmon\u0117, turinti padalini\u0173 D\u017eeksonvilyje, <a href=\"https:\/\/moverdb.com\/lt\/moving-to-the-united-states\/moving-to-massachusetts\/\" data-internallinksmanager029f6b8e52c=\"412\" title=\"Persikraustote \u012f Masa\u010dusets\u0105? 2023 m. pragyvenimo i\u0161laidos ir persik\u0117limo patarimai\">Masa\u010dusetsas<\/a> ir <a href=\"https:\/\/moverdb.com\/lt\/moving-to-the-united-states\/moving-to-virginia\/\" data-internallinksmanager029f6b8e52c=\"442\" title=\"Persik\u0117limas \u012f Vird\u017einij\u0105? 2023 m. gyvenimo i\u0161laidos ir persik\u0117limo patarimai\">Vird\u017einija<\/a>. Jie bendradarbiauja su patikimu perkraustymo paslaug\u0173 teik\u0117j\u0173 tinklu visame pasaulyje. Jie yra IAM nariai, turintys 14 met\u0173 patirt\u012f.<\/p>\n<p>\"DN Van Lines\" si\u016blo nemokam\u0105 s\u0105mat\u0105 ir ap\u017ei\u016br\u0105 namuose arba virtuali\u0105 ap\u017ei\u016br\u0105, kad \u012fvertint\u0173 j\u016bs\u0173 perkraustymo poreikius. Jie suteikia asmenin\u012f persikraustymo vadybinink\u0105, kuris sudarys i\u0161sam\u0173 j\u016bs\u0173 poreikius atitinkant\u012f persikraustymo plan\u0105 ir pad\u0117s jums viso persikraustymo metu. Jie teikia pakavimo paslaug\u0105, kuri apima i\u0161sam\u0173 j\u016bs\u0173 daikt\u0173 inventori\u0173.<\/p>\n<p>Interneto svetain\u0117: <a href=\"http:\/\/www.dnvanlines.com\" target=\"_blank\" rel=\"noopener\">http:\/\/www.dnvanlines.com<\/a><\/p>\n<h2><strong>3. Suddath<\/strong><\/h2>\n<p><img loading=\"lazy\" decoding=\"async\" class=\"alignnone size-full wp-image-11450\" src=\"https:\/\/moverdb.com\/wp-content\/uploads\/Suddath-international-moving-company.png\" alt=\"Suddath tarptautin\u0117 jud\u0117jimo \u012fmon\u0117\" width=\"1440\" height=\"677\" data-wp-pid=\"11450\" srcset=\"https:\/\/moverdb.com\/wp-content\/uploads\/Suddath-international-moving-company.png 1440w, https:\/\/moverdb.com\/wp-content\/uploads\/Suddath-international-moving-company-300x141.png 300w, https:\/\/moverdb.com\/wp-content\/uploads\/Suddath-international-moving-company-1024x481.png 1024w, https:\/\/moverdb.com\/wp-content\/uploads\/Suddath-international-moving-company-18x8.png 18w, https:\/\/moverdb.com\/wp-content\/uploads\/Suddath-international-moving-company-600x282.png 600w\" sizes=\"auto, (max-width: 1440px) 100vw, 1440px\" \/><\/p>\n<ul>\n<li>Vietiniai ir tolimieji perve\u017eimai<\/li>\n<li>Tarptautiniai perkraustymai<\/li>\n<li>Nam\u0173 \u016bkio perkraustymai<\/li>\n<li>Komerciniai perkraustymai<\/li>\n<li>Kompleksin\u0117 paslauga<\/li>\n<li>Pakavimo paslauga<\/li>\n<li>Muitin\u0117s pagalba<\/li>\n<li>Transporto priemoni\u0173 ir namini\u0173 gyv\u016bn\u0117li\u0173 ve\u017eimas<\/li>\n<li>Draudimas<\/li>\n<li>Trumpalaikis ir ilgalaikis saugojimas<\/li>\n<\/ul>\n<p>\"Suddath\" yra 1919 m. D\u017eeksonvilyje \u012fkurta jud\u0117jimo ir logistikos \u012fmon\u0117, turinti dar 19 viet\u0173. <a href=\"https:\/\/moverdb.com\/lt\/moving-to-the-united-states\/\" data-internallinksmanager029f6b8e52c=\"94\" title=\"Persik\u0117limas \u012f Jungtines Amerikos Valstijas? 2022 Gyvenimo i\u0161laidos ir persik\u0117limo patarimai\">JAV<\/a>. Jie turi pasaulin\u012f partneri\u0173 tinkl\u0105, sudaryt\u0105 i\u0161 patikrint\u0173 ir pripa\u017eint\u0173 \u012fmoni\u0173, kuris padeda teikti kompleksines paslaugas 180 pasaulio \u0161ali\u0173. Jie yra IAM nariai, turintys 104 met\u0173 patirt\u012f.<\/p>\n<p>\"Suddath\" teikia \"vieno langelio\" paslaugas visiems j\u016bs\u0173 persikraustymo poreikiams, o specialus persikraustymo konsultantas pad\u0117s jums kiekviename \u017eingsnyje ir atsi\u017evelgs \u012f biud\u017eet\u0105. Jie si\u016blo individual\u0173 po\u017ei\u016br\u012f ir pad\u0117s jums susitvarkyti su muitine, dokumentais ir draudimu. Jie taip pat si\u016blo papildomas paslaugas, \u012fskaitant \u012fsik\u016brimo ir kambarin\u0117s paslaugas.<\/p>\n<p>Interneto svetain\u0117: <a href=\"https:\/\/suddath.com\" target=\"_blank\" rel=\"noopener\">https:\/\/suddath.com<\/a><\/p>","protected":false},"excerpt":{"rendered":"<p>If you are planning a move locally, nationally or internationally to or from Jacksonville you may want some assistance. Moving companies offer a variety of help including planning, packing, transportation, customs handling and unpacking services. Below we have compiled a list of Jacksonville based removal companies that are members of the International Association of Movers [&hellip;]<\/p>\n","protected":false},"author":4,"featured_media":11292,"parent":190,"menu_order":0,"comment_status":"closed","ping_status":"closed","template":"","meta":{"_genesis_hide_title":false,"_genesis_hide_breadcrumbs":false,"_genesis_hide_singular_image":false,"_genesis_hide_footer_widgets":false,"_genesis_custom_body_class":"","_genesis_custom_post_class":"","_genesis_layout":"","footnotes":""},"class_list":{"0":"post-11602","1":"page","2":"type-page","3":"status-publish","4":"has-post-thumbnail","6":"entry"},"_links":{"self":[{"href":"https:\/\/moverdb.com\/lt\/wp-json\/wp\/v2\/pages\/11602","targetHints":{"allow":["GET"]}}],"collection":[{"href":"https:\/\/moverdb.com\/lt\/wp-json\/wp\/v2\/pages"}],"about":[{"href":"https:\/\/moverdb.com\/lt\/wp-json\/wp\/v2\/types\/page"}],"author":[{"embeddable":true,"href":"https:\/\/moverdb.com\/lt\/wp-json\/wp\/v2\/users\/4"}],"replies":[{"embeddable":true,"href":"https:\/\/moverdb.com\/lt\/wp-json\/wp\/v2\/comments?post=11602"}],"version-history":[{"count":1,"href":"https:\/\/moverdb.com\/lt\/wp-json\/wp\/v2\/pages\/11602\/revisions"}],"predecessor-version":[{"id":11603,"href":"https:\/\/moverdb.com\/lt\/wp-json\/wp\/v2\/pages\/11602\/revisions\/11603"}],"up":[{"embeddable":true,"href":"https:\/\/moverdb.com\/lt\/wp-json\/wp\/v2\/pages\/190"}],"wp:featuredmedia":[{"embeddable":true,"href":"https:\/\/moverdb.com\/lt\/wp-json\/wp\/v2\/media\/11292"}],"wp:attachment":[{"href":"https:\/\/moverdb.com\/lt\/wp-json\/wp\/v2\/media?parent=11602"}],"curies":[{"name":"wp","href":"https:\/\/api.w.org\/{rel}","templated":true}]}}