{"id":11600,"date":"2023-11-29T10:45:01","date_gmt":"2023-11-29T10:45:01","guid":{"rendered":"https:\/\/moverdb.com\/?page_id=11600"},"modified":"2026-01-08T15:25:08","modified_gmt":"2026-01-08T15:25:08","slug":"moving-companies-us-indiana","status":"publish","type":"page","link":"https:\/\/moverdb.com\/lt\/moving-companies\/moving-companies-us-indiana\/","title":{"rendered":"5 geriausios tarptautin\u0117s perkraustymo \u012fmon\u0117s Indianoje"},"content":{"rendered":"<p>Persikraustymas gali kelti stres\u0105, nes reikia suderinti daugyb\u0119 dalyk\u0173. Tod\u0117l daugelis \u017emoni\u0173 kreipiasi pagalbos \u012f <a href=\"https:\/\/moverdb.com\/lt\/moving-companies\/\" data-internallinksmanager029f6b8e52c=\"79\" title=\"Top 25 Tarptautin\u0117s perkraustymo \u012fmon\u0117s internete\">perkraustymo \u012fmon\u0117<\/a> nes jie gali pasir\u016bpinti persikraustymu, supakuoti ir perve\u017eti j\u016bs\u0173 daiktus bei sutvarkyti muitin\u0117s proced\u016bras, jei persikraustoma tarptautiniu mastu. Toliau pateikiame s\u0105ra\u0161\u0105 <a href=\"https:\/\/moverdb.com\/lt\/moving-to-the-united-states\/moving-to-indiana\/\" data-internallinksmanager029f6b8e52c=\"445\" title=\"Persik\u0117limas \u012f Indian\u0105? 2023 m. Gyvenimo i\u0161laidos ir persik\u0117limo patarimai\">Indiana<\/a> remiantis <a href=\"https:\/\/moverdb.com\/lt\/international-removals\/\" data-internallinksmanager029f6b8e52c=\"27\" title=\"36 geriausios tarptautinio perkraustymo \u012fmon\u0117s Jungtin\u0117je Karalyst\u0117je\">perkraustymo \u012fmon\u0117s<\/a> kurie yra <a href=\"https:\/\/moverdb.com\/lt\/iam\/\" data-internallinksmanager029f6b8e52c=\"23\" title=\"Tarptautin\u0117s perkraustytoj\u0173 asociacijos (IAM) paai\u0161kinimai\">Tarptautin\u0117 perkraustytoj\u0173 asociacija<\/a> (IAM) ir (arba) <a href=\"https:\/\/moverdb.com\/lt\/fidi-faim\/\" data-internallinksmanager029f6b8e52c=\"16\" title=\"FIDI ir FAIM (FIDI akredituotas tarptautinis perve\u017e\u0117jas) paai\u0161kinimai\">FIDI<\/a> Akredituot\u0173 tarptautini\u0173 perkraustymo paslaug\u0173 teik\u0117j\u0173 (FAIM), kurie gal\u0117t\u0173 pad\u0117ti jums persikraustyti.<\/p>\n<div id=\"ez-toc-container\" class=\"ez-toc-v2_0_82_2 ez-toc-wrap-left counter-hierarchy ez-toc-counter ez-toc-transparent ez-toc-container-direction\">\n<div class=\"ez-toc-title-container\">\n<p class=\"ez-toc-title\" style=\"cursor:inherit\">Skyriai<\/p>\n<span class=\"ez-toc-title-toggle\"><a href=\"#\" class=\"ez-toc-pull-right ez-toc-btn ez-toc-btn-xs ez-toc-btn-default ez-toc-toggle\" aria-label=\"Perjungti turinio lentel\u0119\"><span class=\"ez-toc-js-icon-con\"><span class=\"\"><span class=\"eztoc-hide\" style=\"display:none;\">Perjungti<\/span><span class=\"ez-toc-icon-toggle-span\"><svg style=\"fill: #999;color:#999\" xmlns=\"http:\/\/www.w3.org\/2000\/svg\" class=\"list-377408\" width=\"20px\" height=\"20px\" viewbox=\"0 0 24 24\" fill=\"none\"><path d=\"M6 6H4v2h2V6zm14 0H8v2h12V6zM4 11h2v2H4v-2zm16 0H8v2h12v-2zM4 16h2v2H4v-2zm16 0H8v2h12v-2z\" fill=\"currentColor\"><\/path><\/svg><svg style=\"fill: #999;color:#999\" class=\"arrow-unsorted-368013\" xmlns=\"http:\/\/www.w3.org\/2000\/svg\" width=\"10px\" height=\"10px\" viewbox=\"0 0 24 24\" version=\"1.2\" baseprofile=\"tiny\"><path d=\"M18.2 9.3l-6.2-6.3-6.2 6.3c-.2.2-.3.4-.3.7s.1.5.3.7c.2.2.4.3.7.3h11c.3 0 .5-.1.7-.3.2-.2.3-.5.3-.7s-.1-.5-.3-.7zM5.8 14.7l6.2 6.3 6.2-6.3c.2-.2.3-.5.3-.7s-.1-.5-.3-.7c-.2-.2-.4-.3-.7-.3h-11c-.3 0-.5.1-.7.3-.2.2-.3.5-.3.7s.1.5.3.7z\"\/><\/svg><\/span><\/span><\/span><\/a><\/span><\/div>\n<nav><ul class='ez-toc-list ez-toc-list-level-1 eztoc-toggle-hide-by-default' ><li class='ez-toc-page-1 ez-toc-heading-level-2'><a class=\"ez-toc-link ez-toc-heading-1\" href=\"https:\/\/moverdb.com\/lt\/moving-companies\/moving-companies-us-indiana\/#1_Atlas_International\" >1. Atlas International<\/a><\/li><li class='ez-toc-page-1 ez-toc-heading-level-2'><a class=\"ez-toc-link ez-toc-heading-2\" href=\"https:\/\/moverdb.com\/lt\/moving-companies\/moving-companies-us-indiana\/#2_Atlantic_Relocation_Systems\" >2. \"Atlantic Relocation Systems<\/a><\/li><li class='ez-toc-page-1 ez-toc-heading-level-2'><a class=\"ez-toc-link ez-toc-heading-3\" href=\"https:\/\/moverdb.com\/lt\/moving-companies\/moving-companies-us-indiana\/#3_Reindeer_Auto_Moving\" >3. Automatinis elni\u0173 jud\u0117jimas<\/a><\/li><li class='ez-toc-page-1 ez-toc-heading-level-2'><a class=\"ez-toc-link ez-toc-heading-4\" href=\"https:\/\/moverdb.com\/lt\/moving-companies\/moving-companies-us-indiana\/#4_Wheaton_World_Wide_Moving\" >4. Wheaton World Wide Moving<\/a><\/li><li class='ez-toc-page-1 ez-toc-heading-level-2'><a class=\"ez-toc-link ez-toc-heading-5\" href=\"https:\/\/moverdb.com\/lt\/moving-companies\/moving-companies-us-indiana\/#5_Wickman_Worldwide_Services\" >5. \"Wickman Worldwide Services<\/a><\/li><\/ul><\/nav><\/div>\n<h2><span class=\"ez-toc-section\" id=\"1_Atlas_International\"><\/span><strong>1. Atlas International<\/strong><span class=\"ez-toc-section-end\"><\/span><\/h2>\n<p><img loading=\"lazy\" decoding=\"async\" class=\"alignnone size-full wp-image-11263\" src=\"https:\/\/moverdb.com\/wp-content\/uploads\/Atlas-International-moving-company-3.png\" alt=\"&quot;Atlas&quot; tarptautin\u0117 jud\u0117jimo \u012fmon\u0117\" width=\"1440\" height=\"676\" data-wp-pid=\"11263\" srcset=\"https:\/\/moverdb.com\/wp-content\/uploads\/Atlas-International-moving-company-3.png 1440w, https:\/\/moverdb.com\/wp-content\/uploads\/Atlas-International-moving-company-3-300x141.png 300w, https:\/\/moverdb.com\/wp-content\/uploads\/Atlas-International-moving-company-3-1024x481.png 1024w, https:\/\/moverdb.com\/wp-content\/uploads\/Atlas-International-moving-company-3-18x8.png 18w, https:\/\/moverdb.com\/wp-content\/uploads\/Atlas-International-moving-company-3-600x282.png 600w\" sizes=\"auto, (max-width: 1440px) 100vw, 1440px\" \/><\/p>\n<ul>\n<li>Tarptautiniai perk\u0117limai<\/li>\n<li>Gyvenam\u0173j\u0173 patalp\u0173 perk\u0117limas<\/li>\n<li>\u012emoni\u0173 perk\u0117limai<\/li>\n<li>Paslauga \"nuo dur\u0173 iki dur\u0173<\/li>\n<li>Profesionalios pakavimo paslaugos<\/li>\n<li>Vandenyn\u0173 ir oro transportas<\/li>\n<li>Konteineri\u0173 parink\u010di\u0173 pasirinkimas<\/li>\n<li>Muitinis \u012fforminimas<\/li>\n<li>Apsaugos planai<\/li>\n<li>Sand\u0117liavimo patalpos<\/li>\n<\/ul>\n<p>\"Atlas International\" yra 1960 m. \u012fkurta tarptautin\u0117 perkraustymo \u012fmon\u0117, \u012fsik\u016brusi Evansvilyje. Ji turi plat\u0173 pasaulin\u012f tinkl\u0105, kuris padeda teikti perkraustymo paslaugas visame pasaulyje. Ji yra IAM nar\u0117, turinti 38 met\u0173 patirt\u012f ir akredituota FIDI.<\/p>\n<p>\"Atlas International\" si\u016blo nemokam\u0105 perkraustymo ap\u017ei\u016br\u0105 ir s\u0105mat\u0105. Jie sukurs individual\u0173 perkraustymo plan\u0105, pagal kur\u012f bus suteiktos visos perkraustymo paslaugos. Jie teikia persikraustymo nuo dur\u0173 iki dur\u0173 paslaugas, padedami tarptautinio persikraustymo ekspert\u0173. Jie teikia pakavimo paslaug\u0105, kuri apsaugo j\u016bs\u0173 daiktus, o trapiems daiktams bus skiriamas ypatingas d\u0117mesys.<\/p>\n<p>Interneto svetain\u0117: <a href=\"https:\/\/www.atlasintl.com\/\" target=\"_blank\" rel=\"noopener\">https:\/\/www.atlasintl.com\/<\/a><\/p>\n<h2><span class=\"ez-toc-section\" id=\"2_Atlantic_Relocation_Systems\"><\/span><strong>2. \"Atlantic Relocation Systems<\/strong><span class=\"ez-toc-section-end\"><\/span><\/h2>\n<p><img loading=\"lazy\" decoding=\"async\" class=\"alignnone size-full wp-image-11262\" src=\"https:\/\/moverdb.com\/wp-content\/uploads\/Atlantic-Relocation-Systems-international-moving-company.png\" alt=\"&quot;Atlantic Relocation Systems&quot; tarptautin\u0117 perkraustymo \u012fmon\u0117\" width=\"1440\" height=\"677\" data-wp-pid=\"11262\" srcset=\"https:\/\/moverdb.com\/wp-content\/uploads\/Atlantic-Relocation-Systems-international-moving-company.png 1440w, https:\/\/moverdb.com\/wp-content\/uploads\/Atlantic-Relocation-Systems-international-moving-company-300x141.png 300w, https:\/\/moverdb.com\/wp-content\/uploads\/Atlantic-Relocation-Systems-international-moving-company-1024x481.png 1024w, https:\/\/moverdb.com\/wp-content\/uploads\/Atlantic-Relocation-Systems-international-moving-company-18x8.png 18w, https:\/\/moverdb.com\/wp-content\/uploads\/Atlantic-Relocation-Systems-international-moving-company-600x282.png 600w\" sizes=\"auto, (max-width: 1440px) 100vw, 1440px\" \/><\/p>\n<ul>\n<li>Vietiniai ir tolimieji perve\u017eimai<\/li>\n<li>Tarptautiniai perkraustymai<\/li>\n<li>Nam\u0173 \u016bkio perkraustymai<\/li>\n<li>Biuro perkraustymai<\/li>\n<li>Paskirtas perk\u0117limo koordinatorius<\/li>\n<li>Pakavimo paslauga<\/li>\n<li>Krovini\u0173 ve\u017eimas keliais, oru ir j\u016bra<\/li>\n<li>Pagalba muitinei<\/li>\n<li>Meno k\u016brini\u0173 tvarkymas<\/li>\n<li>Saugojimo sprendimai<\/li>\n<\/ul>\n<p>\"Atlantic Relocation Systems\" yra 1984 m. \u012fkurta tarptautines perkraustymo paslaugas teikianti \u012fmon\u0117, turinti 13 padalini\u0173, \u012fskaitant vien\u0105 Indianapolyje. B\u016bdama \"Atlas Van Lines\" grup\u0117s dalis, ji gali naudotis <a href=\"https:\/\/moverdb.com\/lt\/moving-to-the-united-states\/\" data-internallinksmanager029f6b8e52c=\"94\" title=\"Persik\u0117limas \u012f Jungtines Amerikos Valstijas? 2022 Gyvenimo i\u0161laidos ir persik\u0117limo patarimai\">JAV<\/a> persikraustymo \u012fmoni\u0173 ir platesn\u012f tarptautin\u012f tinkl\u0105, kuris jiems padeda. Jie yra IAM nariai, turintys 35 met\u0173 patirt\u012f.<\/p>\n<p>\"Atlantic Relocation Systems\" si\u016blo vietinio ir tolimojo perkraustymo paslaugas, kurias teikia nemokamai \u012fvertinusi savo namuose. Tarptautini\u0173 perkraustym\u0173 atveju jie teikia tarptautinio perkraustymo koordinatoriaus paslaugas, kuris tvarkys vis\u0105 perkraustymo proces\u0105. Jie teikia i\u0161samias pakavimo, transportavimo ir dokument\u0173 tvarkymo paslaugas.<\/p>\n<p>Interneto svetain\u0117: <a href=\"http:\/\/www.atlanticrelocation.com\" target=\"_blank\" rel=\"noopener\">http:\/\/www.atlanticrelocation.com<\/a><\/p>\n<h2><span class=\"ez-toc-section\" id=\"3_Reindeer_Auto_Moving\"><\/span><strong>3. Automatinis elni\u0173 jud\u0117jimas<\/strong><span class=\"ez-toc-section-end\"><\/span><\/h2>\n<p><img loading=\"lazy\" decoding=\"async\" class=\"alignnone size-full wp-image-11420\" src=\"https:\/\/moverdb.com\/wp-content\/uploads\/Reindeer-Auto-Relocation-international-moving-company.png\" alt=\"&quot;Reindeer Auto Relocation&quot; tarptautin\u0117 perkraustymo \u012fmon\u0117\" width=\"1440\" height=\"662\" data-wp-pid=\"11420\" srcset=\"https:\/\/moverdb.com\/wp-content\/uploads\/Reindeer-Auto-Relocation-international-moving-company.png 1440w, https:\/\/moverdb.com\/wp-content\/uploads\/Reindeer-Auto-Relocation-international-moving-company-300x138.png 300w, https:\/\/moverdb.com\/wp-content\/uploads\/Reindeer-Auto-Relocation-international-moving-company-1024x471.png 1024w, https:\/\/moverdb.com\/wp-content\/uploads\/Reindeer-Auto-Relocation-international-moving-company-18x8.png 18w, https:\/\/moverdb.com\/wp-content\/uploads\/Reindeer-Auto-Relocation-international-moving-company-600x276.png 600w\" sizes=\"auto, (max-width: 1440px) 100vw, 1440px\" \/><\/p>\n<ul>\n<li>Transporto priemoni\u0173 perk\u0117limo specialistas<\/li>\n<li>Nacionaliniai perk\u0117limai<\/li>\n<li>Tarptautiniai perk\u0117limai<\/li>\n<li>Individual\u016bs perk\u0117limai<\/li>\n<li>\u012emoni\u0173 perk\u0117limai<\/li>\n<li>Individualus aptarnavimas<\/li>\n<li>Paslauga \"nuo dur\u0173 iki dur\u0173<\/li>\n<li>Saugus transportavimas<\/li>\n<li>Sekimo paslauga<\/li>\n<li>Draudimas<\/li>\n<\/ul>\n<p>\"Reindeer Auto Moving\" yra nacionalin\u0117 ir tarptautin\u0117 perkraustymo ir krovini\u0173 gabenimo \u012fmon\u0117, veikianti nuo 1997 m. ir \u012fsik\u016brusi Zionsvilyje. Ji turi plat\u0173 patikim\u0173 ir apdraust\u0173 ve\u017e\u0117j\u0173 tinkl\u0105, padedant\u012f teikti paslaugas nacionaliniu ir tarptautiniu mastu. Jie yra IAM nariai, turintys septyneri\u0173 met\u0173 patirt\u012f.<\/p>\n<p>\"Reindeer Auto Moving\" si\u016blo individualias perkraustymo transporto priemon\u0117mis paslaugas ir paslaugas nuo dur\u0173 iki dur\u0173. Jie saugiai ir patikimai paims ir pristatys j\u016bs\u0173 transporto priemon\u0119 \u012f paskirties viet\u0105, kartu steb\u0117dami viso proceso eig\u0105. Jie si\u016blo garantuotas pa\u0117mimo ir pristatymo datas, naudodami atviro arba u\u017edaro gabenimo variantus.<\/p>\n<p>Interneto svetain\u0117: <a href=\"http:\/\/www.reindeerauto.com\" target=\"_blank\" rel=\"noopener\">http:\/\/www.reindeerauto.com<\/a><\/p>\n<h2><span class=\"ez-toc-section\" id=\"4_Wheaton_World_Wide_Moving\"><\/span><strong>4. Wheaton World Wide Moving<\/strong><span class=\"ez-toc-section-end\"><\/span><\/h2>\n<p><img loading=\"lazy\" decoding=\"async\" class=\"alignnone size-full wp-image-11478\" src=\"https:\/\/moverdb.com\/wp-content\/uploads\/Wheaton-World-Wide-Moving-international-moving-company.png\" alt=\"&quot;Wheaton World Wide Moving&quot; tarptautin\u0117 perkraustymo \u012fmon\u0117\" width=\"1440\" height=\"677\" data-wp-pid=\"11478\" srcset=\"https:\/\/moverdb.com\/wp-content\/uploads\/Wheaton-World-Wide-Moving-international-moving-company.png 1440w, https:\/\/moverdb.com\/wp-content\/uploads\/Wheaton-World-Wide-Moving-international-moving-company-300x141.png 300w, https:\/\/moverdb.com\/wp-content\/uploads\/Wheaton-World-Wide-Moving-international-moving-company-1024x481.png 1024w, https:\/\/moverdb.com\/wp-content\/uploads\/Wheaton-World-Wide-Moving-international-moving-company-18x8.png 18w, https:\/\/moverdb.com\/wp-content\/uploads\/Wheaton-World-Wide-Moving-international-moving-company-600x282.png 600w\" sizes=\"auto, (max-width: 1440px) 100vw, 1440px\" \/><\/p>\n<ul>\n<li>Vietiniai ir tolimieji perve\u017eimai<\/li>\n<li>Tarptautiniai perkraustymai<\/li>\n<li>Nam\u0173 \u016bkio perkraustymai<\/li>\n<li>Komerciniai perkraustymai<\/li>\n<li>\u012emoni\u0173 perk\u0117limai<\/li>\n<li>Pakavimo paslaugos<\/li>\n<li>Transporto priemon\u0117s<\/li>\n<li><a href=\"https:\/\/moverdb.com\/lt\/car-transport-shipping\/\" data-internallinksmanager029f6b8e52c=\"2\" title=\"2026 Tarptautinio automobili\u0173 transporto ir transporto priemoni\u0173 gabenimo citatos\">Transporto priemoni\u0173 gabenimas<\/a><\/li>\n<li>Apsaugos planai<\/li>\n<li>Trumpalaikis ir ilgalaikis saugojimas<\/li>\n<\/ul>\n<p>\"Wheaton World Wide Moving\" yra tarptautin\u0117 perkraustymo \u012fmon\u0117, \u012fkurta 1945 m. Indianapolyje. Ji veikia per agent\u0173 tinkl\u0105, apimant\u012f JAV, kuris buvo patikrintas siekiant u\u017etikrinti, kad jie atitikt\u0173 auk\u0161tus standartus. Ji yra IAM nar\u0117, turinti 78 met\u0173 patirt\u012f.<\/p>\n<p>\"Wheaton World Wide Moving\" yra visapusi\u0161k\u0173 paslaug\u0173 jud\u0117jimo \u012fmon\u0117, kuri paskirs special\u0173 jud\u0117jimo vadybinink\u0105. Pradedama nuo s\u0105matos namuose arba virtualios s\u0105matos, kad b\u016bt\u0173 nustatyta j\u016bs\u0173 perkraustymo apimtis. Jie si\u016blo pakavimo paslaug\u0105, kuri gali b\u016bti skirta visiems j\u016bs\u0173 daiktams arba tik trapiems ir jautriems daiktams.<\/p>\n<p>Interneto svetain\u0117: <a href=\"http:\/\/www.wheatonworldwide.com\" target=\"_blank\" rel=\"noopener\">http:\/\/www.wheatonworldwide.com<\/a><\/p>\n<h2><span class=\"ez-toc-section\" id=\"5_Wickman_Worldwide_Services\"><\/span><strong>5. \"Wickman Worldwide Services<\/strong><span class=\"ez-toc-section-end\"><\/span><\/h2>\n<p><img loading=\"lazy\" decoding=\"async\" class=\"alignnone size-full wp-image-11479\" src=\"https:\/\/moverdb.com\/wp-content\/uploads\/Wickman-Worldwide-Services-international-moving-company.png\" alt=\"&quot;Wickman Worldwide Services&quot; tarptautin\u0117 perkraustymo \u012fmon\u0117\" width=\"1440\" height=\"675\" data-wp-pid=\"11479\" srcset=\"https:\/\/moverdb.com\/wp-content\/uploads\/Wickman-Worldwide-Services-international-moving-company.png 1440w, https:\/\/moverdb.com\/wp-content\/uploads\/Wickman-Worldwide-Services-international-moving-company-300x141.png 300w, https:\/\/moverdb.com\/wp-content\/uploads\/Wickman-Worldwide-Services-international-moving-company-1024x480.png 1024w, https:\/\/moverdb.com\/wp-content\/uploads\/Wickman-Worldwide-Services-international-moving-company-18x8.png 18w, https:\/\/moverdb.com\/wp-content\/uploads\/Wickman-Worldwide-Services-international-moving-company-600x281.png 600w\" sizes=\"auto, (max-width: 1440px) 100vw, 1440px\" \/><\/p>\n<ul>\n<li>Tarptautiniai perkraustymai<\/li>\n<li>Nam\u0173 \u016bkio perkraustymai<\/li>\n<li>Apklausa prie\u0161 persikraustym\u0105<\/li>\n<li>Profesionalios pakavimo paslaugos<\/li>\n<li>Sunkve\u017eimi\u0173, gele\u017einkelio, j\u016br\u0173 ir oro transportas<\/li>\n<li>Muitinis \u012fforminimas<\/li>\n<li>Transporto priemoni\u0173 gabenimas<\/li>\n<li>Tre\u010di\u0173j\u0173 \u0161ali\u0173 paslaugos kaip neprivalomi priedai<\/li>\n<li>Draudimas<\/li>\n<li>Saugus saugojimas<\/li>\n<\/ul>\n<p>\"Wickman Worldwide Services\" yra tarptautinio perkraustymo ir <a href=\"https:\/\/moverdb.com\/lt\/shipping-companies\/\" data-internallinksmanager029f6b8e52c=\"4\" title=\"10 geriausi\u0173 tarptautini\u0173 konteineri\u0173 gabenimo bendrovi\u0173\">laivybos \u012fmon\u0117<\/a> \u012fkurta 1997 m., jos b\u016bstin\u0117 yra Indianapolyje. J\u0173 agent\u016br\u0173 tinklas apima daugiau kaip 150 \u0161ali\u0173, tod\u0117l jie padeda vykdyti perk\u0117limus visame pasaulyje. Jie yra IAM nariai, turintys 26 met\u0173 patirt\u012f.<\/p>\n<p>\"Wickman Worldwide Services\" si\u016blo apklaus\u0105 prie\u0161 persikraustym\u0105, kurios metu i\u0161samiai \u012fvertinami j\u016bs\u0173 reikalavimai ir parengiamas individualus pasi\u016blymas. Jie si\u016blo profesionalias pakavimo paslaugas, o kvalifikuoti ir apdrausti perkraustytojai saugiai supakuos j\u016bs\u0173 daiktus perkraustymui. Jie pasir\u016bpins perve\u017eimu sunkve\u017eimiu, gele\u017einkeliu, j\u016bra ar oru su muitin\u0117s formalumais, o atvyk\u0119 i\u0161pakuos ir surinks baldus.<\/p>\n<p>Interneto svetain\u0117: <a href=\"http:\/\/wickmanworldwide.com\" target=\"_blank\" rel=\"noopener\">http:\/\/wickmanworldwide.com<\/a><\/p>","protected":false},"excerpt":{"rendered":"<p>Moving can be a stressful time with so many things to juggle. This is why many people enlist the help of a moving company as they can manage the move, pack, transport your belongings and sort out customs processes if moving internationally. Below we have compiled a list of Indiana based removal companies that are [&hellip;]<\/p>\n","protected":false},"author":4,"featured_media":11263,"parent":190,"menu_order":0,"comment_status":"closed","ping_status":"closed","template":"","meta":{"_genesis_hide_title":false,"_genesis_hide_breadcrumbs":false,"_genesis_hide_singular_image":false,"_genesis_hide_footer_widgets":false,"_genesis_custom_body_class":"","_genesis_custom_post_class":"","_genesis_layout":"","footnotes":""},"class_list":{"0":"post-11600","1":"page","2":"type-page","3":"status-publish","4":"has-post-thumbnail","6":"entry"},"_links":{"self":[{"href":"https:\/\/moverdb.com\/lt\/wp-json\/wp\/v2\/pages\/11600","targetHints":{"allow":["GET"]}}],"collection":[{"href":"https:\/\/moverdb.com\/lt\/wp-json\/wp\/v2\/pages"}],"about":[{"href":"https:\/\/moverdb.com\/lt\/wp-json\/wp\/v2\/types\/page"}],"author":[{"embeddable":true,"href":"https:\/\/moverdb.com\/lt\/wp-json\/wp\/v2\/users\/4"}],"replies":[{"embeddable":true,"href":"https:\/\/moverdb.com\/lt\/wp-json\/wp\/v2\/comments?post=11600"}],"version-history":[{"count":1,"href":"https:\/\/moverdb.com\/lt\/wp-json\/wp\/v2\/pages\/11600\/revisions"}],"predecessor-version":[{"id":11601,"href":"https:\/\/moverdb.com\/lt\/wp-json\/wp\/v2\/pages\/11600\/revisions\/11601"}],"up":[{"embeddable":true,"href":"https:\/\/moverdb.com\/lt\/wp-json\/wp\/v2\/pages\/190"}],"wp:featuredmedia":[{"embeddable":true,"href":"https:\/\/moverdb.com\/lt\/wp-json\/wp\/v2\/media\/11263"}],"wp:attachment":[{"href":"https:\/\/moverdb.com\/lt\/wp-json\/wp\/v2\/media?parent=11600"}],"curies":[{"name":"wp","href":"https:\/\/api.w.org\/{rel}","templated":true}]}}