{"id":11564,"date":"2023-11-29T10:35:03","date_gmt":"2023-11-29T10:35:03","guid":{"rendered":"https:\/\/moverdb.com\/?page_id=11564"},"modified":"2026-01-08T15:24:15","modified_gmt":"2026-01-08T15:24:15","slug":"moving-companies-us-gaithersburg","status":"publish","type":"page","link":"https:\/\/moverdb.com\/lt\/moving-companies\/moving-companies-us-gaithersburg\/","title":{"rendered":"3 Geriausios tarptautin\u0117s perkraustymo bendrov\u0117s Gaithersburg"},"content":{"rendered":"<p>Perkraustant namus ar versl\u0105 reikia daug k\u0105 padaryti, tod\u0117l pasitelkiant <a href=\"https:\/\/moverdb.com\/lt\/moving-companies\/\" data-internallinksmanager029f6b8e52c=\"79\" title=\"Top 25 Tarptautin\u0117s perkraustymo \u012fmon\u0117s internete\">perkraustymo \u012fmon\u0117<\/a> gali pad\u0117ti suma\u017einti darbo kr\u016bv\u012f, kad gal\u0117tum\u0117te susitelkti \u012f kitus persikraustymo aspektus. Tai gali apimti pakavim\u0105, transporto organizavim\u0105 ir muitin\u0117s formalum\u0173 tvarkym\u0105 tarptautini\u0173 perkraustym\u0173 atveju. Toliau pateikiame Gaithersburge \u012fsik\u016brusi\u0173 <a href=\"https:\/\/moverdb.com\/lt\/international-removals\/\" data-internallinksmanager029f6b8e52c=\"27\" title=\"36 geriausios tarptautinio perkraustymo \u012fmon\u0117s Jungtin\u0117je Karalyst\u0117je\">perkraustymo \u012fmon\u0117s<\/a> kurie yra <a href=\"https:\/\/moverdb.com\/lt\/iam\/\" data-internallinksmanager029f6b8e52c=\"23\" title=\"Tarptautin\u0117s perkraustytoj\u0173 asociacijos (IAM) paai\u0161kinimai\">Tarptautin\u0117 perkraustytoj\u0173 asociacija<\/a> (IAM) ir (arba) <a href=\"https:\/\/moverdb.com\/lt\/fidi-faim\/\" data-internallinksmanager029f6b8e52c=\"16\" title=\"FIDI ir FAIM (FIDI akredituotas tarptautinis perve\u017e\u0117jas) paai\u0161kinimai\">FIDI<\/a> Akredituotas tarptautinis perkraustymas (FAIM), kuris gal\u0117t\u0173 pad\u0117ti jums persikraustyti.<\/p>\n<h2><strong>1. Gabenimo sprendimai visame pasaulyje<\/strong><\/h2>\n<p><img loading=\"lazy\" decoding=\"async\" class=\"alignnone size-full wp-image-11442\" src=\"https:\/\/moverdb.com\/wp-content\/uploads\/Shipping-Solutions-Worldwide-international-moving-company.png\" alt=\"Laivybos sprendimai Pasaulyje tarptautin\u0117 judanti \u012fmon\u0117\" width=\"1440\" height=\"680\" data-wp-pid=\"11442\" srcset=\"https:\/\/moverdb.com\/wp-content\/uploads\/Shipping-Solutions-Worldwide-international-moving-company.png 1440w, https:\/\/moverdb.com\/wp-content\/uploads\/Shipping-Solutions-Worldwide-international-moving-company-300x142.png 300w, https:\/\/moverdb.com\/wp-content\/uploads\/Shipping-Solutions-Worldwide-international-moving-company-1024x484.png 1024w, https:\/\/moverdb.com\/wp-content\/uploads\/Shipping-Solutions-Worldwide-international-moving-company-18x9.png 18w, https:\/\/moverdb.com\/wp-content\/uploads\/Shipping-Solutions-Worldwide-international-moving-company-600x283.png 600w\" sizes=\"auto, (max-width: 1440px) 100vw, 1440px\" \/><\/p>\n<ul>\n<li>Vietiniai ir nacionaliniai perkraustymai<\/li>\n<li>Tarptautiniai perkraustymai<\/li>\n<li>Gyvenam\u0173j\u0173 nam\u0173 perkraustymai<\/li>\n<li>Komercini\u0173 ir biuro patalp\u0173 perkraustymas<\/li>\n<li>Individualus aptarnavimas<\/li>\n<li>Pakavimo paslauga<\/li>\n<li>Sausumos, oro ir j\u016br\u0173 transportas<\/li>\n<li>Dokumentacijos palaikymas<\/li>\n<li><a href=\"https:\/\/moverdb.com\/lt\/car-transport-shipping\/\" data-internallinksmanager029f6b8e52c=\"2\" title=\"2026 Tarptautinio automobili\u0173 transporto ir transporto priemoni\u0173 gabenimo citatos\">Transporto priemoni\u0173 gabenimas<\/a><\/li>\n<li>Siuntos steb\u0117jimas<\/li>\n<\/ul>\n<p>\"Shipping Solutions Worldwide\" yra daugiau nei 30 met\u0173 patirt\u012f turinti visame pasaulyje veikianti perkraustymo \u012fmon\u0117, \u012fsik\u016brusi Gaithersburge. Ji bendradarbiauja su pasauliniu perkraustymo \u012fmoni\u0173 tinklu ir teikia paslaugas visame pasaulyje. Jie yra IAM nariai.<\/p>\n<p>\"Shipping Solutions Worldwide\" si\u016blo individualias perkraustymo paslaugas, pritaikytas j\u016bs\u0173 poreikiams. Jie teikia pakavimo paslaugas, kurios u\u017etikrins, kad j\u016bs\u0173 daiktai keliaut\u0173 saugiai, kad jie b\u016bt\u0173 saug\u016bs gabenimo s\u0105lygomis, su i\u0161samiu inventoriumi. Jie pasir\u016bpins gabenimu sausuma, oru ar j\u016bra, taip pat sutvarkys visus gabenimui reikalingus dokumentus ir steb\u0117s j\u016bs\u0173 siuntos jud\u0117jim\u0105.<\/p>\n<p>Interneto svetain\u0117: <a href=\"https:\/\/shippingsolutionsworldwide.com\/\" target=\"_blank\" rel=\"noopener\">https:\/\/shippingsolutionsworldwide.com\/<\/a><\/p>\n<h2><strong>2. \"Town &amp; Country Movers<\/strong><\/h2>\n<p><img loading=\"lazy\" decoding=\"async\" class=\"alignnone size-full wp-image-11458\" src=\"https:\/\/moverdb.com\/wp-content\/uploads\/Town-Country-Movers-international-moving-company.png\" alt=\"&quot;Town &amp; Country Movers&quot; tarptautin\u0117 perkraustymo \u012fmon\u0117\" width=\"1440\" height=\"681\" data-wp-pid=\"11458\" srcset=\"https:\/\/moverdb.com\/wp-content\/uploads\/Town-Country-Movers-international-moving-company.png 1440w, https:\/\/moverdb.com\/wp-content\/uploads\/Town-Country-Movers-international-moving-company-300x142.png 300w, https:\/\/moverdb.com\/wp-content\/uploads\/Town-Country-Movers-international-moving-company-1024x484.png 1024w, https:\/\/moverdb.com\/wp-content\/uploads\/Town-Country-Movers-international-moving-company-18x9.png 18w, https:\/\/moverdb.com\/wp-content\/uploads\/Town-Country-Movers-international-moving-company-600x284.png 600w\" sizes=\"auto, (max-width: 1440px) 100vw, 1440px\" \/><\/p>\n<ul>\n<li>Vietiniai ir nacionaliniai perkraustymai<\/li>\n<li>Tarptautiniai perkraustymai<\/li>\n<li>Nam\u0173 \u016bkio perkraustymai<\/li>\n<li>Verslo \u017eingsniai<\/li>\n<li>\"Nuo dur\u0173 iki dur\u0173\" ir \"nuo dur\u0173 iki dur\u0173<a href=\"https:\/\/moverdb.com\/lt\/top-49-container-ports\/\" data-internallinksmanager029f6b8e52c=\"80\" title=\"49 did\u017eiausi ir labiausiai apkrauti konteineri\u0173 uostai 2025 m.\">uostas<\/a> parinktys<\/li>\n<li>Pakavimo paslauga<\/li>\n<li>Transporto organizavimas<\/li>\n<li>Muitinis \u012fforminimas<\/li>\n<li>Transporto priemoni\u0173 transportavimas<\/li>\n<li>Saugus trumpalaikis ir ilgalaikis saugojimas<\/li>\n<\/ul>\n<p>\"Town &amp; Country Movers\" yra 1977 m. \u012fkurta jud\u0117jimo ir saugojimo \u012fmon\u0117, \u012fsik\u016brusi Gaithersburge ir aptarnaujanti <a href=\"https:\/\/moverdb.com\/lt\/moving-to-the-united-states\/moving-to-maryland\/\" data-internallinksmanager029f6b8e52c=\"467\" title=\"Persik\u0117limas \u012f Meriland\u0105? 2024 Gyvenimo i\u0161laidos ir persik\u0117limo patarimai\">Merilandas<\/a> ir <a href=\"https:\/\/moverdb.com\/lt\/moving-to-the-united-states\/moving-to-virginia\/\" data-internallinksmanager029f6b8e52c=\"442\" title=\"Persik\u0117limas \u012f Vird\u017einij\u0105? 2023 m. gyvenimo i\u0161laidos ir persik\u0117limo patarimai\">Vird\u017einija<\/a> vietini\u0173, nacionalini\u0173 ir tarptautini\u0173 perkraustym\u0173. Jie bendradarbiauja su patikimais tarptautiniais ekspeditoriais, kurie teikia paslaugas visame pasaulyje. Jie yra IAM nariai, turintys 46 met\u0173 patirt\u012f.<\/p>\n<p>\"Town &amp; Country Movers\" si\u016blo nemokam\u0105 persikraustymo s\u0105mat\u0105 namuose ir pritaikys savo paslaugas pagal j\u016bs\u0173 poreikius. Jie pad\u0117s jums rasti geriausiai j\u016bs\u0173 poreikius ir biud\u017eet\u0105 atitinkan\u010dias perkraustymo galimybes. Jie teikia profesionalias pakavimo paslaugas, kad apsaugot\u0173 j\u016bs\u0173 daiktus, taip pat gali teikti nestandartinio \u012fpakavimo paslaugas.<\/p>\n<p>Interneto svetain\u0117: <a href=\"https:\/\/townandcountrymovers.com\/\" target=\"_blank\" rel=\"noopener\">https:\/\/townandcountrymovers.com\/<\/a><\/p>\n<h2><strong>3. Universal\u016bs perk\u0117limai<\/strong><\/h2>\n<p><img loading=\"lazy\" decoding=\"async\" class=\"alignnone size-full wp-image-11469\" src=\"https:\/\/moverdb.com\/wp-content\/uploads\/Universal-Relocations-international-moving-company-1.png\" alt=\"Universal Relocations tarptautin\u0117 perkraustymo \u012fmon\u0117\" width=\"1440\" height=\"680\" data-wp-pid=\"11469\" srcset=\"https:\/\/moverdb.com\/wp-content\/uploads\/Universal-Relocations-international-moving-company-1.png 1440w, https:\/\/moverdb.com\/wp-content\/uploads\/Universal-Relocations-international-moving-company-1-300x142.png 300w, https:\/\/moverdb.com\/wp-content\/uploads\/Universal-Relocations-international-moving-company-1-1024x484.png 1024w, https:\/\/moverdb.com\/wp-content\/uploads\/Universal-Relocations-international-moving-company-1-18x9.png 18w, https:\/\/moverdb.com\/wp-content\/uploads\/Universal-Relocations-international-moving-company-1-600x283.png 600w\" sizes=\"auto, (max-width: 1440px) 100vw, 1440px\" \/><\/p>\n<ul>\n<li>Nacionaliniai perk\u0117limai<\/li>\n<li>Tarptautiniai perk\u0117limai<\/li>\n<li>Nam\u0173 \u016bki\u0173 perk\u0117limas<\/li>\n<li>Verslo perk\u0117limas<\/li>\n<li>Paslauga \"nuo dur\u0173 iki dur\u0173<\/li>\n<li>Pakavimo paslauga<\/li>\n<li>Muitin\u0117s tarpininkavimas<\/li>\n<li>Gyv\u016bn\u0173 augintini\u0173 ir automobili\u0173 transportas<\/li>\n<li>Pagalba ie\u0161kant nam\u0173<\/li>\n<li>Sand\u0117liavimo patalpos<\/li>\n<\/ul>\n<p>\"Universal Relocations\" yra tarptautin\u0117 perkraustymo ir perkraustymo \u012fmon\u0117, \u012fsteigta <a href=\"https:\/\/moverdb.com\/lt\/moving-to-india\/\" data-internallinksmanager029f6b8e52c=\"356\" title=\"Persik\u0117limas \u012f Indij\u0105? 2023 m. pragyvenimo i\u0161laidos ir persik\u0117limo patarimai\">Indija<\/a> 1998 m. \u012fsteigta \u012fmon\u0117, kuri taip pat turi biurus <a href=\"https:\/\/moverdb.com\/lt\/moving-to-the-united-states\/\" data-internallinksmanager029f6b8e52c=\"94\" title=\"Persik\u0117limas \u012f Jungtines Amerikos Valstijas? 2022 Gyvenimo i\u0161laidos ir persik\u0117limo patarimai\">JAV<\/a> Gaithersburge, <a href=\"https:\/\/moverdb.com\/lt\/moving-to-the-united-states\/moving-to-new-jersey\/\" data-internallinksmanager029f6b8e52c=\"417\" title=\"Persik\u0117limas \u012f Nauj\u0105j\u012f D\u017eers\u012f? 2023 m. gyvenimo i\u0161laidos ir persik\u0117limo patarimai\">Naujasis D\u017eersis<\/a>, <a href=\"https:\/\/moverdb.com\/lt\/moving-to-the-united-states\/moving-to-california\/\" data-internallinksmanager029f6b8e52c=\"330\" title=\"Persik\u0117limas \u012f Kalifornij\u0105? 2023 m. gyvenimo i\u0161laidos ir persik\u0117limo patarimai\">Kalifornija<\/a>, <a href=\"https:\/\/moverdb.com\/lt\/moving-to-the-united-states\/moving-to-texas\/\" data-internallinksmanager029f6b8e52c=\"397\" title=\"Persik\u0117limas \u012f Teksas\u0105? 2023 m. gyvenimo i\u0161laidos ir persik\u0117limo patarimai\">Teksasas<\/a> ir <a href=\"https:\/\/moverdb.com\/lt\/moving-to-the-united-states\/moving-to-georgia\/\" data-internallinksmanager029f6b8e52c=\"402\" title=\"Persik\u0117limas \u012f Gruzij\u0105? 2023 m. Gyvenimo i\u0161laidos ir persik\u0117limo patarimai\">Gruzija<\/a>. Jie turi pasaulin\u012f 160 partneri\u0173 agent\u0173 tinkl\u0105, kuris teikia tarptautines paslaugas. Jie yra IAM nariai, turintys septyneri\u0173 met\u0173 patirt\u012f.<\/p>\n<p>\"Universal Relocations\" si\u016blo nam\u0173 \u016bki\u0173 ir \u012fmoni\u0173 perk\u0117limo nuo dur\u0173 iki dur\u0173 paslaugas. Jie teikia saugaus pakavimo paslaugas, kad apsaugot\u0173 j\u016bs\u0173 daiktus perve\u017eimo metu, taip pat gali perve\u017eti j\u016bs\u0173 naminius gyv\u016bnus ir transporto priemones. Jie taip pat si\u016blo papildomas paslaugas, \u012fskaitant pagalb\u0105 ie\u0161kant b\u016bsto, sand\u0117liavimo patalpas ir draudim\u0105.<\/p>\n<p>Interneto svetain\u0117: <a href=\"https:\/\/universalrelocations.com\/\" target=\"_blank\" rel=\"noopener\">https:\/\/universalrelocations.com\/<\/a><\/p>","protected":false},"excerpt":{"rendered":"<p>When you are moving home or your business there is a lot to do so engaging the services of a moving company can assist you in reducing the workload so you can focus on other aspects of your move. This can include packing, arranging transport and handling customs for international moves. Below we have compiled [&hellip;]<\/p>\n","protected":false},"author":4,"featured_media":11442,"parent":190,"menu_order":0,"comment_status":"closed","ping_status":"closed","template":"","meta":{"_genesis_hide_title":false,"_genesis_hide_breadcrumbs":false,"_genesis_hide_singular_image":false,"_genesis_hide_footer_widgets":false,"_genesis_custom_body_class":"","_genesis_custom_post_class":"","_genesis_layout":"","footnotes":""},"class_list":{"0":"post-11564","1":"page","2":"type-page","3":"status-publish","4":"has-post-thumbnail","6":"entry"},"_links":{"self":[{"href":"https:\/\/moverdb.com\/lt\/wp-json\/wp\/v2\/pages\/11564","targetHints":{"allow":["GET"]}}],"collection":[{"href":"https:\/\/moverdb.com\/lt\/wp-json\/wp\/v2\/pages"}],"about":[{"href":"https:\/\/moverdb.com\/lt\/wp-json\/wp\/v2\/types\/page"}],"author":[{"embeddable":true,"href":"https:\/\/moverdb.com\/lt\/wp-json\/wp\/v2\/users\/4"}],"replies":[{"embeddable":true,"href":"https:\/\/moverdb.com\/lt\/wp-json\/wp\/v2\/comments?post=11564"}],"version-history":[{"count":1,"href":"https:\/\/moverdb.com\/lt\/wp-json\/wp\/v2\/pages\/11564\/revisions"}],"predecessor-version":[{"id":11565,"href":"https:\/\/moverdb.com\/lt\/wp-json\/wp\/v2\/pages\/11564\/revisions\/11565"}],"up":[{"embeddable":true,"href":"https:\/\/moverdb.com\/lt\/wp-json\/wp\/v2\/pages\/190"}],"wp:featuredmedia":[{"embeddable":true,"href":"https:\/\/moverdb.com\/lt\/wp-json\/wp\/v2\/media\/11442"}],"wp:attachment":[{"href":"https:\/\/moverdb.com\/lt\/wp-json\/wp\/v2\/media?parent=11564"}],"curies":[{"name":"wp","href":"https:\/\/api.w.org\/{rel}","templated":true}]}}