{"id":11560,"date":"2023-11-29T10:28:15","date_gmt":"2023-11-29T10:28:15","guid":{"rendered":"https:\/\/moverdb.com\/?page_id=11560"},"modified":"2026-01-08T15:24:13","modified_gmt":"2026-01-08T15:24:13","slug":"moving-companies-in-el-paso-usa","status":"publish","type":"page","link":"https:\/\/moverdb.com\/lt\/moving-companies\/moving-companies-in-el-paso-usa\/","title":{"rendered":"3 Geriausios tarptautin\u0117s perkraustymo \u012fmon\u0117s El Paso"},"content":{"rendered":"<p>Ar planuojate persikelti \u012f El Pas\u0105, i\u0161 jo arba \u012f j\u012f? Tuomet kvieskite \u012f pagalb\u0105 <a href=\"https:\/\/moverdb.com\/lt\/moving-companies\/\" data-internallinksmanager029f6b8e52c=\"79\" title=\"Top 25 Tarptautin\u0117s perkraustymo \u012fmon\u0117s internete\">perkraustymo \u012fmon\u0117<\/a> pakuoti, organizuoti transport\u0105 ir tvarkyti muitin\u0117s formalumus tarptautinio perkraustymo atveju gali suma\u017einti stres\u0105. Toliau pateikiame El Pase \u012fsik\u016brusi\u0173 <a href=\"https:\/\/moverdb.com\/lt\/international-removals\/\" data-internallinksmanager029f6b8e52c=\"27\" title=\"36 geriausios tarptautinio perkraustymo \u012fmon\u0117s Jungtin\u0117je Karalyst\u0117je\">perkraustymo \u012fmon\u0117s<\/a> kurie yra <a href=\"https:\/\/moverdb.com\/lt\/iam\/\" data-internallinksmanager029f6b8e52c=\"23\" title=\"Tarptautin\u0117s perkraustytoj\u0173 asociacijos (IAM) paai\u0161kinimai\">Tarptautin\u0117 perkraustytoj\u0173 asociacija<\/a> (IAM) ir (arba) <a href=\"https:\/\/moverdb.com\/lt\/fidi-faim\/\" data-internallinksmanager029f6b8e52c=\"16\" title=\"FIDI ir FAIM (FIDI akredituotas tarptautinis perve\u017e\u0117jas) paai\u0161kinimai\">FIDI<\/a> Akredituot\u0173 tarptautini\u0173 perkraustymo paslaug\u0173 teik\u0117j\u0173 (FAIM), kurie gal\u0117t\u0173 pad\u0117ti jums persikraustyti.<\/p>\n<h2><strong>1. \"Deseret International Forwarding<\/strong><\/h2>\n<p><img loading=\"lazy\" decoding=\"async\" class=\"alignnone size-full wp-image-11305\" src=\"https:\/\/moverdb.com\/wp-content\/uploads\/Deseret-International-Forwarding-moving-company.png\" alt=\"&quot;Deseret International Forwarding&quot; perkraustymo \u012fmon\u0117\" width=\"1440\" height=\"676\" data-wp-pid=\"11305\" srcset=\"https:\/\/moverdb.com\/wp-content\/uploads\/Deseret-International-Forwarding-moving-company.png 1440w, https:\/\/moverdb.com\/wp-content\/uploads\/Deseret-International-Forwarding-moving-company-300x141.png 300w, https:\/\/moverdb.com\/wp-content\/uploads\/Deseret-International-Forwarding-moving-company-1024x481.png 1024w, https:\/\/moverdb.com\/wp-content\/uploads\/Deseret-International-Forwarding-moving-company-18x8.png 18w, https:\/\/moverdb.com\/wp-content\/uploads\/Deseret-International-Forwarding-moving-company-600x282.png 600w\" sizes=\"auto, (max-width: 1440px) 100vw, 1440px\" \/><\/p>\n<ul>\n<li>Tarptautiniai perkraustymai<\/li>\n<li>Nam\u0173 \u016bkio perkraustymai<\/li>\n<li>\u012emoni\u0173 perkraustymai<\/li>\n<li>Nuo dur\u0173 iki dur\u0173 arba <a href=\"https:\/\/moverdb.com\/lt\/top-49-container-ports\/\" data-internallinksmanager029f6b8e52c=\"80\" title=\"49 did\u017eiausi ir labiausiai apkrauti konteineri\u0173 uostai 2025 m.\">uostas<\/a>-\"nuo dur\u0173 iki dur\u0173\" paslaugos<\/li>\n<li>Asmeninio jud\u0117jimo koordinatorius<\/li>\n<li>Pakavimo paslauga<\/li>\n<li>Oro, j\u016br\u0173 ir sausumos transportas<\/li>\n<li>Siuntos sekimas internetu<\/li>\n<li>Vis\u0173 rizik\u0173 draudimas<\/li>\n<li>Saugus saugojimas<\/li>\n<\/ul>\n<p>\"Deseret International Forwarding\", \u012fsik\u016brusi El Pase, daugiausia d\u0117mesio skiria tarptautiniam nam\u0173 apyvokos daikt\u0173 ekspedijavimui. Jie turi patikim\u0105 pasaulin\u012f ry\u0161i\u0173 su kitais perkraustymo agentais tinkl\u0105 ir si\u016blo tarptautinio perkraustymo paslaugas. Jie yra IAM nariai, turintys 31 met\u0173 patirt\u012f.<\/p>\n<p>\"Deseret International Forwarding\" asmeniniai perkraustymo koordinatoriai pad\u0117s jums viso perkraustymo metu ir parinks geriausi\u0105 b\u016bd\u0105 persikelti \u012f naujus namus. Jie si\u016blo paslaugas nuo dur\u0173 iki dur\u0173 arba nuo uosto iki dur\u0173, kurios gali apimti ir j\u016bs\u0173 daikt\u0173 pakavim\u0105. Jie pasir\u016bpins saugiu j\u016bs\u0173 daikt\u0173 gabenimu oru, j\u016bra ar sausuma.<\/p>\n<p>Interneto svetain\u0117: <a href=\"http:\/\/www.deseret-intl.com\/\" target=\"_blank\" rel=\"noopener\">http:\/\/www.deseret-intl.com\/<\/a><\/p>\n<h2><strong>2. ITO<\/strong><\/h2>\n<p><img loading=\"lazy\" decoding=\"async\" class=\"alignnone size-full wp-image-11355\" src=\"https:\/\/moverdb.com\/wp-content\/uploads\/ITO-El-Paso-international-moving-company.png\" alt=\"ITO El Paso tarptautin\u0117 jud\u0117jimo \u012fmon\u0117\" width=\"1440\" height=\"683\" data-wp-pid=\"11355\" srcset=\"https:\/\/moverdb.com\/wp-content\/uploads\/ITO-El-Paso-international-moving-company.png 1440w, https:\/\/moverdb.com\/wp-content\/uploads\/ITO-El-Paso-international-moving-company-300x142.png 300w, https:\/\/moverdb.com\/wp-content\/uploads\/ITO-El-Paso-international-moving-company-1024x486.png 1024w, https:\/\/moverdb.com\/wp-content\/uploads\/ITO-El-Paso-international-moving-company-18x9.png 18w, https:\/\/moverdb.com\/wp-content\/uploads\/ITO-El-Paso-international-moving-company-600x285.png 600w\" sizes=\"auto, (max-width: 1440px) 100vw, 1440px\" \/><\/p>\n<ul>\n<li>Nacionaliniai judesiai<\/li>\n<li>Tarptautiniai perkraustymai<\/li>\n<li>Nam\u0173 \u016bki\u0173 perk\u0117limas<\/li>\n<li>Biur\u0173 perk\u0117limas<\/li>\n<li>Pirmin\u0117 konsultacija<\/li>\n<li>Pakavimo paslauga<\/li>\n<li>Transporto priemon\u0117s<\/li>\n<li>Muitinis \u012fforminimas<\/li>\n<li>Amatinink\u0173 paslaugos<\/li>\n<li>Saugus saugojimas<\/li>\n<\/ul>\n<p>ITO yra tarptautin\u0117 perkraustymo \u012fmon\u0117, turinti filial\u0173 <a href=\"https:\/\/moverdb.com\/lt\/moving-to-the-united-states\/\" data-internallinksmanager029f6b8e52c=\"94\" title=\"Persik\u0117limas \u012f Jungtines Amerikos Valstijas? 2022 Gyvenimo i\u0161laidos ir persik\u0117limo patarimai\">JAV<\/a>, <a href=\"https:\/\/moverdb.com\/lt\/moving-to-germany\/\" data-internallinksmanager029f6b8e52c=\"321\" title=\"Persik\u0117limas \u012f Vokietij\u0105? 2023 m. pragyvenimo i\u0161laidos ir persik\u0117limo patarimai\">Vokietija<\/a> ir Afrikoje. J\u0173 biurai JAV yra El Pase, Wichita Falls ir Norfolke. Tarptautiniu mastu jie dirba naudodamiesi savo filialais ir tarptautini\u0173 partneri\u0173 tinklu. Jie yra IAM nariai, turintys 47 met\u0173 patirt\u012f.<\/p>\n<p>ITO si\u016blo pirmines konsultacijas ir patarimus, kad gal\u0117tum\u0117te pasiruo\u0161ti. Jie teikia standartines ir specializuotas pakuotes, skirtas j\u016bs\u0173 daiktams apsaugoti, taip pat i\u0161montuoja ir surenka baldus. Prireikus jie taip pat gali pasi\u016blyti meistro paslaugas. Jie si\u016blo \u012fvairias transportavimo galimybes, \u012fskaitant kolektyvinius konteinerius kai kuriuose regionuose.<\/p>\n<p>Interneto svetain\u0117: <a href=\"https:\/\/www.ito-movers.de\/?lang=en\" target=\"_blank\" rel=\"noopener\">https:\/\/www.ito-movers.de\/?lang=en<\/a><\/p>\n<h2><strong>3. TIS visame pasaulyje<\/strong><\/h2>\n<p><img loading=\"lazy\" decoding=\"async\" class=\"alignnone size-full wp-image-11456\" src=\"https:\/\/moverdb.com\/wp-content\/uploads\/TIS-Worldwide-international-moving-company.png\" alt=\"&quot;TIS Worldwide&quot; tarptautin\u0117 perkraustymo \u012fmon\u0117\" width=\"1440\" height=\"682\" data-wp-pid=\"11456\" srcset=\"https:\/\/moverdb.com\/wp-content\/uploads\/TIS-Worldwide-international-moving-company.png 1440w, https:\/\/moverdb.com\/wp-content\/uploads\/TIS-Worldwide-international-moving-company-300x142.png 300w, https:\/\/moverdb.com\/wp-content\/uploads\/TIS-Worldwide-international-moving-company-1024x485.png 1024w, https:\/\/moverdb.com\/wp-content\/uploads\/TIS-Worldwide-international-moving-company-18x9.png 18w, https:\/\/moverdb.com\/wp-content\/uploads\/TIS-Worldwide-international-moving-company-600x284.png 600w\" sizes=\"auto, (max-width: 1440px) 100vw, 1440px\" \/><\/p>\n<ul>\n<li>Krovini\u0173 ekspedijavimo paslaugos<\/li>\n<li>Tarptautinis transportas<\/li>\n<li>Valdoma logistika<\/li>\n<li>Individualiai pritaikytos paslaugos<\/li>\n<li>Paslauga \"nuo dur\u0173 iki dur\u0173<\/li>\n<li>Paslauga tarp uost\u0173<\/li>\n<li>Sunkve\u017eimi\u0173, gele\u017einkelio, keli\u0173 ir j\u016br\u0173 transportas<\/li>\n<li>Pilnos ir ma\u017eesn\u0117s nei pilnos apkrovos<\/li>\n<li>Krovini\u0173 steb\u0117jimas<\/li>\n<li>Sand\u0117liavimo patalpos<\/li>\n<\/ul>\n<p>\"TIS Worldwide\" yra 1976 m. \u012fsteigta auk\u0161\u010diausios kokyb\u0117s logistikos paslaug\u0173 teik\u0117ja, \u012fsik\u016brusi El Pase. Jie turi pasaulin\u012f agent\u0173 tinkl\u0105 daugelyje pasaulio \u0161ali\u0173, padedant\u012f teikti tarptautines paslaugas. Jie yra IAM nariai, turintys 47 met\u0173 patirt\u012f.<\/p>\n<p>\"TIS Worldwide\" teikia individualias paslaugas ir ie\u0161kos geriausi\u0173 transportavimo galimybi\u0173 j\u016bs\u0173 kroviniui, kad gautum\u0117te konkurencingiausias kainas ir kokybi\u0161kas paslaugas. Jie si\u016blo \u012fvairias transportavimo galimybes, \u012fskaitant \"nuo dur\u0173 iki dur\u0173\" ir \"nuo uosto iki uosto\" paslaugas, skirtas pilniems ir nepilniems konteineri\u0173 kroviniams, taip pat projektiniams kroviniams.<\/p>\n<p>Interneto svetain\u0117: <a href=\"https:\/\/www.tis-shipping.com\/\" target=\"_blank\" rel=\"noopener\">https:\/\/www.tis-shipping.com\/<\/a><\/p>","protected":false},"excerpt":{"rendered":"<p>Are you planning on moving within, to or from El Paso? Then enlisting the help of a moving company to pack, arrange transport and handle customs for international moves can reduce the stress. Below we have compiled a list of El Paso based removal companies that are members of the International Association of Movers (IAM) [&hellip;]<\/p>\n","protected":false},"author":4,"featured_media":11305,"parent":190,"menu_order":0,"comment_status":"closed","ping_status":"closed","template":"","meta":{"_genesis_hide_title":false,"_genesis_hide_breadcrumbs":false,"_genesis_hide_singular_image":false,"_genesis_hide_footer_widgets":false,"_genesis_custom_body_class":"","_genesis_custom_post_class":"","_genesis_layout":"","footnotes":""},"class_list":{"0":"post-11560","1":"page","2":"type-page","3":"status-publish","4":"has-post-thumbnail","6":"entry"},"_links":{"self":[{"href":"https:\/\/moverdb.com\/lt\/wp-json\/wp\/v2\/pages\/11560","targetHints":{"allow":["GET"]}}],"collection":[{"href":"https:\/\/moverdb.com\/lt\/wp-json\/wp\/v2\/pages"}],"about":[{"href":"https:\/\/moverdb.com\/lt\/wp-json\/wp\/v2\/types\/page"}],"author":[{"embeddable":true,"href":"https:\/\/moverdb.com\/lt\/wp-json\/wp\/v2\/users\/4"}],"replies":[{"embeddable":true,"href":"https:\/\/moverdb.com\/lt\/wp-json\/wp\/v2\/comments?post=11560"}],"version-history":[{"count":1,"href":"https:\/\/moverdb.com\/lt\/wp-json\/wp\/v2\/pages\/11560\/revisions"}],"predecessor-version":[{"id":11561,"href":"https:\/\/moverdb.com\/lt\/wp-json\/wp\/v2\/pages\/11560\/revisions\/11561"}],"up":[{"embeddable":true,"href":"https:\/\/moverdb.com\/lt\/wp-json\/wp\/v2\/pages\/190"}],"wp:featuredmedia":[{"embeddable":true,"href":"https:\/\/moverdb.com\/lt\/wp-json\/wp\/v2\/media\/11305"}],"wp:attachment":[{"href":"https:\/\/moverdb.com\/lt\/wp-json\/wp\/v2\/media?parent=11560"}],"curies":[{"name":"wp","href":"https:\/\/api.w.org\/{rel}","templated":true}]}}