{"id":11558,"date":"2023-11-29T10:29:34","date_gmt":"2023-11-29T10:29:34","guid":{"rendered":"https:\/\/moverdb.com\/?page_id=11558"},"modified":"2026-01-08T15:24:12","modified_gmt":"2026-01-08T15:24:12","slug":"moving-companies-us-danbury","status":"publish","type":"page","link":"https:\/\/moverdb.com\/lt\/moving-companies\/moving-companies-us-danbury\/","title":{"rendered":"3 geriausios tarptautin\u0117s perkraustymo bendrov\u0117s Danbury"},"content":{"rendered":"<p>Persikraustymo planavimas ir valdymas gali kelti stres\u0105, tod\u0117l <a href=\"https:\/\/moverdb.com\/lt\/moving-companies\/\" data-internallinksmanager029f6b8e52c=\"79\" title=\"Top 25 Tarptautin\u0117s perkraustymo \u012fmon\u0117s internete\">perkraustymo \u012fmon\u0117<\/a> pakuoti ir perve\u017eti j\u016bs\u0173 daiktus, gali palengvinti sunkumus. Toliau pateikiame Danberyje \u012fsik\u016brusi\u0173 <a href=\"https:\/\/moverdb.com\/lt\/international-removals\/\" data-internallinksmanager029f6b8e52c=\"27\" title=\"36 geriausios tarptautinio perkraustymo \u012fmon\u0117s Jungtin\u0117je Karalyst\u0117je\">perkraustymo \u012fmon\u0117s<\/a> kurie yra <a href=\"https:\/\/moverdb.com\/lt\/iam\/\" data-internallinksmanager029f6b8e52c=\"23\" title=\"Tarptautin\u0117s perkraustytoj\u0173 asociacijos (IAM) paai\u0161kinimai\">Tarptautin\u0117 perkraustytoj\u0173 asociacija<\/a> (IAM) ir (arba) <a href=\"https:\/\/moverdb.com\/lt\/fidi-faim\/\" data-internallinksmanager029f6b8e52c=\"16\" title=\"FIDI ir FAIM (FIDI akredituotas tarptautinis perve\u017e\u0117jas) paai\u0161kinimai\">FIDI<\/a> Akredituot\u0173 tarptautini\u0173 perkraustymo paslaug\u0173 teik\u0117j\u0173 (FAIM), kurie gal\u0117t\u0173 pad\u0117ti jums persikraustyti.<\/p>\n<h2><strong>1. Continuum International<\/strong><\/h2>\n<p><img loading=\"lazy\" decoding=\"async\" class=\"alignnone size-full wp-image-11296\" src=\"https:\/\/moverdb.com\/wp-content\/uploads\/Continuum-International-moving-company.png\" alt=\"&quot;Continuum&quot; Tarptautin\u0117 perkraustymo \u012fmon\u0117\" width=\"1440\" height=\"677\" data-wp-pid=\"11296\" srcset=\"https:\/\/moverdb.com\/wp-content\/uploads\/Continuum-International-moving-company.png 1440w, https:\/\/moverdb.com\/wp-content\/uploads\/Continuum-International-moving-company-300x141.png 300w, https:\/\/moverdb.com\/wp-content\/uploads\/Continuum-International-moving-company-1024x481.png 1024w, https:\/\/moverdb.com\/wp-content\/uploads\/Continuum-International-moving-company-18x8.png 18w, https:\/\/moverdb.com\/wp-content\/uploads\/Continuum-International-moving-company-600x282.png 600w\" sizes=\"auto, (max-width: 1440px) 100vw, 1440px\" \/><\/p>\n<ul>\n<li>Nacionaliniai perk\u0117limai<\/li>\n<li>Tarptautiniai perk\u0117limai<\/li>\n<li>\u012emon\u0117s perk\u0117limai<\/li>\n<li>Paslauga \"nuo dur\u0173 iki dur\u0173<\/li>\n<li>Individualiai pritaikytos paslaugos<\/li>\n<li>Pakavimo paslauga<\/li>\n<li>Transportavimas oru, j\u016bra arba sunkve\u017eimiais<\/li>\n<li>Dokument\u0173 rengimas<\/li>\n<li>Tranzito draudimas<\/li>\n<li>Sand\u0117liavimo patalpos<\/li>\n<\/ul>\n<p>\"Continuum International\" yra daugiau nei 20 met\u0173 veikianti pasaulin\u0117 persik\u0117limo ir komandiruo\u010di\u0173 valdymo paslaug\u0173 \u012fmon\u0117, turinti padalinius Danberyje ir Brukfilde. Ji palaiko pasaulin\u0119 partneryst\u0119, kuri leid\u017eia teikti paslaugas tarptautiniu mastu. Jie yra IAM nariai, turintys 24 met\u0173 patirt\u012f.<\/p>\n<p>\"Continuum International\" si\u016blo individualiai pritaikytas persikraustymo nuo dur\u0173 iki dur\u0173 paslaugas, kurias teikia paskirtas persikraustymo patar\u0117jas. Jie si\u016blo apklaus\u0105 prie\u0161 persikraustym\u0105, kad \u012fvertint\u0173 j\u016bs\u0173 persikraustymo poreikius ir sudaryt\u0173 persikraustymo plan\u0105. Jie supakuos j\u016bs\u0173 daiktus, u\u017etikrindami, kad pakavimo med\u017eiagos b\u016bt\u0173 tinkamos transporto r\u016b\u0161iai ir paskirties vietai.<\/p>\n<p>Interneto svetain\u0117: <a href=\"https:\/\/www.continuumrelo.com\/\" target=\"_blank\" rel=\"noopener\">https:\/\/www.continuumrelo.com\/<\/a><\/p>\n<h2><strong>2. \"Interconex\"<\/strong><\/h2>\n<p><img loading=\"lazy\" decoding=\"async\" class=\"alignnone size-full wp-image-11345\" src=\"https:\/\/moverdb.com\/wp-content\/uploads\/Interconex-international-moving-company.png\" alt=\"&quot;Interconex&quot; tarptautin\u0117 perkraustymo \u012fmon\u0117\" width=\"1440\" height=\"678\" data-wp-pid=\"11345\" srcset=\"https:\/\/moverdb.com\/wp-content\/uploads\/Interconex-international-moving-company.png 1440w, https:\/\/moverdb.com\/wp-content\/uploads\/Interconex-international-moving-company-300x141.png 300w, https:\/\/moverdb.com\/wp-content\/uploads\/Interconex-international-moving-company-1024x482.png 1024w, https:\/\/moverdb.com\/wp-content\/uploads\/Interconex-international-moving-company-18x8.png 18w, https:\/\/moverdb.com\/wp-content\/uploads\/Interconex-international-moving-company-600x283.png 600w\" sizes=\"auto, (max-width: 1440px) 100vw, 1440px\" \/><\/p>\n<ul>\n<li>Nacionaliniai judesiai<\/li>\n<li>Tarptautiniai perkraustymai<\/li>\n<li>Nam\u0173 \u016bkio perkraustymai<\/li>\n<li>\u012emoni\u0173 perkraustymai<\/li>\n<li>Paslauga \"nuo dur\u0173 iki dur\u0173<\/li>\n<li>Pakavimo paslauga<\/li>\n<li>Transporto priemon\u0117s<\/li>\n<li>Muitinis \u012fforminimas<\/li>\n<li>Gyv\u016bno augintinio perk\u0117limas<\/li>\n<li>Saugaus saugojimo paslaugos<\/li>\n<\/ul>\n<p>\"Interconex\" yra 1969 m. \u012fkurta buitini\u0173 preki\u0173 perkraustymo \u012fmon\u0117, \u012fsik\u016brusi Danberyje. Ji bendradarbiauja su atrinktais tarptautiniais partneriais, kurie teikia paslaugas visame pasaulyje. Jie yra akredituoti FIDI.<\/p>\n<p>\"Interconex\" si\u016blo pirmin\u0119 apklaus\u0105, kad nustatyt\u0173 j\u016bs\u0173 perkraustymo poreikius. Jie teikia pakavimo paslaugas, kurioms naudojamos geriausios kokyb\u0117s pakavimo med\u017eiagos ir apmokyti pakuotojai, kad apsaugot\u0173 j\u016bs\u0173 daiktus. Tai gali b\u016bti specializuotos pakavimo med\u017eiagos ir specialiai pagamintos d\u0117\u017e\u0117s. Jie si\u016blo papildomas paslaugas, tarp kuri\u0173 yra oro uost\u0173 transportas, konsjer\u017eo paslaugos, meistr\u0173 pagalba, kambarin\u0117s paslaugos, laikinas b\u016bstas, paskirties vietos paslaugos, gyv\u016bn\u0173 perk\u0117limas, vis\u0173 rizik\u0173 draudimas ir sand\u0117liavimas.<\/p>\n<p>Interneto svetain\u0117: <a href=\"https:\/\/www.interconex.com\/\" target=\"_blank\" rel=\"noopener\">https:\/\/www.interconex.com\/<\/a><\/p>\n<h2><strong>3. Intermove Ltd<\/strong><\/h2>\n<p><img loading=\"lazy\" decoding=\"async\" class=\"alignnone size-full wp-image-11346\" src=\"https:\/\/moverdb.com\/wp-content\/uploads\/Intermove-Danbury-international-moving-company.png\" alt=\"&quot;Intermove Danbury&quot; tarptautin\u0117 perkraustymo \u012fmon\u0117\" width=\"1440\" height=\"680\" data-wp-pid=\"11346\" srcset=\"https:\/\/moverdb.com\/wp-content\/uploads\/Intermove-Danbury-international-moving-company.png 1440w, https:\/\/moverdb.com\/wp-content\/uploads\/Intermove-Danbury-international-moving-company-300x142.png 300w, https:\/\/moverdb.com\/wp-content\/uploads\/Intermove-Danbury-international-moving-company-1024x484.png 1024w, https:\/\/moverdb.com\/wp-content\/uploads\/Intermove-Danbury-international-moving-company-18x9.png 18w, https:\/\/moverdb.com\/wp-content\/uploads\/Intermove-Danbury-international-moving-company-600x283.png 600w\" sizes=\"auto, (max-width: 1440px) 100vw, 1440px\" \/><\/p>\n<ul>\n<li>Tarptautiniai perk\u0117limai<\/li>\n<li>Nam\u0173 \u016bki\u0173 perk\u0117limas<\/li>\n<li>\u012emoni\u0173 perk\u0117limai<\/li>\n<li>Paslauga \"nuo dur\u0173 iki dur\u0173<\/li>\n<li>Nemokama s\u0105mata<\/li>\n<li>Virtuali pagalba ir pagalba vietoje<\/li>\n<li>Oro, j\u016br\u0173 ir sausumos transportas<\/li>\n<li>Dokumentacijos palaikymas<\/li>\n<li>Draudimas<\/li>\n<\/ul>\n<p>\"Intermove Ltd\" yra 1977 m. \u012fkurta tarptautin\u0117 perkraustymo ir perk\u0117limo \u012fmon\u0117, \u012fsik\u016brusi Danberyje. Ji turi patikim\u0173 tarptautini\u0173 perkraustymo \u012fmoni\u0173 tinkl\u0105, kuris padeda teikti paslaugas \"nuo dur\u0173 iki dur\u0173\" visame pasaulyje. Ji yra IAM nar\u0117, turinti 46 met\u0173 patirt\u012f.<\/p>\n<p>\"Intermove Ltd\" si\u016blo nemokam\u0105 s\u0105mat\u0105 ir tarptautini\u0173 perkraustym\u0173 specialist\u0173 konsultacijas bei pagalb\u0105 virtualiai arba vietoje. Jie pasir\u016bpins saugiu j\u016bs\u0173 daikt\u0173 gabenimu oru, j\u016bra ar sausuma ir pad\u0117s sutvarkyti dokumentus. Jie suteikia draudimo apsaug\u0105 profesionaliai supakuotiems kroviniams.<\/p>\n<p>Interneto svetain\u0117: <a href=\"https:\/\/www.intermove.com\/\" target=\"_blank\" rel=\"noopener\">https:\/\/www.intermove.com\/<\/a><\/p>","protected":false},"excerpt":{"rendered":"<p>Planning and managing your move can be stressful so getting a moving company in to pack and transport your belongings can ease the pressure. Below we have compiled a list of Danbury based removal companies that are members of the International Association of Movers (IAM) and\/or FIDI Accredited International Mover (FAIM) who could assist you [&hellip;]<\/p>\n","protected":false},"author":4,"featured_media":11296,"parent":190,"menu_order":0,"comment_status":"closed","ping_status":"closed","template":"","meta":{"_genesis_hide_title":false,"_genesis_hide_breadcrumbs":false,"_genesis_hide_singular_image":false,"_genesis_hide_footer_widgets":false,"_genesis_custom_body_class":"","_genesis_custom_post_class":"","_genesis_layout":"","footnotes":""},"class_list":{"0":"post-11558","1":"page","2":"type-page","3":"status-publish","4":"has-post-thumbnail","6":"entry"},"_links":{"self":[{"href":"https:\/\/moverdb.com\/lt\/wp-json\/wp\/v2\/pages\/11558","targetHints":{"allow":["GET"]}}],"collection":[{"href":"https:\/\/moverdb.com\/lt\/wp-json\/wp\/v2\/pages"}],"about":[{"href":"https:\/\/moverdb.com\/lt\/wp-json\/wp\/v2\/types\/page"}],"author":[{"embeddable":true,"href":"https:\/\/moverdb.com\/lt\/wp-json\/wp\/v2\/users\/4"}],"replies":[{"embeddable":true,"href":"https:\/\/moverdb.com\/lt\/wp-json\/wp\/v2\/comments?post=11558"}],"version-history":[{"count":1,"href":"https:\/\/moverdb.com\/lt\/wp-json\/wp\/v2\/pages\/11558\/revisions"}],"predecessor-version":[{"id":11559,"href":"https:\/\/moverdb.com\/lt\/wp-json\/wp\/v2\/pages\/11558\/revisions\/11559"}],"up":[{"embeddable":true,"href":"https:\/\/moverdb.com\/lt\/wp-json\/wp\/v2\/pages\/190"}],"wp:featuredmedia":[{"embeddable":true,"href":"https:\/\/moverdb.com\/lt\/wp-json\/wp\/v2\/media\/11296"}],"wp:attachment":[{"href":"https:\/\/moverdb.com\/lt\/wp-json\/wp\/v2\/media?parent=11558"}],"curies":[{"name":"wp","href":"https:\/\/api.w.org\/{rel}","templated":true}]}}