{"id":11556,"date":"2023-11-29T10:30:30","date_gmt":"2023-11-29T10:30:30","guid":{"rendered":"https:\/\/moverdb.com\/?page_id=11556"},"modified":"2026-01-08T15:24:11","modified_gmt":"2026-01-08T15:24:11","slug":"moving-companies-us-connecticut","status":"publish","type":"page","link":"https:\/\/moverdb.com\/lt\/moving-companies\/moving-companies-us-connecticut\/","title":{"rendered":"3 Geriausios tarptautin\u0117s perkraustymo \u012fmon\u0117s Konektikute"},"content":{"rendered":"<p>Jei persikraustote, galb\u016bt nor\u0117site pasinaudoti <a href=\"https:\/\/moverdb.com\/lt\/moving-companies\/\" data-internallinksmanager029f6b8e52c=\"79\" title=\"Top 25 Tarptautin\u0117s perkraustymo \u012fmon\u0117s internete\">perkraustymo \u012fmon\u0117<\/a> palaikyti ir suma\u017einti apkrov\u0105. Jie gali pad\u0117ti suplanuoti persikraustym\u0105, supakuoti daiktus, organizuoti transportavim\u0105 ir sutvarkyti muitin\u0117s formalumus tarptautinio persikraustymo atveju. Toliau pateikiame s\u0105ra\u0161\u0105 <a href=\"https:\/\/moverdb.com\/lt\/moving-to-the-united-states\/moving-to-connecticut\/\" data-internallinksmanager029f6b8e52c=\"444\" title=\"Persik\u0117limas \u012f Konektikut\u0105? 2023 m. pragyvenimo i\u0161laidos ir persik\u0117limo patarimai\">Konektikutas<\/a> remiantis <a href=\"https:\/\/moverdb.com\/lt\/international-removals\/\" data-internallinksmanager029f6b8e52c=\"27\" title=\"36 geriausios tarptautinio perkraustymo \u012fmon\u0117s Jungtin\u0117je Karalyst\u0117je\">perkraustymo \u012fmon\u0117s<\/a> kurie yra <a href=\"https:\/\/moverdb.com\/lt\/iam\/\" data-internallinksmanager029f6b8e52c=\"23\" title=\"Tarptautin\u0117s perkraustytoj\u0173 asociacijos (IAM) paai\u0161kinimai\">Tarptautin\u0117 perkraustytoj\u0173 asociacija<\/a> (IAM) ir (arba) <a href=\"https:\/\/moverdb.com\/lt\/fidi-faim\/\" data-internallinksmanager029f6b8e52c=\"16\" title=\"FIDI ir FAIM (FIDI akredituotas tarptautinis perve\u017e\u0117jas) paai\u0161kinimai\">FIDI<\/a> Akredituot\u0173 tarptautini\u0173 perkraustymo paslaug\u0173 teik\u0117j\u0173 (FAIM), kurie gal\u0117t\u0173 pad\u0117ti jums persikraustyti.<\/p>\n<h2><strong>1. Brimar Relocation<\/strong><\/h2>\n<p><img loading=\"lazy\" decoding=\"async\" class=\"alignnone size-full wp-image-11277\" src=\"https:\/\/moverdb.com\/wp-content\/uploads\/Brimar-Relocations-international-moving-company.png\" alt=\"&quot;Brimar Relocations&quot; tarptautin\u0117 perkraustymo \u012fmon\u0117\" width=\"1440\" height=\"679\" data-wp-pid=\"11277\" srcset=\"https:\/\/moverdb.com\/wp-content\/uploads\/Brimar-Relocations-international-moving-company.png 1440w, https:\/\/moverdb.com\/wp-content\/uploads\/Brimar-Relocations-international-moving-company-300x141.png 300w, https:\/\/moverdb.com\/wp-content\/uploads\/Brimar-Relocations-international-moving-company-1024x483.png 1024w, https:\/\/moverdb.com\/wp-content\/uploads\/Brimar-Relocations-international-moving-company-18x8.png 18w, https:\/\/moverdb.com\/wp-content\/uploads\/Brimar-Relocations-international-moving-company-600x283.png 600w\" sizes=\"auto, (max-width: 1440px) 100vw, 1440px\" \/><\/p>\n<ul>\n<li>Nacionaliniai judesiai<\/li>\n<li>Tarptautiniai perkraustymai<\/li>\n<li>Nam\u0173 \u016bkio perkraustymai<\/li>\n<li>\u012emoni\u0173 perk\u0117limai<\/li>\n<li>Paslauga \"nuo dur\u0173 iki dur\u0173<\/li>\n<li>Transporto priemon\u0117s<\/li>\n<li>Muitin\u0117s pagalba<\/li>\n<li>Daili\u0173j\u0173 men\u0173 tvarkymas<\/li>\n<li>Draudimas<\/li>\n<li>Sand\u0117liavimo patalpos<\/li>\n<\/ul>\n<p>\"Brimar Relocations\" yra 2007 m. \u012fkurta tarptautin\u0117 perkraustymo \u012fmon\u0117, \u012fsik\u016brusi Stamforde ir turinti biur\u0105 <a href=\"https:\/\/moverdb.com\/lt\/moving-to-france\/moving-to-paris\/\" data-internallinksmanager029f6b8e52c=\"407\" title=\"Persikraustote \u012f Pary\u017ei\u0173? 2023 Gyvenimo i\u0161laidos ir persik\u0117limo patarimai\">Pary\u017eius<\/a>. Jie turi i\u0161vystyt\u0105 pasaulin\u012f agent\u0173 tinkl\u0105, kuris padeda jiems vykdyti tarptautinius perve\u017eimus. Jie yra IAM nariai, turintys 14 met\u0173 patirt\u012f.<\/p>\n<p>\"Brimar Relocation\" si\u016blo nacionalines ir tarptautines perkraustymo ir perk\u0117limo paslaugas, specializuojasi \u012fmoni\u0173 perk\u0117limo srityje ir gali tvarkyti meno k\u016brinius. Jie teikia perkraustymo nuo dur\u0173 iki dur\u0173 paslaugas ir pasir\u016bpins j\u016bs\u0173 daikt\u0173 perve\u017eimu \u012f paskirties viet\u0105.<\/p>\n<p>Interneto svetain\u0117: <a href=\"http:\/\/www.brimarrelo.com\" target=\"_blank\" rel=\"noopener\">http:\/\/www.brimarrelo.com<\/a><\/p>\n<h2><strong>2. Meyer<\/strong><\/h2>\n<p><img loading=\"lazy\" decoding=\"async\" class=\"alignnone size-full wp-image-11376\" src=\"https:\/\/moverdb.com\/wp-content\/uploads\/Meyer-international-moving-company.png\" alt=\"Mejeris tarptautin\u0117 jud\u0117jimo \u012fmon\u0117\" width=\"1440\" height=\"680\" data-wp-pid=\"11376\" srcset=\"https:\/\/moverdb.com\/wp-content\/uploads\/Meyer-international-moving-company.png 1440w, https:\/\/moverdb.com\/wp-content\/uploads\/Meyer-international-moving-company-300x142.png 300w, https:\/\/moverdb.com\/wp-content\/uploads\/Meyer-international-moving-company-1024x484.png 1024w, https:\/\/moverdb.com\/wp-content\/uploads\/Meyer-international-moving-company-18x9.png 18w, https:\/\/moverdb.com\/wp-content\/uploads\/Meyer-international-moving-company-600x283.png 600w\" sizes=\"auto, (max-width: 1440px) 100vw, 1440px\" \/><\/p>\n<ul>\n<li>Vietiniai ir tolimieji perve\u017eimai<\/li>\n<li>Tarptautiniai perk\u0117limai<\/li>\n<li>Gyvenam\u0173j\u0173 patalp\u0173 perk\u0117limas<\/li>\n<li>Biur\u0173 perk\u0117limas<\/li>\n<li>\u012emoni\u0173 perk\u0117limai<\/li>\n<li>Paslauga \"nuo dur\u0173 iki dur\u0173<\/li>\n<li>Specialus perkraustymo koordinatorius<\/li>\n<li>Pakavimo parinktys<\/li>\n<li><a href=\"https:\/\/moverdb.com\/lt\/car-transport-shipping\/\" data-internallinksmanager029f6b8e52c=\"2\" title=\"2026 Tarptautinio automobili\u0173 transporto ir transporto priemoni\u0173 gabenimo citatos\">Transporto priemoni\u0173 gabenimas<\/a><\/li>\n<li>Saugojimo sprendimai<\/li>\n<\/ul>\n<p>\"Meyer\" yra 1915 m. \u012fsteigta logistikos, perkraustymo ir sand\u0117liavimo sprendim\u0173 bendrov\u0117, \u012fsik\u016brusi Stratforde. Ji priklauso \"United Van Lines\" tinklui, kuris jai suteikia galimyb\u0119 naudotis perkraustymo \u012fmoni\u0173 paslaugomis, padedan\u010diomis teikti paslaugas. Ji yra IAM nar\u0117, turinti 108 met\u0173 patirt\u012f.<\/p>\n<p>\"Meyer\" si\u016blo konsultacijas d\u0117l perkraustymo, kad \u012fvertint\u0173 j\u016bs\u0173 perkraustymo reikalavimus ir apimt\u012f. Jie suteikia special\u0173 perkraustymo koordinatori\u0173, kuris r\u016bpinsis visais j\u016bs\u0173 perkraustymo aspektais. Jie suras geriausi\u0105 j\u016bs\u0173 poreikius atitinkant\u012f perkraustymo sprendim\u0105 ir suteiks paslaugas nuo dur\u0173 iki dur\u0173, pasirinkdami piln\u0105 pakavimo paslaug\u0105 arba savaranki\u0161k\u0105 pakavim\u0105.<\/p>\n<p>Interneto svetain\u0117: <a href=\"http:\/\/www.williambmeyer.com\" target=\"_blank\" rel=\"noopener\">http:\/\/www.williambmeyer.com<\/a><\/p>\n<h2><strong>3. \"WorldCare Pet Transport<\/strong><\/h2>\n<p><img loading=\"lazy\" decoding=\"async\" class=\"alignnone size-full wp-image-11481\" src=\"https:\/\/moverdb.com\/wp-content\/uploads\/WorldCare-Pet-Transport-international-moving-company.png\" alt=\"&quot;WorldCare Pet Transport&quot; tarptautin\u0117 perkraustymo \u012fmon\u0117\" width=\"1440\" height=\"683\" data-wp-pid=\"11481\" srcset=\"https:\/\/moverdb.com\/wp-content\/uploads\/WorldCare-Pet-Transport-international-moving-company.png 1440w, https:\/\/moverdb.com\/wp-content\/uploads\/WorldCare-Pet-Transport-international-moving-company-300x142.png 300w, https:\/\/moverdb.com\/wp-content\/uploads\/WorldCare-Pet-Transport-international-moving-company-1024x486.png 1024w, https:\/\/moverdb.com\/wp-content\/uploads\/WorldCare-Pet-Transport-international-moving-company-18x9.png 18w, https:\/\/moverdb.com\/wp-content\/uploads\/WorldCare-Pet-Transport-international-moving-company-600x285.png 600w\" sizes=\"auto, (max-width: 1440px) 100vw, 1440px\" \/><\/p>\n<ul>\n<li>Paslaugos visoje \u0161alyje<\/li>\n<li>Tarptautin\u0117 paslauga<\/li>\n<li>Priva\u010di\u0173 gyv\u016bn\u0173 judesiai<\/li>\n<li>\u012emoni\u0173 augintini\u0173 perk\u0117limas<\/li>\n<li>I\u0161samios paslaugos<\/li>\n<li>Paslauga \"nuo dur\u0173 iki dur\u0173<\/li>\n<li>Skirta vis\u0173 r\u016b\u0161i\u0173 augintiniams<\/li>\n<li>Efektyvaus transportavimo organizavimas<\/li>\n<li>Skryd\u017ei\u0173 ve\u017e\u0117jai<\/li>\n<li>Veterinarijos paslaugos<\/li>\n<\/ul>\n<p>\"WorldCare Pet Transport\" yra tarptautin\u0117 gyv\u016bn\u0173 augintini\u0173 perve\u017eimo \u012fmon\u0117, veikianti jau daugiau nei 10 met\u0173. Ji bendradarbiauja su nam\u0173 apyvokos daikt\u0173 perkraustytojais, persikraustymo valdymo \u012fmon\u0117mis ir \u017emogi\u0161k\u0173j\u0173 i\u0161tekli\u0173 specialistais. Jie yra \u012fregistruoti USDA kaip skubaus tvarkymo \u012fmon\u0117. Jie yra IAM nariai, turintys 22 met\u0173 patirt\u012f.<\/p>\n<p>\"WorldCare Pet Transport\" teikia i\u0161samias gyv\u016bn\u0173 augintini\u0173 perk\u0117limo paslaugas, pasiimdama ir pristatydama j\u016bs\u0173 augintin\u012f \u012f bet kuri\u0105 pasaulio viet\u0105. Jie pasir\u016bpina visomis kelion\u0117s proced\u016bromis, u\u017etikrindami tiesioginius ir ekonomi\u0161kiausius skryd\u017eius, taip pat teikia patvirtintas vis\u0173 dyd\u017ei\u0173 ve\u017eim\u0117lius. Jie pasir\u016bpins veterinarin\u0117mis paslaugomis, \u012fskaitant sveikatos patikrinimus, kraujo m\u0117ginius, sertifikatus ir mikroschemas.<\/p>\n<p>Interneto svetain\u0117: <a href=\"http:\/\/www.WorldCarePet.com\" target=\"_blank\" rel=\"noopener\">http:\/\/www.WorldCarePet.com<\/a><\/p>","protected":false},"excerpt":{"rendered":"<p>If you are moving, you may want to employ the services of a moving company to support and lessen the load. They can help with planning the move, packing your belongings, arranging transport and handling customs for international moves. Below we have compiled a list of Connecticut based removal companies that are members of the [&hellip;]<\/p>\n","protected":false},"author":4,"featured_media":11277,"parent":190,"menu_order":0,"comment_status":"closed","ping_status":"closed","template":"","meta":{"_genesis_hide_title":false,"_genesis_hide_breadcrumbs":false,"_genesis_hide_singular_image":false,"_genesis_hide_footer_widgets":false,"_genesis_custom_body_class":"","_genesis_custom_post_class":"","_genesis_layout":"","footnotes":""},"class_list":{"0":"post-11556","1":"page","2":"type-page","3":"status-publish","4":"has-post-thumbnail","6":"entry"},"_links":{"self":[{"href":"https:\/\/moverdb.com\/lt\/wp-json\/wp\/v2\/pages\/11556","targetHints":{"allow":["GET"]}}],"collection":[{"href":"https:\/\/moverdb.com\/lt\/wp-json\/wp\/v2\/pages"}],"about":[{"href":"https:\/\/moverdb.com\/lt\/wp-json\/wp\/v2\/types\/page"}],"author":[{"embeddable":true,"href":"https:\/\/moverdb.com\/lt\/wp-json\/wp\/v2\/users\/4"}],"replies":[{"embeddable":true,"href":"https:\/\/moverdb.com\/lt\/wp-json\/wp\/v2\/comments?post=11556"}],"version-history":[{"count":1,"href":"https:\/\/moverdb.com\/lt\/wp-json\/wp\/v2\/pages\/11556\/revisions"}],"predecessor-version":[{"id":11557,"href":"https:\/\/moverdb.com\/lt\/wp-json\/wp\/v2\/pages\/11556\/revisions\/11557"}],"up":[{"embeddable":true,"href":"https:\/\/moverdb.com\/lt\/wp-json\/wp\/v2\/pages\/190"}],"wp:featuredmedia":[{"embeddable":true,"href":"https:\/\/moverdb.com\/lt\/wp-json\/wp\/v2\/media\/11277"}],"wp:attachment":[{"href":"https:\/\/moverdb.com\/lt\/wp-json\/wp\/v2\/media?parent=11556"}],"curies":[{"name":"wp","href":"https:\/\/api.w.org\/{rel}","templated":true}]}}