{"id":11550,"date":"2023-11-29T10:24:26","date_gmt":"2023-11-29T10:24:26","guid":{"rendered":"https:\/\/moverdb.com\/?page_id=11550"},"modified":"2026-01-08T15:23:37","modified_gmt":"2026-01-08T15:23:37","slug":"moving-companies-us-arizona","status":"publish","type":"page","link":"https:\/\/moverdb.com\/lt\/moving-companies\/moving-companies-us-arizona\/","title":{"rendered":"2 Geriausios tarptautin\u0117s perkraustymo \u012fmon\u0117s Arizonoje"},"content":{"rendered":"<p>Persikraustymas gali b\u016bti vienas i\u0161 did\u017eiausi\u0105 stres\u0105 kelian\u010di\u0173 laikotarpi\u0173 m\u016bs\u0173 gyvenime, tad kod\u0117l tur\u0117tum\u0117te bandyti visk\u0105 atlikti vieni? <a href=\"https:\/\/moverdb.com\/lt\/moving-companies\/\" data-internallinksmanager029f6b8e52c=\"79\" title=\"Top 25 Tarptautin\u0117s perkraustymo \u012fmon\u0117s internete\">Perkraustymo \u012fmon\u0117s<\/a> jei reikia, gali pad\u0117ti organizuoti, pakuoti, transportuoti ir \u012fforminti muitin\u0117s formalumus. Toliau pateikiame s\u0105ra\u0161\u0105 <a href=\"https:\/\/moverdb.com\/lt\/moving-to-the-united-states\/moving-to-arizona\/\" data-internallinksmanager029f6b8e52c=\"385\" title=\"Persik\u0117limas \u012f Arizon\u0105? 2023 m. pragyvenimo i\u0161laidos ir persik\u0117limo patarimai\">Arizona<\/a> remiantis <a href=\"https:\/\/moverdb.com\/lt\/international-removals\/\" data-internallinksmanager029f6b8e52c=\"27\" title=\"36 geriausios tarptautinio perkraustymo \u012fmon\u0117s Jungtin\u0117je Karalyst\u0117je\">perkraustymo \u012fmon\u0117s<\/a> kurie yra <a href=\"https:\/\/moverdb.com\/lt\/iam\/\" data-internallinksmanager029f6b8e52c=\"23\" title=\"Tarptautin\u0117s perkraustytoj\u0173 asociacijos (IAM) paai\u0161kinimai\">Tarptautin\u0117 perkraustytoj\u0173 asociacija<\/a> (IAM) ir (arba) <a href=\"https:\/\/moverdb.com\/lt\/fidi-faim\/\" data-internallinksmanager029f6b8e52c=\"16\" title=\"FIDI ir FAIM (FIDI akredituotas tarptautinis perve\u017e\u0117jas) paai\u0161kinimai\">FIDI<\/a> Akredituot\u0173 tarptautini\u0173 perkraustymo paslaug\u0173 teik\u0117j\u0173 (FAIM), kurie gal\u0117t\u0173 pad\u0117ti jums persikraustyti.<\/p>\n<h2><strong>1. \"Atlantic Relocation Systems<\/strong><\/h2>\n<p><img loading=\"lazy\" decoding=\"async\" class=\"alignnone size-full wp-image-11262\" src=\"https:\/\/moverdb.com\/wp-content\/uploads\/Atlantic-Relocation-Systems-international-moving-company.png\" alt=\"&quot;Atlantic Relocation Systems&quot; tarptautin\u0117 perkraustymo \u012fmon\u0117\" width=\"1440\" height=\"677\" data-wp-pid=\"11262\" srcset=\"https:\/\/moverdb.com\/wp-content\/uploads\/Atlantic-Relocation-Systems-international-moving-company.png 1440w, https:\/\/moverdb.com\/wp-content\/uploads\/Atlantic-Relocation-Systems-international-moving-company-300x141.png 300w, https:\/\/moverdb.com\/wp-content\/uploads\/Atlantic-Relocation-Systems-international-moving-company-1024x481.png 1024w, https:\/\/moverdb.com\/wp-content\/uploads\/Atlantic-Relocation-Systems-international-moving-company-18x8.png 18w, https:\/\/moverdb.com\/wp-content\/uploads\/Atlantic-Relocation-Systems-international-moving-company-600x282.png 600w\" sizes=\"auto, (max-width: 1440px) 100vw, 1440px\" \/><\/p>\n<ul>\n<li>Vietiniai ir tolimieji perve\u017eimai<\/li>\n<li>Tarptautiniai perkraustymai<\/li>\n<li>Gyvenam\u0173j\u0173 nam\u0173 perkraustymai<\/li>\n<li>Komercini\u0173 ir biuro patalp\u0173 perkraustymas<\/li>\n<li>Tarptautinio persik\u0117limo koordinatorius<\/li>\n<li>Pakavimo paslaugos<\/li>\n<li>Keli\u0173, oro ir j\u016br\u0173 transportas<\/li>\n<li>Parama dokumentais<\/li>\n<li>Daili\u0173j\u0173 men\u0173 tvarkymas<\/li>\n<li>Saugus saugojimas<\/li>\n<\/ul>\n<p>\"Atlantic Relocation Systems\" yra 1984 m. \u012fkurta perkraustymo bendrov\u0117, turinti 13 padalini\u0173 <a href=\"https:\/\/moverdb.com\/lt\/moving-to-phoenix\/\" data-internallinksmanager029f6b8e52c=\"62\" title=\"Persik\u0117limas \u012f Finiks\u0105? 2022 Gyvenimo i\u0161laidos ir persik\u0117limo patarimai\">Feniksas<\/a> taip pat <a href=\"https:\/\/moverdb.com\/lt\/moving-to-the-united-states\/moving-to-georgia\/\" data-internallinksmanager029f6b8e52c=\"402\" title=\"Persik\u0117limas \u012f Gruzij\u0105? 2023 m. Gyvenimo i\u0161laidos ir persik\u0117limo patarimai\">Gruzija<\/a>, <a href=\"https:\/\/moverdb.com\/lt\/moving-to-the-united-states\/moving-to-florida\/\" data-internallinksmanager029f6b8e52c=\"331\" title=\"Persik\u0117limas \u012f Florid\u0105? 2023 m. gyvenimo i\u0161laidos ir persik\u0117limo patarimai\">Florida<\/a>, <a href=\"https:\/\/moverdb.com\/lt\/moving-to-the-united-states\/moving-to-illinois\/\" data-internallinksmanager029f6b8e52c=\"401\" title=\"Persik\u0117limas \u012f Ilinoj\u0173? 2023 m. gyvenimo i\u0161laidos ir persik\u0117limo patarimai\">Ilinojus<\/a>, <a href=\"https:\/\/moverdb.com\/lt\/moving-to-the-united-states\/moving-to-colorado\/\" data-internallinksmanager029f6b8e52c=\"399\" title=\"Persik\u0117limas \u012f Kolorad\u0105? 2023 Gyvenimo i\u0161laidos ir persik\u0117limo patarimai\">Koloradas<\/a>, <a href=\"https:\/\/moverdb.com\/lt\/moving-to-the-united-states\/moving-to-texas\/\" data-internallinksmanager029f6b8e52c=\"397\" title=\"Persik\u0117limas \u012f Teksas\u0105? 2023 m. gyvenimo i\u0161laidos ir persik\u0117limo patarimai\">Teksasas<\/a>, <a href=\"https:\/\/moverdb.com\/lt\/moving-to-the-united-states\/moving-to-indiana\/\" data-internallinksmanager029f6b8e52c=\"445\" title=\"Persik\u0117limas \u012f Indian\u0105? 2023 m. Gyvenimo i\u0161laidos ir persik\u0117limo patarimai\">Indiana<\/a> ir Va\u0161ingtone. Jie yra \"Atlas Van Lines\" dalis, teikianti paslaugas visoje <a href=\"https:\/\/moverdb.com\/lt\/moving-to-the-united-states\/\" data-internallinksmanager029f6b8e52c=\"94\" title=\"Persik\u0117limas \u012f Jungtines Amerikos Valstijas? 2022 Gyvenimo i\u0161laidos ir persik\u0117limo patarimai\">JAV<\/a> ir turi tarptautin\u012f perkraustymo agent\u0173 tinkl\u0105. Jie yra IAM nariai, turintys 33 met\u0173 patirt\u012f.<\/p>\n<p>\"Atlantic Relocation Systems\" si\u016blo nemokam\u0105 vietini\u0173 perkraustym\u0173 s\u0105mat\u0105 namuose. Perkraustymo \u012f u\u017esien\u012f atveju jie teikia tarptautinio perkraustymo koordinatoriaus paslaugas, kuris bus j\u016bs\u0173 vienintelis kontaktinis asmuo ir tvarkys visus perkraustymo aspektus. Jie organizuos daikt\u0173 pakavim\u0105 ir pakrovim\u0105, u\u017etikrindami, kad daiktai saugiai pasieks j\u016bs\u0173 paskirties viet\u0105.<\/p>\n<p>Interneto svetain\u0117: <a href=\"http:\/\/www.atlanticrelocation.com\/phoenix\/\" target=\"_blank\" rel=\"noopener\">http:\/\/www.atlanticrelocation.com\/phoenix\/<\/a><\/p>\n<h2><strong>2. Pasauliniai mobilumo sprendimai<\/strong><\/h2>\n<p><img loading=\"lazy\" decoding=\"async\" class=\"alignnone size-full wp-image-11326\" src=\"https:\/\/moverdb.com\/wp-content\/uploads\/Global-Mobility-Solutions-international-moving-company.png\" alt=\"&quot;Global Mobility Solutions&quot; tarptautin\u0117 perkraustymo \u012fmon\u0117\" width=\"1440\" height=\"676\" data-wp-pid=\"11326\" srcset=\"https:\/\/moverdb.com\/wp-content\/uploads\/Global-Mobility-Solutions-international-moving-company.png 1440w, https:\/\/moverdb.com\/wp-content\/uploads\/Global-Mobility-Solutions-international-moving-company-300x141.png 300w, https:\/\/moverdb.com\/wp-content\/uploads\/Global-Mobility-Solutions-international-moving-company-1024x481.png 1024w, https:\/\/moverdb.com\/wp-content\/uploads\/Global-Mobility-Solutions-international-moving-company-18x8.png 18w, https:\/\/moverdb.com\/wp-content\/uploads\/Global-Mobility-Solutions-international-moving-company-600x282.png 600w\" sizes=\"auto, (max-width: 1440px) 100vw, 1440px\" \/><\/p>\n<ul>\n<li>Vietiniai ir tarpvalstybiniai perk\u0117limai<\/li>\n<li>Tarptautiniai perk\u0117limai<\/li>\n<li>\u012emoni\u0173 perk\u0117limai<\/li>\n<li>Pasaulin\u0117s judumo programos<\/li>\n<li>Individualiai pritaikytos paslaugos<\/li>\n<li>Parama prie\u0161 paskyrim\u0105<\/li>\n<li>Perkraustymo paslaugos<\/li>\n<li>\u012esik\u016brimo paslaugos<\/li>\n<li>Gyv\u016bn\u0173 augintini\u0173 ve\u017eimas<\/li>\n<li>Steb\u0117jimo technologija<\/li>\n<\/ul>\n<p>\"Global Mobility Solutions\" yra 1987 m. \u012fkurta perk\u0117limo valdymo \u012fmon\u0117, \u012fsik\u016brusi Skotsdeilyje. Ji gali teikti persikraustymo paslaugas daugiau kaip 140 pasaulio \u0161ali\u0173 ir yra IAM nar\u0117, turinti 36 met\u0173 patirt\u012f.<\/p>\n<p>\"Global Mobility Solutions\" si\u016blo specialiai pritaikytas visapusi\u0161kas perk\u0117limo paslaugas. Paslaugos prie\u0161 persik\u0117lim\u0105 apima viz\u0173 ir imigracijos, orientavimosi ir b\u016bsto paie\u0161kos paslaugas. Kelion\u0117s prie\u0161 apsisprendim\u0105 paslaugos apima kult\u016brinius ir kalbinius mokymus, namini\u0173 gyv\u016bn\u0117li\u0173 ve\u017eim\u0105 ir preki\u0173 gabenim\u0105. Persikraustymo paslaugos apima \u012fsik\u016brimo paslaugas, param\u0105 partneriams ir mokykl\u0173 parinkim\u0105. Jie teikia \"MyRelocation\" technologij\u0105, kuri leid\u017eia darbdaviams valdyti ir sekti persik\u0117limus ir padeda supaprastinti \u012fmoni\u0173 persik\u0117limus.<\/p>\n<p>Interneto svetain\u0117: <a href=\"https:\/\/gmsmobility.com\/\" target=\"_blank\" rel=\"noopener\">https:\/\/gmsmobility.com\/<\/a><\/p>","protected":false},"excerpt":{"rendered":"<p>Moving can be one of the most stressful times in our lives, so why try to do it all on your own? Moving companies can help with organisation, packing, transportation and customs if required. Below we have compiled a list of Arizona based removal companies that are members of the International Association of Movers (IAM) [&hellip;]<\/p>\n","protected":false},"author":4,"featured_media":11262,"parent":190,"menu_order":0,"comment_status":"closed","ping_status":"closed","template":"","meta":{"_genesis_hide_title":false,"_genesis_hide_breadcrumbs":false,"_genesis_hide_singular_image":false,"_genesis_hide_footer_widgets":false,"_genesis_custom_body_class":"","_genesis_custom_post_class":"","_genesis_layout":"","footnotes":""},"class_list":{"0":"post-11550","1":"page","2":"type-page","3":"status-publish","4":"has-post-thumbnail","6":"entry"},"_links":{"self":[{"href":"https:\/\/moverdb.com\/lt\/wp-json\/wp\/v2\/pages\/11550","targetHints":{"allow":["GET"]}}],"collection":[{"href":"https:\/\/moverdb.com\/lt\/wp-json\/wp\/v2\/pages"}],"about":[{"href":"https:\/\/moverdb.com\/lt\/wp-json\/wp\/v2\/types\/page"}],"author":[{"embeddable":true,"href":"https:\/\/moverdb.com\/lt\/wp-json\/wp\/v2\/users\/4"}],"replies":[{"embeddable":true,"href":"https:\/\/moverdb.com\/lt\/wp-json\/wp\/v2\/comments?post=11550"}],"version-history":[{"count":1,"href":"https:\/\/moverdb.com\/lt\/wp-json\/wp\/v2\/pages\/11550\/revisions"}],"predecessor-version":[{"id":11551,"href":"https:\/\/moverdb.com\/lt\/wp-json\/wp\/v2\/pages\/11550\/revisions\/11551"}],"up":[{"embeddable":true,"href":"https:\/\/moverdb.com\/lt\/wp-json\/wp\/v2\/pages\/190"}],"wp:featuredmedia":[{"embeddable":true,"href":"https:\/\/moverdb.com\/lt\/wp-json\/wp\/v2\/media\/11262"}],"wp:attachment":[{"href":"https:\/\/moverdb.com\/lt\/wp-json\/wp\/v2\/media?parent=11550"}],"curies":[{"name":"wp","href":"https:\/\/api.w.org\/{rel}","templated":true}]}}