{"id":11546,"date":"2023-11-29T10:47:36","date_gmt":"2023-11-29T10:47:36","guid":{"rendered":"https:\/\/moverdb.com\/?page_id=11546"},"modified":"2026-01-08T15:25:02","modified_gmt":"2026-01-08T15:25:02","slug":"moving-companies-us-alaska","status":"publish","type":"page","link":"https:\/\/moverdb.com\/lt\/moving-companies\/moving-companies-us-alaska\/","title":{"rendered":"5 Geriausios tarptautin\u0117s perkraustymo \u012fmon\u0117s Aliaskoje"},"content":{"rendered":"<p>Jei \u0161iuo metu gyvenate <a href=\"https:\/\/moverdb.com\/lt\/moving-to-the-united-states\/moving-to-alaska\/\" data-internallinksmanager029f6b8e52c=\"384\" title=\"Persik\u0117limas \u012f Aliask\u0105? 2023 m. pragyvenimo i\u0161laidos ir persik\u0117limo patarimai\">Aliaska<\/a> ir planuojate persikraustyti arba persikraustote \u012f Aliask\u0105 i\u0161 u\u017esienio, galb\u016bt nor\u0117site pasinaudoti persikraustymo \u012fmon\u0117s paslaugomis. <a href=\"https:\/\/moverdb.com\/lt\/moving-companies\/\" data-internallinksmanager029f6b8e52c=\"79\" title=\"Top 25 Tarptautin\u0117s perkraustymo \u012fmon\u0117s internete\">Perkraustymo \u012fmon\u0117s<\/a> gali palengvinti jums tenkant\u012f kr\u016bv\u012f ir spaudim\u0105, supakuodamas, pakraudamas ir perve\u017edamas j\u016bs\u0173 daiktus. Toliau pateikiame Aliaskoje \u012fsik\u016brusi\u0173 <a href=\"https:\/\/moverdb.com\/lt\/international-removals\/\" data-internallinksmanager029f6b8e52c=\"27\" title=\"36 geriausios tarptautinio perkraustymo \u012fmon\u0117s Jungtin\u0117je Karalyst\u0117je\">perkraustymo \u012fmon\u0117s<\/a> kurie yra <a href=\"https:\/\/moverdb.com\/lt\/iam\/\" data-internallinksmanager029f6b8e52c=\"23\" title=\"Tarptautin\u0117s perkraustytoj\u0173 asociacijos (IAM) paai\u0161kinimai\">Tarptautin\u0117 perkraustytoj\u0173 asociacija<\/a> (IAM) ir (arba) <a href=\"https:\/\/moverdb.com\/lt\/fidi-faim\/\" data-internallinksmanager029f6b8e52c=\"16\" title=\"FIDI ir FAIM (FIDI akredituotas tarptautinis perve\u017e\u0117jas) paai\u0161kinimai\">FIDI<\/a> Akredituotas tarptautinis perkraustymas (FAIM), kuris gal\u0117t\u0173 pad\u0117ti jums persikraustyti.<\/p>\n<div id=\"ez-toc-container\" class=\"ez-toc-v2_0_82_2 ez-toc-wrap-left counter-hierarchy ez-toc-counter ez-toc-transparent ez-toc-container-direction\">\n<div class=\"ez-toc-title-container\">\n<p class=\"ez-toc-title\" style=\"cursor:inherit\">Skyriai<\/p>\n<span class=\"ez-toc-title-toggle\"><a href=\"#\" class=\"ez-toc-pull-right ez-toc-btn ez-toc-btn-xs ez-toc-btn-default ez-toc-toggle\" aria-label=\"Perjungti turinio lentel\u0119\"><span class=\"ez-toc-js-icon-con\"><span class=\"\"><span class=\"eztoc-hide\" style=\"display:none;\">Perjungti<\/span><span class=\"ez-toc-icon-toggle-span\"><svg style=\"fill: #999;color:#999\" xmlns=\"http:\/\/www.w3.org\/2000\/svg\" class=\"list-377408\" width=\"20px\" height=\"20px\" viewbox=\"0 0 24 24\" fill=\"none\"><path d=\"M6 6H4v2h2V6zm14 0H8v2h12V6zM4 11h2v2H4v-2zm16 0H8v2h12v-2zM4 16h2v2H4v-2zm16 0H8v2h12v-2z\" fill=\"currentColor\"><\/path><\/svg><svg style=\"fill: #999;color:#999\" class=\"arrow-unsorted-368013\" xmlns=\"http:\/\/www.w3.org\/2000\/svg\" width=\"10px\" height=\"10px\" viewbox=\"0 0 24 24\" version=\"1.2\" baseprofile=\"tiny\"><path d=\"M18.2 9.3l-6.2-6.3-6.2 6.3c-.2.2-.3.4-.3.7s.1.5.3.7c.2.2.4.3.7.3h11c.3 0 .5-.1.7-.3.2-.2.3-.5.3-.7s-.1-.5-.3-.7zM5.8 14.7l6.2 6.3 6.2-6.3c.2-.2.3-.5.3-.7s-.1-.5-.3-.7c-.2-.2-.4-.3-.7-.3h-11c-.3 0-.5.1-.7.3-.2.2-.3.5-.3.7s.1.5.3.7z\"\/><\/svg><\/span><\/span><\/span><\/a><\/span><\/div>\n<nav><ul class='ez-toc-list ez-toc-list-level-1 eztoc-toggle-hide-by-default' ><li class='ez-toc-page-1 ez-toc-heading-level-2'><a class=\"ez-toc-link ez-toc-heading-1\" href=\"https:\/\/moverdb.com\/lt\/moving-companies\/moving-companies-us-alaska\/#1_Alisons_Relocations\" >1. Alisons perk\u0117limai<\/a><\/li><li class='ez-toc-page-1 ez-toc-heading-level-2'><a class=\"ez-toc-link ez-toc-heading-2\" href=\"https:\/\/moverdb.com\/lt\/moving-companies\/moving-companies-us-alaska\/#2_Continental_Van_Lines\" >2. \"Continental Van Lines<\/a><\/li><li class='ez-toc-page-1 ez-toc-heading-level-2'><a class=\"ez-toc-link ez-toc-heading-3\" href=\"https:\/\/moverdb.com\/lt\/moving-companies\/moving-companies-us-alaska\/#3_Golden_North_Van_Lines\" >3. \"Golden North Van Lines<\/a><\/li><li class='ez-toc-page-1 ez-toc-heading-level-2'><a class=\"ez-toc-link ez-toc-heading-4\" href=\"https:\/\/moverdb.com\/lt\/moving-companies\/moving-companies-us-alaska\/#4_Royal_Alaskan_Movers\" >4. \"Royal Alaskan Movers<\/a><\/li><li class='ez-toc-page-1 ez-toc-heading-level-2'><a class=\"ez-toc-link ez-toc-heading-5\" href=\"https:\/\/moverdb.com\/lt\/moving-companies\/moving-companies-us-alaska\/#5_Sourdough_Express\" >5. Sourdough Express<\/a><\/li><\/ul><\/nav><\/div>\n<h2><span class=\"ez-toc-section\" id=\"1_Alisons_Relocations\"><\/span><strong>1. Alisons perk\u0117limai<\/strong><span class=\"ez-toc-section-end\"><\/span><\/h2>\n<p><img loading=\"lazy\" decoding=\"async\" class=\"alignnone size-full wp-image-11250\" src=\"https:\/\/moverdb.com\/wp-content\/uploads\/Alisons-Relocation-international-moving-company.png\" alt=\"&quot;Alisons Relocation&quot; tarptautin\u0117 perkraustymo \u012fmon\u0117\" width=\"1440\" height=\"678\" data-wp-pid=\"11250\" srcset=\"https:\/\/moverdb.com\/wp-content\/uploads\/Alisons-Relocation-international-moving-company.png 1440w, https:\/\/moverdb.com\/wp-content\/uploads\/Alisons-Relocation-international-moving-company-300x141.png 300w, https:\/\/moverdb.com\/wp-content\/uploads\/Alisons-Relocation-international-moving-company-1024x482.png 1024w, https:\/\/moverdb.com\/wp-content\/uploads\/Alisons-Relocation-international-moving-company-18x8.png 18w, https:\/\/moverdb.com\/wp-content\/uploads\/Alisons-Relocation-international-moving-company-600x283.png 600w\" sizes=\"auto, (max-width: 1440px) 100vw, 1440px\" \/><\/p>\n<ul>\n<li>Nacionaliniai judesiai<\/li>\n<li>Tarptautiniai perkraustymai<\/li>\n<li>Gyvenam\u0173j\u0173 nam\u0173 perkraustymai<\/li>\n<li>Biur\u0173 ir pramonini\u0173 objekt\u0173 perkraustymas<\/li>\n<li>\u012emoni\u0173 perk\u0117limas<\/li>\n<li>Paslauga \"nuo dur\u0173 iki dur\u0173<\/li>\n<li>Pakavimo parinktys<\/li>\n<li>Transportavimas vandenynu, oru, sunkve\u017eimiais ir gele\u017einkeliais<\/li>\n<li>Muitin\u0117s tarpininkavimas<\/li>\n<li>Sand\u0117liavimo patalpos<\/li>\n<\/ul>\n<p>\"Alison's Relocations\" yra 1998 m. Ankorid\u017ee \u012fkurta perkraustymo ir sand\u0117liavimo \u012fmon\u0117. Ji yra IAM nar\u0117, turinti 26 met\u0173 patirt\u012f, tod\u0117l jai padeda tarptautinis perkraustymo agent\u0173 tinklas.<\/p>\n<p>\"Alison's Relocations\" si\u016blo perkraustymo paslaugas nuo dur\u0173 iki dur\u0173, kai kreipiamasi \u012f vien\u0105 kontaktin\u012f asmen\u012f. Jie si\u016blo rinktis pakavimo paslaugas, \u012fskaitant piln\u0105, dalin\u012f trapi\u0173 daikt\u0173 ir bald\u0173 pakavim\u0105, savaranki\u0161k\u0105 pakavim\u0105 bei savaranki\u0161k\u0105 pakavim\u0105 ir pakrovim\u0105. J\u0173 teikiamos pakavimo paslaugos - tai bald\u0173 pamink\u0161tinimas ir apvyniojimas, taip pat saugus vis\u0173 \u012f d\u0117\u017ees supakuot\u0173 daikt\u0173 supakavimas. Jie perve\u0161 j\u016bs\u0173 daiktus, sekdami j\u0173 jud\u0117jim\u0105 savo perkraustymo valdymo sistemoje, ir sutvarkys muitin\u0117s formalumus.<\/p>\n<p>Interneto svetain\u0117: <a href=\"https:\/\/alisonsrelo.com\/\" target=\"_blank\" rel=\"noopener\">https:\/\/alisonsrelo.com\/<\/a><\/p>\n<h2><span class=\"ez-toc-section\" id=\"2_Continental_Van_Lines\"><\/span><strong>2. \"Continental Van Lines<\/strong><span class=\"ez-toc-section-end\"><\/span><\/h2>\n<p><img loading=\"lazy\" decoding=\"async\" class=\"alignnone size-full wp-image-11295\" src=\"https:\/\/moverdb.com\/wp-content\/uploads\/Continental-Van-Lines-moving-company.png\" alt=\"&quot;Continental Van Lines&quot; judanti \u012fmon\u0117\" width=\"1440\" height=\"680\" data-wp-pid=\"11295\" srcset=\"https:\/\/moverdb.com\/wp-content\/uploads\/Continental-Van-Lines-moving-company.png 1440w, https:\/\/moverdb.com\/wp-content\/uploads\/Continental-Van-Lines-moving-company-300x142.png 300w, https:\/\/moverdb.com\/wp-content\/uploads\/Continental-Van-Lines-moving-company-1024x484.png 1024w, https:\/\/moverdb.com\/wp-content\/uploads\/Continental-Van-Lines-moving-company-18x9.png 18w, https:\/\/moverdb.com\/wp-content\/uploads\/Continental-Van-Lines-moving-company-600x283.png 600w\" sizes=\"auto, (max-width: 1440px) 100vw, 1440px\" \/><\/p>\n<ul>\n<li>Nacionaliniai judesiai<\/li>\n<li>Tarptautiniai perkraustymai<\/li>\n<li>Gyvenam\u0173j\u0173 nam\u0173 perkraustymai<\/li>\n<li>Verslo \u017eingsniai<\/li>\n<li>Paslauga \"nuo dur\u0173 iki dur\u0173<\/li>\n<li>Pakavimo parama<\/li>\n<li>Transportavimo organizavimas<\/li>\n<li>Muitinio \u012fforminimo pagalba<\/li>\n<li>Transporto priemoni\u0173 transportavimas<\/li>\n<li>Sand\u0117liavimo patalpos<\/li>\n<\/ul>\n<p>\"Continental Van Lines\" yra 1952 m. \u012fkurta visapusi\u0161k\u0173 paslaug\u0173 \u012fmon\u0117, turinti padalinius Ankorid\u017ee, Fife ir Tacomoje. Ji yra IAM nar\u0117, turinti 77 met\u0173 patirt\u012f ir akredituota FIDI. Jie taip pat priklauso tinklams, \u012fskaitant \"Van Lines\", tod\u0117l turi tarptautinius perkraustymo agent\u0173 tinklus, su kuriais gali dirbti.<\/p>\n<p>\"Continental Van Lines\" perkraustymo koordinatoriai sukurs individual\u0173 perkraustymo plan\u0105, atitinkant\u012f j\u016bs\u0173 poreikius ir biud\u017eet\u0105, nesvarbu, ar tai b\u016bt\u0173 \"pasidaryk pats\" perkraustymas, ar visapusi\u0161kas \"balt\u0173j\u0173 pir\u0161tini\u0173\" sprendimas. Jie si\u016blo visas pakavimo ir i\u0161pakavimo paslaugas, taip pat bald\u0173 i\u0161ardymo ir surinkimo i\u0161 naujo bei \u012fpakavimo \u012f d\u0117\u017ees paslaugas.<\/p>\n<p>Interneto svetain\u0117: <a href=\"https:\/\/www.continentalvan.com\/international-mover\/\" target=\"_blank\" rel=\"noopener\">https:\/\/www.continentalvan.com\/international-mover\/<\/a><\/p>\n<h2><span class=\"ez-toc-section\" id=\"3_Golden_North_Van_Lines\"><\/span><strong>3. \"Golden North Van Lines<\/strong><span class=\"ez-toc-section-end\"><\/span><\/h2>\n<p><img loading=\"lazy\" decoding=\"async\" class=\"alignnone size-full wp-image-11329\" src=\"https:\/\/moverdb.com\/wp-content\/uploads\/Golden-North-Van-Lines-international-moving-company.png\" alt=\"&quot;Golden North Van Lines&quot; tarptautin\u0117 perkraustymo \u012fmon\u0117\" width=\"1440\" height=\"681\" data-wp-pid=\"11329\" srcset=\"https:\/\/moverdb.com\/wp-content\/uploads\/Golden-North-Van-Lines-international-moving-company.png 1440w, https:\/\/moverdb.com\/wp-content\/uploads\/Golden-North-Van-Lines-international-moving-company-300x142.png 300w, https:\/\/moverdb.com\/wp-content\/uploads\/Golden-North-Van-Lines-international-moving-company-1024x484.png 1024w, https:\/\/moverdb.com\/wp-content\/uploads\/Golden-North-Van-Lines-international-moving-company-18x9.png 18w, https:\/\/moverdb.com\/wp-content\/uploads\/Golden-North-Van-Lines-international-moving-company-600x284.png 600w\" sizes=\"auto, (max-width: 1440px) 100vw, 1440px\" \/><\/p>\n<ul>\n<li>Nacionaliniai judesiai<\/li>\n<li>Tarptautiniai perkraustymai<\/li>\n<li>Gyvenam\u0173j\u0173 nam\u0173 perkraustymai<\/li>\n<li>Komercini\u0173 ir biuro patalp\u0173 perkraustymas<\/li>\n<li>Individualiai pritaikytos paslaugos<\/li>\n<li>Pakavimo paslauga<\/li>\n<li>Transporto priemon\u0117s<\/li>\n<li>Muitin\u0117s pagalba<\/li>\n<li>Konsjer\u017eo paslaugos<\/li>\n<li>Trumpalaikis ir ilgalaikis saugojimas<\/li>\n<\/ul>\n<p>\"Golden North Van Lines\" yra 1976 m. \u012fkurta perkraustymo bendrov\u0117, turinti biurus Ankorid\u017ee ir Fairbanke. Ji yra \"Van Lines\" agent\u0117 ir turi prieig\u0105 prie tarptautinio perkraustymo \u012fmoni\u0173 tinklo, padedan\u010dio atlikti perkraustymo darbus visame pasaulyje. Ji yra IAM nar\u0117, turinti 49 met\u0173 patirt\u012f.<\/p>\n<p>\"Golden North Van Lines\" si\u016blo specialiai pritaikytas perkraustymo ir perk\u0117limo paslaugas nacionaliniu ir tarptautiniu mastu. J\u0173 perkraustymo paslaugos apima nam\u0173 \u016bki\u0173 ir \u012fmoni\u0173 perkraustymo paslaugas. Jie si\u016blo pakavimo paslaugas, kad apsaugot\u0173 j\u016bs\u0173 daiktus perve\u017eimo metu, ir pasir\u016bpins saugiu j\u016bs\u0173 daikt\u0173 gabenimu \u012f paskirties viet\u0105.<\/p>\n<p>Interneto svetain\u0117: <a href=\"https:\/\/www.goldennorthvanlines.com\/\" target=\"_blank\" rel=\"noopener\">https:\/\/www.goldennorthvanlines.com\/<\/a><\/p>\n<h2><span class=\"ez-toc-section\" id=\"4_Royal_Alaskan_Movers\"><\/span><strong>4. \"Royal Alaskan Movers<\/strong><span class=\"ez-toc-section-end\"><\/span><\/h2>\n<p><img loading=\"lazy\" decoding=\"async\" class=\"alignnone size-full wp-image-11428\" src=\"https:\/\/moverdb.com\/wp-content\/uploads\/Royal-Alaskan-Movers-international-moving-company.png\" alt=\"Karali\u0161kasis Aliaskos Movers tarptautinis jud\u0117jimo \u012fmon\u0117\" width=\"1440\" height=\"680\" data-wp-pid=\"11428\" srcset=\"https:\/\/moverdb.com\/wp-content\/uploads\/Royal-Alaskan-Movers-international-moving-company.png 1440w, https:\/\/moverdb.com\/wp-content\/uploads\/Royal-Alaskan-Movers-international-moving-company-300x142.png 300w, https:\/\/moverdb.com\/wp-content\/uploads\/Royal-Alaskan-Movers-international-moving-company-1024x484.png 1024w, https:\/\/moverdb.com\/wp-content\/uploads\/Royal-Alaskan-Movers-international-moving-company-18x9.png 18w, https:\/\/moverdb.com\/wp-content\/uploads\/Royal-Alaskan-Movers-international-moving-company-600x283.png 600w\" sizes=\"auto, (max-width: 1440px) 100vw, 1440px\" \/><\/p>\n<ul>\n<li>Vietiniai ir nacionaliniai perk\u0117limai<\/li>\n<li>Tarptautiniai perk\u0117limai<\/li>\n<li>Nam\u0173 \u016bki\u0173 perk\u0117limas<\/li>\n<li>Verslo perk\u0117limas<\/li>\n<li>Individualus aptarnavimas<\/li>\n<li>Perkraustymo planas<\/li>\n<li>Pakavimo paslauga<\/li>\n<li>Sausumos, j\u016br\u0173 ir oro transportas<\/li>\n<li>Transporto priemoni\u0173 transportavimas<\/li>\n<li>Sand\u0117liavimo patalpos<\/li>\n<\/ul>\n<p>\"Royal Alaskan Movers\" yra 2010 m. \u012fkurta jud\u0117jimo \u012fmon\u0117, \u012fsik\u016brusi Ankorid\u017ee. Ji yra \"The DeWitt Companies\" dalis, tod\u0117l turi pasaulin\u0117s perkraustymo patirties ir paramos. Jie yra IAM nariai, turintys 13 met\u0173 patirt\u012f.<\/p>\n<p>\"Royal Alaskan Movers\" si\u016blo individualizuotas perkraustymo paslaugas su virtualia apklausa, kurios metu \u012fvertinami j\u016bs\u0173 perkraustymo reikalavimai ir pateikiamas pasi\u016blymas. Jie suras efektyviausi\u0105 ir prieinamiausi\u0105 j\u016bs\u0173 poreikius atitinkant\u012f perkraustymo ir sand\u0117liavimo variant\u0105. Jie teikia visas pakavimo paslaugas ir atvyk\u0119 supakuos j\u016bs\u0173 baldus bei i\u0161pakuos. Jie pateiks inventori\u0173 ir pasir\u016bpins perve\u017eimu \u012f paskirties viet\u0105.<\/p>\n<p>Interneto svetain\u0117: <a href=\"https:\/\/www.royalalaskanmovers.com\/\" target=\"_blank\" rel=\"noopener\">https:\/\/www.royalalaskanmovers.com\/<\/a><\/p>\n<h2><span class=\"ez-toc-section\" id=\"5_Sourdough_Express\"><\/span><strong>5. Sourdough Express<\/strong><span class=\"ez-toc-section-end\"><\/span><\/h2>\n<p><img loading=\"lazy\" decoding=\"async\" class=\"alignnone size-full wp-image-11447\" src=\"https:\/\/moverdb.com\/wp-content\/uploads\/Sordough-Express-international-moving-company.png\" alt=\"&quot;Sourdough Express&quot; tarptautin\u0117 perkraustymo \u012fmon\u0117\" width=\"1440\" height=\"680\" data-wp-pid=\"11447\" srcset=\"https:\/\/moverdb.com\/wp-content\/uploads\/Sordough-Express-international-moving-company.png 1440w, https:\/\/moverdb.com\/wp-content\/uploads\/Sordough-Express-international-moving-company-300x142.png 300w, https:\/\/moverdb.com\/wp-content\/uploads\/Sordough-Express-international-moving-company-1024x484.png 1024w, https:\/\/moverdb.com\/wp-content\/uploads\/Sordough-Express-international-moving-company-18x9.png 18w, https:\/\/moverdb.com\/wp-content\/uploads\/Sordough-Express-international-moving-company-600x283.png 600w\" sizes=\"auto, (max-width: 1440px) 100vw, 1440px\" \/><\/p>\n<ul>\n<li>Vietiniai ir tarpvalstybiniai perkraustymai<\/li>\n<li>Tarptautiniai perkraustymai<\/li>\n<li>Gyvenam\u0173j\u0173 nam\u0173 perkraustymai<\/li>\n<li>\u012emoni\u0173 ir biur\u0173 perkraustymai<\/li>\n<li>Darbuotoj\u0173 perk\u0117limai<\/li>\n<li>Apklausa prie\u0161 persikraustym\u0105<\/li>\n<li>Individualus jud\u0117jimo planas<\/li>\n<li>Pakavimo paslauga<\/li>\n<li>Transporto priemon\u0117s9<\/li>\n<li>Sand\u0117liavimo patalpos<\/li>\n<\/ul>\n<p>\"Sourdough Express\" - tai 1898 m. \u012fkurta visapusi\u0161k\u0173 perkraustymo ir saugojimo paslaug\u0173 \u012fmon\u0117, veikianti Ankorid\u017ee ir Fairbankso miestuose. Ji yra IAM nar\u0117, turinti 125 met\u0173 patirt\u012f, tod\u0117l gali naudotis pasauliniu perkraustymo \u012fmoni\u0173 tinklu, kuris gali jai pad\u0117ti.<\/p>\n<p>\"Sourdough Express\" atliks apklaus\u0105 prie\u0161 persikraustym\u0105, kad nustatyt\u0173 j\u016bs\u0173 persikraustymo reikalavimus, ir sukurs individual\u0173 persikraustymo ir pakavimo plan\u0105 kiekvienam j\u016bs\u0173 persikraustymo etapui. Jie teikia pakavimo paslaug\u0105, kuri\u0105 teikia profesional\u016bs pakuotojai, apmokyti apsaugoti j\u016bs\u0173 daiktus perve\u017eimo metu. Perkraustant biur\u0105, bus paskirtas perkraustymo konsultantas, kuris pad\u0117s iki minimumo suma\u017einti j\u016bs\u0173 verslo prastovas.<\/p>\n<p>Interneto svetain\u0117: <a href=\"https:\/\/sourdoughexpress.com\/\" target=\"_blank\" rel=\"noopener\">https:\/\/sourdoughexpress.com\/<\/a><\/p>","protected":false},"excerpt":{"rendered":"<p>If you currently live in Alaska and are planning a move or are moving to Alaska from abroad, you might want to engage the services of a moving company to assist you. Moving companies can lighten the load and pressure on you by packing, loading and transporting your belongings. Below we have compiled a list [&hellip;]<\/p>\n","protected":false},"author":4,"featured_media":11250,"parent":190,"menu_order":0,"comment_status":"closed","ping_status":"closed","template":"","meta":{"_genesis_hide_title":false,"_genesis_hide_breadcrumbs":false,"_genesis_hide_singular_image":false,"_genesis_hide_footer_widgets":false,"_genesis_custom_body_class":"","_genesis_custom_post_class":"","_genesis_layout":"","footnotes":""},"class_list":{"0":"post-11546","1":"page","2":"type-page","3":"status-publish","4":"has-post-thumbnail","6":"entry"},"_links":{"self":[{"href":"https:\/\/moverdb.com\/lt\/wp-json\/wp\/v2\/pages\/11546","targetHints":{"allow":["GET"]}}],"collection":[{"href":"https:\/\/moverdb.com\/lt\/wp-json\/wp\/v2\/pages"}],"about":[{"href":"https:\/\/moverdb.com\/lt\/wp-json\/wp\/v2\/types\/page"}],"author":[{"embeddable":true,"href":"https:\/\/moverdb.com\/lt\/wp-json\/wp\/v2\/users\/4"}],"replies":[{"embeddable":true,"href":"https:\/\/moverdb.com\/lt\/wp-json\/wp\/v2\/comments?post=11546"}],"version-history":[{"count":1,"href":"https:\/\/moverdb.com\/lt\/wp-json\/wp\/v2\/pages\/11546\/revisions"}],"predecessor-version":[{"id":11547,"href":"https:\/\/moverdb.com\/lt\/wp-json\/wp\/v2\/pages\/11546\/revisions\/11547"}],"up":[{"embeddable":true,"href":"https:\/\/moverdb.com\/lt\/wp-json\/wp\/v2\/pages\/190"}],"wp:featuredmedia":[{"embeddable":true,"href":"https:\/\/moverdb.com\/lt\/wp-json\/wp\/v2\/media\/11250"}],"wp:attachment":[{"href":"https:\/\/moverdb.com\/lt\/wp-json\/wp\/v2\/media?parent=11546"}],"curies":[{"name":"wp","href":"https:\/\/api.w.org\/{rel}","templated":true}]}}