{"id":11544,"date":"2023-11-22T15:47:33","date_gmt":"2023-11-22T15:47:33","guid":{"rendered":"https:\/\/moverdb.com\/?page_id=11544"},"modified":"2026-01-08T15:29:46","modified_gmt":"2026-01-08T15:29:46","slug":"moving-companies-alabama","status":"publish","type":"page","link":"https:\/\/moverdb.com\/lt\/moving-companies\/moving-companies-alabama\/","title":{"rendered":"Geriausios tarptautinio perkraustymo \u012fmon\u0117s Alabamoje"},"content":{"rendered":"<p>Persikraustymo, ypa\u010d tarptautinio, organizavimas savaranki\u0161kai gali b\u016bti labai sud\u0117tingas. Pasitelkdami <a href=\"https:\/\/moverdb.com\/lt\/moving-companies\/\" data-internallinksmanager029f6b8e52c=\"79\" title=\"Top 25 Tarptautin\u0117s perkraustymo \u012fmon\u0117s internete\">perkraustymo \u012fmon\u0117<\/a> kai kuriuos ar visus perkraustymo darbus atlikti u\u017e jus, gali palengvinti j\u016bs\u0173 dali\u0105. Toliau pateikiame s\u0105ra\u0161\u0105 <a href=\"https:\/\/moverdb.com\/lt\/moving-to-the-united-states\/moving-to-alabama\/\" data-internallinksmanager029f6b8e52c=\"448\" title=\"Persik\u0117limas \u012f Alabam\u0105? 2024 Gyvenimo i\u0161laidos ir persik\u0117limo patarimai\">Alabama<\/a> remiantis <a href=\"https:\/\/moverdb.com\/lt\/international-removals\/\" data-internallinksmanager029f6b8e52c=\"27\" title=\"36 geriausios tarptautinio perkraustymo \u012fmon\u0117s Jungtin\u0117je Karalyst\u0117je\">perkraustymo \u012fmon\u0117s<\/a> kurie yra <a href=\"https:\/\/moverdb.com\/lt\/iam\/\" data-internallinksmanager029f6b8e52c=\"23\" title=\"Tarptautin\u0117s perkraustytoj\u0173 asociacijos (IAM) paai\u0161kinimai\">Tarptautin\u0117 perkraustytoj\u0173 asociacija<\/a> (IAM) ir (arba) <a href=\"https:\/\/moverdb.com\/lt\/fidi-faim\/\" data-internallinksmanager029f6b8e52c=\"16\" title=\"FIDI ir FAIM (FIDI akredituotas tarptautinis perve\u017e\u0117jas) paai\u0161kinimai\">FIDI<\/a> Akredituotas tarptautinis perkraustymas (FAIM), kuris gal\u0117t\u0173 pad\u0117ti jums persikraustyti.<\/p>\n<p><strong>\"Coleman Worldwide Moving<\/strong><\/p>\n<p><img loading=\"lazy\" decoding=\"async\" class=\"alignnone size-full wp-image-11289\" src=\"https:\/\/moverdb.com\/wp-content\/uploads\/Coleman-Worldwide-Moving-international-moving-company.png\" alt=\"&quot;Coleman Worldwide Moving&quot; tarptautin\u0117 perkraustymo \u012fmon\u0117\" width=\"1440\" height=\"676\" data-wp-pid=\"11289\" srcset=\"https:\/\/moverdb.com\/wp-content\/uploads\/Coleman-Worldwide-Moving-international-moving-company.png 1440w, https:\/\/moverdb.com\/wp-content\/uploads\/Coleman-Worldwide-Moving-international-moving-company-300x141.png 300w, https:\/\/moverdb.com\/wp-content\/uploads\/Coleman-Worldwide-Moving-international-moving-company-1024x481.png 1024w, https:\/\/moverdb.com\/wp-content\/uploads\/Coleman-Worldwide-Moving-international-moving-company-18x8.png 18w, https:\/\/moverdb.com\/wp-content\/uploads\/Coleman-Worldwide-Moving-international-moving-company-600x282.png 600w\" sizes=\"auto, (max-width: 1440px) 100vw, 1440px\" \/><\/p>\n<ul>\n<li>Vietiniai ir tolimieji perve\u017eimai<\/li>\n<li>Tarptautiniai perkraustymai<\/li>\n<li>Nam\u0173 \u016bkio perkraustymai<\/li>\n<li>Komercini\u0173 ir biuro patalp\u0173 perkraustymas<\/li>\n<li>\u012emoni\u0173 perk\u0117limai<\/li>\n<li>Perk\u0117limo koordinatorius<\/li>\n<li>Pakavimo paslauga<\/li>\n<li>Daili\u0173j\u0173 men\u0173 ir antikvarini\u0173 daikt\u0173 tvarkymas<\/li>\n<li><a href=\"https:\/\/moverdb.com\/lt\/car-transport-shipping\/\" data-internallinksmanager029f6b8e52c=\"2\" title=\"2026 Tarptautinio automobili\u0173 transporto ir transporto priemoni\u0173 gabenimo citatos\">Transporto priemoni\u0173 gabenimas<\/a><\/li>\n<li>Trumpalaikis ir ilgalaikis saugojimas<\/li>\n<\/ul>\n<p>\"Coleman Worldwide Moving\" yra 1914 m. \u012fkurta Madisone \u012fsik\u016brusi jud\u0117jimo \u012fmon\u0117. Ji aptarnauja didel\u0119 dal\u012f <a href=\"https:\/\/moverdb.com\/lt\/moving-to-the-united-states\/\" data-internallinksmanager029f6b8e52c=\"94\" title=\"Persik\u0117limas \u012f Jungtines Amerikos Valstijas? 2022 Gyvenimo i\u0161laidos ir persik\u0117limo patarimai\">JAV<\/a> per plat\u0173 biur\u0173 tinkl\u0105, taip pat tarptautiniu mastu 175 \u0161alyse, bendradarbiaujant su \"Allied\". Jie yra IAM nariai, turintys 109 met\u0173 patirt\u012f.<\/p>\n<p>\"Coleman Worldwide Moving\" si\u016blo vaizdo arba asmenin\u0119 apklaus\u0105 su vienu i\u0161 savo perkraustymo specialist\u0173, kad \u012fvertint\u0173 j\u016bs\u0173 perkraustymo reikalavimus. Jie pritaikys savo paslaugas pagal j\u016bs\u0173 poreikius. Jie si\u016blo visas pakavimo paslaugas, o atvykus \u012f viet\u0105 - nestandartin\u012f \u012fpakavim\u0105 ir i\u0161pakavim\u0105. Jie taip pat si\u016blo papildomas paslaugas, \u012fskaitant meno dirbini\u0173 tvarkym\u0105, transporto priemoni\u0173 gabenim\u0105 ir saugojim\u0105.<\/p>\n<p>Interneto svetain\u0117: <a href=\"https:\/\/www.colemanallied.com\/\" target=\"_blank\" rel=\"noopener\">https:\/\/www.colemanallied.com\/<\/a><\/p>","protected":false},"excerpt":{"rendered":"<p>Managing a move on your own, especially an international one, can be overwhelming. Engaging a moving company to do some or all of the move for you can ease the load. Below we have compiled a list of Alabama based removal companies that are members of the International Association of Movers (IAM) and\/or FIDI Accredited [&hellip;]<\/p>\n","protected":false},"author":4,"featured_media":11289,"parent":190,"menu_order":0,"comment_status":"closed","ping_status":"closed","template":"","meta":{"_genesis_hide_title":false,"_genesis_hide_breadcrumbs":false,"_genesis_hide_singular_image":false,"_genesis_hide_footer_widgets":false,"_genesis_custom_body_class":"","_genesis_custom_post_class":"","_genesis_layout":"","footnotes":""},"class_list":{"0":"post-11544","1":"page","2":"type-page","3":"status-publish","4":"has-post-thumbnail","6":"entry"},"_links":{"self":[{"href":"https:\/\/moverdb.com\/lt\/wp-json\/wp\/v2\/pages\/11544","targetHints":{"allow":["GET"]}}],"collection":[{"href":"https:\/\/moverdb.com\/lt\/wp-json\/wp\/v2\/pages"}],"about":[{"href":"https:\/\/moverdb.com\/lt\/wp-json\/wp\/v2\/types\/page"}],"author":[{"embeddable":true,"href":"https:\/\/moverdb.com\/lt\/wp-json\/wp\/v2\/users\/4"}],"replies":[{"embeddable":true,"href":"https:\/\/moverdb.com\/lt\/wp-json\/wp\/v2\/comments?post=11544"}],"version-history":[{"count":1,"href":"https:\/\/moverdb.com\/lt\/wp-json\/wp\/v2\/pages\/11544\/revisions"}],"predecessor-version":[{"id":11545,"href":"https:\/\/moverdb.com\/lt\/wp-json\/wp\/v2\/pages\/11544\/revisions\/11545"}],"up":[{"embeddable":true,"href":"https:\/\/moverdb.com\/lt\/wp-json\/wp\/v2\/pages\/190"}],"wp:featuredmedia":[{"embeddable":true,"href":"https:\/\/moverdb.com\/lt\/wp-json\/wp\/v2\/media\/11289"}],"wp:attachment":[{"href":"https:\/\/moverdb.com\/lt\/wp-json\/wp\/v2\/media?parent=11544"}],"curies":[{"name":"wp","href":"https:\/\/api.w.org\/{rel}","templated":true}]}}