{"id":1075,"date":"2016-08-04T14:25:42","date_gmt":"2016-08-04T14:25:42","guid":{"rendered":"http:\/\/moverdb.com\/?page_id=1075"},"modified":"2026-01-08T15:20:29","modified_gmt":"2026-01-08T15:20:29","slug":"north-american-van-lines","status":"publish","type":"page","link":"https:\/\/moverdb.com\/lt\/north-american-van-lines\/","title":{"rendered":"\"North American Van Lines\": Tarptautinio perkraustymo ap\u017evalgos"},"content":{"rendered":"<p>\"North American Van Lines\" savo klientams si\u016blo tarptautinio, \u012fmoni\u0173 ir vidaus perkraustymo paslaugas. Toliau pateikiamas \u0161i\u0173 paslaug\u0173 s\u0105ra\u0161as, \u012fmon\u0117s profilis ir atsiliepimai.<\/p>\n<p><strong>Tarptautinis perkraustymas privatiems asmenims ir \u012fmon\u0117ms<\/strong><\/p>\n<ul>\n<li> Paslaugos nuo dur\u0173 iki dur\u0173<\/li>\n<li> Daikt\u0173 pakavimas, pamink\u0161tinimas ir apsauga<\/li>\n<li> Bald\u0173 i\u0161ardymas<\/li>\n<li> <a href=\"https:\/\/moverdb.com\/lt\/konteineriu-kroviniu-gabenimas\/\">Laiv\u0173 konteineriai<\/a> kiekvienai parai\u0161kai<\/li>\n<li> Patarimai, k\u0105 pakuoti ir k\u0105 parduoti, kad b\u016bt\u0173 ekonomi\u0161kai efektyvu<\/li>\n<li> Pagalba atliekant muitin\u012f \u012fforminim\u0105<\/li>\n<li> Bald\u0173 pristatymas ir surinkimas<\/li>\n<li> 24 valandas per par\u0105 vykstantis siuntimo steb\u0117jimas internetu<\/li>\n<li> Vertinimo apsaugos programa<\/li>\n<li> Trumpalaikis ir ilgalaikis sand\u0117liavimas<\/li>\n<\/ul>\n<p><strong>Perk\u0117limo specialiosios paslaugos<\/strong><\/p>\n<ul>\n<li> Parama b\u016bstui \u012fsigyti ir laikinai gyventi<\/li>\n<li> Finansin\u0117 ir draudimo paslaug\u0173 teik\u0117j\u0173 pagalba<\/li>\n<li> Tarpkult\u016brinis mokymas<\/li>\n<li> Kalb\u0173 mokymas<\/li>\n<li> Vaik\u0173 prie\u017ei\u016bros ir mokykl\u0173 rekomendacijos<\/li>\n<li> Medicinin\u0117 prie\u017ei\u016bra ir recept\u0173 keitimas<\/li>\n<li> Automobili\u0173 pirkimas ir paslaugos<\/li>\n<li> Vairavimo pamokos<\/li>\n<\/ul>\n<p><strong>\u012emoni\u0173 perk\u0117limai<\/strong><\/p>\n<ul>\n<li> Pakavimas ir \u012fpakavimas<\/li>\n<li> Saugykla<\/li>\n<li> Siunta<\/li>\n<li> Asmeninis persik\u0117limo koordinatorius<\/li>\n<li> Pagalba parduodant ir perkant b\u016bst\u0105<\/li>\n<li> Orientavimasis \u012f vietov\u0119<\/li>\n<li> Pagalba sutuoktiniui<\/li>\n<li> Hipotekos paslaugos<\/li>\n<li> \u012esik\u016brimo paslaugos<\/li>\n<\/ul>\n<p><strong>Perkraustymo paslaugos<\/strong><\/p>\n<ul>\n<li> Pakavimas ir i\u0161pakavimas - atlikite tai patys, tik trap\u016bs daiktai arba visa pakuot\u0117<\/li>\n<li> Didelis pakavimo med\u017eiag\u0173 pasirinkimas<\/li>\n<li> Bald\u0173 i\u0161ardymas ir surinkimas<\/li>\n<li> I\u0161krovimas<\/li>\n<li> I\u0161pakavimas, jei reikia<\/li>\n<li> \u0160iuk\u0161li\u0173 \u0161alinimas<\/li>\n<li> Ilgalaikis ir trumpalaikis saugojimas<\/li>\n<li> Nam\u0173 \u016bki\u0173 perk\u0117limas<\/li>\n<li> Vietinis jud\u0117jimas<\/li>\n<li> Ilgas atstumas juda<\/li>\n<li> Karinis jud\u0117jimas<\/li>\n<li> Kry\u017emin\u0117s \u0161alies jud\u0117jimas<\/li>\n<li> Tarpvalstybinis jud\u0117jimas<\/li>\n<li> Express ma\u017ea siunta<\/li>\n<li> Nacionaliniai perkraustytojai<\/li>\n<\/ul>\n<p><strong>Specializuoti perkraustymai<\/strong><\/p>\n<ul>\n<li> Pianinai<\/li>\n<li> Menas ir antikvariniai daiktai<\/li>\n<li> Valtys<\/li>\n<li> <a href=\"https:\/\/moverdb.com\/lt\/automobiliu-transportas-siuntimas\/\">Transporto priemon\u0117s<\/a><\/li>\n<li> Konteineriai<\/li>\n<\/ul>\n<h2>Bendrov\u0117s \"North American Van Lines\" profilis<\/h2>\n<p>Pirm\u0105 kart\u0105 \"North American Van Lines\" krovini\u0173 gabenimo veikl\u0105 prad\u0117jo 1933 m., tur\u0117dama 12 agent\u0173. Po penkeri\u0173 met\u0173 ji tur\u0117jo daugiau nei 120 agent\u0173. Bendrov\u0117 u\u017esiima nam\u0173 ir biur\u0173 perkraustymu tiek vietos, tiek nacionaliniu, tiek tarptautiniu mastu. 1998 m. \"North American Van Lines\" tapo \"SIRVA Inc.\" dukterine \u012fmone. <\/p>\n<p>\u012emon\u0117je dirba beveik 8 000 darbuotoj\u0173, ji vykdo veikl\u0105 <strong>1 694 sunkve\u017eimiai<\/strong>. Apskai\u010diuota, kad j\u0173 transporto priemon\u0117s nuva\u017eiavo <strong>37 256 707 mylios<\/strong>.<\/p>\n<p>\"North American Van Lines\" turi daugiau nei 500 agent\u0173 \u0160iaur\u0117s Amerikoje. Jie turi palydovinio sekimo sistem\u0105, kad visada gal\u0117t\u0173 tiksliai nustatyti vis\u0173 siunt\u0173 buvimo viet\u0105. Jie taip pat naudoja furgonus su kranu, tod\u0117l gali pakrauti ir i\u0161krauti didelius daiktus be pakrovimo doko. <\/p>\n<p>Bendrov\u0117 \u012fgyvendino kokyb\u0117s program\u0105, pagal kuri\u0105 visi darbuotojai ir agentai mokomi pagal auk\u0161\u010diausius \u012fmanomus standartus.<\/p>\n<p>\"North American Van Lines\" akreditacijos ir priklausomyb\u0117:<\/p>\n<ul>\n<li> Muitin\u0117s ir prekybos partneryst\u0117 prie\u0161 terorizm\u0105 (C-TPAT)<\/li>\n<li> <a href=\"https:\/\/moverdb.com\/lt\/amsa\/\">Amerikos perkraustymo ir saugojimo asociacija<\/a> (<a href=\"https:\/\/moverdb.com\/lt\/amsa\/\" data-internallinksmanager029f6b8e52c=\"5\" title=\"Amerikos jud\u0117jimo ir saugojimo asociacijos (AMSA) paai\u0161kinimai\">AMSA<\/a>) - <a href=\"https:\/\/moverdb.com\/lt\/ratlankio-remelis\/\">\"ProMover\"<\/a><\/li>\n<li> BBB akredituotas verslas<\/li>\n<li> <a href=\"https:\/\/moverdb.com\/lt\/kanados-perkraustytoju-asociacija\/\">Kanados jud\u0117j\u0173 asociacija<\/a> (<a href=\"https:\/\/moverdb.com\/lt\/canadian-association-of-movers\/\" data-internallinksmanager029f6b8e52c=\"11\" title=\"Kanados perkraustytoj\u0173 asociacijos (CAM) paai\u0161kinimai\">CAM<\/a>)<\/li>\n<\/ul>\n<h2>\"North American Van Lines\" atsiliepimai<\/h2>\n<p><strong>Teigiamas:<\/strong><\/p>\n<ul>\n<li>  <em>\"Mes nuolat persikraustome ir tai buvo geriausias persikraustymas, kok\u012f kada nors esame tur\u0117j\u0119. Dar niekada nebuvo taip gerai pavyk\u0119 persikraustyti. Viskas buvo tiesiog nuostabu.\"<\/em> - Justin P klientas <a href=\"https:\/\/www.northamerican.com\/\" target=\"_blank\" rel=\"noopener\">atsiliepimas i\u0161 j\u0173 svetain\u0117s<\/a>.<\/li>\n<li> <em>\"Visada laiku, efektyvus, malonus ir tikrai naudingas. Buvome maloniai nustebinti, kad pakrovus ir pasv\u0117rus m\u016bs\u0173 g\u016b\u017etas, i\u0161 tikr\u0173j\u0173 i\u0161 m\u016bs\u0173 buvo paimta ma\u017eesn\u0117 nei nurodyta suma! Tikrai rekomenduo\u010diau juos!<\/em>\" - Candace per <a href=\"http:\/\/www.bbb.org\/northernindiana\/business-reviews\/movers\/north-american-van-lines-in-fort-wayne-in-90077877\/customer-reviews\" target=\"_blank\" rel=\"noopener\">BBB<\/a><\/li>\n<li> <em>\"Persikraustymas i\u0161 vieno namo su ilgu, v\u0117juotu ir siauru priva\u017eiavimu \u012f kit\u0105, esant\u012f u\u017e keli\u0173 \u0161imt\u0173 kilometr\u0173, buvo nelengva u\u017eduotis bet kuriam perkraustytojui. Ta\u010diau \"North American Van Lines\" suteik\u0117 nuostabi\u0105 patirt\u012f, d\u0117l kurios persikraustymas tapo ne toks \u012ftemptas... ir, dr\u012fstu sakyti, smagus?\"<\/em> - Phyllis per <a href=\"https:\/\/www.facebook.com\/northAmericanVL\/reviews#\" target=\"_blank\" rel=\"noopener\">\"Facebook\"<\/a><\/li>\n<\/ul>\n<p><strong>Neigiamas:<\/strong><\/p>\n<ul>\n<li> <em>\"Siaubinga patirtis su \u0161ia \u012fmone. Naudojausi j\u0173 paslaugomis persikraustydamas i\u0161 Baltimor\u0117s \u012f <a href=\"https:\/\/moverdb.com\/lt\/persikelimas-i-san-franciska\/\">San Franciskas<\/a>.  Jie naudoja vietos <a href=\"https:\/\/moverdb.com\/lt\/moving-companies\/\" data-internallinksmanager029f6b8e52c=\"79\" title=\"Top 25 Tarptautin\u0117s perkraustymo \u012fmon\u0117s internete\">perkraustymo \u012fmon\u0117s<\/a> sudaryta sutartis su \"North American\" d\u0117l daikt\u0173 pa\u0117mimo ir i\u0161ve\u017eimo.\"<\/em> - Nikas per <a href=\"http:\/\/www.mymovingreviews.com\/movers\/north-american-van-lines-287#33438\" target=\"_blank\" rel=\"noopener\">MyMovingReviews<\/a><\/li>\n<li> <em>\"Per\u0117jimas nuo <a href=\"https:\/\/moverdb.com\/lt\/moving-companies\/moving-companies-peru\/\" data-internallinksmanager029f6b8e52c=\"273\" title=\"9 Geriausios tarptautin\u0117s perkraustymo \u012fmon\u0117s Peru\">Peru<\/a> \u012f <a href=\"https:\/\/moverdb.com\/lt\/moving-to-the-united-states\/moving-to-iowa\/\" data-internallinksmanager029f6b8e52c=\"463\" title=\"Persik\u0117limas \u012f Ajov\u0105? 2024 Gyvenimo i\u0161laidos ir persik\u0117limo patarimai\">Ajova<\/a> buvo ko\u0161maras. Blogiausia buvo tai, kad sunkve\u017eim\u012f i\u0161krov\u0117 \"profesionalai\" i\u0161 \"North American Van Lines\".\"<\/em> - Art\u016bras per <a href=\"https:\/\/www.consumeraffairs.com\/movers\/north_american.htm\" target=\"_blank\" rel=\"noopener\">Vartotoj\u0173 reikalai<\/a><\/li>\n<li> <em>\"Pra\u0117jo 10 dien\u0173 nuo tada, kai mano daiktai buvo paimti i\u0161 <a href=\"https:\/\/moverdb.com\/lt\/moving-to-the-united-states\/moving-to-oklahoma\/\" data-internallinksmanager029f6b8e52c=\"453\" title=\"Persik\u0117limas \u012f Oklahom\u0105? 2024 Gyvenimo i\u0161laidos ir persik\u0117limo patarimai\">Oklahoma<\/a>.Iki pristatymo termino pabaigos liko tik 2 darbo dienos, o jie k\u0105 tik su\u017einojo, kad vairuotojas NIEKADA NEPASIRINKO mano daikt\u0173.\"<\/em> - per <a href=\"http:\/\/north-american-van-lines.pissedconsumer.com\/left-my-stuff-behind-20160401821464.html\" target=\"_blank\" rel=\"noopener\">\u012esiut\u0119s vartotojas<\/a><\/li>\n<\/ul>\n<div itemprop=\"review\" itemscope itemtype=\"http:\/\/schema.org\/Review\">\n<span itemprop=\"author\" itemscope=\"\" itemtype=\"http:\/\/schema.org\/Organization\"><span itemprop=\"name\">MoverDB.com<\/span><\/span> Internetin\u0117s svetain\u0117s ap\u017evalga <span itemprop=\"itemreviewed\" itemscope=\"\" itemtype=\"http:\/\/schema.org\/Brand\"><span itemprop=\"name\">\"North American Van Lines<\/span><\/span>:<\/p>\n<ol>\n<li> Ai\u0161ki kontaktin\u0117 informacija svetain\u0117je (\u012fskaitant telefono numer\u012f): <strong>Taip<\/strong><\/li>\n<li> Lengva gauti <a href=\"https:\/\/moverdb.com\/lt\/citatos\/\">tarptautin\u0117s judan\u010dios citatos<\/a>? (internetin\u0117 s\u0105matos u\u017eklausos forma): <strong>Taip<\/strong><\/li>\n<li> Ai\u0161ki informacija svetain\u0117je: <strong>Taip<\/strong>, daug informacijos apie vietinius ir tarptautinius perve\u017eimus.<\/li>\n<li> Naryst\u0117 tarptautin\u0117se pripa\u017eintose jud\u0117jimo organizacijose: <strong>Taip<\/strong>, \u017er. pirmiau<\/li>\n<li> Klient\u0173 s\u0105ra\u0161as ir (arba) ankstesni\u0173 klient\u0173 atsiliepimai. <strong>Taip,<\/strong> puslapyje yra daug atsiliepim\u0173, ta\u010diau dauguma j\u0173 gana trumpi.<\/li>\n<\/ol>\n<div itemprop=\"reviewRating\" itemscope itemtype=\"http:\/\/schema.org\/Rating\"><meta itemprop=\"worstRating\" content = \"0\" \/><meta itemprop=\"bestRating\" content=\"4.5\" \/><meta itemprop=\"ratingValue\" content=\"5\"><\/div>\n<p><strong>Bendras \u012fvertinimas: 4,5\/5<\/strong><br \/>\n<strong>Per\u017ei\u016bros data:<\/strong> <span itemprop=\"datePublished\" content=\"2016-08-24\">04\/08\/2016<\/span>\n<\/div>\n<p>Skaitykite daugiau apie <a href=\"https:\/\/moverdb.com\/lt\/juda-imones\/\">tarptautiniai perkraustytojai<\/a>, <a href=\"https:\/\/moverdb.com\/lt\/us-kanada-persikraustymo-paslaugos\/\">Kanados ir JAV perkraustytojai<\/a> ir m\u016bs\u0173 <a href=\"https:\/\/moverdb.com\/lt\/atsiliepimai\/\">judan\u010dios per\u017ei\u016bros procesas<\/a>.<\/p>\n<p><strong>Interneto svetain\u0117s:<\/strong><br \/>\n<a href=\"https:\/\/moverdb.com\/lt\/moving-to-the-united-states\/\" data-internallinksmanager029f6b8e52c=\"94\" title=\"Persik\u0117limas \u012f Jungtines Amerikos Valstijas? 2022 Gyvenimo i\u0161laidos ir persik\u0117limo patarimai\">JAV<\/a>: <a href=\"https:\/\/www.northamerican.com\/\" target=\"_blank\" rel=\"noopener\">https:\/\/www.northamerican.com\/<\/a><br \/>\n<a href=\"https:\/\/moverdb.com\/lt\/moving-to-canada\/\" data-internallinksmanager029f6b8e52c=\"265\" title=\"Persik\u0117limas \u012f Kanad\u0105? 2023 m. gyvenimo i\u0161laidos ir persik\u0117limo patarimai\">Kanada<\/a>: <a href=\"http:\/\/www.northamericanvanlines.ca\/\" target=\"_blank\" rel=\"noopener\">http:\/\/www.northamericanvanlines.ca\/<\/a><\/p>","protected":false},"excerpt":{"rendered":"<p>North American Van Lines offer their customers services for international, corporate and domestic moves. A list of these services follows, together with a company profile and reviews. International Moving for Individuals and Companies Door to door service Packing, padding and protecting belongings Disassembling furniture Ship containers for every application Advice on what to pack and [&hellip;]<\/p>\n","protected":false},"author":1,"featured_media":0,"parent":0,"menu_order":0,"comment_status":"closed","ping_status":"closed","template":"","meta":{"_genesis_hide_title":false,"_genesis_hide_breadcrumbs":false,"_genesis_hide_singular_image":false,"_genesis_hide_footer_widgets":false,"_genesis_custom_body_class":"","_genesis_custom_post_class":"","_genesis_layout":"","footnotes":""},"class_list":{"0":"post-1075","1":"page","2":"type-page","3":"status-publish","5":"entry"},"_links":{"self":[{"href":"https:\/\/moverdb.com\/lt\/wp-json\/wp\/v2\/pages\/1075","targetHints":{"allow":["GET"]}}],"collection":[{"href":"https:\/\/moverdb.com\/lt\/wp-json\/wp\/v2\/pages"}],"about":[{"href":"https:\/\/moverdb.com\/lt\/wp-json\/wp\/v2\/types\/page"}],"author":[{"embeddable":true,"href":"https:\/\/moverdb.com\/lt\/wp-json\/wp\/v2\/users\/1"}],"replies":[{"embeddable":true,"href":"https:\/\/moverdb.com\/lt\/wp-json\/wp\/v2\/comments?post=1075"}],"version-history":[{"count":11,"href":"https:\/\/moverdb.com\/lt\/wp-json\/wp\/v2\/pages\/1075\/revisions"}],"predecessor-version":[{"id":6227,"href":"https:\/\/moverdb.com\/lt\/wp-json\/wp\/v2\/pages\/1075\/revisions\/6227"}],"wp:attachment":[{"href":"https:\/\/moverdb.com\/lt\/wp-json\/wp\/v2\/media?parent=1075"}],"curies":[{"name":"wp","href":"https:\/\/api.w.org\/{rel}","templated":true}]}}