{"id":1065,"date":"2016-08-09T14:39:24","date_gmt":"2016-08-09T14:39:24","guid":{"rendered":"http:\/\/moverdb.com\/?page_id=1065"},"modified":"2026-01-08T14:47:45","modified_gmt":"2026-01-08T14:47:45","slug":"bekins-van-lines","status":"publish","type":"page","link":"https:\/\/moverdb.com\/lt\/bekins-van-lines\/","title":{"rendered":"\"Bekins Van Lines\": Tarptautinio perkraustymo paslaugos ir ap\u017evalgos"},"content":{"rendered":"<p>\"Bekins Van Lines\" \u012fsik\u016brusi Indianapolyje, IN. Savo klientams jie si\u016blo \u012fvairias paslaugas, kurios i\u0161vardytos toliau kartu su \u012fmon\u0117s profiliu ir atsiliepimais.<\/p>\n<p><strong>Tarptautinis perkraustymas<\/strong><\/p>\n<ul>\n<li> Individualus aptarnavimas kartu su \"Crown Relocations<\/li>\n<li> Paslaugos nuo dur\u0173 iki dur\u0173<\/li>\n<li> Pakavimas - pasidaryk pats, pasirinktos prek\u0117s arba visos paslaugos<\/li>\n<li> Trumpalaikis ir ilgalaikis saugojimas<\/li>\n<li> Gyv\u016bno augintinio perk\u0117limas<\/li>\n<li> Imigracijos paslaugos<\/li>\n<li> Tarpkult\u016brinis mokymas<\/li>\n<li> Kalb\u0173 mokymas<\/li>\n<li> Nam\u0173 pardavimo paslaugos<\/li>\n<li> Nekilnojamojo turto valdymas<\/li>\n<li> Kelioni\u0173 per\u017ei\u016bros paslaugos<\/li>\n<li> Pagalba ie\u0161kant nam\u0173<\/li>\n<li> Mokykl\u0173 paie\u0161ka<\/li>\n<li> Orientavimas po atvykimo<\/li>\n<li> Partneri\u0173 karjeros parama<\/li>\n<li> \u016akved\u017eio ir nam\u0173 ruo\u0161os paslaugos<\/li>\n<li> Bald\u0173 nuoma<\/li>\n<li> Pagalba u\u017eduoties metu<\/li>\n<\/ul>\n<p><strong>Pakavimas ir saugojimas<\/strong><\/p>\n<ul>\n<li> Ilgalaikis ir trumpalaikis saugojimas<\/li>\n<li> Saug\u016bs \u012frenginiai<\/li>\n<li> 24 valand\u0173 \u012fsp\u0117jimas apie prieig\u0105<\/li>\n<li> Pakavimo paslaugos, pasirinktos prek\u0117s arba visos pakavimo paslaugos<\/li>\n<li> Tiekiamos d\u0117\u017e\u0117s ir d\u0117\u017eut\u0117s<\/li>\n<li> Tiekiamas apsauginis apvalkalas<\/li>\n<li> Juostos, etiket\u0117s ir \u017eymekliai<\/li>\n<\/ul>\n<p><strong>Vyriausyb\u0117s ir kariuomen\u0117s perkraustymo paslaugos<\/strong><\/p>\n<ul>\n<li> GSA transporto paslaug\u0173 teik\u0117jas<\/li>\n<li> Kvalifikacija atitinka CHAMP reikalavimus ir j\u0105 palaiko<\/li>\n<li> Nuo dur\u0173 iki dur\u0173<\/li>\n<\/ul>\n<p><strong>Darbuotoj\u0173 perk\u0117limas<\/strong><\/p>\n<ul>\n<li> Specialus perkraustymo vadybininkas<\/li>\n<li> Nuo dur\u0173 iki dur\u0173<\/li>\n<\/ul>\n<p><strong>Gyvenam\u0173j\u0173 nam\u0173 perkraustymai<\/strong><\/p>\n<ul>\n<li> Nuo dur\u0173 iki dur\u0173<\/li>\n<li> Namuose <a href=\"https:\/\/moverdb.com\/lt\/quotes\/\" data-internallinksmanager029f6b8e52c=\"26\" title=\"Tarptautinio perkraustymo citatos: 12 klausim\u0173, kuriuos reikia u\u017eduoti perve\u017eimo \u012fmonei: 12 klausim\u0173, kuriuos reikia u\u017eduoti perve\u017eimo \u012fmonei\">persikraustymo citata<\/a><\/li>\n<li> Visos pakavimo, pakrovimo ir i\u0161krovimo paslaugos<\/li>\n<li> Pakavimas - savaranki\u0161kai, trapi\u0173 daikt\u0173 pakavimas arba visos paslaugos<\/li>\n<li> Tiekiamos pakavimo med\u017eiagos<\/li>\n<li> Galimyb\u0117 saugoti<\/li>\n<li> Bald\u0173 i\u0161ardymas ir surinkimas<\/li>\n<li> Perkelti baldus, \u012frenginius ir \u012frang\u0105<\/li>\n<li> Perkelkite fortepijonus, <a href=\"https:\/\/moverdb.com\/lt\/automobiliu-transportas-siuntimas\/\">transporto priemon\u0117s<\/a>, valtys ir dar daugiau<\/li>\n<li> Perk\u0117limo apsauga<\/li>\n<\/ul>\n<p><strong>Specializuotos perkraustymo paslaugos<\/strong><\/p>\n<ul>\n<li> Medicinin\u0117s \u012frangos gabenimas<\/li>\n<li> Sunkiosios technikos transportavimas<\/li>\n<li> FFE transportavimas<\/li>\n<li> Biuro \u012franga<\/li>\n<li> Kompiuteriai ir IT \u012franga<\/li>\n<li> Unikal\u016bs baldai<\/li>\n<li> Prietais\u0173 perk\u0117limas<\/li>\n<li> Parduotuvi\u0173 \u012franga<\/li>\n<li> Svetingumo perkraustymo paslaugos<\/li>\n<\/ul>\n<h2>\"Bekins Van Lines\" \u012fmon\u0117s profilis<\/h2>\n<p>Bendrov\u0119 \"Bekins Van Lines\" prie\u0161 125 metus Siuks Sityje \u012fk\u016br\u0117 Johnas ir Martinas Bekinsai, <a href=\"https:\/\/moverdb.com\/lt\/moving-to-the-united-states\/moving-to-iowa\/\" data-internallinksmanager029f6b8e52c=\"463\" title=\"Persik\u0117limas \u012f Ajov\u0105? 2024 Gyvenimo i\u0161laidos ir persik\u0117limo patarimai\">Ajova<\/a>. Joje buvo 3 arkli\u0173 traukiamos transporto priemon\u0117s ir 12 darbuotoj\u0173. Dabar ji yra ketvirta pagal dyd\u012f furgon\u0173 linija <a href=\"https:\/\/moverdb.com\/lt\/moving-to-the-united-states\/\" data-internallinksmanager029f6b8e52c=\"94\" title=\"Persik\u0117limas \u012f Jungtines Amerikos Valstijas? 2022 Gyvenimo i\u0161laidos ir persik\u0117limo patarimai\">Jungtin\u0117s Amerikos Valstijos<\/a> ir aptarnauja daugiau nei 95% \u0161alies teritorijos. \"Bekins Van Lines\" specializuojasi <a href=\"https:\/\/moverdb.com\/lt\/konteineriu-kroviniu-gabenimas\/\" target=\"_blank\" rel=\"noopener\">tarptautinis pristatymas<\/a>, perk\u0117limai ir didel\u0117s vert\u0117s daikt\u0173 perk\u0117limas.<\/p>\n<p>\"Bekins Van Lines\" dabar priklauso bendrovei <a href=\"https:\/\/moverdb.com\/lt\/wheaton\/\" target=\"_blank\" rel=\"noopener\">\"Wheaton Van Lines<\/a>. Ji ir toliau si\u016blo nam\u0173 \u016bkio perkraustymo, \u012fmoni\u0173 perkraustymo, tarptautinio perkraustymo ir karinio perkraustymo paslaugas. <\/p>\n<p>\"Bekins\" kartu su \"Wheaton Van Lines\" bendradarbiauja su \"Crown Relocations\", kad pad\u0117t\u0173 klientams persikelti \u012f kitas \u0161alis. \"Bekins\" turi 350 agent\u0173, kurie leid\u017eia bendrovei teikti visas paslaugas. <a href=\"https:\/\/moverdb.com\/lt\/moving-companies\/\" data-internallinksmanager029f6b8e52c=\"79\" title=\"Top 25 Tarptautin\u0117s perkraustymo \u012fmon\u0117s internete\">perkraustymo \u012fmon\u0117<\/a>.<\/p>\n<p>\"Bekins Van Lines\" priklausomyb\u0117 ir akreditacijos:<\/p>\n<ul>\n<li> <a href=\"https:\/\/moverdb.com\/lt\/amsa\/\" target=\"_blank\" rel=\"noopener\">Amerikos perkraustymo ir saugojimo asociacija<\/a> (<a href=\"https:\/\/moverdb.com\/lt\/amsa\/\" data-internallinksmanager029f6b8e52c=\"5\" title=\"Amerikos jud\u0117jimo ir saugojimo asociacijos (AMSA) paai\u0161kinimai\">AMSA<\/a>) - <a href=\"https:\/\/moverdb.com\/lt\/ratlankio-remelis\/\" target=\"_blank\" rel=\"noopener\">\"ProMover\"<\/a><\/li>\n<li> Nacionalin\u0117 vyresni\u0173j\u0173 perkraustymo vadybinink\u0173 asociacija (NASMM)<\/li>\n<li> Geresnio verslo biuro (BBB) akredituota \u012fmon\u0117 A+<\/li>\n<\/ul>\n<h2>\"Bekins Van Lines\" atsiliepimai<\/h2>\n<p><strong>Teigiamas:<\/strong><\/p>\n<ul>\n<li> <em>\"A\u0161 bijojau naudoti bet koki\u0105 judan\u010di\u0105 \u012fmon\u0119 mano persik\u0117limui i\u0161 <a href=\"https:\/\/moverdb.com\/lt\/persikelimas-i-san-chose\/\">San Chos\u0117<\/a> \u012f <a href=\"https:\/\/moverdb.com\/lt\/moving-to-the-united-states\/moving-to-oregon\/\" data-internallinksmanager029f6b8e52c=\"395\" title=\"Persik\u0117limas \u012f Oregon\u0105? 2023 m. gyvenimo i\u0161laidos ir persik\u0117limo patarimai\">Oregonas<\/a>. A\u0161 atlikau daug internetini\u0173 tyrim\u0173 ir galiausiai nu\u0117jau su \"Bekins\" d\u0117l dviej\u0173 asmenini\u0173 rekomendacij\u0173 ir j\u0173 nustatytos s\u0105matos. Tai buvo lengvas procesas, perkraustytojai labai r\u016bpinosi mano daiktais ir pristat\u0117 juos, kada buvo \u017ead\u0117j\u0119.\"<\/em> - S. N. per <a href=\"http:\/\/www.yelp.com\/biz\/bekins-van-lines-indianapolis-4?hrid=sAKPuUdvUtx9Pe5VoZlhZQ&#038;utm_campaign=www_review_share_popup&#038;utm_medium=copy_link&#038;utm_source=(direct)\" target=\"_blank\" rel=\"noopener\">\"Yelp\"<\/a><\/li>\n<li> <em>\"Gavome \u012fprastas biuro perk\u0117limo s\u0105matas, o \"Bekins\" pateik\u0117 geriausi\u0105 ir i\u0161samiausi\u0105 s\u0105mat\u0105.\"<\/em> - Wanda i\u0161 Tampa per <a href=\"https:\/\/www.consumeraffairs.com\/movers\/bekins_van_lines.htm\" target=\"_blank\" rel=\"noopener\">Vartotoj\u0173 reikalai<\/a><\/li>\n<li> <em>\"\u0160is klientas rekomenduot\u0173 \u012fmon\u0119 draugui, \u0161eimos nariui, kaimynui ar kolegai.\"<\/em> - Cindy R per <a href=\"http:\/\/www.bbb.org\/indy\/business-reviews\/movers\/bekins-van-lines-inc-in-indianapolis-in-90013818\/Customer-Reviews\" target=\"_blank\" rel=\"noopener\">BBB<\/a><\/li>\n<li> <em>\"Visa perkraustymo komanda buvo fantasti\u0161ka. S\u0105matininkai ir koordinatoriai buvo labai r\u016bpestingi.\"<\/em> - Paul D per <a href=\"http:\/\/www.mymovingreviews.com\/movers\/bekins-van-lines-303#54527\" target=\"_blank\" rel=\"noopener\">MyMoivingReviews.com<\/a><\/li>\n<\/ul>\n<p><strong>Neigiamas:<\/strong><\/p>\n<ul>\n<li> \"<em>Tikrai siaubinga patirtis - daug sugadint\u0173 preki\u0173 ir neprofesionalus aptarnavimas.\" <\/em>Kelly H per <a href=\"http:\/\/www.yelp.com\/biz\/bekins-van-lines-indianapolis-4?hrid=mPlbHKmtD2adpffBELLyBA&#038;utm_campaign=www_review_share_popup&#038;utm_medium=copy_link&#038;utm_source=(direct)\" target=\"_blank\" rel=\"noopener\">\"Yelp\"<\/a> <\/li>\n<li> <em>\"Agent\u0117s apra\u0161ytas tobulas \u017eingsnis tapo ko\u0161maru.\"<\/em> - Marcelis i\u0161 e\u017eero parko per <a href=\"https:\/\/www.consumeraffairs.com\/movers\/bekins_van_lines.htm\" target=\"_blank\" rel=\"noopener\">Vartotoj\u0173 reikalai<\/a> <\/li>\n<li> <em>\"\u0160i patirtis tur\u0117jo kelet\u0105 neigiam\u0173 aspekt\u0173.\"<\/em> - David S per <a href=\"http:\/\/www.bbb.org\/indy\/business-reviews\/movers\/bekins-van-lines-inc-in-indianapolis-in-90013818\/Customer-Reviews\" target=\"_blank\" rel=\"noopener\">BBB<\/a> <\/li>\n<li> \"<em>Pasteb\u0117jau, kad \"Bekins\" perkraustymas ir sand\u0117liavimas yra nepatikimas.\" <\/em> D Langdon per <a href=\"http:\/\/www.mymovingreviews.com\/movers\/bekins-van-lines-303#37287\" target=\"_blank\" rel=\"noopener\">MyMoivingReviews.com<\/a><\/li>\n<\/ul>\n<div itemprop=\"review\" itemscope itemtype=\"http:\/\/schema.org\/Review\">\n<span itemprop=\"author\" itemscope=\"\" itemtype=\"http:\/\/schema.org\/Organization\"><span itemprop=\"name\">MoverDB.com<\/span><\/span> Internetin\u0117s svetain\u0117s ap\u017evalga <span itemprop=\"itemreviewed\" itemscope=\"\" itemtype=\"http:\/\/schema.org\/Brand\"><span itemprop=\"name\">\"Bekins Van Lines<\/span><\/span>:<\/p>\n<ol>\n<li> Ai\u0161ki kontaktin\u0117 informacija svetain\u0117je (\u012fskaitant telefono numer\u012f): <strong>Taip<\/strong><\/li>\n<li> Lengva gauti <a href=\"https:\/\/moverdb.com\/lt\/citatos\/\">tarptautin\u0117s judan\u010dios citatos<\/a>? (internetin\u0117 s\u0105matos u\u017eklausos forma): <strong>Taip<\/strong><\/li>\n<li> Ai\u0161ki informacija svetain\u0117je: <strong>Taip,<\/strong> svetain\u0117je yra daug vadov\u0173, vaizdo \u012fra\u0161\u0173 ir kit\u0173 i\u0161tekli\u0173.<\/li>\n<li> Naryst\u0117 tarptautin\u0117se pripa\u017eintose jud\u0117jimo organizacijose: <strong>Taip<\/strong>, \u017er. pirmiau<\/li>\n<li> Klient\u0173 s\u0105ra\u0161as ir (arba) ankstesni\u0173 klient\u0173 atsiliepimai. <strong>Taip,<\/strong> jie turi savo <a href=\"https:\/\/www.bekins.com\/why-bekins\/reviews-testimonials\/\" target=\"_blank\" rel=\"noopener\">atsiliepim\u0173 ir rekomendacij\u0173 puslap\u012f.<\/a><\/li>\n<\/ol>\n<div itemprop=\"reviewRating\" itemscope itemtype=\"http:\/\/schema.org\/Rating\"><meta itemprop=\"worstRating\" content = \"0\" \/><meta itemprop=\"bestRating\" content=\"5\" \/><meta itemprop=\"ratingValue\" content=\"5\"><\/div>\n<p><strong>Bendras \u012fvertinimas: 5\/5<\/strong><br \/>\n<strong>Per\u017ei\u016bros data:<\/strong> <span itemprop=\"datePublished\" content=\"2016-08-08\">08\/08\/2016<\/span>\n<\/div>\n<p>Skaitykite daugiau apie <a href=\"https:\/\/moverdb.com\/lt\/juda-imones\/\">tarptautin\u0117s perkraustymo \u012fmon\u0117s<\/a>, <a href=\"https:\/\/moverdb.com\/lt\/us-kanada-persikraustymo-paslaugos\/\">JAV perkraustytojai<\/a> ir m\u016bs\u0173 <a href=\"https:\/\/moverdb.com\/lt\/atsiliepimai\/\">per\u017ei\u016bros procesas<\/a>.<\/p>\n<p><strong>Interneto svetain\u0117:<\/strong> <a href=\"https:\/\/www.bekins.com\/\" target=\"_blank\" rel=\"noopener\">https:\/\/www.bekins.com<\/a><\/p>","protected":false},"excerpt":{"rendered":"<p>Bekins Van Lines are based in Indianapolis IN. They offer their customers a variety of services which are listed below, together with a company profile and reviews. International Moving Personalised service together with Crown Relocations Door to door service Packing &#8211; do it yourself, selected items or full service Storage &#8211; short and long term [&hellip;]<\/p>\n","protected":false},"author":1,"featured_media":0,"parent":0,"menu_order":0,"comment_status":"closed","ping_status":"closed","template":"","meta":{"_genesis_hide_title":false,"_genesis_hide_breadcrumbs":false,"_genesis_hide_singular_image":false,"_genesis_hide_footer_widgets":false,"_genesis_custom_body_class":"","_genesis_custom_post_class":"","_genesis_layout":"","footnotes":""},"class_list":{"0":"post-1065","1":"page","2":"type-page","3":"status-publish","5":"entry"},"_links":{"self":[{"href":"https:\/\/moverdb.com\/lt\/wp-json\/wp\/v2\/pages\/1065","targetHints":{"allow":["GET"]}}],"collection":[{"href":"https:\/\/moverdb.com\/lt\/wp-json\/wp\/v2\/pages"}],"about":[{"href":"https:\/\/moverdb.com\/lt\/wp-json\/wp\/v2\/types\/page"}],"author":[{"embeddable":true,"href":"https:\/\/moverdb.com\/lt\/wp-json\/wp\/v2\/users\/1"}],"replies":[{"embeddable":true,"href":"https:\/\/moverdb.com\/lt\/wp-json\/wp\/v2\/comments?post=1065"}],"version-history":[{"count":9,"href":"https:\/\/moverdb.com\/lt\/wp-json\/wp\/v2\/pages\/1065\/revisions"}],"predecessor-version":[{"id":6181,"href":"https:\/\/moverdb.com\/lt\/wp-json\/wp\/v2\/pages\/1065\/revisions\/6181"}],"wp:attachment":[{"href":"https:\/\/moverdb.com\/lt\/wp-json\/wp\/v2\/media?parent=1065"}],"curies":[{"name":"wp","href":"https:\/\/api.w.org\/{rel}","templated":true}]}}