{"id":1064,"date":"2016-08-12T14:50:41","date_gmt":"2016-08-12T14:50:41","guid":{"rendered":"http:\/\/moverdb.com\/?page_id=1064"},"modified":"2026-01-08T13:18:24","modified_gmt":"2026-01-08T13:18:24","slug":"graebel-van-lines","status":"publish","type":"page","link":"https:\/\/moverdb.com\/lt\/graebel-van-lines\/","title":{"rendered":"\"Graebel Van Lines\": Tarptautinio perkraustymo paslaugos ir ap\u017evalgos"},"content":{"rendered":"<p>\"Graebel Van Lines\" b\u016bstin\u0117 yra Auroroje, CO. \u012emon\u0117 savo klientams si\u016blo plat\u0173 paslaug\u0173 asortiment\u0105, kuris i\u0161vardytas toliau. Taip pat pateikiamas \u012fmon\u0117s profilis ir atsiliepimai.<\/p>\n<p><strong>Tarptautinis perkraustymas<\/strong><\/p>\n<ul>\n<li> Paskirtas specialus klient\u0173 aptarnavimo koordinatorius<\/li>\n<li> I\u0161sami apklausa namuose<\/li>\n<li> Individualus persikraustymo planas<\/li>\n<li> Nuo dur\u0173 iki dur\u0173<\/li>\n<li> Tarptautiniu mastu apmokyti pakuotojai ir krov\u0117jai<\/li>\n<li> Geriausios kokyb\u0117s pakavimo med\u017eiagos<\/li>\n<li> Individualus \u012fpakavimas<\/li>\n<li> Koordinavimas su pirmaujan\u010diais licencijuotais pasauliniais ve\u017e\u0117jais<\/li>\n<li> Sand\u0117liavimo patalpos - kai kurios kontroliuojamos klimato kaitos<\/li>\n<li> Muitinis \u012fforminimas<\/li>\n<li> Pristatymas ir i\u0161pakavimas<\/li>\n<\/ul>\n<p><strong>Gyvenam\u0173j\u0173 nam\u0173 perkraustymai<\/strong><\/p>\n<ul>\n<li> Paslaugos nuo dur\u0173 iki dur\u0173<\/li>\n<li> Vienas kontaktinis asmuo viso persikraustymo metu<\/li>\n<li> Jei reikia, pakavimas ir i\u0161pakavimas<\/li>\n<li> Vietiniai, tolimieji ir tarptautiniai perkraustymai<\/li>\n<li> Ilgalaik\u0117s ir trumpalaik\u0117s saugyklos<\/li>\n<\/ul>\n<p><strong>Darbo vietos perk\u0117limai<\/strong><\/p>\n<ul>\n<li> Prie\u0161 ir po grind\u0173 planas<\/li>\n<li> I\u0161samus inventorius<\/li>\n<li> Ilgalaikis ir trumpalaikis saugojimas<\/li>\n<li> Kompiuteri\u0173 sistem\u0173 atjungimas ir pakartotinis prijungimas<\/li>\n<li> Bald\u0173 i\u0161ardymas ir surinkimas<\/li>\n<li> Atsakingas disponavimas turtu<\/li>\n<li> \u012emoni\u0173 b\u016bstini\u0173, biur\u0173 ir vienkartini\u0173 biur\u0173 perkraustymai.<\/li>\n<li> subrangov\u0173, duomen\u0173, telefonijos ir elektros koordinavimas.<\/li>\n<li> Tiksl\u016bs \u012frangos, \u017emoni\u0173, med\u017eiag\u0173 ir bendr\u0173 i\u0161laid\u0173 apskai\u010diavimai.<\/li>\n<li> \"Move-Add-Change\" (MAC) valdymas.<\/li>\n<li> Patikrinti biuro perk\u0117limo kontroliniai s\u0105ra\u0161ai, planavimas ir procesai.<\/li>\n<li> \u012era\u0161\u0173 saugojimas ir \u0161alinimas.<\/li>\n<li> Didelio tankio byl\u0173 sistemos ir saugojimo sprendimai.<\/li>\n<li> <a href=\"https:\/\/moverdb.com\/lt\/british-association-of-removers\/\" data-internallinksmanager029f6b8e52c=\"9\" title=\"Britanijos perkraustymo \u012fmoni\u0173 asociacijos (BAR) paai\u0161kinimai\">Baras<\/a>-koduoto inventoriaus valdymas.<\/li>\n<li> Perve\u017eimai visame pasaulyje, \u012fskaitant ma\u017eesni\u0173 nei sunkve\u017eimi\u0173, sunkve\u017eimi\u0173 krovini\u0173 ir furgon\u0173 paslaugas.<\/li>\n<li> Sand\u0117liavimo ir platinimo paslaugos.<\/li>\n<li> \"Just-In-Time\" pristatymo paslaugos.<\/li>\n<li> Vieno \u0161altinio logistikos paslaugos ir valdymas.<\/li>\n<li> Sistemini\u0173 bald\u0173 gabenimas, pristatymas, montavimas ir perkonfig\u016bravimas.<\/li>\n<li> Svetingumo pramon\u0117s bald\u0173, \u012frangos ir \u012frengim\u0173 (FF&amp;E) paslaugos.<\/li>\n<li> Sveikatos prie\u017ei\u016bros pramon\u0117s perkraustymo paslaugos.<\/li>\n<\/ul>\n<p><strong>\u012emoni\u0173, vyriausybi\u0173 ir kariuomeni\u0173 jud\u0117jimai<\/strong><\/p>\n<ul>\n<li> Kal\u0117jim\u0173 biuras<\/li>\n<li> Mar\u0161al\u0173 tarnyba<\/li>\n<li> Narkotik\u0173 kontrol\u0117s administracija (DEA)<\/li>\n<li> Veteran\u0173 reikal\u0173 departamentas (VA)<\/li>\n<li> Federalinis tyrim\u0173 biuras (FTB)<\/li>\n<li> Sura\u0161ymo biuras<\/li>\n<li> Lig\u0173 kontrol\u0117s ir prevencijos centrai (CDC)<\/li>\n<li> Vidaus pajam\u0173 tarnyba (IRS)<\/li>\n<\/ul>\n<h2>\"Graebel Van Lines\" \u012fmon\u0117s profilis<\/h2>\n<p>\"Graebel Van Lines\" yra did\u017eiausia privati <a href=\"https:\/\/moverdb.com\/lt\/moving-companies\/\" data-internallinksmanager029f6b8e52c=\"79\" title=\"Top 25 Tarptautin\u0117s perkraustymo \u012fmon\u0117s internete\">perkraustymo \u012fmon\u0117<\/a> \u012f <a href=\"https:\/\/moverdb.com\/lt\/moving-to-the-united-states\/\" data-internallinksmanager029f6b8e52c=\"94\" title=\"Persik\u0117limas \u012f Jungtines Amerikos Valstijas? 2022 Gyvenimo i\u0161laidos ir persik\u0117limo patarimai\">Jungtin\u0117s Amerikos Valstijos<\/a> o jos b\u016bstin\u0117 yra Auroroje, CO. Bendrov\u0117 jau 66 metus perve\u017ea \u0161eimas, \u012fmones, vyriausybinius ir karinius darbuotojus visame pasaulyje ir JAV. <\/p>\n<p>\u012emon\u0117 si\u016blo visapusi\u0161kas paslaugas, atitinkan\u010dias kiekvieno kliento poreikius, nesvarbu, ar tai b\u016bt\u0173 nedidelis darbas, pavyzd\u017eiui, biuro remontas, ar did\u017eiul\u0117 u\u017eduotis, pavyzd\u017eiui, ligonin\u0117s perk\u0117limas \u012f naujas patalpas.<\/p>\n<p>\"Graebel Van Lines\" turi 4 milijonus kvadratini\u0173 p\u0117d\u0173 sand\u0117liavimo patalp\u0173 visoje \u0161alyje ir eksploatuoja 828 perkraustymo transporto priemones. Visi bendrov\u0117s darbuotojai yra apmokyti pagal auk\u0161\u010diausius standartus.<\/p>\n<p>\"Graebel Van Lines\" priklausomyb\u0117 ir akreditacijos:<\/p>\n<ul>\n<li> <a href=\"https:\/\/moverdb.com\/lt\/ratlankio-remelis\/\">\"ProMover\"<\/a><\/li>\n<li> <a href=\"https:\/\/moverdb.com\/lt\/amsa\/\" target=\"_blank\" rel=\"noopener\">Amerikos perkraustymo ir saugojimo asociacija<\/a> (<a href=\"https:\/\/moverdb.com\/lt\/amsa\/\" data-internallinksmanager029f6b8e52c=\"5\" title=\"Amerikos jud\u0117jimo ir saugojimo asociacijos (AMSA) paai\u0161kinimai\">AMSA<\/a>)<\/li>\n<li> Tarptautinis biuro perkraustymo institutas (IOMI)<\/li>\n<\/ul>\n<h2>\"Graebel Van Lines\" atsiliepimai<\/h2>\n<p><strong>Teigiamas:<\/strong><\/p>\n<ul>\n<li> <em>\"Graebel Van Lines\" puikiai atliko mano perkraustymo darb\u0105. Jie perve\u017e\u0117 mane per trump\u0105 laik\u0105, laiku ir viskas atsid\u016br\u0117 ten, kur man reik\u0117jo.\" <\/em> - Michelle T per <a href=\"https:\/\/www.yelp.com\/biz\/graebel-van-lines-kent\" target=\"_blank\" rel=\"noopener\">\"Yelp\"<\/a><\/li>\n<li>  <em>\"Skelbiu tai, nes ma\u010diau daug blog\u0173 atsiliepim\u0173 apie \"Graebel's\", o mano patirtis buvo teigiama.\"<\/em> - Sue Sok per <a href=\"http:\/\/www.mymovingreviews.com\/movers\/graebel-406#28293\" target=\"_blank\" rel=\"noopener\">MyMovingReviews.com<\/a><\/li>\n<\/ul>\n<p><strong>Neigiamas:<\/strong><\/p>\n<ul>\n<li> \"<em>\"Graebel's\" paslaugomis naudojuosi jau tris kartus, ir kiekviena patirtis vis prastesn\u0117 ir prastesn\u0117.\"<\/em> - Michael C per <a href=\"http:\/\/www.yelp.com\/biz\/graebel-van-lines-san-jose?hrid=KdToWSepoqbs7wLCd4UE0A&#038;utm_campaign=www_review_share_popup&#038;utm_medium=copy_link&#038;utm_source=(direct)\" target=\"_blank\" rel=\"noopener\">\"Yelp\"<\/a> <\/li>\n<li> \"<em>Nerekomenduoju \u0161ios \u012fmon\u0117s!!!\"<\/em> Don Mcnasby per <a href=\"http:\/\/www.mymovingreviews.com\/movers\/graebel-406#47223\" target=\"_blank\" rel=\"noopener\">MyMovingReviews.com<\/a><\/li>\n<\/ul>\n<div itemprop=\"review\" itemscope itemtype=\"http:\/\/schema.org\/Review\">\n<span itemprop=\"author\" itemscope=\"\" itemtype=\"http:\/\/schema.org\/Organization\"><span itemprop=\"name\">MoverDB.com<\/span><\/span> Internetin\u0117s svetain\u0117s ap\u017evalga <span itemprop=\"itemreviewed\" itemscope=\"\" itemtype=\"http:\/\/schema.org\/Brand\"><span itemprop=\"name\">\"Graebel Van Lines<\/span><\/span>:<\/p>\n<ol>\n<li> Ai\u0161ki kontaktin\u0117 informacija svetain\u0117je (\u012fskaitant telefono numer\u012f): <strong>Taip<\/strong><\/li>\n<li> Lengva gauti <a href=\"https:\/\/moverdb.com\/lt\/citatos\/\">tarptautin\u0117s judan\u010dios citatos<\/a>? (internetin\u0117 s\u0105matos u\u017eklausos forma): <strong>Taip<\/strong><\/li>\n<li> Ai\u0161ki informacija svetain\u0117je: <strong>Kai kurie<\/strong>, Svetain\u0117je n\u0117ra daug i\u0161samios informacijos. Manoma, kad ji bus pateikta kartu su individualizuotu planu.<\/li>\n<li> Naryst\u0117 tarptautin\u0117se pripa\u017eintose jud\u0117jimo organizacijose: <strong>Taip<\/strong>, (\u017er. pirmiau)<\/li>\n<li> Klient\u0173 s\u0105ra\u0161as ir (arba) ankstesni\u0173 klient\u0173 atsiliepimai: <strong>Ne<\/strong> Ta\u010diau svetain\u0117je nurodoma, kad jie yra m\u0117gstami vyriausyb\u0117s ir \"Fortune 500\" bendrovi\u0173.<\/li>\n<\/ol>\n<div itemprop=\"reviewRating\" itemscope itemtype=\"http:\/\/schema.org\/Rating\"><meta itemprop=\"worstRating\" content = \"0\" \/><meta itemprop=\"bestRating\" content=\"5\" \/><meta itemprop=\"ratingValue\" content=\"3.5\"><\/div>\n<p><strong>Bendras \u012fvertinimas: 3,5\/5<\/strong><br \/>\n<strong>Per\u017ei\u016bros data:<\/strong> <span itemprop=\"datePublished\" content=\"2016-08-11\">11\/08\/2016<\/span>\n<\/div>\n<p>Skaitykite daugiau apie <a href=\"https:\/\/moverdb.com\/lt\/juda-imones\/\">tarptautiniai perkraustytojai<\/a>, <a href=\"https:\/\/moverdb.com\/lt\/us-kanada-persikraustymo-paslaugos\/\">Amerikos judan\u010dios \u012fmon\u0117s<\/a> ir m\u016bs\u0173 <a href=\"https:\/\/moverdb.com\/lt\/atsiliepimai\/\">per\u017ei\u016bros procesas<\/a>.<\/p>\n<p><strong>Interneto svetain\u0117:<\/strong> <a href=\"https:\/\/www.graebelmoving.com\" target=\"_blank\" rel=\"noopener\">https:\/\/www.graebelmoving.com<\/a><\/p>","protected":false},"excerpt":{"rendered":"<p>Graebel Van Lines is headquartered in Aurora, CO. The company offers its customers a wide range of services which are listed below. There also follows a company profile and reviews. International Moving A dedicated customer service coordinator is assigned Detailed in-home survey Customised move plan Door to door Internationally trained packers and loaders Finest quality [&hellip;]<\/p>\n","protected":false},"author":1,"featured_media":0,"parent":0,"menu_order":0,"comment_status":"closed","ping_status":"closed","template":"","meta":{"_genesis_hide_title":false,"_genesis_hide_breadcrumbs":false,"_genesis_hide_singular_image":false,"_genesis_hide_footer_widgets":false,"_genesis_custom_body_class":"","_genesis_custom_post_class":"","_genesis_layout":"","footnotes":""},"class_list":{"0":"post-1064","1":"page","2":"type-page","3":"status-publish","5":"entry"},"_links":{"self":[{"href":"https:\/\/moverdb.com\/lt\/wp-json\/wp\/v2\/pages\/1064","targetHints":{"allow":["GET"]}}],"collection":[{"href":"https:\/\/moverdb.com\/lt\/wp-json\/wp\/v2\/pages"}],"about":[{"href":"https:\/\/moverdb.com\/lt\/wp-json\/wp\/v2\/types\/page"}],"author":[{"embeddable":true,"href":"https:\/\/moverdb.com\/lt\/wp-json\/wp\/v2\/users\/1"}],"replies":[{"embeddable":true,"href":"https:\/\/moverdb.com\/lt\/wp-json\/wp\/v2\/comments?post=1064"}],"version-history":[{"count":6,"href":"https:\/\/moverdb.com\/lt\/wp-json\/wp\/v2\/pages\/1064\/revisions"}],"predecessor-version":[{"id":6216,"href":"https:\/\/moverdb.com\/lt\/wp-json\/wp\/v2\/pages\/1064\/revisions\/6216"}],"wp:attachment":[{"href":"https:\/\/moverdb.com\/lt\/wp-json\/wp\/v2\/media?parent=1064"}],"curies":[{"name":"wp","href":"https:\/\/api.w.org\/{rel}","templated":true}]}}