{"id":1062,"date":"2016-08-21T19:46:49","date_gmt":"2016-08-21T19:46:49","guid":{"rendered":"http:\/\/moverdb.com\/?page_id=1062"},"modified":"2026-01-08T14:47:31","modified_gmt":"2026-01-08T14:47:31","slug":"amj-campbell-van-lines","status":"publish","type":"page","link":"https:\/\/moverdb.com\/lt\/amj-campbell-van-lines\/","title":{"rendered":"\"AMJ Campbell Van Lines\": Campbell Campbell Campbell Campbell Club International\": Tarptautinio perkraustymo paslaugos ir ap\u017evalgos"},"content":{"rendered":"<p>\"AMJ Campbell Van Lines\" \u012fsik\u016brusi <a href=\"https:\/\/moverdb.com\/lt\/persikelimas-i-toronta\/\">Toronto<\/a>, <a href=\"https:\/\/moverdb.com\/lt\/moving-to-canada\/\" data-internallinksmanager029f6b8e52c=\"265\" title=\"Persik\u0117limas \u012f Kanad\u0105? 2023 m. gyvenimo i\u0161laidos ir persik\u0117limo patarimai\">Kanada<\/a> ir si\u016blo klientams \u012fvairias toliau i\u0161vardytas perkraustymo ir sand\u0117liavimo paslaugas. Taip pat pateikiamas \u012fmon\u0117s profilis ir atsiliepimai.<\/p>\n<p><strong>Tarptautinis perkraustymas<\/strong><\/p>\n<ul>\n<li> Visapusi\u0161kas aptarnavimas nuo dur\u0173 iki dur\u0173<\/li>\n<li> Profesionalus pakavimas ir i\u0161pakavimas<\/li>\n<li> Auk\u0161\u010diausios kokyb\u0117s pakavimo med\u017eiagos<\/li>\n<li> Atsarg\u0173 valdymas<\/li>\n<li> <a href=\"https:\/\/moverdb.com\/lt\/konteineriu-kroviniu-gabenimas\/\">Krovini\u0173 ve\u017eimas keliais, j\u016bra ir oru<\/a><\/li>\n<li> Pa\u017eangiausios jud\u0117jimo valdymo sistemos<\/li>\n<\/ul>\n<p><strong>Tarpvalstybinio perk\u0117limo paslaugos<\/strong><\/p>\n<ul>\n<li> Kanada \u012f <a href=\"https:\/\/moverdb.com\/lt\/moving-to-the-united-states\/\" data-internallinksmanager029f6b8e52c=\"94\" title=\"Persik\u0117limas \u012f Jungtines Amerikos Valstijas? 2022 Gyvenimo i\u0161laidos ir persik\u0117limo patarimai\">JAV<\/a> ir atvirk\u0161\u010diai<\/li>\n<\/ul>\n<p><strong>Gyvenam\u0173j\u0173 patalp\u0173 perkraustymas - vietinis arba tolimojo susisiekimo<\/strong><\/p>\n<ul>\n<li> Laiku pasiektas rezultatas<\/li>\n<li> Ra\u0161ytin\u0117 citata<\/li>\n<li> Skambutis telefonu dien\u0105 prie\u0161 persikraustym\u0105, kad patvirtintum\u0117te informacij\u0105<\/li>\n<li> Bet koki\u0173 pretenzij\u0173 d\u0117l \u017ealos atlyginimo patenkinimas per 30 dien\u0173<\/li>\n<li> Vis\u0173 mink\u0161t\u0173 bald\u0173 apsauga<\/li>\n<li> I\u0161montuot\u0173 bald\u0173 surinkimas i\u0161 naujo<\/li>\n<li> Grind\u0173 ir tur\u0117kl\u0173 apsauga<\/li>\n<li> Profesional\u016bs, mandag\u016bs darbuotojai<\/li>\n<li> Puikus klient\u0173 aptarnavimas<\/li>\n<\/ul>\n<p><strong>\u012emoni\u0173 perk\u0117limo paslaugos<\/strong><\/p>\n<ul>\n<li> Visos pakavimo paslaugos<\/li>\n<li> I\u0161krovimas<\/li>\n<li> Pilnas aptarnaujamas i\u0161pakavimas<\/li>\n<\/ul>\n<p><strong>Biuro perkraustymas<\/strong><\/p>\n<ul>\n<li> Perkraustymo planavimo paslauga<\/li>\n<li> kruop\u0161tus vis\u0173 preki\u0173 \u017eenklinimas<\/li>\n<li> Ekspertinis pakavimas<\/li>\n<li> Ekspertinis jautrios \u012frangos ir kompiuteri\u0173 perk\u0117limas<\/li>\n<\/ul>\n<p><strong>Specializuotos paslaugos<\/strong><\/p>\n<ul>\n<li> Biur\u0173 interjerai<\/li>\n<li> Sand\u0117lio perk\u0117limas<\/li>\n<li> Bald\u0173 montavimas<\/li>\n<li> Smulkinimas<\/li>\n<\/ul>\n<p><strong>Saugykla<\/strong><\/p>\n<ul>\n<li> Trumpalaikis iki 60 dien\u0173<\/li>\n<li> Ilgalaikis<\/li>\n<li> \u0160varios, saugios ir gerai valdomos patalpos<\/li>\n<li> Sud\u0117tingi sekimo prietaisai<\/li>\n<li> Savaranki\u0161kas saugojimas<\/li>\n<li> Komercini\u0173 dokument\u0173 saugojimas<\/li>\n<\/ul>\n<h2>\"AMJ Campbell Van Lines\" \u012fmon\u0117s profilis<\/h2>\n<p>\"AMJ Campbell Van Lines\" duris atv\u0117r\u0117 1934 m. kaip \"MJ Campbell and Moving\" ir buvo \u0161eimos verslas. \u012emon\u0117 daugiausia d\u0117mesio skyr\u0117 \u017emoni\u0173 perve\u017eimui i\u0161 vienos Kanados provincijos \u012f kit\u0105 bei i\u0161 JAV \u012f Kanad\u0105. Nuo to laiko ji i\u0161augo ir tapo did\u017eiausia <a href=\"https:\/\/moverdb.com\/lt\/moving-companies\/\" data-internallinksmanager029f6b8e52c=\"79\" title=\"Top 25 Tarptautin\u0117s perkraustymo \u012fmon\u0117s internete\">perkraustymo \u012fmon\u0117<\/a> Kanadoje, perve\u017eant \u017emones vietos ir tarptautiniu mastu.<\/p>\n<p>\"Campbell's\" dirba daugiau kaip 2800 darbuotoj\u0173, kurie dirba 50 skirting\u0173 Kanados viet\u0173. \u0160iuo metu tai privati bendrov\u0117, kuri 1980-aisiais tapo vie\u0161ai prieinama ir yra daugiamilijonin\u0117 \u012fmon\u0117. <\/p>\n<p>AMJ Campbell akreditacijos ir priklausomyb\u0117:<\/p>\n<ul>\n<li> <a href=\"https:\/\/moverdb.com\/lt\/fidi-faim\/\">FIDI<\/a><\/li>\n<li> <a href=\"https:\/\/moverdb.com\/lt\/fidi-faim\/\" data-internallinksmanager029f6b8e52c=\"16\" title=\"FIDI ir FAIM (FIDI akredituotas tarptautinis perve\u017e\u0117jas) paai\u0161kinimai\">FAIM<\/a><\/li>\n<li> <a href=\"https:\/\/moverdb.com\/lt\/kanados-perkraustytoju-asociacija\/\">Kanados u\u017ej\u016brio jud\u0117jimo asociacija<\/a> (COMA) <\/li>\n<li> <a href=\"https:\/\/moverdb.com\/lt\/lacma\/\">Lotyn\u0173 Amerikos ir Karib\u0173 j\u016bros regiono jud\u0117toj\u0173 asociacija<\/a> (<a href=\"https:\/\/moverdb.com\/lt\/lacma\/\" data-internallinksmanager029f6b8e52c=\"28\" title=\"Lotyn\u0173 Amerikos ir Karib\u0173 j\u016bros regiono tarptautini\u0173 perkraustytoj\u0173 asociacija (LACMA)\">LACMA<\/a>)<\/li>\n<li> \"Householders Goods Forwarders of America\" (HAGFAA)<\/li>\n<li> BBB akredituotas verslas A+<\/li>\n<\/ul>\n<h2>\"AMJ Campbell Van Lines\" atsiliepimai<\/h2>\n<p><strong>Teigiamas:<\/strong><\/p>\n<ul>\n<li> <em>Buvome labai su\u017eav\u0117ti po\u017ei\u016briu, bendradarbiavimu ir bendru malonumu dirbti su tokia puikia \u017emoni\u0173 grupe.<\/em> - per AMJ Campbell <a href=\"http:\/\/www.amjcampbell.com\/about-us-2\/customer-reviews\/\" target=\"_blank\" rel=\"noopener\">klient\u0173 atsiliepimai<\/a><\/li>\n<li> <em>\"Kreipiausi \u012f \"AMJ\" d\u0117l persikraustymo i\u0161 miesto \u012f miest\u0105 ir likau labai patenkintas visa patirtimi.\"<\/em> - Rebecca G per <a href=\"https:\/\/homestars.com\/companies\/195139-amj-campbell\/reviews\/309471\" target=\"_blank\" rel=\"noopener\">HomeStars<\/a><\/li>\n<li> <em>\"Pasirinkau \"AMJ Campbell\" savo baldams perve\u017eti i\u0161 <a href=\"https:\/\/moverdb.com\/lt\/moving-to-toronto\/\" data-internallinksmanager029f6b8e52c=\"71\" title=\"Persikraustote \u012f Toront\u0105? 2023 m. pragyvenimo i\u0161laidos ir persikraustymo patarimai\">Toronto<\/a> \u012f <a href=\"https:\/\/moverdb.com\/lt\/moving-to-canada\/moving-to-montreal\/\" data-internallinksmanager029f6b8e52c=\"410\" title=\"Persik\u0117limas \u012f Monreal\u012f? 2023 Gyvenimo i\u0161laidos ir persik\u0117limo patarimai\">Monrealis<\/a> 2013 m. Nemaniau, kad persikraustymas bus toks lengvas, kaip jie tai padar\u0117.\"<\/em> - Reem per <a href=\"http:\/\/www.mymovingreviews.com\/movers\/amj-campbell-van-lines-1281#15661\" target=\"_blank\" rel=\"noopener\">MyMovingReviews.com<\/a> <\/li>\n<li> <em>\"AMJ\" pad\u0117jo mums su vyru persikraustyti Kanados dien\u0105 - nors u\u017e persikraustym\u0105 per valstyb\u0117s \u0161vent\u0119 sumok\u0117jome priemok\u0105, ji buvo verta kiekvieno cento.<\/em> - Renee M. per <a href=\"http:\/\/www.yelp.co.uk\/biz\/amj-campbell-van-lines-vancouver?hrid=g252Zt8_i0oO1eStByhl0A&#038;utm_campaign=www_review_share_popup&#038;utm_medium=copy_link&#038;utm_source=(direct)\" target=\"_blank\" rel=\"noopener\">\"Yelp\"<\/a><\/li>\n<\/ul>\n<p><strong>Neigiamas:<\/strong><\/p>\n<ul>\n<li> <em>\"Taupykite sveik\u0105 prot\u0105 ir pinigus. Visa \"AMJ Campbell\" komanda yra absoliu\u010diai blogiausia.\"<\/em> - Labai nepatenkinti <a href=\"https:\/\/moverdb.com\/lt\/moving-to-canada\/moving-to-vancouver\/\" data-internallinksmanager029f6b8e52c=\"438\" title=\"Persikraustote \u012f Vankuver\u012f? 2023 m. pragyvenimo i\u0161laidos ir persik\u0117limo patarimai\">Vankuveris<\/a> per <a href=\"https:\/\/homestars.com\/companies\/195139-amj-campbell\/reviews\/450056\" target=\"_blank\" rel=\"noopener\">HomeStars<\/a><\/li>\n<li> <em>\"Buvo tikrai gaila tur\u0117ti reikal\u0173 su \u0161ia nes\u0105\u017eininga bendrove.\"<\/em> - Maheris per <a href=\"http:\/\/www.mymovingreviews.com\/movers\/amj-campbell-van-lines-1281#54125\" target=\"_blank\" rel=\"noopener\">MyMovingReviews.com<\/a> <\/li>\n<li> <em>J\u0173 vairuotojas buvo labai nepatiklus ir neprofesionalus.<\/em> - SA S. per <a href=\"http:\/\/www.yelp.co.uk\/biz\/amj-campbell-van-lines-vancouver?hrid=8M5PJ1TTLqQx72k6lEsKLA&#038;utm_campaign=www_review_share_popup&#038;utm_medium=copy_link&#038;utm_source=(direct)\" target=\"_blank\" rel=\"noopener\">\"Yelp\"<\/a><\/li>\n<\/ul>\n<div itemprop=\"review\" itemscope itemtype=\"http:\/\/schema.org\/Review\">\n<span itemprop=\"author\" itemscope=\"\" itemtype=\"http:\/\/schema.org\/Organization\"><span itemprop=\"name\">MoverDB.com<\/span><\/span> Internetin\u0117s svetain\u0117s ap\u017evalga <span itemprop=\"itemreviewed\" itemscope=\"\" itemtype=\"http:\/\/schema.org\/Brand\"><span itemprop=\"name\">\"AMJ Campbell Van Lines<\/span><\/span>:<\/p>\n<ol>\n<li> Ai\u0161ki kontaktin\u0117 informacija svetain\u0117je (\u012fskaitant telefono numer\u012f): <strong>Taip<\/strong><\/li>\n<li> Lengva gauti <a href=\"https:\/\/moverdb.com\/lt\/citatos\/\">tarptautin\u0117s judan\u010dios citatos<\/a>? (internetin\u0117 s\u0105matos u\u017eklausos forma): <strong>Taip<\/strong><\/li>\n<li> Ai\u0161ki informacija svetain\u0117je: <strong>Taip<\/strong>, nors ne visada lengviausia rasti.<\/li>\n<li> Naryst\u0117 tarptautin\u0117se pripa\u017eintose jud\u0117jimo organizacijose: <strong>Taip<\/strong>, (\u017er. pirmiau)<\/li>\n<li> Klient\u0173 s\u0105ra\u0161as ir (arba) ankstesni\u0173 klient\u0173 atsiliepimai. <strong>Taip,<\/strong> abiejose svetain\u0117se pateikiami klient\u0173 atsiliepimai ir ap\u017evalgos.<\/li>\n<\/ol>\n<div itemprop=\"reviewRating\" itemscope itemtype=\"http:\/\/schema.org\/Rating\"><meta itemprop=\"worstRating\" content = \"0\" \/><meta itemprop=\"bestRating\" content=\"5\" \/><meta itemprop=\"ratingValue\" content=\"4.5\"><\/div>\n<p><strong>Bendras \u012fvertinimas: 4,5\/5<\/strong><br \/>\n<strong>Per\u017ei\u016bros data:<\/strong> <span itemprop=\"datePublished\" content=\"2016-08-21\">21\/08\/2016<\/span>\n<\/div>\n<p>Skaitykite daugiau apie <a href=\"https:\/\/moverdb.com\/lt\/juda-imones\/\">tarptautin\u0117s perkraustymo \u012fmon\u0117s<\/a>, <a href=\"https:\/\/moverdb.com\/lt\/us-kanada-persikraustymo-paslaugos\/\">Kanados perkraustymo \u012fmon\u0117s<\/a> ir m\u016bs\u0173 <a href=\"https:\/\/moverdb.com\/lt\/atsiliepimai\/\">per\u017ei\u016bros procesas<\/a>.<\/p>\n<p><strong>Interneto svetain\u0117:<\/strong> Vidaus rinkoje: <a href=\"http:\/\/www.amjcampbell.com\" target=\"_blank\" rel=\"noopener\">http:\/\/www.amjcampbell.com<\/a>, Tarptautin\u0117: <a href=\"http:\/\/amj-international.com\" target=\"_blank\" rel=\"noopener\">http:\/\/amj-international.com<\/a><\/p>","protected":false},"excerpt":{"rendered":"<p>AMJ Campbell Van Lines is based in Toronto, Canada and it offers its customers various moving and storage services which are listed below. There is also a company profile and reviews for your information. International Moving Door to door full service Professional packing and unpacking Highest quality packing materials Inventory management Road, sea and air [&hellip;]<\/p>\n","protected":false},"author":1,"featured_media":0,"parent":0,"menu_order":0,"comment_status":"closed","ping_status":"closed","template":"","meta":{"_genesis_hide_title":false,"_genesis_hide_breadcrumbs":false,"_genesis_hide_singular_image":false,"_genesis_hide_footer_widgets":false,"_genesis_custom_body_class":"","_genesis_custom_post_class":"","_genesis_layout":"","footnotes":""},"class_list":{"0":"post-1062","1":"page","2":"type-page","3":"status-publish","5":"entry"},"_links":{"self":[{"href":"https:\/\/moverdb.com\/lt\/wp-json\/wp\/v2\/pages\/1062","targetHints":{"allow":["GET"]}}],"collection":[{"href":"https:\/\/moverdb.com\/lt\/wp-json\/wp\/v2\/pages"}],"about":[{"href":"https:\/\/moverdb.com\/lt\/wp-json\/wp\/v2\/types\/page"}],"author":[{"embeddable":true,"href":"https:\/\/moverdb.com\/lt\/wp-json\/wp\/v2\/users\/1"}],"replies":[{"embeddable":true,"href":"https:\/\/moverdb.com\/lt\/wp-json\/wp\/v2\/comments?post=1062"}],"version-history":[{"count":6,"href":"https:\/\/moverdb.com\/lt\/wp-json\/wp\/v2\/pages\/1062\/revisions"}],"predecessor-version":[{"id":6172,"href":"https:\/\/moverdb.com\/lt\/wp-json\/wp\/v2\/pages\/1062\/revisions\/6172"}],"wp:attachment":[{"href":"https:\/\/moverdb.com\/lt\/wp-json\/wp\/v2\/media?parent=1062"}],"curies":[{"name":"wp","href":"https:\/\/api.w.org\/{rel}","templated":true}]}}