{"id":1060,"date":"2016-08-21T20:38:32","date_gmt":"2016-08-21T20:38:32","guid":{"rendered":"http:\/\/moverdb.com\/?page_id=1060"},"modified":"2026-01-08T15:20:47","modified_gmt":"2026-01-08T15:20:47","slug":"suddath","status":"publish","type":"page","link":"https:\/\/moverdb.com\/lt\/suddath\/","title":{"rendered":"Sud\u0117tinga: Tarptautinis perkraustymas ir perk\u0117limas Atsiliepimai"},"content":{"rendered":"<p>\"Suddath\" savo klientams si\u016blo visas perkraustymo ir saugojimo paslaugas tarptautiniu ir vietiniu mastu. Toliau pateikiamas j\u0173 s\u0105ra\u0161as, \u012fmon\u0117s profilis ir atsiliepimai.<\/p>\n<p><strong>Tarptautinis perkraustymas ir saugojimas<\/strong><\/p>\n<ul>\n<li> Nam\u0173 apyvokos daikt\u0173 siuntimas<\/li>\n<li> Paskirtas jud\u0117jimo konsultantas<\/li>\n<li> Rinkinys prie\u0161 persikraustym\u0105<\/li>\n<li> Muitin\u0117s informacija ir konsultacijos<\/li>\n<li> Informacija apie paskirties viet\u0105<\/li>\n<li> Sand\u0117liavimo patalpos<\/li>\n<li> Vertinimo arba draudimo konsultacijos<\/li>\n<\/ul>\n<p><strong>\u012emoni\u0173 perk\u0117limo politikos ir program\u0173 valdymas<\/strong><\/p>\n<ul>\n<li> Perk\u0117limo politikos per\u017ei\u016bra ir (arba) k\u016brimas<\/li>\n<li> Politikos administravimas<\/li>\n<li> Dedikuota, patyrusi paskyr\u0173 valdymo komanda<\/li>\n<li> Kokyb\u0117s u\u017etikrinimo programa su i\u0161matuojamais rodikliais<\/li>\n<li> Prieiga internetu arba ataskait\u0173 teikimas ir siunt\u0173 steb\u0117jimas<\/li>\n<\/ul>\n<p><strong>Kitos pasaulinio judumo paslaugos<\/strong><\/p>\n<ul>\n<li> Visuotin\u0117s politikos lyginamoji analiz\u0117, per\u017ei\u016bra ir k\u016brimas<\/li>\n<li> I\u0161vykimo ir nam\u0173 pardavimo paslaugos<\/li>\n<li> I\u0161laid\u0173 prognoz\u0117s<\/li>\n<li> Kandidat\u0173 vertinimas<\/li>\n<li> Konsultacijos mokes\u010di\u0173 ir socialin\u0117s apsaugos klausimais<\/li>\n<li> Nuolatin\u0117s u\u017eduo\u010di\u0173 paslaugos<\/li>\n<li> Kelion\u0117 prie\u0161 paskyrim\u0105<\/li>\n<li> Tarpkult\u016brinis, verslo supratimas ir kalb\u0173 mokymas<\/li>\n<li> Automobili\u0173 lizingas arba finansavimas<\/li>\n<li> Mokykl\u0173 paie\u0161ka<\/li>\n<li> Repatriacijos programa<\/li>\n<\/ul>\n<p><strong>Pasaulio vyriausyb\u0117 Perkraustymas ir saugojimas<\/strong><\/p>\n<ul>\n<li> Visapusi\u0161kos paslaugos, skirtos vyriausybei ir kariuomenei<\/li>\n<\/ul>\n<p><strong><a href=\"https:\/\/moverdb.com\/lt\/moving-to-the-united-states\/\" data-internallinksmanager029f6b8e52c=\"94\" title=\"Persik\u0117limas \u012f Jungtines Amerikos Valstijas? 2022 Gyvenimo i\u0161laidos ir persik\u0117limo patarimai\">JAV<\/a> Gyvenam\u0173j\u0173 patalp\u0173 perkraustymas ir saugojimas<\/strong><\/p>\n<p><strong>\u012emoni\u0173 perk\u0117limas<\/strong><\/p>\n<ul>\n<li> Jud\u0117jimo politikos vertinimas ir konsultacijos<\/li>\n<li> Perk\u0117limo valdymas<\/li>\n<li> Grup\u0117s jud\u0117jimas<\/li>\n<li> Vienas kontaktinis asmuo<\/li>\n<li> Nam\u0173 apyvokos daikt\u0173 gabenimas<\/li>\n<li> Kitos persik\u0117limo paslaugos (\u012fskaitant su nekilnojamuoju turtu susijusias paslaugas, hipotekas, b\u016bsto paie\u0161kas, paskirties paslaugas)<\/li>\n<\/ul>\n<p><strong>Gyvenamosios paskirties, privatus perk\u0117limas<\/strong><\/p>\n<ul>\n<li> Prie\u0161 persikraustym\u0105 sudaryta s\u0105mata<\/li>\n<li> Specialus perkraustymo koordinatorius<\/li>\n<li> pakavimo paslaugos (kilm\u0117s ir paskirties vietoje)<\/li>\n<li> Pakavimo reikmenys<\/li>\n<li> Siuntos steb\u0117jimas<\/li>\n<li> Saugojimo paslaugos<\/li>\n<li> Perkraustymo ir su nekilnojamuoju turtu susijusios paslaugos<\/li>\n<\/ul>\n<h2>Suddath \u012fmon\u0117s profilis<\/h2>\n<p>\"Suddath\", \"Suddath Van Lines\" ir \"Suddath Relocations Systems\" yra 1919 m. D\u017eeksonvilyje \u012fsik\u016brusios \u012fmon\u0117s, <a href=\"https:\/\/moverdb.com\/lt\/moving-to-the-united-states\/moving-to-florida\/\" data-internallinksmanager029f6b8e52c=\"331\" title=\"Persik\u0117limas \u012f Florid\u0105? 2023 m. gyvenimo i\u0161laidos ir persik\u0117limo patarimai\">Florida<\/a> Carlas Suddathas, prad\u0117j\u0119s veikl\u0105 su vienu furgonu, dviem mulais ir dviem turistiniais automobiliais, kad gal\u0117t\u0173 aptarnauti nauj\u0105j\u0105 kino pramon\u0119. Dabar jie turi biurus JAV ir <a href=\"https:\/\/moverdb.com\/lt\/moving-to-canada\/\" data-internallinksmanager029f6b8e52c=\"265\" title=\"Persik\u0117limas \u012f Kanad\u0105? 2023 m. gyvenimo i\u0161laidos ir persik\u0117limo patarimai\">Kanada<\/a> ir didel\u012f atstov\u0173 tinkl\u0105 visame pasaulyje.<\/p>\n<p>\"Suddath\" per metus tarptautiniu ir vietiniu mastu atlieka daugiau kaip 75 000 perkraustym\u0173, skirt\u0173 privatiems asmenims, \u012fmon\u0117ms, vyriausybei ir kariuomenei. <\/p>\n<p>Jie did\u017eiuojasi, kad tarp j\u0173 svarbiausi\u0173 klient\u0173 yra keletas \"Fortune 500\" bendrovi\u0173 ir JAV vyriausyb\u0117. \"Suddath\" teikia visas paslaugas - nuo pirmojo pasi\u016blymo iki i\u0161pakavimo ir perkraustymo paslaug\u0173.<\/p>\n<p>Suddath turi \u0161ias akreditacijas ir naryst\u0119:<\/p>\n<ul>\n<li> <a href=\"https:\/\/moverdb.com\/lt\/fidi-faim\/\">FIDI<\/a><\/li>\n<li> Tarptautinis u\u017ej\u016brio jud\u0117jimo tinklas (OMNI)<\/li>\n<li> <a href=\"https:\/\/moverdb.com\/lt\/esu\/\">Tarptautin\u0117 perkraustytoj\u0173 asociacija<\/a> (<a href=\"https:\/\/moverdb.com\/lt\/iam\/\" data-internallinksmanager029f6b8e52c=\"23\" title=\"Tarptautin\u0117s perkraustytoj\u0173 asociacijos (IAM) paai\u0161kinimai\">IAM<\/a>)<\/li>\n<li> <a href=\"https:\/\/moverdb.com\/lt\/lacma\/\" target=\"_blank\" rel=\"noopener\">Lotyn\u0173 Amerikos ir Karib\u0173 j\u016bros regiono tarptautini\u0173 perkraustytoj\u0173 asociacija<\/a> (<a href=\"https:\/\/moverdb.com\/lt\/lacma\/\" data-internallinksmanager029f6b8e52c=\"28\" title=\"Lotyn\u0173 Amerikos ir Karib\u0173 j\u016bros regiono tarptautini\u0173 perkraustytoj\u0173 asociacija (LACMA)\">LACMA<\/a>)<\/li>\n<li> Panamerikos tarptautini\u0173 perve\u017e\u0117j\u0173 asociacija (PAIMA)<\/li>\n<li> <a href=\"https:\/\/moverdb.com\/lt\/britu-salintoju-asociacija\/\" target=\"_blank\" rel=\"noopener\">Did\u017eiosios Britanijos perkraustytoj\u0173 asociacija<\/a> (<a href=\"https:\/\/moverdb.com\/lt\/british-association-of-removers\/\" data-internallinksmanager029f6b8e52c=\"9\" title=\"Britanijos perkraustymo \u012fmoni\u0173 asociacijos (BAR) paai\u0161kinimai\">BAR<\/a>)<\/li>\n<li> <a href=\"https:\/\/moverdb.com\/lt\/darbuotoju-perkelimo-taryba\/\" target=\"_blank\" rel=\"noopener\">Pasaulin\u0117 ERC<\/a><\/li>\n<li> \u017dmogi\u0161k\u0173j\u0173 i\u0161tekli\u0173 valdymo draugija (SHRM)<\/li>\n<li> Prekybos su klientais partneryst\u0117 prie\u0161 terorizm\u0105 (C-TPAT)<\/li>\n<li> <a href=\"https:\/\/moverdb.com\/lt\/iata\/\" target=\"_blank\" rel=\"noopener\">IATA<\/a><\/li>\n<li> Geresnio verslo biuras (BBB)<\/li>\n<li> ISO 9001-2008<\/li>\n<li> \"Brookfield Global\" perk\u0117limo paslaugos<\/li>\n<li> <a href=\"https:\/\/moverdb.com\/lt\/fidi-faim\/\" data-internallinksmanager029f6b8e52c=\"16\" title=\"FIDI ir FAIM (FIDI akredituotas tarptautinis perve\u017e\u0117jas) paai\u0161kinimai\">FAIM<\/a> Plius<\/li>\n<li> Sertifikuotas biuro perkraustytojas - Tarptautinis biuro perkraustymo institutas<\/li>\n<li> <a href=\"https:\/\/moverdb.com\/lt\/ratlankio-remelis\/\" target=\"_blank\" rel=\"noopener\">\"ProMover\"<\/a><\/li>\n<li> Bendr\u0173j\u0173 paslaug\u0173 administracija (GSA)<\/li>\n<\/ul>\n<p><strong>Suddath Moving Atsiliepimai<\/strong><\/p>\n<p><strong>Teigiamas:<\/strong><\/p>\n<ul>\n<li> <em>\"Jie man pad\u0117jo kiekviename persikraustymo proceso etape.\"<\/em> - Alanas H per <a href=\"http:\/\/www.yelp.com\/biz\/suddath-relocation-systems-jacksonville-3?hrid=aZPhVuYjTxAl3ImKZTmp1A&#038;utm_campaign=www_review_share_popup&#038;utm_medium=copy_link&#038;utm_source=(direct)\" target=\"_blank\" rel=\"noopener\">\"Yelp\"<\/a><\/li>\n<li> <em>\"Suddath\" atliko puik\u0173 darb\u0105 nuo prad\u017eios iki galo - nuo kontakto, apklausos, pakrovimo iki i\u0161krovimo, be to, jie laik\u0117si grafiko. Ypatingas a\u010di\u016b keturiems vaikinams ir vairuotojui, kurie atliko sunkiuosius darbus.\"<\/em> - Wayne Ernest per <a href=\"http:\/\/reviews.birdeye.com\/suddath-relocation-systems-388913888\" target=\"_blank\" rel=\"noopener\">\"BirdEye\"<\/a> <\/li>\n<\/ul>\n<p><strong>Neigiamas:<\/strong><\/p>\n<ul>\n<li> <em>\"Po keli\u0173 elektronini\u0173 lai\u0161k\u0173 \"Suddath\" \u017emon\u0117s pasi\u016bl\u0117 man $2,350 u\u017e mano $7,500 vert\u0117s tr\u016bkstamus daiktus.\" <\/em>Aaron C per <a href=\"http:\/\/www.yelp.com\/biz\/suddath-relocation-systems-jacksonville-3?hrid=NyswOKGKwwPmsuorvGtzew&#038;utm_campaign=www_review_share_popup&#038;utm_medium=copy_link&#038;utm_source=(direct)\" target=\"_blank\" rel=\"noopener\">\"Yelp\"<\/a> <\/li>\n<li> \"Per pastaruosius 15 met\u0173 persik\u0117liau kelis kartus ir tai buvo pats blogiausias <a href=\"https:\/\/moverdb.com\/lt\/moving-companies\/\" data-internallinksmanager029f6b8e52c=\"79\" title=\"Top 25 Tarptautin\u0117s perkraustymo \u012fmon\u0117s internete\">perkraustymo \u012fmon\u0117<\/a> su kuriais man yra tek\u0119 susidurti.\" - Peter Burgess per <a href=\"http:\/\/www.mymovingreviews.com\/movers\/suddath-120#26803\" target=\"_blank\" rel=\"noopener\">MyMovingReviews.com<\/a><\/li>\n<\/ul>\n<div itemprop=\"review\" itemscope itemtype=\"http:\/\/schema.org\/Review\">\n<span itemprop=\"author\" itemscope=\"\" itemtype=\"http:\/\/schema.org\/Organization\"><span itemprop=\"name\">MoverDB.com<\/span><\/span> Internetin\u0117s svetain\u0117s ap\u017evalga <span itemprop=\"itemreviewed\" itemscope=\"\" itemtype=\"http:\/\/schema.org\/Brand\"><span itemprop=\"name\">Suddath<\/span><\/span>:<\/p>\n<ol>\n<li> Ai\u0161ki kontaktin\u0117 informacija svetain\u0117je (\u012fskaitant telefono numer\u012f): <strong>Taip<\/strong><\/li>\n<li> Lengva gauti <a href=\"https:\/\/moverdb.com\/lt\/citatos\/\">tarptautin\u0117s judan\u010dios citatos<\/a>? (internetin\u0117 s\u0105matos u\u017eklausos forma): <strong>Taip<\/strong><\/li>\n<li> Ai\u0161ki informacija svetain\u0117je: <strong>Dalinis<\/strong>, Svetain\u0117je yra daug puslapi\u0173, ta\u010diau dauguma informacijos yra gana bendro pob\u016bd\u017eio.<\/li>\n<li> Naryst\u0117 tarptautin\u0117se pripa\u017eintose jud\u0117jimo organizacijose: <strong>Taip<\/strong>, daug, \u017er. pirmiau<\/li>\n<li> Klient\u0173 s\u0105ra\u0161as ir (arba) ankstesni\u0173 klient\u0173 atsiliepimai: <strong>Kai kurie,<\/strong> pateikiama atvej\u0173 analiz\u0117, bet ne i\u0161samios ap\u017evalgos ar atsiliepimai.<\/li>\n<\/ol>\n<div itemprop=\"reviewRating\" itemscope itemtype=\"http:\/\/schema.org\/Rating\"><meta itemprop=\"worstRating\" content = \"0\" \/><meta itemprop=\"bestRating\" content=\"5\" \/><meta itemprop=\"ratingValue\" content=\"4\"><\/div>\n<p><strong>Bendras \u012fvertinimas: 4\/5<\/strong><br \/>\n<strong>Per\u017ei\u016bros data:<\/strong> <span itemprop=\"datePublished\" content=\"2016-08-21\">21\/08\/2016<\/span>\n<\/div>\n<p>Skaitykite daugiau apie <a href=\"https:\/\/moverdb.com\/lt\/juda-imones\/\">tarptautiniai perkraustytojai<\/a>, <a href=\"https:\/\/moverdb.com\/lt\/us-kanada-persikraustymo-paslaugos\/\">\u0160iaur\u0117s Amerikos kraustytojai<\/a> ir m\u016bs\u0173 <a href=\"https:\/\/moverdb.com\/lt\/atsiliepimai\/\">per\u017ei\u016bros procesas<\/a>.<\/p>\n<p><strong>Interneto svetain\u0117:<\/strong> <a href=\"http:\/\/suddath.com\" target=\"_blank\" rel=\"noopener\">http:\/\/suddath.com<\/a><\/p>","protected":false},"excerpt":{"rendered":"<p>Suddath offers its clients full service moving and storage both internationally and locally. These are listed below, together with a company profile and reviews. International Moving and Storage Shipment of household goods Assigned move counsellor Pre-move kit Customs information and counselling Destination information Storage facilities Valuation or insurance counselling Corporate relocation policy and program management [&hellip;]<\/p>\n","protected":false},"author":1,"featured_media":0,"parent":0,"menu_order":0,"comment_status":"closed","ping_status":"closed","template":"","meta":{"_genesis_hide_title":false,"_genesis_hide_breadcrumbs":false,"_genesis_hide_singular_image":false,"_genesis_hide_footer_widgets":false,"_genesis_custom_body_class":"","_genesis_custom_post_class":"","_genesis_layout":"","footnotes":""},"class_list":{"0":"post-1060","1":"page","2":"type-page","3":"status-publish","5":"entry"},"_links":{"self":[{"href":"https:\/\/moverdb.com\/lt\/wp-json\/wp\/v2\/pages\/1060","targetHints":{"allow":["GET"]}}],"collection":[{"href":"https:\/\/moverdb.com\/lt\/wp-json\/wp\/v2\/pages"}],"about":[{"href":"https:\/\/moverdb.com\/lt\/wp-json\/wp\/v2\/types\/page"}],"author":[{"embeddable":true,"href":"https:\/\/moverdb.com\/lt\/wp-json\/wp\/v2\/users\/1"}],"replies":[{"embeddable":true,"href":"https:\/\/moverdb.com\/lt\/wp-json\/wp\/v2\/comments?post=1060"}],"version-history":[{"count":6,"href":"https:\/\/moverdb.com\/lt\/wp-json\/wp\/v2\/pages\/1060\/revisions"}],"predecessor-version":[{"id":6242,"href":"https:\/\/moverdb.com\/lt\/wp-json\/wp\/v2\/pages\/1060\/revisions\/6242"}],"wp:attachment":[{"href":"https:\/\/moverdb.com\/lt\/wp-json\/wp\/v2\/media?parent=1060"}],"curies":[{"name":"wp","href":"https:\/\/api.w.org\/{rel}","templated":true}]}}