{"id":1059,"date":"2016-08-21T14:56:28","date_gmt":"2016-08-21T14:56:28","guid":{"rendered":"http:\/\/moverdb.com\/?page_id=1059"},"modified":"2026-01-08T14:47:35","modified_gmt":"2026-01-08T14:47:35","slug":"arpin-van-lines","status":"publish","type":"page","link":"https:\/\/moverdb.com\/lt\/arpin-van-lines\/","title":{"rendered":"\"Arpin Van Lines\": Perkraustymo paslaugos ir ap\u017evalgos"},"content":{"rendered":"<p>\"Arpin Van Lines\" \u012fsik\u016brusi Vest Vorvike (West Warwick, RI) ir savo klientams si\u016blo plat\u0173 paslaug\u0173 spektr\u0105 tiek tarptautiniu, tiek vietiniu mastu. \u0160ios paslaugos i\u0161vardytos toliau kartu su \u012fmon\u0117s profiliu ir atsiliepimais. Tarptautin\u012f perkraustym\u0105 taip pat vykdo <a href=\"https:\/\/moverdb.com\/lt\/arpin-international\/\">\"Arpin International<\/a>.<\/p>\n<p><strong>Tarptautiniai perkraustymai<\/strong><\/p>\n<ul>\n<li> Daugiakult\u016bris ir daugiakalbis personalas<\/li>\n<li> Specialus tarptautini\u0173 perkraustym\u0173 koordinatorius<\/li>\n<li> Nuo dur\u0173 iki dur\u0173<\/li>\n<li> Pakavimas ir i\u0161pakavimas<\/li>\n<li> Bald\u0173 ir (arba) preki\u0173 i\u0161ardymas ir surinkimas<\/li>\n<li> Pagalba muitin\u0117je<\/li>\n<li> Perk\u0117limai per sien\u0105 - <a href=\"https:\/\/moverdb.com\/lt\/moving-to-canada\/\" data-internallinksmanager029f6b8e52c=\"265\" title=\"Persik\u0117limas \u012f Kanad\u0105? 2023 m. gyvenimo i\u0161laidos ir persik\u0117limo patarimai\">Kanada<\/a><\/li>\n<\/ul>\n<p><strong>GSA ir karini\u0173 paj\u0117g\u0173 perk\u0117limai<\/strong><\/p>\n<ul>\n<li> Karinis<\/li>\n<li> Vyriausyb\u0117\/GSA<\/li>\n<li> Veteran\u0173 judesiai<\/li>\n<li> Karinis pertvarkymas<\/li>\n<\/ul>\n<p><strong>Nam\u0173 \u016bkio perkraustymai<\/strong><\/p>\n<ul>\n<li> Vietiniai perkraustymai<\/li>\n<li> Tolimi perve\u017eimai<\/li>\n<li> Vyresnio am\u017eiaus \u017emoni\u0173 \u017eingsniai<\/li>\n<li> Ma\u017eo judesio sprendimas<\/li>\n<\/ul>\n<p><strong>Saugykla<\/strong><\/p>\n<ul>\n<li> Ilgalaikis<\/li>\n<li> Trumpalaikis<\/li>\n<li> Kai kurios klimato kontroliuojamos saugyklos<\/li>\n<li> Sand\u0117liavimas konteineriuose<\/li>\n<\/ul>\n<h2>\"Arpin Van Lines\" \u012fmon\u0117s profilis<\/h2>\n<p>\"Arpin Van Lines\" buvo \u012fkurta 1900 m., tod\u0117l jau daugiau nei 100 met\u0173 perve\u017ea \u017emones ir \u012fmones ir vis dar yra \u0161eimos verslas. <\/p>\n<p>\u012emon\u0117 did\u017eiuojasi, kad atlieka beveik tobulus arba tobulus vietinius, tolimus ir tarptautinius perkraustymus. Ji turi 385 agent\u016bras <a href=\"https:\/\/moverdb.com\/lt\/moving-to-the-united-states\/\" data-internallinksmanager029f6b8e52c=\"94\" title=\"Persik\u0117limas \u012f Jungtines Amerikos Valstijas? 2022 Gyvenimo i\u0161laidos ir persik\u0117limo patarimai\">Jungtin\u0117s Amerikos Valstijos<\/a> ir bendradarbiauja su geriausiomis ir patikimiausiomis agent\u016bromis visame pasaulyje, kad u\u017etikrint\u0173 pa\u017ead\u0117t\u0105 kokyb\u0119.<\/p>\n<p>Pagrindinis bendrov\u0117s d\u0117mesys skiriamas jud\u0117jimui. Jie bendradarbiauja su JAV ir pasaulio persikraustymo \u012fmon\u0117mis. Per metus \"Arpin Van Lines\" atlieka apie 14 000 GSA ir karini\u0173 perkraustym\u0173.<\/p>\n<p>\"Arpin Van Lines\" remia organizacijas \"Gelb\u0117kit vaikus\", \"Habitat for Humanity\" ir \"Audubon Society of <a href=\"https:\/\/moverdb.com\/lt\/moving-to-the-united-states\/moving-to-rhode-island\/\" data-internallinksmanager029f6b8e52c=\"450\" title=\"Persik\u0117limas \u012f Rodo sal\u0105? 2024 Gyvenimo i\u0161laidos ir persik\u0117limo patarimai\">Rodo sala<\/a>. \u012emon\u0117 vykdo grie\u017et\u0105 ekologi\u0161k\u0105 politik\u0105, u\u017e kuri\u0105 gavo daugyb\u0119 apdovanojim\u0173, nes ma\u017eina anglies dvideginio p\u0117dsak\u0105.<\/p>\n<p>\"Arpin Van Lines\" turi \u0161ias akreditacijas ir naryst\u0119:<\/p>\n<ul>\n<li> The <a href=\"https:\/\/moverdb.com\/lt\/amsa\/\">Amerikos perkraustymo ir saugojimo asociacija<\/a> (<a href=\"https:\/\/moverdb.com\/lt\/amsa\/\" data-internallinksmanager029f6b8e52c=\"5\" title=\"Amerikos jud\u0117jimo ir saugojimo asociacijos (AMSA) paai\u0161kinimai\">AMSA<\/a>)<\/li>\n<li> <a href=\"https:\/\/moverdb.com\/lt\/darbuotoju-perkelimo-taryba\/\">Pasaulin\u0117 ERC<\/a><\/li>\n<li> Nacionalin\u0117 vyresni\u0173j\u0173 perkraustymo vadybinink\u0173 asociacija (NASMM)<\/li>\n<li> Sertifikuota <a href=\"https:\/\/moverdb.com\/lt\/ratlankio-remelis\/\">\"ProMover\"<\/a><\/li>\n<li> Geresnio verslo biuras (BBB) A+<\/li>\n<li> \"SmartWay\" transporto partneris<\/li>\n<li> ISSP<\/li>\n<\/ul>\n<h2>\"Arpin Van Lines\" atsiliepimai<\/h2>\n<p><strong>Teigiamas:<\/strong><\/p>\n<ul>\n<li> <em>\"Ne visai tikra, kod\u0117l yra tiek daug blog\u0173 atsiliepim\u0173, bet a\u0161, kita vertus, tur\u0117jau puiki\u0105 patirt\u012f! Galb\u016bt d\u0117l to kaltas vietinis filialas, kuris tvark\u0117 perkraustym\u0105, arba \u012fmon\u0117s reputacija. Bet kokiu atveju mano patirtis buvo fantasti\u0161ka nuo prad\u017eios iki pabaigos!\"<\/em> - Jay Cee per <a href=\"http:\/\/www.yelp.com\/biz\/arpin-van-lines-west-warwick-2?hrid=OS55XvTTjsx1-lntFW5mvw&#038;utm_campaign=www_review_share_popup&#038;utm_medium=copy_link&#038;utm_source=(direct)\" target=\"_blank\" rel=\"noopener\">\"Yelp\"<\/a><\/li>\n<li> \"Turiu pasakyti, kad \"Arpin Van Lines\" vaikinai atliko tikrai ne\u012ftik\u0117tin\u0105 darb\u0105. Jie atvyko laiku, kai pasak\u0117, kad atvyks, ir vis\u0105 persikraustym\u0105 padar\u0117 labai lengv\u0105.\"<\/em> - Emmanuel P. per <a href=\"https:\/\/www.customerlobby.com\/reviews\/28943\/arpin-van-lines-inc\/review\/877013\" target=\"_blank\" rel=\"noopener\">Klient\u0173 foj\u0117<\/a> <\/li>\n<li> <em>\"Tiesiog nor\u0117jau pasakyti, kad esu patenkintas ir patenkintas persikraustymu.  Biuras mane tikrino ir r\u016bpinosi, kaip man ir mano \u0161eimai sekasi.\"<\/em> - Yuriko Sprott per <a href=\"http:\/\/www.mymovingreviews.com\/movers\/arpin-van-lines-664#39723\" target=\"_blank\" rel=\"noopener\">MyMovingReviews.com<\/a> <\/li>\n<\/ul>\n<p><strong>Neigiamas:<\/strong><\/p>\n<ul>\n<li> \"<em>Mes persik\u0117l\u0117me i\u0161 <a href=\"https:\/\/moverdb.com\/lt\/moving-to-the-united-states\/moving-to-illinois\/\" data-internallinksmanager029f6b8e52c=\"401\" title=\"Persik\u0117limas \u012f Ilinoj\u0173? 2023 m. gyvenimo i\u0161laidos ir persik\u0117limo patarimai\">Ilinojus<\/a> \u012f Sakrament\u0105 ir patirtis buvo siaubinga.\" <\/em>John W per <a href=\"http:\/\/www.yelp.com\/biz\/arpin-van-lines-west-warwick-2?hrid=_dchwV9PFPdLsH2-htD5dA&#038;utm_campaign=www_review_share_popup&#038;utm_medium=copy_link&#038;utm_source=(direct)\" target=\"_blank\" rel=\"noopener\">\"Yelp\"<\/a><\/li>\n<li> <em>\"\u017dod\u017eiais ne\u012fmanoma i\u0161reik\u0161ti, kaip tikiuosi, kad nesinaudosite \u0161ios bendrov\u0117s paslaugomis. D\u0117l mano vyro darbo mes jau 7 kartus persikraust\u0117me i\u0161 vienos valstijos \u012f kit\u0105 ir dar niekada nebuvau susid\u016brusi su tokia nekompetencija.\"<\/em> - Marci R. per <a href=\"https:\/\/www.customerlobby.com\/reviews\/28943\/arpin-van-lines-inc\/review\/854697\" target=\"_blank\" rel=\"noopener\">Klient\u0173 foj\u0117<\/a><\/li>\n<li> <em>\"Kur man prad\u0117ti... Prireik\u0117 2 savai\u010di\u0173, kad gautum\u0117te citat\u0105, \u0161iuo metu jie v\u0117luoja 3 dienas, o mano n\u0117\u0161\u010dia \u017emona ir a\u0161 tur\u0117sime miegoti ant i\u0161p\u016bsto \u010diu\u017einio su kostiumo d\u0117klu, kol jie atvyks.\"<\/em> - Mmonahan per <a href=\"http:\/\/www.mymovingreviews.com\/movers\/arpin-van-lines-664#55388\" target=\"_blank\" rel=\"noopener\">MyMovingReviews.com<\/a> <\/li>\n<\/ul>\n<div itemprop=\"review\" itemscope itemtype=\"http:\/\/schema.org\/Review\">\n<span itemprop=\"author\" itemscope=\"\" itemtype=\"http:\/\/schema.org\/Organization\"><span itemprop=\"name\">MoverDB.com<\/span><\/span> Internetin\u0117s svetain\u0117s ap\u017evalga <span itemprop=\"itemreviewed\" itemscope=\"\" itemtype=\"http:\/\/schema.org\/Brand\"><span itemprop=\"name\">\"Arpin Van Lines<\/span><\/span>:<\/p>\n<ol>\n<li> Ai\u0161ki kontaktin\u0117 informacija svetain\u0117je (\u012fskaitant telefono numer\u012f): <strong>Taip<\/strong><\/li>\n<li> Lengva gauti <a href=\"https:\/\/moverdb.com\/lt\/citatos\/\">tarptautin\u0117s judan\u010dios citatos<\/a>? (internetin\u0117 s\u0105matos u\u017eklausos forma): <strong>Taip<\/strong><\/li>\n<li> Ai\u0161ki informacija svetain\u0117je: <strong>Taip,<\/strong> svetain\u0117je yra vadov\u0173 ir vaizdo \u012fra\u0161\u0173.<\/li>\n<li> Naryst\u0117 tarptautin\u0117se pripa\u017eintose jud\u0117jimo organizacijose: <strong>Taip<\/strong>, (\u017er. pirmiau)<\/li>\n<li> Klient\u0173 s\u0105ra\u0161as ir (arba) ankstesni\u0173 klient\u0173 atsiliepimai. <strong>Dalinis<\/strong> Jie pateikia klient\u0173 atsiliepimus per \"Customer Lobby\", \u017er. pirmiau<\/li>\n<\/ol>\n<div itemprop=\"reviewRating\" itemscope itemtype=\"http:\/\/schema.org\/Rating\"><meta itemprop=\"worstRating\" content = \"0\" \/><meta itemprop=\"bestRating\" content=\"5\" \/><meta itemprop=\"ratingValue\" content=\"4\"><\/div>\n<p><strong>Bendras \u012fvertinimas: 4\/5<\/strong><br \/>\n<strong>Per\u017ei\u016bros data:<\/strong> <span itemprop=\"datePublished\" content=\"2016-08-21\">21\/08\/2016<\/span>\n<\/div>\n<p>Skaitykite daugiau apie <a href=\"https:\/\/moverdb.com\/lt\/juda-imones\/\">tarptautiniai perkraustytojai<\/a>, <a href=\"https:\/\/moverdb.com\/lt\/us-kanada-persikraustymo-paslaugos\/\">JAV perkraustytojai<\/a> ir m\u016bs\u0173 <a href=\"https:\/\/moverdb.com\/lt\/atsiliepimai\/\">per\u017ei\u016bros procesas<\/a>.<\/p>\n<p><strong>Interneto svetain\u0117:<\/strong> <a href=\"http:\/\/www.arpin.com\" target=\"_blank\" rel=\"noopener\">http:\/\/www.arpin.com<\/a><\/p>","protected":false},"excerpt":{"rendered":"<p>Arpin Van Lines is based in West Warwick, RI and offers its customers a wide range of services both internationally and locally. These services are listed below, together with a company profile and reviews. International moves are also handled by Arpin International. International Moves Multicultural and multilingual staff Dedicated international move coordinator Door to door [&hellip;]<\/p>\n","protected":false},"author":1,"featured_media":0,"parent":0,"menu_order":0,"comment_status":"closed","ping_status":"closed","template":"","meta":{"_genesis_hide_title":false,"_genesis_hide_breadcrumbs":false,"_genesis_hide_singular_image":false,"_genesis_hide_footer_widgets":false,"_genesis_custom_body_class":"","_genesis_custom_post_class":"","_genesis_layout":"","footnotes":""},"class_list":{"0":"post-1059","1":"page","2":"type-page","3":"status-publish","5":"entry"},"_links":{"self":[{"href":"https:\/\/moverdb.com\/lt\/wp-json\/wp\/v2\/pages\/1059","targetHints":{"allow":["GET"]}}],"collection":[{"href":"https:\/\/moverdb.com\/lt\/wp-json\/wp\/v2\/pages"}],"about":[{"href":"https:\/\/moverdb.com\/lt\/wp-json\/wp\/v2\/types\/page"}],"author":[{"embeddable":true,"href":"https:\/\/moverdb.com\/lt\/wp-json\/wp\/v2\/users\/1"}],"replies":[{"embeddable":true,"href":"https:\/\/moverdb.com\/lt\/wp-json\/wp\/v2\/comments?post=1059"}],"version-history":[{"count":7,"href":"https:\/\/moverdb.com\/lt\/wp-json\/wp\/v2\/pages\/1059\/revisions"}],"predecessor-version":[{"id":6176,"href":"https:\/\/moverdb.com\/lt\/wp-json\/wp\/v2\/pages\/1059\/revisions\/6176"}],"wp:attachment":[{"href":"https:\/\/moverdb.com\/lt\/wp-json\/wp\/v2\/media?parent=1059"}],"curies":[{"name":"wp","href":"https:\/\/api.w.org\/{rel}","templated":true}]}}