{"id":1057,"date":"2016-08-21T14:07:37","date_gmt":"2016-08-21T14:07:37","guid":{"rendered":"http:\/\/moverdb.com\/?page_id=1057"},"modified":"2026-05-15T15:00:50","modified_gmt":"2026-05-15T15:00:50","slug":"stevens-worldwide-van-lines","status":"publish","type":"page","link":"https:\/\/moverdb.com\/lt\/stevens-worldwide-van-lines\/","title":{"rendered":"\"Stevens Worldwide Van Lines\": Tarptautinio perkraustymo ap\u017evalgos"},"content":{"rendered":"<p>\"Stevens Worldwide Van Lines\" \u012fsik\u016brusi Saginaw MI mieste. \u012emon\u0117 savo klientams si\u016blo plat\u0173 paslaug\u0173 asortiment\u0105, kuris i\u0161vardytas toliau. Taip pat pateikiamas \u012fmon\u0117s profilis ir atsiliepimai.<\/p>\n<p><strong>Tarptautinis perkraustymas<\/strong><\/p>\n<ul>\n<li> Asmeninio nam\u0173 \u016bkio perkraustymas<\/li>\n<li> DOD tarptautinis jud\u0117jimas<\/li>\n<li> GSA tarptautinis jud\u0117jimas<\/li>\n<li> \u012emoni\u0173 perkraustymas<\/li>\n<li> <a href=\"https:\/\/moverdb.com\/lt\/ekspeditorius\/\">Krovini\u0173 ekspedijavimas<\/a><\/li>\n<li> Visos paslaugos nuo dur\u0173 iki dur\u0173<\/li>\n<li> \"Stevens\" tarptautinio persik\u0117limo specialistai kiekvienoje \u0161alyje.<\/li>\n<li> Pad\u0117kite nustatyti kliento poreikius<\/li>\n<li> Paai\u0161kinkite apie visas teikiamas tarptautinio perkraustymo ir perk\u0117limo paslaugas, tokias kaip pakavimas, perkraustymas, ekspedijavimas, <a href=\"https:\/\/moverdb.com\/lt\/konteineriu-kroviniu-gabenimas\/\">pristatymas<\/a>, saugojimas ir draudimas<\/li>\n<li> Apib\u016bdinkite \"Stevens International\" pareigas ir kliento atsakomyb\u0119 prie\u0161 perk\u0117lim\u0105, jo metu ir po jo.<\/li>\n<li> Pateikite <a href=\"https:\/\/moverdb.com\/lt\/citatos\/\">tikslus \u012fvertinimas<\/a><\/li>\n<li> Suplanuokite vis\u0105 persik\u0117limo logistik\u0105<\/li>\n<li> Derybos d\u0117l <a href=\"https:\/\/moverdb.com\/lt\/persikraustymo-islaidos\/\">geriausi tarifai<\/a><\/li>\n<li> pri\u017ei\u016br\u0117kite ve\u017e\u0117jus ir agentus bei steb\u0117kite kiekvien\u0105 perk\u0117limo etap\u0105.<\/li>\n<li> U\u017etikrinkite, kad visi dokumentai b\u016bt\u0173 u\u017epildyti ir pateikti tiksliai ir laiku.<\/li>\n<li> lieka atsakingi u\u017e siuntos aptarnavim\u0105 pagal konsultanto arba u\u017esienio agento nurodymus.<\/li>\n<li> i\u0161si\u0173sti atitinkamas med\u017eiagas, darbo j\u0117g\u0105 ir \u012frang\u0105.<\/li>\n<\/ul>\n<p><strong>Stevens tarptautinio perk\u0117limo koordinatoriai<\/strong><\/p>\n<ul>\n<li> turite patirties tarptautinio ekspedijavimo ir perkraustymo srityje.<\/li>\n<li> turi daugiakalbyst\u0117s galimybes<\/li>\n<li> yra susipa\u017ein\u0119 su muitin\u0117s taisykl\u0117mis ir kita svarbia informacija bei gali pad\u0117ti tvarkyti ir apdoroti dokumentus.<\/li>\n<li> Teikti vienos paslaugos valdym\u0105<\/li>\n<li> Teikite konsultacijas prie\u0161 persikraustym\u0105 ir t\u0119stines konsultacijas.<\/li>\n<li> Gali pad\u0117ti gauti informacij\u0105 apie paskirties \u0161al\u012f ir muitin\u0119<\/li>\n<li> Nuolatinis bendravimas ir paslaug\u0173 steb\u0117sena<\/li>\n<li> Laikykit\u0117s ai\u0161kiai apibr\u0117\u017et\u0173 paruo\u0161imo ir tvarkymo proced\u016br\u0173<\/li>\n<li> Taikyti i\u0161sami\u0105, greit\u0105 ir s\u0105\u017eining\u0105 reikalavim\u0173 patenkinimo praktik\u0105.<\/li>\n<\/ul>\n<p><strong>Nam\u0173 \u016bki\u0173 perk\u0117limas<\/strong><\/p>\n<ul>\n<li> Vietinis jud\u0117jimas<\/li>\n<li> I\u0161 valstyb\u0117s juda<\/li>\n<li> Ilgas atstumas juda<\/li>\n<li> Tarpvalstybinis jud\u0117jimas<\/li>\n<li> Kry\u017emin\u0117s \u0161alies jud\u0117jimas<\/li>\n<li> Ma\u017e\u0173 judesi\u0173 programa<\/li>\n<li> Pakavimas ir i\u0161pakavimas<\/li>\n<li> Tiekiamos d\u0117\u017e\u0117s ir pakavimo med\u017eiagos<\/li>\n<li> Galimas trumpalaikis ir ilgalaikis saugojimas<\/li>\n<\/ul>\n<p><strong>\u012emoni\u0173 perkraustymas<\/strong><\/p>\n<ul>\n<li> Galimos visos paslaugos<\/li>\n<li> Specialus persik\u0117limo konsultantas<\/li>\n<li> Kompiuteri\u0173 sistem\u0173 perk\u0117limas<\/li>\n<li> Projekt\u0173 valdymas<\/li>\n<li> Biur\u0173 ir pramonini\u0173 objekt\u0173 perkraustymas<\/li>\n<li> Turto valdymas ir (arba) saugojimas<\/li>\n<li> Nacionalini\u0173 perkraustym\u0173 valdymas<\/li>\n<li> MAC paslaugos<\/li>\n<li> \u012era\u0161\u0173 valdymas<\/li>\n<li> \u012erangos perk\u0117limai<\/li>\n<li> Fail\u0173 perk\u0117limas<\/li>\n<li> Laboratorijos perkraustymai<\/li>\n<\/ul>\n<p><strong>Vyriausyb\u0117s ir kariuomen\u0117s jud\u0117jimas<\/strong><\/p>\n<p><strong>Dvasinink\u0173 persik\u0117limas<\/strong><\/p>\n<h2>\"Stevens Worldwide Van Lines\" \u012fmon\u0117s profilis<\/h2>\n<p>Frederickas H. Stevensas jaunesnysis 1905 m. \u012fk\u016br\u0117 bendrov\u0119 \"Stevens Worldwide Van Lines\". Jis naudojo vien\u0105 arkl\u012f ir ve\u017eim\u0105 baga\u017eui perve\u017eti i\u0161 <a href=\"https:\/\/moverdb.com\/lt\/moving-to-the-united-states\/moving-to-michigan\/\" data-internallinksmanager029f6b8e52c=\"414\" title=\"Persik\u0117limas \u012f Mi\u010digan\u0105? 2023 m. gyvenimo i\u0161laidos ir persik\u0117limo patarimai\">Mi\u010diganas<\/a> Centrinis keleivi\u0173 depas Saginau mieste. \u0160iandien \"Stevens\" turi 125 agentus, \u012fsik\u016brusius visoje <a href=\"https:\/\/moverdb.com\/lt\/moving-to-the-united-states\/\" data-internallinksmanager029f6b8e52c=\"94\" title=\"Persik\u0117limas \u012f Jungtines Amerikos Valstijas? 2022 Gyvenimo i\u0161laidos ir persik\u0117limo patarimai\">Jungtin\u0117s Amerikos Valstijos<\/a> ir i\u0161samus tarptautinis skyrius. \u012emon\u0117je vadovaujan\u010dias pareigas u\u017eima ketvirtos ir penktos kartos Stivenai.<\/p>\n<p>\"Stevens Worldwide Van Lines\" perve\u017ea nam\u0173 \u016bkius, \u012fmones, vyriausybinius ir karinius darbuotojus bei dvasininkus Jungtin\u0117se Valstijose ir visame pasaulyje. \u012emon\u0117 \u012fgyvendino daug ekologi\u0161k\u0173 iniciatyv\u0173, kad suma\u017eint\u0173 anglies dioksido p\u0117dsak\u0105. Be to, ji remia \u012fvairias tarptautines ir vietines labdaros organizacijas.<\/p>\n<p>\"Stevens Worldwide Van Lines\" turi \u0161ias akreditacijas ir naryst\u0119:<\/p>\n<ul>\n<li> ISO 9001<\/li>\n<li> <a href=\"https:\/\/moverdb.com\/lt\/fidi-faim\/\">FIDI<\/a><\/li>\n<li> <a href=\"https:\/\/moverdb.com\/lt\/fidi-faim\/\" data-internallinksmanager029f6b8e52c=\"16\" title=\"FIDI ir FAIM (FIDI akredituotas tarptautinis perve\u017e\u0117jas) paai\u0161kinimai\">FAIM<\/a><\/li>\n<li> <a href=\"https:\/\/moverdb.com\/lt\/esu\/\">Tarptautin\u0117 perkraustytoj\u0173 asociacija<\/a> (<a href=\"https:\/\/moverdb.com\/lt\/iam\/\" data-internallinksmanager029f6b8e52c=\"23\" title=\"Tarptautin\u0117s perkraustytoj\u0173 asociacijos (IAM) paai\u0161kinimai\">IAM<\/a>)<\/li>\n<li> <a href=\"https:\/\/moverdb.com\/lt\/lacma\/\">Lotyn\u0173 Amerikos ir Karib\u0173 j\u016bros regiono tarptautini\u0173 perkraustytoj\u0173 asociacija<\/a> (<a href=\"https:\/\/moverdb.com\/lt\/lacma\/\" data-internallinksmanager029f6b8e52c=\"28\" title=\"Lotyn\u0173 Amerikos ir Karib\u0173 j\u016bros regiono tarptautini\u0173 perkraustytoj\u0173 asociacija (LACMA)\">LACMA<\/a>)<\/li>\n<li> <a href=\"https:\/\/moverdb.com\/lt\/amsa\/\">Amerikos perkraustymo ir saugojimo asociacija<\/a> (<a href=\"https:\/\/moverdb.com\/lt\/amsa\/\" data-internallinksmanager029f6b8e52c=\"5\" title=\"Amerikos jud\u0117jimo ir saugojimo asociacijos (AMSA) paai\u0161kinimai\">AMSA<\/a>) - <a href=\"https:\/\/moverdb.com\/lt\/ratlankio-remelis\/\">\"ProMover\"<\/a><\/li>\n<li> BBB A+<\/li>\n<\/ul>\n<h2>\"Stevens Worldwide Van Lines\" atsiliepimai<\/h2>\n<p><strong>Teigiamas:<\/strong><\/p>\n<ul>\n<li> <em>\"Nuo prad\u017eios iki galo m\u016bs\u0173 persikraustymo patirtis su \"Stevens\" buvo i\u0161skirtin\u0117!\"<\/em> - Martin per <a href=\"http:\/\/stevensworldwide.com\/testimonials\" target=\"_blank\" rel=\"noopener\">Stevens klient\u0173 atsiliepimai<\/a><\/li>\n<li> \"<em>M\u016bs\u0173 patirtis su \"Stevens Worldwide\" buvo auk\u0161\u010diausio lygio nuo prad\u017eios iki pabaigos.\" <\/em> - Michaelas per <a href=\"http:\/\/www.yelp.com\/biz\/stevens-worldwide-van-lines-saginaw-4?hrid=IQoARxOFSez8PQ9c5gUSmQ&#038;utm_campaign=www_review_share_popup&#038;utm_medium=copy_link&#038;utm_source=(direct)\" target=\"_blank\" rel=\"noopener\">\"Yelp\"<\/a><\/li>\n<li> \"<em>Patirtis vir\u0161ijo l\u016bkes\u010dius. Labai svarbu, kad pardavimo kaina atitiko faktin\u0119 kain\u0105. Antra, mus priblo\u0161k\u0117 pakavimas. Perkraustytojas papra\u0161\u0117, kad i\u0161vakar\u0117se pasakytume jiems savo poreikius, ir jie suteik\u0117 darbo j\u0117gos, kad viskas b\u016bt\u0173 atlikta. \"<\/em> - Bill Counts per <a href=\"http:\/\/www.mymovingreviews.com\/movers\/stevens-van-lines-825#49902\" target=\"_blank\" rel=\"noopener\">MyMovingReviews.com<\/a><\/li>\n<li> \"<em>Labai draugi\u0161kas personalas.\"<\/em> - \"Google\" naudotojas per <a href=\"http:\/\/reviews.birdeye.com\/stevens-worldwide-van-lines-951509696\" target=\"_blank\" rel=\"noopener\">\"BirdEye\"<\/a> <\/li>\n<\/ul>\n<p><strong>Neigiamas:<\/strong><\/p>\n<ul>\n<li> <em>\"Viena \u017evaig\u017edut\u0117 jiems net per daug.\"<\/em> - Michael M per <a href=\"http:\/\/www.yelp.com\/biz\/stevens-worldwide-van-lines-saginaw-4?hrid=7erY_4bReACOHR_0idQdUQ&#038;utm_campaign=www_review_share_popup&#038;utm_medium=copy_link&#038;utm_source=(direct)\" target=\"_blank\" rel=\"noopener\">\"Yelp\"<\/a><\/li>\n<li> <em>\"Vairuotojas m\u0117g\u0117jas su 3 nenaudingais pagalbininkais u\u017etruko 14 valand\u0173, kol pakrov\u0117 2 miegam\u0173j\u0173 nam\u0105 su r\u016bsiu.\"<\/em> - Steve'as per <a href=\"http:\/\/www.mymovingreviews.com\/movers\/stevens-van-lines-825#55538\" target=\"_blank\" rel=\"noopener\">MyMovingReviews.com<\/a> <\/li>\n<li> \"<em>Negal\u0117jome patirti nemalonesn\u0117s patirties.\"<\/em> - Brian Gibson per <a href=\"http:\/\/reviews.birdeye.com\/stevens-worldwide-van-lines-951509696\" target=\"_blank\" rel=\"noopener\">\"BirdEye\"<\/a> <\/li>\n<\/ul>\n<div itemprop=\"review\" itemscope itemtype=\"http:\/\/schema.org\/Review\">\n<span itemprop=\"author\" itemscope=\"\" itemtype=\"http:\/\/schema.org\/Organization\"><span itemprop=\"name\">MoverDB.com<\/span><\/span> Internetin\u0117s svetain\u0117s ap\u017evalga <span itemprop=\"itemreviewed\" itemscope=\"\" itemtype=\"http:\/\/schema.org\/Brand\"><span itemprop=\"name\">\"Stevens Worldwide Van Lines<\/span><\/span>:<\/p>\n<ol>\n<li> Ai\u0161ki kontaktin\u0117 informacija svetain\u0117je (\u012fskaitant telefono numer\u012f): <strong>Taip<\/strong><\/li>\n<li> Lengva gauti <a href=\"https:\/\/moverdb.com\/lt\/citatos\/\">tarptautin\u0117s judan\u010dios citatos<\/a>? (internetin\u0117 s\u0105matos u\u017eklausos forma): <strong>Taip<\/strong><\/li>\n<li> Ai\u0161ki informacija svetain\u0117je: <strong>Taip,<\/strong> daug informacijos apie tai, k\u0105 daryti prie\u0161 persikraustant.<\/li>\n<li> Naryst\u0117 tarptautin\u0117se pripa\u017eintose jud\u0117jimo organizacijose: <strong>Taip<\/strong>, daugelis \u017er. pirmiau<\/li>\n<li> Klient\u0173 s\u0105ra\u0161as ir (arba) ankstesni\u0173 klient\u0173 atsiliepimai. <strong>Taip,<\/strong> Svetain\u0117je yra daug teigiam\u0173 klient\u0173 atsiliepim\u0173 ir rekomendacij\u0173.<\/li>\n<\/ol>\n<div itemprop=\"reviewRating\" itemscope itemtype=\"http:\/\/schema.org\/Rating\"><meta itemprop=\"worstRating\" content = \"0\" \/><meta itemprop=\"bestRating\" content=\"5\" \/><meta itemprop=\"ratingValue\" content=\"4.5\"><\/div>\n<p><strong>Bendras \u012fvertinimas: 4,5\/5<\/strong><br \/>\n<strong>Per\u017ei\u016bros data:<\/strong> <span itemprop=\"datePublished\" content=\"2016-08-21\">21\/08\/2016<\/span>\n<\/div>\n<p>Skaitykite daugiau apie <a href=\"https:\/\/moverdb.com\/lt\/juda-imones\/\">tarptautin\u0117s perkraustymo \u012fmon\u0117s<\/a>, <a href=\"https:\/\/moverdb.com\/lt\/us-kanada-persikraustymo-paslaugos\/\">JAV judan\u010dios \u012fmon\u0117s<\/a> ir m\u016bs\u0173 <a href=\"https:\/\/moverdb.com\/lt\/atsiliepimai\/\">paai\u0161kintas per\u017ei\u016bros procesas<\/a>.<\/p>\n<p><strong>Interneto svetain\u0117:<\/strong> <a href=\"http:\/\/stevensworldwide.com\/\" target=\"_blank\" rel=\"noopener\">http:\/\/stevensworldwide.com<\/a><\/p>","protected":false},"excerpt":{"rendered":"<p>Stevens Worldwide Van Lines is based in Saginaw MI. The company offers its customers a wide range of services which are listed below. There also follows a company profile and reviews. International Moving Personal household moving DOD international moving GSA international moving Corporate moving Freight forwarding Full door to door service Stevens International relocation specialists [&hellip;]<\/p>\n","protected":false},"author":1,"featured_media":0,"parent":0,"menu_order":0,"comment_status":"closed","ping_status":"closed","template":"","meta":{"_genesis_hide_title":false,"_genesis_hide_breadcrumbs":false,"_genesis_hide_singular_image":false,"_genesis_hide_footer_widgets":false,"_genesis_custom_body_class":"","_genesis_custom_post_class":"","_genesis_layout":"","footnotes":""},"class_list":{"0":"post-1057","1":"page","2":"type-page","3":"status-publish","5":"entry"},"_links":{"self":[{"href":"https:\/\/moverdb.com\/lt\/wp-json\/wp\/v2\/pages\/1057","targetHints":{"allow":["GET"]}}],"collection":[{"href":"https:\/\/moverdb.com\/lt\/wp-json\/wp\/v2\/pages"}],"about":[{"href":"https:\/\/moverdb.com\/lt\/wp-json\/wp\/v2\/types\/page"}],"author":[{"embeddable":true,"href":"https:\/\/moverdb.com\/lt\/wp-json\/wp\/v2\/users\/1"}],"replies":[{"embeddable":true,"href":"https:\/\/moverdb.com\/lt\/wp-json\/wp\/v2\/comments?post=1057"}],"version-history":[{"count":7,"href":"https:\/\/moverdb.com\/lt\/wp-json\/wp\/v2\/pages\/1057\/revisions"}],"predecessor-version":[{"id":6241,"href":"https:\/\/moverdb.com\/lt\/wp-json\/wp\/v2\/pages\/1057\/revisions\/6241"}],"wp:attachment":[{"href":"https:\/\/moverdb.com\/lt\/wp-json\/wp\/v2\/media?parent=1057"}],"curies":[{"name":"wp","href":"https:\/\/api.w.org\/{rel}","templated":true}]}}