{"id":1042,"date":"2016-10-24T05:23:18","date_gmt":"2016-10-24T05:23:18","guid":{"rendered":"http:\/\/moverdb.com\/?page_id=1042"},"modified":"2026-01-08T14:48:06","modified_gmt":"2026-01-08T14:48:06","slug":"covan-world-wide","status":"publish","type":"page","link":"https:\/\/moverdb.com\/lt\/covan-world-wide\/","title":{"rendered":"\"Covan Worldwide Moving\": Tarptautinio perkraustymo ap\u017evalgos"},"content":{"rendered":"<p>\"Covan Worldwide Moving\" savo klientams si\u016blo plat\u0173 paslaug\u0173 spektr\u0105. Jos i\u0161vardytos toliau, kartu su \u012fmon\u0117s profiliu ir atsiliepimais.<\/p>\n<p><strong>Tarptautiniai perkraustytojai<\/strong><\/p>\n<ul>\n<li> Nemokamas \u012fvertinimas namuose<\/li>\n<li> Visos pakavimo paslaugos ARBA tik trapi\u0173 daikt\u0173 pakavimas<\/li>\n<li> Individualizuotas krovini\u0173 gabenimas<\/li>\n<li> <a href=\"https:\/\/moverdb.com\/lt\/automobiliu-transportas-siuntimas\/\">Transporto priemoni\u0173 gabenimas<\/a> (kaip nam\u0173 \u016bkio persikraustymo dalis ir (arba) nepriklausomai nuo jo)<\/li>\n<li> Fortepijon\u0173 gabenimas (kaip nam\u0173 \u016bkio perkraustymo dalis ir (arba) atskirai)<\/li>\n<li> Nemokamas bald\u0173 vyniojimas \u012f tempiam\u0105j\u0105 pl\u0117vel\u0119; dur\u0173 ir grind\u0173 apsauga<\/li>\n<li> Krovini\u0173 gabenimas oro transportu<\/li>\n<li> Muitinis \u012fforminimas<\/li>\n<li> Paskirties vietos paslaugos (i\u0161montavimas \/ surinkimas ir t. t.)<\/li>\n<li> Siunt\u0173 sekimas internetu<\/li>\n<li> Vertinimo draudimo parinktys<\/li>\n<li> Ilgalaik\u0117s arba trumpalaik\u0117s saugojimo paslaugos<\/li>\n<\/ul>\n<p><strong>\u012emoni\u0173 perk\u0117limas<\/strong><\/p>\n<ul>\n<li> Nemokamas \u012fvertinimas namuose<\/li>\n<li> Apklausa prie\u0161 persikraustym\u0105<\/li>\n<li> Vieno \u0161altinio kontaktas<\/li>\n<li> Visos pakavimo paslaugos ARBA tik dalinis pakavimas<\/li>\n<li> Individualizuotas krovini\u0173 gabenimas<\/li>\n<li> I\u0161pakavimas \/ i\u0161pakavimas<\/li>\n<li> Prietais\u0173 - seneli\u0173 laikrod\u017ei\u0173, treniruokli\u0173 ir kt. - i\u0161montavimo ir (arba) surinkimo paslaugos.<\/li>\n<li> Fortepijon\u0173 perkraustymas (Pastaba: tai gali b\u016bti atliekama ir nepriklausomai nuo nam\u0173 \u016bkio perkraustymo)<\/li>\n<li> Transporto priemoni\u0173 perkraustymas (pastaba: tai gali b\u016bti atliekama ir nepriklausomai nuo nam\u0173 \u016bkio perkraustymo)<\/li>\n<li> Ilgalaik\u0117s arba trumpalaik\u0117s saugyklos parinktys<\/li>\n<li> Siunt\u0173 sekimas internetu<\/li>\n<li> Perk\u0117limo valdymas<\/li>\n<li> Vertinimo draudimo parinktys<\/li>\n<li> Muitinio \u012fforminimo pagalba persikraustant \u012f u\u017esien\u012f<\/li>\n<li> Paskirties paslaugos<\/li>\n<\/ul>\n<p><strong>Vyriausyb\u0117 ir kariuomen\u0117<\/strong><\/p>\n<ul>\n<li> Nemokamas \u012fvertinimas namuose<\/li>\n<li> Pilnas pakavimo paslaug\u0173 teikimas<\/li>\n<li> Pakavimo med\u017eiag\u0173 pardavimas<\/li>\n<li> <a href=\"https:\/\/moverdb.com\/lt\/car-transport-shipping\/\" data-internallinksmanager029f6b8e52c=\"2\" title=\"2026 Tarptautinio automobili\u0173 transporto ir transporto priemoni\u0173 gabenimo citatos\">Transporto priemoni\u0173 gabenimas<\/a><\/li>\n<li> Fortepijon\u0173 pristatymas<\/li>\n<li> Ilgalaik\u0117s arba trumpalaik\u0117s saugojimo paslaugos<\/li>\n<li> Tre\u010di\u0173j\u0173 \u0161ali\u0173 paslaugos (atliekame vis\u0173 r\u016b\u0161i\u0173 surinkimo ir i\u0161montavimo darbus - indaplovi\u0173, \u0161aldytuv\u0173, \u0161viestuv\u0173, televizori\u0173, stereosistem\u0173, paveiksl\u0173, lov\u0173, spint\u0173 ir kt.)<\/li>\n<li> Tolim\u0173j\u0173 perve\u017eim\u0173 siunt\u0173 sekimas internetu<\/li>\n<li> Vertinimo draudimo parinktys<\/li>\n<\/ul>\n<p><strong>Komerciniai perkraustytojai<\/strong><\/p>\n<ul>\n<li> Pramoninis jud\u0117jimas<\/li>\n<li> Biuro perk\u0117limas<\/li>\n<li> Vyriausyb\u0117 juda<\/li>\n<li> Kompiuteri\u0173 \/ elektronikos jud\u0117jimas<\/li>\n<li> \u012emoni\u0173 perk\u0117limas - visos paslaugos<\/li>\n<\/ul>\n<p><strong>Vidaus Movers<\/strong><\/p>\n<ul>\n<li> Prie\u0161 persikraustym\u0105 pateiktas pasi\u016blymas ir planas<\/li>\n<li> Pakavimas - visos paslaugos, trapi\u0173 daikt\u0173 pakavimas arba savaranki\u0161kas pakavimas<\/li>\n<li> Daikt\u0173 i\u0161krovimas, i\u0161pakavimas ir sutvarkymas<\/li>\n<li> Perkelkite bet kok\u012f daikt\u0105 - fortepijon\u0105, automobil\u012f, valt\u012f ir kt.<\/li>\n<\/ul>\n<h2>\"Covan Worldwide Moving Company\" profilis<\/h2>\n<p>\"Covan Worldwide Moving\" veikl\u0105 prad\u0117jo 1914 m. Ha\u010dinsone, KS, pavadinimu \"Merchants Transfer and Storage\". \u012emon\u0117s \u012fk\u016br\u0117jas J. M. Colemanas prad\u0117jo su keturiais ve\u017eimais ir a\u0161tuoniais arkliais. \u0160iandien visame pasaulyje veikia 50 biur\u0173 ir daugiau kaip 400 agent\u0173. <\/p>\n<p>\"Covan\" turi daugiau nei 200 tarpvalstybini\u0173 ir 600 vietini\u0173 perkraustymo padalini\u0173. Jos misija - b\u016bti tarptautini\u0173 perve\u017eim\u0173 paslaug\u0173 lydere ir siekti 100% klient\u0173 pasitenkinimo.<\/p>\n<p>\"Covan World-Wide Moving\" turi \u0161ias priklausomybes ir akreditacijas:<\/p>\n<ul>\n<li> <a href=\"https:\/\/moverdb.com\/lt\/amsa\/\">Amerikos perkraustymo ir saugojimo asociacija<\/a> (<a href=\"https:\/\/moverdb.com\/lt\/amsa\/\" data-internallinksmanager029f6b8e52c=\"5\" title=\"Amerikos jud\u0117jimo ir saugojimo asociacijos (AMSA) paai\u0161kinimai\">AMSA<\/a>)<\/li>\n<li> <a href=\"https:\/\/moverdb.com\/lt\/ratlankio-remelis\/\">\"ProMover\"<\/a><\/li>\n<li> <a href=\"https:\/\/moverdb.com\/lt\/esu\/\">Tarptautin\u0117 perkraustytoj\u0173 asociacija<\/a> (<a href=\"https:\/\/moverdb.com\/lt\/iam\/\" data-internallinksmanager029f6b8e52c=\"23\" title=\"Tarptautin\u0117s perkraustytoj\u0173 asociacijos (IAM) paai\u0161kinimai\">IAM<\/a>)<\/li>\n<li> <a href=\"https:\/\/moverdb.com\/lt\/ratlankio-remelis\/\">Registruotas tarptautinis perkraustymas<\/a> (<a href=\"https:\/\/moverdb.com\/lt\/rim-promover\/\" data-internallinksmanager029f6b8e52c=\"76\" title=\"Paai\u0161kintas &quot;RIM International ProMover&quot; sertifikavimas\">RIM<\/a>)<\/li>\n<li> Akredituota BBB<\/li>\n<\/ul>\n<p><strong>\"Covan Worldwide Moving\" atsiliepimai<\/strong><\/p>\n<p><strong>Teigiamas:<\/strong><\/p>\n<ul>\n<li> <em>\"Norfolke, VA, \"Covan\" supakavo m\u016bs\u0173 daiktus, kurie tur\u0117jo b\u016bti i\u0161si\u0173sti per vis\u0105 pasaul\u012f \u012f Guam\u0105. Buvau gird\u0117j\u0119s siaubing\u0173 istorij\u0173 apie tai, kad daiktus pakuoja perkraustymo \u012fmon\u0117s, o daiktai atkeliauja sulau\u017eyti ir (arba) ding\u0119. Visi m\u016bs\u0173 daiktai buvo apskaityti ir puikios b\u016bkl\u0117s, NIEKAS nebuvo sulau\u017eyta ar deformuota!!!\"<\/em> - David S <a href=\"http:\/\/www.covan.com\/moving-reviews\/alabama-2519665061024629999\/\" target=\"_blank\" rel=\"noopener\">kliento atsiliepimas<\/a><\/li>\n<li> <em>\"Negaliu patik\u0117ti, kad tik dabar prie to prieinu, bet tiesiog nor\u0117jau pasidalyti teigiamomis pastabomis apie <a href=\"https:\/\/moverdb.com\/lt\/moving-companies\/\" data-internallinksmanager029f6b8e52c=\"79\" title=\"Top 25 Tarptautin\u0117s perkraustymo \u012fmon\u0117s internete\">perkraustymo \u012fmon\u0117<\/a> \"Covan Worldwide Moving\". Jie elg\u0117si labai pagarbiai, o pakavimo procesas buvo sklandus ir net smagus!\"<\/em> - Emily S per <a href=\"https:\/\/www.yelp.com\/biz\/covan-world-wide-moving-kapolei?hrid=ehsMVfnz3q1xKBP5KHJCxg&#038;utm_campaign=www_review_share_popup&#038;utm_medium=copy_link&#038;utm_source=(direct)\" target=\"_blank\" rel=\"noopener\">\"Yelp\"<\/a><\/li>\n<\/ul>\n<p><strong>Neigiamas:<\/strong><\/p>\n<ul>\n<li> <em>\"Jei b\u016bt\u0173 \u012fmanoma neduoti n\u0117 vienos \u017evaig\u017edut\u0117s, a\u0161 taip ir padary\u010diau. Niekada niekam nepalikdavau blogo atsiliepimo, nes nesu skundikas, bet tai yra pats blogiausias PCS persikraustymas, kok\u012f esu patyr\u0119s. Nuo ko man net prad\u0117ti?\"<\/em> - Lillian H. per <a href=\"https:\/\/www.yelp.com\/biz\/covan-world-wide-moving-kapolei?hrid=rRlVAPr2uu0AYHtD7q-oBw&#038;utm_campaign=www_review_share_popup&#038;utm_medium=copy_link&#038;utm_source=(direct)\" target=\"_blank\" rel=\"noopener\">\"Yelp\"<\/a>.\n<\/ul>\n<div itemprop=\"review\" itemscope itemtype=\"http:\/\/schema.org\/Review\">\n<span itemprop=\"author\" itemscope=\"\" itemtype=\"http:\/\/schema.org\/Organization\"><span itemprop=\"name\">MoverDB.com<\/span><\/span> Internetin\u0117s svetain\u0117s ap\u017evalga <span itemprop=\"itemreviewed\" itemscope=\"\" itemtype=\"http:\/\/schema.org\/Brand\"><span itemprop=\"name\">\"Covan Worldwide Moving<\/span><\/span>:<\/p>\n<ol>\n<li> Ai\u0161ki kontaktin\u0117 informacija svetain\u0117je (\u012fskaitant telefono numer\u012f): <strong>Taip<\/strong><\/li>\n<li> Lengva gauti <a href=\"https:\/\/moverdb.com\/lt\/citatos\/\">tarptautin\u0117s judan\u010dios citatos<\/a>? (internetin\u0117 s\u0105matos u\u017eklausos forma): <strong>Taip<\/strong><\/li>\n<li> Ai\u0161ki informacija svetain\u0117je: <strong>Taip<\/strong>, Svetain\u0117je klientai gali susidaryti ger\u0105 vaizd\u0105, ko tik\u0117tis i\u0161 \u012fmon\u0117s.<\/li>\n<li> Naryst\u0117 tarptautin\u0117se pripa\u017eintose jud\u0117jimo organizacijose: <strong>Taip<\/strong>, \u017er. pirmiau<\/li>\n<li> Klient\u0173 s\u0105ra\u0161as ir (arba) ankstesni\u0173 klient\u0173 atsiliepimai: <strong>Taip<\/strong>, Svetain\u0117je yra daug teigiam\u0173 klient\u0173 atsiliepim\u0173, ta\u010diau kitose interneto svetain\u0117se esantys atsiliepimai atrodo daugiausia neigiami.<\/li>\n<\/ol>\n<div itemprop=\"reviewRating\" itemscope itemtype=\"http:\/\/schema.org\/Rating\"><meta itemprop=\"worstRating\" content = \"0\" \/><meta itemprop=\"bestRating\" content=\"5\" \/><meta itemprop=\"ratingValue\" content=\"4\"><\/div>\n<p><strong>Bendras \u012fvertinimas: 4\/5<\/strong><br \/>\n<strong>Per\u017ei\u016bros data:<\/strong> <span itemprop=\"datePublished\" content=\"2016-10-24\">24\/10\/2016<\/span>\n<\/div>\n<p>Skaitykite daugiau apie <a href=\"https:\/\/moverdb.com\/lt\/juda-imones\/\">tarptautin\u0117s perkraustymo \u012fmon\u0117s<\/a>, <a href=\"https:\/\/moverdb.com\/lt\/us-kanada-persikraustymo-paslaugos\/\">Amerikos perkraustytojai<\/a> ir m\u016bs\u0173 <a href=\"https:\/\/moverdb.com\/lt\/atsiliepimai\/\">per\u017ei\u016bros procesas<\/a>.<\/p>\n<p><strong>Interneto svetain\u0117:<\/strong> <a href=\"http:\/\/www.covan.com\" target=\"_blank\" rel=\"noopener\">http:\/\/www.covan.com<\/a><\/p>","protected":false},"excerpt":{"rendered":"<p>Covan Worldwide Moving offers its clients a wide range of services. These are listed below, together with a company profile and reviews. International Movers Free In-Home Estimate Full-Service Packing OR Fragile-Only Packing Custom Crating Vehicle Shipping (as part of a household move and\/or independently of one) Piano Shipping (as part of a household move and\/or [&hellip;]<\/p>\n","protected":false},"author":1,"featured_media":0,"parent":0,"menu_order":0,"comment_status":"closed","ping_status":"closed","template":"","meta":{"_genesis_hide_title":false,"_genesis_hide_breadcrumbs":false,"_genesis_hide_singular_image":false,"_genesis_hide_footer_widgets":false,"_genesis_custom_body_class":"","_genesis_custom_post_class":"","_genesis_layout":"","footnotes":""},"class_list":{"0":"post-1042","1":"page","2":"type-page","3":"status-publish","5":"entry"},"_links":{"self":[{"href":"https:\/\/moverdb.com\/lt\/wp-json\/wp\/v2\/pages\/1042","targetHints":{"allow":["GET"]}}],"collection":[{"href":"https:\/\/moverdb.com\/lt\/wp-json\/wp\/v2\/pages"}],"about":[{"href":"https:\/\/moverdb.com\/lt\/wp-json\/wp\/v2\/types\/page"}],"author":[{"embeddable":true,"href":"https:\/\/moverdb.com\/lt\/wp-json\/wp\/v2\/users\/1"}],"replies":[{"embeddable":true,"href":"https:\/\/moverdb.com\/lt\/wp-json\/wp\/v2\/comments?post=1042"}],"version-history":[{"count":5,"href":"https:\/\/moverdb.com\/lt\/wp-json\/wp\/v2\/pages\/1042\/revisions"}],"predecessor-version":[{"id":6197,"href":"https:\/\/moverdb.com\/lt\/wp-json\/wp\/v2\/pages\/1042\/revisions\/6197"}],"wp:attachment":[{"href":"https:\/\/moverdb.com\/lt\/wp-json\/wp\/v2\/media?parent=1042"}],"curies":[{"name":"wp","href":"https:\/\/api.w.org\/{rel}","templated":true}]}}