{"id":1041,"date":"2016-10-25T05:39:31","date_gmt":"2016-10-25T05:39:31","guid":{"rendered":"http:\/\/moverdb.com\/?page_id=1041"},"modified":"2026-01-08T14:47:33","modified_gmt":"2026-01-08T14:47:33","slug":"armstrong-relocation","status":"publish","type":"page","link":"https:\/\/moverdb.com\/lt\/armstrong-relocation\/","title":{"rendered":"Armstrongo perk\u0117limas: Tarptautinio perkraustymo ap\u017evalgos"},"content":{"rendered":"<p>\"Armstrong Relocation\" klientams si\u016blo daugyb\u0119 perkraustymo paslaug\u0173. Jos i\u0161vardytos toliau, kartu su \u012fmon\u0117s profiliu ir atsiliepimais.<\/p>\n<p><strong>Tarptautinio perkraustymo paslaugos<\/strong><\/p>\n<ul>\n<li> Planavimas prie\u0161 persikraustym\u0105<\/li>\n<li> Asmeninis persikraustymo valdymas ir individualus persikraustymo planavimas<\/li>\n<li> Nemokamas pasiruo\u0161imo persikraustymui paketas<\/li>\n<li> Visi\u0161kas arba dalinis pakavimas ir (arba) i\u0161pakavimas<\/li>\n<li> \u012epakavimas \u012f d\u0117\u017ees ir specialus pakavimas<\/li>\n<li> Nuosavyb\u0117s apsauga<\/li>\n<li> Oro, j\u016br\u0173 ir (arba) sausumos transportas<\/li>\n<li> Eksporto arba importo dokumentai<\/li>\n<li> <a href=\"https:\/\/moverdb.com\/lt\/ekspeditorius\/\">Krovini\u0173 ekspedijavimas<\/a><\/li>\n<li> Muitinis \u012fforminimas<\/li>\n<li> Paskirties paslaugos<\/li>\n<li> Perkraustymo steb\u0117jimas internetu<\/li>\n<li> Vertinimo apr\u0117ptis<\/li>\n<li> Pretenzij\u0173 valdymas<\/li>\n<li> Trumpalaikis ir ilgalaikis saugojimas<\/li>\n<li> Nuolau\u017e\u0173 \u0161alinimas<\/li>\n<\/ul>\n<p><strong>Tarptautin\u0117s paskirties paslaugos<\/strong><\/p>\n<ul>\n<li> Orientavimasis<\/li>\n<li> Konsultacijos prie\u0161 priimant sprendim\u0105<\/li>\n<li> Pagalba socialinio draudimo ir vairuotojo pa\u017eym\u0117jimo klausimais<\/li>\n<li> Pagalba pasira\u0161ant nuomos sutart\u012f<\/li>\n<li> Pagalba persikraustant atliekant patikrinim\u0105<\/li>\n<li> Per\u017ei\u016bros programa \/ pa\u017eintin\u0117 kelion\u0117<\/li>\n<li> Pagalba \u012fsigyjant b\u016bst\u0105<\/li>\n<li> Visapusi\u0161kos nam\u0173 paie\u0161kos paslaugos<\/li>\n<li> Ekskursijos su palyda<\/li>\n<li> Pragyvenimo i\u0161laid\u0173 analiz\u0117 (COLA)<\/li>\n<li> Pagalba mokyklai<\/li>\n<li> Pagalba \u012fsikuriant<\/li>\n<li> I\u0161vykimo paslaugos<\/li>\n<\/ul>\n<p><strong>\u012emoni\u0173 perk\u0117limai<\/strong><\/p>\n<ul>\n<li> Politikos konsultavimas ir k\u016brimas<\/li>\n<li> Nam\u0173 apyvokos daikt\u0173 perkraustymo valdymas<\/li>\n<li> Grup\u0117s jud\u0117jimas<\/li>\n<li> Vienkartin\u0117 suma<\/li>\n<li> Nam\u0173 apyvokos daikt\u0173 jud\u0117jimas<\/li>\n<li> <a href=\"https:\/\/moverdb.com\/lt\/konteineriu-kroviniu-gabenimas\/\">Visos konteineri\u0173 gabenimo paslaugos<\/a><\/li>\n<li> Pritaikytos ataskaitos<\/li>\n<li> Perkraustymo steb\u0117jimas internetu<\/li>\n<li> Vertinimo apr\u0117ptis<\/li>\n<li> Pretenzij\u0173 valdymas<\/li>\n<li> Trumpalaikis ir ilgalaikis saugojimas<\/li>\n<li> \u012epakavimas \u012f d\u0117\u017ees ir specialus pakavimas<\/li>\n<li> Vadov\u0173 lygio konsjer\u017eo paslaugos<\/li>\n<li> I\u0161valymas, tvarkymas ir organizavimas<\/li>\n<li> Komunalini\u0173 paslaug\u0173 prijungimo paslaugos<\/li>\n<li> Nekilnojamojo turto brokerio pasirinkimas ir nam\u0173 rinkodaros planas<\/li>\n<li> Pinig\u0173 gr\u0105\u017einimas u\u017e parduot\u0105 ir \u012fsigyt\u0105 b\u016bst\u0105<\/li>\n<li> Nemokamas paskirties vietos informacijos paketas<\/li>\n<li> Laikinas gyvenimas<\/li>\n<li> Pagalba hipotekos srityje<\/li>\n<\/ul>\n<p><strong>Gyvenam\u0173j\u0173 nam\u0173 perkraustymai<\/strong><\/p>\n<ul>\n<li> Nemokama s\u0105mata<\/li>\n<li> Perkraustymo valdymas ir planavimas<\/li>\n<li> Specialus perkraustymo koordinatorius<\/li>\n<li> Visi\u0161kas arba dalinis pakavimas ir (arba) i\u0161pakavimas<\/li>\n<li> Nuosavyb\u0117s apsauga<\/li>\n<li> Pakavimo med\u017eiagos<\/li>\n<li> Nam\u0173 apyvokos daikt\u0173 jud\u0117jimas<\/li>\n<li> Draudimo apsauga<\/li>\n<li> Trumpalaikis \/ ilgalaikis saugojimas<\/li>\n<li> \u012epakavimo paslaugos<\/li>\n<li> Visapusi\u0161kas paslaug\u0173 perk\u0117limo variantas<\/li>\n<li> Komunalini\u0173 paslaug\u0173 prijungimo paslauga<\/li>\n<li> Pinig\u0173 gr\u0105\u017einimo nekilnojamojo turto nam\u0173 pardavimo \/ pirkimo planai<\/li>\n<li> Inscenizavimas ir organizavimas<\/li>\n<\/ul>\n<p><strong>Priemon\u0117s perk\u0117limai<\/strong><\/p>\n<ul>\n<li> Biuras<\/li>\n<li> Pramon\u0117s<\/li>\n<li> Sveikatos prie\u017ei\u016bra<\/li>\n<li> Vyriausyb\u0117<\/li>\n<\/ul>\n<h2>\"Armstrong Relocation\" \u012fmon\u0117s profilis<\/h2>\n<p>Bendrov\u0117 \"Armstrong Transfer and Storage\" buvo \u012fkurta 1922 m., o 1957 m. j\u0105 nusipirko svainiai Clyde'as Springeris ir Jimas Watsonas, kurie prad\u0117jo veikl\u0105 Memfyje, <a href=\"https:\/\/moverdb.com\/lt\/moving-to-the-united-states\/moving-to-tennessee\/\" data-internallinksmanager029f6b8e52c=\"406\" title=\"Persik\u0117limas \u012f Tenes\u012f? 2023 m. gyvenimo i\u0161laidos ir persik\u0117limo patarimai\">Tenesis<\/a> ir pavadino bendrov\u0119 \"Armstrong Relocation\". \u0160iandien j\u0105 tebevaldo \u0161eima - jau tre\u010dia \u0161i\u0173 dviej\u0173 pon\u0173 karta. <\/p>\n<p>\"Armstrong Relocation\" \u0161iandien yra did\u017eiausias preki\u0173 agentas <a href=\"https:\/\/moverdb.com\/lt\/united-van-lines\/\">\"United Van Lines<\/a> ir turi 22 biurus <a href=\"https:\/\/moverdb.com\/lt\/moving-to-the-united-states\/\" data-internallinksmanager029f6b8e52c=\"94\" title=\"Persik\u0117limas \u012f Jungtines Amerikos Valstijas? 2022 Gyvenimo i\u0161laidos ir persik\u0117limo patarimai\">JAV<\/a>, be to, visame pasaulyje veikia agent\u0173 tinklas, aptarnaujantis tarptautinius klientus. \"Armstrong Relocation\" misija - u\u017etikrinti auk\u0161\u010diausi\u0105 kokyb\u0119 ir klient\u0173 pasitenkinim\u0105.<\/p>\n<p>\"Armstrong Relocation\" turi \u0161ias priklausomybes ir akreditacijas:<\/p>\n<ul>\n<li> <a href=\"https:\/\/moverdb.com\/lt\/britu-salintoju-asociacija\/\">Did\u017eiosios Britanijos perkraustytoj\u0173 asociacija<\/a> (<a href=\"https:\/\/moverdb.com\/lt\/british-association-of-removers\/\" data-internallinksmanager029f6b8e52c=\"9\" title=\"Britanijos perkraustymo \u012fmoni\u0173 asociacijos (BAR) paai\u0161kinimai\">BAR<\/a>)<\/li>\n<li> <a href=\"https:\/\/moverdb.com\/lt\/fidi-faim\/\">Tarptautini\u0173 perkraustymo bendrovi\u0173 federacija<\/a> (<a href=\"https:\/\/moverdb.com\/lt\/fidi-faim\/\" data-internallinksmanager029f6b8e52c=\"16\" title=\"FIDI ir FAIM (FIDI akredituotas tarptautinis perve\u017e\u0117jas) paai\u0161kinimai\">FIDI<\/a>)<\/li>\n<li> Emigrant\u0173 valdymo forumas<\/li>\n<li> Netiesioginis oro ve\u017e\u0117jas<\/li>\n<li> <a href=\"https:\/\/moverdb.com\/lt\/iata\/\">Tarptautin\u0117 oro transporto asociacija<\/a> (<a href=\"https:\/\/moverdb.com\/lt\/iata\/\" data-internallinksmanager029f6b8e52c=\"22\" title=\"Tarptautin\u0117s oro transporto asociacijos (IATA) paai\u0161kinimai\">IATA<\/a>)<\/li>\n<li> <a href=\"https:\/\/moverdb.com\/lt\/esu\/\">Tarptautin\u0117 perkraustytoj\u0173 asociacija<\/a> (<a href=\"https:\/\/moverdb.com\/lt\/iam\/\" data-internallinksmanager029f6b8e52c=\"23\" title=\"Tarptautin\u0117s perkraustytoj\u0173 asociacijos (IAM) paai\u0161kinimai\">IAM<\/a>)<\/li>\n<li> Tarptautin\u0117 patalp\u0173 valdymo asociacija<\/li>\n<li> Tarptautin\u0117 standartizacijos organizacija<\/li>\n<li> <a href=\"https:\/\/moverdb.com\/lt\/lacma\/\">Lotyn\u0173 Amerikos ir Karib\u0173 j\u016bros regiono tarptautini\u0173 perkraustytoj\u0173 asociacija<\/a> (<a href=\"https:\/\/moverdb.com\/lt\/lacma\/\" data-internallinksmanager029f6b8e52c=\"28\" title=\"Lotyn\u0173 Amerikos ir Karib\u0173 j\u016bros regiono tarptautini\u0173 perkraustytoj\u0173 asociacija (LACMA)\">LACMA<\/a>)<\/li>\n<li> Tarptautinis u\u017ej\u016brio jud\u0117jimo tinklas (OMNI)<\/li>\n<li> U\u017ej\u016brio krovini\u0173 siunt\u0117j\u0173 asociacija (OSA) - nar\u0117 steig\u0117ja<\/li>\n<li> \u017dmogi\u0161k\u0173j\u0173 i\u0161tekli\u0173 valdymo draugija<\/li>\n<li> JAV muitin\u0117s ir sienos apsaugos tarnyba<\/li>\n<li> <a href=\"https:\/\/moverdb.com\/lt\/darbuotoju-perkelimo-taryba\/\">Pasaulin\u0117 darbuotoj\u0173 perk\u0117limo taryba<\/a><\/li>\n<li> Smartway<\/li>\n<li> <a href=\"https:\/\/moverdb.com\/lt\/united-van-lines\/\">\"United Van Lines<\/a><\/li>\n<\/ul>\n<h2>Armstrong Relocation Atsiliepimai<\/h2>\n<p><strong>Teigiamas:<\/strong><\/p>\n<ul>\n<li> <em>\"Armstrong\" komanda tikrai padar\u0117 persikraustym\u0105 malonia patirtimi!\"<\/em> Kay T per <a href=\"https:\/\/www.yelp.com\/biz\/armstrong-relocation-carrollton-4?hrid=LJyHKGw95UdYmBHHZwyr5Q&#038;utm_campaign=www_review_share_popup&#038;utm_medium=copy_link&#038;utm_source=(direct)\" target=\"_blank\" rel=\"noopener\">\"Yelp\"<\/a><\/li>\n<li> <em>\"Negaliu patik\u0117ti, kaip lengvai vyko mano perk\u0117limas. Buvo lengva ir man nereik\u0117jo stresuoti. Erin pasir\u016bpino, kad vis\u0105 laik\u0105 tur\u0117\u010diau vis\u0105 reikiam\u0105 informacij\u0105, ir da\u017enai skambindavo pasitikslinti. Jei kada nors v\u0117l teks persikelti, tikrai pasinaudosiu \"Armstrong Relation\" paslaugomis!\"<\/em> - Bfunte per <a href=\"http:\/\/www.mymovingreviews.com\/movers\/armstrong-relocation-2671#50688\" target=\"_blank\" rel=\"noopener\">MyMovingReviews.com<\/a> <\/li>\n<li> <em>\"M\u016bs\u0173 \"Armstrong\" komanda buvo i\u0161skirtin\u0117! Jie puikiai aptarnavo klientus, buvo draugi\u0161ki, paslaug\u016bs, gerai organizuoti, efektyv\u016bs ir profesional\u016bs. Tai buvo geriausia m\u016bs\u0173 kada nors tur\u0117ta perkraustymo komanda!\"<\/em> - M.M kliento atsiliepimas i\u0161 \"Armstrong\" svetain\u0117s<\/li>\n<\/ul>\n<p><strong>Neigiamas:<\/strong><\/p>\n<ul>\n<li> \"<em>Nor\u0117\u010diau, kad gal\u0117\u010diau jiems suteikti nul\u012f \u017evaig\u017edu\u010di\u0173. Tai buvo blogiausia patirtis mano gyvenime.\"<\/em> Natalie M per <a href=\"https:\/\/www.yelp.com\/biz\/armstrong-relocation-carrollton-4?hrid=caooXxcr-ZmkltnMtL6R_g&#038;utm_campaign=www_review_share_popup&#038;utm_medium=copy_link&#038;utm_source=(direct)\" target=\"_blank\" rel=\"noopener\">\"Yelp\"<\/a><\/li>\n<li> <em>\"Manau, kad vietiniam persik\u0117limui \"Armstrong\" gal\u0117t\u0173 b\u016bti tinkamas pasirinkimas. Ta\u010diau ilgesni\u0173 perkraustym\u0173 atveju jie tur\u0117t\u0173 geriau \u012fvertinti pristatymo termin\u0105 ir bendrauti su pristatymo agentu.\"<\/em> - per <a href=\"http:\/\/www.bbb.org\/chicago\/business-reviews\/movers\/armstrong-relocation-co-in-glendale-hts-il-12008868\/customer-reviews\" target=\"_blank\" rel=\"noopener\">BBB<\/a><\/li>\n<li> <em>\"Esu labai nusivyl\u0119s jais. Jie i\u0161pakavo visus mano daiktus, kuriuos tur\u0117jau pal\u0117p\u0117je. Kas yra gerai, nes nenoriu, kad jie b\u016bt\u0173 sudau\u017eyti. Bet viskas buvo sumai\u0161yta.\"<\/em> - Mistie per <a href=\"https:\/\/www.facebook.com\/ArmstrongRelocationDallas\/reviews\/\" target=\"_blank\" rel=\"noopener\">\"Facebook\"<\/a><\/li>\n<\/ul>\n<div itemprop=\"review\" itemscope itemtype=\"http:\/\/schema.org\/Review\">\n<span itemprop=\"author\" itemscope=\"\" itemtype=\"http:\/\/schema.org\/Organization\"><span itemprop=\"name\">MoverDB.com<\/span><\/span> Internetin\u0117s svetain\u0117s ap\u017evalga <span itemprop=\"itemreviewed\" itemscope=\"\" itemtype=\"http:\/\/schema.org\/Brand\"><span itemprop=\"name\">Armstrongo perk\u0117limas<\/span><\/span>:<\/p>\n<ol>\n<li> Ai\u0161ki kontaktin\u0117 informacija svetain\u0117je (\u012fskaitant telefono numer\u012f): <strong>Taip<\/strong><\/li>\n<li> Lengva gauti <a href=\"https:\/\/moverdb.com\/lt\/citatos\/\">tarptautin\u0117s judan\u010dios citatos<\/a>? (internetin\u0117 s\u0105matos u\u017eklausos forma): <strong>Taip<\/strong><\/li>\n<li> Ai\u0161ki informacija svetain\u0117je: <strong>Taip<\/strong>, Svetain\u0117je klientai gali susidaryti ger\u0105 vaizd\u0105, ko tik\u0117tis i\u0161 \u012fmon\u0117s.<\/li>\n<li> Naryst\u0117 tarptautin\u0117se pripa\u017eintose jud\u0117jimo organizacijose: <strong>Taip<\/strong>, daug, \u017er. pirmiau<\/li>\n<li> Klient\u0173 s\u0105ra\u0161as ir (arba) ankstesni\u0173 klient\u0173 atsiliepimai: <strong>Taip<\/strong>, ta\u010diau jie yra i\u0161sibarst\u0119 po vis\u0105 svetain\u0119, o ne specialiame nukreipiamajame puslapyje. Be to, j\u0173 ap\u017evalgos i\u0161 viso interneto yra \u0161iek tiek nevienareik\u0161m\u0117s.<\/li>\n<\/ol>\n<div itemprop=\"reviewRating\" itemscope itemtype=\"http:\/\/schema.org\/Rating\"><meta itemprop=\"worstRating\" content = \"0\" \/><meta itemprop=\"bestRating\" content=\"5\" \/><meta itemprop=\"ratingValue\" content=\"4\"><\/div>\n<p><strong>Bendras \u012fvertinimas: 4\/5<\/strong><br \/>\n<strong>Per\u017ei\u016bros data:<\/strong> <span itemprop=\"datePublished\" content=\"2016-10-25\">25\/10\/2016<\/span>\n<\/div>\n<p>Skaitykite daugiau apie <a href=\"https:\/\/moverdb.com\/lt\/juda-imones\/\">tarptautin\u0117s perkraustymo \u012fmon\u0117s<\/a>, <a href=\"https:\/\/moverdb.com\/lt\/us-kanada-persikraustymo-paslaugos\/\">Tolim\u0173j\u0173 ir tarpvalstybini\u0173 perkraustymo paslaug\u0173 teik\u0117jai<\/a> ir m\u016bs\u0173 <a href=\"https:\/\/moverdb.com\/lt\/atsiliepimai\/\">per\u017ei\u016bros procesas<\/a>.<\/p>\n<p><strong>Interneto svetain\u0117:<\/strong> <a href=\"http:\/\/www.armstrongrelocation.com\" target=\"_blank\" rel=\"noopener\">http:\/\/www.armstrongrelocation.com<\/a><\/p>","protected":false},"excerpt":{"rendered":"<p>Armstrong Relocation has an abundance of moving services which it offers its customers. These are listed below together with a company profile and reviews. International Moving Services Pre-move planning Personal move management and custom-designed move planning Free move preparation packet Full or partial packing\/unpacking Crating and specialty packing Property protection Air, ocean and\/or land transportation [&hellip;]<\/p>\n","protected":false},"author":1,"featured_media":0,"parent":0,"menu_order":0,"comment_status":"closed","ping_status":"closed","template":"","meta":{"_genesis_hide_title":false,"_genesis_hide_breadcrumbs":false,"_genesis_hide_singular_image":false,"_genesis_hide_footer_widgets":false,"_genesis_custom_body_class":"","_genesis_custom_post_class":"","_genesis_layout":"","footnotes":""},"class_list":{"0":"post-1041","1":"page","2":"type-page","3":"status-publish","5":"entry"},"_links":{"self":[{"href":"https:\/\/moverdb.com\/lt\/wp-json\/wp\/v2\/pages\/1041","targetHints":{"allow":["GET"]}}],"collection":[{"href":"https:\/\/moverdb.com\/lt\/wp-json\/wp\/v2\/pages"}],"about":[{"href":"https:\/\/moverdb.com\/lt\/wp-json\/wp\/v2\/types\/page"}],"author":[{"embeddable":true,"href":"https:\/\/moverdb.com\/lt\/wp-json\/wp\/v2\/users\/1"}],"replies":[{"embeddable":true,"href":"https:\/\/moverdb.com\/lt\/wp-json\/wp\/v2\/comments?post=1041"}],"version-history":[{"count":3,"href":"https:\/\/moverdb.com\/lt\/wp-json\/wp\/v2\/pages\/1041\/revisions"}],"predecessor-version":[{"id":6174,"href":"https:\/\/moverdb.com\/lt\/wp-json\/wp\/v2\/pages\/1041\/revisions\/6174"}],"wp:attachment":[{"href":"https:\/\/moverdb.com\/lt\/wp-json\/wp\/v2\/media?parent=1041"}],"curies":[{"name":"wp","href":"https:\/\/api.w.org\/{rel}","templated":true}]}}