{"id":1040,"date":"2016-11-21T22:14:01","date_gmt":"2016-11-21T22:14:01","guid":{"rendered":"http:\/\/moverdb.com\/?page_id=1040"},"modified":"2026-01-08T14:40:11","modified_gmt":"2026-01-08T14:40:11","slug":"mccollisters-perkraustymas","status":"publish","type":"page","link":"https:\/\/moverdb.com\/lt\/mccollisters-moving\/","title":{"rendered":"\"McCollister's Transportation Group\": Tarptautinio perkraustymo ap\u017evalgos"},"content":{"rendered":"<p>\"McCollister's Transportation Group\" yra \"UniGroup\" atstov\u0117. \u012emon\u0117 savo klientams si\u016blo daugyb\u0119 perkraustymo paslaug\u0173, kurios i\u0161vardytos toliau kartu su \u012fmon\u0117s profiliu ir atsiliepimais.<\/p>\n<p><strong>Tarptautiniai perkraustymai<\/strong><\/p>\n<ul>\n<li> Specialus logistikos koordinatorius<\/li>\n<li> Paslauga \"nuo dur\u0173 iki dur\u0173<\/li>\n<li> Visapusi\u0161kas aptarnavimas<\/li>\n<li> \"Air ride\" furgon\u0173 paslauga<\/li>\n<li> Krovini\u0173 gabenimas oru ir j\u016bra<\/li>\n<li> Trumpalaikis ir ilgalaikis saugojimas<\/li>\n<\/ul>\n<p><strong>Komerciniai perkraustymai<\/strong><\/p>\n<ul>\n<li> Biuro ir (arba) patalp\u0173 perk\u0117limas<\/li>\n<li> Duomen\u0173 centro perk\u0117limas ir IT paslaugos<\/li>\n<li> Vidaus erdv\u0117s operacijos<\/li>\n<li> Sistemos baldai<\/li>\n<li> Komercinis sand\u0117liavimas<\/li>\n<li> Trumpalaikis ir ilgalaikis saugojimas<\/li>\n<\/ul>\n<p><strong>Nam\u0173 \u016bkio perkraustymai<\/strong><\/p>\n<ul>\n<li> Gyvenam\u0173j\u0173 nam\u0173 perkraustymai<\/li>\n<li> Kariniai veiksmai<\/li>\n<li> \"pasidaryk pats\" judesiai<\/li>\n<li> UPASS studentams<\/li>\n<li> \u012emoni\u0173 perk\u0117limai<\/li>\n<li> Visapusi\u0161kas aptarnavimas<\/li>\n<li> Nuo dur\u0173 iki dur\u0173<\/li>\n<li> Trumpalaikis ir ilgalaikis saugojimas<\/li>\n<\/ul>\n<p><strong>Specialusis transportas<\/strong><\/p>\n<ul>\n<li> Medicinos \u012frangos perk\u0117limas<\/li>\n<li> U\u017e\u0161aldyt\u0173 ir (arba) kriogenini\u0173 produkt\u0173 transportavimas<\/li>\n<li> Menas ir antikvariniai daiktai<\/li>\n<li> Prekybos parodos<\/li>\n<li> Saul\u0117s energijos pramon\u0117<\/li>\n<li> Baltosios pir\u0161tin\u0117s ir furgonas su pamink\u0161tinimu<\/li>\n<li> Kontroliuojamas klimatas<\/li>\n<li> Karinis transportas<\/li>\n<li> Automobili\u0173 transportavimas<\/li>\n<li> Pramogos<\/li>\n<\/ul>\n<h2>\"McCollister's Transportation Group\" \u012fmon\u0117s profilis<\/h2>\n<p>\"McCollister's Transportation Group\" 1945 m. \u012fk\u016br\u0117 H. Danielis McCollisteris. \"McCollister's\" yra privati bendrov\u0117 ir \"UniGroup Inc.\", kuriai priklauso <a href=\"https:\/\/moverdb.com\/lt\/united-van-lines\/\">\"United Van Lines<\/a> ir <a href=\"https:\/\/moverdb.com\/lt\/mayflower-transit\/\">\"Mayflower Transit<\/a>. <\/p>\n<p>Bendrov\u0117s b\u016bstin\u0117 \u012fsik\u016brusi Burlingtone, <a href=\"https:\/\/moverdb.com\/lt\/moving-to-the-united-states\/moving-to-new-jersey\/\" data-internallinksmanager029f6b8e52c=\"417\" title=\"Persik\u0117limas \u012f Nauj\u0105j\u012f D\u017eers\u012f? 2023 m. gyvenimo i\u0161laidos ir persik\u0117limo patarimai\">Naujasis D\u017eersis<\/a>, \u012fmon\u0117je dirba daugiau kaip 1 000 vis\u0105 darbo dien\u0105 dirban\u010di\u0173 darbuotoj\u0173 ir ji eksploatuoja daugiau kaip 1 000 transporto priemoni\u0173 ir jud\u0117jimo \u012frangos.<\/p>\n<p>\"McCollister's\" turi tris pagrindinius padalinius: darbuotoj\u0173 perk\u0117limo, komercini\u0173 paslaug\u0173 ir didel\u0117s vert\u0117s produkt\u0173 logistikos. Bendrov\u0117 teigia, kad jos s\u0117km\u0119 lemia <em>\"lankst\u016bs sprendimai, kokybi\u0161kos paslaugos, saugumas, efektyvumas ir greitis.\"<\/em> <\/p>\n<p>\"McCollister's Transportation Group\" turi \u0161ias akreditacijas ir naryst\u0119:<\/p>\n<ul>\n<li> <a href=\"https:\/\/moverdb.com\/lt\/esu\/\">Tarptautin\u0117 perkraustytoj\u0173 asociacija<\/a> (<a href=\"https:\/\/moverdb.com\/lt\/iam\/\" data-internallinksmanager029f6b8e52c=\"23\" title=\"Tarptautin\u0117s perkraustytoj\u0173 asociacijos (IAM) paai\u0161kinimai\">IAM<\/a>)<\/li>\n<li> <a href=\"https:\/\/moverdb.com\/lt\/amsa\/\">AMSA<\/a><\/li>\n<li> C-TPAT sertifikuotas ve\u017e\u0117jas<\/li>\n<li> <a href=\"https:\/\/moverdb.com\/lt\/ratlankio-remelis\/\">Sertifikuotas \"ProMover<\/a><\/li>\n<li> <a href=\"https:\/\/moverdb.com\/lt\/darbuotoju-perkelimo-taryba\/\">Darbuotoj\u0173 perk\u0117limo taryba<\/a><\/li>\n<li> <a href=\"https:\/\/moverdb.com\/lt\/moving-to-the-united-states\/\" data-internallinksmanager029f6b8e52c=\"94\" title=\"Persik\u0117limas \u012f Jungtines Amerikos Valstijas? 2022 Gyvenimo i\u0161laidos ir persik\u0117limo patarimai\">JAV<\/a> Aplinkos apsaugos agent\u016bra - SmartWay<\/li>\n<li> Naujojo D\u017eersio sand\u0117linink\u0173 ir perve\u017e\u0117j\u0173 asociacija<\/li>\n<li> Geresnio verslo biuras (BBB)<\/li>\n<\/ul>\n<h2>\"McCollister's Transportation Group\" atsiliepimai<\/h2>\n<p><strong>Teigiamas:<\/strong><\/p>\n<ul>\n<li> <em>\"Apskritai buvau labai patenkintas patirtimi, net ir su nedideliais nesklandumais, o tai, kaip problemos buvo i\u0161spr\u0119stos, rodo, kad jie yra tikrai profesionali \u012fmon\u0117.\"<\/em> - Sherifas per <a href=\"https:\/\/www.yelp.com\/biz\/mccollisters-transportation-group-burlington?hrid=DrSyWKiICkF8QIFDonWtLQ&#038;utm_campaign=www_review_share_popup&#038;utm_medium=copy_link&#038;utm_source=(direct)\" target=\"_blank\" rel=\"noopener\">\"Yelp\"<\/a>.<\/li>\n<li> <em>\"Puiki patirtis nuo pirmojo skambu\u010dio iki paskutin\u0117s d\u0117\u017e\u0117s i\u0161 sunkve\u017eimio. Labai rekomenduoju!\"<\/em> - Sharon per <a href=\"https:\/\/www.facebook.com\/pg\/McCollisters\/reviews\/\" target=\"_blank\" rel=\"noopener\">\"Facebook\"<\/a><\/li>\n<\/ul>\n<p><strong>Neigiamas:<\/strong><\/p>\n<ul>\n<li> <em>\"\u0160i ap\u017evalga b\u016bt\u0173 buvusi 5 \u017evaig\u017edut\u0117s, bet d\u0117l to, kad ka\u017ekas i\u0161 j\u0173 \u012fgulos pavog\u0117 i\u0161 man\u0119s ir mano \u0161eimos.\"<\/em> - Mike'as per <a href=\"https:\/\/www.bbb.org\/new-jersey\/business-reviews\/movers\/mccollister-s-transportation-in-burlington-nj-80001208\/reviews-and-complaints\" target=\"_blank\" rel=\"noopener\">BBB<\/a><\/li>\n<li> <em>\"A\u0161 paprastai neskelbiu \u0161ioje svetain\u0117je, bet tur\u0117jau siaubing\u0105 patirt\u012f su \u0161ia \u012fmone.\"<\/em> - BK per <a href=\"http:\/\/www.mymovingreviews.com\/movers\/mccollister-s-5188#48089\" target=\"_blank\" rel=\"noopener\">MyMovingReviews<\/a><\/li>\n<\/ul>\n<div itemprop=\"review\" itemscope itemtype=\"http:\/\/schema.org\/Review\">\n<span itemprop=\"author\" itemscope=\"\" itemtype=\"http:\/\/schema.org\/Organization\"><span itemprop=\"name\">MoverDB.com<\/span><\/span> Internetin\u0117s svetain\u0117s ap\u017evalga <span itemprop=\"itemreviewed\" itemscope=\"\" itemtype=\"http:\/\/schema.org\/Brand\"><span itemprop=\"name\">\"McCollister's Transportation Group<\/span><\/span>:<\/p>\n<ol>\n<li> Ai\u0161ki kontaktin\u0117 informacija svetain\u0117je (\u012fskaitant telefono numer\u012f): <strong>Taip<\/strong><\/li>\n<li> Lengva gauti <a href=\"https:\/\/moverdb.com\/lt\/citatos\/\">tarptautin\u0117s judan\u010dios citatos<\/a>? (internetin\u0117 s\u0105matos u\u017eklausos forma): <strong>Taip<\/strong><\/li>\n<li> Ai\u0161ki informacija svetain\u0117je: <strong>Kai kurie<\/strong> Svetain\u0117je n\u0117ra daug i\u0161samios informacijos.<\/li>\n<li> Naryst\u0117 tarptautin\u0117se pripa\u017eintose jud\u0117jimo organizacijose: <strong>Taip<\/strong>, \u017er. pirmiau.<\/li>\n<li> Klient\u0173 s\u0105ra\u0161as ir (arba) ankstesni\u0173 klient\u0173 atsiliepimai: <strong>Ne<\/strong>, nors jie turi \"Facebook\" puslap\u012f, kuriame yra keletas atsiliepim\u0173. Kit\u0173 interneto svetaini\u0173 atsiliepimai yra \u0161iek tiek nevienareik\u0161miai, ta\u010diau daugiau teigiami nei neigiami.<\/li>\n<\/ol>\n<div itemprop=\"reviewRating\" itemscope itemtype=\"http:\/\/schema.org\/Rating\"><meta itemprop=\"worstRating\" content = \"0\" \/><meta itemprop=\"bestRating\" content=\"5\" \/><meta itemprop=\"ratingValue\" content=\"3.5\"><\/div>\n<p><strong>Bendras \u012fvertinimas: 3,5\/5<\/strong><br \/>\n<strong>Per\u017ei\u016bros data:<\/strong> <span itemprop=\"datePublished\" content=\"2016-11-21\">21\/11\/2016<\/span>\n<\/div>\n<p>Skaitykite daugiau apie <a href=\"https:\/\/moverdb.com\/lt\/juda-imones\/\">geriausios tarptautin\u0117s perkraustymo \u012fmon\u0117s<\/a>, <a href=\"https:\/\/moverdb.com\/lt\/us-kanada-persikraustymo-paslaugos\/\">JAV perkraustytojai<\/a> ir m\u016bs\u0173 <a href=\"https:\/\/moverdb.com\/lt\/atsiliepimai\/\">per\u017ei\u016bros procesas<\/a>.<\/p>\n<p><strong>Interneto svetain\u0117:<\/strong> <a href=\"https:\/\/www.mccollisters.com\/\" target=\"_blank\" rel=\"noopener\">https:\/\/www.mccollisters.com\/<\/a><\/p>","protected":false},"excerpt":{"rendered":"<p>McCollister&#8217;s Transportation Group is an agent of the UniGroup. The company offers its clients many moving services which are listed below, together with a company profile and reviews. International Moves Dedicated logistics coordinator Door-to-door service Full service Air ride van service Air and sea freight Short and long term storage Commercial Moves Office\/facility relocation Data [&hellip;]<\/p>\n","protected":false},"author":1,"featured_media":0,"parent":0,"menu_order":0,"comment_status":"closed","ping_status":"closed","template":"","meta":{"_genesis_hide_title":false,"_genesis_hide_breadcrumbs":false,"_genesis_hide_singular_image":false,"_genesis_hide_footer_widgets":false,"_genesis_custom_body_class":"","_genesis_custom_post_class":"","_genesis_layout":"","footnotes":""},"class_list":{"0":"post-1040","1":"page","2":"type-page","3":"status-publish","5":"entry"},"_links":{"self":[{"href":"https:\/\/moverdb.com\/lt\/wp-json\/wp\/v2\/pages\/1040","targetHints":{"allow":["GET"]}}],"collection":[{"href":"https:\/\/moverdb.com\/lt\/wp-json\/wp\/v2\/pages"}],"about":[{"href":"https:\/\/moverdb.com\/lt\/wp-json\/wp\/v2\/types\/page"}],"author":[{"embeddable":true,"href":"https:\/\/moverdb.com\/lt\/wp-json\/wp\/v2\/users\/1"}],"replies":[{"embeddable":true,"href":"https:\/\/moverdb.com\/lt\/wp-json\/wp\/v2\/comments?post=1040"}],"version-history":[{"count":7,"href":"https:\/\/moverdb.com\/lt\/wp-json\/wp\/v2\/pages\/1040\/revisions"}],"predecessor-version":[{"id":13175,"href":"https:\/\/moverdb.com\/lt\/wp-json\/wp\/v2\/pages\/1040\/revisions\/13175"}],"wp:attachment":[{"href":"https:\/\/moverdb.com\/lt\/wp-json\/wp\/v2\/media?parent=1040"}],"curies":[{"name":"wp","href":"https:\/\/api.w.org\/{rel}","templated":true}]}}