{"id":1038,"date":"2016-11-05T17:02:13","date_gmt":"2016-11-05T17:02:13","guid":{"rendered":"http:\/\/moverdb.com\/?page_id=1038"},"modified":"2026-01-08T15:20:27","modified_gmt":"2026-01-08T15:20:27","slug":"national-van-lines","status":"publish","type":"page","link":"https:\/\/moverdb.com\/lt\/national-van-lines\/","title":{"rendered":"\"National Van Lines\": Tarptautinio perkraustymo ap\u017evalgos"},"content":{"rendered":"<p>\"National Van Lines\" savo klientams si\u016blo plat\u0173 perkraustymo paslaug\u0173 asortiment\u0105. Jos i\u0161vardytos toliau kartu su \u012fmon\u0117s profiliu ir atsiliepimais.<\/p>\n<p><strong>Tarptautiniai perkraustymai<\/strong><\/p>\n<ul>\n<li> Asmenys ir \u012fmon\u0117s<\/li>\n<li> Specialus perkraustymo koordinatorius<\/li>\n<li> Konsultavimas visais persikraustymo proceso klausimais<\/li>\n<li> Dokument\u0173 reikalavim\u0173 gair\u0117s<\/li>\n<li> <a href=\"https:\/\/moverdb.com\/lt\/citatos\/\">\"Nuo dur\u0173 iki dur\u0173\" i\u0161laid\u0173 s\u0105matos<\/a> for <a href=\"https:\/\/moverdb.com\/lt\/konteineriu-kroviniu-gabenimas\/\">gabenimas vandenynu arba oru.<\/a><\/li>\n<li> steb\u0117jimas, kad siunta b\u016bt\u0173 saugiai pristatyta.<\/li>\n<li> Kiekvieno perkraustymo etapo koordinavimas<\/li>\n<li> Pagalba ma\u017eai tik\u0117tinu ie\u0161kinio atveju<\/li>\n<\/ul>\n<p><strong>Specialyb\u0117s judesiai<\/strong><\/p>\n<ul>\n<li> Parduotuvi\u0173 \u012franga<\/li>\n<li> Elektronika<\/li>\n<li> Prekybos parodos<\/li>\n<li> \u017daidim\u0173 \u012franga<\/li>\n<li> Lo\u0161imo automatai<\/li>\n<li> Automobili\u0173 transportavimas<\/li>\n<li> Fortepijono perk\u0117limas<\/li>\n<li> Judantis menas<\/li>\n<li> Senovini\u0173 laikrod\u017ei\u0173 ir antikvarini\u0173 daikt\u0173 perkraustytojai<\/li>\n<li> Biliardo stal\u0173 perkraustytojai<\/li>\n<\/ul>\n<p><strong>\u012emoni\u0173 perk\u0117limas<\/strong><\/p>\n<ul>\n<li> Tarptautiniai ir vietiniai<\/li>\n<li> Vienas darbuotojas arba visas biuras<\/li>\n<li> Kompiuteri\u0173 ir elektronikos perkraustytojai<\/li>\n<li> Laboratorij\u0173 ir medicinin\u0117s \u012frangos perve\u017e\u0117jai<\/li>\n<\/ul>\n<p><strong>Nam\u0173 \u016bkio perkraustymai<\/strong><\/p>\n<ul>\n<li> Vietiniai perkraustymai<\/li>\n<li> Tolimi perve\u017eimai<\/li>\n<li> Krosas<\/li>\n<li> Tarpvalstybinis<\/li>\n<li> Valstij\u0173 viduje<\/li>\n<li> Nacionalinis<\/li>\n<li> Nuo dur\u0173 iki dur\u0173<\/li>\n<li> Si\u016blomos visos paslaugos<\/li>\n<\/ul>\n<p><strong>Saugykla<\/strong><\/p>\n<ul>\n<li> Ilgalaikis ir trumpalaikis<\/li>\n<li> Kontroliuojamas klimatas<\/li>\n<li> 24\/7 apsauga<\/li>\n<\/ul>\n<h2>Bendrov\u0117s \"National Van Lines\" profilis<\/h2>\n<p>Dabartin\u0117 \"National Van Lines\" generalin\u0117 direktor\u0117 Maureen Beal yra \"National Van Lines\" \u012fk\u016br\u0117jo F. J. McKee an\u016bk\u0117. F. F. McKee prad\u0117jo versl\u0105 <a href=\"https:\/\/moverdb.com\/lt\/persikelimas-i-cikaga\/\">\u010cikaga<\/a> 1901 m. su vienu ve\u017eim\u0117liu ir vienu poniu gabeno led\u0105 ir anglis. <\/p>\n<p>Nuo to laiko \u012fmon\u0117 klest\u0117jo ir dabar gabena \u017emones, \u012fmones ir kari\u0161kius vietos ir pasaulio mastu. Ji turi daugiau kaip 400 agent\u0173, kurie padeda vykdyti \u0161\u012f proces\u0105.<\/p>\n<p>\u012emon\u0117s \u0161\u016bkis - \"Perkraustyti j\u016bs\u0173 prisiminimus\" - tai priminimas tiek darbuotojams, tiek klientams, kad asmeniniai daiktai yra brang\u016bs ir su jais visada bus elgiamasi r\u016bpestingai.<\/p>\n<p>\"National Van Lines\" turi \u0161ias akreditacijas ir naryst\u0119:<\/p>\n<ul>\n<li> <a href=\"https:\/\/moverdb.com\/lt\/ratlankio-remelis\/\">Sertifikuotas \"ProMover<\/a><\/li>\n<li> Akredituotas \"Better Business Bureau\" (BBB)<\/li>\n<li> Movers.Com Patikrintas perve\u017e\u0117jas<\/li>\n<li> <a href=\"https:\/\/moverdb.com\/lt\/fidi-faim\/\">FIDI<\/a><\/li>\n<\/ul>\n<h2>\"National Van Lines\" atsiliepimai<\/h2>\n<p><strong>Teigiamas:<\/strong><\/p>\n<ul>\n<li> <em>\"Buvau labai patenkintas savo bald\u0173 pa\u0117mimu ir pristatymu. Be to, Dave'as buvo labai profesionalus ir pateik\u0117 teising\u0105 s\u0105mat\u0105.\"<\/em> - Bari per \u012fmon\u0117s atsiliepim\u0173 puslap\u012f<\/li>\n<li> <em>\"National Van Lines\" pasi\u0117m\u0117 laiku, pristat\u0117 laiku ir nieko neprarado ar nesulau\u017e\u0117.\"<\/em> - Gail per <a href=\"https:\/\/www.yelp.co.uk\/biz\/national-van-lines-broadview?hrid=xrO9qdjtpdZ-DKkGynhkBw&#038;utm_campaign=www_review_share_popup&#038;utm_medium=copy_link&#038;utm_source=(direct)\" target=\"_blank\" rel=\"noopener\">\"Yelp\"<\/a><\/li>\n<li> <em>\"Galiu pasakyti tik vien\u0105 \u017eod\u012f. NUOSTABUS!\"<\/em> - Lori per <a href=\"http:\/\/www.mymovingreviews.com\/movers\/national-van-lines-256#59528\" target=\"_blank\" rel=\"noopener\">MyMovingReviews.com<\/a><\/li>\n<\/ul>\n<p><strong>Neigiamas:<\/strong><\/p>\n<ul>\n<li> <em>\"Per pastaruosius 8 metus persikraus\u010diau 5-6 kartus ir niekada netur\u0117jau tokios patirties.\"<\/em> - Cindy per <a href=\"https:\/\/www.consumeraffairs.com\/movers\/national.htm\" target=\"_blank\" rel=\"noopener\">Vartotoj\u0173 reikalai<\/a><\/li>\n<li> <em>\"National Van Lines\" nepristat\u0117 mano nam\u0173 apyvokos daikt\u0173 t\u0105 dien\u0105, kuri\u0105 man nurod\u0117 vairuotojas. Jie man pasak\u0117, kad mano s\u0105skaitoje fakt\u016broje nurodyta data, ta\u010diau problema buvo ta, kad a\u0161 niekada negavau s\u0105skaitos fakt\u016bros. Prista\u010dius krovin\u012f tr\u016bko daugiau nei pus\u0117s mano daikt\u0173.\"<\/em> - Fran\u010donas per <a href=\"http:\/\/www.bbb.org\/chicago\/business-reviews\/movers\/national-van-lines-inc-in-broadview-il-5114\/customer-reviews\" target=\"_blank\" rel=\"noopener\">BBB<\/a><\/li>\n<li> <em>\"M\u016bs\u0173 patirtis su \"National Van Lines\" buvo ko\u0161maras. Atstovas, kuris pasira\u0161\u0117 <a href=\"https:\/\/moverdb.com\/lt\/moving-to-the-united-states\/\" data-internallinksmanager029f6b8e52c=\"94\" title=\"Persik\u0117limas \u012f Jungtines Amerikos Valstijas? 2022 Gyvenimo i\u0161laidos ir persik\u0117limo patarimai\">mus<\/a> up atrod\u0117 toks profesionalus ir efektyvus, kai su ja susipa\u017einome. Niekada nesvajojome, kad pateksime \u012f baisi\u0105 b\u0117d\u0105.\"<\/em> - per <a href=\"http:\/\/moving-companies.credio.com\/l\/21\/National-Van-Lines\" target=\"_blank\" rel=\"noopener\">Credio<\/a><\/li>\n<\/ul>\n<div itemprop=\"review\" itemscope itemtype=\"http:\/\/schema.org\/Review\">\n<span itemprop=\"author\" itemscope=\"\" itemtype=\"http:\/\/schema.org\/Organization\"><span itemprop=\"name\">MoverDB.com<\/span><\/span> Internetin\u0117s svetain\u0117s ap\u017evalga <span itemprop=\"itemreviewed\" itemscope=\"\" itemtype=\"http:\/\/schema.org\/Brand\"><span itemprop=\"name\">\"National Van Lines<\/span><\/span>:<\/p>\n<ol>\n<li> Ai\u0161ki kontaktin\u0117 informacija svetain\u0117je (\u012fskaitant telefono numer\u012f): <strong>Taip<\/strong><\/li>\n<li> Lengva gauti <a href=\"https:\/\/moverdb.com\/lt\/citatos\/\">tarptautin\u0117s judan\u010dios citatos<\/a>? (internetin\u0117 s\u0105matos u\u017eklausos forma): <strong>Taip<\/strong><\/li>\n<li> Ai\u0161ki informacija svetain\u0117je: <strong>Taip<\/strong> svetain\u0117je apra\u0161omos j\u0173 paslaugos ir pateikiami naudingi vadovai.<\/li>\n<li> Naryst\u0117 tarptautin\u0117se pripa\u017eintose jud\u0117jimo organizacijose: <strong>Taip<\/strong><\/li>\n<li> Klient\u0173 s\u0105ra\u0161as ir (arba) ankstesni\u0173 klient\u0173 atsiliepimai: <strong>Taip<\/strong> Svetain\u0117je yra teigiam\u0173 klient\u0173 atsiliepim\u0173, ta\u010diau likusioje interneto dalyje yra keletas neigiam\u0173 atsiliepim\u0173.<\/li>\n<\/ol>\n<div itemprop=\"reviewRating\" itemscope itemtype=\"http:\/\/schema.org\/Rating\"><meta itemprop=\"worstRating\" content = \"0\" \/><meta itemprop=\"bestRating\" content=\"5\" \/><meta itemprop=\"ratingValue\" content=\"4.5\"><\/div>\n<p><strong>Bendras \u012fvertinimas: 4,5\/5<\/strong><br \/>\n<strong>Per\u017ei\u016bros data:<\/strong> <span itemprop=\"datePublished\" content=\"2016-11-05\">05\/11\/2016<\/span>\n<\/div>\n<p>Skaitykite daugiau apie <a href=\"https:\/\/moverdb.com\/lt\/juda-imones\/\">geriausios tarptautin\u0117s perkraustymo \u012fmon\u0117s<\/a>, <a href=\"https:\/\/moverdb.com\/lt\/us-kanada-persikraustymo-paslaugos\/\">JAV perkraustytojai<\/a> ir m\u016bs\u0173 <a href=\"https:\/\/moverdb.com\/lt\/atsiliepimai\/\">per\u017ei\u016bros procesas<\/a>.<\/p>\n<p><strong>Interneto svetain\u0117:<\/strong> <a href=\"http:\/\/www.nationalvanlines.com\/\" target=\"_blank\" rel=\"noopener\">http:\/\/www.nationalvanlines.com\/<\/a><\/p>","protected":false},"excerpt":{"rendered":"<p>National Van Lines offers its customers a wide range of moving services. These are listed below together with a company profile and reviews. International Moves Individual and corporate Dedicated move coordinator Counselling on all aspects of the moving process Guidance on documentation requirements Door-to-door cost estimates for shipping by ocean or air Tracking to ensure [&hellip;]<\/p>\n","protected":false},"author":1,"featured_media":0,"parent":0,"menu_order":0,"comment_status":"closed","ping_status":"closed","template":"","meta":{"_genesis_hide_title":false,"_genesis_hide_breadcrumbs":false,"_genesis_hide_singular_image":false,"_genesis_hide_footer_widgets":false,"_genesis_custom_body_class":"","_genesis_custom_post_class":"","_genesis_layout":"","footnotes":""},"class_list":{"0":"post-1038","1":"page","2":"type-page","3":"status-publish","5":"entry"},"_links":{"self":[{"href":"https:\/\/moverdb.com\/lt\/wp-json\/wp\/v2\/pages\/1038","targetHints":{"allow":["GET"]}}],"collection":[{"href":"https:\/\/moverdb.com\/lt\/wp-json\/wp\/v2\/pages"}],"about":[{"href":"https:\/\/moverdb.com\/lt\/wp-json\/wp\/v2\/types\/page"}],"author":[{"embeddable":true,"href":"https:\/\/moverdb.com\/lt\/wp-json\/wp\/v2\/users\/1"}],"replies":[{"embeddable":true,"href":"https:\/\/moverdb.com\/lt\/wp-json\/wp\/v2\/comments?post=1038"}],"version-history":[{"count":6,"href":"https:\/\/moverdb.com\/lt\/wp-json\/wp\/v2\/pages\/1038\/revisions"}],"predecessor-version":[{"id":6225,"href":"https:\/\/moverdb.com\/lt\/wp-json\/wp\/v2\/pages\/1038\/revisions\/6225"}],"wp:attachment":[{"href":"https:\/\/moverdb.com\/lt\/wp-json\/wp\/v2\/media?parent=1038"}],"curies":[{"name":"wp","href":"https:\/\/api.w.org\/{rel}","templated":true}]}}