{"id":1037,"date":"2016-11-21T06:45:07","date_gmt":"2016-11-21T06:45:07","guid":{"rendered":"http:\/\/moverdb.com\/?page_id=1037"},"modified":"2026-01-08T14:47:47","modified_gmt":"2026-01-08T14:47:47","slug":"su-bergeriais-siejamas","status":"publish","type":"page","link":"https:\/\/moverdb.com\/lt\/berger-allied\/","title":{"rendered":"\"Berger Allied\" (perve\u017eimas ir saugojimas): Tarptautinio perkraustymo ap\u017evalgos"},"content":{"rendered":"<p>\"Berger Allied\" (oficialiai \"Berger Transfer &amp; Storage\") \u012fsik\u016brusi Sent Paule, MN. Savo klientams ji si\u016blo \u012fvairias perkraustymo paslaugas, kurios i\u0161vardytos toliau kartu su \u012fmon\u0117s profiliu ir atsiliepimais.<\/p>\n<p><strong>Tarptautinis perkraustymas<\/strong><\/p>\n<ul>\n<li> Pasirengimas persikraustymui<\/li>\n<li> Konsultacijos ir apklausa<\/li>\n<li> Dokumentacija<\/li>\n<li> Saugos aspektai<\/li>\n<li> Pakavimas ir krovimas<\/li>\n<li> \"Live\" pakrauna j\u016bs\u0173 daiktus tiesiai \u012f laivybos konteiner\u012f<\/li>\n<li> Muitinis \u012fforminimas<\/li>\n<li> Pristatymas ir i\u0161pakavimas<\/li>\n<\/ul>\n<p><strong>Gyvenam\u0173j\u0173 patalp\u0173 perkraustymas<\/strong><\/p>\n<ul>\n<li> Perkraustymo planavimas<\/li>\n<li> Tolim\u0173j\u0173 perkraustymo<\/li>\n<li> Visos pakavimo paslaugos<\/li>\n<li> Savaranki\u0161kai supakuota<\/li>\n<li> <a href=\"https:\/\/moverdb.com\/lt\/automobiliu-transportas-siuntimas\/\">Transporto priemon\u0117<\/a>, val\u010di\u0173 ir motocikl\u0173 gabenimas<\/li>\n<li> Surinkimas \/ i\u0161ardymas<\/li>\n<li> \u012erengini\u0173 pakartotinis prijungimas ir (arba) atjungimas<\/li>\n<li> I\u0161pakavimas ir \u0161iuk\u0161li\u0173 \u0161alinimas<\/li>\n<li> Siuntos sekimas internetu<\/li>\n<li> Vyresnio am\u017eiaus \u017emoni\u0173 perkraustymo paslaugos<\/li>\n<\/ul>\n<p><strong>\u012emoni\u0173 perk\u0117limo paslaugos<\/strong><\/p>\n<ul>\n<li> Perk\u0117limo konsultantai<\/li>\n<li> Perk\u0117limo programa, atitinkanti unikali\u0105 j\u016bs\u0173 \u012fmon\u0117s kult\u016br\u0105, politik\u0105 ir biud\u017eeto tikslus.<\/li>\n<li> Special\u016bs perkraustymo koordinatoriai <\/li>\n<\/ul>\n<p><strong>Komercin\u0117s perkraustymo paslaugos<\/strong><\/p>\n<ul>\n<li> Biuro perk\u0117limas<\/li>\n<li> \u012era\u0161\u0173 saugojimas<\/li>\n<li> Sand\u0117liavimas<\/li>\n<li> Specializuotas transportas<\/li>\n<li> Turto valdymas<\/li>\n<li> CAD erdv\u0117s planavimas<\/li>\n<li> Projekt\u0173 valdymas vietoje<\/li>\n<\/ul>\n<h2>\"Berger Allied\" \u012fmon\u0117s profilis<\/h2>\n<p>\"Berger Transfer and Storage\" veikia nuo 1910 m. Ji dirba su priva\u010diais asmenimis, \u012fmon\u0117mis ir valstybin\u0117mis \u012fstaigomis. Did\u017eiausia j\u0173 stipryb\u0117 - d\u0117mesys kokybi\u0161kam klient\u0173 aptarnavimui.<\/p>\n<p>Jie turi daugiau nei 600 mikroautobus\u0173 ir sunkve\u017eimi\u0173 park\u0105 ir per metus koordinuoja apie 24 000 \u0161eimos perkraustym\u0173. Jie taip pat padeda rinkti l\u0117\u0161as organizacijoms \"United Way\", \"Junior Achievements\", \"Boy Scouts\" ir \"Girl Scouts of America\", \"March of Dimes\", \"Special Olympics\" ir \"Move For Hunger\".<\/p>\n<p>\"Berger Transfer and Storage\" turi \u0161ias akreditacijas ir naryst\u0119:<\/p>\n<ul>\n<li> <a href=\"https:\/\/moverdb.com\/lt\/amsa\/\">AMSA<\/a><\/li>\n<li> AHFA<\/li>\n<li> <a href=\"https:\/\/moverdb.com\/lt\/esu\/\">IAM<\/a><\/li>\n<li> ATA<\/li>\n<li> <a href=\"https:\/\/moverdb.com\/lt\/ratlankio-remelis\/\">Promover<\/a><\/li>\n<li> <a href=\"https:\/\/moverdb.com\/lt\/darbuotoju-perkelimo-taryba\/\">Pasaulin\u0117 ERC<\/a><\/li>\n<li> PSA<\/li>\n<li> \"Move for Hunger<\/li>\n<li> BBB akredituotas verslas<\/li>\n<\/ul>\n<h2>\"Berger Allied (Transfer and Storage)\" atsiliepimai<\/h2>\n<p><strong>Teigiamas:<\/strong><\/p>\n<ul>\n<li> <em>\"M\u016bs\u0173 perkraustymo patirtis su \"Berger Allied\" buvo tokia gera, kokia tik gali b\u016bti!\"<\/em> - Paul M per <a href=\"https:\/\/www.yelp.com\/biz\/berger-allied-van-lines-austin?hrid=r3MbhX4j_6c1VOPPSbKe_g&#038;utm_campaign=www_review_share_popup&#038;utm_medium=copy_link&#038;utm_source=(direct)\" target=\"_blank\" rel=\"noopener\">\"Yelp\"<\/a> <\/li>\n<li> <em>\"Berger\" komanda Las Vegase yra tiesiog nuostabi. Jie ne tik kompetentingi ir malon\u016bs, bet ir j\u0173 klient\u0173 aptarnavimas yra pats geriausias, su kokiu man teko susidurti.\"<\/em> - Viki per <a href=\"https:\/\/www.facebook.com\/pg\/bergermoving\/reviews\/\" target=\"_blank\" rel=\"noopener\">\"Facebook\"<\/a><\/li>\n<li> <em>\"Jie pasirod\u0117 laiku. Visus baldus suvyniojo \u012f trinkeles ir skyr\u0117 daugiau laiko, kad \u012fsitikint\u0173, jog viskas atlikta tinkamai. Jie skyr\u0117 laiko \u012fsitikinti, kad nebuvo pa\u017eeistos sienos.\"<\/em> - Daniel per <a href=\"http:\/\/www.movingcompanyreviews.com\/MN\/St-Paul\/berger-transfer-storage-60973\" target=\"_blank\" rel=\"noopener\">MovingCompanyReviews.com<\/a><\/li>\n<\/ul>\n<p><strong>Neigiamas:<\/strong><\/p>\n<ul>\n<li> <em>\"Pagal rekomendacij\u0105 pasamd\u017eiau \"Berger\" persik\u0117limui i\u0161 <a href=\"https:\/\/moverdb.com\/lt\/moving-to-the-united-states\/moving-to-minnesota\/\" data-internallinksmanager029f6b8e52c=\"443\" title=\"Persik\u0117limas \u012f Minesot\u0105? 2023 m. gyvenimo i\u0161laidos ir persik\u0117limo patarimai\">Minesota<\/a> \u012f <a href=\"https:\/\/moverdb.com\/lt\/moving-to-the-united-states\/moving-to-california\/\" data-internallinksmanager029f6b8e52c=\"330\" title=\"Persik\u0117limas \u012f Kalifornij\u0105? 2023 m. gyvenimo i\u0161laidos ir persik\u0117limo patarimai\">Kalifornija<\/a>. Ie\u0161kojau kit\u0173 \u012fmoni\u0173 ir s\u0105mat\u0173, deja, pasirinkau \"Berger\" pagal s\u0105mat\u0105 sudarius\u012f asmen\u012f.\"<\/em> - Per <a href=\"https:\/\/www.bbb.org\/minnesota\/business-reviews\/movers\/berger-transfer-storage-inc-in-saint-paul-mn-103\/reviews-and-complaints\" target=\"_blank\" rel=\"noopener\">BBB svetain\u0117<\/a><\/li>\n<li> <em>\"Blogiausias klient\u0173 aptarnavimas. Po \u0161e\u0161i\u0173 m\u0117nesi\u0173, kai buvo neteisingai i\u0161ra\u0161ytos s\u0105skaitos ir nesuskai\u010diuojam\u0173 el. lai\u0161k\u0173 bei telefono skambu\u010di\u0173 bandant i\u0161spr\u0119sti problem\u0105, man buvo pasakyta, kad mano daiktai i\u0161keliami \u012f aukcion\u0105.\"<\/em> - Kyle vi <a href=\"https:\/\/www.facebook.com\/pg\/bergermoving\/reviews\/\" target=\"_blank\" rel=\"noopener\">\"Facebook\"<\/a><\/li>\n<\/li>\n<li> <em>\"Berger Allied Van Lines\" atliko blogiausi\u0105 pakavimo, perkraustymo ir saugojimo darb\u0105 <a href=\"https:\/\/moverdb.com\/lt\/moving-to-the-united-states\/\" data-internallinksmanager029f6b8e52c=\"94\" title=\"Persik\u0117limas \u012f Jungtines Amerikos Valstijas? 2022 Gyvenimo i\u0161laidos ir persik\u0117limo patarimai\">mus<\/a>.\"<\/em> - Letty per <a href=\"https:\/\/www.yelp.com\/biz\/berger-allied-van-lines-austin?hrid=AMtotqlDmWIUelyZT7YKAw&#038;utm_campaign=www_review_share_popup&#038;utm_medium=copy_link&#038;utm_source=(direct)\" target=\"_blank\" rel=\"noopener\">\"Yelp\"<\/a><\/li>\n<\/ul>\n<div itemprop=\"review\" itemscope itemtype=\"http:\/\/schema.org\/Review\">\n<span itemprop=\"author\" itemscope=\"\" itemtype=\"http:\/\/schema.org\/Organization\"><span itemprop=\"name\">MoverDB.com<\/span><\/span> Internetin\u0117s svetain\u0117s ap\u017evalga <span itemprop=\"itemreviewed\" itemscope=\"\" itemtype=\"http:\/\/schema.org\/Brand\"><span itemprop=\"name\">Berger Allied<\/span><\/span>:<\/p>\n<ol>\n<li> Ai\u0161ki kontaktin\u0117 informacija svetain\u0117je (\u012fskaitant telefono numer\u012f): <strong>Taip<\/strong><\/li>\n<li> Lengva gauti <a href=\"https:\/\/moverdb.com\/lt\/citatos\/\">tarptautin\u0117s judan\u010dios citatos<\/a>? (internetin\u0117 s\u0105matos u\u017eklausos forma): <strong>Taip<\/strong><\/li>\n<li> Ai\u0161ki informacija svetain\u0117je: <strong>Dalinis<\/strong>, yra nema\u017eai bendros informacijos apie jud\u0117jim\u0105, bet nieko konkretaus.<\/li>\n<li> Naryst\u0117 tarptautin\u0117se pripa\u017eintose jud\u0117jimo organizacijose: <strong>Taip<\/strong>, daug, \u017er. pirmiau<\/li>\n<li> Klient\u0173 s\u0105ra\u0161as ir (arba) ankstesni\u0173 klient\u0173 atsiliepimai: <strong>Ne<\/strong>, svetain\u0117je n\u0117ra joki\u0173 atsiliepim\u0173, kuriuos gal\u0117tume rasti, o atsiliepimai i\u0161 interneto yra \u0161iek tiek mi\u0161r\u016bs. <\/li>\n<\/ol>\n<div itemprop=\"reviewRating\" itemscope itemtype=\"http:\/\/schema.org\/Rating\"><meta itemprop=\"worstRating\" content = \"0\" \/><meta itemprop=\"bestRating\" content=\"5\" \/><meta itemprop=\"ratingValue\" content=\"3.5\"><\/div>\n<p><strong>Bendras \u012fvertinimas: 3,5\/5<\/strong><br \/>\n<strong>Per\u017ei\u016bros data:<\/strong> <span itemprop=\"datePublished\" content=\"2016-11-21\">21\/11\/2016<\/span>\n<\/div>\n<p>Skaitykite daugiau apie <a href=\"https:\/\/moverdb.com\/lt\/juda-imones\/\">tarptautin\u0117s perkraustymo \u012fmon\u0117s<\/a>, <a href=\"https:\/\/moverdb.com\/lt\/us-kanada-persikraustymo-paslaugos\/\">JAV perkraustytojai<\/a> ir m\u016bs\u0173 <a href=\"https:\/\/moverdb.com\/lt\/atsiliepimai\/\">per\u017ei\u016bros procesas<\/a>.<\/p>\n<p><strong>Interneto svetain\u0117:<\/strong> <a href=\"https:\/\/www.bergerallied.com\" target=\"_blank\" rel=\"noopener\">https:\/\/www.bergerallied.com<\/a><\/p>","protected":false},"excerpt":{"rendered":"<p>Berger Allied (officially Berger Transfer &#038; Storage) is based in St. Paul, MN. It offers its customers a range of moving services which are listed below, together with a company profile and reviews. International Moving Move Preparation Consultation and Survey Documentation Safety Considerations Packing and Loading Live loads your items directly into a shipping container [&hellip;]<\/p>\n","protected":false},"author":1,"featured_media":0,"parent":0,"menu_order":0,"comment_status":"closed","ping_status":"closed","template":"","meta":{"_genesis_hide_title":false,"_genesis_hide_breadcrumbs":false,"_genesis_hide_singular_image":false,"_genesis_hide_footer_widgets":false,"_genesis_custom_body_class":"","_genesis_custom_post_class":"","_genesis_layout":"","footnotes":""},"class_list":{"0":"post-1037","1":"page","2":"type-page","3":"status-publish","5":"entry"},"_links":{"self":[{"href":"https:\/\/moverdb.com\/lt\/wp-json\/wp\/v2\/pages\/1037","targetHints":{"allow":["GET"]}}],"collection":[{"href":"https:\/\/moverdb.com\/lt\/wp-json\/wp\/v2\/pages"}],"about":[{"href":"https:\/\/moverdb.com\/lt\/wp-json\/wp\/v2\/types\/page"}],"author":[{"embeddable":true,"href":"https:\/\/moverdb.com\/lt\/wp-json\/wp\/v2\/users\/1"}],"replies":[{"embeddable":true,"href":"https:\/\/moverdb.com\/lt\/wp-json\/wp\/v2\/comments?post=1037"}],"version-history":[{"count":6,"href":"https:\/\/moverdb.com\/lt\/wp-json\/wp\/v2\/pages\/1037\/revisions"}],"predecessor-version":[{"id":6183,"href":"https:\/\/moverdb.com\/lt\/wp-json\/wp\/v2\/pages\/1037\/revisions\/6183"}],"wp:attachment":[{"href":"https:\/\/moverdb.com\/lt\/wp-json\/wp\/v2\/media?parent=1037"}],"curies":[{"name":"wp","href":"https:\/\/api.w.org\/{rel}","templated":true}]}}