{"id":1034,"date":"2017-01-10T06:29:27","date_gmt":"2017-01-10T06:29:27","guid":{"rendered":"http:\/\/moverdb.com\/?page_id=1034"},"modified":"2026-01-08T13:18:31","modified_gmt":"2026-01-08T13:18:31","slug":"hilldrup-moving-storage","status":"publish","type":"page","link":"https:\/\/moverdb.com\/lt\/hilldrup-moving-storage\/","title":{"rendered":"\"Hilldrup Moving &amp; Storage\": Ap\u017evalgos apie tarptautin\u012f perkraustym\u0105"},"content":{"rendered":"<p>\"Hilldrup Moving and Storage\" \u012fsik\u016brusi Staforde, VA. \u012emon\u0117 savo klientams si\u016blo \u012fvairias paslaugas, kurios i\u0161vardytos toliau kartu su \u012fmon\u0117s profiliu ir atsiliepimais.<\/p>\n<p><strong>Tarptautinio perkraustymo paslaugos<\/strong><\/p>\n<p>Persik\u0117limo pagalba<\/p>\n<ul>\n<li> \u017dmogi\u0161k\u0173j\u0173 i\u0161tekli\u0173 konsultacijos ir strateginis planavimas<\/li>\n<li> Rinkodaros pagalba<\/li>\n<li> Nam\u0173 pardavimo programa<\/li>\n<li> I\u0161laid\u0173 administravimas<\/li>\n<li> Laikinas gyvenimo b\u016bdas<\/li>\n<li> Tarptautin\u0117s komandiruo\u010di\u0173 paslaugos<\/li>\n<li> Paskirties ir \u012fsik\u016brimo paslaugos<\/li>\n<li> Perkraustymo valdymo programos<\/li>\n<li> Atlyginimo, mokes\u010di\u0173 ir darbo u\u017emokes\u010dio klausimai<\/li>\n<li> Pritaikytos ataskaitos<\/li>\n<li> Vienkartin\u0117s sumos administravimas<\/li>\n<\/ul>\n<p>Perk\u0117limo valdymas<\/p>\n<ul>\n<li> Specialus tarptautinio persikraustymo konsultantas<\/li>\n<li> Valdykite vis\u0105 vidaus ir vandenyno bei oro transport\u0105.<\/li>\n<li> Pagalba tvarkant pasus, vizas, muitin\u0119<\/li>\n<\/ul>\n<p>Saugojimo galimyb\u0117s<\/p>\n<ul>\n<li> Ilgalaikis ir trumpalaikis saugojimas<\/li>\n<li> Neribota prieiga prie sand\u0117li\u0173 visame pasaulyje<\/li>\n<li> 24\/7 apsauga<\/li>\n<li> Purk\u0161tuvai ir gaisro gesinimo sistemos<\/li>\n<li> DOD sertifikuota<\/li>\n<li> 200 000 kvadratini\u0173 p\u0117d\u0173 klimato kontroliuojamos saugyklos<\/li>\n<li> Automobiliai, valtys ir kemperiai<\/li>\n<li> Ilgai saugom\u0173 transporto priemoni\u0173 technin\u0117 prie\u017ei\u016bra.<\/li>\n<\/ul>\n<p><strong>\u012emoni\u0173 perkraustymas - tarptautinis ir vietinis<\/strong><\/p>\n<p>I\u0161vykimo paslaugos<\/p>\n<ul>\n<li> Prad\u017eia Rinkodaros pagalba<\/li>\n<li> Nekilnojamojo turto valdymas<\/li>\n<li> Nam\u0173 apyvokos daikt\u0173 siuntimas<\/li>\n<li> Pagalba keliaujant<\/li>\n<\/ul>\n<p>Paskirties paslaugos<\/p>\n<ul>\n<li> Orientacija \u012f paskirties viet\u0105<\/li>\n<li> Pagalba ie\u0161kant nam\u0173<\/li>\n<li> Pagalba hipotekos srityje<\/li>\n<li> Laikinasis b\u016bstas<\/li>\n<li> Pagalba nuomai<\/li>\n<li> Pagalba \u0161eimoms pereinant \u012f kit\u0105 valstyb\u0119<\/li>\n<\/ul>\n<p>Pasaulin\u0117 u\u017eduotis<\/p>\n<ul>\n<li> Orientacija \u012f vietov\u0119<\/li>\n<li> Laikinas gyvenimas<\/li>\n<li> Kalb\u0173 mokymas<\/li>\n<li> Viz\u0173 ir imigracijos paslaugos<\/li>\n<li> Nuomos valdymas<\/li>\n<li> I\u0161laid\u0173 prognoz\u0117s<\/li>\n<li> Prad\u017eia Ie\u0161kojimas<\/li>\n<li> \u012esik\u016brimo paslaugos<\/li>\n<li> Tarpkult\u016briniai mokymai<\/li>\n<li> Pagalba ie\u0161kant mokyklos ir i\u0161silavinimo<\/li>\n<li> Sutuoktinio \/ partnerio paramos programos<\/li>\n<\/ul>\n<p><strong>Vyriausyb\u0117 ir kariuomen\u0117<\/strong><\/p>\n<ul>\n<li> CHAMP<\/li>\n<li> Gynybos departamento gynybos paj\u0117g\u0173 nam\u0173 \u016bki\u0173 perk\u0117limas<\/li>\n<li> Visas perk\u0117limo federalinis tiekimo grafikas<\/li>\n<li> Biuro perk\u0117limo federalinis tiekimo grafikas<\/li>\n<\/ul>\n<p><strong>Gyvenam\u0173j\u0173 patalp\u0173 perkraustymo paslaugos<\/strong><\/p>\n<ul>\n<li> Nuo dur\u0173 iki dur\u0173<\/li>\n<li> Galimos visos paslaugos<\/li>\n<li> Galimas ilgalaikis ir trumpalaikis saugojimas<\/li>\n<li> Pakavimas ir i\u0161pakavimas<\/li>\n<li> Sutvarkytas draudimas<\/li>\n<li> Automobili\u0173 transportas<\/li>\n<\/ul>\n<p><strong>Komercin\u0117s perkraustymo paslaugos<\/strong><\/p>\n<ul>\n<li> Perk\u0117limo valdymas visame pasaulyje<\/li>\n<li> Biur\u0173 perk\u0117limai visoje \u0161alyje<\/li>\n<li> Student\u0173 miestelio nustatymai<\/li>\n<li> Biud\u017eeto ir (arba) i\u0161laid\u0173 analiz\u0117<\/li>\n<li> \u012erengimas<\/li>\n<li> Perkonfig\u016bravimas<\/li>\n<li> Turto valdymas<\/li>\n<li> Sand\u0117liavimas<\/li>\n<li> IT atjungimas ir (arba) prijungimas<\/li>\n<li> Individualaus dizaino poreiki\u0173 analiz\u0117 IT srityje<\/li>\n<li> Likvidavimas internetu<\/li>\n<\/ul>\n<h2>\"Hilldrup Moving &amp; Storage\" \u012fmon\u0117s profilis<\/h2>\n<p>R. G. Hilldrupas 1903 m. \u012fk\u016br\u0117 \u012fmon\u0119, kuri dabar yra \"Hilldrup Moving and Storage Company\". XX a. ketvirtajame de\u0161imtmetyje \u012fmon\u0117 buvo parduota vienam i\u0161 jos darbuotoj\u0173 - C. B. McDanieliui. 1964 m. \"Hilldrup\" bendradarbiavo su <a href=\"https:\/\/moverdb.com\/lt\/united-van-lines\/\">\"United Van Lines<\/a> tai leido bendrovei gerokai i\u0161pl\u0117sti savo paslaugas. Dabar \u012fmon\u0117 si\u016blo vietinius, nacionalinius ir tarptautinius perkraustymus privatiems asmenims ir \u012fmon\u0117ms, taip pat plat\u0173 sand\u0117liavimo paslaug\u0173 spektr\u0105. <\/p>\n<p>Dabar \"Hilldrup\" vadovauja jau tre\u010dioji McDaniel'i\u0173 karta, ir bendrov\u0117 tvirtai tiki \u0161eimos stiprybe. \u0160\u012f etos\u0105 jie perduoda savo klientams. \"Hilldrup\" m\u0117gsta atsid\u0117koti ir remia daugyb\u0119 labdaros organizacij\u0173 savo bendruomen\u0117se.<\/p>\n<p>\"Hilldrup Moving and Storage\" turi \u0161ias akreditacijas ir naryst\u0119:<\/p>\n<ul>\n<li> <a href=\"https:\/\/moverdb.com\/lt\/amsa\/\">Amerikos perkraustymo ir saugojimo asociacija<\/a> (<a href=\"https:\/\/moverdb.com\/lt\/amsa\/\" data-internallinksmanager029f6b8e52c=\"5\" title=\"Amerikos jud\u0117jimo ir saugojimo asociacijos (AMSA) paai\u0161kinimai\">AMSA<\/a>)<\/li>\n<li> <a href=\"https:\/\/moverdb.com\/lt\/ratlankio-remelis\/\">AMSA registruoto tarptautinio perve\u017e\u0117jo (RIM) sertifikatas<\/a><\/li>\n<li> Amerikos sunkve\u017eimi\u0173 asociacija (ATA)<\/li>\n<li> Geresnio verslo biuras visoms filial\u0173 vietoms<\/li>\n<li> Tarptautini\u0173 pavedim\u0173 valdymo centras (CIAM)<\/li>\n<li> Centralizuoto buitini\u0173 preki\u0173 eismo valdymo programa (CHAMP)<\/li>\n<li> Sertifikuoto perk\u0117limo specialisto (CRP) paskyrimai<\/li>\n<li> \"CoreNet Global<\/li>\n<li> <a href=\"https:\/\/moverdb.com\/lt\/darbuotoju-perkelimo-taryba\/\">Darbuotoj\u0173 perk\u0117limo taryba<\/a> (<a href=\"https:\/\/moverdb.com\/lt\/employee-relocation-council\/\" data-internallinksmanager029f6b8e52c=\"83\" title=\"Pasaulin\u0117s darbuotoj\u0173 perk\u0117limo tarybos (ERC) paai\u0161kinimai\">ERC<\/a>)<\/li>\n<li> Federalin\u0117 j\u016br\u0173 komisija<\/li>\n<li> <a href=\"https:\/\/moverdb.com\/lt\/fidi-faim\/\">F\u00e9d\u00e9ration Internationale des D\u00e9m\u00e9nageurs Internationaux \/ Tarptautin\u0117 tarptautini\u0173 perkraustymo \u012fmoni\u0173 federacija<\/a> (<a href=\"https:\/\/moverdb.com\/lt\/fidi-faim\/\" data-internallinksmanager029f6b8e52c=\"16\" title=\"FIDI ir FAIM (FIDI akredituotas tarptautinis perve\u017e\u0117jas) paai\u0161kinimai\">FIDI<\/a>)<\/li>\n<li> FIDI FAIM\/ISO sertifikavimas<\/li>\n<li> Pasaulinio mobilumo specialisto (GMS) paskyrimai<\/li>\n<li> <a href=\"https:\/\/moverdb.com\/lt\/hgfaa\/\">Buitini\u0173 preki\u0173 ekspeditori\u0173 asociacija<\/a> (HHGFA)<\/li>\n<li> <a href=\"https:\/\/moverdb.com\/lt\/iata\/\">Tarptautin\u0117 oro transporto asociacija<\/a> (<a href=\"https:\/\/moverdb.com\/lt\/iata\/\" data-internallinksmanager029f6b8e52c=\"22\" title=\"Tarptautin\u0117s oro transporto asociacijos (IATA) paai\u0161kinimai\">IATA<\/a>)<\/li>\n<li> <a href=\"https:\/\/moverdb.com\/lt\/esu\/\">Tarptautin\u0117 perkraustytoj\u0173 asociacija<\/a> (<a href=\"https:\/\/moverdb.com\/lt\/iam\/\" data-internallinksmanager029f6b8e52c=\"23\" title=\"Tarptautin\u0117s perkraustytoj\u0173 asociacijos (IAM) paai\u0161kinimai\">IAM<\/a>)<\/li>\n<li> Tarptautin\u0117 patalp\u0173 valdymo asociacija (IFMA)<\/li>\n<li> ISO 9001:2000 sertifikatas<\/li>\n<li> <a href=\"https:\/\/moverdb.com\/lt\/lacma\/\">Lotyn\u0173 Amerikos ir Karib\u0173 j\u016bros regiono jud\u0117toj\u0173 asociacija<\/a> (<a href=\"https:\/\/moverdb.com\/lt\/lacma\/\" data-internallinksmanager029f6b8e52c=\"28\" title=\"Lotyn\u0173 Amerikos ir Karib\u0173 j\u016bros regiono tarptautini\u0173 perkraustytoj\u0173 asociacija (LACMA)\">LACMA<\/a>)<\/li>\n<li> Tarptautin\u0117 profesionali\u0173 darbuotoj\u0173 perk\u0117limo taryba (PERC International)<\/li>\n<li> <a href=\"https:\/\/moverdb.com\/lt\/ratlankio-remelis\/\">\"ProMover\"<\/a><\/li>\n<li> \"UniGroup Worldwide\" sertifikuotas tarptautinis agentas ekspeditorius<\/li>\n<li> \"UniGroup Worldwide UTS\" agentas-ekspeditorius<\/li>\n<\/ul>\n<h2>Hilldrup Moving &amp; Storage Atsiliepimai<\/h2>\n<p><strong>Teigiamas:<\/strong><\/p>\n<ul>\n<li> <em>\"Jie visk\u0105 perk\u0117l\u0117 ir atliko puik\u0173 darb\u0105.  U\u017epakalin\u0117s tarnybos darbuotojai taip pat puikiai atsakin\u0117jo \u012f klausimus ir r\u016bpinosi, kad \u017einotume visk\u0105 apie persikraustym\u0105.\"<\/em> - Michael S. per <a href=\"https:\/\/www.yelp.co.uk\/biz\/hilldrup-moving-and-storage-stafford?hrid=hESxKCc7GvTBdlp-kN4udw&#038;utm_campaign=www_review_share_popup&#038;utm_medium=copy_link&#038;utm_source=(direct)\" target=\"_blank\" rel=\"noopener\">\"Yelp\"<\/a>.<\/li>\n<li> <em>\"Mes negal\u0117jome b\u016bti laimingesni su \u0161ia \u012fmone, nuo s\u0105matos iki galutinio pristatymo jie buvo laiku, profesional\u016bs, mandag\u016bs ir labai draugi\u0161ki.\"<\/em> - The Yarbs per <a href=\"https:\/\/www.bbb.org\/richmond\/business-reviews\/movers\/hilldrup-moving-storage-in-stafford-va-37026248\/reviews-and-complaints\" target=\"_blank\" rel=\"noopener\">BBB<\/a><\/li>\n<\/ul>\n<p><strong>Neigiamas:<\/strong><\/p>\n<ul>\n<li> <em>\"\u0160ie vaikinai yra siaubingi. \u017dinau, kad kai samdai profesionalius perkraustytojus, tikiesi, kad kai kurie daiktai bus sulau\u017eyti, tai tiesiog proceso dalis. Problema ta, kad radome daikt\u0173, kurie buvo sulau\u017eyti d\u0117l tikrai kvail\u0173 klaid\u0173.\"<\/em> - Nick T. per <a href=\"https:\/\/www.yelp.co.uk\/biz\/hilldrup-moving-and-storage-stafford?hrid=tgu5ZfofrNJ6h_HXaIX9PQ&#038;utm_campaign=www_review_share_popup&#038;utm_medium=copy_link&#038;utm_source=(direct)\" target=\"_blank\" rel=\"noopener\">\"Yelp\"<\/a><\/li>\n<li> <em>\"Taigi i\u0161 Hilldrupo atvyk\u0119s vairuotojas netur\u0117jo jokios i\u0161krovimo patirties ir atve\u017e\u0117 daiktus \u012f auk\u0161tus pastatus. Tai labai blogai ir neprofesionalu.\"<\/em> - \u0160aradas per <a href=\"https:\/\/www.mymovingreviews.com\/movers\/hilldrup-3657\" target=\"_blank\" rel=\"noopener\">MyMoingReviews.com<\/a><\/li>\n<\/ul>\n<div itemprop=\"review\" itemscope itemtype=\"http:\/\/schema.org\/Review\">\n<span itemprop=\"author\" itemscope=\"\" itemtype=\"http:\/\/schema.org\/Organization\"><span itemprop=\"name\">MoverDB.com<\/span><\/span> Internetin\u0117s svetain\u0117s ap\u017evalga <span itemprop=\"itemreviewed\" itemscope=\"\" itemtype=\"http:\/\/schema.org\/Brand\"><span itemprop=\"name\">Hilldrup Moving &amp; Storage<\/span><\/span>:<\/p>\n<ol>\n<li> Ai\u0161ki kontaktin\u0117 informacija svetain\u0117je (\u012fskaitant telefono numer\u012f): <strong>Taip<\/strong><\/li>\n<li> Lengva gauti <a href=\"https:\/\/moverdb.com\/lt\/citatos\/\">tarptautin\u0117s judan\u010dios citatos<\/a>? (internetin\u0117 s\u0105matos u\u017eklausos forma): <strong>Taip<\/strong><\/li>\n<li> Ai\u0161ki informacija svetain\u0117je: <strong>Taip,<\/strong> Svetain\u0117 yra gerai suprojektuota, joje ai\u0161kiai i\u0161d\u0117styti si\u016blomi produktai ir paslaugos.<\/li>\n<li> Naryst\u0117 tarptautin\u0117se pripa\u017eintose jud\u0117jimo organizacijose: <strong>Taip<\/strong>, daug, \u017er. pirmiau<\/li>\n<li> Klient\u0173 s\u0105ra\u0161as ir (arba) ankstesni\u0173 klient\u0173 atsiliepimai. <strong>Taip,<\/strong> nors j\u0173 svetain\u0117je i\u0161vardyti apdovanojimai ir priklausomyb\u0117s, negal\u0117jome rasti klient\u0173 atsiliepim\u0173 s\u0105ra\u0161o. Ta\u010diau jie paprastai turi postie atsiliepimus i\u0161 viso interneto.<\/li>\n<\/ol>\n<div itemprop=\"reviewRating\" itemscope itemtype=\"http:\/\/schema.org\/Rating\"><meta itemprop=\"worstRating\" content = \"0\" \/><meta itemprop=\"bestRating\" content=\"5\" \/><meta itemprop=\"ratingValue\" content=\"4.5\"><\/div>\n<p><strong>Bendras \u012fvertinimas: 4,5\/5<\/strong><br \/>\n<strong>Per\u017ei\u016bros data:<\/strong> <span itemprop=\"datePublished\" content=\"2017-01-10\">10\/01\/2017<\/span>\n<\/div>\n<p>Skaitykite daugiau apie <a href=\"https:\/\/moverdb.com\/lt\/juda-imones\/\">tarptautin\u0117s perkraustymo \u012fmon\u0117s<\/a>, <a href=\"https:\/\/moverdb.com\/lt\/us-kanada-persikraustymo-paslaugos\/\">vidaus jud\u0117jimo \u012fmon\u0117s<\/a> ir m\u016bs\u0173 <a href=\"https:\/\/moverdb.com\/lt\/atsiliepimai\/\">paai\u0161kintas per\u017ei\u016bros procesas<\/a>.<\/p>\n<p><strong>Interneto svetain\u0117:<\/strong> <a href=\"https:\/\/www.hilldrup.com\/\" target=\"_blank\" rel=\"noopener\">https:\/\/www.hilldrup.com\/<\/a><\/p>","protected":false},"excerpt":{"rendered":"<p>Hilldrup Moving and Storage is based in Stafford VA. The company offers its client a variety of services which are listed below, together with a company profile and reviews. International Moving Services Relocation Assistance Human Resource Consulting and Strategic Planning Marketing Assistance Home Sales Program Expense Administration Temporary Living Arrangement International Assignment Services Destination and [&hellip;]<\/p>\n","protected":false},"author":1,"featured_media":0,"parent":0,"menu_order":0,"comment_status":"closed","ping_status":"closed","template":"","meta":{"_genesis_hide_title":false,"_genesis_hide_breadcrumbs":false,"_genesis_hide_singular_image":false,"_genesis_hide_footer_widgets":false,"_genesis_custom_body_class":"","_genesis_custom_post_class":"","_genesis_layout":"","footnotes":""},"class_list":{"0":"post-1034","1":"page","2":"type-page","3":"status-publish","5":"entry"},"_links":{"self":[{"href":"https:\/\/moverdb.com\/lt\/wp-json\/wp\/v2\/pages\/1034","targetHints":{"allow":["GET"]}}],"collection":[{"href":"https:\/\/moverdb.com\/lt\/wp-json\/wp\/v2\/pages"}],"about":[{"href":"https:\/\/moverdb.com\/lt\/wp-json\/wp\/v2\/types\/page"}],"author":[{"embeddable":true,"href":"https:\/\/moverdb.com\/lt\/wp-json\/wp\/v2\/users\/1"}],"replies":[{"embeddable":true,"href":"https:\/\/moverdb.com\/lt\/wp-json\/wp\/v2\/comments?post=1034"}],"version-history":[{"count":3,"href":"https:\/\/moverdb.com\/lt\/wp-json\/wp\/v2\/pages\/1034\/revisions"}],"predecessor-version":[{"id":6220,"href":"https:\/\/moverdb.com\/lt\/wp-json\/wp\/v2\/pages\/1034\/revisions\/6220"}],"wp:attachment":[{"href":"https:\/\/moverdb.com\/lt\/wp-json\/wp\/v2\/media?parent=1034"}],"curies":[{"name":"wp","href":"https:\/\/api.w.org\/{rel}","templated":true}]}}