{"id":1032,"date":"2016-11-24T06:36:56","date_gmt":"2016-11-24T06:36:56","guid":{"rendered":"http:\/\/moverdb.com\/?page_id=1032"},"modified":"2026-01-08T14:47:59","modified_gmt":"2026-01-08T14:47:59","slug":"coleman-visame-pasaulyje","status":"publish","type":"page","link":"https:\/\/moverdb.com\/lt\/coleman-worldwide-moving\/","title":{"rendered":"\"Coleman Worldwide Moving\": Tarptautinio perkraustymo ap\u017evalgos"},"content":{"rendered":"<p>\"Coleman Worldwide Moving\", taip pat \u017einomas kaip \"Coleman American Moving Services\" ir \"Coleman Allied\", si\u016blo daug tarptautini\u0173 perkraustymo paslaug\u0173. Jos i\u0161vardytos toliau kartu su \u012fmon\u0117s profiliu ir atsiliepimais.<\/p>\n<p><strong>Tarptautiniai perkraustytojai<\/strong><\/p>\n<ul>\n<li> Visos pakavimo paslaugos<\/li>\n<li> Asmeninis persikraustymo koordinatorius<\/li>\n<li> Individualus \u012fpakavimas<\/li>\n<li> <a href=\"https:\/\/moverdb.com\/lt\/automobiliu-transportas-siuntimas\/\">Transporto priemoni\u0173 gabenimas<\/a><\/li>\n<li> Siuntos sekimas internetu<\/li>\n<li> Ilgalaikis ir trumpalaikis saugojimas<\/li>\n<li> i\u0161pakavimas<\/li>\n<li> Nuolau\u017e\u0173 \u0161alinimas<\/li>\n<\/ul>\n<p><strong>\u012emoni\u0173 perk\u0117limas<\/strong><\/p>\n<ul>\n<li> Visos pakavimo paslaugos<\/li>\n<li> Asmeninis persikraustymo koordinatorius<\/li>\n<li> Nuo vieno darbuotojo iki viso personalo<\/li>\n<li> i\u0161pakavimas<\/li>\n<li> <a href=\"https:\/\/moverdb.com\/lt\/car-transport-shipping\/\" data-internallinksmanager029f6b8e52c=\"2\" title=\"2026 Tarptautinio automobili\u0173 transporto ir transporto priemoni\u0173 gabenimo citatos\">Transporto priemoni\u0173 gabenimas<\/a><\/li>\n<li> I\u0161pakavimas ir \u0161iuk\u0161li\u0173 \u0161alinimas<\/li>\n<li> Siuntos sekimas internetu<\/li>\n<\/ul>\n<p><strong>Komerciniai perkraustytojai<\/strong><\/p>\n<ul>\n<li> Pramoninis jud\u0117jimas<\/li>\n<li> Vyriausyb\u0117 juda<\/li>\n<li> Biuro perk\u0117limas<\/li>\n<li> Kompiuteri\u0173 ir elektronikos perk\u0117limas<\/li>\n<li> \u012emoni\u0173 perk\u0117limas<\/li>\n<\/ul>\n<p><strong>Vyriausyb\u0117s ir karini\u0173 paj\u0117g\u0173 perve\u017e\u0117jai<\/strong><\/p>\n<ul>\n<li> Asmeninis persikraustymo koordinatorius<\/li>\n<li> Visos pakavimo paslaugos<\/li>\n<li> Laikykit\u0117s grie\u017et\u0173 jud\u0117jimo protokol\u0173<\/li>\n<\/ul>\n<p><strong>Nam\u0173 \u016bkio perkraustytojai<\/strong><\/p>\n<ul>\n<li> Asmeninis persikraustymo koordinatorius<\/li>\n<li> Bet kokio dyd\u017eio darbas<\/li>\n<li> Si\u016blomos visos paslaugos<\/li>\n<li> Pakavimas ir i\u0161pakavimas<\/li>\n<li> Trumpalaikis ir ilgalaikis saugojimas<\/li>\n<\/ul>\n<h2>\"Coleman Worldwide Moving Company\" profilis<\/h2>\n<p>\"Coleman Worldwide Moving\" veikia nuo 1914 m. ir dabar yra \"Coleman World Group\" dalis. Prad\u017eioje \u012fmon\u0117 tur\u0117jo 8 arklius ir du ve\u017eimus, o dabar daugiausia d\u0117mesio skiria tarptautiniams, tolimiesiems, vietiniams ir nacionaliniams perkraustymams privatiems asmenims ir \u012fmon\u0117ms.<\/p>\n<p>Ji taip pat \u017einoma kaip \"Coleman American Moving Services\" ir yra dalis <a href=\"https:\/\/moverdb.com\/lt\/allied-van-lines\/\">Susijusios jud\u0117jimo<\/a> grup\u0117s asocijuotosios bendrov\u0117s.<\/p>\n<p>\"Coleman\" turi daugiau nei 50 bendrovei priklausan\u010di\u0173 biur\u0173 <a href=\"https:\/\/moverdb.com\/lt\/moving-to-the-united-states\/\" data-internallinksmanager029f6b8e52c=\"94\" title=\"Persik\u0117limas \u012f Jungtines Amerikos Valstijas? 2022 Gyvenimo i\u0161laidos ir persik\u0117limo patarimai\">JAV<\/a> ir daugiau nei 400 atstov\u0173 175 pasaulio \u0161alyse. Tai \u0161eimos korporacija, kuri yra pasiry\u017eusi teikti tokias pat paslaugas, kokias 1914 m. teik\u0117 jos \u012fk\u016br\u0117jai. <\/p>\n<p>\"Coleman Worldwide Moving\" turi \u0161ias akreditacijas ir s\u0105sajas:<\/p>\n<ul>\n<li> <a href=\"https:\/\/moverdb.com\/lt\/ratlankio-remelis\/\">\"ProMover\"<\/a><\/li>\n<li> <a href=\"https:\/\/moverdb.com\/lt\/amsa\/\">AMSA<\/a><\/li>\n<li> Akredituota BBB<\/li>\n<li> \"Allied Quality Award\" apdovanojimo laim\u0117tojas<\/li>\n<li> \"Move For Hunger<\/li>\n<\/ul>\n<p><strong>\"Coleman Worldwide Moving\" ap\u017evalgos<\/strong><\/p>\n<p><strong>Teigiamas:<\/strong><\/p>\n<ul>\n<li> <em>\"Puikus aptarnavimas...Lengvas...Perkraustymas be streso. Pateik\u0117 tiksli\u0105 perkraustymo s\u0105mat\u0105. Profesional\u016bs darbuotojai. Nuo s\u0105matos iki pristatymo. Profesionalus ir draugi\u0161kas pa\u0117mimas, transportavimas ir pristatymas. Labai a\u010di\u016b.\"<\/em>  - Anthony per <a href=\"http:\/\/www.colemanallied.com\/moving-reviews\/\" target=\"_blank\" rel=\"noopener\">\u012fmon\u0117s interneto svetain\u0117<\/a><\/li>\n<li> <em>\"Mano 90 met\u0173 t\u0117vas ir a\u0161 negal\u0117jome b\u016bti labiau patenkinti \"Coleman Worldwide Moving\".\"<\/em> - Tori per <a href=\"https:\/\/www.yelp.com\/biz\/coleman-american-moving-services-san-diego?hrid=Ofenf__KAOD4xnvo73xHNw&#038;utm_campaign=www_review_share_popup&#038;utm_medium=copy_link&#038;utm_source=(direct)\" target=\"_blank\" rel=\"noopener\">\"Yelp\"<\/a> (skirta \"Coleman American Moving Services\")<\/li>\n<li> <em>\"Esu dirb\u0119s perkraustymo versle, bet pirm\u0105 kart\u0105 buvau klientas. Pakrauti atsi\u0173sti vaikinai buvo mandag\u016bs, mandag\u016bs ir darb\u0161t\u016bs. B\u016btent tokius vaikinus b\u016b\u010diau samd\u0119sis pats, kai ie\u0161kojau vietin\u0117s pagalbos.\"<\/em> - Donna per <a href=\"https:\/\/www.facebook.com\/pg\/colemanallied\/reviews\/\" target=\"_blank\" rel=\"noopener\">\"Facebook\" puslapis<\/a><\/li>\n<li> <em>\"Visada tur\u0117jau geros patirties persikraustant su \"Allied\", ta\u010diau \u0161is persikraustymas gerokai pranoko kitus! Man tai buvo i\u0161ties perkraustymas be streso.\"<\/em> - Marlena per <a href=\"http:\/\/www.mymovingreviews.com\/movers\/coleman-worldwide-moving-3905#59102\" target=\"_blank\" rel=\"noopener\">MyMovingReviews<\/a><\/li>\n<\/ul>\n<p><strong>Neigiamas:<\/strong><\/p>\n<ul>\n<li> <em>\"M\u016bs\u0173 patirtis su \"Coleman\/Allied Worldwide\", tvarkan\u010dia m\u016bs\u0173 perkraustym\u0105 tarp valstij\u0173 (<a href=\"https:\/\/moverdb.com\/lt\/moving-to-the-united-states\/moving-to-alabama\/\" data-internallinksmanager029f6b8e52c=\"448\" title=\"Persik\u0117limas \u012f Alabam\u0105? 2024 Gyvenimo i\u0161laidos ir persik\u0117limo patarimai\">Alabama<\/a> \u012f <a href=\"https:\/\/moverdb.com\/lt\/moving-to-the-united-states\/moving-to-north-carolina\/\" data-internallinksmanager029f6b8e52c=\"411\" title=\"Persik\u0117limas \u012f \u0160iaur\u0117s Karolin\u0105? 2023 m. gyvenimo i\u0161laidos ir persik\u0117limo patarimai\">\u0160iaur\u0117s Karolina<\/a>) buvo daug problem\u0173.\"<\/em> - Sarah per <a href=\"https:\/\/www.bbb.org\/csal\/business-reviews\/movers\/coleman-worldwide-moving-in-midland-city-al-4001673\/reviews-and-complaints\" target=\"_blank\" rel=\"noopener\">BBB<\/a><\/li>\n<li> <em>\"A\u0161 dar net nesusipa\u017einau su \u0161ia patirtimi. Dar daug k\u0105 galima papasakoti, bet nor\u0117jau, kad bent jau b\u016bt\u0173 nurodyta blogiausia i\u0161 blogiausio.\"<\/em> - Kristin per <a href=\"https:\/\/www.consumeraffairs.com\/movers\/allied_van_lines.htm\" target=\"_blank\" rel=\"noopener\">ConsumerAffairs<\/a><\/li>\n<li> <em>\"NENAUDOKITE \u0161io <a href=\"https:\/\/moverdb.com\/lt\/moving-companies\/\" data-internallinksmanager029f6b8e52c=\"79\" title=\"Top 25 Tarptautin\u0117s perkraustymo \u012fmon\u0117s internete\">PERVE\u017dIMO \u012eMON\u0116<\/a>.  Jie primygtinai reikalavo perkelti mus per atogr\u0105\u017e\u0173 audra St Pete po labai v\u0117luoja prad\u0117ti <a href=\"https:\/\/moverdb.com\/lt\/persikelimas-i-santaka\/\">Atlanta<\/a>.\"<\/em> - Becky per <a href=\"https:\/\/www.yelp.com\/biz\/coleman-worldwide-moving-fairburn\" target=\"_blank\" rel=\"noopener\">\"Yelp\"<\/a><\/li>\n<li> <em>\"Kariuomen\u0117 turi pa\u0161alinti \u0161i\u0105 bendrov\u0119 kaip ve\u017e\u0117j\u0105. Asmeni\u0161kai susid\u016briau su problemomis su \u0161ia bendrove nuo pakuot\u0117s \u012f namus iki pristatymo ir kvit\u0173.\"<\/em> - Shawni per <a href=\"https:\/\/www.facebook.com\/pg\/colemanallied\/reviews\/\" target=\"_blank\" rel=\"noopener\">\"Facebook\" puslapis<\/a><\/li>\n<\/ul>\n<div itemprop=\"review\" itemscope itemtype=\"http:\/\/schema.org\/Review\">\n<span itemprop=\"author\" itemscope=\"\" itemtype=\"http:\/\/schema.org\/Organization\"><span itemprop=\"name\">MoverDB.com<\/span><\/span> Internetin\u0117s svetain\u0117s ap\u017evalga <span itemprop=\"itemreviewed\" itemscope=\"\" itemtype=\"http:\/\/schema.org\/Brand\"><span itemprop=\"name\">\"Coleman Worldwide Moving<\/span><\/span>:<\/p>\n<ol>\n<li> Ai\u0161ki kontaktin\u0117 informacija svetain\u0117je (\u012fskaitant telefono numer\u012f): <strong>Taip<\/strong><\/li>\n<li> Lengva gauti <a href=\"https:\/\/moverdb.com\/lt\/citatos\/\">tarptautin\u0117s judan\u010dios citatos<\/a>? (internetin\u0117 s\u0105matos u\u017eklausos forma): <strong>Taip<\/strong><\/li>\n<li> Ai\u0161ki informacija svetain\u0117je: <strong>Kai kurie<\/strong>, nors informacijos apie j\u0173 paslaugas yra nedaug.<\/li>\n<li> Naryst\u0117 tarptautin\u0117se pripa\u017eintose jud\u0117jimo organizacijose: <strong>Taip<\/strong>, nors ir ne tiek daug, kiek daugelis kit\u0173 jud\u0117jimo \u012fmoni\u0173.<\/li>\n<li> Klient\u0173 s\u0105ra\u0161as ir (arba) ankstesni\u0173 klient\u0173 atsiliepimai: <strong>Taip<\/strong>, Svetain\u0117je yra daug teigiam\u0173 klient\u0173 atsiliepim\u0173, nors atsiliepimai i\u0161 kit\u0173 interneto svetaini\u0173 yra \u0161iek tiek mi\u0161resni.<\/li>\n<\/ol>\n<div itemprop=\"reviewRating\" itemscope itemtype=\"http:\/\/schema.org\/Rating\"><meta itemprop=\"worstRating\" content = \"0\" \/><meta itemprop=\"bestRating\" content=\"5\" \/><meta itemprop=\"ratingValue\" content=\"4\"><\/div>\n<p><strong>Bendras \u012fvertinimas: 4\/5<\/strong><br \/>\n<strong>Per\u017ei\u016bros data:<\/strong> <span itemprop=\"datePublished\" content=\"2016-11-24\">24\/11\/2016<\/span>\n<\/div>\n<p>Skaitykite daugiau apie <a href=\"https:\/\/moverdb.com\/lt\/juda-imones\/\">geriausi tarptautiniai perkraustytojai<\/a>, <a href=\"https:\/\/moverdb.com\/lt\/us-kanada-persikraustymo-paslaugos\/\">perkraustymo paslaug\u0173 teik\u0117jai Jungtin\u0117se Amerikos Valstijose<\/a> ir m\u016bs\u0173 <a href=\"https:\/\/moverdb.com\/lt\/atsiliepimai\/\">per\u017ei\u016bros procesas<\/a>.<\/p>\n<p><strong>Interneto svetain\u0117:<\/strong> <a href=\"http:\/\/www.colemanallied.com\/\" target=\"_blank\" rel=\"noopener\">http:\/\/www.colemanallied.com\/<\/a><\/p>","protected":false},"excerpt":{"rendered":"<p>Coleman Worldwide Moving also known as Coleman American Moving Services &#038; Coleman Allied offers many international moving services. These are listed below, together with a company profile and reviews. International Movers Full service packing Personal move coordinator Custom crating Vehicle shipping On line shipment tracking Long and short term storage Unpacking Debris removal Corporate Relocation [&hellip;]<\/p>\n","protected":false},"author":1,"featured_media":0,"parent":0,"menu_order":0,"comment_status":"closed","ping_status":"closed","template":"","meta":{"_genesis_hide_title":false,"_genesis_hide_breadcrumbs":false,"_genesis_hide_singular_image":false,"_genesis_hide_footer_widgets":false,"_genesis_custom_body_class":"","_genesis_custom_post_class":"","_genesis_layout":"","footnotes":""},"class_list":{"0":"post-1032","1":"page","2":"type-page","3":"status-publish","5":"entry"},"_links":{"self":[{"href":"https:\/\/moverdb.com\/lt\/wp-json\/wp\/v2\/pages\/1032","targetHints":{"allow":["GET"]}}],"collection":[{"href":"https:\/\/moverdb.com\/lt\/wp-json\/wp\/v2\/pages"}],"about":[{"href":"https:\/\/moverdb.com\/lt\/wp-json\/wp\/v2\/types\/page"}],"author":[{"embeddable":true,"href":"https:\/\/moverdb.com\/lt\/wp-json\/wp\/v2\/users\/1"}],"replies":[{"embeddable":true,"href":"https:\/\/moverdb.com\/lt\/wp-json\/wp\/v2\/comments?post=1032"}],"version-history":[{"count":5,"href":"https:\/\/moverdb.com\/lt\/wp-json\/wp\/v2\/pages\/1032\/revisions"}],"predecessor-version":[{"id":6193,"href":"https:\/\/moverdb.com\/lt\/wp-json\/wp\/v2\/pages\/1032\/revisions\/6193"}],"wp:attachment":[{"href":"https:\/\/moverdb.com\/lt\/wp-json\/wp\/v2\/media?parent=1032"}],"curies":[{"name":"wp","href":"https:\/\/api.w.org\/{rel}","templated":true}]}}