{"id":10263,"date":"2023-06-22T15:31:17","date_gmt":"2023-06-22T15:31:17","guid":{"rendered":"https:\/\/moverdb.com\/?page_id=10263"},"modified":"2026-01-08T15:24:56","modified_gmt":"2026-01-08T15:24:56","slug":"moving-companies-zimbabwe","status":"publish","type":"page","link":"https:\/\/moverdb.com\/lt\/moving-companies\/moving-companies-zimbabwe\/","title":{"rendered":"4 Geriausios tarptautin\u0117s perkraustymo \u012fmon\u0117s Zimbabv\u0117je"},"content":{"rendered":"<p>Kai planuojate persikraustym\u0105, ypa\u010d i\u0161 vienos \u0161alies \u012f kit\u0105, gali b\u016bti labai sunku, nes reikia atlikti labai daug darb\u0173. Pasamdyti <a href=\"https:\/\/moverdb.com\/lt\/moving-companies\/\" data-internallinksmanager029f6b8e52c=\"79\" title=\"Top 25 Tarptautin\u0117s perkraustymo \u012fmon\u0117s internete\">perkraustymo \u012fmon\u0117<\/a> gali palengvinti \u0161i\u0105 na\u0161t\u0105 ir palengvinti j\u016bs\u0173 persikraustym\u0105. Toliau pateikiame Zimbabv\u0117je \u012fsik\u016brusi\u0173 <a href=\"https:\/\/moverdb.com\/lt\/international-removals\/\" data-internallinksmanager029f6b8e52c=\"27\" title=\"36 geriausios tarptautinio perkraustymo \u012fmon\u0117s Jungtin\u0117je Karalyst\u0117je\">perkraustymo \u012fmon\u0117s<\/a> kurie yra <a href=\"https:\/\/moverdb.com\/lt\/iam\/\" data-internallinksmanager029f6b8e52c=\"23\" title=\"Tarptautin\u0117s perkraustytoj\u0173 asociacijos (IAM) paai\u0161kinimai\">Tarptautin\u0117 perkraustytoj\u0173 asociacija<\/a> (IAM) ir (arba) <a href=\"https:\/\/moverdb.com\/lt\/fidi-faim\/\" data-internallinksmanager029f6b8e52c=\"16\" title=\"FIDI ir FAIM (FIDI akredituotas tarptautinis perve\u017e\u0117jas) paai\u0161kinimai\">FIDI<\/a> Akredituot\u0173 tarptautini\u0173 perkraustymo paslaug\u0173 teik\u0117j\u0173 (FAIM), kurie gal\u0117t\u0173 pad\u0117ti jums persikraustyti.<\/p>\n<div id=\"ez-toc-container\" class=\"ez-toc-v2_0_82_2 ez-toc-wrap-left counter-hierarchy ez-toc-counter ez-toc-transparent ez-toc-container-direction\">\n<div class=\"ez-toc-title-container\">\n<p class=\"ez-toc-title\" style=\"cursor:inherit\">Skyriai<\/p>\n<span class=\"ez-toc-title-toggle\"><a href=\"#\" class=\"ez-toc-pull-right ez-toc-btn ez-toc-btn-xs ez-toc-btn-default ez-toc-toggle\" aria-label=\"Perjungti turinio lentel\u0119\"><span class=\"ez-toc-js-icon-con\"><span class=\"\"><span class=\"eztoc-hide\" style=\"display:none;\">Perjungti<\/span><span class=\"ez-toc-icon-toggle-span\"><svg style=\"fill: #999;color:#999\" xmlns=\"http:\/\/www.w3.org\/2000\/svg\" class=\"list-377408\" width=\"20px\" height=\"20px\" viewbox=\"0 0 24 24\" fill=\"none\"><path d=\"M6 6H4v2h2V6zm14 0H8v2h12V6zM4 11h2v2H4v-2zm16 0H8v2h12v-2zM4 16h2v2H4v-2zm16 0H8v2h12v-2z\" fill=\"currentColor\"><\/path><\/svg><svg style=\"fill: #999;color:#999\" class=\"arrow-unsorted-368013\" xmlns=\"http:\/\/www.w3.org\/2000\/svg\" width=\"10px\" height=\"10px\" viewbox=\"0 0 24 24\" version=\"1.2\" baseprofile=\"tiny\"><path d=\"M18.2 9.3l-6.2-6.3-6.2 6.3c-.2.2-.3.4-.3.7s.1.5.3.7c.2.2.4.3.7.3h11c.3 0 .5-.1.7-.3.2-.2.3-.5.3-.7s-.1-.5-.3-.7zM5.8 14.7l6.2 6.3 6.2-6.3c.2-.2.3-.5.3-.7s-.1-.5-.3-.7c-.2-.2-.4-.3-.7-.3h-11c-.3 0-.5.1-.7.3-.2.2-.3.5-.3.7s.1.5.3.7z\"\/><\/svg><\/span><\/span><\/span><\/a><\/span><\/div>\n<nav><ul class='ez-toc-list ez-toc-list-level-1 eztoc-toggle-hide-by-default' ><li class='ez-toc-page-1 ez-toc-heading-level-2'><a class=\"ez-toc-link ez-toc-heading-1\" href=\"https:\/\/moverdb.com\/lt\/moving-companies\/moving-companies-zimbabwe\/#1_Biddulphs_International\" >1. Biddulphs International<\/a><\/li><li class='ez-toc-page-1 ez-toc-heading-level-2'><a class=\"ez-toc-link ez-toc-heading-2\" href=\"https:\/\/moverdb.com\/lt\/moving-companies\/moving-companies-zimbabwe\/#2_Chavilon_International_Movers_Logistics\" >2. \"Chavilon International Movers &amp; Logistics<\/a><\/li><li class='ez-toc-page-1 ez-toc-heading-level-2'><a class=\"ez-toc-link ez-toc-heading-3\" href=\"https:\/\/moverdb.com\/lt\/moving-companies\/moving-companies-zimbabwe\/#3_Glens_Removal_Storage\" >3. \"Glens Removal &amp; Storage<\/a><\/li><li class='ez-toc-page-1 ez-toc-heading-level-2'><a class=\"ez-toc-link ez-toc-heading-4\" href=\"https:\/\/moverdb.com\/lt\/moving-companies\/moving-companies-zimbabwe\/#4_Stuttafords\" >4. Stuttafords<\/a><\/li><\/ul><\/nav><\/div>\n<h2><span class=\"ez-toc-section\" id=\"1_Biddulphs_International\"><\/span><strong>1. Biddulphs International<\/strong><img loading=\"lazy\" decoding=\"async\" class=\"alignnone size-full wp-image-10090\" style=\"font-size: 16px;\" src=\"https:\/\/moverdb.com\/wp-content\/uploads\/Biddulphs-International-Zimbabwe-moving-company.png\" alt=\"&quot;Biddulphs&quot; Tarptautin\u0117 Zimbabv\u0117s jud\u0117jimo \u012fmon\u0117\" width=\"1440\" height=\"670\" data-wp-pid=\"10090\" srcset=\"https:\/\/moverdb.com\/wp-content\/uploads\/Biddulphs-International-Zimbabwe-moving-company.png 1440w, https:\/\/moverdb.com\/wp-content\/uploads\/Biddulphs-International-Zimbabwe-moving-company-300x140.png 300w, https:\/\/moverdb.com\/wp-content\/uploads\/Biddulphs-International-Zimbabwe-moving-company-1024x476.png 1024w, https:\/\/moverdb.com\/wp-content\/uploads\/Biddulphs-International-Zimbabwe-moving-company-18x8.png 18w, https:\/\/moverdb.com\/wp-content\/uploads\/Biddulphs-International-Zimbabwe-moving-company-600x279.png 600w\" sizes=\"auto, (max-width: 1440px) 100vw, 1440px\" \/><span class=\"ez-toc-section-end\"><\/span><\/h2>\n<ul>\n<li>Vietiniai perkraustymai<\/li>\n<li>Tarptautiniai perkraustymai<\/li>\n<li>Nam\u0173 \u016bkio perkraustymai<\/li>\n<li>Verslo perk\u0117limas<\/li>\n<li>Pakavimo paslauga<\/li>\n<li>Sausumos, oro ir j\u016br\u0173 transportas<\/li>\n<li>Konteineri\u0173 parinktys<\/li>\n<li>Muitinis \u012fforminimas<\/li>\n<li>Tranzito draudimas<\/li>\n<li>Sand\u0117liavimo patalpos<\/li>\n<\/ul>\n<p>\"Biddulphs International\" yra 1928 m. \u012fkurta tarptautin\u0117 perkraustymo \u012fmon\u0117, \u012fsik\u016brusi Harar\u0117je. Ji turi pasaulin\u012f perkraustymo partneri\u0173 tinkl\u0105, atitinkant\u012f tarptautinius kokyb\u0117s standartus ir padedant\u012f atlikti tarptautinius perkraustymus. Jie yra IAM nariai, turintys 87 met\u0173 patirt\u012f.<\/p>\n<p>\"Biddulphs International\" persikraustymo konsultantai patars jums, kaip ekonomi\u0161kiausiai persikraustyti. Jie teikia profesionali\u0173 pakuotoj\u0173 paslaugas, kurie apsaugos j\u016bs\u0173 daiktus perve\u017eimo metu. Jie pasir\u016bpins perve\u017eimu, pri\u017ei\u016br\u0117s muitin\u012f \u012fforminim\u0105 ir suteiks tranzito draudim\u0105. Jie gali rinktis piln\u0105 konteiner\u012f, dalin\u012f konteiner\u012f ir grupin\u012f perve\u017eim\u0105.<\/p>\n<p>Interneto svetain\u0117: <a href=\"https:\/\/www.biddulphs.co.zw\/\" target=\"_blank\" rel=\"noopener\">https:\/\/www.biddulphs.co.zw\/<\/a><\/p>\n<h2><span class=\"ez-toc-section\" id=\"2_Chavilon_International_Movers_Logistics\"><\/span><strong>2. \"Chavilon International Movers &amp; Logistics<\/strong><span class=\"ez-toc-section-end\"><\/span><\/h2>\n<p><img loading=\"lazy\" decoding=\"async\" class=\"alignnone size-full wp-image-10093\" src=\"https:\/\/moverdb.com\/wp-content\/uploads\/Chavilon-International-moving-company.png\" alt=\"&quot;Chavilon&quot; Tarptautin\u0117 perkraustymo \u012fmon\u0117\" width=\"1440\" height=\"679\" data-wp-pid=\"10093\" srcset=\"https:\/\/moverdb.com\/wp-content\/uploads\/Chavilon-International-moving-company.png 1440w, https:\/\/moverdb.com\/wp-content\/uploads\/Chavilon-International-moving-company-300x141.png 300w, https:\/\/moverdb.com\/wp-content\/uploads\/Chavilon-International-moving-company-1024x483.png 1024w, https:\/\/moverdb.com\/wp-content\/uploads\/Chavilon-International-moving-company-18x8.png 18w, https:\/\/moverdb.com\/wp-content\/uploads\/Chavilon-International-moving-company-600x283.png 600w\" sizes=\"auto, (max-width: 1440px) 100vw, 1440px\" \/><\/p>\n<ul>\n<li>Nacionaliniai judesiai<\/li>\n<li>Tarptautiniai perkraustymai<\/li>\n<li>Nam\u0173 \u016bki\u0173 perk\u0117limas<\/li>\n<li>\u012emoni\u0173 ir biur\u0173 perk\u0117limai<\/li>\n<li>Pakavimo paslauga<\/li>\n<li>Krovini\u0173 ve\u017eimas keliais, gele\u017einkeliu, oru ir j\u016bra<\/li>\n<li>Muitinis \u012fforminimas<\/li>\n<li>Meno k\u016brini\u0173 ir antikvarini\u0173 daikt\u0173 perk\u0117limas<\/li>\n<li>Automobilio perk\u0117limas<\/li>\n<li>Sand\u0117liavimo patalpos<\/li>\n<\/ul>\n<p>\"Chavilon International Movers &amp; Logistics\" yra Harar\u0117je \u012fsik\u016brusi perkraustymo ir logistikos \u012fmon\u0117, turinti patronuojan\u010di\u0105 ir seserines \u012fmones Harar\u0117je. <a href=\"https:\/\/moverdb.com\/lt\/moving-companies\/moving-companies-mozambique\/\" data-internallinksmanager029f6b8e52c=\"286\" title=\"4 Geriausios tarptautin\u0117s perkraustymo \u012fmon\u0117s Mozambike\">Mozambikas<\/a>, Angola, <a href=\"https:\/\/moverdb.com\/lt\/moving-companies\/botswana-moving-companies\/\" data-internallinksmanager029f6b8e52c=\"167\" title=\"Geriausios tarptautin\u0117s perkraustymo \u012fmon\u0117s Botsvanoje\">Botsvana<\/a>, <a href=\"https:\/\/moverdb.com\/lt\/moving-companies\/moving-companies-malawi\/\" data-internallinksmanager029f6b8e52c=\"295\" title=\"Geriausios tarptautin\u0117s perkraustymo \u012fmon\u0117s Malavyje\">Malavis<\/a> ir Zambijoje. Jie taip pat turi prieig\u0105 prie tarptautinio perkraustymo \u012fmoni\u0173 tinklo, teikian\u010dio paslaugas visame pasaulyje. Jie yra IAM nariai, turintys septyneri\u0173 met\u0173 patirt\u012f.<\/p>\n<p>\"Chavilon International Movers &amp; Logistics\" si\u016blo individualias perkraustymo nuo dur\u0173 iki dur\u0173 paslaugas Zimbabv\u0117je, \u012f Zimbabv\u0119 ir i\u0161 Zimbabv\u0117s. Jie taip pat si\u016blo paslaugas nuo dur\u0173 iki dur\u0173<a href=\"https:\/\/moverdb.com\/lt\/top-49-container-ports\/\" data-internallinksmanager029f6b8e52c=\"80\" title=\"49 did\u017eiausi ir labiausiai apkrauti konteineri\u0173 uostai 2025 m.\">uostas<\/a> ir \"nuo uosto iki uosto\" paslaugos, kurios leid\u017eia jums patiems atlikti daugiau perkraustymo darb\u0173, pavyzd\u017eiui, supakuoti ir i\u0161pakuoti daiktus. Teikiant pakavimo paslaugas naudojamos tarptautiniu mastu pripa\u017eintos med\u017eiagos, kurios apsaugo j\u016bs\u0173 daiktus perve\u017eimo metu.<\/p>\n<p>Interneto svetain\u0117: <a href=\"http:\/\/www.chavilonmovers.com\/\" target=\"_blank\" rel=\"noopener\">http:\/\/www.chavilonmovers.com\/<\/a><\/p>\n<h2><span class=\"ez-toc-section\" id=\"3_Glens_Removal_Storage\"><\/span><strong>3. \"Glens Removal &amp; Storage<\/strong><span class=\"ez-toc-section-end\"><\/span><\/h2>\n<p><img loading=\"lazy\" decoding=\"async\" class=\"alignnone size-full wp-image-10128\" src=\"https:\/\/moverdb.com\/wp-content\/uploads\/Glens-Removals-Storage-international-moving-company.png\" alt=\"&quot;Glens Removals &amp; Storage&quot; tarptautin\u0117 perkraustymo \u012fmon\u0117\" width=\"1440\" height=\"680\" data-wp-pid=\"10128\" srcset=\"https:\/\/moverdb.com\/wp-content\/uploads\/Glens-Removals-Storage-international-moving-company.png 1440w, https:\/\/moverdb.com\/wp-content\/uploads\/Glens-Removals-Storage-international-moving-company-300x142.png 300w, https:\/\/moverdb.com\/wp-content\/uploads\/Glens-Removals-Storage-international-moving-company-1024x484.png 1024w, https:\/\/moverdb.com\/wp-content\/uploads\/Glens-Removals-Storage-international-moving-company-18x9.png 18w, https:\/\/moverdb.com\/wp-content\/uploads\/Glens-Removals-Storage-international-moving-company-600x283.png 600w\" sizes=\"auto, (max-width: 1440px) 100vw, 1440px\" \/><\/p>\n<ul>\n<li>Vietiniai ir nacionaliniai perkraustymai<\/li>\n<li>Tarptautiniai perkraustymai<\/li>\n<li>Nam\u0173 \u016bkio perkraustymai<\/li>\n<li>Biuro perkraustymai<\/li>\n<li>Perk\u0117limas \"nuo dur\u0173 iki dur\u0173<\/li>\n<li>Pakavimo paslauga<\/li>\n<li>Siunta<\/li>\n<li>Muitinis \u012fforminimas<\/li>\n<li>Draudimas<\/li>\n<li>Trumpalaikis ir ilgalaikis saugojimas<\/li>\n<\/ul>\n<p>\"Glens Removal &amp; Storage\" yra nuo 1952 m. veikianti perkraustymo \u012fmon\u0117, turinti biurus ir sand\u0117lius visoje Zimbabv\u0117je, taip pat filialus <a href=\"https:\/\/moverdb.com\/lt\/moving-to-south-africa\/\" data-internallinksmanager029f6b8e52c=\"347\" title=\"Persik\u0117limas \u012f Piet\u0173 Afrik\u0105? 2023 m. pragyvenimo i\u0161laidos ir persik\u0117limo patarimai\">Piet\u0173 Afrika<\/a>, Zambijoje, Malavyje ir Mozambike. Jie bendradarbiauja su tarptautiniais agentais ir krovini\u0173 ve\u017eimo bendrov\u0117mis, kad gal\u0117t\u0173 teikti paslaugas visame pasaulyje. Jie yra IAM nariai, turintys 71 met\u0173 patirt\u012f ir akredituoti FIDI.<\/p>\n<p>\"Glens Removal &amp; Storage\" si\u016blo tarptautinius perkraustymo standartus atitinkan\u010dias \"nuo dur\u0173 iki dur\u0173\" paslaugas. Jie teikia profesionalias pakavimo paslaugas, \u012fskaitant \u012fpakavim\u0105 \u012f d\u0117\u017ees, kad saugiai pristatyt\u0173 j\u016bs\u0173 daiktus \u012f paskirties viet\u0105. Jie pasir\u016bpins daikt\u0173 perve\u017eimu ir si\u016blo rinktis <a href=\"https:\/\/moverdb.com\/lt\/shipping-container-sizes-and-dimensions\/\" data-internallinksmanager029f6b8e52c=\"247\" title=\"Galutinis gabenimo konteineri\u0173 dyd\u017ei\u0173 ir matmen\u0173 vadovas\">konteineri\u0173 dyd\u017eiai<\/a> ir konsolidacijos paslaugas j\u016bs\u0173 persikraustymui.<\/p>\n<p>Interneto svetain\u0117: <a href=\"http:\/\/www.glensremovals.com\" target=\"_blank\" rel=\"noopener\">http:\/\/www.glensremovals.com<\/a><\/p>\n<h2><span class=\"ez-toc-section\" id=\"4_Stuttafords\"><\/span><strong>4. Stuttafords<\/strong><span class=\"ez-toc-section-end\"><\/span><\/h2>\n<p><img loading=\"lazy\" decoding=\"async\" class=\"alignnone size-full wp-image-10188\" src=\"https:\/\/moverdb.com\/wp-content\/uploads\/Stuttafords-Zimbabwe-international-moving-company.png\" alt=\"&quot;Stuttafords&quot; Zimbabv\u0117 tarptautin\u0117 perkraustymo \u012fmon\u0117\" width=\"1440\" height=\"681\" data-wp-pid=\"10188\" srcset=\"https:\/\/moverdb.com\/wp-content\/uploads\/Stuttafords-Zimbabwe-international-moving-company.png 1440w, https:\/\/moverdb.com\/wp-content\/uploads\/Stuttafords-Zimbabwe-international-moving-company-300x142.png 300w, https:\/\/moverdb.com\/wp-content\/uploads\/Stuttafords-Zimbabwe-international-moving-company-1024x484.png 1024w, https:\/\/moverdb.com\/wp-content\/uploads\/Stuttafords-Zimbabwe-international-moving-company-18x9.png 18w, https:\/\/moverdb.com\/wp-content\/uploads\/Stuttafords-Zimbabwe-international-moving-company-600x284.png 600w\" sizes=\"auto, (max-width: 1440px) 100vw, 1440px\" \/><\/p>\n<ul>\n<li>Vietiniai ir nacionaliniai perk\u0117limai<\/li>\n<li>Tarptautiniai perk\u0117limai<\/li>\n<li>Gyvenam\u0173j\u0173 nam\u0173 perkraustymai<\/li>\n<li>\u012emoni\u0173 perk\u0117limai<\/li>\n<li>Perk\u0117limas \"nuo dur\u0173 iki dur\u0173<\/li>\n<li>Pakavimo paslauga<\/li>\n<li>Krovini\u0173 ve\u017eimas keliais, oru ir j\u016bra<\/li>\n<li>Pasirinkti konteineri\u0173 dyd\u017eiai<\/li>\n<li>Muitinis \u012fforminimas<\/li>\n<li>Sand\u0117liavimo patalpos<\/li>\n<\/ul>\n<p>\"Stuttafords\" yra logistikos ir krovini\u0173 gabenimo \u012fmon\u0117, turinti filialus Zimbabv\u0117je, Malavyje ir Zambijoje. Jos Zimbabv\u0117s biurai yra Harar\u0117je ir Bulawayo. Ji yra IAM nar\u0117, turinti 66 met\u0173 patirt\u012f ir akredituota FIDI, o tai rei\u0161kia, kad jos paslaugos teikiamos pagal tarptautinius standartus ir kad ji turi perkraustymo \u012fmoni\u0173 tinkl\u0105, kuris si\u016blo tuos pa\u010dius standartus.<\/p>\n<p>\"Stuttafords\" si\u016blo persikraustymo nuo dur\u0173 iki dur\u0173 paslaugas gyventojams ir \u012fmon\u0117ms Zimbabv\u0117je, \u012f Zimbabv\u0119 ir i\u0161 jos. Jie teikia profesionalias pakavimo paslaugas, kurios u\u017etikrins, kad j\u016bs\u0173 prek\u0117s neb\u016bt\u0173 sugadintos ve\u017eant. Jie pasir\u016bpins perve\u017eimu su muitin\u0117s formalumais.<\/p>\n<p>Interneto svetain\u0117: <a href=\"http:\/\/www.stuttafordszim.com\" target=\"_blank\" rel=\"noopener\">http:\/\/www.stuttafordszim.com<\/a><\/p>","protected":false},"excerpt":{"rendered":"<p>When you are planning a move, especially between countries it can be overwhelming with so much to do. Employing a moving company can ease this burden and make your move smoother. Below we have compiled a list of Zimbabwe based removal companies that are members of the International Association of Movers (IAM) and\/or FIDI Accredited [&hellip;]<\/p>\n","protected":false},"author":4,"featured_media":10090,"parent":190,"menu_order":0,"comment_status":"closed","ping_status":"closed","template":"","meta":{"_genesis_hide_title":false,"_genesis_hide_breadcrumbs":false,"_genesis_hide_singular_image":false,"_genesis_hide_footer_widgets":false,"_genesis_custom_body_class":"","_genesis_custom_post_class":"","_genesis_layout":"","footnotes":""},"class_list":{"0":"post-10263","1":"page","2":"type-page","3":"status-publish","4":"has-post-thumbnail","6":"entry"},"_links":{"self":[{"href":"https:\/\/moverdb.com\/lt\/wp-json\/wp\/v2\/pages\/10263","targetHints":{"allow":["GET"]}}],"collection":[{"href":"https:\/\/moverdb.com\/lt\/wp-json\/wp\/v2\/pages"}],"about":[{"href":"https:\/\/moverdb.com\/lt\/wp-json\/wp\/v2\/types\/page"}],"author":[{"embeddable":true,"href":"https:\/\/moverdb.com\/lt\/wp-json\/wp\/v2\/users\/4"}],"replies":[{"embeddable":true,"href":"https:\/\/moverdb.com\/lt\/wp-json\/wp\/v2\/comments?post=10263"}],"version-history":[{"count":2,"href":"https:\/\/moverdb.com\/lt\/wp-json\/wp\/v2\/pages\/10263\/revisions"}],"predecessor-version":[{"id":10265,"href":"https:\/\/moverdb.com\/lt\/wp-json\/wp\/v2\/pages\/10263\/revisions\/10265"}],"up":[{"embeddable":true,"href":"https:\/\/moverdb.com\/lt\/wp-json\/wp\/v2\/pages\/190"}],"wp:featuredmedia":[{"embeddable":true,"href":"https:\/\/moverdb.com\/lt\/wp-json\/wp\/v2\/media\/10090"}],"wp:attachment":[{"href":"https:\/\/moverdb.com\/lt\/wp-json\/wp\/v2\/media?parent=10263"}],"curies":[{"name":"wp","href":"https:\/\/api.w.org\/{rel}","templated":true}]}}